{"id":6279,"date":"2021-01-02T04:55:43","date_gmt":"2021-01-02T04:55:43","guid":{"rendered":"https:\/\/bakirci.com\/ekipman\/?post_type=product&#038;p=6279"},"modified":"2023-07-31T13:04:54","modified_gmt":"2023-07-31T13:04:54","slug":"havali-percin-tabancasihazetborn-in-germany9037n-2","status":"publish","type":"product","link":"https:\/\/bakirci.com\/ekipman\/servis-ekipmanlari\/kaporta\/kaporta-yardimci-ekipmanlari\/havali-percin-tabancasihazetborn-in-germany9037n-2\/","title":{"rendered":"<p class=\"ustmetin\">Haval\u0131 Per\u00e7in Tabancas\u0131<\/p><p class=\"ortametin\">HAZET<span class=\"ortametin2\">(Born in GERMANY)<\/span><\/p><p class=\"altmetin\">9037N-2<\/p>"},"content":{"rendered":"<ul>\n<li>Ergonomik tasar\u0131m ve y\u00fcksek \u00e7ekme g\u00fcc\u00fc<\/li>\n<li>\u00c7elik per\u00e7in i\u00e7in kullan\u0131m<\/li>\n<li>\u00c7ekme g\u00fcc\u00fc 14700 N<\/li>\n<li>Per\u00e7in \u00f6l\u00e7\u00fcs\u00fc 3.0 &#8211; 3.2 &#8211; 4.0 &#8211; 4.8 &#8211; 5.0 &#8211; 6.0 &#8211; 6.4 mm<\/li>\n<li>\u00c7al\u0131\u015fma bas\u0131nc\u0131 6,3 bar<\/li>\n<li>A\u011f\u0131rl\u0131k 2,1 kg<\/li>\n<\/ul>\n","protected":false},"excerpt":{"rendered":"<ul>\n<li>Ergonomik tasar\u0131m ve y\u00fcksek \u00e7ekme g\u00fcc\u00fc<\/li>\n<li>\u00c7elik per\u00e7in i\u00e7in kullan\u0131m<\/li>\n<li>\u00c7ekme g\u00fcc\u00fc 14700 N<\/li>\n<li>Per\u00e7in \u00f6l\u00e7\u00fcs\u00fc 3.0 &#8211; 3.2 &#8211; 4.0 &#8211; 4.8 &#8211; 5.0 &#8211; 6.0 &#8211; 6.4 mm<\/li>\n<li>\u00c7al\u0131\u015fma bas\u0131nc\u0131 6,3 bar<\/li>\n<li>A\u011f\u0131rl\u0131k 2,1 kg<\/li>\n<\/ul>\n","protected":false},"featured_media":6419,"comment_status":"open","ping_status":"closed","template":"","meta":[],"product_cat":[175],"product_tag":[],"class_list":["post-6279","product","type-product","status-publish","has-post-thumbnail","hentry","pwb-brand-hazet","product_cat-kaporta-yardimci-ekipmanlari"],"brands":[{"id":398,"name":"HAZET","slug":"hazet"}],"yoast_head":"<!-- This site is optimized with the Yoast SEO plugin v17.1 - https:\/\/yoast.com\/wordpress\/plugins\/seo\/ -->\n<title>Haval\u0131 Per\u00e7in Tabancas\u0131HAZET(Born in GERMANY)9037N-2 - Bak\u0131rc\u0131 Garagineering<\/title>\n<meta name=\"robots\" content=\"index, follow, max-snippet:-1, max-image-preview:large, max-video-preview:-1\" \/>\n<link rel=\"canonical\" href=\"https:\/\/bakirci.com\/ekipman\/servis-ekipmanlari\/kaporta\/kaporta-yardimci-ekipmanlari\/havali-percin-tabancasihazetborn-in-germany9037n-2\/\" \/>\n<meta property=\"og:locale\" content=\"tr_TR\" \/>\n<meta property=\"og:type\" content=\"article\" \/>\n<meta property=\"og:title\" content=\"Haval\u0131 Per\u00e7in Tabancas\u0131HAZET(Born in GERMANY)9037N-2 - Bak\u0131rc\u0131 Garagineering\" \/>\n<meta property=\"og:description\" content=\"Ergonomik tasar\u0131m ve y\u00fcksek \u00e7ekme g\u00fcc\u00fc  \u00c7elik per\u00e7in i\u00e7in kullan\u0131m  \u00c7ekme g\u00fcc\u00fc 14700 N  Per\u00e7in \u00f6l\u00e7\u00fcs\u00fc 3.0 - 3.2 - 4.0 - 4.8 - 5.0 - 6.0 - 6.4 mm  \u00c7al\u0131\u015fma bas\u0131nc\u0131 6,3 bar  A\u011f\u0131rl\u0131k 2,1 kg\" \/>\n<meta property=\"og:url\" content=\"https:\/\/bakirci.com\/ekipman\/servis-ekipmanlari\/kaporta\/kaporta-yardimci-ekipmanlari\/havali-percin-tabancasihazetborn-in-germany9037n-2\/\" \/>\n<meta property=\"og:site_name\" content=\"Bak\u0131rc\u0131 Garagineering\" \/>\n<meta property=\"article:publisher\" content=\"https:\/\/www.facebook.com\/bakirci.garagineering\" \/>\n<meta property=\"article:modified_time\" content=\"2023-07-31T13:04:54+00:00\" \/>\n<meta property=\"og:image\" content=\"https:\/\/bakirci.com\/ekipman\/wp-content\/uploads\/2023\/07\/Havali-Percin-Tabancasi-\u2013-9037N-2.png\" \/>\n\t<meta property=\"og:image:width\" content=\"724\" \/>\n\t<meta property=\"og:image:height\" content=\"723\" \/>\n<meta name=\"twitter:card\" content=\"summary_large_image\" \/>\n<script type=\"application\/ld+json\" class=\"yoast-schema-graph\">{\"@context\":\"https:\/\/schema.org\",\"@graph\":[{\"@type\":\"Organization\",\"@id\":\"https:\/\/bakirci.com\/ekipman\/#organization\",\"name\":\"Bak\\u0131rc\\u0131 garagineering\",\"url\":\"https:\/\/bakirci.com\/ekipman\/\",\"sameAs\":[\"https:\/\/www.facebook.com\/bakirci.garagineering\",\"https:\/\/www.instagram.com\/bakirci.garagineering\/\",\"https:\/\/www.linkedin.com\/company\/bakirci-garagineering\/\",\"https:\/\/www.youtube.com\/channel\/UCiVG6s_jALJ6Zk8085XiOQg\"],\"logo\":{\"@type\":\"ImageObject\",\"@id\":\"https:\/\/bakirci.com\/ekipman\/#logo\",\"inLanguage\":\"tr\",\"url\":\"https:\/\/bakirci.com\/ekipman\/wp-content\/uploads\/2021\/09\/Bakirci-logo-lacivert.png\",\"contentUrl\":\"https:\/\/bakirci.com\/ekipman\/wp-content\/uploads\/2021\/09\/Bakirci-logo-lacivert.png\",\"width\":501,\"height\":501,\"caption\":\"Bak\\u0131rc\\u0131 garagineering\"},\"image\":{\"@id\":\"https:\/\/bakirci.com\/ekipman\/#logo\"}},{\"@type\":\"WebSite\",\"@id\":\"https:\/\/bakirci.com\/ekipman\/#website\",\"url\":\"https:\/\/bakirci.com\/ekipman\/\",\"name\":\"Bak\\u0131rc\\u0131 Garagineering\",\"description\":\"Otomotiv sekt\\u00f6r\\u00fcne \\u00f6zel, \\u201c\\u00dcretici Standard\\u0131nda\\u201d \\u00e7\\u00f6z\\u00fcmler\\u2026\",\"publisher\":{\"@id\":\"https:\/\/bakirci.com\/ekipman\/#organization\"},\"potentialAction\":[{\"@type\":\"SearchAction\",\"target\":{\"@type\":\"EntryPoint\",\"urlTemplate\":\"https:\/\/bakirci.com\/ekipman\/?s={search_term_string}\"},\"query-input\":\"required name=search_term_string\"}],\"inLanguage\":\"tr\"},{\"@type\":\"ImageObject\",\"@id\":\"https:\/\/bakirci.com\/ekipman\/servis-ekipmanlari\/kaporta\/kaporta-yardimci-ekipmanlari\/havali-percin-tabancasihazetborn-in-germany9037n-2\/#primaryimage\",\"inLanguage\":\"tr\",\"url\":\"https:\/\/bakirci.com\/ekipman\/wp-content\/uploads\/2023\/07\/Havali-Percin-Tabancasi-\\u2013-9037N-2.png\",\"contentUrl\":\"https:\/\/bakirci.com\/ekipman\/wp-content\/uploads\/2023\/07\/Havali-Percin-Tabancasi-\\u2013-9037N-2.png\",\"width\":724,\"height\":723},{\"@type\":\"WebPage\",\"@id\":\"https:\/\/bakirci.com\/ekipman\/servis-ekipmanlari\/kaporta\/kaporta-yardimci-ekipmanlari\/havali-percin-tabancasihazetborn-in-germany9037n-2\/#webpage\",\"url\":\"https:\/\/bakirci.com\/ekipman\/servis-ekipmanlari\/kaporta\/kaporta-yardimci-ekipmanlari\/havali-percin-tabancasihazetborn-in-germany9037n-2\/\",\"name\":\"Haval\\u0131 Per\\u00e7in Tabancas\\u0131 HAZET(Born in GERMANY) 9037N-2 - Bak\\u0131rc\\u0131 Garagineering\",\"isPartOf\":{\"@id\":\"https:\/\/bakirci.com\/ekipman\/#website\"},\"primaryImageOfPage\":{\"@id\":\"https:\/\/bakirci.com\/ekipman\/servis-ekipmanlari\/kaporta\/kaporta-yardimci-ekipmanlari\/havali-percin-tabancasihazetborn-in-germany9037n-2\/#primaryimage\"},\"datePublished\":\"2021-01-02T04:55:43+00:00\",\"dateModified\":\"2023-07-31T13:04:54+00:00\",\"breadcrumb\":{\"@id\":\"https:\/\/bakirci.com\/ekipman\/servis-ekipmanlari\/kaporta\/kaporta-yardimci-ekipmanlari\/havali-percin-tabancasihazetborn-in-germany9037n-2\/#breadcrumb\"},\"inLanguage\":\"tr\",\"potentialAction\":[{\"@type\":\"ReadAction\",\"target\":[\"https:\/\/bakirci.com\/ekipman\/servis-ekipmanlari\/kaporta\/kaporta-yardimci-ekipmanlari\/havali-percin-tabancasihazetborn-in-germany9037n-2\/\"]}]},{\"@type\":\"BreadcrumbList\",\"@id\":\"https:\/\/bakirci.com\/ekipman\/servis-ekipmanlari\/kaporta\/kaporta-yardimci-ekipmanlari\/havali-percin-tabancasihazetborn-in-germany9037n-2\/#breadcrumb\",\"itemListElement\":[{\"@type\":\"ListItem\",\"position\":1,\"name\":\"Ekipman\",\"item\":\"https:\/\/bakirci.com\/ekipman\/\"},{\"@type\":\"ListItem\",\"position\":2,\"name\":\"Otomotiv Tesisleri \\u0130\\u00e7in Servis Ekipmanlar\\u0131\",\"item\":\"https:\/\/bakirci.com\/ekipman\/\"},{\"@type\":\"ListItem\",\"position\":3,\"name\":\"Haval\\u0131 Per\\u00e7in Tabancas\\u0131HAZET(Born in GERMANY)9037N-2\"}]}]}<\/script>\n<!-- \/ Yoast SEO plugin. -->","yoast_head_json":{"title":"Haval\u0131 Per\u00e7in Tabancas\u0131HAZET(Born in GERMANY)9037N-2 - Bak\u0131rc\u0131 Garagineering","robots":{"index":"index","follow":"follow","max-snippet":"max-snippet:-1","max-image-preview":"max-image-preview:large","max-video-preview":"max-video-preview:-1"},"canonical":"https:\/\/bakirci.com\/ekipman\/servis-ekipmanlari\/kaporta\/kaporta-yardimci-ekipmanlari\/havali-percin-tabancasihazetborn-in-germany9037n-2\/","og_locale":"tr_TR","og_type":"article","og_title":"Haval\u0131 Per\u00e7in Tabancas\u0131HAZET(Born in GERMANY)9037N-2 - Bak\u0131rc\u0131 Garagineering","og_description":"Ergonomik tasar\u0131m ve y\u00fcksek \u00e7ekme g\u00fcc\u00fc  \u00c7elik per\u00e7in i\u00e7in kullan\u0131m  \u00c7ekme g\u00fcc\u00fc 14700 N  Per\u00e7in \u00f6l\u00e7\u00fcs\u00fc 3.0 - 3.2 - 4.0 - 4.8 - 5.0 - 6.0 - 6.4 mm  \u00c7al\u0131\u015fma bas\u0131nc\u0131 6,3 bar  A\u011f\u0131rl\u0131k 2,1 kg","og_url":"https:\/\/bakirci.com\/ekipman\/servis-ekipmanlari\/kaporta\/kaporta-yardimci-ekipmanlari\/havali-percin-tabancasihazetborn-in-germany9037n-2\/","og_site_name":"Bak\u0131rc\u0131 Garagineering","article_publisher":"https:\/\/www.facebook.com\/bakirci.garagineering","article_modified_time":"2023-07-31T13:04:54+00:00","og_image":[{"width":724,"height":723,"filesize":174835,"url":"https:\/\/bakirci.com\/ekipman\/wp-content\/uploads\/2023\/07\/Havali-Percin-Tabancasi-\u2013-9037N-2.png","path":"\/home\/bakirciwebsitesi\/public_html\/ekipman\/wp-content\/uploads\/2023\/07\/Havali-Percin-Tabancasi-\u2013-9037N-2.png","size":"full","id":6419,"alt":"","pixels":523452,"type":"image\/png"}],"twitter_card":"summary_large_image","schema":{"@context":"https:\/\/schema.org","@graph":[{"@type":"Organization","@id":"https:\/\/bakirci.com\/ekipman\/#organization","name":"Bak\u0131rc\u0131 garagineering","url":"https:\/\/bakirci.com\/ekipman\/","sameAs":["https:\/\/www.facebook.com\/bakirci.garagineering","https:\/\/www.instagram.com\/bakirci.garagineering\/","https:\/\/www.linkedin.com\/company\/bakirci-garagineering\/","https:\/\/www.youtube.com\/channel\/UCiVG6s_jALJ6Zk8085XiOQg"],"logo":{"@type":"ImageObject","@id":"https:\/\/bakirci.com\/ekipman\/#logo","inLanguage":"tr","url":"https:\/\/bakirci.com\/ekipman\/wp-content\/uploads\/2021\/09\/Bakirci-logo-lacivert.png","contentUrl":"https:\/\/bakirci.com\/ekipman\/wp-content\/uploads\/2021\/09\/Bakirci-logo-lacivert.png","width":501,"height":501,"caption":"Bak\u0131rc\u0131 garagineering"},"image":{"@id":"https:\/\/bakirci.com\/ekipman\/#logo"}},{"@type":"WebSite","@id":"https:\/\/bakirci.com\/ekipman\/#website","url":"https:\/\/bakirci.com\/ekipman\/","name":"Bak\u0131rc\u0131 Garagineering","description":"Otomotiv sekt\u00f6r\u00fcne \u00f6zel, \u201c\u00dcretici Standard\u0131nda\u201d \u00e7\u00f6z\u00fcmler\u2026","publisher":{"@id":"https:\/\/bakirci.com\/ekipman\/#organization"},"potentialAction":[{"@type":"SearchAction","target":{"@type":"EntryPoint","urlTemplate":"https:\/\/bakirci.com\/ekipman\/?s={search_term_string}"},"query-input":"required name=search_term_string"}],"inLanguage":"tr"},{"@type":"ImageObject","@id":"https:\/\/bakirci.com\/ekipman\/servis-ekipmanlari\/kaporta\/kaporta-yardimci-ekipmanlari\/havali-percin-tabancasihazetborn-in-germany9037n-2\/#primaryimage","inLanguage":"tr","url":"https:\/\/bakirci.com\/ekipman\/wp-content\/uploads\/2023\/07\/Havali-Percin-Tabancasi-\u2013-9037N-2.png","contentUrl":"https:\/\/bakirci.com\/ekipman\/wp-content\/uploads\/2023\/07\/Havali-Percin-Tabancasi-\u2013-9037N-2.png","width":724,"height":723},{"@type":"WebPage","@id":"https:\/\/bakirci.com\/ekipman\/servis-ekipmanlari\/kaporta\/kaporta-yardimci-ekipmanlari\/havali-percin-tabancasihazetborn-in-germany9037n-2\/#webpage","url":"https:\/\/bakirci.com\/ekipman\/servis-ekipmanlari\/kaporta\/kaporta-yardimci-ekipmanlari\/havali-percin-tabancasihazetborn-in-germany9037n-2\/","name":"Haval\u0131 Per\u00e7in Tabancas\u0131 HAZET(Born in GERMANY) 9037N-2 - Bak\u0131rc\u0131 Garagineering","isPartOf":{"@id":"https:\/\/bakirci.com\/ekipman\/#website"},"primaryImageOfPage":{"@id":"https:\/\/bakirci.com\/ekipman\/servis-ekipmanlari\/kaporta\/kaporta-yardimci-ekipmanlari\/havali-percin-tabancasihazetborn-in-germany9037n-2\/#primaryimage"},"datePublished":"2021-01-02T04:55:43+00:00","dateModified":"2023-07-31T13:04:54+00:00","breadcrumb":{"@id":"https:\/\/bakirci.com\/ekipman\/servis-ekipmanlari\/kaporta\/kaporta-yardimci-ekipmanlari\/havali-percin-tabancasihazetborn-in-germany9037n-2\/#breadcrumb"},"inLanguage":"tr","potentialAction":[{"@type":"ReadAction","target":["https:\/\/bakirci.com\/ekipman\/servis-ekipmanlari\/kaporta\/kaporta-yardimci-ekipmanlari\/havali-percin-tabancasihazetborn-in-germany9037n-2\/"]}]},{"@type":"BreadcrumbList","@id":"https:\/\/bakirci.com\/ekipman\/servis-ekipmanlari\/kaporta\/kaporta-yardimci-ekipmanlari\/havali-percin-tabancasihazetborn-in-germany9037n-2\/#breadcrumb","itemListElement":[{"@type":"ListItem","position":1,"name":"Ekipman","item":"https:\/\/bakirci.com\/ekipman\/"},{"@type":"ListItem","position":2,"name":"Otomotiv Tesisleri \u0130\u00e7in Servis Ekipmanlar\u0131","item":"https:\/\/bakirci.com\/ekipman\/"},{"@type":"ListItem","position":3,"name":"Haval\u0131 Per\u00e7in Tabancas\u0131HAZET(Born in GERMANY)9037N-2"}]}]}},"_links":{"self":[{"href":"https:\/\/bakirci.com\/ekipman\/wp-json\/wp\/v2\/product\/6279","targetHints":{"allow":["GET"]}}],"collection":[{"href":"https:\/\/bakirci.com\/ekipman\/wp-json\/wp\/v2\/product"}],"about":[{"href":"https:\/\/bakirci.com\/ekipman\/wp-json\/wp\/v2\/types\/product"}],"replies":[{"embeddable":true,"href":"https:\/\/bakirci.com\/ekipman\/wp-json\/wp\/v2\/comments?post=6279"}],"wp:featuredmedia":[{"embeddable":true,"href":"https:\/\/bakirci.com\/ekipman\/wp-json\/wp\/v2\/media\/6419"}],"wp:attachment":[{"href":"https:\/\/bakirci.com\/ekipman\/wp-json\/wp\/v2\/media?parent=6279"}],"wp:term":[{"taxonomy":"product_cat","embeddable":true,"href":"https:\/\/bakirci.com\/ekipman\/wp-json\/wp\/v2\/product_cat?post=6279"},{"taxonomy":"product_tag","embeddable":true,"href":"https:\/\/bakirci.com\/ekipman\/wp-json\/wp\/v2\/product_tag?post=6279"}],"curies":[{"name":"wp","href":"https:\/\/api.w.org\/{rel}","templated":true}]}}