{"id":6266,"date":"2021-01-01T08:34:46","date_gmt":"2021-01-01T08:34:46","guid":{"rendered":"https:\/\/bakirci.com\/ekipman\/?post_type=product&#038;p=6266"},"modified":"2023-07-25T09:31:36","modified_gmt":"2023-07-25T09:31:36","slug":"ev-sarj-kablosu-makarasimavelborn-in-italy808220","status":"publish","type":"product","link":"https:\/\/bakirci.com\/ekipman\/servis-ekipmanlari\/genel\/kablo-makaralari\/ev-sarj-kablosu-makarasimavelborn-in-italy808220\/","title":{"rendered":"<p class=\"ustmetin\">EV \u015earj Kablosu Makaras\u0131<\/p><p class=\"ortametin\">MAVEL<span class=\"ortametin2\">(Born in ITALY)<\/span><p class=\"altmetin\">808220<\/p>"},"content":{"rendered":"<ul>\n<li>Kablo uzunlu\u011fu 4 mt<\/li>\n<li>Soket Type2<\/li>\n<li>Kablo g\u00fcc\u00fc 3,6 kW \/ 16A \/ 230 V<\/li>\n<\/ul>\n","protected":false},"excerpt":{"rendered":"<ul>\n<li>Kablo uzunlu\u011fu 4 mt<\/li>\n<li>Soket Type2<\/li>\n<li>Kablo g\u00fcc\u00fc 3,6 kW \/ 16A \/ 230 V<\/li>\n<\/ul>\n","protected":false},"featured_media":6405,"comment_status":"open","ping_status":"closed","template":"","meta":[],"product_cat":[813,136],"product_tag":[],"class_list":["post-6266","product","type-product","status-publish","has-post-thumbnail","hentry","pwb-brand-mavel","product_cat-kablo-makaralari","product_cat-genel"],"brands":[{"id":812,"name":"MAVEL","slug":"mavel"}],"yoast_head":"<!-- This site is optimized with the Yoast SEO plugin v17.1 - https:\/\/yoast.com\/wordpress\/plugins\/seo\/ -->\n<title>EV \u015earj Kablosu Makaras\u0131MAVEL(Born in ITALY)808220 - Bak\u0131rc\u0131 Garagineering<\/title>\n<meta name=\"robots\" content=\"index, follow, max-snippet:-1, max-image-preview:large, max-video-preview:-1\" \/>\n<link rel=\"canonical\" href=\"https:\/\/bakirci.com\/ekipman\/servis-ekipmanlari\/genel\/kablo-makaralari\/ev-sarj-kablosu-makarasimavelborn-in-italy808220\/\" \/>\n<meta property=\"og:locale\" content=\"tr_TR\" \/>\n<meta property=\"og:type\" content=\"article\" \/>\n<meta property=\"og:title\" content=\"EV \u015earj Kablosu Makaras\u0131MAVEL(Born in ITALY)808220 - Bak\u0131rc\u0131 Garagineering\" \/>\n<meta property=\"og:description\" content=\"Kablo uzunlu\u011fu 4 mt  Soket Type2  Kablo g\u00fcc\u00fc 3,6 kW \/ 16A \/ 230 V\" \/>\n<meta property=\"og:url\" content=\"https:\/\/bakirci.com\/ekipman\/servis-ekipmanlari\/genel\/kablo-makaralari\/ev-sarj-kablosu-makarasimavelborn-in-italy808220\/\" \/>\n<meta property=\"og:site_name\" content=\"Bak\u0131rc\u0131 Garagineering\" \/>\n<meta property=\"article:publisher\" content=\"https:\/\/www.facebook.com\/bakirci.garagineering\" \/>\n<meta property=\"article:modified_time\" content=\"2023-07-25T09:31:36+00:00\" \/>\n<meta property=\"og:image\" content=\"https:\/\/bakirci.com\/ekipman\/wp-content\/uploads\/2023\/07\/EV-Sarj-Kablosu-Makarasi-\u2013-808220.png\" \/>\n\t<meta property=\"og:image:width\" content=\"1080\" \/>\n\t<meta property=\"og:image:height\" content=\"1080\" \/>\n<meta name=\"twitter:card\" content=\"summary_large_image\" \/>\n<script type=\"application\/ld+json\" class=\"yoast-schema-graph\">{\"@context\":\"https:\/\/schema.org\",\"@graph\":[{\"@type\":\"Organization\",\"@id\":\"https:\/\/bakirci.com\/ekipman\/#organization\",\"name\":\"Bak\\u0131rc\\u0131 garagineering\",\"url\":\"https:\/\/bakirci.com\/ekipman\/\",\"sameAs\":[\"https:\/\/www.facebook.com\/bakirci.garagineering\",\"https:\/\/www.instagram.com\/bakirci.garagineering\/\",\"https:\/\/www.linkedin.com\/company\/bakirci-garagineering\/\",\"https:\/\/www.youtube.com\/channel\/UCiVG6s_jALJ6Zk8085XiOQg\"],\"logo\":{\"@type\":\"ImageObject\",\"@id\":\"https:\/\/bakirci.com\/ekipman\/#logo\",\"inLanguage\":\"tr\",\"url\":\"https:\/\/bakirci.com\/ekipman\/wp-content\/uploads\/2021\/09\/Bakirci-logo-lacivert.png\",\"contentUrl\":\"https:\/\/bakirci.com\/ekipman\/wp-content\/uploads\/2021\/09\/Bakirci-logo-lacivert.png\",\"width\":501,\"height\":501,\"caption\":\"Bak\\u0131rc\\u0131 garagineering\"},\"image\":{\"@id\":\"https:\/\/bakirci.com\/ekipman\/#logo\"}},{\"@type\":\"WebSite\",\"@id\":\"https:\/\/bakirci.com\/ekipman\/#website\",\"url\":\"https:\/\/bakirci.com\/ekipman\/\",\"name\":\"Bak\\u0131rc\\u0131 Garagineering\",\"description\":\"Otomotiv sekt\\u00f6r\\u00fcne \\u00f6zel, \\u201c\\u00dcretici Standard\\u0131nda\\u201d \\u00e7\\u00f6z\\u00fcmler\\u2026\",\"publisher\":{\"@id\":\"https:\/\/bakirci.com\/ekipman\/#organization\"},\"potentialAction\":[{\"@type\":\"SearchAction\",\"target\":{\"@type\":\"EntryPoint\",\"urlTemplate\":\"https:\/\/bakirci.com\/ekipman\/?s={search_term_string}\"},\"query-input\":\"required name=search_term_string\"}],\"inLanguage\":\"tr\"},{\"@type\":\"ImageObject\",\"@id\":\"https:\/\/bakirci.com\/ekipman\/servis-ekipmanlari\/genel\/kablo-makaralari\/ev-sarj-kablosu-makarasimavelborn-in-italy808220\/#primaryimage\",\"inLanguage\":\"tr\",\"url\":\"https:\/\/bakirci.com\/ekipman\/wp-content\/uploads\/2023\/07\/EV-Sarj-Kablosu-Makarasi-\\u2013-808220.png\",\"contentUrl\":\"https:\/\/bakirci.com\/ekipman\/wp-content\/uploads\/2023\/07\/EV-Sarj-Kablosu-Makarasi-\\u2013-808220.png\",\"width\":1080,\"height\":1080},{\"@type\":\"WebPage\",\"@id\":\"https:\/\/bakirci.com\/ekipman\/servis-ekipmanlari\/genel\/kablo-makaralari\/ev-sarj-kablosu-makarasimavelborn-in-italy808220\/#webpage\",\"url\":\"https:\/\/bakirci.com\/ekipman\/servis-ekipmanlari\/genel\/kablo-makaralari\/ev-sarj-kablosu-makarasimavelborn-in-italy808220\/\",\"name\":\"EV \\u015earj Kablosu Makaras\\u0131 MAVEL(Born in ITALY)808220 - Bak\\u0131rc\\u0131 Garagineering\",\"isPartOf\":{\"@id\":\"https:\/\/bakirci.com\/ekipman\/#website\"},\"primaryImageOfPage\":{\"@id\":\"https:\/\/bakirci.com\/ekipman\/servis-ekipmanlari\/genel\/kablo-makaralari\/ev-sarj-kablosu-makarasimavelborn-in-italy808220\/#primaryimage\"},\"datePublished\":\"2021-01-01T08:34:46+00:00\",\"dateModified\":\"2023-07-25T09:31:36+00:00\",\"breadcrumb\":{\"@id\":\"https:\/\/bakirci.com\/ekipman\/servis-ekipmanlari\/genel\/kablo-makaralari\/ev-sarj-kablosu-makarasimavelborn-in-italy808220\/#breadcrumb\"},\"inLanguage\":\"tr\",\"potentialAction\":[{\"@type\":\"ReadAction\",\"target\":[\"https:\/\/bakirci.com\/ekipman\/servis-ekipmanlari\/genel\/kablo-makaralari\/ev-sarj-kablosu-makarasimavelborn-in-italy808220\/\"]}]},{\"@type\":\"BreadcrumbList\",\"@id\":\"https:\/\/bakirci.com\/ekipman\/servis-ekipmanlari\/genel\/kablo-makaralari\/ev-sarj-kablosu-makarasimavelborn-in-italy808220\/#breadcrumb\",\"itemListElement\":[{\"@type\":\"ListItem\",\"position\":1,\"name\":\"Ekipman\",\"item\":\"https:\/\/bakirci.com\/ekipman\/\"},{\"@type\":\"ListItem\",\"position\":2,\"name\":\"Otomotiv Tesisleri \\u0130\\u00e7in Servis Ekipmanlar\\u0131\",\"item\":\"https:\/\/bakirci.com\/ekipman\/\"},{\"@type\":\"ListItem\",\"position\":3,\"name\":\"EV \\u015earj Kablosu Makaras\\u0131MAVEL(Born in ITALY)808220\"}]}]}<\/script>\n<!-- \/ Yoast SEO plugin. -->","yoast_head_json":{"title":"EV \u015earj Kablosu Makaras\u0131MAVEL(Born in ITALY)808220 - Bak\u0131rc\u0131 Garagineering","robots":{"index":"index","follow":"follow","max-snippet":"max-snippet:-1","max-image-preview":"max-image-preview:large","max-video-preview":"max-video-preview:-1"},"canonical":"https:\/\/bakirci.com\/ekipman\/servis-ekipmanlari\/genel\/kablo-makaralari\/ev-sarj-kablosu-makarasimavelborn-in-italy808220\/","og_locale":"tr_TR","og_type":"article","og_title":"EV \u015earj Kablosu Makaras\u0131MAVEL(Born in ITALY)808220 - Bak\u0131rc\u0131 Garagineering","og_description":"Kablo uzunlu\u011fu 4 mt  Soket Type2  Kablo g\u00fcc\u00fc 3,6 kW \/ 16A \/ 230 V","og_url":"https:\/\/bakirci.com\/ekipman\/servis-ekipmanlari\/genel\/kablo-makaralari\/ev-sarj-kablosu-makarasimavelborn-in-italy808220\/","og_site_name":"Bak\u0131rc\u0131 Garagineering","article_publisher":"https:\/\/www.facebook.com\/bakirci.garagineering","article_modified_time":"2023-07-25T09:31:36+00:00","og_image":[{"width":1080,"height":1080,"filesize":399590,"url":"https:\/\/bakirci.com\/ekipman\/wp-content\/uploads\/2023\/07\/EV-Sarj-Kablosu-Makarasi-\u2013-808220.png","path":"\/home\/bakirciwebsitesi\/public_html\/ekipman\/wp-content\/uploads\/2023\/07\/EV-Sarj-Kablosu-Makarasi-\u2013-808220.png","size":"full","id":6405,"alt":"","pixels":1166400,"type":"image\/png"}],"twitter_card":"summary_large_image","schema":{"@context":"https:\/\/schema.org","@graph":[{"@type":"Organization","@id":"https:\/\/bakirci.com\/ekipman\/#organization","name":"Bak\u0131rc\u0131 garagineering","url":"https:\/\/bakirci.com\/ekipman\/","sameAs":["https:\/\/www.facebook.com\/bakirci.garagineering","https:\/\/www.instagram.com\/bakirci.garagineering\/","https:\/\/www.linkedin.com\/company\/bakirci-garagineering\/","https:\/\/www.youtube.com\/channel\/UCiVG6s_jALJ6Zk8085XiOQg"],"logo":{"@type":"ImageObject","@id":"https:\/\/bakirci.com\/ekipman\/#logo","inLanguage":"tr","url":"https:\/\/bakirci.com\/ekipman\/wp-content\/uploads\/2021\/09\/Bakirci-logo-lacivert.png","contentUrl":"https:\/\/bakirci.com\/ekipman\/wp-content\/uploads\/2021\/09\/Bakirci-logo-lacivert.png","width":501,"height":501,"caption":"Bak\u0131rc\u0131 garagineering"},"image":{"@id":"https:\/\/bakirci.com\/ekipman\/#logo"}},{"@type":"WebSite","@id":"https:\/\/bakirci.com\/ekipman\/#website","url":"https:\/\/bakirci.com\/ekipman\/","name":"Bak\u0131rc\u0131 Garagineering","description":"Otomotiv sekt\u00f6r\u00fcne \u00f6zel, \u201c\u00dcretici Standard\u0131nda\u201d \u00e7\u00f6z\u00fcmler\u2026","publisher":{"@id":"https:\/\/bakirci.com\/ekipman\/#organization"},"potentialAction":[{"@type":"SearchAction","target":{"@type":"EntryPoint","urlTemplate":"https:\/\/bakirci.com\/ekipman\/?s={search_term_string}"},"query-input":"required name=search_term_string"}],"inLanguage":"tr"},{"@type":"ImageObject","@id":"https:\/\/bakirci.com\/ekipman\/servis-ekipmanlari\/genel\/kablo-makaralari\/ev-sarj-kablosu-makarasimavelborn-in-italy808220\/#primaryimage","inLanguage":"tr","url":"https:\/\/bakirci.com\/ekipman\/wp-content\/uploads\/2023\/07\/EV-Sarj-Kablosu-Makarasi-\u2013-808220.png","contentUrl":"https:\/\/bakirci.com\/ekipman\/wp-content\/uploads\/2023\/07\/EV-Sarj-Kablosu-Makarasi-\u2013-808220.png","width":1080,"height":1080},{"@type":"WebPage","@id":"https:\/\/bakirci.com\/ekipman\/servis-ekipmanlari\/genel\/kablo-makaralari\/ev-sarj-kablosu-makarasimavelborn-in-italy808220\/#webpage","url":"https:\/\/bakirci.com\/ekipman\/servis-ekipmanlari\/genel\/kablo-makaralari\/ev-sarj-kablosu-makarasimavelborn-in-italy808220\/","name":"EV \u015earj Kablosu Makaras\u0131 MAVEL(Born in ITALY)808220 - Bak\u0131rc\u0131 Garagineering","isPartOf":{"@id":"https:\/\/bakirci.com\/ekipman\/#website"},"primaryImageOfPage":{"@id":"https:\/\/bakirci.com\/ekipman\/servis-ekipmanlari\/genel\/kablo-makaralari\/ev-sarj-kablosu-makarasimavelborn-in-italy808220\/#primaryimage"},"datePublished":"2021-01-01T08:34:46+00:00","dateModified":"2023-07-25T09:31:36+00:00","breadcrumb":{"@id":"https:\/\/bakirci.com\/ekipman\/servis-ekipmanlari\/genel\/kablo-makaralari\/ev-sarj-kablosu-makarasimavelborn-in-italy808220\/#breadcrumb"},"inLanguage":"tr","potentialAction":[{"@type":"ReadAction","target":["https:\/\/bakirci.com\/ekipman\/servis-ekipmanlari\/genel\/kablo-makaralari\/ev-sarj-kablosu-makarasimavelborn-in-italy808220\/"]}]},{"@type":"BreadcrumbList","@id":"https:\/\/bakirci.com\/ekipman\/servis-ekipmanlari\/genel\/kablo-makaralari\/ev-sarj-kablosu-makarasimavelborn-in-italy808220\/#breadcrumb","itemListElement":[{"@type":"ListItem","position":1,"name":"Ekipman","item":"https:\/\/bakirci.com\/ekipman\/"},{"@type":"ListItem","position":2,"name":"Otomotiv Tesisleri \u0130\u00e7in Servis Ekipmanlar\u0131","item":"https:\/\/bakirci.com\/ekipman\/"},{"@type":"ListItem","position":3,"name":"EV \u015earj Kablosu Makaras\u0131MAVEL(Born in ITALY)808220"}]}]}},"_links":{"self":[{"href":"https:\/\/bakirci.com\/ekipman\/wp-json\/wp\/v2\/product\/6266","targetHints":{"allow":["GET"]}}],"collection":[{"href":"https:\/\/bakirci.com\/ekipman\/wp-json\/wp\/v2\/product"}],"about":[{"href":"https:\/\/bakirci.com\/ekipman\/wp-json\/wp\/v2\/types\/product"}],"replies":[{"embeddable":true,"href":"https:\/\/bakirci.com\/ekipman\/wp-json\/wp\/v2\/comments?post=6266"}],"wp:featuredmedia":[{"embeddable":true,"href":"https:\/\/bakirci.com\/ekipman\/wp-json\/wp\/v2\/media\/6405"}],"wp:attachment":[{"href":"https:\/\/bakirci.com\/ekipman\/wp-json\/wp\/v2\/media?parent=6266"}],"wp:term":[{"taxonomy":"product_cat","embeddable":true,"href":"https:\/\/bakirci.com\/ekipman\/wp-json\/wp\/v2\/product_cat?post=6266"},{"taxonomy":"product_tag","embeddable":true,"href":"https:\/\/bakirci.com\/ekipman\/wp-json\/wp\/v2\/product_tag?post=6266"}],"curies":[{"name":"wp","href":"https:\/\/api.w.org\/{rel}","templated":true}]}}