{"id":6258,"date":"2021-01-01T10:35:50","date_gmt":"2021-01-01T10:35:50","guid":{"rendered":"https:\/\/bakirci.com\/ekipman\/?post_type=product&#038;p=6258"},"modified":"2023-07-25T07:31:26","modified_gmt":"2023-07-25T07:31:26","slug":"makara-asma-standisamoa-born-in-spain360160","status":"publish","type":"product","link":"https:\/\/bakirci.com\/ekipman\/servis-ekipmanlari\/genel\/yag-hava-su-sistemleri\/merkezi-yaglama-sistemi\/makara-asma-standisamoa-born-in-spain360160\/","title":{"rendered":"<p class=\"ustmetin\">Makara Asma Stand\u0131<\/p><p class=\"ortametin\">SAMOA <span class=\"ortametin2\">(Born in SPAIN)<\/span><p class=\"altmetin\">360160<\/p>"},"content":{"rendered":"<ul>\n<li>A\u011f\u0131r ticari ara\u00e7 projelerinde, ya\u011f, gres, antifriz, hava ve su makaralar\u0131n\u0131n montaj\u0131 i\u00e7in kullan\u0131lan makara asma stand\u0131<\/li>\n<li>Y\u00fcksek mukavemetli sa\u011flam yap\u0131<\/li>\n<li>\u0130htiyaca g\u00f6re mod\u00fcler geni\u015fleme imkan\u0131<\/li>\n<li>S\u0131v\u0131 doldurma tabancalar\u0131 i\u00e7in damlama \u00f6nleyici tava<\/li>\n<li>Boyutlar 1543 x 760 x 2600 mm<\/li>\n<\/ul>\n","protected":false},"excerpt":{"rendered":"<ul>\n<li>A\u011f\u0131r ticari ara\u00e7 projelerinde, ya\u011f, gres, antifriz, hava ve su makaralar\u0131n\u0131n montaj\u0131 i\u00e7in kullan\u0131lan makara asma stand\u0131<\/li>\n<li>Y\u00fcksek mukavemetli sa\u011flam yap\u0131<\/li>\n<li>\u0130htiyaca g\u00f6re mod\u00fcler geni\u015fleme imkan\u0131<\/li>\n<li>S\u0131v\u0131 doldurma tabancalar\u0131 i\u00e7in damlama \u00f6nleyici tava<\/li>\n<li>Boyutlar 1543 x 760 x 2600 mm<\/li>\n<\/ul>\n","protected":false},"featured_media":6398,"comment_status":"open","ping_status":"closed","template":"","meta":[],"product_cat":[191],"product_tag":[],"class_list":["post-6258","product","type-product","status-publish","has-post-thumbnail","hentry","pwb-brand-samoa","product_cat-merkezi-yaglama-sistemi"],"brands":[{"id":381,"name":"SAMOA","slug":"samoa"}],"yoast_head":"<!-- This site is optimized with the Yoast SEO plugin v17.1 - https:\/\/yoast.com\/wordpress\/plugins\/seo\/ -->\n<title>Makara Asma Stand\u0131SAMOA (Born in SPAIN)360160 - Bak\u0131rc\u0131 Garagineering<\/title>\n<meta name=\"robots\" content=\"index, follow, max-snippet:-1, max-image-preview:large, max-video-preview:-1\" \/>\n<link rel=\"canonical\" href=\"https:\/\/bakirci.com\/ekipman\/servis-ekipmanlari\/genel\/yag-hava-su-sistemleri\/merkezi-yaglama-sistemi\/makara-asma-standisamoa-born-in-spain360160\/\" \/>\n<meta property=\"og:locale\" content=\"tr_TR\" \/>\n<meta property=\"og:type\" content=\"article\" \/>\n<meta property=\"og:title\" content=\"Makara Asma Stand\u0131SAMOA (Born in SPAIN)360160 - Bak\u0131rc\u0131 Garagineering\" \/>\n<meta property=\"og:description\" content=\"A\u011f\u0131r ticari ara\u00e7 projelerinde, ya\u011f, gres, antifriz, hava ve su makaralar\u0131n\u0131n montaj\u0131 i\u00e7in kullan\u0131lan makara asma stand\u0131  Y\u00fcksek mukavemetli sa\u011flam yap\u0131  \u0130htiyaca g\u00f6re mod\u00fcler geni\u015fleme imkan\u0131  S\u0131v\u0131 doldurma tabancalar\u0131 i\u00e7in damlama \u00f6nleyici tava  Boyutlar 1543 x 760 x 2600 mm\" \/>\n<meta property=\"og:url\" content=\"https:\/\/bakirci.com\/ekipman\/servis-ekipmanlari\/genel\/yag-hava-su-sistemleri\/merkezi-yaglama-sistemi\/makara-asma-standisamoa-born-in-spain360160\/\" \/>\n<meta property=\"og:site_name\" content=\"Bak\u0131rc\u0131 Garagineering\" \/>\n<meta property=\"article:publisher\" content=\"https:\/\/www.facebook.com\/bakirci.garagineering\" \/>\n<meta property=\"article:modified_time\" content=\"2023-07-25T07:31:26+00:00\" \/>\n<meta property=\"og:image\" content=\"https:\/\/bakirci.com\/ekipman\/wp-content\/uploads\/2023\/07\/Makara-Asma-Standi-\u2013-360160.png\" \/>\n\t<meta property=\"og:image:width\" content=\"1080\" \/>\n\t<meta property=\"og:image:height\" content=\"1080\" \/>\n<meta name=\"twitter:card\" content=\"summary_large_image\" \/>\n<script type=\"application\/ld+json\" class=\"yoast-schema-graph\">{\"@context\":\"https:\/\/schema.org\",\"@graph\":[{\"@type\":\"Organization\",\"@id\":\"https:\/\/bakirci.com\/ekipman\/#organization\",\"name\":\"Bak\\u0131rc\\u0131 garagineering\",\"url\":\"https:\/\/bakirci.com\/ekipman\/\",\"sameAs\":[\"https:\/\/www.facebook.com\/bakirci.garagineering\",\"https:\/\/www.instagram.com\/bakirci.garagineering\/\",\"https:\/\/www.linkedin.com\/company\/bakirci-garagineering\/\",\"https:\/\/www.youtube.com\/channel\/UCiVG6s_jALJ6Zk8085XiOQg\"],\"logo\":{\"@type\":\"ImageObject\",\"@id\":\"https:\/\/bakirci.com\/ekipman\/#logo\",\"inLanguage\":\"tr\",\"url\":\"https:\/\/bakirci.com\/ekipman\/wp-content\/uploads\/2021\/09\/Bakirci-logo-lacivert.png\",\"contentUrl\":\"https:\/\/bakirci.com\/ekipman\/wp-content\/uploads\/2021\/09\/Bakirci-logo-lacivert.png\",\"width\":501,\"height\":501,\"caption\":\"Bak\\u0131rc\\u0131 garagineering\"},\"image\":{\"@id\":\"https:\/\/bakirci.com\/ekipman\/#logo\"}},{\"@type\":\"WebSite\",\"@id\":\"https:\/\/bakirci.com\/ekipman\/#website\",\"url\":\"https:\/\/bakirci.com\/ekipman\/\",\"name\":\"Bak\\u0131rc\\u0131 Garagineering\",\"description\":\"Otomotiv sekt\\u00f6r\\u00fcne \\u00f6zel, \\u201c\\u00dcretici Standard\\u0131nda\\u201d \\u00e7\\u00f6z\\u00fcmler\\u2026\",\"publisher\":{\"@id\":\"https:\/\/bakirci.com\/ekipman\/#organization\"},\"potentialAction\":[{\"@type\":\"SearchAction\",\"target\":{\"@type\":\"EntryPoint\",\"urlTemplate\":\"https:\/\/bakirci.com\/ekipman\/?s={search_term_string}\"},\"query-input\":\"required name=search_term_string\"}],\"inLanguage\":\"tr\"},{\"@type\":\"ImageObject\",\"@id\":\"https:\/\/bakirci.com\/ekipman\/servis-ekipmanlari\/genel\/yag-hava-su-sistemleri\/merkezi-yaglama-sistemi\/makara-asma-standisamoa-born-in-spain360160\/#primaryimage\",\"inLanguage\":\"tr\",\"url\":\"https:\/\/bakirci.com\/ekipman\/wp-content\/uploads\/2023\/07\/Makara-Asma-Standi-\\u2013-360160.png\",\"contentUrl\":\"https:\/\/bakirci.com\/ekipman\/wp-content\/uploads\/2023\/07\/Makara-Asma-Standi-\\u2013-360160.png\",\"width\":1080,\"height\":1080},{\"@type\":\"WebPage\",\"@id\":\"https:\/\/bakirci.com\/ekipman\/servis-ekipmanlari\/genel\/yag-hava-su-sistemleri\/merkezi-yaglama-sistemi\/makara-asma-standisamoa-born-in-spain360160\/#webpage\",\"url\":\"https:\/\/bakirci.com\/ekipman\/servis-ekipmanlari\/genel\/yag-hava-su-sistemleri\/merkezi-yaglama-sistemi\/makara-asma-standisamoa-born-in-spain360160\/\",\"name\":\"Makara Asma Stand\\u0131 SAMOA (Born in SPAIN)360160 - Bak\\u0131rc\\u0131 Garagineering\",\"isPartOf\":{\"@id\":\"https:\/\/bakirci.com\/ekipman\/#website\"},\"primaryImageOfPage\":{\"@id\":\"https:\/\/bakirci.com\/ekipman\/servis-ekipmanlari\/genel\/yag-hava-su-sistemleri\/merkezi-yaglama-sistemi\/makara-asma-standisamoa-born-in-spain360160\/#primaryimage\"},\"datePublished\":\"2021-01-01T10:35:50+00:00\",\"dateModified\":\"2023-07-25T07:31:26+00:00\",\"breadcrumb\":{\"@id\":\"https:\/\/bakirci.com\/ekipman\/servis-ekipmanlari\/genel\/yag-hava-su-sistemleri\/merkezi-yaglama-sistemi\/makara-asma-standisamoa-born-in-spain360160\/#breadcrumb\"},\"inLanguage\":\"tr\",\"potentialAction\":[{\"@type\":\"ReadAction\",\"target\":[\"https:\/\/bakirci.com\/ekipman\/servis-ekipmanlari\/genel\/yag-hava-su-sistemleri\/merkezi-yaglama-sistemi\/makara-asma-standisamoa-born-in-spain360160\/\"]}]},{\"@type\":\"BreadcrumbList\",\"@id\":\"https:\/\/bakirci.com\/ekipman\/servis-ekipmanlari\/genel\/yag-hava-su-sistemleri\/merkezi-yaglama-sistemi\/makara-asma-standisamoa-born-in-spain360160\/#breadcrumb\",\"itemListElement\":[{\"@type\":\"ListItem\",\"position\":1,\"name\":\"Ekipman\",\"item\":\"https:\/\/bakirci.com\/ekipman\/\"},{\"@type\":\"ListItem\",\"position\":2,\"name\":\"Otomotiv Tesisleri \\u0130\\u00e7in Servis Ekipmanlar\\u0131\",\"item\":\"https:\/\/bakirci.com\/ekipman\/\"},{\"@type\":\"ListItem\",\"position\":3,\"name\":\"Makara Asma Stand\\u0131SAMOA (Born in SPAIN)360160\"}]}]}<\/script>\n<!-- \/ Yoast SEO plugin. -->","yoast_head_json":{"title":"Makara Asma Stand\u0131SAMOA (Born in SPAIN)360160 - Bak\u0131rc\u0131 Garagineering","robots":{"index":"index","follow":"follow","max-snippet":"max-snippet:-1","max-image-preview":"max-image-preview:large","max-video-preview":"max-video-preview:-1"},"canonical":"https:\/\/bakirci.com\/ekipman\/servis-ekipmanlari\/genel\/yag-hava-su-sistemleri\/merkezi-yaglama-sistemi\/makara-asma-standisamoa-born-in-spain360160\/","og_locale":"tr_TR","og_type":"article","og_title":"Makara Asma Stand\u0131SAMOA (Born in SPAIN)360160 - Bak\u0131rc\u0131 Garagineering","og_description":"A\u011f\u0131r ticari ara\u00e7 projelerinde, ya\u011f, gres, antifriz, hava ve su makaralar\u0131n\u0131n montaj\u0131 i\u00e7in kullan\u0131lan makara asma stand\u0131  Y\u00fcksek mukavemetli sa\u011flam yap\u0131  \u0130htiyaca g\u00f6re mod\u00fcler geni\u015fleme imkan\u0131  S\u0131v\u0131 doldurma tabancalar\u0131 i\u00e7in damlama \u00f6nleyici tava  Boyutlar 1543 x 760 x 2600 mm","og_url":"https:\/\/bakirci.com\/ekipman\/servis-ekipmanlari\/genel\/yag-hava-su-sistemleri\/merkezi-yaglama-sistemi\/makara-asma-standisamoa-born-in-spain360160\/","og_site_name":"Bak\u0131rc\u0131 Garagineering","article_publisher":"https:\/\/www.facebook.com\/bakirci.garagineering","article_modified_time":"2023-07-25T07:31:26+00:00","og_image":[{"width":1080,"height":1080,"filesize":671781,"url":"https:\/\/bakirci.com\/ekipman\/wp-content\/uploads\/2023\/07\/Makara-Asma-Standi-\u2013-360160.png","path":"\/home\/bakirciwebsitesi\/public_html\/ekipman\/wp-content\/uploads\/2023\/07\/Makara-Asma-Standi-\u2013-360160.png","size":"full","id":6398,"alt":"","pixels":1166400,"type":"image\/png"}],"twitter_card":"summary_large_image","schema":{"@context":"https:\/\/schema.org","@graph":[{"@type":"Organization","@id":"https:\/\/bakirci.com\/ekipman\/#organization","name":"Bak\u0131rc\u0131 garagineering","url":"https:\/\/bakirci.com\/ekipman\/","sameAs":["https:\/\/www.facebook.com\/bakirci.garagineering","https:\/\/www.instagram.com\/bakirci.garagineering\/","https:\/\/www.linkedin.com\/company\/bakirci-garagineering\/","https:\/\/www.youtube.com\/channel\/UCiVG6s_jALJ6Zk8085XiOQg"],"logo":{"@type":"ImageObject","@id":"https:\/\/bakirci.com\/ekipman\/#logo","inLanguage":"tr","url":"https:\/\/bakirci.com\/ekipman\/wp-content\/uploads\/2021\/09\/Bakirci-logo-lacivert.png","contentUrl":"https:\/\/bakirci.com\/ekipman\/wp-content\/uploads\/2021\/09\/Bakirci-logo-lacivert.png","width":501,"height":501,"caption":"Bak\u0131rc\u0131 garagineering"},"image":{"@id":"https:\/\/bakirci.com\/ekipman\/#logo"}},{"@type":"WebSite","@id":"https:\/\/bakirci.com\/ekipman\/#website","url":"https:\/\/bakirci.com\/ekipman\/","name":"Bak\u0131rc\u0131 Garagineering","description":"Otomotiv sekt\u00f6r\u00fcne \u00f6zel, \u201c\u00dcretici Standard\u0131nda\u201d \u00e7\u00f6z\u00fcmler\u2026","publisher":{"@id":"https:\/\/bakirci.com\/ekipman\/#organization"},"potentialAction":[{"@type":"SearchAction","target":{"@type":"EntryPoint","urlTemplate":"https:\/\/bakirci.com\/ekipman\/?s={search_term_string}"},"query-input":"required name=search_term_string"}],"inLanguage":"tr"},{"@type":"ImageObject","@id":"https:\/\/bakirci.com\/ekipman\/servis-ekipmanlari\/genel\/yag-hava-su-sistemleri\/merkezi-yaglama-sistemi\/makara-asma-standisamoa-born-in-spain360160\/#primaryimage","inLanguage":"tr","url":"https:\/\/bakirci.com\/ekipman\/wp-content\/uploads\/2023\/07\/Makara-Asma-Standi-\u2013-360160.png","contentUrl":"https:\/\/bakirci.com\/ekipman\/wp-content\/uploads\/2023\/07\/Makara-Asma-Standi-\u2013-360160.png","width":1080,"height":1080},{"@type":"WebPage","@id":"https:\/\/bakirci.com\/ekipman\/servis-ekipmanlari\/genel\/yag-hava-su-sistemleri\/merkezi-yaglama-sistemi\/makara-asma-standisamoa-born-in-spain360160\/#webpage","url":"https:\/\/bakirci.com\/ekipman\/servis-ekipmanlari\/genel\/yag-hava-su-sistemleri\/merkezi-yaglama-sistemi\/makara-asma-standisamoa-born-in-spain360160\/","name":"Makara Asma Stand\u0131 SAMOA (Born in SPAIN)360160 - Bak\u0131rc\u0131 Garagineering","isPartOf":{"@id":"https:\/\/bakirci.com\/ekipman\/#website"},"primaryImageOfPage":{"@id":"https:\/\/bakirci.com\/ekipman\/servis-ekipmanlari\/genel\/yag-hava-su-sistemleri\/merkezi-yaglama-sistemi\/makara-asma-standisamoa-born-in-spain360160\/#primaryimage"},"datePublished":"2021-01-01T10:35:50+00:00","dateModified":"2023-07-25T07:31:26+00:00","breadcrumb":{"@id":"https:\/\/bakirci.com\/ekipman\/servis-ekipmanlari\/genel\/yag-hava-su-sistemleri\/merkezi-yaglama-sistemi\/makara-asma-standisamoa-born-in-spain360160\/#breadcrumb"},"inLanguage":"tr","potentialAction":[{"@type":"ReadAction","target":["https:\/\/bakirci.com\/ekipman\/servis-ekipmanlari\/genel\/yag-hava-su-sistemleri\/merkezi-yaglama-sistemi\/makara-asma-standisamoa-born-in-spain360160\/"]}]},{"@type":"BreadcrumbList","@id":"https:\/\/bakirci.com\/ekipman\/servis-ekipmanlari\/genel\/yag-hava-su-sistemleri\/merkezi-yaglama-sistemi\/makara-asma-standisamoa-born-in-spain360160\/#breadcrumb","itemListElement":[{"@type":"ListItem","position":1,"name":"Ekipman","item":"https:\/\/bakirci.com\/ekipman\/"},{"@type":"ListItem","position":2,"name":"Otomotiv Tesisleri \u0130\u00e7in Servis Ekipmanlar\u0131","item":"https:\/\/bakirci.com\/ekipman\/"},{"@type":"ListItem","position":3,"name":"Makara Asma Stand\u0131SAMOA (Born in SPAIN)360160"}]}]}},"_links":{"self":[{"href":"https:\/\/bakirci.com\/ekipman\/wp-json\/wp\/v2\/product\/6258","targetHints":{"allow":["GET"]}}],"collection":[{"href":"https:\/\/bakirci.com\/ekipman\/wp-json\/wp\/v2\/product"}],"about":[{"href":"https:\/\/bakirci.com\/ekipman\/wp-json\/wp\/v2\/types\/product"}],"replies":[{"embeddable":true,"href":"https:\/\/bakirci.com\/ekipman\/wp-json\/wp\/v2\/comments?post=6258"}],"wp:featuredmedia":[{"embeddable":true,"href":"https:\/\/bakirci.com\/ekipman\/wp-json\/wp\/v2\/media\/6398"}],"wp:attachment":[{"href":"https:\/\/bakirci.com\/ekipman\/wp-json\/wp\/v2\/media?parent=6258"}],"wp:term":[{"taxonomy":"product_cat","embeddable":true,"href":"https:\/\/bakirci.com\/ekipman\/wp-json\/wp\/v2\/product_cat?post=6258"},{"taxonomy":"product_tag","embeddable":true,"href":"https:\/\/bakirci.com\/ekipman\/wp-json\/wp\/v2\/product_tag?post=6258"}],"curies":[{"name":"wp","href":"https:\/\/api.w.org\/{rel}","templated":true}]}}