{"id":6255,"date":"2021-01-02T05:00:04","date_gmt":"2021-01-02T05:00:04","guid":{"rendered":"https:\/\/bakirci.com\/ekipman\/?post_type=product&#038;p=6255"},"modified":"2023-07-25T07:26:51","modified_gmt":"2023-07-25T07:26:51","slug":"elektrikli-orbitalli-polisaj-setirupesborn-in-italylhr-21-iii-lux","status":"publish","type":"product","link":"https:\/\/bakirci.com\/ekipman\/servis-ekipmanlari\/kaporta\/kaporta-yardimci-ekipmanlari\/elektrikli-orbitalli-polisaj-setirupesborn-in-italylhr-21-iii-lux\/","title":{"rendered":"<p class=\"ustmetin\">Elektrikli Orbitalli Polisaj Seti<\/p><p class=\"ortametin\">RUPES<span class=\"ortametin2\">(Born in ITALY)<\/span><p class=\"altmetin\">LHR 21 III\/LUX<\/p>"},"content":{"rendered":"<ul>\n<li>\u00c7antal\u0131 orbital profesyonel pasta cila seti<\/li>\n<li>21 orbital z\u0131mapara sistemi<\/li>\n<li>Elektronik h\u0131z kontrol\u00fc<\/li>\n<li>Taban 150 mm, Kablo uzunlu\u011fu 9 mt<\/li>\n<li>\u00c7al\u0131\u015fma h\u0131z\u0131 3000 &#8211; 4500 rpm<\/li>\n<li>\u00c7al\u0131\u015fma voltaj\u0131 200 V<\/li>\n<li>DA COARSE polisaj maddesi 250 ml<\/li>\n<li>DA FINE polisaj maddesi 250 ml<\/li>\n<li>UNO PROTECT cila ve mastik 250 ml<\/li>\n<li>Y\u00fcn polisaj pedi COARSE \u00d8150-170 mm<\/li>\n<li>Y\u00fcn polisaj pedi FINE \u00d8150-170 mm<\/li>\n<li>DA COARSE s\u00fcnger polisaj pedi \u00d8150-180mm &#8211; \u00d86\u201d-7\u201d<\/li>\n<li>DA FINE s\u00fcnger polisaj pedi \u00d8150-180mm &#8211; \u00d86\u201d-7\u201d<\/li>\n<li>Mikrofiber bez (mavi, sar\u0131, beyaz)<\/li>\n<li>Pen\u00e7e pedi, kablo kelep\u00e7esi<\/li>\n<li>\u00c7al\u0131\u015fma \u00f6nl\u00fc\u011f\u00fc, alet \u00e7antas\u0131<\/li>\n<\/ul>\n","protected":false},"excerpt":{"rendered":"<ul>\n<li>\u00c7antal\u0131 orbital profesyonel pasta cila seti<\/li>\n<li>21 orbital z\u0131mapara sistemi<\/li>\n<li>Elektronik h\u0131z kontrol\u00fc<\/li>\n<li>Taban 150 mm, Kablo uzunlu\u011fu 9 mt<\/li>\n<li>\u00c7al\u0131\u015fma h\u0131z\u0131 3000 &#8211; 4500 rpm<\/li>\n<li>\u00c7al\u0131\u015fma voltaj\u0131 200 V<\/li>\n<li>DA COARSE polisaj maddesi 250 ml<\/li>\n<li>DA FINE polisaj maddesi 250 ml<\/li>\n<li>UNO PROTECT cila ve mastik 250 ml<\/li>\n<li>Y\u00fcn polisaj pedi COARSE \u00d8150-170 mm<\/li>\n<li>Y\u00fcn polisaj pedi FINE \u00d8150-170 mm<\/li>\n<li>DA COARSE s\u00fcnger polisaj pedi \u00d8150-180mm &#8211; \u00d86\u201d-7\u201d<\/li>\n<li>DA FINE s\u00fcnger polisaj pedi \u00d8150-180mm &#8211; \u00d86\u201d-7\u201d<\/li>\n<li>Mikrofiber bez (mavi, sar\u0131, beyaz)<\/li>\n<li>Pen\u00e7e pedi, kablo kelep\u00e7esi<\/li>\n<li>\u00c7al\u0131\u015fma \u00f6nl\u00fc\u011f\u00fc, alet \u00e7antas\u0131<\/li>\n<\/ul>\n","protected":false},"featured_media":6395,"comment_status":"open","ping_status":"closed","template":"","meta":[],"product_cat":[175],"product_tag":[],"class_list":["post-6255","product","type-product","status-publish","has-post-thumbnail","hentry","pwb-brand-rupes","product_cat-kaporta-yardimci-ekipmanlari"],"brands":[{"id":811,"name":"RUPES","slug":"rupes"}],"yoast_head":"<!-- This site is optimized with the Yoast SEO plugin v17.1 - https:\/\/yoast.com\/wordpress\/plugins\/seo\/ -->\n<title>Elektrikli Orbitalli Polisaj SetiRUPES(Born in ITALY)LHR 21 III\/LUX - Bak\u0131rc\u0131 Garagineering<\/title>\n<meta name=\"robots\" content=\"index, follow, max-snippet:-1, max-image-preview:large, max-video-preview:-1\" \/>\n<link rel=\"canonical\" href=\"https:\/\/bakirci.com\/ekipman\/servis-ekipmanlari\/kaporta\/kaporta-yardimci-ekipmanlari\/elektrikli-orbitalli-polisaj-setirupesborn-in-italylhr-21-iii-lux\/\" \/>\n<meta property=\"og:locale\" content=\"tr_TR\" \/>\n<meta property=\"og:type\" content=\"article\" \/>\n<meta property=\"og:title\" content=\"Elektrikli Orbitalli Polisaj SetiRUPES(Born in ITALY)LHR 21 III\/LUX - Bak\u0131rc\u0131 Garagineering\" \/>\n<meta property=\"og:description\" content=\"\u00c7antal\u0131 orbital profesyonel pasta cila seti  21 orbital z\u0131mapara sistemi  Elektronik h\u0131z kontrol\u00fc  Taban 150 mm, Kablo uzunlu\u011fu 9 mt  \u00c7al\u0131\u015fma h\u0131z\u0131 3000 - 4500 rpm  \u00c7al\u0131\u015fma voltaj\u0131 200 V  DA COARSE polisaj maddesi 250 ml  DA FINE polisaj maddesi 250 ml  UNO PROTECT cila ve mastik 250 ml  Y\u00fcn polisaj pedi COARSE \u00d8150-170 mm  Y\u00fcn polisaj pedi FINE \u00d8150-170 mm  DA COARSE s\u00fcnger polisaj pedi \u00d8150-180mm - \u00d86\u201d-7\u201d  DA FINE s\u00fcnger polisaj pedi \u00d8150-180mm - \u00d86\u201d-7\u201d  Mikrofiber bez (mavi, sar\u0131, beyaz)  Pen\u00e7e pedi, kablo kelep\u00e7esi  \u00c7al\u0131\u015fma \u00f6nl\u00fc\u011f\u00fc, alet \u00e7antas\u0131\" \/>\n<meta property=\"og:url\" content=\"https:\/\/bakirci.com\/ekipman\/servis-ekipmanlari\/kaporta\/kaporta-yardimci-ekipmanlari\/elektrikli-orbitalli-polisaj-setirupesborn-in-italylhr-21-iii-lux\/\" \/>\n<meta property=\"og:site_name\" content=\"Bak\u0131rc\u0131 Garagineering\" \/>\n<meta property=\"article:publisher\" content=\"https:\/\/www.facebook.com\/bakirci.garagineering\" \/>\n<meta property=\"article:modified_time\" content=\"2023-07-25T07:26:51+00:00\" \/>\n<meta property=\"og:image\" content=\"https:\/\/bakirci.com\/ekipman\/wp-content\/uploads\/2023\/07\/Elektrikli-Orbitalli-Polisaj-Seti-\u2013-LHR-21-IIILUX.png\" \/>\n\t<meta property=\"og:image:width\" content=\"1080\" \/>\n\t<meta property=\"og:image:height\" content=\"1080\" \/>\n<meta name=\"twitter:card\" content=\"summary_large_image\" \/>\n<script type=\"application\/ld+json\" class=\"yoast-schema-graph\">{\"@context\":\"https:\/\/schema.org\",\"@graph\":[{\"@type\":\"Organization\",\"@id\":\"https:\/\/bakirci.com\/ekipman\/#organization\",\"name\":\"Bak\\u0131rc\\u0131 garagineering\",\"url\":\"https:\/\/bakirci.com\/ekipman\/\",\"sameAs\":[\"https:\/\/www.facebook.com\/bakirci.garagineering\",\"https:\/\/www.instagram.com\/bakirci.garagineering\/\",\"https:\/\/www.linkedin.com\/company\/bakirci-garagineering\/\",\"https:\/\/www.youtube.com\/channel\/UCiVG6s_jALJ6Zk8085XiOQg\"],\"logo\":{\"@type\":\"ImageObject\",\"@id\":\"https:\/\/bakirci.com\/ekipman\/#logo\",\"inLanguage\":\"tr\",\"url\":\"https:\/\/bakirci.com\/ekipman\/wp-content\/uploads\/2021\/09\/Bakirci-logo-lacivert.png\",\"contentUrl\":\"https:\/\/bakirci.com\/ekipman\/wp-content\/uploads\/2021\/09\/Bakirci-logo-lacivert.png\",\"width\":501,\"height\":501,\"caption\":\"Bak\\u0131rc\\u0131 garagineering\"},\"image\":{\"@id\":\"https:\/\/bakirci.com\/ekipman\/#logo\"}},{\"@type\":\"WebSite\",\"@id\":\"https:\/\/bakirci.com\/ekipman\/#website\",\"url\":\"https:\/\/bakirci.com\/ekipman\/\",\"name\":\"Bak\\u0131rc\\u0131 Garagineering\",\"description\":\"Otomotiv sekt\\u00f6r\\u00fcne \\u00f6zel, \\u201c\\u00dcretici Standard\\u0131nda\\u201d \\u00e7\\u00f6z\\u00fcmler\\u2026\",\"publisher\":{\"@id\":\"https:\/\/bakirci.com\/ekipman\/#organization\"},\"potentialAction\":[{\"@type\":\"SearchAction\",\"target\":{\"@type\":\"EntryPoint\",\"urlTemplate\":\"https:\/\/bakirci.com\/ekipman\/?s={search_term_string}\"},\"query-input\":\"required name=search_term_string\"}],\"inLanguage\":\"tr\"},{\"@type\":\"ImageObject\",\"@id\":\"https:\/\/bakirci.com\/ekipman\/servis-ekipmanlari\/kaporta\/kaporta-yardimci-ekipmanlari\/elektrikli-orbitalli-polisaj-setirupesborn-in-italylhr-21-iii-lux\/#primaryimage\",\"inLanguage\":\"tr\",\"url\":\"https:\/\/bakirci.com\/ekipman\/wp-content\/uploads\/2023\/07\/Elektrikli-Orbitalli-Polisaj-Seti-\\u2013-LHR-21-IIILUX.png\",\"contentUrl\":\"https:\/\/bakirci.com\/ekipman\/wp-content\/uploads\/2023\/07\/Elektrikli-Orbitalli-Polisaj-Seti-\\u2013-LHR-21-IIILUX.png\",\"width\":1080,\"height\":1080},{\"@type\":\"WebPage\",\"@id\":\"https:\/\/bakirci.com\/ekipman\/servis-ekipmanlari\/kaporta\/kaporta-yardimci-ekipmanlari\/elektrikli-orbitalli-polisaj-setirupesborn-in-italylhr-21-iii-lux\/#webpage\",\"url\":\"https:\/\/bakirci.com\/ekipman\/servis-ekipmanlari\/kaporta\/kaporta-yardimci-ekipmanlari\/elektrikli-orbitalli-polisaj-setirupesborn-in-italylhr-21-iii-lux\/\",\"name\":\"Elektrikli Orbitalli Polisaj Seti RUPES(Born in ITALY)LHR 21 III\/LUX - Bak\\u0131rc\\u0131 Garagineering\",\"isPartOf\":{\"@id\":\"https:\/\/bakirci.com\/ekipman\/#website\"},\"primaryImageOfPage\":{\"@id\":\"https:\/\/bakirci.com\/ekipman\/servis-ekipmanlari\/kaporta\/kaporta-yardimci-ekipmanlari\/elektrikli-orbitalli-polisaj-setirupesborn-in-italylhr-21-iii-lux\/#primaryimage\"},\"datePublished\":\"2021-01-02T05:00:04+00:00\",\"dateModified\":\"2023-07-25T07:26:51+00:00\",\"breadcrumb\":{\"@id\":\"https:\/\/bakirci.com\/ekipman\/servis-ekipmanlari\/kaporta\/kaporta-yardimci-ekipmanlari\/elektrikli-orbitalli-polisaj-setirupesborn-in-italylhr-21-iii-lux\/#breadcrumb\"},\"inLanguage\":\"tr\",\"potentialAction\":[{\"@type\":\"ReadAction\",\"target\":[\"https:\/\/bakirci.com\/ekipman\/servis-ekipmanlari\/kaporta\/kaporta-yardimci-ekipmanlari\/elektrikli-orbitalli-polisaj-setirupesborn-in-italylhr-21-iii-lux\/\"]}]},{\"@type\":\"BreadcrumbList\",\"@id\":\"https:\/\/bakirci.com\/ekipman\/servis-ekipmanlari\/kaporta\/kaporta-yardimci-ekipmanlari\/elektrikli-orbitalli-polisaj-setirupesborn-in-italylhr-21-iii-lux\/#breadcrumb\",\"itemListElement\":[{\"@type\":\"ListItem\",\"position\":1,\"name\":\"Ekipman\",\"item\":\"https:\/\/bakirci.com\/ekipman\/\"},{\"@type\":\"ListItem\",\"position\":2,\"name\":\"Otomotiv Tesisleri \\u0130\\u00e7in Servis Ekipmanlar\\u0131\",\"item\":\"https:\/\/bakirci.com\/ekipman\/\"},{\"@type\":\"ListItem\",\"position\":3,\"name\":\"Elektrikli Orbitalli Polisaj SetiRUPES(Born in ITALY)LHR 21 III\/LUX\"}]}]}<\/script>\n<!-- \/ Yoast SEO plugin. -->","yoast_head_json":{"title":"Elektrikli Orbitalli Polisaj SetiRUPES(Born in ITALY)LHR 21 III\/LUX - Bak\u0131rc\u0131 Garagineering","robots":{"index":"index","follow":"follow","max-snippet":"max-snippet:-1","max-image-preview":"max-image-preview:large","max-video-preview":"max-video-preview:-1"},"canonical":"https:\/\/bakirci.com\/ekipman\/servis-ekipmanlari\/kaporta\/kaporta-yardimci-ekipmanlari\/elektrikli-orbitalli-polisaj-setirupesborn-in-italylhr-21-iii-lux\/","og_locale":"tr_TR","og_type":"article","og_title":"Elektrikli Orbitalli Polisaj SetiRUPES(Born in ITALY)LHR 21 III\/LUX - Bak\u0131rc\u0131 Garagineering","og_description":"\u00c7antal\u0131 orbital profesyonel pasta cila seti  21 orbital z\u0131mapara sistemi  Elektronik h\u0131z kontrol\u00fc  Taban 150 mm, Kablo uzunlu\u011fu 9 mt  \u00c7al\u0131\u015fma h\u0131z\u0131 3000 - 4500 rpm  \u00c7al\u0131\u015fma voltaj\u0131 200 V  DA COARSE polisaj maddesi 250 ml  DA FINE polisaj maddesi 250 ml  UNO PROTECT cila ve mastik 250 ml  Y\u00fcn polisaj pedi COARSE \u00d8150-170 mm  Y\u00fcn polisaj pedi FINE \u00d8150-170 mm  DA COARSE s\u00fcnger polisaj pedi \u00d8150-180mm - \u00d86\u201d-7\u201d  DA FINE s\u00fcnger polisaj pedi \u00d8150-180mm - \u00d86\u201d-7\u201d  Mikrofiber bez (mavi, sar\u0131, beyaz)  Pen\u00e7e pedi, kablo kelep\u00e7esi  \u00c7al\u0131\u015fma \u00f6nl\u00fc\u011f\u00fc, alet \u00e7antas\u0131","og_url":"https:\/\/bakirci.com\/ekipman\/servis-ekipmanlari\/kaporta\/kaporta-yardimci-ekipmanlari\/elektrikli-orbitalli-polisaj-setirupesborn-in-italylhr-21-iii-lux\/","og_site_name":"Bak\u0131rc\u0131 Garagineering","article_publisher":"https:\/\/www.facebook.com\/bakirci.garagineering","article_modified_time":"2023-07-25T07:26:51+00:00","og_image":[{"width":1080,"height":1080,"filesize":775698,"url":"https:\/\/bakirci.com\/ekipman\/wp-content\/uploads\/2023\/07\/Elektrikli-Orbitalli-Polisaj-Seti-\u2013-LHR-21-IIILUX.png","path":"\/home\/bakirciwebsitesi\/public_html\/ekipman\/wp-content\/uploads\/2023\/07\/Elektrikli-Orbitalli-Polisaj-Seti-\u2013-LHR-21-IIILUX.png","size":"full","id":6395,"alt":"","pixels":1166400,"type":"image\/png"}],"twitter_card":"summary_large_image","schema":{"@context":"https:\/\/schema.org","@graph":[{"@type":"Organization","@id":"https:\/\/bakirci.com\/ekipman\/#organization","name":"Bak\u0131rc\u0131 garagineering","url":"https:\/\/bakirci.com\/ekipman\/","sameAs":["https:\/\/www.facebook.com\/bakirci.garagineering","https:\/\/www.instagram.com\/bakirci.garagineering\/","https:\/\/www.linkedin.com\/company\/bakirci-garagineering\/","https:\/\/www.youtube.com\/channel\/UCiVG6s_jALJ6Zk8085XiOQg"],"logo":{"@type":"ImageObject","@id":"https:\/\/bakirci.com\/ekipman\/#logo","inLanguage":"tr","url":"https:\/\/bakirci.com\/ekipman\/wp-content\/uploads\/2021\/09\/Bakirci-logo-lacivert.png","contentUrl":"https:\/\/bakirci.com\/ekipman\/wp-content\/uploads\/2021\/09\/Bakirci-logo-lacivert.png","width":501,"height":501,"caption":"Bak\u0131rc\u0131 garagineering"},"image":{"@id":"https:\/\/bakirci.com\/ekipman\/#logo"}},{"@type":"WebSite","@id":"https:\/\/bakirci.com\/ekipman\/#website","url":"https:\/\/bakirci.com\/ekipman\/","name":"Bak\u0131rc\u0131 Garagineering","description":"Otomotiv sekt\u00f6r\u00fcne \u00f6zel, \u201c\u00dcretici Standard\u0131nda\u201d \u00e7\u00f6z\u00fcmler\u2026","publisher":{"@id":"https:\/\/bakirci.com\/ekipman\/#organization"},"potentialAction":[{"@type":"SearchAction","target":{"@type":"EntryPoint","urlTemplate":"https:\/\/bakirci.com\/ekipman\/?s={search_term_string}"},"query-input":"required name=search_term_string"}],"inLanguage":"tr"},{"@type":"ImageObject","@id":"https:\/\/bakirci.com\/ekipman\/servis-ekipmanlari\/kaporta\/kaporta-yardimci-ekipmanlari\/elektrikli-orbitalli-polisaj-setirupesborn-in-italylhr-21-iii-lux\/#primaryimage","inLanguage":"tr","url":"https:\/\/bakirci.com\/ekipman\/wp-content\/uploads\/2023\/07\/Elektrikli-Orbitalli-Polisaj-Seti-\u2013-LHR-21-IIILUX.png","contentUrl":"https:\/\/bakirci.com\/ekipman\/wp-content\/uploads\/2023\/07\/Elektrikli-Orbitalli-Polisaj-Seti-\u2013-LHR-21-IIILUX.png","width":1080,"height":1080},{"@type":"WebPage","@id":"https:\/\/bakirci.com\/ekipman\/servis-ekipmanlari\/kaporta\/kaporta-yardimci-ekipmanlari\/elektrikli-orbitalli-polisaj-setirupesborn-in-italylhr-21-iii-lux\/#webpage","url":"https:\/\/bakirci.com\/ekipman\/servis-ekipmanlari\/kaporta\/kaporta-yardimci-ekipmanlari\/elektrikli-orbitalli-polisaj-setirupesborn-in-italylhr-21-iii-lux\/","name":"Elektrikli Orbitalli Polisaj Seti RUPES(Born in ITALY)LHR 21 III\/LUX - Bak\u0131rc\u0131 Garagineering","isPartOf":{"@id":"https:\/\/bakirci.com\/ekipman\/#website"},"primaryImageOfPage":{"@id":"https:\/\/bakirci.com\/ekipman\/servis-ekipmanlari\/kaporta\/kaporta-yardimci-ekipmanlari\/elektrikli-orbitalli-polisaj-setirupesborn-in-italylhr-21-iii-lux\/#primaryimage"},"datePublished":"2021-01-02T05:00:04+00:00","dateModified":"2023-07-25T07:26:51+00:00","breadcrumb":{"@id":"https:\/\/bakirci.com\/ekipman\/servis-ekipmanlari\/kaporta\/kaporta-yardimci-ekipmanlari\/elektrikli-orbitalli-polisaj-setirupesborn-in-italylhr-21-iii-lux\/#breadcrumb"},"inLanguage":"tr","potentialAction":[{"@type":"ReadAction","target":["https:\/\/bakirci.com\/ekipman\/servis-ekipmanlari\/kaporta\/kaporta-yardimci-ekipmanlari\/elektrikli-orbitalli-polisaj-setirupesborn-in-italylhr-21-iii-lux\/"]}]},{"@type":"BreadcrumbList","@id":"https:\/\/bakirci.com\/ekipman\/servis-ekipmanlari\/kaporta\/kaporta-yardimci-ekipmanlari\/elektrikli-orbitalli-polisaj-setirupesborn-in-italylhr-21-iii-lux\/#breadcrumb","itemListElement":[{"@type":"ListItem","position":1,"name":"Ekipman","item":"https:\/\/bakirci.com\/ekipman\/"},{"@type":"ListItem","position":2,"name":"Otomotiv Tesisleri \u0130\u00e7in Servis Ekipmanlar\u0131","item":"https:\/\/bakirci.com\/ekipman\/"},{"@type":"ListItem","position":3,"name":"Elektrikli Orbitalli Polisaj SetiRUPES(Born in ITALY)LHR 21 III\/LUX"}]}]}},"_links":{"self":[{"href":"https:\/\/bakirci.com\/ekipman\/wp-json\/wp\/v2\/product\/6255","targetHints":{"allow":["GET"]}}],"collection":[{"href":"https:\/\/bakirci.com\/ekipman\/wp-json\/wp\/v2\/product"}],"about":[{"href":"https:\/\/bakirci.com\/ekipman\/wp-json\/wp\/v2\/types\/product"}],"replies":[{"embeddable":true,"href":"https:\/\/bakirci.com\/ekipman\/wp-json\/wp\/v2\/comments?post=6255"}],"wp:featuredmedia":[{"embeddable":true,"href":"https:\/\/bakirci.com\/ekipman\/wp-json\/wp\/v2\/media\/6395"}],"wp:attachment":[{"href":"https:\/\/bakirci.com\/ekipman\/wp-json\/wp\/v2\/media?parent=6255"}],"wp:term":[{"taxonomy":"product_cat","embeddable":true,"href":"https:\/\/bakirci.com\/ekipman\/wp-json\/wp\/v2\/product_cat?post=6255"},{"taxonomy":"product_tag","embeddable":true,"href":"https:\/\/bakirci.com\/ekipman\/wp-json\/wp\/v2\/product_tag?post=6255"}],"curies":[{"name":"wp","href":"https:\/\/api.w.org\/{rel}","templated":true}]}}