{"id":6248,"date":"2021-01-01T12:15:05","date_gmt":"2021-01-01T12:15:05","guid":{"rendered":"https:\/\/bakirci.com\/ekipman\/?post_type=product&#038;p=6248"},"modified":"2023-07-25T07:12:49","modified_gmt":"2023-07-25T07:12:49","slug":"seyyar-zimpara-toz-emme-sistemi-rupesborn-in-italyks300ep-havali-tekli","status":"publish","type":"product","link":"https:\/\/bakirci.com\/ekipman\/servis-ekipmanlari\/boya\/zimpara-toz-emme\/seyyar-zimpara-toz-emme-sistemi-rupesborn-in-italyks300ep-havali-tekli\/","title":{"rendered":"<p class=\"ustmetin\">Seyyar Z\u0131mpara Toz Emme Sistemi <\/p><p class=\"ortametin\">RUPES<span class=\"ortametin2\">(Born in ITALY)<\/span><p class=\"altmetin\">KS300EP &#8211; Haval\u0131 Tekli<\/p>"},"content":{"rendered":"<ul>\n<li>Y\u00fcksek performansl\u0131 \u00e7ift motor sayesinde y\u00fcksek emi\u015f g\u00fcc\u00fc<\/li>\n<li>Daha d\u00fczenli ve g\u00fcvenli \u00e7al\u0131\u015fmay\u0131 sa\u011flayan kilitli malzeme b\u00f6lmesi<\/li>\n<li>Otomatik ba\u015flama sistemi<\/li>\n<li>Orbital z\u0131mpara makineleri i\u00e7in ask\u0131 sistemi<\/li>\n<li>Mobil sistem tezgah\u0131 &#8211; KS300<\/li>\n<li>Emi\u015f hortumu &#8211; 9GAT020004\/X<\/li>\n<li>G\u00fc\u00e7 t\u00fcketimi 1200 W<\/li>\n<li>Max. vakum 20000 Pa<\/li>\n<li>Filtre y\u00fczey alan\u0131 2 m\u00b2<\/li>\n<li>Konteyner \/ Filtre torbas\u0131 kapasitesi 10 lt<\/li>\n<li>A\u011f\u0131rl\u0131\u011f\u0131 33 kg<\/li>\n<\/ul>\n","protected":false},"excerpt":{"rendered":"<ul>\n<li>Y\u00fcksek performansl\u0131 \u00e7ift motor sayesinde y\u00fcksek emi\u015f g\u00fcc\u00fc<\/li>\n<li>Daha d\u00fczenli ve g\u00fcvenli \u00e7al\u0131\u015fmay\u0131 sa\u011flayan kilitli malzeme b\u00f6lmesi<\/li>\n<li>Otomatik ba\u015flama sistemi<\/li>\n<li>Orbital z\u0131mpara makineleri i\u00e7in ask\u0131 sistemi<\/li>\n<li>Mobil sistem tezgah\u0131 &#8211; KS300<\/li>\n<li>Emi\u015f hortumu &#8211; 9GAT020004\/X<\/li>\n<li>G\u00fc\u00e7 t\u00fcketimi 1200 W<\/li>\n<li>Max. vakum 20000 Pa<\/li>\n<li>Filtre y\u00fczey alan\u0131 2 m\u00b2<\/li>\n<li>Konteyner \/ Filtre torbas\u0131 kapasitesi 10 lt<\/li>\n<li>A\u011f\u0131rl\u0131\u011f\u0131 33 kg<\/li>\n<\/ul>\n","protected":false},"featured_media":6388,"comment_status":"open","ping_status":"closed","template":"","meta":[],"product_cat":[181],"product_tag":[],"class_list":["post-6248","product","type-product","status-publish","has-post-thumbnail","hentry","pwb-brand-rupes","product_cat-zimpara-toz-emme"],"brands":[{"id":811,"name":"RUPES","slug":"rupes"}],"yoast_head":"<!-- This site is optimized with the Yoast SEO plugin v17.1 - https:\/\/yoast.com\/wordpress\/plugins\/seo\/ -->\n<title>Seyyar Z\u0131mpara Toz Emme Sistemi RUPES(Born in ITALY)KS300EP - Haval\u0131 Tekli - Bak\u0131rc\u0131 Garagineering<\/title>\n<meta name=\"robots\" content=\"index, follow, max-snippet:-1, max-image-preview:large, max-video-preview:-1\" \/>\n<link rel=\"canonical\" href=\"https:\/\/bakirci.com\/ekipman\/servis-ekipmanlari\/boya\/zimpara-toz-emme\/seyyar-zimpara-toz-emme-sistemi-rupesborn-in-italyks300ep-havali-tekli\/\" \/>\n<meta property=\"og:locale\" content=\"tr_TR\" \/>\n<meta property=\"og:type\" content=\"article\" \/>\n<meta property=\"og:title\" content=\"Seyyar Z\u0131mpara Toz Emme Sistemi RUPES(Born in ITALY)KS300EP - Haval\u0131 Tekli - Bak\u0131rc\u0131 Garagineering\" \/>\n<meta property=\"og:description\" content=\"Y\u00fcksek performansl\u0131 \u00e7ift motor sayesinde y\u00fcksek emi\u015f g\u00fcc\u00fc  Daha d\u00fczenli ve g\u00fcvenli \u00e7al\u0131\u015fmay\u0131 sa\u011flayan kilitli malzeme b\u00f6lmesi  Otomatik ba\u015flama sistemi  Orbital z\u0131mpara makineleri i\u00e7in ask\u0131 sistemi  Mobil sistem tezgah\u0131 - KS300  Emi\u015f hortumu - 9GAT020004\/X  G\u00fc\u00e7 t\u00fcketimi 1200 W  Max. vakum 20000 Pa  Filtre y\u00fczey alan\u0131 2 m\u00b2  Konteyner \/ Filtre torbas\u0131 kapasitesi 10 lt  A\u011f\u0131rl\u0131\u011f\u0131 33 kg\" \/>\n<meta property=\"og:url\" content=\"https:\/\/bakirci.com\/ekipman\/servis-ekipmanlari\/boya\/zimpara-toz-emme\/seyyar-zimpara-toz-emme-sistemi-rupesborn-in-italyks300ep-havali-tekli\/\" \/>\n<meta property=\"og:site_name\" content=\"Bak\u0131rc\u0131 Garagineering\" \/>\n<meta property=\"article:publisher\" content=\"https:\/\/www.facebook.com\/bakirci.garagineering\" \/>\n<meta property=\"article:modified_time\" content=\"2023-07-25T07:12:49+00:00\" \/>\n<meta property=\"og:image\" content=\"https:\/\/bakirci.com\/ekipman\/wp-content\/uploads\/2023\/07\/Seyyar-Zimpara-Toz-Emme-Sistemi-\u2013-KS300EP-Havali-Tekli.png\" \/>\n\t<meta property=\"og:image:width\" content=\"1080\" \/>\n\t<meta property=\"og:image:height\" content=\"1080\" \/>\n<meta name=\"twitter:card\" content=\"summary_large_image\" \/>\n<script type=\"application\/ld+json\" class=\"yoast-schema-graph\">{\"@context\":\"https:\/\/schema.org\",\"@graph\":[{\"@type\":\"Organization\",\"@id\":\"https:\/\/bakirci.com\/ekipman\/#organization\",\"name\":\"Bak\\u0131rc\\u0131 garagineering\",\"url\":\"https:\/\/bakirci.com\/ekipman\/\",\"sameAs\":[\"https:\/\/www.facebook.com\/bakirci.garagineering\",\"https:\/\/www.instagram.com\/bakirci.garagineering\/\",\"https:\/\/www.linkedin.com\/company\/bakirci-garagineering\/\",\"https:\/\/www.youtube.com\/channel\/UCiVG6s_jALJ6Zk8085XiOQg\"],\"logo\":{\"@type\":\"ImageObject\",\"@id\":\"https:\/\/bakirci.com\/ekipman\/#logo\",\"inLanguage\":\"tr\",\"url\":\"https:\/\/bakirci.com\/ekipman\/wp-content\/uploads\/2021\/09\/Bakirci-logo-lacivert.png\",\"contentUrl\":\"https:\/\/bakirci.com\/ekipman\/wp-content\/uploads\/2021\/09\/Bakirci-logo-lacivert.png\",\"width\":501,\"height\":501,\"caption\":\"Bak\\u0131rc\\u0131 garagineering\"},\"image\":{\"@id\":\"https:\/\/bakirci.com\/ekipman\/#logo\"}},{\"@type\":\"WebSite\",\"@id\":\"https:\/\/bakirci.com\/ekipman\/#website\",\"url\":\"https:\/\/bakirci.com\/ekipman\/\",\"name\":\"Bak\\u0131rc\\u0131 Garagineering\",\"description\":\"Otomotiv sekt\\u00f6r\\u00fcne \\u00f6zel, \\u201c\\u00dcretici Standard\\u0131nda\\u201d \\u00e7\\u00f6z\\u00fcmler\\u2026\",\"publisher\":{\"@id\":\"https:\/\/bakirci.com\/ekipman\/#organization\"},\"potentialAction\":[{\"@type\":\"SearchAction\",\"target\":{\"@type\":\"EntryPoint\",\"urlTemplate\":\"https:\/\/bakirci.com\/ekipman\/?s={search_term_string}\"},\"query-input\":\"required name=search_term_string\"}],\"inLanguage\":\"tr\"},{\"@type\":\"ImageObject\",\"@id\":\"https:\/\/bakirci.com\/ekipman\/servis-ekipmanlari\/boya\/zimpara-toz-emme\/seyyar-zimpara-toz-emme-sistemi-rupesborn-in-italyks300ep-havali-tekli\/#primaryimage\",\"inLanguage\":\"tr\",\"url\":\"https:\/\/bakirci.com\/ekipman\/wp-content\/uploads\/2023\/07\/Seyyar-Zimpara-Toz-Emme-Sistemi-\\u2013-KS300EP-Havali-Tekli.png\",\"contentUrl\":\"https:\/\/bakirci.com\/ekipman\/wp-content\/uploads\/2023\/07\/Seyyar-Zimpara-Toz-Emme-Sistemi-\\u2013-KS300EP-Havali-Tekli.png\",\"width\":1080,\"height\":1080},{\"@type\":\"WebPage\",\"@id\":\"https:\/\/bakirci.com\/ekipman\/servis-ekipmanlari\/boya\/zimpara-toz-emme\/seyyar-zimpara-toz-emme-sistemi-rupesborn-in-italyks300ep-havali-tekli\/#webpage\",\"url\":\"https:\/\/bakirci.com\/ekipman\/servis-ekipmanlari\/boya\/zimpara-toz-emme\/seyyar-zimpara-toz-emme-sistemi-rupesborn-in-italyks300ep-havali-tekli\/\",\"name\":\"Seyyar Z\\u0131mpara Toz Emme Sistemi RUPES(Born in ITALY)KS300EP - Haval\\u0131 Tekli - Bak\\u0131rc\\u0131 Garagineering\",\"isPartOf\":{\"@id\":\"https:\/\/bakirci.com\/ekipman\/#website\"},\"primaryImageOfPage\":{\"@id\":\"https:\/\/bakirci.com\/ekipman\/servis-ekipmanlari\/boya\/zimpara-toz-emme\/seyyar-zimpara-toz-emme-sistemi-rupesborn-in-italyks300ep-havali-tekli\/#primaryimage\"},\"datePublished\":\"2021-01-01T12:15:05+00:00\",\"dateModified\":\"2023-07-25T07:12:49+00:00\",\"breadcrumb\":{\"@id\":\"https:\/\/bakirci.com\/ekipman\/servis-ekipmanlari\/boya\/zimpara-toz-emme\/seyyar-zimpara-toz-emme-sistemi-rupesborn-in-italyks300ep-havali-tekli\/#breadcrumb\"},\"inLanguage\":\"tr\",\"potentialAction\":[{\"@type\":\"ReadAction\",\"target\":[\"https:\/\/bakirci.com\/ekipman\/servis-ekipmanlari\/boya\/zimpara-toz-emme\/seyyar-zimpara-toz-emme-sistemi-rupesborn-in-italyks300ep-havali-tekli\/\"]}]},{\"@type\":\"BreadcrumbList\",\"@id\":\"https:\/\/bakirci.com\/ekipman\/servis-ekipmanlari\/boya\/zimpara-toz-emme\/seyyar-zimpara-toz-emme-sistemi-rupesborn-in-italyks300ep-havali-tekli\/#breadcrumb\",\"itemListElement\":[{\"@type\":\"ListItem\",\"position\":1,\"name\":\"Ekipman\",\"item\":\"https:\/\/bakirci.com\/ekipman\/\"},{\"@type\":\"ListItem\",\"position\":2,\"name\":\"Otomotiv Tesisleri \\u0130\\u00e7in Servis Ekipmanlar\\u0131\",\"item\":\"https:\/\/bakirci.com\/ekipman\/\"},{\"@type\":\"ListItem\",\"position\":3,\"name\":\"Seyyar Z\\u0131mpara Toz Emme Sistemi RUPES(Born in ITALY)KS300EP &#8211; Haval\\u0131 Tekli\"}]}]}<\/script>\n<!-- \/ Yoast SEO plugin. -->","yoast_head_json":{"title":"Seyyar Z\u0131mpara Toz Emme Sistemi RUPES(Born in ITALY)KS300EP - Haval\u0131 Tekli - Bak\u0131rc\u0131 Garagineering","robots":{"index":"index","follow":"follow","max-snippet":"max-snippet:-1","max-image-preview":"max-image-preview:large","max-video-preview":"max-video-preview:-1"},"canonical":"https:\/\/bakirci.com\/ekipman\/servis-ekipmanlari\/boya\/zimpara-toz-emme\/seyyar-zimpara-toz-emme-sistemi-rupesborn-in-italyks300ep-havali-tekli\/","og_locale":"tr_TR","og_type":"article","og_title":"Seyyar Z\u0131mpara Toz Emme Sistemi RUPES(Born in ITALY)KS300EP - Haval\u0131 Tekli - Bak\u0131rc\u0131 Garagineering","og_description":"Y\u00fcksek performansl\u0131 \u00e7ift motor sayesinde y\u00fcksek emi\u015f g\u00fcc\u00fc  Daha d\u00fczenli ve g\u00fcvenli \u00e7al\u0131\u015fmay\u0131 sa\u011flayan kilitli malzeme b\u00f6lmesi  Otomatik ba\u015flama sistemi  Orbital z\u0131mpara makineleri i\u00e7in ask\u0131 sistemi  Mobil sistem tezgah\u0131 - KS300  Emi\u015f hortumu - 9GAT020004\/X  G\u00fc\u00e7 t\u00fcketimi 1200 W  Max. vakum 20000 Pa  Filtre y\u00fczey alan\u0131 2 m\u00b2  Konteyner \/ Filtre torbas\u0131 kapasitesi 10 lt  A\u011f\u0131rl\u0131\u011f\u0131 33 kg","og_url":"https:\/\/bakirci.com\/ekipman\/servis-ekipmanlari\/boya\/zimpara-toz-emme\/seyyar-zimpara-toz-emme-sistemi-rupesborn-in-italyks300ep-havali-tekli\/","og_site_name":"Bak\u0131rc\u0131 Garagineering","article_publisher":"https:\/\/www.facebook.com\/bakirci.garagineering","article_modified_time":"2023-07-25T07:12:49+00:00","og_image":[{"width":1080,"height":1080,"filesize":371735,"url":"https:\/\/bakirci.com\/ekipman\/wp-content\/uploads\/2023\/07\/Seyyar-Zimpara-Toz-Emme-Sistemi-\u2013-KS300EP-Havali-Tekli.png","path":"\/home\/bakirciwebsitesi\/public_html\/ekipman\/wp-content\/uploads\/2023\/07\/Seyyar-Zimpara-Toz-Emme-Sistemi-\u2013-KS300EP-Havali-Tekli.png","size":"full","id":6388,"alt":"","pixels":1166400,"type":"image\/png"}],"twitter_card":"summary_large_image","schema":{"@context":"https:\/\/schema.org","@graph":[{"@type":"Organization","@id":"https:\/\/bakirci.com\/ekipman\/#organization","name":"Bak\u0131rc\u0131 garagineering","url":"https:\/\/bakirci.com\/ekipman\/","sameAs":["https:\/\/www.facebook.com\/bakirci.garagineering","https:\/\/www.instagram.com\/bakirci.garagineering\/","https:\/\/www.linkedin.com\/company\/bakirci-garagineering\/","https:\/\/www.youtube.com\/channel\/UCiVG6s_jALJ6Zk8085XiOQg"],"logo":{"@type":"ImageObject","@id":"https:\/\/bakirci.com\/ekipman\/#logo","inLanguage":"tr","url":"https:\/\/bakirci.com\/ekipman\/wp-content\/uploads\/2021\/09\/Bakirci-logo-lacivert.png","contentUrl":"https:\/\/bakirci.com\/ekipman\/wp-content\/uploads\/2021\/09\/Bakirci-logo-lacivert.png","width":501,"height":501,"caption":"Bak\u0131rc\u0131 garagineering"},"image":{"@id":"https:\/\/bakirci.com\/ekipman\/#logo"}},{"@type":"WebSite","@id":"https:\/\/bakirci.com\/ekipman\/#website","url":"https:\/\/bakirci.com\/ekipman\/","name":"Bak\u0131rc\u0131 Garagineering","description":"Otomotiv sekt\u00f6r\u00fcne \u00f6zel, \u201c\u00dcretici Standard\u0131nda\u201d \u00e7\u00f6z\u00fcmler\u2026","publisher":{"@id":"https:\/\/bakirci.com\/ekipman\/#organization"},"potentialAction":[{"@type":"SearchAction","target":{"@type":"EntryPoint","urlTemplate":"https:\/\/bakirci.com\/ekipman\/?s={search_term_string}"},"query-input":"required name=search_term_string"}],"inLanguage":"tr"},{"@type":"ImageObject","@id":"https:\/\/bakirci.com\/ekipman\/servis-ekipmanlari\/boya\/zimpara-toz-emme\/seyyar-zimpara-toz-emme-sistemi-rupesborn-in-italyks300ep-havali-tekli\/#primaryimage","inLanguage":"tr","url":"https:\/\/bakirci.com\/ekipman\/wp-content\/uploads\/2023\/07\/Seyyar-Zimpara-Toz-Emme-Sistemi-\u2013-KS300EP-Havali-Tekli.png","contentUrl":"https:\/\/bakirci.com\/ekipman\/wp-content\/uploads\/2023\/07\/Seyyar-Zimpara-Toz-Emme-Sistemi-\u2013-KS300EP-Havali-Tekli.png","width":1080,"height":1080},{"@type":"WebPage","@id":"https:\/\/bakirci.com\/ekipman\/servis-ekipmanlari\/boya\/zimpara-toz-emme\/seyyar-zimpara-toz-emme-sistemi-rupesborn-in-italyks300ep-havali-tekli\/#webpage","url":"https:\/\/bakirci.com\/ekipman\/servis-ekipmanlari\/boya\/zimpara-toz-emme\/seyyar-zimpara-toz-emme-sistemi-rupesborn-in-italyks300ep-havali-tekli\/","name":"Seyyar Z\u0131mpara Toz Emme Sistemi RUPES(Born in ITALY)KS300EP - Haval\u0131 Tekli - Bak\u0131rc\u0131 Garagineering","isPartOf":{"@id":"https:\/\/bakirci.com\/ekipman\/#website"},"primaryImageOfPage":{"@id":"https:\/\/bakirci.com\/ekipman\/servis-ekipmanlari\/boya\/zimpara-toz-emme\/seyyar-zimpara-toz-emme-sistemi-rupesborn-in-italyks300ep-havali-tekli\/#primaryimage"},"datePublished":"2021-01-01T12:15:05+00:00","dateModified":"2023-07-25T07:12:49+00:00","breadcrumb":{"@id":"https:\/\/bakirci.com\/ekipman\/servis-ekipmanlari\/boya\/zimpara-toz-emme\/seyyar-zimpara-toz-emme-sistemi-rupesborn-in-italyks300ep-havali-tekli\/#breadcrumb"},"inLanguage":"tr","potentialAction":[{"@type":"ReadAction","target":["https:\/\/bakirci.com\/ekipman\/servis-ekipmanlari\/boya\/zimpara-toz-emme\/seyyar-zimpara-toz-emme-sistemi-rupesborn-in-italyks300ep-havali-tekli\/"]}]},{"@type":"BreadcrumbList","@id":"https:\/\/bakirci.com\/ekipman\/servis-ekipmanlari\/boya\/zimpara-toz-emme\/seyyar-zimpara-toz-emme-sistemi-rupesborn-in-italyks300ep-havali-tekli\/#breadcrumb","itemListElement":[{"@type":"ListItem","position":1,"name":"Ekipman","item":"https:\/\/bakirci.com\/ekipman\/"},{"@type":"ListItem","position":2,"name":"Otomotiv Tesisleri \u0130\u00e7in Servis Ekipmanlar\u0131","item":"https:\/\/bakirci.com\/ekipman\/"},{"@type":"ListItem","position":3,"name":"Seyyar Z\u0131mpara Toz Emme Sistemi RUPES(Born in ITALY)KS300EP &#8211; Haval\u0131 Tekli"}]}]}},"_links":{"self":[{"href":"https:\/\/bakirci.com\/ekipman\/wp-json\/wp\/v2\/product\/6248","targetHints":{"allow":["GET"]}}],"collection":[{"href":"https:\/\/bakirci.com\/ekipman\/wp-json\/wp\/v2\/product"}],"about":[{"href":"https:\/\/bakirci.com\/ekipman\/wp-json\/wp\/v2\/types\/product"}],"replies":[{"embeddable":true,"href":"https:\/\/bakirci.com\/ekipman\/wp-json\/wp\/v2\/comments?post=6248"}],"wp:featuredmedia":[{"embeddable":true,"href":"https:\/\/bakirci.com\/ekipman\/wp-json\/wp\/v2\/media\/6388"}],"wp:attachment":[{"href":"https:\/\/bakirci.com\/ekipman\/wp-json\/wp\/v2\/media?parent=6248"}],"wp:term":[{"taxonomy":"product_cat","embeddable":true,"href":"https:\/\/bakirci.com\/ekipman\/wp-json\/wp\/v2\/product_cat?post=6248"},{"taxonomy":"product_tag","embeddable":true,"href":"https:\/\/bakirci.com\/ekipman\/wp-json\/wp\/v2\/product_tag?post=6248"}],"curies":[{"name":"wp","href":"https:\/\/api.w.org\/{rel}","templated":true}]}}