{"id":6234,"date":"2021-01-25T12:00:57","date_gmt":"2021-01-25T12:00:57","guid":{"rendered":"https:\/\/bakirci.com\/ekipman\/?post_type=product&#038;p=6234"},"modified":"2023-07-25T06:44:54","modified_gmt":"2023-07-25T06:44:54","slug":"hava-vakumlu-cektirme-kulesigysborn-in-franceairfix-draw-aligner","status":"publish","type":"product","link":"https:\/\/bakirci.com\/ekipman\/servis-ekipmanlari\/kaporta\/sasi-ve-karoseri-duzeltme\/hava-vakumlu-cektirme-kulesigysborn-in-franceairfix-draw-aligner\/","title":{"rendered":"<p class=\"ustmetin\">Hava Vakumlu \u00c7ektirme Kulesi<\/p><p class=\"ortametin\">GYS<span class=\"ortametin2\">(Born in FRANCE)<\/span><\/p><p class=\"altmetin\">Airfix Draw Aligner<\/p>"},"content":{"rendered":"<ul>\n<li>02Patentli hava vantuzlu sistem<\/li>\n<li>Maksimum 1300 mm y\u00fcksekli\u011finde<\/li>\n<li>1300mm y\u00fckseklik boyunca 350 kg \u00e7ekme kuvetine sahip,<\/li>\n<li>\u00c7ekme Y\u00fcksekli\u011fini saniyeler i\u00e7inde ayarlamak i\u00e7in kayd\u0131rma sistemli<\/li>\n<li>1500kg kapasiteli \u00e7ektirme cereskal\u0131<\/li>\n<li>Ergonomik dizayn sayesinde tekerlekli ta\u015f\u0131ma sistemli<\/li>\n<\/ul>\n","protected":false},"excerpt":{"rendered":"<ul>\n<li>Patentli hava vantuzlu sistem<\/li>\n<li>Maksimum 1300 mm y\u00fcksekli\u011finde<\/li>\n<li>1300mm y\u00fckseklik boyunca 350 kg \u00e7ekme kuvetine sahip,<\/li>\n<li>\u00c7ekme Y\u00fcksekli\u011fini saniyeler i\u00e7inde ayarlamak i\u00e7in kayd\u0131rma sistemli<\/li>\n<li>1500kg kapasiteli \u00e7ektirme cereskal\u0131<\/li>\n<li>Ergonomik dizayn sayesinde tekerlekli ta\u015f\u0131ma sistemli<\/li>\n<\/ul>\n","protected":false},"featured_media":6376,"comment_status":"open","ping_status":"closed","template":"","meta":[],"product_cat":[177],"product_tag":[],"class_list":["post-6234","product","type-product","status-publish","has-post-thumbnail","hentry","pwb-brand-gys","product_cat-sasi-ve-karoseri-duzeltme"],"brands":[{"id":378,"name":"GYS","slug":"gys"}],"yoast_head":"<!-- This site is optimized with the Yoast SEO plugin v17.1 - https:\/\/yoast.com\/wordpress\/plugins\/seo\/ -->\n<title>Hava Vakumlu \u00c7ektirme KulesiGYS(Born in FRANCE)Airfix Draw Aligner - Bak\u0131rc\u0131 Garagineering<\/title>\n<meta name=\"robots\" content=\"index, follow, max-snippet:-1, max-image-preview:large, max-video-preview:-1\" \/>\n<link rel=\"canonical\" href=\"https:\/\/bakirci.com\/ekipman\/servis-ekipmanlari\/kaporta\/sasi-ve-karoseri-duzeltme\/hava-vakumlu-cektirme-kulesigysborn-in-franceairfix-draw-aligner\/\" \/>\n<meta property=\"og:locale\" content=\"tr_TR\" \/>\n<meta property=\"og:type\" content=\"article\" \/>\n<meta property=\"og:title\" content=\"Hava Vakumlu \u00c7ektirme KulesiGYS(Born in FRANCE)Airfix Draw Aligner - Bak\u0131rc\u0131 Garagineering\" \/>\n<meta property=\"og:description\" content=\"Patentli hava vantuzlu sistem  Maksimum 1300 mm y\u00fcksekli\u011finde  1300mm y\u00fckseklik boyunca 350 kg \u00e7ekme kuvetine sahip,  \u00c7ekme Y\u00fcksekli\u011fini saniyeler i\u00e7inde ayarlamak i\u00e7in kayd\u0131rma sistemli  1500kg kapasiteli \u00e7ektirme cereskal\u0131  Ergonomik dizayn sayesinde tekerlekli ta\u015f\u0131ma sistemli\" \/>\n<meta property=\"og:url\" content=\"https:\/\/bakirci.com\/ekipman\/servis-ekipmanlari\/kaporta\/sasi-ve-karoseri-duzeltme\/hava-vakumlu-cektirme-kulesigysborn-in-franceairfix-draw-aligner\/\" \/>\n<meta property=\"og:site_name\" content=\"Bak\u0131rc\u0131 Garagineering\" \/>\n<meta property=\"article:publisher\" content=\"https:\/\/www.facebook.com\/bakirci.garagineering\" \/>\n<meta property=\"article:modified_time\" content=\"2023-07-25T06:44:54+00:00\" \/>\n<meta property=\"og:image\" content=\"https:\/\/bakirci.com\/ekipman\/wp-content\/uploads\/2023\/07\/Hava-Vakumlu-Cektirme-Kulesi-\u2013-Airfix-Draw-Aligner.png\" \/>\n\t<meta property=\"og:image:width\" content=\"1080\" \/>\n\t<meta property=\"og:image:height\" content=\"1080\" \/>\n<meta name=\"twitter:card\" content=\"summary_large_image\" \/>\n<script type=\"application\/ld+json\" class=\"yoast-schema-graph\">{\"@context\":\"https:\/\/schema.org\",\"@graph\":[{\"@type\":\"Organization\",\"@id\":\"https:\/\/bakirci.com\/ekipman\/#organization\",\"name\":\"Bak\\u0131rc\\u0131 garagineering\",\"url\":\"https:\/\/bakirci.com\/ekipman\/\",\"sameAs\":[\"https:\/\/www.facebook.com\/bakirci.garagineering\",\"https:\/\/www.instagram.com\/bakirci.garagineering\/\",\"https:\/\/www.linkedin.com\/company\/bakirci-garagineering\/\",\"https:\/\/www.youtube.com\/channel\/UCiVG6s_jALJ6Zk8085XiOQg\"],\"logo\":{\"@type\":\"ImageObject\",\"@id\":\"https:\/\/bakirci.com\/ekipman\/#logo\",\"inLanguage\":\"tr\",\"url\":\"https:\/\/bakirci.com\/ekipman\/wp-content\/uploads\/2021\/09\/Bakirci-logo-lacivert.png\",\"contentUrl\":\"https:\/\/bakirci.com\/ekipman\/wp-content\/uploads\/2021\/09\/Bakirci-logo-lacivert.png\",\"width\":501,\"height\":501,\"caption\":\"Bak\\u0131rc\\u0131 garagineering\"},\"image\":{\"@id\":\"https:\/\/bakirci.com\/ekipman\/#logo\"}},{\"@type\":\"WebSite\",\"@id\":\"https:\/\/bakirci.com\/ekipman\/#website\",\"url\":\"https:\/\/bakirci.com\/ekipman\/\",\"name\":\"Bak\\u0131rc\\u0131 Garagineering\",\"description\":\"Otomotiv sekt\\u00f6r\\u00fcne \\u00f6zel, \\u201c\\u00dcretici Standard\\u0131nda\\u201d \\u00e7\\u00f6z\\u00fcmler\\u2026\",\"publisher\":{\"@id\":\"https:\/\/bakirci.com\/ekipman\/#organization\"},\"potentialAction\":[{\"@type\":\"SearchAction\",\"target\":{\"@type\":\"EntryPoint\",\"urlTemplate\":\"https:\/\/bakirci.com\/ekipman\/?s={search_term_string}\"},\"query-input\":\"required name=search_term_string\"}],\"inLanguage\":\"tr\"},{\"@type\":\"ImageObject\",\"@id\":\"https:\/\/bakirci.com\/ekipman\/servis-ekipmanlari\/kaporta\/sasi-ve-karoseri-duzeltme\/hava-vakumlu-cektirme-kulesigysborn-in-franceairfix-draw-aligner\/#primaryimage\",\"inLanguage\":\"tr\",\"url\":\"https:\/\/bakirci.com\/ekipman\/wp-content\/uploads\/2023\/07\/Hava-Vakumlu-Cektirme-Kulesi-\\u2013-Airfix-Draw-Aligner.png\",\"contentUrl\":\"https:\/\/bakirci.com\/ekipman\/wp-content\/uploads\/2023\/07\/Hava-Vakumlu-Cektirme-Kulesi-\\u2013-Airfix-Draw-Aligner.png\",\"width\":1080,\"height\":1080},{\"@type\":\"WebPage\",\"@id\":\"https:\/\/bakirci.com\/ekipman\/servis-ekipmanlari\/kaporta\/sasi-ve-karoseri-duzeltme\/hava-vakumlu-cektirme-kulesigysborn-in-franceairfix-draw-aligner\/#webpage\",\"url\":\"https:\/\/bakirci.com\/ekipman\/servis-ekipmanlari\/kaporta\/sasi-ve-karoseri-duzeltme\/hava-vakumlu-cektirme-kulesigysborn-in-franceairfix-draw-aligner\/\",\"name\":\"Hava Vakumlu \\u00c7ektirme Kulesi GYS(Born in FRANCE) Airfix Draw Aligner - Bak\\u0131rc\\u0131 Garagineering\",\"isPartOf\":{\"@id\":\"https:\/\/bakirci.com\/ekipman\/#website\"},\"primaryImageOfPage\":{\"@id\":\"https:\/\/bakirci.com\/ekipman\/servis-ekipmanlari\/kaporta\/sasi-ve-karoseri-duzeltme\/hava-vakumlu-cektirme-kulesigysborn-in-franceairfix-draw-aligner\/#primaryimage\"},\"datePublished\":\"2021-01-25T12:00:57+00:00\",\"dateModified\":\"2023-07-25T06:44:54+00:00\",\"breadcrumb\":{\"@id\":\"https:\/\/bakirci.com\/ekipman\/servis-ekipmanlari\/kaporta\/sasi-ve-karoseri-duzeltme\/hava-vakumlu-cektirme-kulesigysborn-in-franceairfix-draw-aligner\/#breadcrumb\"},\"inLanguage\":\"tr\",\"potentialAction\":[{\"@type\":\"ReadAction\",\"target\":[\"https:\/\/bakirci.com\/ekipman\/servis-ekipmanlari\/kaporta\/sasi-ve-karoseri-duzeltme\/hava-vakumlu-cektirme-kulesigysborn-in-franceairfix-draw-aligner\/\"]}]},{\"@type\":\"BreadcrumbList\",\"@id\":\"https:\/\/bakirci.com\/ekipman\/servis-ekipmanlari\/kaporta\/sasi-ve-karoseri-duzeltme\/hava-vakumlu-cektirme-kulesigysborn-in-franceairfix-draw-aligner\/#breadcrumb\",\"itemListElement\":[{\"@type\":\"ListItem\",\"position\":1,\"name\":\"Ekipman\",\"item\":\"https:\/\/bakirci.com\/ekipman\/\"},{\"@type\":\"ListItem\",\"position\":2,\"name\":\"Otomotiv Tesisleri \\u0130\\u00e7in Servis Ekipmanlar\\u0131\",\"item\":\"https:\/\/bakirci.com\/ekipman\/\"},{\"@type\":\"ListItem\",\"position\":3,\"name\":\"Hava Vakumlu \\u00c7ektirme KulesiGYS(Born in FRANCE)Airfix Draw Aligner\"}]}]}<\/script>\n<!-- \/ Yoast SEO plugin. -->","yoast_head_json":{"title":"Hava Vakumlu \u00c7ektirme KulesiGYS(Born in FRANCE)Airfix Draw Aligner - Bak\u0131rc\u0131 Garagineering","robots":{"index":"index","follow":"follow","max-snippet":"max-snippet:-1","max-image-preview":"max-image-preview:large","max-video-preview":"max-video-preview:-1"},"canonical":"https:\/\/bakirci.com\/ekipman\/servis-ekipmanlari\/kaporta\/sasi-ve-karoseri-duzeltme\/hava-vakumlu-cektirme-kulesigysborn-in-franceairfix-draw-aligner\/","og_locale":"tr_TR","og_type":"article","og_title":"Hava Vakumlu \u00c7ektirme KulesiGYS(Born in FRANCE)Airfix Draw Aligner - Bak\u0131rc\u0131 Garagineering","og_description":"Patentli hava vantuzlu sistem  Maksimum 1300 mm y\u00fcksekli\u011finde  1300mm y\u00fckseklik boyunca 350 kg \u00e7ekme kuvetine sahip,  \u00c7ekme Y\u00fcksekli\u011fini saniyeler i\u00e7inde ayarlamak i\u00e7in kayd\u0131rma sistemli  1500kg kapasiteli \u00e7ektirme cereskal\u0131  Ergonomik dizayn sayesinde tekerlekli ta\u015f\u0131ma sistemli","og_url":"https:\/\/bakirci.com\/ekipman\/servis-ekipmanlari\/kaporta\/sasi-ve-karoseri-duzeltme\/hava-vakumlu-cektirme-kulesigysborn-in-franceairfix-draw-aligner\/","og_site_name":"Bak\u0131rc\u0131 Garagineering","article_publisher":"https:\/\/www.facebook.com\/bakirci.garagineering","article_modified_time":"2023-07-25T06:44:54+00:00","og_image":[{"width":1080,"height":1080,"filesize":230443,"url":"https:\/\/bakirci.com\/ekipman\/wp-content\/uploads\/2023\/07\/Hava-Vakumlu-Cektirme-Kulesi-\u2013-Airfix-Draw-Aligner.png","path":"\/home\/bakirciwebsitesi\/public_html\/ekipman\/wp-content\/uploads\/2023\/07\/Hava-Vakumlu-Cektirme-Kulesi-\u2013-Airfix-Draw-Aligner.png","size":"full","id":6376,"alt":"","pixels":1166400,"type":"image\/png"}],"twitter_card":"summary_large_image","schema":{"@context":"https:\/\/schema.org","@graph":[{"@type":"Organization","@id":"https:\/\/bakirci.com\/ekipman\/#organization","name":"Bak\u0131rc\u0131 garagineering","url":"https:\/\/bakirci.com\/ekipman\/","sameAs":["https:\/\/www.facebook.com\/bakirci.garagineering","https:\/\/www.instagram.com\/bakirci.garagineering\/","https:\/\/www.linkedin.com\/company\/bakirci-garagineering\/","https:\/\/www.youtube.com\/channel\/UCiVG6s_jALJ6Zk8085XiOQg"],"logo":{"@type":"ImageObject","@id":"https:\/\/bakirci.com\/ekipman\/#logo","inLanguage":"tr","url":"https:\/\/bakirci.com\/ekipman\/wp-content\/uploads\/2021\/09\/Bakirci-logo-lacivert.png","contentUrl":"https:\/\/bakirci.com\/ekipman\/wp-content\/uploads\/2021\/09\/Bakirci-logo-lacivert.png","width":501,"height":501,"caption":"Bak\u0131rc\u0131 garagineering"},"image":{"@id":"https:\/\/bakirci.com\/ekipman\/#logo"}},{"@type":"WebSite","@id":"https:\/\/bakirci.com\/ekipman\/#website","url":"https:\/\/bakirci.com\/ekipman\/","name":"Bak\u0131rc\u0131 Garagineering","description":"Otomotiv sekt\u00f6r\u00fcne \u00f6zel, \u201c\u00dcretici Standard\u0131nda\u201d \u00e7\u00f6z\u00fcmler\u2026","publisher":{"@id":"https:\/\/bakirci.com\/ekipman\/#organization"},"potentialAction":[{"@type":"SearchAction","target":{"@type":"EntryPoint","urlTemplate":"https:\/\/bakirci.com\/ekipman\/?s={search_term_string}"},"query-input":"required name=search_term_string"}],"inLanguage":"tr"},{"@type":"ImageObject","@id":"https:\/\/bakirci.com\/ekipman\/servis-ekipmanlari\/kaporta\/sasi-ve-karoseri-duzeltme\/hava-vakumlu-cektirme-kulesigysborn-in-franceairfix-draw-aligner\/#primaryimage","inLanguage":"tr","url":"https:\/\/bakirci.com\/ekipman\/wp-content\/uploads\/2023\/07\/Hava-Vakumlu-Cektirme-Kulesi-\u2013-Airfix-Draw-Aligner.png","contentUrl":"https:\/\/bakirci.com\/ekipman\/wp-content\/uploads\/2023\/07\/Hava-Vakumlu-Cektirme-Kulesi-\u2013-Airfix-Draw-Aligner.png","width":1080,"height":1080},{"@type":"WebPage","@id":"https:\/\/bakirci.com\/ekipman\/servis-ekipmanlari\/kaporta\/sasi-ve-karoseri-duzeltme\/hava-vakumlu-cektirme-kulesigysborn-in-franceairfix-draw-aligner\/#webpage","url":"https:\/\/bakirci.com\/ekipman\/servis-ekipmanlari\/kaporta\/sasi-ve-karoseri-duzeltme\/hava-vakumlu-cektirme-kulesigysborn-in-franceairfix-draw-aligner\/","name":"Hava Vakumlu \u00c7ektirme Kulesi GYS(Born in FRANCE) Airfix Draw Aligner - Bak\u0131rc\u0131 Garagineering","isPartOf":{"@id":"https:\/\/bakirci.com\/ekipman\/#website"},"primaryImageOfPage":{"@id":"https:\/\/bakirci.com\/ekipman\/servis-ekipmanlari\/kaporta\/sasi-ve-karoseri-duzeltme\/hava-vakumlu-cektirme-kulesigysborn-in-franceairfix-draw-aligner\/#primaryimage"},"datePublished":"2021-01-25T12:00:57+00:00","dateModified":"2023-07-25T06:44:54+00:00","breadcrumb":{"@id":"https:\/\/bakirci.com\/ekipman\/servis-ekipmanlari\/kaporta\/sasi-ve-karoseri-duzeltme\/hava-vakumlu-cektirme-kulesigysborn-in-franceairfix-draw-aligner\/#breadcrumb"},"inLanguage":"tr","potentialAction":[{"@type":"ReadAction","target":["https:\/\/bakirci.com\/ekipman\/servis-ekipmanlari\/kaporta\/sasi-ve-karoseri-duzeltme\/hava-vakumlu-cektirme-kulesigysborn-in-franceairfix-draw-aligner\/"]}]},{"@type":"BreadcrumbList","@id":"https:\/\/bakirci.com\/ekipman\/servis-ekipmanlari\/kaporta\/sasi-ve-karoseri-duzeltme\/hava-vakumlu-cektirme-kulesigysborn-in-franceairfix-draw-aligner\/#breadcrumb","itemListElement":[{"@type":"ListItem","position":1,"name":"Ekipman","item":"https:\/\/bakirci.com\/ekipman\/"},{"@type":"ListItem","position":2,"name":"Otomotiv Tesisleri \u0130\u00e7in Servis Ekipmanlar\u0131","item":"https:\/\/bakirci.com\/ekipman\/"},{"@type":"ListItem","position":3,"name":"Hava Vakumlu \u00c7ektirme KulesiGYS(Born in FRANCE)Airfix Draw Aligner"}]}]}},"_links":{"self":[{"href":"https:\/\/bakirci.com\/ekipman\/wp-json\/wp\/v2\/product\/6234","targetHints":{"allow":["GET"]}}],"collection":[{"href":"https:\/\/bakirci.com\/ekipman\/wp-json\/wp\/v2\/product"}],"about":[{"href":"https:\/\/bakirci.com\/ekipman\/wp-json\/wp\/v2\/types\/product"}],"replies":[{"embeddable":true,"href":"https:\/\/bakirci.com\/ekipman\/wp-json\/wp\/v2\/comments?post=6234"}],"wp:featuredmedia":[{"embeddable":true,"href":"https:\/\/bakirci.com\/ekipman\/wp-json\/wp\/v2\/media\/6376"}],"wp:attachment":[{"href":"https:\/\/bakirci.com\/ekipman\/wp-json\/wp\/v2\/media?parent=6234"}],"wp:term":[{"taxonomy":"product_cat","embeddable":true,"href":"https:\/\/bakirci.com\/ekipman\/wp-json\/wp\/v2\/product_cat?post=6234"},{"taxonomy":"product_tag","embeddable":true,"href":"https:\/\/bakirci.com\/ekipman\/wp-json\/wp\/v2\/product_tag?post=6234"}],"curies":[{"name":"wp","href":"https:\/\/api.w.org\/{rel}","templated":true}]}}