{"id":6230,"date":"2021-01-02T16:30:49","date_gmt":"2021-01-02T16:30:49","guid":{"rendered":"https:\/\/bakirci.com\/ekipman\/?post_type=product&#038;p=6230"},"modified":"2023-07-25T06:34:40","modified_gmt":"2023-07-25T06:34:40","slug":"aku-start-cihazigys-born-in-francegyscap-24v","status":"publish","type":"product","link":"https:\/\/bakirci.com\/ekipman\/servis-ekipmanlari\/mekanik\/aku-bakim-cihazlari\/aku-start-cihazigys-born-in-francegyscap-24v\/","title":{"rendered":"<p class=\"ustmetin\">Ak\u00fc Start Cihaz\u0131<\/p><p class=\"ortametin\">GYS <span class=\"ortametin2\">(Born in FRANCE)<\/span><\/p><p class=\"altmetin\">Gyscap 24V<\/p>"},"content":{"rendered":"<ul>\n<li>Bataryas\u0131z yeni nesil kapasit\u00f6rl\u00fc sistem<\/li>\n<li>Performans kayb\u0131 olmaks\u0131z\u0131n 1.000.000 kez ak\u00fc start \u00f6mr\u00fc<\/li>\n<li>A\u011f\u0131r ticari ara\u00e7lar i\u00e7in<\/li>\n<li>\u00c7akmak giri\u015finden veya ak\u00fc \u00fczerinden \u015farj imkan\u0131<\/li>\n<li>\u00dcst d\u00fczeyde g\u00fcvenlik sistemi<\/li>\n<li>K\u0131sa devre, ters ba\u011flant\u0131 korumas\u0131 ve izoleli ma\u015falar<\/li>\n<li>sayesinde ara\u00e7 \u00fczerindeki elektronik sistemleri ve ak\u00fcy\u00fc koruma<\/li>\n<li>Mar\u015f kapasitesi 24 V \/ 4500 A<\/li>\n<li>Pik ak\u0131m\u0131 10000 A<\/li>\n<li>Kapasit\u00f6r 10&#215;3000 farad<\/li>\n<li>A\u011f\u0131rl\u0131k 8,2 kg<\/li>\n<\/ul>\n","protected":false},"excerpt":{"rendered":"<ul>\n<li>Bataryas\u0131z yeni nesil kapasit\u00f6rl\u00fc sistem<\/li>\n<li>Performans kayb\u0131 olmaks\u0131z\u0131n 1.000.000 kez ak\u00fc start \u00f6mr\u00fc<\/li>\n<li>A\u011f\u0131r ticari ara\u00e7lar i\u00e7in<\/li>\n<li>\u00c7akmak giri\u015finden veya ak\u00fc \u00fczerinden \u015farj imkan\u0131<\/li>\n<li>\u00dcst d\u00fczeyde g\u00fcvenlik sistemi<\/li>\n<li>K\u0131sa devre, ters ba\u011flant\u0131 korumas\u0131 ve izoleli ma\u015falar<\/li>\n<li>sayesinde ara\u00e7 \u00fczerindeki elektronik sistemleri ve ak\u00fcy\u00fc koruma<\/li>\n<li>Mar\u015f kapasitesi 24 V \/ 4500 A<\/li>\n<li>Pik ak\u0131m\u0131 10000 A<\/li>\n<li>Kapasit\u00f6r 10&#215;3000 farad<\/li>\n<li>A\u011f\u0131rl\u0131k 8,2 kg<\/li>\n<\/ul>\n","protected":false},"featured_media":6372,"comment_status":"open","ping_status":"closed","template":"","meta":[],"product_cat":[142],"product_tag":[],"class_list":["post-6230","product","type-product","status-publish","has-post-thumbnail","hentry","pwb-brand-gys","product_cat-aku-bakim-cihazlari"],"brands":[{"id":378,"name":"GYS","slug":"gys"}],"yoast_head":"<!-- This site is optimized with the Yoast SEO plugin v17.1 - https:\/\/yoast.com\/wordpress\/plugins\/seo\/ -->\n<title>Ak\u00fc Start Cihaz\u0131GYS (Born in FRANCE)Gyscap 24V - Bak\u0131rc\u0131 Garagineering<\/title>\n<meta name=\"robots\" content=\"index, follow, max-snippet:-1, max-image-preview:large, max-video-preview:-1\" \/>\n<link rel=\"canonical\" href=\"https:\/\/bakirci.com\/ekipman\/servis-ekipmanlari\/mekanik\/aku-bakim-cihazlari\/aku-start-cihazigys-born-in-francegyscap-24v\/\" \/>\n<meta property=\"og:locale\" content=\"tr_TR\" \/>\n<meta property=\"og:type\" content=\"article\" \/>\n<meta property=\"og:title\" content=\"Ak\u00fc Start Cihaz\u0131GYS (Born in FRANCE)Gyscap 24V - Bak\u0131rc\u0131 Garagineering\" \/>\n<meta property=\"og:description\" content=\"Bataryas\u0131z yeni nesil kapasit\u00f6rl\u00fc sistem  Performans kayb\u0131 olmaks\u0131z\u0131n 1.000.000 kez ak\u00fc start \u00f6mr\u00fc  A\u011f\u0131r ticari ara\u00e7lar i\u00e7in  \u00c7akmak giri\u015finden veya ak\u00fc \u00fczerinden \u015farj imkan\u0131  \u00dcst d\u00fczeyde g\u00fcvenlik sistemi  K\u0131sa devre, ters ba\u011flant\u0131 korumas\u0131 ve izoleli ma\u015falar  sayesinde ara\u00e7 \u00fczerindeki elektronik sistemleri ve ak\u00fcy\u00fc koruma  Mar\u015f kapasitesi 24 V \/ 4500 A  Pik ak\u0131m\u0131 10000 A  Kapasit\u00f6r 10x3000 farad  A\u011f\u0131rl\u0131k 8,2 kg\" \/>\n<meta property=\"og:url\" content=\"https:\/\/bakirci.com\/ekipman\/servis-ekipmanlari\/mekanik\/aku-bakim-cihazlari\/aku-start-cihazigys-born-in-francegyscap-24v\/\" \/>\n<meta property=\"og:site_name\" content=\"Bak\u0131rc\u0131 Garagineering\" \/>\n<meta property=\"article:publisher\" content=\"https:\/\/www.facebook.com\/bakirci.garagineering\" \/>\n<meta property=\"article:modified_time\" content=\"2023-07-25T06:34:40+00:00\" \/>\n<meta property=\"og:image\" content=\"https:\/\/bakirci.com\/ekipman\/wp-content\/uploads\/2023\/07\/Aku-Start-Cihazi-\u2013-Gyscap-24V-1.png\" \/>\n\t<meta property=\"og:image:width\" content=\"1080\" \/>\n\t<meta property=\"og:image:height\" content=\"1080\" \/>\n<meta name=\"twitter:card\" content=\"summary_large_image\" \/>\n<script type=\"application\/ld+json\" class=\"yoast-schema-graph\">{\"@context\":\"https:\/\/schema.org\",\"@graph\":[{\"@type\":\"Organization\",\"@id\":\"https:\/\/bakirci.com\/ekipman\/#organization\",\"name\":\"Bak\\u0131rc\\u0131 garagineering\",\"url\":\"https:\/\/bakirci.com\/ekipman\/\",\"sameAs\":[\"https:\/\/www.facebook.com\/bakirci.garagineering\",\"https:\/\/www.instagram.com\/bakirci.garagineering\/\",\"https:\/\/www.linkedin.com\/company\/bakirci-garagineering\/\",\"https:\/\/www.youtube.com\/channel\/UCiVG6s_jALJ6Zk8085XiOQg\"],\"logo\":{\"@type\":\"ImageObject\",\"@id\":\"https:\/\/bakirci.com\/ekipman\/#logo\",\"inLanguage\":\"tr\",\"url\":\"https:\/\/bakirci.com\/ekipman\/wp-content\/uploads\/2021\/09\/Bakirci-logo-lacivert.png\",\"contentUrl\":\"https:\/\/bakirci.com\/ekipman\/wp-content\/uploads\/2021\/09\/Bakirci-logo-lacivert.png\",\"width\":501,\"height\":501,\"caption\":\"Bak\\u0131rc\\u0131 garagineering\"},\"image\":{\"@id\":\"https:\/\/bakirci.com\/ekipman\/#logo\"}},{\"@type\":\"WebSite\",\"@id\":\"https:\/\/bakirci.com\/ekipman\/#website\",\"url\":\"https:\/\/bakirci.com\/ekipman\/\",\"name\":\"Bak\\u0131rc\\u0131 Garagineering\",\"description\":\"Otomotiv sekt\\u00f6r\\u00fcne \\u00f6zel, \\u201c\\u00dcretici Standard\\u0131nda\\u201d \\u00e7\\u00f6z\\u00fcmler\\u2026\",\"publisher\":{\"@id\":\"https:\/\/bakirci.com\/ekipman\/#organization\"},\"potentialAction\":[{\"@type\":\"SearchAction\",\"target\":{\"@type\":\"EntryPoint\",\"urlTemplate\":\"https:\/\/bakirci.com\/ekipman\/?s={search_term_string}\"},\"query-input\":\"required name=search_term_string\"}],\"inLanguage\":\"tr\"},{\"@type\":\"ImageObject\",\"@id\":\"https:\/\/bakirci.com\/ekipman\/servis-ekipmanlari\/mekanik\/aku-bakim-cihazlari\/aku-start-cihazigys-born-in-francegyscap-24v\/#primaryimage\",\"inLanguage\":\"tr\",\"url\":\"https:\/\/bakirci.com\/ekipman\/wp-content\/uploads\/2023\/07\/Aku-Start-Cihazi-\\u2013-Gyscap-24V-1.png\",\"contentUrl\":\"https:\/\/bakirci.com\/ekipman\/wp-content\/uploads\/2023\/07\/Aku-Start-Cihazi-\\u2013-Gyscap-24V-1.png\",\"width\":1080,\"height\":1080},{\"@type\":\"WebPage\",\"@id\":\"https:\/\/bakirci.com\/ekipman\/servis-ekipmanlari\/mekanik\/aku-bakim-cihazlari\/aku-start-cihazigys-born-in-francegyscap-24v\/#webpage\",\"url\":\"https:\/\/bakirci.com\/ekipman\/servis-ekipmanlari\/mekanik\/aku-bakim-cihazlari\/aku-start-cihazigys-born-in-francegyscap-24v\/\",\"name\":\"Ak\\u00fc Start Cihaz\\u0131 GYS (Born in FRANCE) Gyscap 24V - Bak\\u0131rc\\u0131 Garagineering\",\"isPartOf\":{\"@id\":\"https:\/\/bakirci.com\/ekipman\/#website\"},\"primaryImageOfPage\":{\"@id\":\"https:\/\/bakirci.com\/ekipman\/servis-ekipmanlari\/mekanik\/aku-bakim-cihazlari\/aku-start-cihazigys-born-in-francegyscap-24v\/#primaryimage\"},\"datePublished\":\"2021-01-02T16:30:49+00:00\",\"dateModified\":\"2023-07-25T06:34:40+00:00\",\"breadcrumb\":{\"@id\":\"https:\/\/bakirci.com\/ekipman\/servis-ekipmanlari\/mekanik\/aku-bakim-cihazlari\/aku-start-cihazigys-born-in-francegyscap-24v\/#breadcrumb\"},\"inLanguage\":\"tr\",\"potentialAction\":[{\"@type\":\"ReadAction\",\"target\":[\"https:\/\/bakirci.com\/ekipman\/servis-ekipmanlari\/mekanik\/aku-bakim-cihazlari\/aku-start-cihazigys-born-in-francegyscap-24v\/\"]}]},{\"@type\":\"BreadcrumbList\",\"@id\":\"https:\/\/bakirci.com\/ekipman\/servis-ekipmanlari\/mekanik\/aku-bakim-cihazlari\/aku-start-cihazigys-born-in-francegyscap-24v\/#breadcrumb\",\"itemListElement\":[{\"@type\":\"ListItem\",\"position\":1,\"name\":\"Ekipman\",\"item\":\"https:\/\/bakirci.com\/ekipman\/\"},{\"@type\":\"ListItem\",\"position\":2,\"name\":\"Otomotiv Tesisleri \\u0130\\u00e7in Servis Ekipmanlar\\u0131\",\"item\":\"https:\/\/bakirci.com\/ekipman\/\"},{\"@type\":\"ListItem\",\"position\":3,\"name\":\"Ak\\u00fc Start Cihaz\\u0131GYS (Born in FRANCE)Gyscap 24V\"}]}]}<\/script>\n<!-- \/ Yoast SEO plugin. -->","yoast_head_json":{"title":"Ak\u00fc Start Cihaz\u0131GYS (Born in FRANCE)Gyscap 24V - Bak\u0131rc\u0131 Garagineering","robots":{"index":"index","follow":"follow","max-snippet":"max-snippet:-1","max-image-preview":"max-image-preview:large","max-video-preview":"max-video-preview:-1"},"canonical":"https:\/\/bakirci.com\/ekipman\/servis-ekipmanlari\/mekanik\/aku-bakim-cihazlari\/aku-start-cihazigys-born-in-francegyscap-24v\/","og_locale":"tr_TR","og_type":"article","og_title":"Ak\u00fc Start Cihaz\u0131GYS (Born in FRANCE)Gyscap 24V - Bak\u0131rc\u0131 Garagineering","og_description":"Bataryas\u0131z yeni nesil kapasit\u00f6rl\u00fc sistem  Performans kayb\u0131 olmaks\u0131z\u0131n 1.000.000 kez ak\u00fc start \u00f6mr\u00fc  A\u011f\u0131r ticari ara\u00e7lar i\u00e7in  \u00c7akmak giri\u015finden veya ak\u00fc \u00fczerinden \u015farj imkan\u0131  \u00dcst d\u00fczeyde g\u00fcvenlik sistemi  K\u0131sa devre, ters ba\u011flant\u0131 korumas\u0131 ve izoleli ma\u015falar  sayesinde ara\u00e7 \u00fczerindeki elektronik sistemleri ve ak\u00fcy\u00fc koruma  Mar\u015f kapasitesi 24 V \/ 4500 A  Pik ak\u0131m\u0131 10000 A  Kapasit\u00f6r 10x3000 farad  A\u011f\u0131rl\u0131k 8,2 kg","og_url":"https:\/\/bakirci.com\/ekipman\/servis-ekipmanlari\/mekanik\/aku-bakim-cihazlari\/aku-start-cihazigys-born-in-francegyscap-24v\/","og_site_name":"Bak\u0131rc\u0131 Garagineering","article_publisher":"https:\/\/www.facebook.com\/bakirci.garagineering","article_modified_time":"2023-07-25T06:34:40+00:00","og_image":[{"width":1080,"height":1080,"filesize":374345,"url":"https:\/\/bakirci.com\/ekipman\/wp-content\/uploads\/2023\/07\/Aku-Start-Cihazi-\u2013-Gyscap-24V-1.png","path":"\/home\/bakirciwebsitesi\/public_html\/ekipman\/wp-content\/uploads\/2023\/07\/Aku-Start-Cihazi-\u2013-Gyscap-24V-1.png","size":"full","id":6372,"alt":"","pixels":1166400,"type":"image\/png"}],"twitter_card":"summary_large_image","schema":{"@context":"https:\/\/schema.org","@graph":[{"@type":"Organization","@id":"https:\/\/bakirci.com\/ekipman\/#organization","name":"Bak\u0131rc\u0131 garagineering","url":"https:\/\/bakirci.com\/ekipman\/","sameAs":["https:\/\/www.facebook.com\/bakirci.garagineering","https:\/\/www.instagram.com\/bakirci.garagineering\/","https:\/\/www.linkedin.com\/company\/bakirci-garagineering\/","https:\/\/www.youtube.com\/channel\/UCiVG6s_jALJ6Zk8085XiOQg"],"logo":{"@type":"ImageObject","@id":"https:\/\/bakirci.com\/ekipman\/#logo","inLanguage":"tr","url":"https:\/\/bakirci.com\/ekipman\/wp-content\/uploads\/2021\/09\/Bakirci-logo-lacivert.png","contentUrl":"https:\/\/bakirci.com\/ekipman\/wp-content\/uploads\/2021\/09\/Bakirci-logo-lacivert.png","width":501,"height":501,"caption":"Bak\u0131rc\u0131 garagineering"},"image":{"@id":"https:\/\/bakirci.com\/ekipman\/#logo"}},{"@type":"WebSite","@id":"https:\/\/bakirci.com\/ekipman\/#website","url":"https:\/\/bakirci.com\/ekipman\/","name":"Bak\u0131rc\u0131 Garagineering","description":"Otomotiv sekt\u00f6r\u00fcne \u00f6zel, \u201c\u00dcretici Standard\u0131nda\u201d \u00e7\u00f6z\u00fcmler\u2026","publisher":{"@id":"https:\/\/bakirci.com\/ekipman\/#organization"},"potentialAction":[{"@type":"SearchAction","target":{"@type":"EntryPoint","urlTemplate":"https:\/\/bakirci.com\/ekipman\/?s={search_term_string}"},"query-input":"required name=search_term_string"}],"inLanguage":"tr"},{"@type":"ImageObject","@id":"https:\/\/bakirci.com\/ekipman\/servis-ekipmanlari\/mekanik\/aku-bakim-cihazlari\/aku-start-cihazigys-born-in-francegyscap-24v\/#primaryimage","inLanguage":"tr","url":"https:\/\/bakirci.com\/ekipman\/wp-content\/uploads\/2023\/07\/Aku-Start-Cihazi-\u2013-Gyscap-24V-1.png","contentUrl":"https:\/\/bakirci.com\/ekipman\/wp-content\/uploads\/2023\/07\/Aku-Start-Cihazi-\u2013-Gyscap-24V-1.png","width":1080,"height":1080},{"@type":"WebPage","@id":"https:\/\/bakirci.com\/ekipman\/servis-ekipmanlari\/mekanik\/aku-bakim-cihazlari\/aku-start-cihazigys-born-in-francegyscap-24v\/#webpage","url":"https:\/\/bakirci.com\/ekipman\/servis-ekipmanlari\/mekanik\/aku-bakim-cihazlari\/aku-start-cihazigys-born-in-francegyscap-24v\/","name":"Ak\u00fc Start Cihaz\u0131 GYS (Born in FRANCE) Gyscap 24V - Bak\u0131rc\u0131 Garagineering","isPartOf":{"@id":"https:\/\/bakirci.com\/ekipman\/#website"},"primaryImageOfPage":{"@id":"https:\/\/bakirci.com\/ekipman\/servis-ekipmanlari\/mekanik\/aku-bakim-cihazlari\/aku-start-cihazigys-born-in-francegyscap-24v\/#primaryimage"},"datePublished":"2021-01-02T16:30:49+00:00","dateModified":"2023-07-25T06:34:40+00:00","breadcrumb":{"@id":"https:\/\/bakirci.com\/ekipman\/servis-ekipmanlari\/mekanik\/aku-bakim-cihazlari\/aku-start-cihazigys-born-in-francegyscap-24v\/#breadcrumb"},"inLanguage":"tr","potentialAction":[{"@type":"ReadAction","target":["https:\/\/bakirci.com\/ekipman\/servis-ekipmanlari\/mekanik\/aku-bakim-cihazlari\/aku-start-cihazigys-born-in-francegyscap-24v\/"]}]},{"@type":"BreadcrumbList","@id":"https:\/\/bakirci.com\/ekipman\/servis-ekipmanlari\/mekanik\/aku-bakim-cihazlari\/aku-start-cihazigys-born-in-francegyscap-24v\/#breadcrumb","itemListElement":[{"@type":"ListItem","position":1,"name":"Ekipman","item":"https:\/\/bakirci.com\/ekipman\/"},{"@type":"ListItem","position":2,"name":"Otomotiv Tesisleri \u0130\u00e7in Servis Ekipmanlar\u0131","item":"https:\/\/bakirci.com\/ekipman\/"},{"@type":"ListItem","position":3,"name":"Ak\u00fc Start Cihaz\u0131GYS (Born in FRANCE)Gyscap 24V"}]}]}},"_links":{"self":[{"href":"https:\/\/bakirci.com\/ekipman\/wp-json\/wp\/v2\/product\/6230","targetHints":{"allow":["GET"]}}],"collection":[{"href":"https:\/\/bakirci.com\/ekipman\/wp-json\/wp\/v2\/product"}],"about":[{"href":"https:\/\/bakirci.com\/ekipman\/wp-json\/wp\/v2\/types\/product"}],"replies":[{"embeddable":true,"href":"https:\/\/bakirci.com\/ekipman\/wp-json\/wp\/v2\/comments?post=6230"}],"wp:featuredmedia":[{"embeddable":true,"href":"https:\/\/bakirci.com\/ekipman\/wp-json\/wp\/v2\/media\/6372"}],"wp:attachment":[{"href":"https:\/\/bakirci.com\/ekipman\/wp-json\/wp\/v2\/media?parent=6230"}],"wp:term":[{"taxonomy":"product_cat","embeddable":true,"href":"https:\/\/bakirci.com\/ekipman\/wp-json\/wp\/v2\/product_cat?post=6230"},{"taxonomy":"product_tag","embeddable":true,"href":"https:\/\/bakirci.com\/ekipman\/wp-json\/wp\/v2\/product_tag?post=6230"}],"curies":[{"name":"wp","href":"https:\/\/api.w.org\/{rel}","templated":true}]}}