{"id":6224,"date":"2021-01-02T08:10:36","date_gmt":"2021-01-02T08:10:36","guid":{"rendered":"https:\/\/bakirci.com\/ekipman\/?post_type=product&#038;p=6224"},"modified":"2023-07-24T11:07:13","modified_gmt":"2023-07-24T11:07:13","slug":"plazma-kesme-cihazigys-born-in-franceneocut-105a","status":"publish","type":"product","link":"https:\/\/bakirci.com\/ekipman\/servis-ekipmanlari\/kaporta\/kaynak-cihazlari\/plazma-kesme-cihazigys-born-in-franceneocut-105a\/","title":{"rendered":"<p class=\"ustmetin\">Plazma Kesme Cihaz\u0131<\/p><p class=\"ortametin\">GYS <span class=\"ortametin2\">(Born in FRANCE)<\/span><p class=\"altmetin\">Neocut 105A<\/p>"},"content":{"rendered":"<ul>\n<li>OLED ekranl\u0131 kullan\u0131c\u0131 dostu aray\u00fcz (7 dil)<\/li>\n<li>\u00c7elik kesme kal\u0131nl\u0131\u011f\u0131 35mm &#8211; 50mm<\/li>\n<li>Al\u00fcminyum kesme kal\u0131nl\u0131\u011f\u0131 30mm &#8211; 40mm<\/li>\n<li>6 kesim modu<\/li>\n<li>Sarf malzemelerinin (u\u00e7 ve elektrot) a\u015f\u0131nmas\u0131n\u0131 kontrol etmek i\u00e7in saya\u00e7<\/li>\n<li>Otomatik hava bas\u0131n\u00e7 kontrol\u00fc<\/li>\n<li>\u00c7al\u0131\u015fma voltaj\u0131 400V<\/li>\n<\/ul>\n","protected":false},"excerpt":{"rendered":"<ul>\n<li>OLED ekranl\u0131 kullan\u0131c\u0131 dostu aray\u00fcz (7 dil)<\/li>\n<li>\u00c7elik kesme kal\u0131nl\u0131\u011f\u0131 35mm &#8211; 50mm<\/li>\n<li>Al\u00fcminyum kesme kal\u0131nl\u0131\u011f\u0131 30mm &#8211; 40mm<\/li>\n<li>6 kesim modu<\/li>\n<li>Sarf malzemelerinin (u\u00e7 ve elektrot) a\u015f\u0131nmas\u0131n\u0131 kontrol etmek i\u00e7in saya\u00e7<\/li>\n<li>Otomatik hava bas\u0131n\u00e7 kontrol\u00fc<\/li>\n<li>\u00c7al\u0131\u015fma voltaj\u0131 400V<\/li>\n<\/ul>\n","protected":false},"featured_media":6367,"comment_status":"open","ping_status":"closed","template":"","meta":[],"product_cat":[176],"product_tag":[],"class_list":["post-6224","product","type-product","status-publish","has-post-thumbnail","hentry","pwb-brand-gys","product_cat-kaynak-cihazlari"],"brands":[{"id":378,"name":"GYS","slug":"gys"}],"yoast_head":"<!-- This site is optimized with the Yoast SEO plugin v17.1 - https:\/\/yoast.com\/wordpress\/plugins\/seo\/ -->\n<title>Plazma Kesme Cihaz\u0131GYS (Born in FRANCE)Neocut 105A - Bak\u0131rc\u0131 Garagineering<\/title>\n<meta name=\"robots\" content=\"index, follow, max-snippet:-1, max-image-preview:large, max-video-preview:-1\" \/>\n<link rel=\"canonical\" href=\"https:\/\/bakirci.com\/ekipman\/servis-ekipmanlari\/kaporta\/kaynak-cihazlari\/plazma-kesme-cihazigys-born-in-franceneocut-105a\/\" \/>\n<meta property=\"og:locale\" content=\"tr_TR\" \/>\n<meta property=\"og:type\" content=\"article\" \/>\n<meta property=\"og:title\" content=\"Plazma Kesme Cihaz\u0131GYS (Born in FRANCE)Neocut 105A - Bak\u0131rc\u0131 Garagineering\" \/>\n<meta property=\"og:description\" content=\"OLED ekranl\u0131 kullan\u0131c\u0131 dostu aray\u00fcz (7 dil)  \u00c7elik kesme kal\u0131nl\u0131\u011f\u0131 35mm - 50mm  Al\u00fcminyum kesme kal\u0131nl\u0131\u011f\u0131 30mm - 40mm  6 kesim modu  Sarf malzemelerinin (u\u00e7 ve elektrot) a\u015f\u0131nmas\u0131n\u0131 kontrol etmek i\u00e7in saya\u00e7  Otomatik hava bas\u0131n\u00e7 kontrol\u00fc  \u00c7al\u0131\u015fma voltaj\u0131 400V\" \/>\n<meta property=\"og:url\" content=\"https:\/\/bakirci.com\/ekipman\/servis-ekipmanlari\/kaporta\/kaynak-cihazlari\/plazma-kesme-cihazigys-born-in-franceneocut-105a\/\" \/>\n<meta property=\"og:site_name\" content=\"Bak\u0131rc\u0131 Garagineering\" \/>\n<meta property=\"article:publisher\" content=\"https:\/\/www.facebook.com\/bakirci.garagineering\" \/>\n<meta property=\"article:modified_time\" content=\"2023-07-24T11:07:13+00:00\" \/>\n<meta property=\"og:image\" content=\"https:\/\/bakirci.com\/ekipman\/wp-content\/uploads\/2023\/07\/Plazma-Kesme-Cihazi-\u2013-Neocut-105A.png\" \/>\n\t<meta property=\"og:image:width\" content=\"1080\" \/>\n\t<meta property=\"og:image:height\" content=\"1080\" \/>\n<meta name=\"twitter:card\" content=\"summary_large_image\" \/>\n<script type=\"application\/ld+json\" class=\"yoast-schema-graph\">{\"@context\":\"https:\/\/schema.org\",\"@graph\":[{\"@type\":\"Organization\",\"@id\":\"https:\/\/bakirci.com\/ekipman\/#organization\",\"name\":\"Bak\\u0131rc\\u0131 garagineering\",\"url\":\"https:\/\/bakirci.com\/ekipman\/\",\"sameAs\":[\"https:\/\/www.facebook.com\/bakirci.garagineering\",\"https:\/\/www.instagram.com\/bakirci.garagineering\/\",\"https:\/\/www.linkedin.com\/company\/bakirci-garagineering\/\",\"https:\/\/www.youtube.com\/channel\/UCiVG6s_jALJ6Zk8085XiOQg\"],\"logo\":{\"@type\":\"ImageObject\",\"@id\":\"https:\/\/bakirci.com\/ekipman\/#logo\",\"inLanguage\":\"tr\",\"url\":\"https:\/\/bakirci.com\/ekipman\/wp-content\/uploads\/2021\/09\/Bakirci-logo-lacivert.png\",\"contentUrl\":\"https:\/\/bakirci.com\/ekipman\/wp-content\/uploads\/2021\/09\/Bakirci-logo-lacivert.png\",\"width\":501,\"height\":501,\"caption\":\"Bak\\u0131rc\\u0131 garagineering\"},\"image\":{\"@id\":\"https:\/\/bakirci.com\/ekipman\/#logo\"}},{\"@type\":\"WebSite\",\"@id\":\"https:\/\/bakirci.com\/ekipman\/#website\",\"url\":\"https:\/\/bakirci.com\/ekipman\/\",\"name\":\"Bak\\u0131rc\\u0131 Garagineering\",\"description\":\"Otomotiv sekt\\u00f6r\\u00fcne \\u00f6zel, \\u201c\\u00dcretici Standard\\u0131nda\\u201d \\u00e7\\u00f6z\\u00fcmler\\u2026\",\"publisher\":{\"@id\":\"https:\/\/bakirci.com\/ekipman\/#organization\"},\"potentialAction\":[{\"@type\":\"SearchAction\",\"target\":{\"@type\":\"EntryPoint\",\"urlTemplate\":\"https:\/\/bakirci.com\/ekipman\/?s={search_term_string}\"},\"query-input\":\"required name=search_term_string\"}],\"inLanguage\":\"tr\"},{\"@type\":\"ImageObject\",\"@id\":\"https:\/\/bakirci.com\/ekipman\/servis-ekipmanlari\/kaporta\/kaynak-cihazlari\/plazma-kesme-cihazigys-born-in-franceneocut-105a\/#primaryimage\",\"inLanguage\":\"tr\",\"url\":\"https:\/\/bakirci.com\/ekipman\/wp-content\/uploads\/2023\/07\/Plazma-Kesme-Cihazi-\\u2013-Neocut-105A.png\",\"contentUrl\":\"https:\/\/bakirci.com\/ekipman\/wp-content\/uploads\/2023\/07\/Plazma-Kesme-Cihazi-\\u2013-Neocut-105A.png\",\"width\":1080,\"height\":1080},{\"@type\":\"WebPage\",\"@id\":\"https:\/\/bakirci.com\/ekipman\/servis-ekipmanlari\/kaporta\/kaynak-cihazlari\/plazma-kesme-cihazigys-born-in-franceneocut-105a\/#webpage\",\"url\":\"https:\/\/bakirci.com\/ekipman\/servis-ekipmanlari\/kaporta\/kaynak-cihazlari\/plazma-kesme-cihazigys-born-in-franceneocut-105a\/\",\"name\":\"Plazma Kesme Cihaz\\u0131 GYS (Born in FRANCE)Neocut 105A - Bak\\u0131rc\\u0131 Garagineering\",\"isPartOf\":{\"@id\":\"https:\/\/bakirci.com\/ekipman\/#website\"},\"primaryImageOfPage\":{\"@id\":\"https:\/\/bakirci.com\/ekipman\/servis-ekipmanlari\/kaporta\/kaynak-cihazlari\/plazma-kesme-cihazigys-born-in-franceneocut-105a\/#primaryimage\"},\"datePublished\":\"2021-01-02T08:10:36+00:00\",\"dateModified\":\"2023-07-24T11:07:13+00:00\",\"breadcrumb\":{\"@id\":\"https:\/\/bakirci.com\/ekipman\/servis-ekipmanlari\/kaporta\/kaynak-cihazlari\/plazma-kesme-cihazigys-born-in-franceneocut-105a\/#breadcrumb\"},\"inLanguage\":\"tr\",\"potentialAction\":[{\"@type\":\"ReadAction\",\"target\":[\"https:\/\/bakirci.com\/ekipman\/servis-ekipmanlari\/kaporta\/kaynak-cihazlari\/plazma-kesme-cihazigys-born-in-franceneocut-105a\/\"]}]},{\"@type\":\"BreadcrumbList\",\"@id\":\"https:\/\/bakirci.com\/ekipman\/servis-ekipmanlari\/kaporta\/kaynak-cihazlari\/plazma-kesme-cihazigys-born-in-franceneocut-105a\/#breadcrumb\",\"itemListElement\":[{\"@type\":\"ListItem\",\"position\":1,\"name\":\"Ekipman\",\"item\":\"https:\/\/bakirci.com\/ekipman\/\"},{\"@type\":\"ListItem\",\"position\":2,\"name\":\"Otomotiv Tesisleri \\u0130\\u00e7in Servis Ekipmanlar\\u0131\",\"item\":\"https:\/\/bakirci.com\/ekipman\/\"},{\"@type\":\"ListItem\",\"position\":3,\"name\":\"Plazma Kesme Cihaz\\u0131GYS (Born in FRANCE)Neocut 105A\"}]}]}<\/script>\n<!-- \/ Yoast SEO plugin. -->","yoast_head_json":{"title":"Plazma Kesme Cihaz\u0131GYS (Born in FRANCE)Neocut 105A - Bak\u0131rc\u0131 Garagineering","robots":{"index":"index","follow":"follow","max-snippet":"max-snippet:-1","max-image-preview":"max-image-preview:large","max-video-preview":"max-video-preview:-1"},"canonical":"https:\/\/bakirci.com\/ekipman\/servis-ekipmanlari\/kaporta\/kaynak-cihazlari\/plazma-kesme-cihazigys-born-in-franceneocut-105a\/","og_locale":"tr_TR","og_type":"article","og_title":"Plazma Kesme Cihaz\u0131GYS (Born in FRANCE)Neocut 105A - Bak\u0131rc\u0131 Garagineering","og_description":"OLED ekranl\u0131 kullan\u0131c\u0131 dostu aray\u00fcz (7 dil)  \u00c7elik kesme kal\u0131nl\u0131\u011f\u0131 35mm - 50mm  Al\u00fcminyum kesme kal\u0131nl\u0131\u011f\u0131 30mm - 40mm  6 kesim modu  Sarf malzemelerinin (u\u00e7 ve elektrot) a\u015f\u0131nmas\u0131n\u0131 kontrol etmek i\u00e7in saya\u00e7  Otomatik hava bas\u0131n\u00e7 kontrol\u00fc  \u00c7al\u0131\u015fma voltaj\u0131 400V","og_url":"https:\/\/bakirci.com\/ekipman\/servis-ekipmanlari\/kaporta\/kaynak-cihazlari\/plazma-kesme-cihazigys-born-in-franceneocut-105a\/","og_site_name":"Bak\u0131rc\u0131 Garagineering","article_publisher":"https:\/\/www.facebook.com\/bakirci.garagineering","article_modified_time":"2023-07-24T11:07:13+00:00","og_image":[{"width":1080,"height":1080,"filesize":493947,"url":"https:\/\/bakirci.com\/ekipman\/wp-content\/uploads\/2023\/07\/Plazma-Kesme-Cihazi-\u2013-Neocut-105A.png","path":"\/home\/bakirciwebsitesi\/public_html\/ekipman\/wp-content\/uploads\/2023\/07\/Plazma-Kesme-Cihazi-\u2013-Neocut-105A.png","size":"full","id":6367,"alt":"","pixels":1166400,"type":"image\/png"}],"twitter_card":"summary_large_image","schema":{"@context":"https:\/\/schema.org","@graph":[{"@type":"Organization","@id":"https:\/\/bakirci.com\/ekipman\/#organization","name":"Bak\u0131rc\u0131 garagineering","url":"https:\/\/bakirci.com\/ekipman\/","sameAs":["https:\/\/www.facebook.com\/bakirci.garagineering","https:\/\/www.instagram.com\/bakirci.garagineering\/","https:\/\/www.linkedin.com\/company\/bakirci-garagineering\/","https:\/\/www.youtube.com\/channel\/UCiVG6s_jALJ6Zk8085XiOQg"],"logo":{"@type":"ImageObject","@id":"https:\/\/bakirci.com\/ekipman\/#logo","inLanguage":"tr","url":"https:\/\/bakirci.com\/ekipman\/wp-content\/uploads\/2021\/09\/Bakirci-logo-lacivert.png","contentUrl":"https:\/\/bakirci.com\/ekipman\/wp-content\/uploads\/2021\/09\/Bakirci-logo-lacivert.png","width":501,"height":501,"caption":"Bak\u0131rc\u0131 garagineering"},"image":{"@id":"https:\/\/bakirci.com\/ekipman\/#logo"}},{"@type":"WebSite","@id":"https:\/\/bakirci.com\/ekipman\/#website","url":"https:\/\/bakirci.com\/ekipman\/","name":"Bak\u0131rc\u0131 Garagineering","description":"Otomotiv sekt\u00f6r\u00fcne \u00f6zel, \u201c\u00dcretici Standard\u0131nda\u201d \u00e7\u00f6z\u00fcmler\u2026","publisher":{"@id":"https:\/\/bakirci.com\/ekipman\/#organization"},"potentialAction":[{"@type":"SearchAction","target":{"@type":"EntryPoint","urlTemplate":"https:\/\/bakirci.com\/ekipman\/?s={search_term_string}"},"query-input":"required name=search_term_string"}],"inLanguage":"tr"},{"@type":"ImageObject","@id":"https:\/\/bakirci.com\/ekipman\/servis-ekipmanlari\/kaporta\/kaynak-cihazlari\/plazma-kesme-cihazigys-born-in-franceneocut-105a\/#primaryimage","inLanguage":"tr","url":"https:\/\/bakirci.com\/ekipman\/wp-content\/uploads\/2023\/07\/Plazma-Kesme-Cihazi-\u2013-Neocut-105A.png","contentUrl":"https:\/\/bakirci.com\/ekipman\/wp-content\/uploads\/2023\/07\/Plazma-Kesme-Cihazi-\u2013-Neocut-105A.png","width":1080,"height":1080},{"@type":"WebPage","@id":"https:\/\/bakirci.com\/ekipman\/servis-ekipmanlari\/kaporta\/kaynak-cihazlari\/plazma-kesme-cihazigys-born-in-franceneocut-105a\/#webpage","url":"https:\/\/bakirci.com\/ekipman\/servis-ekipmanlari\/kaporta\/kaynak-cihazlari\/plazma-kesme-cihazigys-born-in-franceneocut-105a\/","name":"Plazma Kesme Cihaz\u0131 GYS (Born in FRANCE)Neocut 105A - Bak\u0131rc\u0131 Garagineering","isPartOf":{"@id":"https:\/\/bakirci.com\/ekipman\/#website"},"primaryImageOfPage":{"@id":"https:\/\/bakirci.com\/ekipman\/servis-ekipmanlari\/kaporta\/kaynak-cihazlari\/plazma-kesme-cihazigys-born-in-franceneocut-105a\/#primaryimage"},"datePublished":"2021-01-02T08:10:36+00:00","dateModified":"2023-07-24T11:07:13+00:00","breadcrumb":{"@id":"https:\/\/bakirci.com\/ekipman\/servis-ekipmanlari\/kaporta\/kaynak-cihazlari\/plazma-kesme-cihazigys-born-in-franceneocut-105a\/#breadcrumb"},"inLanguage":"tr","potentialAction":[{"@type":"ReadAction","target":["https:\/\/bakirci.com\/ekipman\/servis-ekipmanlari\/kaporta\/kaynak-cihazlari\/plazma-kesme-cihazigys-born-in-franceneocut-105a\/"]}]},{"@type":"BreadcrumbList","@id":"https:\/\/bakirci.com\/ekipman\/servis-ekipmanlari\/kaporta\/kaynak-cihazlari\/plazma-kesme-cihazigys-born-in-franceneocut-105a\/#breadcrumb","itemListElement":[{"@type":"ListItem","position":1,"name":"Ekipman","item":"https:\/\/bakirci.com\/ekipman\/"},{"@type":"ListItem","position":2,"name":"Otomotiv Tesisleri \u0130\u00e7in Servis Ekipmanlar\u0131","item":"https:\/\/bakirci.com\/ekipman\/"},{"@type":"ListItem","position":3,"name":"Plazma Kesme Cihaz\u0131GYS (Born in FRANCE)Neocut 105A"}]}]}},"_links":{"self":[{"href":"https:\/\/bakirci.com\/ekipman\/wp-json\/wp\/v2\/product\/6224","targetHints":{"allow":["GET"]}}],"collection":[{"href":"https:\/\/bakirci.com\/ekipman\/wp-json\/wp\/v2\/product"}],"about":[{"href":"https:\/\/bakirci.com\/ekipman\/wp-json\/wp\/v2\/types\/product"}],"replies":[{"embeddable":true,"href":"https:\/\/bakirci.com\/ekipman\/wp-json\/wp\/v2\/comments?post=6224"}],"wp:featuredmedia":[{"embeddable":true,"href":"https:\/\/bakirci.com\/ekipman\/wp-json\/wp\/v2\/media\/6367"}],"wp:attachment":[{"href":"https:\/\/bakirci.com\/ekipman\/wp-json\/wp\/v2\/media?parent=6224"}],"wp:term":[{"taxonomy":"product_cat","embeddable":true,"href":"https:\/\/bakirci.com\/ekipman\/wp-json\/wp\/v2\/product_cat?post=6224"},{"taxonomy":"product_tag","embeddable":true,"href":"https:\/\/bakirci.com\/ekipman\/wp-json\/wp\/v2\/product_tag?post=6224"}],"curies":[{"name":"wp","href":"https:\/\/api.w.org\/{rel}","templated":true}]}}