{"id":6220,"date":"2021-01-02T08:50:14","date_gmt":"2021-01-02T08:50:14","guid":{"rendered":"https:\/\/bakirci.com\/ekipman\/?post_type=product&#038;p=6220"},"modified":"2023-07-24T11:01:49","modified_gmt":"2023-07-24T11:01:49","slug":"sinerjik-gazalti-kaynak-cihazigys-born-in-franceautopulse-220-m3","status":"publish","type":"product","link":"https:\/\/bakirci.com\/ekipman\/servis-ekipmanlari\/kaporta\/kaynak-cihazlari\/sinerjik-gazalti-kaynak-cihazigys-born-in-franceautopulse-220-m3\/","title":{"rendered":"<p class=\"ustmetin\">Sinerjik Gazalt\u0131 Kaynak Cihaz\u0131<\/p><p class=\"ortametin\">GYS <span class=\"ortametin2\">(Born in FRANCE)<\/span><p class=\"altmetin\">Autopulse 220 M3<\/p>"},"content":{"rendered":"<ul>\n<li>Tesla onayl\u0131<\/li>\n<li>\u0130nvert\u00f6r teknolojili, dijital bir PFC (g\u00fc\u00e7 fakt\u00f6r\u00fc d\u00fczeltme) ile donat\u0131lm\u0131\u015f<\/li>\n<li>4 mikroi\u015flemci ve geni\u015f renkli ekran<\/li>\n<li>\u00c7elik, bak\u0131r silisyum, paslanmaz \u00e7elik, al\u00fcminyum kayna\u011f\u0131<\/li>\n<li>ve \u00f6zel \u00e7ift puls teknolojili al\u00fcminyum kayna\u011f\u0131<\/li>\n<li>4 farkl\u0131 kaynak modu (otomatik, manuel, puls ve \u00e7ift puls)<\/li>\n<li>3 farkl\u0131 ara y\u00fcz (basit, uzman ve geli\u015fmi\u015f)<\/li>\n<li>3 tor\u00e7lu kullan\u0131m, 4m \u015fase makasl\u0131, \u00f6zel (tor\u00e7 ve maske) ta\u015f\u0131y\u0131c\u0131 kol<\/li>\n<li>Telin net ilerlemesini sa\u011flayan 4 tel s\u00fcrme makaral\u0131 sistem<\/li>\n<li>Kaynak ak\u0131m\u0131 15 &#8211; 220 Amper<\/li>\n<li>\u00c7al\u0131\u015fma voltaj\u0131 230V<\/li>\n<\/ul>\n","protected":false},"excerpt":{"rendered":"<ul>\n<li>Tesla onayl\u0131<\/li>\n<li>\u0130nvert\u00f6r teknolojili, dijital bir PFC (g\u00fc\u00e7 fakt\u00f6r\u00fc d\u00fczeltme) ile donat\u0131lm\u0131\u015f<\/li>\n<li>4 mikroi\u015flemci ve geni\u015f renkli ekran<\/li>\n<li>\u00c7elik, bak\u0131r silisyum, paslanmaz \u00e7elik, al\u00fcminyum kayna\u011f\u0131<\/li>\n<li>ve \u00f6zel \u00e7ift puls teknolojili al\u00fcminyum kayna\u011f\u0131<\/li>\n<li>4 farkl\u0131 kaynak modu (otomatik, manuel, puls ve \u00e7ift puls)<\/li>\n<li>3 farkl\u0131 ara y\u00fcz (basit, uzman ve geli\u015fmi\u015f)<\/li>\n<li>3 tor\u00e7lu kullan\u0131m, 4m \u015fase makasl\u0131, \u00f6zel (tor\u00e7 ve maske) ta\u015f\u0131y\u0131c\u0131 kol<\/li>\n<li>Telin net ilerlemesini sa\u011flayan 4 tel s\u00fcrme makaral\u0131 sistem<\/li>\n<li>Kaynak ak\u0131m\u0131 15 &#8211; 220 Amper<\/li>\n<li>\u00c7al\u0131\u015fma voltaj\u0131 230V<\/li>\n<\/ul>\n","protected":false},"featured_media":6363,"comment_status":"open","ping_status":"closed","template":"","meta":[],"product_cat":[176],"product_tag":[],"class_list":["post-6220","product","type-product","status-publish","has-post-thumbnail","hentry","pwb-brand-gys","product_cat-kaynak-cihazlari"],"brands":[{"id":378,"name":"GYS","slug":"gys"}],"yoast_head":"<!-- This site is optimized with the Yoast SEO plugin v17.1 - https:\/\/yoast.com\/wordpress\/plugins\/seo\/ -->\n<title>Sinerjik Gazalt\u0131 Kaynak Cihaz\u0131GYS (Born in FRANCE)Autopulse 220 M3 - Bak\u0131rc\u0131 Garagineering<\/title>\n<meta name=\"robots\" content=\"index, follow, max-snippet:-1, max-image-preview:large, max-video-preview:-1\" \/>\n<link rel=\"canonical\" href=\"https:\/\/bakirci.com\/ekipman\/servis-ekipmanlari\/kaporta\/kaynak-cihazlari\/sinerjik-gazalti-kaynak-cihazigys-born-in-franceautopulse-220-m3\/\" \/>\n<meta property=\"og:locale\" content=\"tr_TR\" \/>\n<meta property=\"og:type\" content=\"article\" \/>\n<meta property=\"og:title\" content=\"Sinerjik Gazalt\u0131 Kaynak Cihaz\u0131GYS (Born in FRANCE)Autopulse 220 M3 - Bak\u0131rc\u0131 Garagineering\" \/>\n<meta property=\"og:description\" content=\"Tesla onayl\u0131  \u0130nvert\u00f6r teknolojili, dijital bir PFC (g\u00fc\u00e7 fakt\u00f6r\u00fc d\u00fczeltme) ile donat\u0131lm\u0131\u015f  4 mikroi\u015flemci ve geni\u015f renkli ekran  \u00c7elik, bak\u0131r silisyum, paslanmaz \u00e7elik, al\u00fcminyum kayna\u011f\u0131  ve \u00f6zel \u00e7ift puls teknolojili al\u00fcminyum kayna\u011f\u0131  4 farkl\u0131 kaynak modu (otomatik, manuel, puls ve \u00e7ift puls)  3 farkl\u0131 ara y\u00fcz (basit, uzman ve geli\u015fmi\u015f)  3 tor\u00e7lu kullan\u0131m, 4m \u015fase makasl\u0131, \u00f6zel (tor\u00e7 ve maske) ta\u015f\u0131y\u0131c\u0131 kol  Telin net ilerlemesini sa\u011flayan 4 tel s\u00fcrme makaral\u0131 sistem  Kaynak ak\u0131m\u0131 15 - 220 Amper  \u00c7al\u0131\u015fma voltaj\u0131 230V\" \/>\n<meta property=\"og:url\" content=\"https:\/\/bakirci.com\/ekipman\/servis-ekipmanlari\/kaporta\/kaynak-cihazlari\/sinerjik-gazalti-kaynak-cihazigys-born-in-franceautopulse-220-m3\/\" \/>\n<meta property=\"og:site_name\" content=\"Bak\u0131rc\u0131 Garagineering\" \/>\n<meta property=\"article:publisher\" content=\"https:\/\/www.facebook.com\/bakirci.garagineering\" \/>\n<meta property=\"article:modified_time\" content=\"2023-07-24T11:01:49+00:00\" \/>\n<meta property=\"og:image\" content=\"https:\/\/bakirci.com\/ekipman\/wp-content\/uploads\/2023\/07\/Sinerjik-Gazalti-Kaynak-Cihazi-\u2013-Autopulse-220-M3.png\" \/>\n\t<meta property=\"og:image:width\" content=\"1080\" \/>\n\t<meta property=\"og:image:height\" content=\"1080\" \/>\n<meta name=\"twitter:card\" content=\"summary_large_image\" \/>\n<script type=\"application\/ld+json\" class=\"yoast-schema-graph\">{\"@context\":\"https:\/\/schema.org\",\"@graph\":[{\"@type\":\"Organization\",\"@id\":\"https:\/\/bakirci.com\/ekipman\/#organization\",\"name\":\"Bak\\u0131rc\\u0131 garagineering\",\"url\":\"https:\/\/bakirci.com\/ekipman\/\",\"sameAs\":[\"https:\/\/www.facebook.com\/bakirci.garagineering\",\"https:\/\/www.instagram.com\/bakirci.garagineering\/\",\"https:\/\/www.linkedin.com\/company\/bakirci-garagineering\/\",\"https:\/\/www.youtube.com\/channel\/UCiVG6s_jALJ6Zk8085XiOQg\"],\"logo\":{\"@type\":\"ImageObject\",\"@id\":\"https:\/\/bakirci.com\/ekipman\/#logo\",\"inLanguage\":\"tr\",\"url\":\"https:\/\/bakirci.com\/ekipman\/wp-content\/uploads\/2021\/09\/Bakirci-logo-lacivert.png\",\"contentUrl\":\"https:\/\/bakirci.com\/ekipman\/wp-content\/uploads\/2021\/09\/Bakirci-logo-lacivert.png\",\"width\":501,\"height\":501,\"caption\":\"Bak\\u0131rc\\u0131 garagineering\"},\"image\":{\"@id\":\"https:\/\/bakirci.com\/ekipman\/#logo\"}},{\"@type\":\"WebSite\",\"@id\":\"https:\/\/bakirci.com\/ekipman\/#website\",\"url\":\"https:\/\/bakirci.com\/ekipman\/\",\"name\":\"Bak\\u0131rc\\u0131 Garagineering\",\"description\":\"Otomotiv sekt\\u00f6r\\u00fcne \\u00f6zel, \\u201c\\u00dcretici Standard\\u0131nda\\u201d \\u00e7\\u00f6z\\u00fcmler\\u2026\",\"publisher\":{\"@id\":\"https:\/\/bakirci.com\/ekipman\/#organization\"},\"potentialAction\":[{\"@type\":\"SearchAction\",\"target\":{\"@type\":\"EntryPoint\",\"urlTemplate\":\"https:\/\/bakirci.com\/ekipman\/?s={search_term_string}\"},\"query-input\":\"required name=search_term_string\"}],\"inLanguage\":\"tr\"},{\"@type\":\"ImageObject\",\"@id\":\"https:\/\/bakirci.com\/ekipman\/servis-ekipmanlari\/kaporta\/kaynak-cihazlari\/sinerjik-gazalti-kaynak-cihazigys-born-in-franceautopulse-220-m3\/#primaryimage\",\"inLanguage\":\"tr\",\"url\":\"https:\/\/bakirci.com\/ekipman\/wp-content\/uploads\/2023\/07\/Sinerjik-Gazalti-Kaynak-Cihazi-\\u2013-Autopulse-220-M3.png\",\"contentUrl\":\"https:\/\/bakirci.com\/ekipman\/wp-content\/uploads\/2023\/07\/Sinerjik-Gazalti-Kaynak-Cihazi-\\u2013-Autopulse-220-M3.png\",\"width\":1080,\"height\":1080},{\"@type\":\"WebPage\",\"@id\":\"https:\/\/bakirci.com\/ekipman\/servis-ekipmanlari\/kaporta\/kaynak-cihazlari\/sinerjik-gazalti-kaynak-cihazigys-born-in-franceautopulse-220-m3\/#webpage\",\"url\":\"https:\/\/bakirci.com\/ekipman\/servis-ekipmanlari\/kaporta\/kaynak-cihazlari\/sinerjik-gazalti-kaynak-cihazigys-born-in-franceautopulse-220-m3\/\",\"name\":\"Sinerjik Gazalt\\u0131 Kaynak Cihaz\\u0131 GYS (Born in FRANCE)Autopulse 220 M3 - Bak\\u0131rc\\u0131 Garagineering\",\"isPartOf\":{\"@id\":\"https:\/\/bakirci.com\/ekipman\/#website\"},\"primaryImageOfPage\":{\"@id\":\"https:\/\/bakirci.com\/ekipman\/servis-ekipmanlari\/kaporta\/kaynak-cihazlari\/sinerjik-gazalti-kaynak-cihazigys-born-in-franceautopulse-220-m3\/#primaryimage\"},\"datePublished\":\"2021-01-02T08:50:14+00:00\",\"dateModified\":\"2023-07-24T11:01:49+00:00\",\"breadcrumb\":{\"@id\":\"https:\/\/bakirci.com\/ekipman\/servis-ekipmanlari\/kaporta\/kaynak-cihazlari\/sinerjik-gazalti-kaynak-cihazigys-born-in-franceautopulse-220-m3\/#breadcrumb\"},\"inLanguage\":\"tr\",\"potentialAction\":[{\"@type\":\"ReadAction\",\"target\":[\"https:\/\/bakirci.com\/ekipman\/servis-ekipmanlari\/kaporta\/kaynak-cihazlari\/sinerjik-gazalti-kaynak-cihazigys-born-in-franceautopulse-220-m3\/\"]}]},{\"@type\":\"BreadcrumbList\",\"@id\":\"https:\/\/bakirci.com\/ekipman\/servis-ekipmanlari\/kaporta\/kaynak-cihazlari\/sinerjik-gazalti-kaynak-cihazigys-born-in-franceautopulse-220-m3\/#breadcrumb\",\"itemListElement\":[{\"@type\":\"ListItem\",\"position\":1,\"name\":\"Ekipman\",\"item\":\"https:\/\/bakirci.com\/ekipman\/\"},{\"@type\":\"ListItem\",\"position\":2,\"name\":\"Otomotiv Tesisleri \\u0130\\u00e7in Servis Ekipmanlar\\u0131\",\"item\":\"https:\/\/bakirci.com\/ekipman\/\"},{\"@type\":\"ListItem\",\"position\":3,\"name\":\"Sinerjik Gazalt\\u0131 Kaynak Cihaz\\u0131GYS (Born in FRANCE)Autopulse 220 M3\"}]}]}<\/script>\n<!-- \/ Yoast SEO plugin. -->","yoast_head_json":{"title":"Sinerjik Gazalt\u0131 Kaynak Cihaz\u0131GYS (Born in FRANCE)Autopulse 220 M3 - Bak\u0131rc\u0131 Garagineering","robots":{"index":"index","follow":"follow","max-snippet":"max-snippet:-1","max-image-preview":"max-image-preview:large","max-video-preview":"max-video-preview:-1"},"canonical":"https:\/\/bakirci.com\/ekipman\/servis-ekipmanlari\/kaporta\/kaynak-cihazlari\/sinerjik-gazalti-kaynak-cihazigys-born-in-franceautopulse-220-m3\/","og_locale":"tr_TR","og_type":"article","og_title":"Sinerjik Gazalt\u0131 Kaynak Cihaz\u0131GYS (Born in FRANCE)Autopulse 220 M3 - Bak\u0131rc\u0131 Garagineering","og_description":"Tesla onayl\u0131  \u0130nvert\u00f6r teknolojili, dijital bir PFC (g\u00fc\u00e7 fakt\u00f6r\u00fc d\u00fczeltme) ile donat\u0131lm\u0131\u015f  4 mikroi\u015flemci ve geni\u015f renkli ekran  \u00c7elik, bak\u0131r silisyum, paslanmaz \u00e7elik, al\u00fcminyum kayna\u011f\u0131  ve \u00f6zel \u00e7ift puls teknolojili al\u00fcminyum kayna\u011f\u0131  4 farkl\u0131 kaynak modu (otomatik, manuel, puls ve \u00e7ift puls)  3 farkl\u0131 ara y\u00fcz (basit, uzman ve geli\u015fmi\u015f)  3 tor\u00e7lu kullan\u0131m, 4m \u015fase makasl\u0131, \u00f6zel (tor\u00e7 ve maske) ta\u015f\u0131y\u0131c\u0131 kol  Telin net ilerlemesini sa\u011flayan 4 tel s\u00fcrme makaral\u0131 sistem  Kaynak ak\u0131m\u0131 15 - 220 Amper  \u00c7al\u0131\u015fma voltaj\u0131 230V","og_url":"https:\/\/bakirci.com\/ekipman\/servis-ekipmanlari\/kaporta\/kaynak-cihazlari\/sinerjik-gazalti-kaynak-cihazigys-born-in-franceautopulse-220-m3\/","og_site_name":"Bak\u0131rc\u0131 Garagineering","article_publisher":"https:\/\/www.facebook.com\/bakirci.garagineering","article_modified_time":"2023-07-24T11:01:49+00:00","og_image":[{"width":1080,"height":1080,"filesize":372541,"url":"https:\/\/bakirci.com\/ekipman\/wp-content\/uploads\/2023\/07\/Sinerjik-Gazalti-Kaynak-Cihazi-\u2013-Autopulse-220-M3.png","path":"\/home\/bakirciwebsitesi\/public_html\/ekipman\/wp-content\/uploads\/2023\/07\/Sinerjik-Gazalti-Kaynak-Cihazi-\u2013-Autopulse-220-M3.png","size":"full","id":6363,"alt":"","pixels":1166400,"type":"image\/png"}],"twitter_card":"summary_large_image","schema":{"@context":"https:\/\/schema.org","@graph":[{"@type":"Organization","@id":"https:\/\/bakirci.com\/ekipman\/#organization","name":"Bak\u0131rc\u0131 garagineering","url":"https:\/\/bakirci.com\/ekipman\/","sameAs":["https:\/\/www.facebook.com\/bakirci.garagineering","https:\/\/www.instagram.com\/bakirci.garagineering\/","https:\/\/www.linkedin.com\/company\/bakirci-garagineering\/","https:\/\/www.youtube.com\/channel\/UCiVG6s_jALJ6Zk8085XiOQg"],"logo":{"@type":"ImageObject","@id":"https:\/\/bakirci.com\/ekipman\/#logo","inLanguage":"tr","url":"https:\/\/bakirci.com\/ekipman\/wp-content\/uploads\/2021\/09\/Bakirci-logo-lacivert.png","contentUrl":"https:\/\/bakirci.com\/ekipman\/wp-content\/uploads\/2021\/09\/Bakirci-logo-lacivert.png","width":501,"height":501,"caption":"Bak\u0131rc\u0131 garagineering"},"image":{"@id":"https:\/\/bakirci.com\/ekipman\/#logo"}},{"@type":"WebSite","@id":"https:\/\/bakirci.com\/ekipman\/#website","url":"https:\/\/bakirci.com\/ekipman\/","name":"Bak\u0131rc\u0131 Garagineering","description":"Otomotiv sekt\u00f6r\u00fcne \u00f6zel, \u201c\u00dcretici Standard\u0131nda\u201d \u00e7\u00f6z\u00fcmler\u2026","publisher":{"@id":"https:\/\/bakirci.com\/ekipman\/#organization"},"potentialAction":[{"@type":"SearchAction","target":{"@type":"EntryPoint","urlTemplate":"https:\/\/bakirci.com\/ekipman\/?s={search_term_string}"},"query-input":"required name=search_term_string"}],"inLanguage":"tr"},{"@type":"ImageObject","@id":"https:\/\/bakirci.com\/ekipman\/servis-ekipmanlari\/kaporta\/kaynak-cihazlari\/sinerjik-gazalti-kaynak-cihazigys-born-in-franceautopulse-220-m3\/#primaryimage","inLanguage":"tr","url":"https:\/\/bakirci.com\/ekipman\/wp-content\/uploads\/2023\/07\/Sinerjik-Gazalti-Kaynak-Cihazi-\u2013-Autopulse-220-M3.png","contentUrl":"https:\/\/bakirci.com\/ekipman\/wp-content\/uploads\/2023\/07\/Sinerjik-Gazalti-Kaynak-Cihazi-\u2013-Autopulse-220-M3.png","width":1080,"height":1080},{"@type":"WebPage","@id":"https:\/\/bakirci.com\/ekipman\/servis-ekipmanlari\/kaporta\/kaynak-cihazlari\/sinerjik-gazalti-kaynak-cihazigys-born-in-franceautopulse-220-m3\/#webpage","url":"https:\/\/bakirci.com\/ekipman\/servis-ekipmanlari\/kaporta\/kaynak-cihazlari\/sinerjik-gazalti-kaynak-cihazigys-born-in-franceautopulse-220-m3\/","name":"Sinerjik Gazalt\u0131 Kaynak Cihaz\u0131 GYS (Born in FRANCE)Autopulse 220 M3 - Bak\u0131rc\u0131 Garagineering","isPartOf":{"@id":"https:\/\/bakirci.com\/ekipman\/#website"},"primaryImageOfPage":{"@id":"https:\/\/bakirci.com\/ekipman\/servis-ekipmanlari\/kaporta\/kaynak-cihazlari\/sinerjik-gazalti-kaynak-cihazigys-born-in-franceautopulse-220-m3\/#primaryimage"},"datePublished":"2021-01-02T08:50:14+00:00","dateModified":"2023-07-24T11:01:49+00:00","breadcrumb":{"@id":"https:\/\/bakirci.com\/ekipman\/servis-ekipmanlari\/kaporta\/kaynak-cihazlari\/sinerjik-gazalti-kaynak-cihazigys-born-in-franceautopulse-220-m3\/#breadcrumb"},"inLanguage":"tr","potentialAction":[{"@type":"ReadAction","target":["https:\/\/bakirci.com\/ekipman\/servis-ekipmanlari\/kaporta\/kaynak-cihazlari\/sinerjik-gazalti-kaynak-cihazigys-born-in-franceautopulse-220-m3\/"]}]},{"@type":"BreadcrumbList","@id":"https:\/\/bakirci.com\/ekipman\/servis-ekipmanlari\/kaporta\/kaynak-cihazlari\/sinerjik-gazalti-kaynak-cihazigys-born-in-franceautopulse-220-m3\/#breadcrumb","itemListElement":[{"@type":"ListItem","position":1,"name":"Ekipman","item":"https:\/\/bakirci.com\/ekipman\/"},{"@type":"ListItem","position":2,"name":"Otomotiv Tesisleri \u0130\u00e7in Servis Ekipmanlar\u0131","item":"https:\/\/bakirci.com\/ekipman\/"},{"@type":"ListItem","position":3,"name":"Sinerjik Gazalt\u0131 Kaynak Cihaz\u0131GYS (Born in FRANCE)Autopulse 220 M3"}]}]}},"_links":{"self":[{"href":"https:\/\/bakirci.com\/ekipman\/wp-json\/wp\/v2\/product\/6220","targetHints":{"allow":["GET"]}}],"collection":[{"href":"https:\/\/bakirci.com\/ekipman\/wp-json\/wp\/v2\/product"}],"about":[{"href":"https:\/\/bakirci.com\/ekipman\/wp-json\/wp\/v2\/types\/product"}],"replies":[{"embeddable":true,"href":"https:\/\/bakirci.com\/ekipman\/wp-json\/wp\/v2\/comments?post=6220"}],"wp:featuredmedia":[{"embeddable":true,"href":"https:\/\/bakirci.com\/ekipman\/wp-json\/wp\/v2\/media\/6363"}],"wp:attachment":[{"href":"https:\/\/bakirci.com\/ekipman\/wp-json\/wp\/v2\/media?parent=6220"}],"wp:term":[{"taxonomy":"product_cat","embeddable":true,"href":"https:\/\/bakirci.com\/ekipman\/wp-json\/wp\/v2\/product_cat?post=6220"},{"taxonomy":"product_tag","embeddable":true,"href":"https:\/\/bakirci.com\/ekipman\/wp-json\/wp\/v2\/product_tag?post=6220"}],"curies":[{"name":"wp","href":"https:\/\/api.w.org\/{rel}","templated":true}]}}