{"id":6217,"date":"2021-01-02T08:50:47","date_gmt":"2021-01-02T08:50:47","guid":{"rendered":"https:\/\/bakirci.com\/ekipman\/?post_type=product&#038;p=6217"},"modified":"2023-07-24T10:58:27","modified_gmt":"2023-07-24T10:58:27","slug":"sinerjik-gazalti-kaynak-cihazigys-born-in-francee1gys-auto","status":"publish","type":"product","link":"https:\/\/bakirci.com\/ekipman\/servis-ekipmanlari\/kaporta\/kaynak-cihazlari\/sinerjik-gazalti-kaynak-cihazigys-born-in-francee1gys-auto\/","title":{"rendered":"<p class=\"ustmetin\">Sinerjik Gazalt\u0131 Kaynak Cihaz\u0131<\/p><p class=\"ortametin\">GYS <span class=\"ortametin2\">(Born in FRANCE)<\/span><p class=\"altmetin\">E1Gys Auto<\/p>"},"content":{"rendered":"<ul>\n<li>\u0130nvert\u00f6r teknolojili, dijital bir PFC (G\u00fc\u00e7 Fakt\u00f6r\u00fc D\u00fczeltme) ile donat\u0131lm\u0131\u015f<\/li>\n<li>Cihaz kontrol\u00fc i\u00e7in basitle\u015ftirilmi\u015f 3,5 HMI (\u0130nsan-Makina Aray\u00fcz\u00fc) renkli ekran<\/li>\n<li>\u00c7elik kayna\u011f\u0131, bak\u0131r silisyum, paslanmaz \u00e7elik kayna\u011f\u0131, al\u00fcminyum kayna\u011f\u0131<\/li>\n<li>2 farkl\u0131 kaynak modu, 2 farkl\u0131 ara y\u00fcz<\/li>\n<li>Tor\u00e7 teti\u011fine bas\u0131ld\u0131\u011f\u0131nda yap\u0131lacak kayna\u011f\u0131 ve gaz\u0131 otomatik alg\u0131lama<\/li>\n<li>Tek tor\u00e7lu kullan\u0131m, 3,5m \u015fase pensesi<\/li>\n<li>4 m\u00b3 l\u00fck (20 L) 1 gaz t\u00fcp\u00fc destek yeri<\/li>\n<li>200&#8217;e kadar kaynak program kayd\u0131 yapma \u00f6zelli\u011fine sahip<\/li>\n<li>Stabilite ve manevra kabiliyeti i\u00e7in g\u00fc\u00e7lendirilmi\u015f tekerlekler<\/li>\n<li>Aksesuarlar\u0131 koymak i\u00e7in \u00f6zel b\u00f6lmeli yer<\/li>\n<li>Kaynak ak\u0131m\u0131 10 &#8211; 200 Amper, \u00c7al\u0131\u015fma voltaj\u0131 230V<\/li>\n<\/ul>\n","protected":false},"excerpt":{"rendered":"<ul>\n<li>\u0130nvert\u00f6r teknolojili, dijital bir PFC (G\u00fc\u00e7 Fakt\u00f6r\u00fc D\u00fczeltme) ile donat\u0131lm\u0131\u015f<\/li>\n<li>Cihaz kontrol\u00fc i\u00e7in basitle\u015ftirilmi\u015f 3,5 HMI (\u0130nsan-Makina Aray\u00fcz\u00fc) renkli ekran<\/li>\n<li>\u00c7elik kayna\u011f\u0131, bak\u0131r silisyum, paslanmaz \u00e7elik kayna\u011f\u0131, al\u00fcminyum kayna\u011f\u0131<\/li>\n<li>2 farkl\u0131 kaynak modu, 2 farkl\u0131 ara y\u00fcz<\/li>\n<li>Tor\u00e7 teti\u011fine bas\u0131ld\u0131\u011f\u0131nda yap\u0131lacak kayna\u011f\u0131 ve gaz\u0131 otomatik alg\u0131lama<\/li>\n<li>Tek tor\u00e7lu kullan\u0131m, 3,5m \u015fase pensesi<\/li>\n<li>4 m\u00b3 l\u00fck (20 L) 1 gaz t\u00fcp\u00fc destek yeri<\/li>\n<li>200&#8217;e kadar kaynak program kayd\u0131 yapma \u00f6zelli\u011fine sahip<\/li>\n<li>Stabilite ve manevra kabiliyeti i\u00e7in g\u00fc\u00e7lendirilmi\u015f tekerlekler<\/li>\n<li>Aksesuarlar\u0131 koymak i\u00e7in \u00f6zel b\u00f6lmeli yer<\/li>\n<li>Kaynak ak\u0131m\u0131 10 &#8211; 200 Amper, \u00c7al\u0131\u015fma voltaj\u0131 230V<\/li>\n<\/ul>\n","protected":false},"featured_media":6360,"comment_status":"open","ping_status":"closed","template":"","meta":[],"product_cat":[176],"product_tag":[],"class_list":["post-6217","product","type-product","status-publish","has-post-thumbnail","hentry","pwb-brand-gys","product_cat-kaynak-cihazlari"],"brands":[{"id":378,"name":"GYS","slug":"gys"}],"yoast_head":"<!-- This site is optimized with the Yoast SEO plugin v17.1 - https:\/\/yoast.com\/wordpress\/plugins\/seo\/ -->\n<title>Sinerjik Gazalt\u0131 Kaynak Cihaz\u0131GYS (Born in FRANCE)E1Gys Auto - Bak\u0131rc\u0131 Garagineering<\/title>\n<meta name=\"robots\" content=\"index, follow, max-snippet:-1, max-image-preview:large, max-video-preview:-1\" \/>\n<link rel=\"canonical\" href=\"https:\/\/bakirci.com\/ekipman\/servis-ekipmanlari\/kaporta\/kaynak-cihazlari\/sinerjik-gazalti-kaynak-cihazigys-born-in-francee1gys-auto\/\" \/>\n<meta property=\"og:locale\" content=\"tr_TR\" \/>\n<meta property=\"og:type\" content=\"article\" \/>\n<meta property=\"og:title\" content=\"Sinerjik Gazalt\u0131 Kaynak Cihaz\u0131GYS (Born in FRANCE)E1Gys Auto - Bak\u0131rc\u0131 Garagineering\" \/>\n<meta property=\"og:description\" content=\"\u0130nvert\u00f6r teknolojili, dijital bir PFC (G\u00fc\u00e7 Fakt\u00f6r\u00fc D\u00fczeltme) ile donat\u0131lm\u0131\u015f  Cihaz kontrol\u00fc i\u00e7in basitle\u015ftirilmi\u015f 3,5 HMI (\u0130nsan-Makina Aray\u00fcz\u00fc) renkli ekran  \u00c7elik kayna\u011f\u0131, bak\u0131r silisyum, paslanmaz \u00e7elik kayna\u011f\u0131, al\u00fcminyum kayna\u011f\u0131  2 farkl\u0131 kaynak modu, 2 farkl\u0131 ara y\u00fcz  Tor\u00e7 teti\u011fine bas\u0131ld\u0131\u011f\u0131nda yap\u0131lacak kayna\u011f\u0131 ve gaz\u0131 otomatik alg\u0131lama  Tek tor\u00e7lu kullan\u0131m, 3,5m \u015fase pensesi  4 m\u00b3 l\u00fck (20 L) 1 gaz t\u00fcp\u00fc destek yeri  200&#039;e kadar kaynak program kayd\u0131 yapma \u00f6zelli\u011fine sahip  Stabilite ve manevra kabiliyeti i\u00e7in g\u00fc\u00e7lendirilmi\u015f tekerlekler  Aksesuarlar\u0131 koymak i\u00e7in \u00f6zel b\u00f6lmeli yer  Kaynak ak\u0131m\u0131 10 - 200 Amper, \u00c7al\u0131\u015fma voltaj\u0131 230V\" \/>\n<meta property=\"og:url\" content=\"https:\/\/bakirci.com\/ekipman\/servis-ekipmanlari\/kaporta\/kaynak-cihazlari\/sinerjik-gazalti-kaynak-cihazigys-born-in-francee1gys-auto\/\" \/>\n<meta property=\"og:site_name\" content=\"Bak\u0131rc\u0131 Garagineering\" \/>\n<meta property=\"article:publisher\" content=\"https:\/\/www.facebook.com\/bakirci.garagineering\" \/>\n<meta property=\"article:modified_time\" content=\"2023-07-24T10:58:27+00:00\" \/>\n<meta property=\"og:image\" content=\"https:\/\/bakirci.com\/ekipman\/wp-content\/uploads\/2023\/07\/Sinerjik-Gazalti-Kaynak-Cihazi-\u2013-E1Gys-Auto.png\" \/>\n\t<meta property=\"og:image:width\" content=\"1080\" \/>\n\t<meta property=\"og:image:height\" content=\"1080\" \/>\n<meta name=\"twitter:card\" content=\"summary_large_image\" \/>\n<meta name=\"twitter:label1\" content=\"Tahmini okuma s\u00fcresi\" \/>\n\t<meta name=\"twitter:data1\" content=\"1 dakika\" \/>\n<script type=\"application\/ld+json\" class=\"yoast-schema-graph\">{\"@context\":\"https:\/\/schema.org\",\"@graph\":[{\"@type\":\"Organization\",\"@id\":\"https:\/\/bakirci.com\/ekipman\/#organization\",\"name\":\"Bak\\u0131rc\\u0131 garagineering\",\"url\":\"https:\/\/bakirci.com\/ekipman\/\",\"sameAs\":[\"https:\/\/www.facebook.com\/bakirci.garagineering\",\"https:\/\/www.instagram.com\/bakirci.garagineering\/\",\"https:\/\/www.linkedin.com\/company\/bakirci-garagineering\/\",\"https:\/\/www.youtube.com\/channel\/UCiVG6s_jALJ6Zk8085XiOQg\"],\"logo\":{\"@type\":\"ImageObject\",\"@id\":\"https:\/\/bakirci.com\/ekipman\/#logo\",\"inLanguage\":\"tr\",\"url\":\"https:\/\/bakirci.com\/ekipman\/wp-content\/uploads\/2021\/09\/Bakirci-logo-lacivert.png\",\"contentUrl\":\"https:\/\/bakirci.com\/ekipman\/wp-content\/uploads\/2021\/09\/Bakirci-logo-lacivert.png\",\"width\":501,\"height\":501,\"caption\":\"Bak\\u0131rc\\u0131 garagineering\"},\"image\":{\"@id\":\"https:\/\/bakirci.com\/ekipman\/#logo\"}},{\"@type\":\"WebSite\",\"@id\":\"https:\/\/bakirci.com\/ekipman\/#website\",\"url\":\"https:\/\/bakirci.com\/ekipman\/\",\"name\":\"Bak\\u0131rc\\u0131 Garagineering\",\"description\":\"Otomotiv sekt\\u00f6r\\u00fcne \\u00f6zel, \\u201c\\u00dcretici Standard\\u0131nda\\u201d \\u00e7\\u00f6z\\u00fcmler\\u2026\",\"publisher\":{\"@id\":\"https:\/\/bakirci.com\/ekipman\/#organization\"},\"potentialAction\":[{\"@type\":\"SearchAction\",\"target\":{\"@type\":\"EntryPoint\",\"urlTemplate\":\"https:\/\/bakirci.com\/ekipman\/?s={search_term_string}\"},\"query-input\":\"required name=search_term_string\"}],\"inLanguage\":\"tr\"},{\"@type\":\"ImageObject\",\"@id\":\"https:\/\/bakirci.com\/ekipman\/servis-ekipmanlari\/kaporta\/kaynak-cihazlari\/sinerjik-gazalti-kaynak-cihazigys-born-in-francee1gys-auto\/#primaryimage\",\"inLanguage\":\"tr\",\"url\":\"https:\/\/bakirci.com\/ekipman\/wp-content\/uploads\/2023\/07\/Sinerjik-Gazalti-Kaynak-Cihazi-\\u2013-E1Gys-Auto.png\",\"contentUrl\":\"https:\/\/bakirci.com\/ekipman\/wp-content\/uploads\/2023\/07\/Sinerjik-Gazalti-Kaynak-Cihazi-\\u2013-E1Gys-Auto.png\",\"width\":1080,\"height\":1080},{\"@type\":\"WebPage\",\"@id\":\"https:\/\/bakirci.com\/ekipman\/servis-ekipmanlari\/kaporta\/kaynak-cihazlari\/sinerjik-gazalti-kaynak-cihazigys-born-in-francee1gys-auto\/#webpage\",\"url\":\"https:\/\/bakirci.com\/ekipman\/servis-ekipmanlari\/kaporta\/kaynak-cihazlari\/sinerjik-gazalti-kaynak-cihazigys-born-in-francee1gys-auto\/\",\"name\":\"Sinerjik Gazalt\\u0131 Kaynak Cihaz\\u0131 GYS (Born in FRANCE)E1Gys Auto - Bak\\u0131rc\\u0131 Garagineering\",\"isPartOf\":{\"@id\":\"https:\/\/bakirci.com\/ekipman\/#website\"},\"primaryImageOfPage\":{\"@id\":\"https:\/\/bakirci.com\/ekipman\/servis-ekipmanlari\/kaporta\/kaynak-cihazlari\/sinerjik-gazalti-kaynak-cihazigys-born-in-francee1gys-auto\/#primaryimage\"},\"datePublished\":\"2021-01-02T08:50:47+00:00\",\"dateModified\":\"2023-07-24T10:58:27+00:00\",\"breadcrumb\":{\"@id\":\"https:\/\/bakirci.com\/ekipman\/servis-ekipmanlari\/kaporta\/kaynak-cihazlari\/sinerjik-gazalti-kaynak-cihazigys-born-in-francee1gys-auto\/#breadcrumb\"},\"inLanguage\":\"tr\",\"potentialAction\":[{\"@type\":\"ReadAction\",\"target\":[\"https:\/\/bakirci.com\/ekipman\/servis-ekipmanlari\/kaporta\/kaynak-cihazlari\/sinerjik-gazalti-kaynak-cihazigys-born-in-francee1gys-auto\/\"]}]},{\"@type\":\"BreadcrumbList\",\"@id\":\"https:\/\/bakirci.com\/ekipman\/servis-ekipmanlari\/kaporta\/kaynak-cihazlari\/sinerjik-gazalti-kaynak-cihazigys-born-in-francee1gys-auto\/#breadcrumb\",\"itemListElement\":[{\"@type\":\"ListItem\",\"position\":1,\"name\":\"Ekipman\",\"item\":\"https:\/\/bakirci.com\/ekipman\/\"},{\"@type\":\"ListItem\",\"position\":2,\"name\":\"Otomotiv Tesisleri \\u0130\\u00e7in Servis Ekipmanlar\\u0131\",\"item\":\"https:\/\/bakirci.com\/ekipman\/\"},{\"@type\":\"ListItem\",\"position\":3,\"name\":\"Sinerjik Gazalt\\u0131 Kaynak Cihaz\\u0131GYS (Born in FRANCE)E1Gys Auto\"}]}]}<\/script>\n<!-- \/ Yoast SEO plugin. -->","yoast_head_json":{"title":"Sinerjik Gazalt\u0131 Kaynak Cihaz\u0131GYS (Born in FRANCE)E1Gys Auto - Bak\u0131rc\u0131 Garagineering","robots":{"index":"index","follow":"follow","max-snippet":"max-snippet:-1","max-image-preview":"max-image-preview:large","max-video-preview":"max-video-preview:-1"},"canonical":"https:\/\/bakirci.com\/ekipman\/servis-ekipmanlari\/kaporta\/kaynak-cihazlari\/sinerjik-gazalti-kaynak-cihazigys-born-in-francee1gys-auto\/","og_locale":"tr_TR","og_type":"article","og_title":"Sinerjik Gazalt\u0131 Kaynak Cihaz\u0131GYS (Born in FRANCE)E1Gys Auto - Bak\u0131rc\u0131 Garagineering","og_description":"\u0130nvert\u00f6r teknolojili, dijital bir PFC (G\u00fc\u00e7 Fakt\u00f6r\u00fc D\u00fczeltme) ile donat\u0131lm\u0131\u015f  Cihaz kontrol\u00fc i\u00e7in basitle\u015ftirilmi\u015f 3,5 HMI (\u0130nsan-Makina Aray\u00fcz\u00fc) renkli ekran  \u00c7elik kayna\u011f\u0131, bak\u0131r silisyum, paslanmaz \u00e7elik kayna\u011f\u0131, al\u00fcminyum kayna\u011f\u0131  2 farkl\u0131 kaynak modu, 2 farkl\u0131 ara y\u00fcz  Tor\u00e7 teti\u011fine bas\u0131ld\u0131\u011f\u0131nda yap\u0131lacak kayna\u011f\u0131 ve gaz\u0131 otomatik alg\u0131lama  Tek tor\u00e7lu kullan\u0131m, 3,5m \u015fase pensesi  4 m\u00b3 l\u00fck (20 L) 1 gaz t\u00fcp\u00fc destek yeri  200'e kadar kaynak program kayd\u0131 yapma \u00f6zelli\u011fine sahip  Stabilite ve manevra kabiliyeti i\u00e7in g\u00fc\u00e7lendirilmi\u015f tekerlekler  Aksesuarlar\u0131 koymak i\u00e7in \u00f6zel b\u00f6lmeli yer  Kaynak ak\u0131m\u0131 10 - 200 Amper, \u00c7al\u0131\u015fma voltaj\u0131 230V","og_url":"https:\/\/bakirci.com\/ekipman\/servis-ekipmanlari\/kaporta\/kaynak-cihazlari\/sinerjik-gazalti-kaynak-cihazigys-born-in-francee1gys-auto\/","og_site_name":"Bak\u0131rc\u0131 Garagineering","article_publisher":"https:\/\/www.facebook.com\/bakirci.garagineering","article_modified_time":"2023-07-24T10:58:27+00:00","og_image":[{"width":1080,"height":1080,"filesize":485296,"url":"https:\/\/bakirci.com\/ekipman\/wp-content\/uploads\/2023\/07\/Sinerjik-Gazalti-Kaynak-Cihazi-\u2013-E1Gys-Auto.png","path":"\/home\/bakirciwebsitesi\/public_html\/ekipman\/wp-content\/uploads\/2023\/07\/Sinerjik-Gazalti-Kaynak-Cihazi-\u2013-E1Gys-Auto.png","size":"full","id":6360,"alt":"","pixels":1166400,"type":"image\/png"}],"twitter_card":"summary_large_image","twitter_misc":{"Tahmini okuma s\u00fcresi":"1 dakika"},"schema":{"@context":"https:\/\/schema.org","@graph":[{"@type":"Organization","@id":"https:\/\/bakirci.com\/ekipman\/#organization","name":"Bak\u0131rc\u0131 garagineering","url":"https:\/\/bakirci.com\/ekipman\/","sameAs":["https:\/\/www.facebook.com\/bakirci.garagineering","https:\/\/www.instagram.com\/bakirci.garagineering\/","https:\/\/www.linkedin.com\/company\/bakirci-garagineering\/","https:\/\/www.youtube.com\/channel\/UCiVG6s_jALJ6Zk8085XiOQg"],"logo":{"@type":"ImageObject","@id":"https:\/\/bakirci.com\/ekipman\/#logo","inLanguage":"tr","url":"https:\/\/bakirci.com\/ekipman\/wp-content\/uploads\/2021\/09\/Bakirci-logo-lacivert.png","contentUrl":"https:\/\/bakirci.com\/ekipman\/wp-content\/uploads\/2021\/09\/Bakirci-logo-lacivert.png","width":501,"height":501,"caption":"Bak\u0131rc\u0131 garagineering"},"image":{"@id":"https:\/\/bakirci.com\/ekipman\/#logo"}},{"@type":"WebSite","@id":"https:\/\/bakirci.com\/ekipman\/#website","url":"https:\/\/bakirci.com\/ekipman\/","name":"Bak\u0131rc\u0131 Garagineering","description":"Otomotiv sekt\u00f6r\u00fcne \u00f6zel, \u201c\u00dcretici Standard\u0131nda\u201d \u00e7\u00f6z\u00fcmler\u2026","publisher":{"@id":"https:\/\/bakirci.com\/ekipman\/#organization"},"potentialAction":[{"@type":"SearchAction","target":{"@type":"EntryPoint","urlTemplate":"https:\/\/bakirci.com\/ekipman\/?s={search_term_string}"},"query-input":"required name=search_term_string"}],"inLanguage":"tr"},{"@type":"ImageObject","@id":"https:\/\/bakirci.com\/ekipman\/servis-ekipmanlari\/kaporta\/kaynak-cihazlari\/sinerjik-gazalti-kaynak-cihazigys-born-in-francee1gys-auto\/#primaryimage","inLanguage":"tr","url":"https:\/\/bakirci.com\/ekipman\/wp-content\/uploads\/2023\/07\/Sinerjik-Gazalti-Kaynak-Cihazi-\u2013-E1Gys-Auto.png","contentUrl":"https:\/\/bakirci.com\/ekipman\/wp-content\/uploads\/2023\/07\/Sinerjik-Gazalti-Kaynak-Cihazi-\u2013-E1Gys-Auto.png","width":1080,"height":1080},{"@type":"WebPage","@id":"https:\/\/bakirci.com\/ekipman\/servis-ekipmanlari\/kaporta\/kaynak-cihazlari\/sinerjik-gazalti-kaynak-cihazigys-born-in-francee1gys-auto\/#webpage","url":"https:\/\/bakirci.com\/ekipman\/servis-ekipmanlari\/kaporta\/kaynak-cihazlari\/sinerjik-gazalti-kaynak-cihazigys-born-in-francee1gys-auto\/","name":"Sinerjik Gazalt\u0131 Kaynak Cihaz\u0131 GYS (Born in FRANCE)E1Gys Auto - Bak\u0131rc\u0131 Garagineering","isPartOf":{"@id":"https:\/\/bakirci.com\/ekipman\/#website"},"primaryImageOfPage":{"@id":"https:\/\/bakirci.com\/ekipman\/servis-ekipmanlari\/kaporta\/kaynak-cihazlari\/sinerjik-gazalti-kaynak-cihazigys-born-in-francee1gys-auto\/#primaryimage"},"datePublished":"2021-01-02T08:50:47+00:00","dateModified":"2023-07-24T10:58:27+00:00","breadcrumb":{"@id":"https:\/\/bakirci.com\/ekipman\/servis-ekipmanlari\/kaporta\/kaynak-cihazlari\/sinerjik-gazalti-kaynak-cihazigys-born-in-francee1gys-auto\/#breadcrumb"},"inLanguage":"tr","potentialAction":[{"@type":"ReadAction","target":["https:\/\/bakirci.com\/ekipman\/servis-ekipmanlari\/kaporta\/kaynak-cihazlari\/sinerjik-gazalti-kaynak-cihazigys-born-in-francee1gys-auto\/"]}]},{"@type":"BreadcrumbList","@id":"https:\/\/bakirci.com\/ekipman\/servis-ekipmanlari\/kaporta\/kaynak-cihazlari\/sinerjik-gazalti-kaynak-cihazigys-born-in-francee1gys-auto\/#breadcrumb","itemListElement":[{"@type":"ListItem","position":1,"name":"Ekipman","item":"https:\/\/bakirci.com\/ekipman\/"},{"@type":"ListItem","position":2,"name":"Otomotiv Tesisleri \u0130\u00e7in Servis Ekipmanlar\u0131","item":"https:\/\/bakirci.com\/ekipman\/"},{"@type":"ListItem","position":3,"name":"Sinerjik Gazalt\u0131 Kaynak Cihaz\u0131GYS (Born in FRANCE)E1Gys Auto"}]}]}},"_links":{"self":[{"href":"https:\/\/bakirci.com\/ekipman\/wp-json\/wp\/v2\/product\/6217","targetHints":{"allow":["GET"]}}],"collection":[{"href":"https:\/\/bakirci.com\/ekipman\/wp-json\/wp\/v2\/product"}],"about":[{"href":"https:\/\/bakirci.com\/ekipman\/wp-json\/wp\/v2\/types\/product"}],"replies":[{"embeddable":true,"href":"https:\/\/bakirci.com\/ekipman\/wp-json\/wp\/v2\/comments?post=6217"}],"wp:featuredmedia":[{"embeddable":true,"href":"https:\/\/bakirci.com\/ekipman\/wp-json\/wp\/v2\/media\/6360"}],"wp:attachment":[{"href":"https:\/\/bakirci.com\/ekipman\/wp-json\/wp\/v2\/media?parent=6217"}],"wp:term":[{"taxonomy":"product_cat","embeddable":true,"href":"https:\/\/bakirci.com\/ekipman\/wp-json\/wp\/v2\/product_cat?post=6217"},{"taxonomy":"product_tag","embeddable":true,"href":"https:\/\/bakirci.com\/ekipman\/wp-json\/wp\/v2\/product_tag?post=6217"}],"curies":[{"name":"wp","href":"https:\/\/api.w.org\/{rel}","templated":true}]}}