{"id":6206,"date":"2021-08-02T08:51:52","date_gmt":"2021-08-02T08:51:52","guid":{"rendered":"https:\/\/bakirci.com\/ekipman\/?post_type=product&#038;p=6206"},"modified":"2023-07-24T10:38:03","modified_gmt":"2023-07-24T10:38:03","slug":"hidrolik-agirlik-simulasyon-sistemicartec-born-in-germanyhbv-3000","status":"publish","type":"product","link":"https:\/\/bakirci.com\/ekipman\/servis-ekipmanlari\/mekanik\/arac-test-hatlari\/hidrolik-agirlik-simulasyon-sistemicartec-born-in-germanyhbv-3000\/","title":{"rendered":"<p class=\"ustmetin\">Hidrolik A\u011f\u0131rl\u0131k Sim\u00fclasyon Sistemi<\/p><p class=\"ortametin\">CARTEC <span class=\"ortametin2\">(Born in GERMANY)<\/span><\/p><p class=\"altmetin\">HBV 3000<\/p>"},"content":{"rendered":"<ul>\n<li>02A\u011f\u0131r ticari ara\u00e7lar\u0131n fren test i\u015fleminde, rulolar\u0131n\u0131n hidrolik sistem ile yukar\u0131 kald\u0131r\u0131larak ger\u00e7ek zamanl\u0131 ara\u00e7 y\u00fck\u00fcn\u00fcn sim\u00fcle edilmesi<\/li>\n<li>Fren test cihaz\u0131 \u00fczerinden kumanda<\/li>\n<li>Hidrolik tahrikli kald\u0131rma \u00fcnitesi<\/li>\n<li>Kald\u0131rma kapasitesi 16 ton \/ 20 ton<\/li>\n<li>Rulo \u00e7ap\u0131 1000 mm<\/li>\n<\/ul>\n","protected":false},"excerpt":{"rendered":"<ul>\n<li>A\u011f\u0131r ticari ara\u00e7lar\u0131n fren test i\u015fleminde, rulolar\u0131n\u0131n hidrolik sistem ile yukar\u0131 kald\u0131r\u0131larak ger\u00e7ek zamanl\u0131 ara\u00e7 y\u00fck\u00fcn\u00fcn sim\u00fcle edilmesi<\/li>\n<li>Fren test cihaz\u0131 \u00fczerinden kumanda<\/li>\n<li>Hidrolik tahrikli kald\u0131rma \u00fcnitesi<\/li>\n<li>Kald\u0131rma kapasitesi 16 ton \/ 20 ton<\/li>\n<li>Rulo \u00e7ap\u0131 1000 mm<\/li>\n<\/ul>\n","protected":false},"featured_media":6351,"comment_status":"open","ping_status":"closed","template":"","meta":[],"product_cat":[196],"product_tag":[],"class_list":["post-6206","product","type-product","status-publish","has-post-thumbnail","hentry","pwb-brand-cartec","product_cat-arac-test-hatlari"],"brands":[{"id":360,"name":"CARTEC","slug":"cartec"}],"yoast_head":"<!-- This site is optimized with the Yoast SEO plugin v17.1 - https:\/\/yoast.com\/wordpress\/plugins\/seo\/ -->\n<title>Hidrolik A\u011f\u0131rl\u0131k Sim\u00fclasyon SistemiCARTEC (Born in GERMANY)HBV 3000 - Bak\u0131rc\u0131 Garagineering<\/title>\n<meta name=\"robots\" content=\"index, follow, max-snippet:-1, max-image-preview:large, max-video-preview:-1\" \/>\n<link rel=\"canonical\" href=\"https:\/\/bakirci.com\/ekipman\/servis-ekipmanlari\/mekanik\/arac-test-hatlari\/hidrolik-agirlik-simulasyon-sistemicartec-born-in-germanyhbv-3000\/\" \/>\n<meta property=\"og:locale\" content=\"tr_TR\" \/>\n<meta property=\"og:type\" content=\"article\" \/>\n<meta property=\"og:title\" content=\"Hidrolik A\u011f\u0131rl\u0131k Sim\u00fclasyon SistemiCARTEC (Born in GERMANY)HBV 3000 - Bak\u0131rc\u0131 Garagineering\" \/>\n<meta property=\"og:description\" content=\"A\u011f\u0131r ticari ara\u00e7lar\u0131n fren test i\u015fleminde, rulolar\u0131n\u0131n hidrolik sistem ile yukar\u0131 kald\u0131r\u0131larak ger\u00e7ek zamanl\u0131 ara\u00e7 y\u00fck\u00fcn\u00fcn sim\u00fcle edilmesi  Fren test cihaz\u0131 \u00fczerinden kumanda  Hidrolik tahrikli kald\u0131rma \u00fcnitesi  Kald\u0131rma kapasitesi 16 ton \/ 20 ton  Rulo \u00e7ap\u0131 1000 mm\" \/>\n<meta property=\"og:url\" content=\"https:\/\/bakirci.com\/ekipman\/servis-ekipmanlari\/mekanik\/arac-test-hatlari\/hidrolik-agirlik-simulasyon-sistemicartec-born-in-germanyhbv-3000\/\" \/>\n<meta property=\"og:site_name\" content=\"Bak\u0131rc\u0131 Garagineering\" \/>\n<meta property=\"article:publisher\" content=\"https:\/\/www.facebook.com\/bakirci.garagineering\" \/>\n<meta property=\"article:modified_time\" content=\"2023-07-24T10:38:03+00:00\" \/>\n<meta property=\"og:image\" content=\"https:\/\/bakirci.com\/ekipman\/wp-content\/uploads\/2023\/07\/Hidrolik-Agirlik-Simulasyon-Sistemi-\u2013-HBV-3000.png\" \/>\n\t<meta property=\"og:image:width\" content=\"1080\" \/>\n\t<meta property=\"og:image:height\" content=\"1080\" \/>\n<meta name=\"twitter:card\" content=\"summary_large_image\" \/>\n<script type=\"application\/ld+json\" class=\"yoast-schema-graph\">{\"@context\":\"https:\/\/schema.org\",\"@graph\":[{\"@type\":\"Organization\",\"@id\":\"https:\/\/bakirci.com\/ekipman\/#organization\",\"name\":\"Bak\\u0131rc\\u0131 garagineering\",\"url\":\"https:\/\/bakirci.com\/ekipman\/\",\"sameAs\":[\"https:\/\/www.facebook.com\/bakirci.garagineering\",\"https:\/\/www.instagram.com\/bakirci.garagineering\/\",\"https:\/\/www.linkedin.com\/company\/bakirci-garagineering\/\",\"https:\/\/www.youtube.com\/channel\/UCiVG6s_jALJ6Zk8085XiOQg\"],\"logo\":{\"@type\":\"ImageObject\",\"@id\":\"https:\/\/bakirci.com\/ekipman\/#logo\",\"inLanguage\":\"tr\",\"url\":\"https:\/\/bakirci.com\/ekipman\/wp-content\/uploads\/2021\/09\/Bakirci-logo-lacivert.png\",\"contentUrl\":\"https:\/\/bakirci.com\/ekipman\/wp-content\/uploads\/2021\/09\/Bakirci-logo-lacivert.png\",\"width\":501,\"height\":501,\"caption\":\"Bak\\u0131rc\\u0131 garagineering\"},\"image\":{\"@id\":\"https:\/\/bakirci.com\/ekipman\/#logo\"}},{\"@type\":\"WebSite\",\"@id\":\"https:\/\/bakirci.com\/ekipman\/#website\",\"url\":\"https:\/\/bakirci.com\/ekipman\/\",\"name\":\"Bak\\u0131rc\\u0131 Garagineering\",\"description\":\"Otomotiv sekt\\u00f6r\\u00fcne \\u00f6zel, \\u201c\\u00dcretici Standard\\u0131nda\\u201d \\u00e7\\u00f6z\\u00fcmler\\u2026\",\"publisher\":{\"@id\":\"https:\/\/bakirci.com\/ekipman\/#organization\"},\"potentialAction\":[{\"@type\":\"SearchAction\",\"target\":{\"@type\":\"EntryPoint\",\"urlTemplate\":\"https:\/\/bakirci.com\/ekipman\/?s={search_term_string}\"},\"query-input\":\"required name=search_term_string\"}],\"inLanguage\":\"tr\"},{\"@type\":\"ImageObject\",\"@id\":\"https:\/\/bakirci.com\/ekipman\/servis-ekipmanlari\/mekanik\/arac-test-hatlari\/hidrolik-agirlik-simulasyon-sistemicartec-born-in-germanyhbv-3000\/#primaryimage\",\"inLanguage\":\"tr\",\"url\":\"https:\/\/bakirci.com\/ekipman\/wp-content\/uploads\/2023\/07\/Hidrolik-Agirlik-Simulasyon-Sistemi-\\u2013-HBV-3000.png\",\"contentUrl\":\"https:\/\/bakirci.com\/ekipman\/wp-content\/uploads\/2023\/07\/Hidrolik-Agirlik-Simulasyon-Sistemi-\\u2013-HBV-3000.png\",\"width\":1080,\"height\":1080},{\"@type\":\"WebPage\",\"@id\":\"https:\/\/bakirci.com\/ekipman\/servis-ekipmanlari\/mekanik\/arac-test-hatlari\/hidrolik-agirlik-simulasyon-sistemicartec-born-in-germanyhbv-3000\/#webpage\",\"url\":\"https:\/\/bakirci.com\/ekipman\/servis-ekipmanlari\/mekanik\/arac-test-hatlari\/hidrolik-agirlik-simulasyon-sistemicartec-born-in-germanyhbv-3000\/\",\"name\":\"Hidrolik A\\u011f\\u0131rl\\u0131k Sim\\u00fclasyon Sistemi CARTEC (Born in GERMANY) HBV 3000 - Bak\\u0131rc\\u0131 Garagineering\",\"isPartOf\":{\"@id\":\"https:\/\/bakirci.com\/ekipman\/#website\"},\"primaryImageOfPage\":{\"@id\":\"https:\/\/bakirci.com\/ekipman\/servis-ekipmanlari\/mekanik\/arac-test-hatlari\/hidrolik-agirlik-simulasyon-sistemicartec-born-in-germanyhbv-3000\/#primaryimage\"},\"datePublished\":\"2021-08-02T08:51:52+00:00\",\"dateModified\":\"2023-07-24T10:38:03+00:00\",\"breadcrumb\":{\"@id\":\"https:\/\/bakirci.com\/ekipman\/servis-ekipmanlari\/mekanik\/arac-test-hatlari\/hidrolik-agirlik-simulasyon-sistemicartec-born-in-germanyhbv-3000\/#breadcrumb\"},\"inLanguage\":\"tr\",\"potentialAction\":[{\"@type\":\"ReadAction\",\"target\":[\"https:\/\/bakirci.com\/ekipman\/servis-ekipmanlari\/mekanik\/arac-test-hatlari\/hidrolik-agirlik-simulasyon-sistemicartec-born-in-germanyhbv-3000\/\"]}]},{\"@type\":\"BreadcrumbList\",\"@id\":\"https:\/\/bakirci.com\/ekipman\/servis-ekipmanlari\/mekanik\/arac-test-hatlari\/hidrolik-agirlik-simulasyon-sistemicartec-born-in-germanyhbv-3000\/#breadcrumb\",\"itemListElement\":[{\"@type\":\"ListItem\",\"position\":1,\"name\":\"Ekipman\",\"item\":\"https:\/\/bakirci.com\/ekipman\/\"},{\"@type\":\"ListItem\",\"position\":2,\"name\":\"Otomotiv Tesisleri \\u0130\\u00e7in Servis Ekipmanlar\\u0131\",\"item\":\"https:\/\/bakirci.com\/ekipman\/\"},{\"@type\":\"ListItem\",\"position\":3,\"name\":\"Hidrolik A\\u011f\\u0131rl\\u0131k Sim\\u00fclasyon SistemiCARTEC (Born in GERMANY)HBV 3000\"}]}]}<\/script>\n<!-- \/ Yoast SEO plugin. -->","yoast_head_json":{"title":"Hidrolik A\u011f\u0131rl\u0131k Sim\u00fclasyon SistemiCARTEC (Born in GERMANY)HBV 3000 - Bak\u0131rc\u0131 Garagineering","robots":{"index":"index","follow":"follow","max-snippet":"max-snippet:-1","max-image-preview":"max-image-preview:large","max-video-preview":"max-video-preview:-1"},"canonical":"https:\/\/bakirci.com\/ekipman\/servis-ekipmanlari\/mekanik\/arac-test-hatlari\/hidrolik-agirlik-simulasyon-sistemicartec-born-in-germanyhbv-3000\/","og_locale":"tr_TR","og_type":"article","og_title":"Hidrolik A\u011f\u0131rl\u0131k Sim\u00fclasyon SistemiCARTEC (Born in GERMANY)HBV 3000 - Bak\u0131rc\u0131 Garagineering","og_description":"A\u011f\u0131r ticari ara\u00e7lar\u0131n fren test i\u015fleminde, rulolar\u0131n\u0131n hidrolik sistem ile yukar\u0131 kald\u0131r\u0131larak ger\u00e7ek zamanl\u0131 ara\u00e7 y\u00fck\u00fcn\u00fcn sim\u00fcle edilmesi  Fren test cihaz\u0131 \u00fczerinden kumanda  Hidrolik tahrikli kald\u0131rma \u00fcnitesi  Kald\u0131rma kapasitesi 16 ton \/ 20 ton  Rulo \u00e7ap\u0131 1000 mm","og_url":"https:\/\/bakirci.com\/ekipman\/servis-ekipmanlari\/mekanik\/arac-test-hatlari\/hidrolik-agirlik-simulasyon-sistemicartec-born-in-germanyhbv-3000\/","og_site_name":"Bak\u0131rc\u0131 Garagineering","article_publisher":"https:\/\/www.facebook.com\/bakirci.garagineering","article_modified_time":"2023-07-24T10:38:03+00:00","og_image":[{"width":1080,"height":1080,"filesize":876542,"url":"https:\/\/bakirci.com\/ekipman\/wp-content\/uploads\/2023\/07\/Hidrolik-Agirlik-Simulasyon-Sistemi-\u2013-HBV-3000.png","path":"\/home\/bakirciwebsitesi\/public_html\/ekipman\/wp-content\/uploads\/2023\/07\/Hidrolik-Agirlik-Simulasyon-Sistemi-\u2013-HBV-3000.png","size":"full","id":6351,"alt":"","pixels":1166400,"type":"image\/png"}],"twitter_card":"summary_large_image","schema":{"@context":"https:\/\/schema.org","@graph":[{"@type":"Organization","@id":"https:\/\/bakirci.com\/ekipman\/#organization","name":"Bak\u0131rc\u0131 garagineering","url":"https:\/\/bakirci.com\/ekipman\/","sameAs":["https:\/\/www.facebook.com\/bakirci.garagineering","https:\/\/www.instagram.com\/bakirci.garagineering\/","https:\/\/www.linkedin.com\/company\/bakirci-garagineering\/","https:\/\/www.youtube.com\/channel\/UCiVG6s_jALJ6Zk8085XiOQg"],"logo":{"@type":"ImageObject","@id":"https:\/\/bakirci.com\/ekipman\/#logo","inLanguage":"tr","url":"https:\/\/bakirci.com\/ekipman\/wp-content\/uploads\/2021\/09\/Bakirci-logo-lacivert.png","contentUrl":"https:\/\/bakirci.com\/ekipman\/wp-content\/uploads\/2021\/09\/Bakirci-logo-lacivert.png","width":501,"height":501,"caption":"Bak\u0131rc\u0131 garagineering"},"image":{"@id":"https:\/\/bakirci.com\/ekipman\/#logo"}},{"@type":"WebSite","@id":"https:\/\/bakirci.com\/ekipman\/#website","url":"https:\/\/bakirci.com\/ekipman\/","name":"Bak\u0131rc\u0131 Garagineering","description":"Otomotiv sekt\u00f6r\u00fcne \u00f6zel, \u201c\u00dcretici Standard\u0131nda\u201d \u00e7\u00f6z\u00fcmler\u2026","publisher":{"@id":"https:\/\/bakirci.com\/ekipman\/#organization"},"potentialAction":[{"@type":"SearchAction","target":{"@type":"EntryPoint","urlTemplate":"https:\/\/bakirci.com\/ekipman\/?s={search_term_string}"},"query-input":"required name=search_term_string"}],"inLanguage":"tr"},{"@type":"ImageObject","@id":"https:\/\/bakirci.com\/ekipman\/servis-ekipmanlari\/mekanik\/arac-test-hatlari\/hidrolik-agirlik-simulasyon-sistemicartec-born-in-germanyhbv-3000\/#primaryimage","inLanguage":"tr","url":"https:\/\/bakirci.com\/ekipman\/wp-content\/uploads\/2023\/07\/Hidrolik-Agirlik-Simulasyon-Sistemi-\u2013-HBV-3000.png","contentUrl":"https:\/\/bakirci.com\/ekipman\/wp-content\/uploads\/2023\/07\/Hidrolik-Agirlik-Simulasyon-Sistemi-\u2013-HBV-3000.png","width":1080,"height":1080},{"@type":"WebPage","@id":"https:\/\/bakirci.com\/ekipman\/servis-ekipmanlari\/mekanik\/arac-test-hatlari\/hidrolik-agirlik-simulasyon-sistemicartec-born-in-germanyhbv-3000\/#webpage","url":"https:\/\/bakirci.com\/ekipman\/servis-ekipmanlari\/mekanik\/arac-test-hatlari\/hidrolik-agirlik-simulasyon-sistemicartec-born-in-germanyhbv-3000\/","name":"Hidrolik A\u011f\u0131rl\u0131k Sim\u00fclasyon Sistemi CARTEC (Born in GERMANY) HBV 3000 - Bak\u0131rc\u0131 Garagineering","isPartOf":{"@id":"https:\/\/bakirci.com\/ekipman\/#website"},"primaryImageOfPage":{"@id":"https:\/\/bakirci.com\/ekipman\/servis-ekipmanlari\/mekanik\/arac-test-hatlari\/hidrolik-agirlik-simulasyon-sistemicartec-born-in-germanyhbv-3000\/#primaryimage"},"datePublished":"2021-08-02T08:51:52+00:00","dateModified":"2023-07-24T10:38:03+00:00","breadcrumb":{"@id":"https:\/\/bakirci.com\/ekipman\/servis-ekipmanlari\/mekanik\/arac-test-hatlari\/hidrolik-agirlik-simulasyon-sistemicartec-born-in-germanyhbv-3000\/#breadcrumb"},"inLanguage":"tr","potentialAction":[{"@type":"ReadAction","target":["https:\/\/bakirci.com\/ekipman\/servis-ekipmanlari\/mekanik\/arac-test-hatlari\/hidrolik-agirlik-simulasyon-sistemicartec-born-in-germanyhbv-3000\/"]}]},{"@type":"BreadcrumbList","@id":"https:\/\/bakirci.com\/ekipman\/servis-ekipmanlari\/mekanik\/arac-test-hatlari\/hidrolik-agirlik-simulasyon-sistemicartec-born-in-germanyhbv-3000\/#breadcrumb","itemListElement":[{"@type":"ListItem","position":1,"name":"Ekipman","item":"https:\/\/bakirci.com\/ekipman\/"},{"@type":"ListItem","position":2,"name":"Otomotiv Tesisleri \u0130\u00e7in Servis Ekipmanlar\u0131","item":"https:\/\/bakirci.com\/ekipman\/"},{"@type":"ListItem","position":3,"name":"Hidrolik A\u011f\u0131rl\u0131k Sim\u00fclasyon SistemiCARTEC (Born in GERMANY)HBV 3000"}]}]}},"_links":{"self":[{"href":"https:\/\/bakirci.com\/ekipman\/wp-json\/wp\/v2\/product\/6206","targetHints":{"allow":["GET"]}}],"collection":[{"href":"https:\/\/bakirci.com\/ekipman\/wp-json\/wp\/v2\/product"}],"about":[{"href":"https:\/\/bakirci.com\/ekipman\/wp-json\/wp\/v2\/types\/product"}],"replies":[{"embeddable":true,"href":"https:\/\/bakirci.com\/ekipman\/wp-json\/wp\/v2\/comments?post=6206"}],"wp:featuredmedia":[{"embeddable":true,"href":"https:\/\/bakirci.com\/ekipman\/wp-json\/wp\/v2\/media\/6351"}],"wp:attachment":[{"href":"https:\/\/bakirci.com\/ekipman\/wp-json\/wp\/v2\/media?parent=6206"}],"wp:term":[{"taxonomy":"product_cat","embeddable":true,"href":"https:\/\/bakirci.com\/ekipman\/wp-json\/wp\/v2\/product_cat?post=6206"},{"taxonomy":"product_tag","embeddable":true,"href":"https:\/\/bakirci.com\/ekipman\/wp-json\/wp\/v2\/product_tag?post=6206"}],"curies":[{"name":"wp","href":"https:\/\/api.w.org\/{rel}","templated":true}]}}