{"id":6201,"date":"2021-01-02T17:10:00","date_gmt":"2021-01-02T17:10:00","guid":{"rendered":"https:\/\/bakirci.com\/ekipman\/?post_type=product&#038;p=6201"},"modified":"2023-07-24T10:31:42","modified_gmt":"2023-07-24T10:31:42","slug":"universal-batarya-kontrol-ve-onarim-setiavl-ditest-born-in-austriahv-sat","status":"publish","type":"product","link":"https:\/\/bakirci.com\/ekipman\/servis-ekipmanlari\/mekanik\/aku-bakim-cihazlari\/universal-batarya-kontrol-ve-onarim-setiavl-ditest-born-in-austriahv-sat\/","title":{"rendered":"<p class=\"ustmetin\">Universal Batarya Kontrol ve Onar\u0131m Seti<\/p><p class=\"ortametin\">AVL DITEST <span class=\"ortametin2\">(Born in AUSTRIA)<\/span><\/p><p class=\"altmetin\">HV SAT<\/p>"},"content":{"rendered":"<ul>\n<li>Batarya onar\u0131m\u0131ndan sonra sistemin test edilip \u00f6l\u00e7\u00fclmesinde kullan\u0131l\u0131r<\/li>\n<li>Ak\u00fc onar\u0131m\u0131ndan sonra hizmet sonu testi<\/li>\n<li>Bataryalar\u0131n eksiksiz g\u00fcvenlik testi<\/li>\n<li>H\u00fccrelerin yeniden kullan\u0131lmadan veya at\u0131lmadan \u00f6nce g\u00fcvenlik testinin tamamlanmas\u0131 i\u00e7in<\/li>\n<li>Batarya aktivasyonu i\u00e7in rest-bus sim\u00fclasyonu<\/li>\n<li>Dielektrik dayan\u0131m\u0131n\u0131 kontrol edin<\/li>\n<li>S\u0131f\u0131r voltaj seviyesi kontrol\u00fc<\/li>\n<li>Pil muhafazas\u0131n\u0131n ka\u00e7ak testi ve izolasyon direnci \u00f6l\u00e7\u00fcm\u00fc<\/li>\n<\/ul>\n","protected":false},"excerpt":{"rendered":"<ul>\n<li>Batarya onar\u0131m\u0131ndan sonra sistemin test edilip \u00f6l\u00e7\u00fclmesinde kullan\u0131l\u0131r<\/li>\n<li>Ak\u00fc onar\u0131m\u0131ndan sonra hizmet sonu testi<\/li>\n<li>Bataryalar\u0131n eksiksiz g\u00fcvenlik testi<\/li>\n<li>H\u00fccrelerin yeniden kullan\u0131lmadan veya at\u0131lmadan \u00f6nce g\u00fcvenlik testinin tamamlanmas\u0131 i\u00e7in<\/li>\n<li>Batarya aktivasyonu i\u00e7in rest-bus sim\u00fclasyonu<\/li>\n<li>Dielektrik dayan\u0131m\u0131n\u0131 kontrol edin<\/li>\n<li>S\u0131f\u0131r voltaj seviyesi kontrol\u00fc<\/li>\n<li>Pil muhafazas\u0131n\u0131n ka\u00e7ak testi ve izolasyon direnci \u00f6l\u00e7\u00fcm\u00fc<\/li>\n<\/ul>\n","protected":false},"featured_media":6346,"comment_status":"open","ping_status":"closed","template":"","meta":[],"product_cat":[142],"product_tag":[],"class_list":["post-6201","product","type-product","status-publish","has-post-thumbnail","hentry","pwb-brand-avl-ditest","product_cat-aku-bakim-cihazlari"],"brands":[{"id":377,"name":"AVL DITEST","slug":"avl-ditest"}],"yoast_head":"<!-- This site is optimized with the Yoast SEO plugin v17.1 - https:\/\/yoast.com\/wordpress\/plugins\/seo\/ -->\n<title>Universal Batarya Kontrol ve Onar\u0131m SetiAVL DITEST (Born in AUSTRIA)HV SAT - Bak\u0131rc\u0131 Garagineering<\/title>\n<meta name=\"robots\" content=\"index, follow, max-snippet:-1, max-image-preview:large, max-video-preview:-1\" \/>\n<link rel=\"canonical\" href=\"https:\/\/bakirci.com\/ekipman\/servis-ekipmanlari\/mekanik\/aku-bakim-cihazlari\/universal-batarya-kontrol-ve-onarim-setiavl-ditest-born-in-austriahv-sat\/\" \/>\n<meta property=\"og:locale\" content=\"tr_TR\" \/>\n<meta property=\"og:type\" content=\"article\" \/>\n<meta property=\"og:title\" content=\"Universal Batarya Kontrol ve Onar\u0131m SetiAVL DITEST (Born in AUSTRIA)HV SAT - Bak\u0131rc\u0131 Garagineering\" \/>\n<meta property=\"og:description\" content=\"Batarya onar\u0131m\u0131ndan sonra sistemin test edilip \u00f6l\u00e7\u00fclmesinde kullan\u0131l\u0131r  Ak\u00fc onar\u0131m\u0131ndan sonra hizmet sonu testi  Bataryalar\u0131n eksiksiz g\u00fcvenlik testi  H\u00fccrelerin yeniden kullan\u0131lmadan veya at\u0131lmadan \u00f6nce g\u00fcvenlik testinin tamamlanmas\u0131 i\u00e7in  Batarya aktivasyonu i\u00e7in rest-bus sim\u00fclasyonu  Dielektrik dayan\u0131m\u0131n\u0131 kontrol edin  S\u0131f\u0131r voltaj seviyesi kontrol\u00fc  Pil muhafazas\u0131n\u0131n ka\u00e7ak testi ve izolasyon direnci \u00f6l\u00e7\u00fcm\u00fc\" \/>\n<meta property=\"og:url\" content=\"https:\/\/bakirci.com\/ekipman\/servis-ekipmanlari\/mekanik\/aku-bakim-cihazlari\/universal-batarya-kontrol-ve-onarim-setiavl-ditest-born-in-austriahv-sat\/\" \/>\n<meta property=\"og:site_name\" content=\"Bak\u0131rc\u0131 Garagineering\" \/>\n<meta property=\"article:publisher\" content=\"https:\/\/www.facebook.com\/bakirci.garagineering\" \/>\n<meta property=\"article:modified_time\" content=\"2023-07-24T10:31:42+00:00\" \/>\n<meta property=\"og:image\" content=\"https:\/\/bakirci.com\/ekipman\/wp-content\/uploads\/2023\/07\/Universal-Batarya-Kontrol-ve-Onarim-Seti-\u2013-HV-SAT.png\" \/>\n\t<meta property=\"og:image:width\" content=\"1080\" \/>\n\t<meta property=\"og:image:height\" content=\"1080\" \/>\n<meta name=\"twitter:card\" content=\"summary_large_image\" \/>\n<script type=\"application\/ld+json\" class=\"yoast-schema-graph\">{\"@context\":\"https:\/\/schema.org\",\"@graph\":[{\"@type\":\"Organization\",\"@id\":\"https:\/\/bakirci.com\/ekipman\/#organization\",\"name\":\"Bak\\u0131rc\\u0131 garagineering\",\"url\":\"https:\/\/bakirci.com\/ekipman\/\",\"sameAs\":[\"https:\/\/www.facebook.com\/bakirci.garagineering\",\"https:\/\/www.instagram.com\/bakirci.garagineering\/\",\"https:\/\/www.linkedin.com\/company\/bakirci-garagineering\/\",\"https:\/\/www.youtube.com\/channel\/UCiVG6s_jALJ6Zk8085XiOQg\"],\"logo\":{\"@type\":\"ImageObject\",\"@id\":\"https:\/\/bakirci.com\/ekipman\/#logo\",\"inLanguage\":\"tr\",\"url\":\"https:\/\/bakirci.com\/ekipman\/wp-content\/uploads\/2021\/09\/Bakirci-logo-lacivert.png\",\"contentUrl\":\"https:\/\/bakirci.com\/ekipman\/wp-content\/uploads\/2021\/09\/Bakirci-logo-lacivert.png\",\"width\":501,\"height\":501,\"caption\":\"Bak\\u0131rc\\u0131 garagineering\"},\"image\":{\"@id\":\"https:\/\/bakirci.com\/ekipman\/#logo\"}},{\"@type\":\"WebSite\",\"@id\":\"https:\/\/bakirci.com\/ekipman\/#website\",\"url\":\"https:\/\/bakirci.com\/ekipman\/\",\"name\":\"Bak\\u0131rc\\u0131 Garagineering\",\"description\":\"Otomotiv sekt\\u00f6r\\u00fcne \\u00f6zel, \\u201c\\u00dcretici Standard\\u0131nda\\u201d \\u00e7\\u00f6z\\u00fcmler\\u2026\",\"publisher\":{\"@id\":\"https:\/\/bakirci.com\/ekipman\/#organization\"},\"potentialAction\":[{\"@type\":\"SearchAction\",\"target\":{\"@type\":\"EntryPoint\",\"urlTemplate\":\"https:\/\/bakirci.com\/ekipman\/?s={search_term_string}\"},\"query-input\":\"required name=search_term_string\"}],\"inLanguage\":\"tr\"},{\"@type\":\"ImageObject\",\"@id\":\"https:\/\/bakirci.com\/ekipman\/servis-ekipmanlari\/mekanik\/aku-bakim-cihazlari\/universal-batarya-kontrol-ve-onarim-setiavl-ditest-born-in-austriahv-sat\/#primaryimage\",\"inLanguage\":\"tr\",\"url\":\"https:\/\/bakirci.com\/ekipman\/wp-content\/uploads\/2023\/07\/Universal-Batarya-Kontrol-ve-Onarim-Seti-\\u2013-HV-SAT.png\",\"contentUrl\":\"https:\/\/bakirci.com\/ekipman\/wp-content\/uploads\/2023\/07\/Universal-Batarya-Kontrol-ve-Onarim-Seti-\\u2013-HV-SAT.png\",\"width\":1080,\"height\":1080},{\"@type\":\"WebPage\",\"@id\":\"https:\/\/bakirci.com\/ekipman\/servis-ekipmanlari\/mekanik\/aku-bakim-cihazlari\/universal-batarya-kontrol-ve-onarim-setiavl-ditest-born-in-austriahv-sat\/#webpage\",\"url\":\"https:\/\/bakirci.com\/ekipman\/servis-ekipmanlari\/mekanik\/aku-bakim-cihazlari\/universal-batarya-kontrol-ve-onarim-setiavl-ditest-born-in-austriahv-sat\/\",\"name\":\"Universal Batarya Kontrol ve Onar\\u0131m Seti AVL DITEST (Born in AUSTRIA) HV SAT - Bak\\u0131rc\\u0131 Garagineering\",\"isPartOf\":{\"@id\":\"https:\/\/bakirci.com\/ekipman\/#website\"},\"primaryImageOfPage\":{\"@id\":\"https:\/\/bakirci.com\/ekipman\/servis-ekipmanlari\/mekanik\/aku-bakim-cihazlari\/universal-batarya-kontrol-ve-onarim-setiavl-ditest-born-in-austriahv-sat\/#primaryimage\"},\"datePublished\":\"2021-01-02T17:10:00+00:00\",\"dateModified\":\"2023-07-24T10:31:42+00:00\",\"breadcrumb\":{\"@id\":\"https:\/\/bakirci.com\/ekipman\/servis-ekipmanlari\/mekanik\/aku-bakim-cihazlari\/universal-batarya-kontrol-ve-onarim-setiavl-ditest-born-in-austriahv-sat\/#breadcrumb\"},\"inLanguage\":\"tr\",\"potentialAction\":[{\"@type\":\"ReadAction\",\"target\":[\"https:\/\/bakirci.com\/ekipman\/servis-ekipmanlari\/mekanik\/aku-bakim-cihazlari\/universal-batarya-kontrol-ve-onarim-setiavl-ditest-born-in-austriahv-sat\/\"]}]},{\"@type\":\"BreadcrumbList\",\"@id\":\"https:\/\/bakirci.com\/ekipman\/servis-ekipmanlari\/mekanik\/aku-bakim-cihazlari\/universal-batarya-kontrol-ve-onarim-setiavl-ditest-born-in-austriahv-sat\/#breadcrumb\",\"itemListElement\":[{\"@type\":\"ListItem\",\"position\":1,\"name\":\"Ekipman\",\"item\":\"https:\/\/bakirci.com\/ekipman\/\"},{\"@type\":\"ListItem\",\"position\":2,\"name\":\"Otomotiv Tesisleri \\u0130\\u00e7in Servis Ekipmanlar\\u0131\",\"item\":\"https:\/\/bakirci.com\/ekipman\/\"},{\"@type\":\"ListItem\",\"position\":3,\"name\":\"Universal Batarya Kontrol ve Onar\\u0131m SetiAVL DITEST (Born in AUSTRIA)HV SAT\"}]}]}<\/script>\n<!-- \/ Yoast SEO plugin. -->","yoast_head_json":{"title":"Universal Batarya Kontrol ve Onar\u0131m SetiAVL DITEST (Born in AUSTRIA)HV SAT - Bak\u0131rc\u0131 Garagineering","robots":{"index":"index","follow":"follow","max-snippet":"max-snippet:-1","max-image-preview":"max-image-preview:large","max-video-preview":"max-video-preview:-1"},"canonical":"https:\/\/bakirci.com\/ekipman\/servis-ekipmanlari\/mekanik\/aku-bakim-cihazlari\/universal-batarya-kontrol-ve-onarim-setiavl-ditest-born-in-austriahv-sat\/","og_locale":"tr_TR","og_type":"article","og_title":"Universal Batarya Kontrol ve Onar\u0131m SetiAVL DITEST (Born in AUSTRIA)HV SAT - Bak\u0131rc\u0131 Garagineering","og_description":"Batarya onar\u0131m\u0131ndan sonra sistemin test edilip \u00f6l\u00e7\u00fclmesinde kullan\u0131l\u0131r  Ak\u00fc onar\u0131m\u0131ndan sonra hizmet sonu testi  Bataryalar\u0131n eksiksiz g\u00fcvenlik testi  H\u00fccrelerin yeniden kullan\u0131lmadan veya at\u0131lmadan \u00f6nce g\u00fcvenlik testinin tamamlanmas\u0131 i\u00e7in  Batarya aktivasyonu i\u00e7in rest-bus sim\u00fclasyonu  Dielektrik dayan\u0131m\u0131n\u0131 kontrol edin  S\u0131f\u0131r voltaj seviyesi kontrol\u00fc  Pil muhafazas\u0131n\u0131n ka\u00e7ak testi ve izolasyon direnci \u00f6l\u00e7\u00fcm\u00fc","og_url":"https:\/\/bakirci.com\/ekipman\/servis-ekipmanlari\/mekanik\/aku-bakim-cihazlari\/universal-batarya-kontrol-ve-onarim-setiavl-ditest-born-in-austriahv-sat\/","og_site_name":"Bak\u0131rc\u0131 Garagineering","article_publisher":"https:\/\/www.facebook.com\/bakirci.garagineering","article_modified_time":"2023-07-24T10:31:42+00:00","og_image":[{"width":1080,"height":1080,"filesize":257154,"url":"https:\/\/bakirci.com\/ekipman\/wp-content\/uploads\/2023\/07\/Universal-Batarya-Kontrol-ve-Onarim-Seti-\u2013-HV-SAT.png","path":"\/home\/bakirciwebsitesi\/public_html\/ekipman\/wp-content\/uploads\/2023\/07\/Universal-Batarya-Kontrol-ve-Onarim-Seti-\u2013-HV-SAT.png","size":"full","id":6346,"alt":"","pixels":1166400,"type":"image\/png"}],"twitter_card":"summary_large_image","schema":{"@context":"https:\/\/schema.org","@graph":[{"@type":"Organization","@id":"https:\/\/bakirci.com\/ekipman\/#organization","name":"Bak\u0131rc\u0131 garagineering","url":"https:\/\/bakirci.com\/ekipman\/","sameAs":["https:\/\/www.facebook.com\/bakirci.garagineering","https:\/\/www.instagram.com\/bakirci.garagineering\/","https:\/\/www.linkedin.com\/company\/bakirci-garagineering\/","https:\/\/www.youtube.com\/channel\/UCiVG6s_jALJ6Zk8085XiOQg"],"logo":{"@type":"ImageObject","@id":"https:\/\/bakirci.com\/ekipman\/#logo","inLanguage":"tr","url":"https:\/\/bakirci.com\/ekipman\/wp-content\/uploads\/2021\/09\/Bakirci-logo-lacivert.png","contentUrl":"https:\/\/bakirci.com\/ekipman\/wp-content\/uploads\/2021\/09\/Bakirci-logo-lacivert.png","width":501,"height":501,"caption":"Bak\u0131rc\u0131 garagineering"},"image":{"@id":"https:\/\/bakirci.com\/ekipman\/#logo"}},{"@type":"WebSite","@id":"https:\/\/bakirci.com\/ekipman\/#website","url":"https:\/\/bakirci.com\/ekipman\/","name":"Bak\u0131rc\u0131 Garagineering","description":"Otomotiv sekt\u00f6r\u00fcne \u00f6zel, \u201c\u00dcretici Standard\u0131nda\u201d \u00e7\u00f6z\u00fcmler\u2026","publisher":{"@id":"https:\/\/bakirci.com\/ekipman\/#organization"},"potentialAction":[{"@type":"SearchAction","target":{"@type":"EntryPoint","urlTemplate":"https:\/\/bakirci.com\/ekipman\/?s={search_term_string}"},"query-input":"required name=search_term_string"}],"inLanguage":"tr"},{"@type":"ImageObject","@id":"https:\/\/bakirci.com\/ekipman\/servis-ekipmanlari\/mekanik\/aku-bakim-cihazlari\/universal-batarya-kontrol-ve-onarim-setiavl-ditest-born-in-austriahv-sat\/#primaryimage","inLanguage":"tr","url":"https:\/\/bakirci.com\/ekipman\/wp-content\/uploads\/2023\/07\/Universal-Batarya-Kontrol-ve-Onarim-Seti-\u2013-HV-SAT.png","contentUrl":"https:\/\/bakirci.com\/ekipman\/wp-content\/uploads\/2023\/07\/Universal-Batarya-Kontrol-ve-Onarim-Seti-\u2013-HV-SAT.png","width":1080,"height":1080},{"@type":"WebPage","@id":"https:\/\/bakirci.com\/ekipman\/servis-ekipmanlari\/mekanik\/aku-bakim-cihazlari\/universal-batarya-kontrol-ve-onarim-setiavl-ditest-born-in-austriahv-sat\/#webpage","url":"https:\/\/bakirci.com\/ekipman\/servis-ekipmanlari\/mekanik\/aku-bakim-cihazlari\/universal-batarya-kontrol-ve-onarim-setiavl-ditest-born-in-austriahv-sat\/","name":"Universal Batarya Kontrol ve Onar\u0131m Seti AVL DITEST (Born in AUSTRIA) HV SAT - Bak\u0131rc\u0131 Garagineering","isPartOf":{"@id":"https:\/\/bakirci.com\/ekipman\/#website"},"primaryImageOfPage":{"@id":"https:\/\/bakirci.com\/ekipman\/servis-ekipmanlari\/mekanik\/aku-bakim-cihazlari\/universal-batarya-kontrol-ve-onarim-setiavl-ditest-born-in-austriahv-sat\/#primaryimage"},"datePublished":"2021-01-02T17:10:00+00:00","dateModified":"2023-07-24T10:31:42+00:00","breadcrumb":{"@id":"https:\/\/bakirci.com\/ekipman\/servis-ekipmanlari\/mekanik\/aku-bakim-cihazlari\/universal-batarya-kontrol-ve-onarim-setiavl-ditest-born-in-austriahv-sat\/#breadcrumb"},"inLanguage":"tr","potentialAction":[{"@type":"ReadAction","target":["https:\/\/bakirci.com\/ekipman\/servis-ekipmanlari\/mekanik\/aku-bakim-cihazlari\/universal-batarya-kontrol-ve-onarim-setiavl-ditest-born-in-austriahv-sat\/"]}]},{"@type":"BreadcrumbList","@id":"https:\/\/bakirci.com\/ekipman\/servis-ekipmanlari\/mekanik\/aku-bakim-cihazlari\/universal-batarya-kontrol-ve-onarim-setiavl-ditest-born-in-austriahv-sat\/#breadcrumb","itemListElement":[{"@type":"ListItem","position":1,"name":"Ekipman","item":"https:\/\/bakirci.com\/ekipman\/"},{"@type":"ListItem","position":2,"name":"Otomotiv Tesisleri \u0130\u00e7in Servis Ekipmanlar\u0131","item":"https:\/\/bakirci.com\/ekipman\/"},{"@type":"ListItem","position":3,"name":"Universal Batarya Kontrol ve Onar\u0131m SetiAVL DITEST (Born in AUSTRIA)HV SAT"}]}]}},"_links":{"self":[{"href":"https:\/\/bakirci.com\/ekipman\/wp-json\/wp\/v2\/product\/6201","targetHints":{"allow":["GET"]}}],"collection":[{"href":"https:\/\/bakirci.com\/ekipman\/wp-json\/wp\/v2\/product"}],"about":[{"href":"https:\/\/bakirci.com\/ekipman\/wp-json\/wp\/v2\/types\/product"}],"replies":[{"embeddable":true,"href":"https:\/\/bakirci.com\/ekipman\/wp-json\/wp\/v2\/comments?post=6201"}],"wp:featuredmedia":[{"embeddable":true,"href":"https:\/\/bakirci.com\/ekipman\/wp-json\/wp\/v2\/media\/6346"}],"wp:attachment":[{"href":"https:\/\/bakirci.com\/ekipman\/wp-json\/wp\/v2\/media?parent=6201"}],"wp:term":[{"taxonomy":"product_cat","embeddable":true,"href":"https:\/\/bakirci.com\/ekipman\/wp-json\/wp\/v2\/product_cat?post=6201"},{"taxonomy":"product_tag","embeddable":true,"href":"https:\/\/bakirci.com\/ekipman\/wp-json\/wp\/v2\/product_tag?post=6201"}],"curies":[{"name":"wp","href":"https:\/\/api.w.org\/{rel}","templated":true}]}}