{"id":6195,"date":"2021-01-02T17:40:54","date_gmt":"2021-01-02T17:40:54","guid":{"rendered":"https:\/\/bakirci.com\/ekipman\/?post_type=product&#038;p=6195"},"modified":"2023-07-24T10:30:12","modified_gmt":"2023-07-24T10:30:12","slug":"klima-gaz-dolum-cihazi-avl-ditest-born-in-austriaads340-r744","status":"publish","type":"product","link":"https:\/\/bakirci.com\/ekipman\/servis-ekipmanlari\/mekanik\/klima-bakim-cihazlari\/klima-gaz-dolum-cihazi-avl-ditest-born-in-austriaads340-r744\/","title":{"rendered":"<p class=\"ustmetin\">Klima Gaz Dolum Cihaz\u0131 <\/p><p class=\"ortametin\">AVL DITEST <span class=\"ortametin2\">(Born in AUSTRIA)<\/span><\/p><p class=\"altmetin\">ADS340 &#8211; R744<\/p>"},"content":{"rendered":"<ul>\n<li>Mercedes Benz onayl\u0131<\/li>\n<li>Yeni nesil \u00e7evreci R744 gaz\u0131 i\u00e7in<\/li>\n<li>Ger\u00e7ek tam otomatik test prosed\u00fcr\u00fc<\/li>\n<li>Otomatik gaz ka\u00e7ak testi<\/li>\n<li>G\u00f6rsel ve akustik sinyal ile hata ve i\u015flem sonu bildirimi<\/li>\n<li>Dijital HP, LP g\u00f6stergeleri<\/li>\n<li>7\u201d renkli TFT ayarlanabilir hareketli ekran<\/li>\n<li>Dahili termal yaz\u0131c\u0131<\/li>\n<li>USB giri\u015fi ile data bank g\u00fcncelleme imkan\u0131<\/li>\n<li>Klima gaz dolum hortumu 5 mt<\/li>\n<li>Dolum hassasiyeti \u00b1 5 g<\/li>\n<li>Maksimum \u00e7al\u0131\u015fma bas\u0131nc\u0131 140 bar<\/li>\n<\/ul>\n","protected":false},"excerpt":{"rendered":"<ul>\n<li>Mercedes Benz onayl\u0131<\/li>\n<li>Yeni nesil \u00e7evreci R744 gaz\u0131 i\u00e7in<\/li>\n<li>Ger\u00e7ek tam otomatik test prosed\u00fcr\u00fc<\/li>\n<li>Otomatik gaz ka\u00e7ak testi<\/li>\n<li>G\u00f6rsel ve akustik sinyal ile hata ve i\u015flem sonu bildirimi<\/li>\n<li>Dijital HP, LP g\u00f6stergeleri<\/li>\n<li>7\u201d renkli TFT ayarlanabilir hareketli ekran<\/li>\n<li>Dahili termal yaz\u0131c\u0131<\/li>\n<li>USB giri\u015fi ile data bank g\u00fcncelleme imkan\u0131<\/li>\n<li>Klima gaz dolum hortumu 5 mt<\/li>\n<li>Dolum hassasiyeti \u00b1 5 g<\/li>\n<li>Maksimum \u00e7al\u0131\u015fma bas\u0131nc\u0131 140 bar<\/li>\n<\/ul>\n","protected":false},"featured_media":6344,"comment_status":"open","ping_status":"closed","template":"","meta":[],"product_cat":[150],"product_tag":[],"class_list":["post-6195","product","type-product","status-publish","has-post-thumbnail","hentry","pwb-brand-avl-ditest","product_cat-klima-bakim-cihazlari"],"brands":[{"id":377,"name":"AVL DITEST","slug":"avl-ditest"}],"yoast_head":"<!-- This site is optimized with the Yoast SEO plugin v17.1 - https:\/\/yoast.com\/wordpress\/plugins\/seo\/ -->\n<title>Klima Gaz Dolum Cihaz\u0131 AVL DITEST (Born in AUSTRIA)ADS340 - R744 - Bak\u0131rc\u0131 Garagineering<\/title>\n<meta name=\"robots\" content=\"index, follow, max-snippet:-1, max-image-preview:large, max-video-preview:-1\" \/>\n<link rel=\"canonical\" href=\"https:\/\/bakirci.com\/ekipman\/servis-ekipmanlari\/mekanik\/klima-bakim-cihazlari\/klima-gaz-dolum-cihazi-avl-ditest-born-in-austriaads340-r744\/\" \/>\n<meta property=\"og:locale\" content=\"tr_TR\" \/>\n<meta property=\"og:type\" content=\"article\" \/>\n<meta property=\"og:title\" content=\"Klima Gaz Dolum Cihaz\u0131 AVL DITEST (Born in AUSTRIA)ADS340 - R744 - Bak\u0131rc\u0131 Garagineering\" \/>\n<meta property=\"og:description\" content=\"Mercedes Benz onayl\u0131  Yeni nesil \u00e7evreci R744 gaz\u0131 i\u00e7in  Ger\u00e7ek tam otomatik test prosed\u00fcr\u00fc  Otomatik gaz ka\u00e7ak testi  G\u00f6rsel ve akustik sinyal ile hata ve i\u015flem sonu bildirimi  Dijital HP, LP g\u00f6stergeleri  7\u201d renkli TFT ayarlanabilir hareketli ekran  Dahili termal yaz\u0131c\u0131  USB giri\u015fi ile data bank g\u00fcncelleme imkan\u0131  Klima gaz dolum hortumu 5 mt  Dolum hassasiyeti \u00b1 5 g  Maksimum \u00e7al\u0131\u015fma bas\u0131nc\u0131 140 bar\" \/>\n<meta property=\"og:url\" content=\"https:\/\/bakirci.com\/ekipman\/servis-ekipmanlari\/mekanik\/klima-bakim-cihazlari\/klima-gaz-dolum-cihazi-avl-ditest-born-in-austriaads340-r744\/\" \/>\n<meta property=\"og:site_name\" content=\"Bak\u0131rc\u0131 Garagineering\" \/>\n<meta property=\"article:publisher\" content=\"https:\/\/www.facebook.com\/bakirci.garagineering\" \/>\n<meta property=\"article:modified_time\" content=\"2023-07-24T10:30:12+00:00\" \/>\n<meta property=\"og:image\" content=\"https:\/\/bakirci.com\/ekipman\/wp-content\/uploads\/2023\/07\/Klima-Gaz-Dolum-Cihazi-\u2013-ADS340-R744.png\" \/>\n\t<meta property=\"og:image:width\" content=\"1080\" \/>\n\t<meta property=\"og:image:height\" content=\"1080\" \/>\n<meta name=\"twitter:card\" content=\"summary_large_image\" \/>\n<script type=\"application\/ld+json\" class=\"yoast-schema-graph\">{\"@context\":\"https:\/\/schema.org\",\"@graph\":[{\"@type\":\"Organization\",\"@id\":\"https:\/\/bakirci.com\/ekipman\/#organization\",\"name\":\"Bak\\u0131rc\\u0131 garagineering\",\"url\":\"https:\/\/bakirci.com\/ekipman\/\",\"sameAs\":[\"https:\/\/www.facebook.com\/bakirci.garagineering\",\"https:\/\/www.instagram.com\/bakirci.garagineering\/\",\"https:\/\/www.linkedin.com\/company\/bakirci-garagineering\/\",\"https:\/\/www.youtube.com\/channel\/UCiVG6s_jALJ6Zk8085XiOQg\"],\"logo\":{\"@type\":\"ImageObject\",\"@id\":\"https:\/\/bakirci.com\/ekipman\/#logo\",\"inLanguage\":\"tr\",\"url\":\"https:\/\/bakirci.com\/ekipman\/wp-content\/uploads\/2021\/09\/Bakirci-logo-lacivert.png\",\"contentUrl\":\"https:\/\/bakirci.com\/ekipman\/wp-content\/uploads\/2021\/09\/Bakirci-logo-lacivert.png\",\"width\":501,\"height\":501,\"caption\":\"Bak\\u0131rc\\u0131 garagineering\"},\"image\":{\"@id\":\"https:\/\/bakirci.com\/ekipman\/#logo\"}},{\"@type\":\"WebSite\",\"@id\":\"https:\/\/bakirci.com\/ekipman\/#website\",\"url\":\"https:\/\/bakirci.com\/ekipman\/\",\"name\":\"Bak\\u0131rc\\u0131 Garagineering\",\"description\":\"Otomotiv sekt\\u00f6r\\u00fcne \\u00f6zel, \\u201c\\u00dcretici Standard\\u0131nda\\u201d \\u00e7\\u00f6z\\u00fcmler\\u2026\",\"publisher\":{\"@id\":\"https:\/\/bakirci.com\/ekipman\/#organization\"},\"potentialAction\":[{\"@type\":\"SearchAction\",\"target\":{\"@type\":\"EntryPoint\",\"urlTemplate\":\"https:\/\/bakirci.com\/ekipman\/?s={search_term_string}\"},\"query-input\":\"required name=search_term_string\"}],\"inLanguage\":\"tr\"},{\"@type\":\"ImageObject\",\"@id\":\"https:\/\/bakirci.com\/ekipman\/servis-ekipmanlari\/mekanik\/klima-bakim-cihazlari\/klima-gaz-dolum-cihazi-avl-ditest-born-in-austriaads340-r744\/#primaryimage\",\"inLanguage\":\"tr\",\"url\":\"https:\/\/bakirci.com\/ekipman\/wp-content\/uploads\/2023\/07\/Klima-Gaz-Dolum-Cihazi-\\u2013-ADS340-R744.png\",\"contentUrl\":\"https:\/\/bakirci.com\/ekipman\/wp-content\/uploads\/2023\/07\/Klima-Gaz-Dolum-Cihazi-\\u2013-ADS340-R744.png\",\"width\":1080,\"height\":1080},{\"@type\":\"WebPage\",\"@id\":\"https:\/\/bakirci.com\/ekipman\/servis-ekipmanlari\/mekanik\/klima-bakim-cihazlari\/klima-gaz-dolum-cihazi-avl-ditest-born-in-austriaads340-r744\/#webpage\",\"url\":\"https:\/\/bakirci.com\/ekipman\/servis-ekipmanlari\/mekanik\/klima-bakim-cihazlari\/klima-gaz-dolum-cihazi-avl-ditest-born-in-austriaads340-r744\/\",\"name\":\"Klima Gaz Dolum Cihaz\\u0131 AVL DITEST (Born in AUSTRIA) ADS340 - R744 - Bak\\u0131rc\\u0131 Garagineering\",\"isPartOf\":{\"@id\":\"https:\/\/bakirci.com\/ekipman\/#website\"},\"primaryImageOfPage\":{\"@id\":\"https:\/\/bakirci.com\/ekipman\/servis-ekipmanlari\/mekanik\/klima-bakim-cihazlari\/klima-gaz-dolum-cihazi-avl-ditest-born-in-austriaads340-r744\/#primaryimage\"},\"datePublished\":\"2021-01-02T17:40:54+00:00\",\"dateModified\":\"2023-07-24T10:30:12+00:00\",\"breadcrumb\":{\"@id\":\"https:\/\/bakirci.com\/ekipman\/servis-ekipmanlari\/mekanik\/klima-bakim-cihazlari\/klima-gaz-dolum-cihazi-avl-ditest-born-in-austriaads340-r744\/#breadcrumb\"},\"inLanguage\":\"tr\",\"potentialAction\":[{\"@type\":\"ReadAction\",\"target\":[\"https:\/\/bakirci.com\/ekipman\/servis-ekipmanlari\/mekanik\/klima-bakim-cihazlari\/klima-gaz-dolum-cihazi-avl-ditest-born-in-austriaads340-r744\/\"]}]},{\"@type\":\"BreadcrumbList\",\"@id\":\"https:\/\/bakirci.com\/ekipman\/servis-ekipmanlari\/mekanik\/klima-bakim-cihazlari\/klima-gaz-dolum-cihazi-avl-ditest-born-in-austriaads340-r744\/#breadcrumb\",\"itemListElement\":[{\"@type\":\"ListItem\",\"position\":1,\"name\":\"Ekipman\",\"item\":\"https:\/\/bakirci.com\/ekipman\/\"},{\"@type\":\"ListItem\",\"position\":2,\"name\":\"Otomotiv Tesisleri \\u0130\\u00e7in Servis Ekipmanlar\\u0131\",\"item\":\"https:\/\/bakirci.com\/ekipman\/\"},{\"@type\":\"ListItem\",\"position\":3,\"name\":\"Klima Gaz Dolum Cihaz\\u0131 AVL DITEST (Born in AUSTRIA)ADS340 &#8211; R744\"}]}]}<\/script>\n<!-- \/ Yoast SEO plugin. -->","yoast_head_json":{"title":"Klima Gaz Dolum Cihaz\u0131 AVL DITEST (Born in AUSTRIA)ADS340 - R744 - Bak\u0131rc\u0131 Garagineering","robots":{"index":"index","follow":"follow","max-snippet":"max-snippet:-1","max-image-preview":"max-image-preview:large","max-video-preview":"max-video-preview:-1"},"canonical":"https:\/\/bakirci.com\/ekipman\/servis-ekipmanlari\/mekanik\/klima-bakim-cihazlari\/klima-gaz-dolum-cihazi-avl-ditest-born-in-austriaads340-r744\/","og_locale":"tr_TR","og_type":"article","og_title":"Klima Gaz Dolum Cihaz\u0131 AVL DITEST (Born in AUSTRIA)ADS340 - R744 - Bak\u0131rc\u0131 Garagineering","og_description":"Mercedes Benz onayl\u0131  Yeni nesil \u00e7evreci R744 gaz\u0131 i\u00e7in  Ger\u00e7ek tam otomatik test prosed\u00fcr\u00fc  Otomatik gaz ka\u00e7ak testi  G\u00f6rsel ve akustik sinyal ile hata ve i\u015flem sonu bildirimi  Dijital HP, LP g\u00f6stergeleri  7\u201d renkli TFT ayarlanabilir hareketli ekran  Dahili termal yaz\u0131c\u0131  USB giri\u015fi ile data bank g\u00fcncelleme imkan\u0131  Klima gaz dolum hortumu 5 mt  Dolum hassasiyeti \u00b1 5 g  Maksimum \u00e7al\u0131\u015fma bas\u0131nc\u0131 140 bar","og_url":"https:\/\/bakirci.com\/ekipman\/servis-ekipmanlari\/mekanik\/klima-bakim-cihazlari\/klima-gaz-dolum-cihazi-avl-ditest-born-in-austriaads340-r744\/","og_site_name":"Bak\u0131rc\u0131 Garagineering","article_publisher":"https:\/\/www.facebook.com\/bakirci.garagineering","article_modified_time":"2023-07-24T10:30:12+00:00","og_image":[{"width":1080,"height":1080,"filesize":333666,"url":"https:\/\/bakirci.com\/ekipman\/wp-content\/uploads\/2023\/07\/Klima-Gaz-Dolum-Cihazi-\u2013-ADS340-R744.png","path":"\/home\/bakirciwebsitesi\/public_html\/ekipman\/wp-content\/uploads\/2023\/07\/Klima-Gaz-Dolum-Cihazi-\u2013-ADS340-R744.png","size":"full","id":6344,"alt":"","pixels":1166400,"type":"image\/png"}],"twitter_card":"summary_large_image","schema":{"@context":"https:\/\/schema.org","@graph":[{"@type":"Organization","@id":"https:\/\/bakirci.com\/ekipman\/#organization","name":"Bak\u0131rc\u0131 garagineering","url":"https:\/\/bakirci.com\/ekipman\/","sameAs":["https:\/\/www.facebook.com\/bakirci.garagineering","https:\/\/www.instagram.com\/bakirci.garagineering\/","https:\/\/www.linkedin.com\/company\/bakirci-garagineering\/","https:\/\/www.youtube.com\/channel\/UCiVG6s_jALJ6Zk8085XiOQg"],"logo":{"@type":"ImageObject","@id":"https:\/\/bakirci.com\/ekipman\/#logo","inLanguage":"tr","url":"https:\/\/bakirci.com\/ekipman\/wp-content\/uploads\/2021\/09\/Bakirci-logo-lacivert.png","contentUrl":"https:\/\/bakirci.com\/ekipman\/wp-content\/uploads\/2021\/09\/Bakirci-logo-lacivert.png","width":501,"height":501,"caption":"Bak\u0131rc\u0131 garagineering"},"image":{"@id":"https:\/\/bakirci.com\/ekipman\/#logo"}},{"@type":"WebSite","@id":"https:\/\/bakirci.com\/ekipman\/#website","url":"https:\/\/bakirci.com\/ekipman\/","name":"Bak\u0131rc\u0131 Garagineering","description":"Otomotiv sekt\u00f6r\u00fcne \u00f6zel, \u201c\u00dcretici Standard\u0131nda\u201d \u00e7\u00f6z\u00fcmler\u2026","publisher":{"@id":"https:\/\/bakirci.com\/ekipman\/#organization"},"potentialAction":[{"@type":"SearchAction","target":{"@type":"EntryPoint","urlTemplate":"https:\/\/bakirci.com\/ekipman\/?s={search_term_string}"},"query-input":"required name=search_term_string"}],"inLanguage":"tr"},{"@type":"ImageObject","@id":"https:\/\/bakirci.com\/ekipman\/servis-ekipmanlari\/mekanik\/klima-bakim-cihazlari\/klima-gaz-dolum-cihazi-avl-ditest-born-in-austriaads340-r744\/#primaryimage","inLanguage":"tr","url":"https:\/\/bakirci.com\/ekipman\/wp-content\/uploads\/2023\/07\/Klima-Gaz-Dolum-Cihazi-\u2013-ADS340-R744.png","contentUrl":"https:\/\/bakirci.com\/ekipman\/wp-content\/uploads\/2023\/07\/Klima-Gaz-Dolum-Cihazi-\u2013-ADS340-R744.png","width":1080,"height":1080},{"@type":"WebPage","@id":"https:\/\/bakirci.com\/ekipman\/servis-ekipmanlari\/mekanik\/klima-bakim-cihazlari\/klima-gaz-dolum-cihazi-avl-ditest-born-in-austriaads340-r744\/#webpage","url":"https:\/\/bakirci.com\/ekipman\/servis-ekipmanlari\/mekanik\/klima-bakim-cihazlari\/klima-gaz-dolum-cihazi-avl-ditest-born-in-austriaads340-r744\/","name":"Klima Gaz Dolum Cihaz\u0131 AVL DITEST (Born in AUSTRIA) ADS340 - R744 - Bak\u0131rc\u0131 Garagineering","isPartOf":{"@id":"https:\/\/bakirci.com\/ekipman\/#website"},"primaryImageOfPage":{"@id":"https:\/\/bakirci.com\/ekipman\/servis-ekipmanlari\/mekanik\/klima-bakim-cihazlari\/klima-gaz-dolum-cihazi-avl-ditest-born-in-austriaads340-r744\/#primaryimage"},"datePublished":"2021-01-02T17:40:54+00:00","dateModified":"2023-07-24T10:30:12+00:00","breadcrumb":{"@id":"https:\/\/bakirci.com\/ekipman\/servis-ekipmanlari\/mekanik\/klima-bakim-cihazlari\/klima-gaz-dolum-cihazi-avl-ditest-born-in-austriaads340-r744\/#breadcrumb"},"inLanguage":"tr","potentialAction":[{"@type":"ReadAction","target":["https:\/\/bakirci.com\/ekipman\/servis-ekipmanlari\/mekanik\/klima-bakim-cihazlari\/klima-gaz-dolum-cihazi-avl-ditest-born-in-austriaads340-r744\/"]}]},{"@type":"BreadcrumbList","@id":"https:\/\/bakirci.com\/ekipman\/servis-ekipmanlari\/mekanik\/klima-bakim-cihazlari\/klima-gaz-dolum-cihazi-avl-ditest-born-in-austriaads340-r744\/#breadcrumb","itemListElement":[{"@type":"ListItem","position":1,"name":"Ekipman","item":"https:\/\/bakirci.com\/ekipman\/"},{"@type":"ListItem","position":2,"name":"Otomotiv Tesisleri \u0130\u00e7in Servis Ekipmanlar\u0131","item":"https:\/\/bakirci.com\/ekipman\/"},{"@type":"ListItem","position":3,"name":"Klima Gaz Dolum Cihaz\u0131 AVL DITEST (Born in AUSTRIA)ADS340 &#8211; R744"}]}]}},"_links":{"self":[{"href":"https:\/\/bakirci.com\/ekipman\/wp-json\/wp\/v2\/product\/6195","targetHints":{"allow":["GET"]}}],"collection":[{"href":"https:\/\/bakirci.com\/ekipman\/wp-json\/wp\/v2\/product"}],"about":[{"href":"https:\/\/bakirci.com\/ekipman\/wp-json\/wp\/v2\/types\/product"}],"replies":[{"embeddable":true,"href":"https:\/\/bakirci.com\/ekipman\/wp-json\/wp\/v2\/comments?post=6195"}],"wp:featuredmedia":[{"embeddable":true,"href":"https:\/\/bakirci.com\/ekipman\/wp-json\/wp\/v2\/media\/6344"}],"wp:attachment":[{"href":"https:\/\/bakirci.com\/ekipman\/wp-json\/wp\/v2\/media?parent=6195"}],"wp:term":[{"taxonomy":"product_cat","embeddable":true,"href":"https:\/\/bakirci.com\/ekipman\/wp-json\/wp\/v2\/product_cat?post=6195"},{"taxonomy":"product_tag","embeddable":true,"href":"https:\/\/bakirci.com\/ekipman\/wp-json\/wp\/v2\/product_tag?post=6195"}],"curies":[{"name":"wp","href":"https:\/\/api.w.org\/{rel}","templated":true}]}}