{"id":6182,"date":"2021-02-03T06:22:51","date_gmt":"2021-02-03T06:22:51","guid":{"rendered":"https:\/\/bakirci.com\/ekipman\/?post_type=product&#038;p=6182"},"modified":"2023-07-20T06:18:21","modified_gmt":"2023-07-20T06:18:21","slug":"cift-makasli-lift-eae-born-in-prcee-6503v2-3-5kaldirma-kapasitesi-3500-kg-binek-suv","status":"publish","type":"product","link":"https:\/\/bakirci.com\/ekipman\/servis-ekipmanlari\/mekanik\/liftler\/cift-makasli-liftler\/cift-makasli-lift-eae-born-in-prcee-6503v2-3-5kaldirma-kapasitesi-3500-kg-binek-suv\/","title":{"rendered":"<p class=\"ustmetin\">\u00c7ift Makasl\u0131 Lift <\/p> <p class=\"ortametin\">EAE <span class=\"ortametin2\">(Born in PRC)<\/span><\/p><p class=\"altmetin\">EE-6503V2 &#8211; 3.5<br>Kald\u0131rma kapasitesi 3500 kg (Binek, SUV)<\/p>"},"content":{"rendered":"<ul>\n<li>Ara\u00e7 kabul ve h\u0131zl\u0131 bak\u0131m i\u00e7in, mar\u015fpiyeden kald\u0131ran tip<\/li>\n<li>2 pistonlu sistem ile emniyet ve senkronizasyon<\/li>\n<li>Pn\u00f6matik kontroll\u00fc mekanik kilit sistemi<\/li>\n<li>G\u00f6m\u00fcl\u00fc montaj uygulamas\u0131<\/li>\n<li>Kald\u0131rma kapasitesi 3500 kg<\/li>\n<li>Platform boyu 1550 \/ 1900 mm<\/li>\n<li>Platform y\u00fcksekli\u011fi 330 mm<\/li>\n<li>Kald\u0131rma y\u00fcksekli\u011fi 1800 mm<\/li>\n<\/ul>\n","protected":false},"excerpt":{"rendered":"<ul>\n<li>Ara\u00e7 kabul ve h\u0131zl\u0131 bak\u0131m i\u00e7in, mar\u015fpiyeden kald\u0131ran tip<\/li>\n<li>2 pistonlu sistem ile emniyet ve senkronizasyon<\/li>\n<li>Pn\u00f6matik kontroll\u00fc mekanik kilit sistemi<\/li>\n<li>G\u00f6m\u00fcl\u00fc montaj uygulamas\u0131<\/li>\n<li>Kald\u0131rma kapasitesi 3500 kg<\/li>\n<li>Platform boyu 1550 \/ 1900 mm<\/li>\n<li>Platform y\u00fcksekli\u011fi 330 mm<\/li>\n<li>Kald\u0131rma y\u00fcksekli\u011fi 1800 mm<\/li>\n<\/ul>\n","protected":false},"featured_media":6327,"comment_status":"open","ping_status":"closed","template":"","meta":[],"product_cat":[166],"product_tag":[],"class_list":["post-6182","product","type-product","status-publish","has-post-thumbnail","hentry","pwb-brand-eae","product_cat-cift-makasli-liftler"],"brands":[{"id":365,"name":"EAE","slug":"eae"}],"yoast_head":"<!-- This site is optimized with the Yoast SEO plugin v17.1 - https:\/\/yoast.com\/wordpress\/plugins\/seo\/ -->\n<title>\u00c7ift Makasl\u0131 Lift  EAE (Born in PRC)EE-6503V2 - 3.5Kald\u0131rma kapasitesi 3500 kg (Binek, SUV) - Bak\u0131rc\u0131 Garagineering<\/title>\n<meta name=\"robots\" content=\"index, follow, max-snippet:-1, max-image-preview:large, max-video-preview:-1\" \/>\n<link rel=\"canonical\" href=\"https:\/\/bakirci.com\/ekipman\/servis-ekipmanlari\/mekanik\/liftler\/cift-makasli-liftler\/cift-makasli-lift-eae-born-in-prcee-6503v2-3-5kaldirma-kapasitesi-3500-kg-binek-suv\/\" \/>\n<meta property=\"og:locale\" content=\"tr_TR\" \/>\n<meta property=\"og:type\" content=\"article\" \/>\n<meta property=\"og:title\" content=\"\u00c7ift Makasl\u0131 Lift  EAE (Born in PRC)EE-6503V2 - 3.5Kald\u0131rma kapasitesi 3500 kg (Binek, SUV) - Bak\u0131rc\u0131 Garagineering\" \/>\n<meta property=\"og:description\" content=\"Ara\u00e7 kabul ve h\u0131zl\u0131 bak\u0131m i\u00e7in, mar\u015fpiyeden kald\u0131ran tip  2 pistonlu sistem ile emniyet ve senkronizasyon  Pn\u00f6matik kontroll\u00fc mekanik kilit sistemi  G\u00f6m\u00fcl\u00fc montaj uygulamas\u0131  Kald\u0131rma kapasitesi 3500 kg  Platform boyu 1550 \/ 1900 mm  Platform y\u00fcksekli\u011fi 330 mm  Kald\u0131rma y\u00fcksekli\u011fi 1800 mm\" \/>\n<meta property=\"og:url\" content=\"https:\/\/bakirci.com\/ekipman\/servis-ekipmanlari\/mekanik\/liftler\/cift-makasli-liftler\/cift-makasli-lift-eae-born-in-prcee-6503v2-3-5kaldirma-kapasitesi-3500-kg-binek-suv\/\" \/>\n<meta property=\"og:site_name\" content=\"Bak\u0131rc\u0131 Garagineering\" \/>\n<meta property=\"article:publisher\" content=\"https:\/\/www.facebook.com\/bakirci.garagineering\" \/>\n<meta property=\"article:modified_time\" content=\"2023-07-20T06:18:21+00:00\" \/>\n<meta property=\"og:image\" content=\"https:\/\/bakirci.com\/ekipman\/wp-content\/uploads\/2023\/07\/Cift-Makasli-Lift-\u2013-EE-6503V2-3.5-1.png\" \/>\n\t<meta property=\"og:image:width\" content=\"1080\" \/>\n\t<meta property=\"og:image:height\" content=\"1080\" \/>\n<meta name=\"twitter:card\" content=\"summary_large_image\" \/>\n<script type=\"application\/ld+json\" class=\"yoast-schema-graph\">{\"@context\":\"https:\/\/schema.org\",\"@graph\":[{\"@type\":\"Organization\",\"@id\":\"https:\/\/bakirci.com\/ekipman\/#organization\",\"name\":\"Bak\\u0131rc\\u0131 garagineering\",\"url\":\"https:\/\/bakirci.com\/ekipman\/\",\"sameAs\":[\"https:\/\/www.facebook.com\/bakirci.garagineering\",\"https:\/\/www.instagram.com\/bakirci.garagineering\/\",\"https:\/\/www.linkedin.com\/company\/bakirci-garagineering\/\",\"https:\/\/www.youtube.com\/channel\/UCiVG6s_jALJ6Zk8085XiOQg\"],\"logo\":{\"@type\":\"ImageObject\",\"@id\":\"https:\/\/bakirci.com\/ekipman\/#logo\",\"inLanguage\":\"tr\",\"url\":\"https:\/\/bakirci.com\/ekipman\/wp-content\/uploads\/2021\/09\/Bakirci-logo-lacivert.png\",\"contentUrl\":\"https:\/\/bakirci.com\/ekipman\/wp-content\/uploads\/2021\/09\/Bakirci-logo-lacivert.png\",\"width\":501,\"height\":501,\"caption\":\"Bak\\u0131rc\\u0131 garagineering\"},\"image\":{\"@id\":\"https:\/\/bakirci.com\/ekipman\/#logo\"}},{\"@type\":\"WebSite\",\"@id\":\"https:\/\/bakirci.com\/ekipman\/#website\",\"url\":\"https:\/\/bakirci.com\/ekipman\/\",\"name\":\"Bak\\u0131rc\\u0131 Garagineering\",\"description\":\"Otomotiv sekt\\u00f6r\\u00fcne \\u00f6zel, \\u201c\\u00dcretici Standard\\u0131nda\\u201d \\u00e7\\u00f6z\\u00fcmler\\u2026\",\"publisher\":{\"@id\":\"https:\/\/bakirci.com\/ekipman\/#organization\"},\"potentialAction\":[{\"@type\":\"SearchAction\",\"target\":{\"@type\":\"EntryPoint\",\"urlTemplate\":\"https:\/\/bakirci.com\/ekipman\/?s={search_term_string}\"},\"query-input\":\"required name=search_term_string\"}],\"inLanguage\":\"tr\"},{\"@type\":\"ImageObject\",\"@id\":\"https:\/\/bakirci.com\/ekipman\/servis-ekipmanlari\/mekanik\/liftler\/cift-makasli-liftler\/cift-makasli-lift-eae-born-in-prcee-6503v2-3-5kaldirma-kapasitesi-3500-kg-binek-suv\/#primaryimage\",\"inLanguage\":\"tr\",\"url\":\"https:\/\/bakirci.com\/ekipman\/wp-content\/uploads\/2023\/07\/Cift-Makasli-Lift-\\u2013-EE-6503V2-3.5-1.png\",\"contentUrl\":\"https:\/\/bakirci.com\/ekipman\/wp-content\/uploads\/2023\/07\/Cift-Makasli-Lift-\\u2013-EE-6503V2-3.5-1.png\",\"width\":1080,\"height\":1080},{\"@type\":\"WebPage\",\"@id\":\"https:\/\/bakirci.com\/ekipman\/servis-ekipmanlari\/mekanik\/liftler\/cift-makasli-liftler\/cift-makasli-lift-eae-born-in-prcee-6503v2-3-5kaldirma-kapasitesi-3500-kg-binek-suv\/#webpage\",\"url\":\"https:\/\/bakirci.com\/ekipman\/servis-ekipmanlari\/mekanik\/liftler\/cift-makasli-liftler\/cift-makasli-lift-eae-born-in-prcee-6503v2-3-5kaldirma-kapasitesi-3500-kg-binek-suv\/\",\"name\":\"\\u00c7ift Makasl\\u0131 Lift EAE (Born in PRC) EE-6503V2 - 3.5 Kald\\u0131rma kapasitesi 3500 kg (Binek, SUV) - Bak\\u0131rc\\u0131 Garagineering\",\"isPartOf\":{\"@id\":\"https:\/\/bakirci.com\/ekipman\/#website\"},\"primaryImageOfPage\":{\"@id\":\"https:\/\/bakirci.com\/ekipman\/servis-ekipmanlari\/mekanik\/liftler\/cift-makasli-liftler\/cift-makasli-lift-eae-born-in-prcee-6503v2-3-5kaldirma-kapasitesi-3500-kg-binek-suv\/#primaryimage\"},\"datePublished\":\"2021-02-03T06:22:51+00:00\",\"dateModified\":\"2023-07-20T06:18:21+00:00\",\"breadcrumb\":{\"@id\":\"https:\/\/bakirci.com\/ekipman\/servis-ekipmanlari\/mekanik\/liftler\/cift-makasli-liftler\/cift-makasli-lift-eae-born-in-prcee-6503v2-3-5kaldirma-kapasitesi-3500-kg-binek-suv\/#breadcrumb\"},\"inLanguage\":\"tr\",\"potentialAction\":[{\"@type\":\"ReadAction\",\"target\":[\"https:\/\/bakirci.com\/ekipman\/servis-ekipmanlari\/mekanik\/liftler\/cift-makasli-liftler\/cift-makasli-lift-eae-born-in-prcee-6503v2-3-5kaldirma-kapasitesi-3500-kg-binek-suv\/\"]}]},{\"@type\":\"BreadcrumbList\",\"@id\":\"https:\/\/bakirci.com\/ekipman\/servis-ekipmanlari\/mekanik\/liftler\/cift-makasli-liftler\/cift-makasli-lift-eae-born-in-prcee-6503v2-3-5kaldirma-kapasitesi-3500-kg-binek-suv\/#breadcrumb\",\"itemListElement\":[{\"@type\":\"ListItem\",\"position\":1,\"name\":\"Ekipman\",\"item\":\"https:\/\/bakirci.com\/ekipman\/\"},{\"@type\":\"ListItem\",\"position\":2,\"name\":\"Otomotiv Tesisleri \\u0130\\u00e7in Servis Ekipmanlar\\u0131\",\"item\":\"https:\/\/bakirci.com\/ekipman\/\"},{\"@type\":\"ListItem\",\"position\":3,\"name\":\"\\u00c7ift Makasl\\u0131 Lift EAE (Born in PRC)EE-6503V2 &#8211; 3.5Kald\\u0131rma kapasitesi 3500 kg (Binek, SUV)\"}]}]}<\/script>\n<!-- \/ Yoast SEO plugin. -->","yoast_head_json":{"title":"\u00c7ift Makasl\u0131 Lift  EAE (Born in PRC)EE-6503V2 - 3.5Kald\u0131rma kapasitesi 3500 kg (Binek, SUV) - Bak\u0131rc\u0131 Garagineering","robots":{"index":"index","follow":"follow","max-snippet":"max-snippet:-1","max-image-preview":"max-image-preview:large","max-video-preview":"max-video-preview:-1"},"canonical":"https:\/\/bakirci.com\/ekipman\/servis-ekipmanlari\/mekanik\/liftler\/cift-makasli-liftler\/cift-makasli-lift-eae-born-in-prcee-6503v2-3-5kaldirma-kapasitesi-3500-kg-binek-suv\/","og_locale":"tr_TR","og_type":"article","og_title":"\u00c7ift Makasl\u0131 Lift  EAE (Born in PRC)EE-6503V2 - 3.5Kald\u0131rma kapasitesi 3500 kg (Binek, SUV) - Bak\u0131rc\u0131 Garagineering","og_description":"Ara\u00e7 kabul ve h\u0131zl\u0131 bak\u0131m i\u00e7in, mar\u015fpiyeden kald\u0131ran tip  2 pistonlu sistem ile emniyet ve senkronizasyon  Pn\u00f6matik kontroll\u00fc mekanik kilit sistemi  G\u00f6m\u00fcl\u00fc montaj uygulamas\u0131  Kald\u0131rma kapasitesi 3500 kg  Platform boyu 1550 \/ 1900 mm  Platform y\u00fcksekli\u011fi 330 mm  Kald\u0131rma y\u00fcksekli\u011fi 1800 mm","og_url":"https:\/\/bakirci.com\/ekipman\/servis-ekipmanlari\/mekanik\/liftler\/cift-makasli-liftler\/cift-makasli-lift-eae-born-in-prcee-6503v2-3-5kaldirma-kapasitesi-3500-kg-binek-suv\/","og_site_name":"Bak\u0131rc\u0131 Garagineering","article_publisher":"https:\/\/www.facebook.com\/bakirci.garagineering","article_modified_time":"2023-07-20T06:18:21+00:00","og_image":[{"width":1080,"height":1080,"filesize":708499,"url":"https:\/\/bakirci.com\/ekipman\/wp-content\/uploads\/2023\/07\/Cift-Makasli-Lift-\u2013-EE-6503V2-3.5-1.png","path":"\/home\/bakirciwebsitesi\/public_html\/ekipman\/wp-content\/uploads\/2023\/07\/Cift-Makasli-Lift-\u2013-EE-6503V2-3.5-1.png","size":"full","id":6327,"alt":"","pixels":1166400,"type":"image\/png"}],"twitter_card":"summary_large_image","schema":{"@context":"https:\/\/schema.org","@graph":[{"@type":"Organization","@id":"https:\/\/bakirci.com\/ekipman\/#organization","name":"Bak\u0131rc\u0131 garagineering","url":"https:\/\/bakirci.com\/ekipman\/","sameAs":["https:\/\/www.facebook.com\/bakirci.garagineering","https:\/\/www.instagram.com\/bakirci.garagineering\/","https:\/\/www.linkedin.com\/company\/bakirci-garagineering\/","https:\/\/www.youtube.com\/channel\/UCiVG6s_jALJ6Zk8085XiOQg"],"logo":{"@type":"ImageObject","@id":"https:\/\/bakirci.com\/ekipman\/#logo","inLanguage":"tr","url":"https:\/\/bakirci.com\/ekipman\/wp-content\/uploads\/2021\/09\/Bakirci-logo-lacivert.png","contentUrl":"https:\/\/bakirci.com\/ekipman\/wp-content\/uploads\/2021\/09\/Bakirci-logo-lacivert.png","width":501,"height":501,"caption":"Bak\u0131rc\u0131 garagineering"},"image":{"@id":"https:\/\/bakirci.com\/ekipman\/#logo"}},{"@type":"WebSite","@id":"https:\/\/bakirci.com\/ekipman\/#website","url":"https:\/\/bakirci.com\/ekipman\/","name":"Bak\u0131rc\u0131 Garagineering","description":"Otomotiv sekt\u00f6r\u00fcne \u00f6zel, \u201c\u00dcretici Standard\u0131nda\u201d \u00e7\u00f6z\u00fcmler\u2026","publisher":{"@id":"https:\/\/bakirci.com\/ekipman\/#organization"},"potentialAction":[{"@type":"SearchAction","target":{"@type":"EntryPoint","urlTemplate":"https:\/\/bakirci.com\/ekipman\/?s={search_term_string}"},"query-input":"required name=search_term_string"}],"inLanguage":"tr"},{"@type":"ImageObject","@id":"https:\/\/bakirci.com\/ekipman\/servis-ekipmanlari\/mekanik\/liftler\/cift-makasli-liftler\/cift-makasli-lift-eae-born-in-prcee-6503v2-3-5kaldirma-kapasitesi-3500-kg-binek-suv\/#primaryimage","inLanguage":"tr","url":"https:\/\/bakirci.com\/ekipman\/wp-content\/uploads\/2023\/07\/Cift-Makasli-Lift-\u2013-EE-6503V2-3.5-1.png","contentUrl":"https:\/\/bakirci.com\/ekipman\/wp-content\/uploads\/2023\/07\/Cift-Makasli-Lift-\u2013-EE-6503V2-3.5-1.png","width":1080,"height":1080},{"@type":"WebPage","@id":"https:\/\/bakirci.com\/ekipman\/servis-ekipmanlari\/mekanik\/liftler\/cift-makasli-liftler\/cift-makasli-lift-eae-born-in-prcee-6503v2-3-5kaldirma-kapasitesi-3500-kg-binek-suv\/#webpage","url":"https:\/\/bakirci.com\/ekipman\/servis-ekipmanlari\/mekanik\/liftler\/cift-makasli-liftler\/cift-makasli-lift-eae-born-in-prcee-6503v2-3-5kaldirma-kapasitesi-3500-kg-binek-suv\/","name":"\u00c7ift Makasl\u0131 Lift EAE (Born in PRC) EE-6503V2 - 3.5 Kald\u0131rma kapasitesi 3500 kg (Binek, SUV) - Bak\u0131rc\u0131 Garagineering","isPartOf":{"@id":"https:\/\/bakirci.com\/ekipman\/#website"},"primaryImageOfPage":{"@id":"https:\/\/bakirci.com\/ekipman\/servis-ekipmanlari\/mekanik\/liftler\/cift-makasli-liftler\/cift-makasli-lift-eae-born-in-prcee-6503v2-3-5kaldirma-kapasitesi-3500-kg-binek-suv\/#primaryimage"},"datePublished":"2021-02-03T06:22:51+00:00","dateModified":"2023-07-20T06:18:21+00:00","breadcrumb":{"@id":"https:\/\/bakirci.com\/ekipman\/servis-ekipmanlari\/mekanik\/liftler\/cift-makasli-liftler\/cift-makasli-lift-eae-born-in-prcee-6503v2-3-5kaldirma-kapasitesi-3500-kg-binek-suv\/#breadcrumb"},"inLanguage":"tr","potentialAction":[{"@type":"ReadAction","target":["https:\/\/bakirci.com\/ekipman\/servis-ekipmanlari\/mekanik\/liftler\/cift-makasli-liftler\/cift-makasli-lift-eae-born-in-prcee-6503v2-3-5kaldirma-kapasitesi-3500-kg-binek-suv\/"]}]},{"@type":"BreadcrumbList","@id":"https:\/\/bakirci.com\/ekipman\/servis-ekipmanlari\/mekanik\/liftler\/cift-makasli-liftler\/cift-makasli-lift-eae-born-in-prcee-6503v2-3-5kaldirma-kapasitesi-3500-kg-binek-suv\/#breadcrumb","itemListElement":[{"@type":"ListItem","position":1,"name":"Ekipman","item":"https:\/\/bakirci.com\/ekipman\/"},{"@type":"ListItem","position":2,"name":"Otomotiv Tesisleri \u0130\u00e7in Servis Ekipmanlar\u0131","item":"https:\/\/bakirci.com\/ekipman\/"},{"@type":"ListItem","position":3,"name":"\u00c7ift Makasl\u0131 Lift EAE (Born in PRC)EE-6503V2 &#8211; 3.5Kald\u0131rma kapasitesi 3500 kg (Binek, SUV)"}]}]}},"_links":{"self":[{"href":"https:\/\/bakirci.com\/ekipman\/wp-json\/wp\/v2\/product\/6182","targetHints":{"allow":["GET"]}}],"collection":[{"href":"https:\/\/bakirci.com\/ekipman\/wp-json\/wp\/v2\/product"}],"about":[{"href":"https:\/\/bakirci.com\/ekipman\/wp-json\/wp\/v2\/types\/product"}],"replies":[{"embeddable":true,"href":"https:\/\/bakirci.com\/ekipman\/wp-json\/wp\/v2\/comments?post=6182"}],"wp:featuredmedia":[{"embeddable":true,"href":"https:\/\/bakirci.com\/ekipman\/wp-json\/wp\/v2\/media\/6327"}],"wp:attachment":[{"href":"https:\/\/bakirci.com\/ekipman\/wp-json\/wp\/v2\/media?parent=6182"}],"wp:term":[{"taxonomy":"product_cat","embeddable":true,"href":"https:\/\/bakirci.com\/ekipman\/wp-json\/wp\/v2\/product_cat?post=6182"},{"taxonomy":"product_tag","embeddable":true,"href":"https:\/\/bakirci.com\/ekipman\/wp-json\/wp\/v2\/product_tag?post=6182"}],"curies":[{"name":"wp","href":"https:\/\/api.w.org\/{rel}","templated":true}]}}