{"id":6180,"date":"2021-02-03T06:22:45","date_gmt":"2021-02-03T06:22:45","guid":{"rendered":"https:\/\/bakirci.com\/ekipman\/?post_type=product&#038;p=6180"},"modified":"2023-07-20T06:01:22","modified_gmt":"2023-07-20T06:01:22","slug":"cift-sutunlu-elektrohidrolik-lift-eae-born-in-prcee-62c-50t-ekaldirma-kapasitesi-5000-kg-binek-suv","status":"publish","type":"product","link":"https:\/\/bakirci.com\/ekipman\/servis-ekipmanlari\/mekanik\/liftler\/cift-sutunlu-liftler\/cift-sutunlu-elektrohidrolik-lift-eae-born-in-prcee-62c-50t-ekaldirma-kapasitesi-5000-kg-binek-suv\/","title":{"rendered":"<p class=\"ustmetin\">\u00c7ift S\u00fctunlu Elektrohidrolik Lift<\/p> <p class=\"ortametin\">EAE <span class=\"ortametin2\">(Born in PRC)<\/span><\/p><p class=\"altmetin\">EE-62C-50T-E<br>Kald\u0131rma kapasitesi 5000 kg (Binek, SUV)<\/p>"},"content":{"rendered":"<ul>\n<li>Ara ba\u011flant\u0131s\u0131z, \u00fcstten hidrolik ba\u011flant\u0131l\u0131<\/li>\n<li>\u0130ki kademeli asimetrik kol yap\u0131s\u0131<\/li>\n<li>Elektromekanik kilit sistemi ve \u00fcst limit stoperi<\/li>\n<li>SUV kald\u0131rma adapt\u00f6r\u00fc (100 mm)<\/li>\n<li>Kald\u0131rma kapasitesi 5000 kg<\/li>\n<li>\u00d6n kollar 740 &#8211; 1150 mm<\/li>\n<li>Arka kollar 890 &#8211; 1390 mm<\/li>\n<li>\u00dcst hidrolik ba\u011flant\u0131 y\u00fcksekli\u011fi 3800 mm<\/li>\n<li>Kurulum i\u00e7in gerekli minimum y\u00fckseklik 3900 + 100 mm<\/li>\n<\/ul>\n","protected":false},"excerpt":{"rendered":"<ul>\n<li>Ara ba\u011flant\u0131s\u0131z, \u00fcstten hidrolik ba\u011flant\u0131l\u0131<\/li>\n<li>\u0130ki kademeli asimetrik kol yap\u0131s\u0131<\/li>\n<li>Elektromekanik kilit sistemi ve \u00fcst limit stoperi<\/li>\n<li>SUV kald\u0131rma adapt\u00f6r\u00fc (100 mm)<\/li>\n<li>Kald\u0131rma kapasitesi 5000 kg<\/li>\n<li>\u00d6n kollar 740 &#8211; 1150 mm<\/li>\n<li>Arka kollar 890 &#8211; 1390 mm<\/li>\n<li>\u00dcst hidrolik ba\u011flant\u0131 y\u00fcksekli\u011fi 3800 mm<\/li>\n<li>Kurulum i\u00e7in gerekli minimum y\u00fckseklik 3900 + 100 mm<\/li>\n<\/ul>\n","protected":false},"featured_media":6323,"comment_status":"open","ping_status":"closed","template":"","meta":[],"product_cat":[167],"product_tag":[],"class_list":["post-6180","product","type-product","status-publish","has-post-thumbnail","hentry","pwb-brand-eae","product_cat-cift-sutunlu-liftler"],"brands":[{"id":365,"name":"EAE","slug":"eae"}],"yoast_head":"<!-- This site is optimized with the Yoast SEO plugin v17.1 - https:\/\/yoast.com\/wordpress\/plugins\/seo\/ -->\n<title>\u00c7ift S\u00fctunlu Elektrohidrolik Lift EAE (Born in PRC)EE-62C-50T-EKald\u0131rma kapasitesi 5000 kg (Binek, SUV) - Bak\u0131rc\u0131 Garagineering<\/title>\n<meta name=\"robots\" content=\"index, follow, max-snippet:-1, max-image-preview:large, max-video-preview:-1\" \/>\n<link rel=\"canonical\" href=\"https:\/\/bakirci.com\/ekipman\/servis-ekipmanlari\/mekanik\/liftler\/cift-sutunlu-liftler\/cift-sutunlu-elektrohidrolik-lift-eae-born-in-prcee-62c-50t-ekaldirma-kapasitesi-5000-kg-binek-suv\/\" \/>\n<meta property=\"og:locale\" content=\"tr_TR\" \/>\n<meta property=\"og:type\" content=\"article\" \/>\n<meta property=\"og:title\" content=\"\u00c7ift S\u00fctunlu Elektrohidrolik Lift EAE (Born in PRC)EE-62C-50T-EKald\u0131rma kapasitesi 5000 kg (Binek, SUV) - Bak\u0131rc\u0131 Garagineering\" \/>\n<meta property=\"og:description\" content=\"Ara ba\u011flant\u0131s\u0131z, \u00fcstten hidrolik ba\u011flant\u0131l\u0131  \u0130ki kademeli asimetrik kol yap\u0131s\u0131  Elektromekanik kilit sistemi ve \u00fcst limit stoperi  SUV kald\u0131rma adapt\u00f6r\u00fc (100 mm)  Kald\u0131rma kapasitesi 5000 kg  \u00d6n kollar 740 - 1150 mm  Arka kollar 890 - 1390 mm  \u00dcst hidrolik ba\u011flant\u0131 y\u00fcksekli\u011fi 3800 mm  Kurulum i\u00e7in gerekli minimum y\u00fckseklik 3900 + 100 mm\" \/>\n<meta property=\"og:url\" content=\"https:\/\/bakirci.com\/ekipman\/servis-ekipmanlari\/mekanik\/liftler\/cift-sutunlu-liftler\/cift-sutunlu-elektrohidrolik-lift-eae-born-in-prcee-62c-50t-ekaldirma-kapasitesi-5000-kg-binek-suv\/\" \/>\n<meta property=\"og:site_name\" content=\"Bak\u0131rc\u0131 Garagineering\" \/>\n<meta property=\"article:publisher\" content=\"https:\/\/www.facebook.com\/bakirci.garagineering\" \/>\n<meta property=\"article:modified_time\" content=\"2023-07-20T06:01:22+00:00\" \/>\n<meta property=\"og:image\" content=\"https:\/\/bakirci.com\/ekipman\/wp-content\/uploads\/2023\/07\/Cift-Sutunlu-Elektrohidrolik-Lift-\u2013-EE-62C-50T-E.png\" \/>\n\t<meta property=\"og:image:width\" content=\"1080\" \/>\n\t<meta property=\"og:image:height\" content=\"1080\" \/>\n<meta name=\"twitter:card\" content=\"summary_large_image\" \/>\n<script type=\"application\/ld+json\" class=\"yoast-schema-graph\">{\"@context\":\"https:\/\/schema.org\",\"@graph\":[{\"@type\":\"Organization\",\"@id\":\"https:\/\/bakirci.com\/ekipman\/#organization\",\"name\":\"Bak\\u0131rc\\u0131 garagineering\",\"url\":\"https:\/\/bakirci.com\/ekipman\/\",\"sameAs\":[\"https:\/\/www.facebook.com\/bakirci.garagineering\",\"https:\/\/www.instagram.com\/bakirci.garagineering\/\",\"https:\/\/www.linkedin.com\/company\/bakirci-garagineering\/\",\"https:\/\/www.youtube.com\/channel\/UCiVG6s_jALJ6Zk8085XiOQg\"],\"logo\":{\"@type\":\"ImageObject\",\"@id\":\"https:\/\/bakirci.com\/ekipman\/#logo\",\"inLanguage\":\"tr\",\"url\":\"https:\/\/bakirci.com\/ekipman\/wp-content\/uploads\/2021\/09\/Bakirci-logo-lacivert.png\",\"contentUrl\":\"https:\/\/bakirci.com\/ekipman\/wp-content\/uploads\/2021\/09\/Bakirci-logo-lacivert.png\",\"width\":501,\"height\":501,\"caption\":\"Bak\\u0131rc\\u0131 garagineering\"},\"image\":{\"@id\":\"https:\/\/bakirci.com\/ekipman\/#logo\"}},{\"@type\":\"WebSite\",\"@id\":\"https:\/\/bakirci.com\/ekipman\/#website\",\"url\":\"https:\/\/bakirci.com\/ekipman\/\",\"name\":\"Bak\\u0131rc\\u0131 Garagineering\",\"description\":\"Otomotiv sekt\\u00f6r\\u00fcne \\u00f6zel, \\u201c\\u00dcretici Standard\\u0131nda\\u201d \\u00e7\\u00f6z\\u00fcmler\\u2026\",\"publisher\":{\"@id\":\"https:\/\/bakirci.com\/ekipman\/#organization\"},\"potentialAction\":[{\"@type\":\"SearchAction\",\"target\":{\"@type\":\"EntryPoint\",\"urlTemplate\":\"https:\/\/bakirci.com\/ekipman\/?s={search_term_string}\"},\"query-input\":\"required name=search_term_string\"}],\"inLanguage\":\"tr\"},{\"@type\":\"ImageObject\",\"@id\":\"https:\/\/bakirci.com\/ekipman\/servis-ekipmanlari\/mekanik\/liftler\/cift-sutunlu-liftler\/cift-sutunlu-elektrohidrolik-lift-eae-born-in-prcee-62c-50t-ekaldirma-kapasitesi-5000-kg-binek-suv\/#primaryimage\",\"inLanguage\":\"tr\",\"url\":\"https:\/\/bakirci.com\/ekipman\/wp-content\/uploads\/2023\/07\/Cift-Sutunlu-Elektrohidrolik-Lift-\\u2013-EE-62C-50T-E.png\",\"contentUrl\":\"https:\/\/bakirci.com\/ekipman\/wp-content\/uploads\/2023\/07\/Cift-Sutunlu-Elektrohidrolik-Lift-\\u2013-EE-62C-50T-E.png\",\"width\":1080,\"height\":1080},{\"@type\":\"WebPage\",\"@id\":\"https:\/\/bakirci.com\/ekipman\/servis-ekipmanlari\/mekanik\/liftler\/cift-sutunlu-liftler\/cift-sutunlu-elektrohidrolik-lift-eae-born-in-prcee-62c-50t-ekaldirma-kapasitesi-5000-kg-binek-suv\/#webpage\",\"url\":\"https:\/\/bakirci.com\/ekipman\/servis-ekipmanlari\/mekanik\/liftler\/cift-sutunlu-liftler\/cift-sutunlu-elektrohidrolik-lift-eae-born-in-prcee-62c-50t-ekaldirma-kapasitesi-5000-kg-binek-suv\/\",\"name\":\"\\u00c7ift S\\u00fctunlu Elektrohidrolik Lift EAE (Born in PRC) EE-62C-50T-E Kald\\u0131rma kapasitesi 5000 kg (Binek, SUV) - Bak\\u0131rc\\u0131 Garagineering\",\"isPartOf\":{\"@id\":\"https:\/\/bakirci.com\/ekipman\/#website\"},\"primaryImageOfPage\":{\"@id\":\"https:\/\/bakirci.com\/ekipman\/servis-ekipmanlari\/mekanik\/liftler\/cift-sutunlu-liftler\/cift-sutunlu-elektrohidrolik-lift-eae-born-in-prcee-62c-50t-ekaldirma-kapasitesi-5000-kg-binek-suv\/#primaryimage\"},\"datePublished\":\"2021-02-03T06:22:45+00:00\",\"dateModified\":\"2023-07-20T06:01:22+00:00\",\"breadcrumb\":{\"@id\":\"https:\/\/bakirci.com\/ekipman\/servis-ekipmanlari\/mekanik\/liftler\/cift-sutunlu-liftler\/cift-sutunlu-elektrohidrolik-lift-eae-born-in-prcee-62c-50t-ekaldirma-kapasitesi-5000-kg-binek-suv\/#breadcrumb\"},\"inLanguage\":\"tr\",\"potentialAction\":[{\"@type\":\"ReadAction\",\"target\":[\"https:\/\/bakirci.com\/ekipman\/servis-ekipmanlari\/mekanik\/liftler\/cift-sutunlu-liftler\/cift-sutunlu-elektrohidrolik-lift-eae-born-in-prcee-62c-50t-ekaldirma-kapasitesi-5000-kg-binek-suv\/\"]}]},{\"@type\":\"BreadcrumbList\",\"@id\":\"https:\/\/bakirci.com\/ekipman\/servis-ekipmanlari\/mekanik\/liftler\/cift-sutunlu-liftler\/cift-sutunlu-elektrohidrolik-lift-eae-born-in-prcee-62c-50t-ekaldirma-kapasitesi-5000-kg-binek-suv\/#breadcrumb\",\"itemListElement\":[{\"@type\":\"ListItem\",\"position\":1,\"name\":\"Ekipman\",\"item\":\"https:\/\/bakirci.com\/ekipman\/\"},{\"@type\":\"ListItem\",\"position\":2,\"name\":\"Otomotiv Tesisleri \\u0130\\u00e7in Servis Ekipmanlar\\u0131\",\"item\":\"https:\/\/bakirci.com\/ekipman\/\"},{\"@type\":\"ListItem\",\"position\":3,\"name\":\"\\u00c7ift S\\u00fctunlu Elektrohidrolik Lift EAE (Born in PRC)EE-62C-50T-EKald\\u0131rma kapasitesi 5000 kg (Binek, SUV)\"}]}]}<\/script>\n<!-- \/ Yoast SEO plugin. -->","yoast_head_json":{"title":"\u00c7ift S\u00fctunlu Elektrohidrolik Lift EAE (Born in PRC)EE-62C-50T-EKald\u0131rma kapasitesi 5000 kg (Binek, SUV) - Bak\u0131rc\u0131 Garagineering","robots":{"index":"index","follow":"follow","max-snippet":"max-snippet:-1","max-image-preview":"max-image-preview:large","max-video-preview":"max-video-preview:-1"},"canonical":"https:\/\/bakirci.com\/ekipman\/servis-ekipmanlari\/mekanik\/liftler\/cift-sutunlu-liftler\/cift-sutunlu-elektrohidrolik-lift-eae-born-in-prcee-62c-50t-ekaldirma-kapasitesi-5000-kg-binek-suv\/","og_locale":"tr_TR","og_type":"article","og_title":"\u00c7ift S\u00fctunlu Elektrohidrolik Lift EAE (Born in PRC)EE-62C-50T-EKald\u0131rma kapasitesi 5000 kg (Binek, SUV) - Bak\u0131rc\u0131 Garagineering","og_description":"Ara ba\u011flant\u0131s\u0131z, \u00fcstten hidrolik ba\u011flant\u0131l\u0131  \u0130ki kademeli asimetrik kol yap\u0131s\u0131  Elektromekanik kilit sistemi ve \u00fcst limit stoperi  SUV kald\u0131rma adapt\u00f6r\u00fc (100 mm)  Kald\u0131rma kapasitesi 5000 kg  \u00d6n kollar 740 - 1150 mm  Arka kollar 890 - 1390 mm  \u00dcst hidrolik ba\u011flant\u0131 y\u00fcksekli\u011fi 3800 mm  Kurulum i\u00e7in gerekli minimum y\u00fckseklik 3900 + 100 mm","og_url":"https:\/\/bakirci.com\/ekipman\/servis-ekipmanlari\/mekanik\/liftler\/cift-sutunlu-liftler\/cift-sutunlu-elektrohidrolik-lift-eae-born-in-prcee-62c-50t-ekaldirma-kapasitesi-5000-kg-binek-suv\/","og_site_name":"Bak\u0131rc\u0131 Garagineering","article_publisher":"https:\/\/www.facebook.com\/bakirci.garagineering","article_modified_time":"2023-07-20T06:01:22+00:00","og_image":[{"width":1080,"height":1080,"filesize":595500,"url":"https:\/\/bakirci.com\/ekipman\/wp-content\/uploads\/2023\/07\/Cift-Sutunlu-Elektrohidrolik-Lift-\u2013-EE-62C-50T-E.png","path":"\/home\/bakirciwebsitesi\/public_html\/ekipman\/wp-content\/uploads\/2023\/07\/Cift-Sutunlu-Elektrohidrolik-Lift-\u2013-EE-62C-50T-E.png","size":"full","id":6323,"alt":"","pixels":1166400,"type":"image\/png"}],"twitter_card":"summary_large_image","schema":{"@context":"https:\/\/schema.org","@graph":[{"@type":"Organization","@id":"https:\/\/bakirci.com\/ekipman\/#organization","name":"Bak\u0131rc\u0131 garagineering","url":"https:\/\/bakirci.com\/ekipman\/","sameAs":["https:\/\/www.facebook.com\/bakirci.garagineering","https:\/\/www.instagram.com\/bakirci.garagineering\/","https:\/\/www.linkedin.com\/company\/bakirci-garagineering\/","https:\/\/www.youtube.com\/channel\/UCiVG6s_jALJ6Zk8085XiOQg"],"logo":{"@type":"ImageObject","@id":"https:\/\/bakirci.com\/ekipman\/#logo","inLanguage":"tr","url":"https:\/\/bakirci.com\/ekipman\/wp-content\/uploads\/2021\/09\/Bakirci-logo-lacivert.png","contentUrl":"https:\/\/bakirci.com\/ekipman\/wp-content\/uploads\/2021\/09\/Bakirci-logo-lacivert.png","width":501,"height":501,"caption":"Bak\u0131rc\u0131 garagineering"},"image":{"@id":"https:\/\/bakirci.com\/ekipman\/#logo"}},{"@type":"WebSite","@id":"https:\/\/bakirci.com\/ekipman\/#website","url":"https:\/\/bakirci.com\/ekipman\/","name":"Bak\u0131rc\u0131 Garagineering","description":"Otomotiv sekt\u00f6r\u00fcne \u00f6zel, \u201c\u00dcretici Standard\u0131nda\u201d \u00e7\u00f6z\u00fcmler\u2026","publisher":{"@id":"https:\/\/bakirci.com\/ekipman\/#organization"},"potentialAction":[{"@type":"SearchAction","target":{"@type":"EntryPoint","urlTemplate":"https:\/\/bakirci.com\/ekipman\/?s={search_term_string}"},"query-input":"required name=search_term_string"}],"inLanguage":"tr"},{"@type":"ImageObject","@id":"https:\/\/bakirci.com\/ekipman\/servis-ekipmanlari\/mekanik\/liftler\/cift-sutunlu-liftler\/cift-sutunlu-elektrohidrolik-lift-eae-born-in-prcee-62c-50t-ekaldirma-kapasitesi-5000-kg-binek-suv\/#primaryimage","inLanguage":"tr","url":"https:\/\/bakirci.com\/ekipman\/wp-content\/uploads\/2023\/07\/Cift-Sutunlu-Elektrohidrolik-Lift-\u2013-EE-62C-50T-E.png","contentUrl":"https:\/\/bakirci.com\/ekipman\/wp-content\/uploads\/2023\/07\/Cift-Sutunlu-Elektrohidrolik-Lift-\u2013-EE-62C-50T-E.png","width":1080,"height":1080},{"@type":"WebPage","@id":"https:\/\/bakirci.com\/ekipman\/servis-ekipmanlari\/mekanik\/liftler\/cift-sutunlu-liftler\/cift-sutunlu-elektrohidrolik-lift-eae-born-in-prcee-62c-50t-ekaldirma-kapasitesi-5000-kg-binek-suv\/#webpage","url":"https:\/\/bakirci.com\/ekipman\/servis-ekipmanlari\/mekanik\/liftler\/cift-sutunlu-liftler\/cift-sutunlu-elektrohidrolik-lift-eae-born-in-prcee-62c-50t-ekaldirma-kapasitesi-5000-kg-binek-suv\/","name":"\u00c7ift S\u00fctunlu Elektrohidrolik Lift EAE (Born in PRC) EE-62C-50T-E Kald\u0131rma kapasitesi 5000 kg (Binek, SUV) - Bak\u0131rc\u0131 Garagineering","isPartOf":{"@id":"https:\/\/bakirci.com\/ekipman\/#website"},"primaryImageOfPage":{"@id":"https:\/\/bakirci.com\/ekipman\/servis-ekipmanlari\/mekanik\/liftler\/cift-sutunlu-liftler\/cift-sutunlu-elektrohidrolik-lift-eae-born-in-prcee-62c-50t-ekaldirma-kapasitesi-5000-kg-binek-suv\/#primaryimage"},"datePublished":"2021-02-03T06:22:45+00:00","dateModified":"2023-07-20T06:01:22+00:00","breadcrumb":{"@id":"https:\/\/bakirci.com\/ekipman\/servis-ekipmanlari\/mekanik\/liftler\/cift-sutunlu-liftler\/cift-sutunlu-elektrohidrolik-lift-eae-born-in-prcee-62c-50t-ekaldirma-kapasitesi-5000-kg-binek-suv\/#breadcrumb"},"inLanguage":"tr","potentialAction":[{"@type":"ReadAction","target":["https:\/\/bakirci.com\/ekipman\/servis-ekipmanlari\/mekanik\/liftler\/cift-sutunlu-liftler\/cift-sutunlu-elektrohidrolik-lift-eae-born-in-prcee-62c-50t-ekaldirma-kapasitesi-5000-kg-binek-suv\/"]}]},{"@type":"BreadcrumbList","@id":"https:\/\/bakirci.com\/ekipman\/servis-ekipmanlari\/mekanik\/liftler\/cift-sutunlu-liftler\/cift-sutunlu-elektrohidrolik-lift-eae-born-in-prcee-62c-50t-ekaldirma-kapasitesi-5000-kg-binek-suv\/#breadcrumb","itemListElement":[{"@type":"ListItem","position":1,"name":"Ekipman","item":"https:\/\/bakirci.com\/ekipman\/"},{"@type":"ListItem","position":2,"name":"Otomotiv Tesisleri \u0130\u00e7in Servis Ekipmanlar\u0131","item":"https:\/\/bakirci.com\/ekipman\/"},{"@type":"ListItem","position":3,"name":"\u00c7ift S\u00fctunlu Elektrohidrolik Lift EAE (Born in PRC)EE-62C-50T-EKald\u0131rma kapasitesi 5000 kg (Binek, SUV)"}]}]}},"_links":{"self":[{"href":"https:\/\/bakirci.com\/ekipman\/wp-json\/wp\/v2\/product\/6180","targetHints":{"allow":["GET"]}}],"collection":[{"href":"https:\/\/bakirci.com\/ekipman\/wp-json\/wp\/v2\/product"}],"about":[{"href":"https:\/\/bakirci.com\/ekipman\/wp-json\/wp\/v2\/types\/product"}],"replies":[{"embeddable":true,"href":"https:\/\/bakirci.com\/ekipman\/wp-json\/wp\/v2\/comments?post=6180"}],"wp:featuredmedia":[{"embeddable":true,"href":"https:\/\/bakirci.com\/ekipman\/wp-json\/wp\/v2\/media\/6323"}],"wp:attachment":[{"href":"https:\/\/bakirci.com\/ekipman\/wp-json\/wp\/v2\/media?parent=6180"}],"wp:term":[{"taxonomy":"product_cat","embeddable":true,"href":"https:\/\/bakirci.com\/ekipman\/wp-json\/wp\/v2\/product_cat?post=6180"},{"taxonomy":"product_tag","embeddable":true,"href":"https:\/\/bakirci.com\/ekipman\/wp-json\/wp\/v2\/product_tag?post=6180"}],"curies":[{"name":"wp","href":"https:\/\/api.w.org\/{rel}","templated":true}]}}