{"id":6177,"date":"2021-03-03T06:45:47","date_gmt":"2021-03-03T06:45:47","guid":{"rendered":"https:\/\/bakirci.com\/ekipman\/?post_type=product&#038;p=6177"},"modified":"2023-07-17T11:23:43","modified_gmt":"2023-07-17T11:23:43","slug":"lastik-sokme-takma-cihazirotaryborn-in-usaaikido-evo-premium","status":"publish","type":"product","link":"https:\/\/bakirci.com\/ekipman\/servis-ekipmanlari\/mekanik\/lastik-servis-ekipmanlari\/lastik-sokme-takmalar\/lastik-sokme-takma-cihazirotaryborn-in-usaaikido-evo-premium\/","title":{"rendered":"<p class=\"ustmetin\">Lastik S\u00f6kme Takma Cihaz\u0131<\/p><p class=\"ortametin\">ROTARY<span class=\"ortametin2\">(Born in USA)<\/span><\/p><p class=\"altmetin\">Aikido.Evo Premium<\/p>"},"content":{"rendered":"<ul>\n<li>Yeni nesil levyesiz tam otomatik lastik s\u00f6kme takma cihaz\u0131<\/li>\n<li>Jant\u0131n zarar g\u00f6rmesini engelleyen sens\u00f6rl\u00fc \u00f6zel jant koruma sistemi<\/li>\n<li>Yenilik\u00e7i ultra ince \u00e7ene yap\u0131s\u0131 ile topu\u011fa zarar vermeden i\u015flem yapabilme<\/li>\n<li>6 pozisyonlu g\u00f6bekten ba\u011flama sistemi<\/li>\n<li>Lastik montaj ve demontaj esnas\u0131nda janta zarar vermeyen \u00f6zel plastik ve katlanabilir donan\u0131m<\/li>\n<li>Lastik s\u00f6kme ve takmada yard\u0131mc\u0131 olan destek kolu<\/li>\n<li>Tekerlek haf\u0131za \u00f6zelli\u011fi sayesinde h\u0131zl\u0131 kullan\u0131m<\/li>\n<li>\u0130nverterli motor teknolojisi ile istenilen h\u0131zda \u00e7al\u0131\u015fma imkan\u0131<\/li>\n<li>Lastik asans\u00f6r\u00fc sayesinde i\u015f\u00e7i sa\u011fl\u0131\u011f\u0131 ve g\u00fcvenli\u011fine uygun \u00e7al\u0131\u015fma imkan\u0131<\/li>\n<li>\u00c7al\u0131\u015fma h\u0131z\u0131 0 &#8211; 16 rpm<\/li>\n<li>Jant ba\u011flama 10&#8243; &#8211; 34&#8243;, jant geni\u015fli\u011fi 15&#8243;<\/li>\n<li>Maksimum tekerlek \u00e7ap\u0131 1370 mm<\/li>\n<li>Topuk d\u00fc\u015f\u00fcrme g\u00fcc\u00fc 12000 Nm<\/li>\n<\/ul>\n","protected":false},"excerpt":{"rendered":"<ul>\n<li>Yeni nesil levyesiz tam otomatik lastik s\u00f6kme takma cihaz\u0131<\/li>\n<li>Jant\u0131n zarar g\u00f6rmesini engelleyen sens\u00f6rl\u00fc \u00f6zel jant koruma sistemi<\/li>\n<li>Yenilik\u00e7i ultra ince \u00e7ene yap\u0131s\u0131 ile topu\u011fa zarar vermeden i\u015flem yapabilme<\/li>\n<li>6 pozisyonlu g\u00f6bekten ba\u011flama sistemi<\/li>\n<li>Lastik montaj ve demontaj esnas\u0131nda janta zarar vermeyen \u00f6zel plastik ve katlanabilir donan\u0131m<\/li>\n<li>Lastik s\u00f6kme ve takmada yard\u0131mc\u0131 olan destek kolu<\/li>\n<li>Tekerlek haf\u0131za \u00f6zelli\u011fi sayesinde h\u0131zl\u0131 kullan\u0131m<\/li>\n<li>\u0130nverterli motor teknolojisi ile istenilen h\u0131zda \u00e7al\u0131\u015fma imkan\u0131<\/li>\n<li>Lastik asans\u00f6r\u00fc sayesinde i\u015f\u00e7i sa\u011fl\u0131\u011f\u0131 ve g\u00fcvenli\u011fine uygun \u00e7al\u0131\u015fma imkan\u0131<\/li>\n<li>\u00c7al\u0131\u015fma h\u0131z\u0131 0 &#8211; 16 rpm<\/li>\n<li>Jant ba\u011flama 10&#8243; &#8211; 34&#8243;, jant geni\u015fli\u011fi 15&#8243;<\/li>\n<li>Maksimum tekerlek \u00e7ap\u0131 1370 mm<\/li>\n<li>Topuk d\u00fc\u015f\u00fcrme g\u00fcc\u00fc 12000 Nm<\/li>\n<\/ul>\n","protected":false},"featured_media":6319,"comment_status":"open","ping_status":"closed","template":"","meta":[],"product_cat":[162],"product_tag":[],"class_list":["post-6177","product","type-product","status-publish","has-post-thumbnail","hentry","pwb-brand-rotary","product_cat-lastik-sokme-takmalar"],"brands":[{"id":366,"name":"ROTARY","slug":"rotary"}],"yoast_head":"<!-- This site is optimized with the Yoast SEO plugin v17.1 - https:\/\/yoast.com\/wordpress\/plugins\/seo\/ -->\n<title>Lastik S\u00f6kme Takma Cihaz\u0131ROTARY(Born in USA)Aikido.Evo Premium - Bak\u0131rc\u0131 Garagineering<\/title>\n<meta name=\"robots\" content=\"index, follow, max-snippet:-1, max-image-preview:large, max-video-preview:-1\" \/>\n<link rel=\"canonical\" href=\"https:\/\/bakirci.com\/ekipman\/servis-ekipmanlari\/mekanik\/lastik-servis-ekipmanlari\/lastik-sokme-takmalar\/lastik-sokme-takma-cihazirotaryborn-in-usaaikido-evo-premium\/\" \/>\n<meta property=\"og:locale\" content=\"tr_TR\" \/>\n<meta property=\"og:type\" content=\"article\" \/>\n<meta property=\"og:title\" content=\"Lastik S\u00f6kme Takma Cihaz\u0131ROTARY(Born in USA)Aikido.Evo Premium - Bak\u0131rc\u0131 Garagineering\" \/>\n<meta property=\"og:description\" content=\"Yeni nesil levyesiz tam otomatik lastik s\u00f6kme takma cihaz\u0131  Jant\u0131n zarar g\u00f6rmesini engelleyen sens\u00f6rl\u00fc \u00f6zel jant koruma sistemi  Yenilik\u00e7i ultra ince \u00e7ene yap\u0131s\u0131 ile topu\u011fa zarar vermeden i\u015flem yapabilme  6 pozisyonlu g\u00f6bekten ba\u011flama sistemi  Lastik montaj ve demontaj esnas\u0131nda janta zarar vermeyen \u00f6zel plastik ve katlanabilir donan\u0131m  Lastik s\u00f6kme ve takmada yard\u0131mc\u0131 olan destek kolu  Tekerlek haf\u0131za \u00f6zelli\u011fi sayesinde h\u0131zl\u0131 kullan\u0131m  \u0130nverterli motor teknolojisi ile istenilen h\u0131zda \u00e7al\u0131\u015fma imkan\u0131  Lastik asans\u00f6r\u00fc sayesinde i\u015f\u00e7i sa\u011fl\u0131\u011f\u0131 ve g\u00fcvenli\u011fine uygun \u00e7al\u0131\u015fma imkan\u0131  \u00c7al\u0131\u015fma h\u0131z\u0131 0 - 16 rpm  Jant ba\u011flama 10&quot; - 34&quot;, jant geni\u015fli\u011fi 15&quot;  Maksimum tekerlek \u00e7ap\u0131 1370 mm  Topuk d\u00fc\u015f\u00fcrme g\u00fcc\u00fc 12000 Nm\" \/>\n<meta property=\"og:url\" content=\"https:\/\/bakirci.com\/ekipman\/servis-ekipmanlari\/mekanik\/lastik-servis-ekipmanlari\/lastik-sokme-takmalar\/lastik-sokme-takma-cihazirotaryborn-in-usaaikido-evo-premium\/\" \/>\n<meta property=\"og:site_name\" content=\"Bak\u0131rc\u0131 Garagineering\" \/>\n<meta property=\"article:publisher\" content=\"https:\/\/www.facebook.com\/bakirci.garagineering\" \/>\n<meta property=\"article:modified_time\" content=\"2023-07-17T11:23:43+00:00\" \/>\n<meta property=\"og:image\" content=\"https:\/\/bakirci.com\/ekipman\/wp-content\/uploads\/2023\/07\/Lastik-Sokme-Takma-Cihazi-\u2013-Aikido.Evo-Premium.png\" \/>\n\t<meta property=\"og:image:width\" content=\"1080\" \/>\n\t<meta property=\"og:image:height\" content=\"1080\" \/>\n<meta name=\"twitter:card\" content=\"summary_large_image\" \/>\n<meta name=\"twitter:label1\" content=\"Tahmini okuma s\u00fcresi\" \/>\n\t<meta name=\"twitter:data1\" content=\"1 dakika\" \/>\n<script type=\"application\/ld+json\" class=\"yoast-schema-graph\">{\"@context\":\"https:\/\/schema.org\",\"@graph\":[{\"@type\":\"Organization\",\"@id\":\"https:\/\/bakirci.com\/ekipman\/#organization\",\"name\":\"Bak\\u0131rc\\u0131 garagineering\",\"url\":\"https:\/\/bakirci.com\/ekipman\/\",\"sameAs\":[\"https:\/\/www.facebook.com\/bakirci.garagineering\",\"https:\/\/www.instagram.com\/bakirci.garagineering\/\",\"https:\/\/www.linkedin.com\/company\/bakirci-garagineering\/\",\"https:\/\/www.youtube.com\/channel\/UCiVG6s_jALJ6Zk8085XiOQg\"],\"logo\":{\"@type\":\"ImageObject\",\"@id\":\"https:\/\/bakirci.com\/ekipman\/#logo\",\"inLanguage\":\"tr\",\"url\":\"https:\/\/bakirci.com\/ekipman\/wp-content\/uploads\/2021\/09\/Bakirci-logo-lacivert.png\",\"contentUrl\":\"https:\/\/bakirci.com\/ekipman\/wp-content\/uploads\/2021\/09\/Bakirci-logo-lacivert.png\",\"width\":501,\"height\":501,\"caption\":\"Bak\\u0131rc\\u0131 garagineering\"},\"image\":{\"@id\":\"https:\/\/bakirci.com\/ekipman\/#logo\"}},{\"@type\":\"WebSite\",\"@id\":\"https:\/\/bakirci.com\/ekipman\/#website\",\"url\":\"https:\/\/bakirci.com\/ekipman\/\",\"name\":\"Bak\\u0131rc\\u0131 Garagineering\",\"description\":\"Otomotiv sekt\\u00f6r\\u00fcne \\u00f6zel, \\u201c\\u00dcretici Standard\\u0131nda\\u201d \\u00e7\\u00f6z\\u00fcmler\\u2026\",\"publisher\":{\"@id\":\"https:\/\/bakirci.com\/ekipman\/#organization\"},\"potentialAction\":[{\"@type\":\"SearchAction\",\"target\":{\"@type\":\"EntryPoint\",\"urlTemplate\":\"https:\/\/bakirci.com\/ekipman\/?s={search_term_string}\"},\"query-input\":\"required name=search_term_string\"}],\"inLanguage\":\"tr\"},{\"@type\":\"ImageObject\",\"@id\":\"https:\/\/bakirci.com\/ekipman\/servis-ekipmanlari\/mekanik\/lastik-servis-ekipmanlari\/lastik-sokme-takmalar\/lastik-sokme-takma-cihazirotaryborn-in-usaaikido-evo-premium\/#primaryimage\",\"inLanguage\":\"tr\",\"url\":\"https:\/\/bakirci.com\/ekipman\/wp-content\/uploads\/2023\/07\/Lastik-Sokme-Takma-Cihazi-\\u2013-Aikido.Evo-Premium.png\",\"contentUrl\":\"https:\/\/bakirci.com\/ekipman\/wp-content\/uploads\/2023\/07\/Lastik-Sokme-Takma-Cihazi-\\u2013-Aikido.Evo-Premium.png\",\"width\":1080,\"height\":1080},{\"@type\":\"WebPage\",\"@id\":\"https:\/\/bakirci.com\/ekipman\/servis-ekipmanlari\/mekanik\/lastik-servis-ekipmanlari\/lastik-sokme-takmalar\/lastik-sokme-takma-cihazirotaryborn-in-usaaikido-evo-premium\/#webpage\",\"url\":\"https:\/\/bakirci.com\/ekipman\/servis-ekipmanlari\/mekanik\/lastik-servis-ekipmanlari\/lastik-sokme-takmalar\/lastik-sokme-takma-cihazirotaryborn-in-usaaikido-evo-premium\/\",\"name\":\"Lastik S\\u00f6kme Takma Cihaz\\u0131 ROTARY(Born in USA) Aikido.Evo Premium - Bak\\u0131rc\\u0131 Garagineering\",\"isPartOf\":{\"@id\":\"https:\/\/bakirci.com\/ekipman\/#website\"},\"primaryImageOfPage\":{\"@id\":\"https:\/\/bakirci.com\/ekipman\/servis-ekipmanlari\/mekanik\/lastik-servis-ekipmanlari\/lastik-sokme-takmalar\/lastik-sokme-takma-cihazirotaryborn-in-usaaikido-evo-premium\/#primaryimage\"},\"datePublished\":\"2021-03-03T06:45:47+00:00\",\"dateModified\":\"2023-07-17T11:23:43+00:00\",\"breadcrumb\":{\"@id\":\"https:\/\/bakirci.com\/ekipman\/servis-ekipmanlari\/mekanik\/lastik-servis-ekipmanlari\/lastik-sokme-takmalar\/lastik-sokme-takma-cihazirotaryborn-in-usaaikido-evo-premium\/#breadcrumb\"},\"inLanguage\":\"tr\",\"potentialAction\":[{\"@type\":\"ReadAction\",\"target\":[\"https:\/\/bakirci.com\/ekipman\/servis-ekipmanlari\/mekanik\/lastik-servis-ekipmanlari\/lastik-sokme-takmalar\/lastik-sokme-takma-cihazirotaryborn-in-usaaikido-evo-premium\/\"]}]},{\"@type\":\"BreadcrumbList\",\"@id\":\"https:\/\/bakirci.com\/ekipman\/servis-ekipmanlari\/mekanik\/lastik-servis-ekipmanlari\/lastik-sokme-takmalar\/lastik-sokme-takma-cihazirotaryborn-in-usaaikido-evo-premium\/#breadcrumb\",\"itemListElement\":[{\"@type\":\"ListItem\",\"position\":1,\"name\":\"Ekipman\",\"item\":\"https:\/\/bakirci.com\/ekipman\/\"},{\"@type\":\"ListItem\",\"position\":2,\"name\":\"Otomotiv Tesisleri \\u0130\\u00e7in Servis Ekipmanlar\\u0131\",\"item\":\"https:\/\/bakirci.com\/ekipman\/\"},{\"@type\":\"ListItem\",\"position\":3,\"name\":\"Lastik S\\u00f6kme Takma Cihaz\\u0131ROTARY(Born in USA)Aikido.Evo Premium\"}]}]}<\/script>\n<!-- \/ Yoast SEO plugin. -->","yoast_head_json":{"title":"Lastik S\u00f6kme Takma Cihaz\u0131ROTARY(Born in USA)Aikido.Evo Premium - Bak\u0131rc\u0131 Garagineering","robots":{"index":"index","follow":"follow","max-snippet":"max-snippet:-1","max-image-preview":"max-image-preview:large","max-video-preview":"max-video-preview:-1"},"canonical":"https:\/\/bakirci.com\/ekipman\/servis-ekipmanlari\/mekanik\/lastik-servis-ekipmanlari\/lastik-sokme-takmalar\/lastik-sokme-takma-cihazirotaryborn-in-usaaikido-evo-premium\/","og_locale":"tr_TR","og_type":"article","og_title":"Lastik S\u00f6kme Takma Cihaz\u0131ROTARY(Born in USA)Aikido.Evo Premium - Bak\u0131rc\u0131 Garagineering","og_description":"Yeni nesil levyesiz tam otomatik lastik s\u00f6kme takma cihaz\u0131  Jant\u0131n zarar g\u00f6rmesini engelleyen sens\u00f6rl\u00fc \u00f6zel jant koruma sistemi  Yenilik\u00e7i ultra ince \u00e7ene yap\u0131s\u0131 ile topu\u011fa zarar vermeden i\u015flem yapabilme  6 pozisyonlu g\u00f6bekten ba\u011flama sistemi  Lastik montaj ve demontaj esnas\u0131nda janta zarar vermeyen \u00f6zel plastik ve katlanabilir donan\u0131m  Lastik s\u00f6kme ve takmada yard\u0131mc\u0131 olan destek kolu  Tekerlek haf\u0131za \u00f6zelli\u011fi sayesinde h\u0131zl\u0131 kullan\u0131m  \u0130nverterli motor teknolojisi ile istenilen h\u0131zda \u00e7al\u0131\u015fma imkan\u0131  Lastik asans\u00f6r\u00fc sayesinde i\u015f\u00e7i sa\u011fl\u0131\u011f\u0131 ve g\u00fcvenli\u011fine uygun \u00e7al\u0131\u015fma imkan\u0131  \u00c7al\u0131\u015fma h\u0131z\u0131 0 - 16 rpm  Jant ba\u011flama 10\" - 34\", jant geni\u015fli\u011fi 15\"  Maksimum tekerlek \u00e7ap\u0131 1370 mm  Topuk d\u00fc\u015f\u00fcrme g\u00fcc\u00fc 12000 Nm","og_url":"https:\/\/bakirci.com\/ekipman\/servis-ekipmanlari\/mekanik\/lastik-servis-ekipmanlari\/lastik-sokme-takmalar\/lastik-sokme-takma-cihazirotaryborn-in-usaaikido-evo-premium\/","og_site_name":"Bak\u0131rc\u0131 Garagineering","article_publisher":"https:\/\/www.facebook.com\/bakirci.garagineering","article_modified_time":"2023-07-17T11:23:43+00:00","og_image":[{"width":1080,"height":1080,"filesize":791549,"url":"https:\/\/bakirci.com\/ekipman\/wp-content\/uploads\/2023\/07\/Lastik-Sokme-Takma-Cihazi-\u2013-Aikido.Evo-Premium.png","path":"\/home\/bakirciwebsitesi\/public_html\/ekipman\/wp-content\/uploads\/2023\/07\/Lastik-Sokme-Takma-Cihazi-\u2013-Aikido.Evo-Premium.png","size":"full","id":6319,"alt":"","pixels":1166400,"type":"image\/png"}],"twitter_card":"summary_large_image","twitter_misc":{"Tahmini okuma s\u00fcresi":"1 dakika"},"schema":{"@context":"https:\/\/schema.org","@graph":[{"@type":"Organization","@id":"https:\/\/bakirci.com\/ekipman\/#organization","name":"Bak\u0131rc\u0131 garagineering","url":"https:\/\/bakirci.com\/ekipman\/","sameAs":["https:\/\/www.facebook.com\/bakirci.garagineering","https:\/\/www.instagram.com\/bakirci.garagineering\/","https:\/\/www.linkedin.com\/company\/bakirci-garagineering\/","https:\/\/www.youtube.com\/channel\/UCiVG6s_jALJ6Zk8085XiOQg"],"logo":{"@type":"ImageObject","@id":"https:\/\/bakirci.com\/ekipman\/#logo","inLanguage":"tr","url":"https:\/\/bakirci.com\/ekipman\/wp-content\/uploads\/2021\/09\/Bakirci-logo-lacivert.png","contentUrl":"https:\/\/bakirci.com\/ekipman\/wp-content\/uploads\/2021\/09\/Bakirci-logo-lacivert.png","width":501,"height":501,"caption":"Bak\u0131rc\u0131 garagineering"},"image":{"@id":"https:\/\/bakirci.com\/ekipman\/#logo"}},{"@type":"WebSite","@id":"https:\/\/bakirci.com\/ekipman\/#website","url":"https:\/\/bakirci.com\/ekipman\/","name":"Bak\u0131rc\u0131 Garagineering","description":"Otomotiv sekt\u00f6r\u00fcne \u00f6zel, \u201c\u00dcretici Standard\u0131nda\u201d \u00e7\u00f6z\u00fcmler\u2026","publisher":{"@id":"https:\/\/bakirci.com\/ekipman\/#organization"},"potentialAction":[{"@type":"SearchAction","target":{"@type":"EntryPoint","urlTemplate":"https:\/\/bakirci.com\/ekipman\/?s={search_term_string}"},"query-input":"required name=search_term_string"}],"inLanguage":"tr"},{"@type":"ImageObject","@id":"https:\/\/bakirci.com\/ekipman\/servis-ekipmanlari\/mekanik\/lastik-servis-ekipmanlari\/lastik-sokme-takmalar\/lastik-sokme-takma-cihazirotaryborn-in-usaaikido-evo-premium\/#primaryimage","inLanguage":"tr","url":"https:\/\/bakirci.com\/ekipman\/wp-content\/uploads\/2023\/07\/Lastik-Sokme-Takma-Cihazi-\u2013-Aikido.Evo-Premium.png","contentUrl":"https:\/\/bakirci.com\/ekipman\/wp-content\/uploads\/2023\/07\/Lastik-Sokme-Takma-Cihazi-\u2013-Aikido.Evo-Premium.png","width":1080,"height":1080},{"@type":"WebPage","@id":"https:\/\/bakirci.com\/ekipman\/servis-ekipmanlari\/mekanik\/lastik-servis-ekipmanlari\/lastik-sokme-takmalar\/lastik-sokme-takma-cihazirotaryborn-in-usaaikido-evo-premium\/#webpage","url":"https:\/\/bakirci.com\/ekipman\/servis-ekipmanlari\/mekanik\/lastik-servis-ekipmanlari\/lastik-sokme-takmalar\/lastik-sokme-takma-cihazirotaryborn-in-usaaikido-evo-premium\/","name":"Lastik S\u00f6kme Takma Cihaz\u0131 ROTARY(Born in USA) Aikido.Evo Premium - Bak\u0131rc\u0131 Garagineering","isPartOf":{"@id":"https:\/\/bakirci.com\/ekipman\/#website"},"primaryImageOfPage":{"@id":"https:\/\/bakirci.com\/ekipman\/servis-ekipmanlari\/mekanik\/lastik-servis-ekipmanlari\/lastik-sokme-takmalar\/lastik-sokme-takma-cihazirotaryborn-in-usaaikido-evo-premium\/#primaryimage"},"datePublished":"2021-03-03T06:45:47+00:00","dateModified":"2023-07-17T11:23:43+00:00","breadcrumb":{"@id":"https:\/\/bakirci.com\/ekipman\/servis-ekipmanlari\/mekanik\/lastik-servis-ekipmanlari\/lastik-sokme-takmalar\/lastik-sokme-takma-cihazirotaryborn-in-usaaikido-evo-premium\/#breadcrumb"},"inLanguage":"tr","potentialAction":[{"@type":"ReadAction","target":["https:\/\/bakirci.com\/ekipman\/servis-ekipmanlari\/mekanik\/lastik-servis-ekipmanlari\/lastik-sokme-takmalar\/lastik-sokme-takma-cihazirotaryborn-in-usaaikido-evo-premium\/"]}]},{"@type":"BreadcrumbList","@id":"https:\/\/bakirci.com\/ekipman\/servis-ekipmanlari\/mekanik\/lastik-servis-ekipmanlari\/lastik-sokme-takmalar\/lastik-sokme-takma-cihazirotaryborn-in-usaaikido-evo-premium\/#breadcrumb","itemListElement":[{"@type":"ListItem","position":1,"name":"Ekipman","item":"https:\/\/bakirci.com\/ekipman\/"},{"@type":"ListItem","position":2,"name":"Otomotiv Tesisleri \u0130\u00e7in Servis Ekipmanlar\u0131","item":"https:\/\/bakirci.com\/ekipman\/"},{"@type":"ListItem","position":3,"name":"Lastik S\u00f6kme Takma Cihaz\u0131ROTARY(Born in USA)Aikido.Evo Premium"}]}]}},"_links":{"self":[{"href":"https:\/\/bakirci.com\/ekipman\/wp-json\/wp\/v2\/product\/6177","targetHints":{"allow":["GET"]}}],"collection":[{"href":"https:\/\/bakirci.com\/ekipman\/wp-json\/wp\/v2\/product"}],"about":[{"href":"https:\/\/bakirci.com\/ekipman\/wp-json\/wp\/v2\/types\/product"}],"replies":[{"embeddable":true,"href":"https:\/\/bakirci.com\/ekipman\/wp-json\/wp\/v2\/comments?post=6177"}],"wp:featuredmedia":[{"embeddable":true,"href":"https:\/\/bakirci.com\/ekipman\/wp-json\/wp\/v2\/media\/6319"}],"wp:attachment":[{"href":"https:\/\/bakirci.com\/ekipman\/wp-json\/wp\/v2\/media?parent=6177"}],"wp:term":[{"taxonomy":"product_cat","embeddable":true,"href":"https:\/\/bakirci.com\/ekipman\/wp-json\/wp\/v2\/product_cat?post=6177"},{"taxonomy":"product_tag","embeddable":true,"href":"https:\/\/bakirci.com\/ekipman\/wp-json\/wp\/v2\/product_tag?post=6177"}],"curies":[{"name":"wp","href":"https:\/\/api.w.org\/{rel}","templated":true}]}}