{"id":6176,"date":"2021-03-03T06:45:35","date_gmt":"2021-03-03T06:45:35","guid":{"rendered":"https:\/\/bakirci.com\/ekipman\/?post_type=product&#038;p=6176"},"modified":"2023-07-17T11:22:45","modified_gmt":"2023-07-17T11:22:45","slug":"lastik-sokme-takma-cihazirotaryborn-in-usakendo-30-light-premium","status":"publish","type":"product","link":"https:\/\/bakirci.com\/ekipman\/servis-ekipmanlari\/mekanik\/lastik-servis-ekipmanlari\/lastik-sokme-takmalar\/lastik-sokme-takma-cihazirotaryborn-in-usakendo-30-light-premium\/","title":{"rendered":"<p class=\"ustmetin\">Lastik S\u00f6kme Takma Cihaz\u0131<\/p><p class=\"ortametin\">ROTARY<span class=\"ortametin2\">(Born in USA)<\/span><\/p><p class=\"altmetin\">Kendo.30 Light Premium<\/p>"},"content":{"rendered":"<ul>\n<li>Yeni nesil levyesiz otomatik lastik s\u00f6kme takma cihaz\u0131<\/li>\n<li>\u00d6zel geli\u015ftirilmi\u015f mesafe sens\u00f6rleri sayesinde topuklara zarar vermeden yanak d\u00fc\u015f\u00fcrme<\/li>\n<li>\u00dc\u00e7 pozisyonlu g\u00f6bekten ba\u011flama sistemi<\/li>\n<li>Lastik montaj ve demontaj esnas\u0131nda janta zarar vermeyen \u00f6zel plastik ve katlanabilir donan\u0131m<\/li>\n<li>Lastik yanak bast\u0131rma kolu<\/li>\n<li>\u0130nverterli motor teknolojisi ile istenilen h\u0131zda \u00e7al\u0131\u015fma imkan\u0131<\/li>\n<li>Lastik asans\u00f6r\u00fc sayesinde i\u015f\u00e7i sa\u011fl\u0131\u011f\u0131 ve g\u00fcvenli\u011fine uygun \u00e7al\u0131\u015fma imkan\u0131<\/li>\n<li>\u00c7al\u0131\u015fma h\u0131z\u0131 0 &#8211; 16 rpm<\/li>\n<li>Jant ba\u011flama 10&#8243; &#8211; 30&#8243;, jant geni\u015fli\u011fi 15&#8243;<\/li>\n<li>Maksimum tekerlek \u00e7ap\u0131 1143 mm<\/li>\n<li>Topuk d\u00fc\u015f\u00fcrme g\u00fcc\u00fc 12000 Nm<\/li>\n<li>\u00c7al\u0131\u015fma bas\u0131nc\u0131 8 bar<\/li>\n<\/ul>\n","protected":false},"excerpt":{"rendered":"<ul>\n<li>Yeni nesil levyesiz otomatik lastik s\u00f6kme takma cihaz\u0131<\/li>\n<li>\u00d6zel geli\u015ftirilmi\u015f mesafe sens\u00f6rleri sayesinde topuklara zarar vermeden yanak d\u00fc\u015f\u00fcrme<\/li>\n<li>\u00dc\u00e7 pozisyonlu g\u00f6bekten ba\u011flama sistemi<\/li>\n<li>Lastik montaj ve demontaj esnas\u0131nda janta zarar vermeyen \u00f6zel plastik ve katlanabilir donan\u0131m<\/li>\n<li>Lastik yanak bast\u0131rma kolu<\/li>\n<li>\u0130nverterli motor teknolojisi ile istenilen h\u0131zda \u00e7al\u0131\u015fma imkan\u0131<\/li>\n<li>Lastik asans\u00f6r\u00fc sayesinde i\u015f\u00e7i sa\u011fl\u0131\u011f\u0131 ve g\u00fcvenli\u011fine uygun \u00e7al\u0131\u015fma imkan\u0131<\/li>\n<li>\u00c7al\u0131\u015fma h\u0131z\u0131 0 &#8211; 16 rpm<\/li>\n<li>Jant ba\u011flama 10&#8243; &#8211; 30&#8243;, jant geni\u015fli\u011fi 15&#8243;<\/li>\n<li>Maksimum tekerlek \u00e7ap\u0131 1143 mm<\/li>\n<li>Topuk d\u00fc\u015f\u00fcrme g\u00fcc\u00fc 12000 Nm<\/li>\n<li>\u00c7al\u0131\u015fma bas\u0131nc\u0131 8 bar<\/li>\n<\/ul>\n","protected":false},"featured_media":6318,"comment_status":"open","ping_status":"closed","template":"","meta":[],"product_cat":[162],"product_tag":[],"class_list":["post-6176","product","type-product","status-publish","has-post-thumbnail","hentry","pwb-brand-rotary","product_cat-lastik-sokme-takmalar"],"brands":[{"id":366,"name":"ROTARY","slug":"rotary"}],"yoast_head":"<!-- This site is optimized with the Yoast SEO plugin v17.1 - https:\/\/yoast.com\/wordpress\/plugins\/seo\/ -->\n<title>Lastik S\u00f6kme Takma Cihaz\u0131ROTARY(Born in USA)Kendo.30 Light Premium - Bak\u0131rc\u0131 Garagineering<\/title>\n<meta name=\"robots\" content=\"index, follow, max-snippet:-1, max-image-preview:large, max-video-preview:-1\" \/>\n<link rel=\"canonical\" href=\"https:\/\/bakirci.com\/ekipman\/servis-ekipmanlari\/mekanik\/lastik-servis-ekipmanlari\/lastik-sokme-takmalar\/lastik-sokme-takma-cihazirotaryborn-in-usakendo-30-light-premium\/\" \/>\n<meta property=\"og:locale\" content=\"tr_TR\" \/>\n<meta property=\"og:type\" content=\"article\" \/>\n<meta property=\"og:title\" content=\"Lastik S\u00f6kme Takma Cihaz\u0131ROTARY(Born in USA)Kendo.30 Light Premium - Bak\u0131rc\u0131 Garagineering\" \/>\n<meta property=\"og:description\" content=\"Yeni nesil levyesiz otomatik lastik s\u00f6kme takma cihaz\u0131  \u00d6zel geli\u015ftirilmi\u015f mesafe sens\u00f6rleri sayesinde topuklara zarar vermeden yanak d\u00fc\u015f\u00fcrme  \u00dc\u00e7 pozisyonlu g\u00f6bekten ba\u011flama sistemi  Lastik montaj ve demontaj esnas\u0131nda janta zarar vermeyen \u00f6zel plastik ve katlanabilir donan\u0131m  Lastik yanak bast\u0131rma kolu  \u0130nverterli motor teknolojisi ile istenilen h\u0131zda \u00e7al\u0131\u015fma imkan\u0131  Lastik asans\u00f6r\u00fc sayesinde i\u015f\u00e7i sa\u011fl\u0131\u011f\u0131 ve g\u00fcvenli\u011fine uygun \u00e7al\u0131\u015fma imkan\u0131  \u00c7al\u0131\u015fma h\u0131z\u0131 0 - 16 rpm  Jant ba\u011flama 10&quot; - 30&quot;, jant geni\u015fli\u011fi 15&quot;  Maksimum tekerlek \u00e7ap\u0131 1143 mm  Topuk d\u00fc\u015f\u00fcrme g\u00fcc\u00fc 12000 Nm  \u00c7al\u0131\u015fma bas\u0131nc\u0131 8 bar\" \/>\n<meta property=\"og:url\" content=\"https:\/\/bakirci.com\/ekipman\/servis-ekipmanlari\/mekanik\/lastik-servis-ekipmanlari\/lastik-sokme-takmalar\/lastik-sokme-takma-cihazirotaryborn-in-usakendo-30-light-premium\/\" \/>\n<meta property=\"og:site_name\" content=\"Bak\u0131rc\u0131 Garagineering\" \/>\n<meta property=\"article:publisher\" content=\"https:\/\/www.facebook.com\/bakirci.garagineering\" \/>\n<meta property=\"article:modified_time\" content=\"2023-07-17T11:22:45+00:00\" \/>\n<meta property=\"og:image\" content=\"https:\/\/bakirci.com\/ekipman\/wp-content\/uploads\/2023\/07\/Lastik-Sokme-Takma-Cihazi-\u2013-Kendo.30-Light-Premium.png\" \/>\n\t<meta property=\"og:image:width\" content=\"1080\" \/>\n\t<meta property=\"og:image:height\" content=\"1080\" \/>\n<meta name=\"twitter:card\" content=\"summary_large_image\" \/>\n<meta name=\"twitter:label1\" content=\"Tahmini okuma s\u00fcresi\" \/>\n\t<meta name=\"twitter:data1\" content=\"1 dakika\" \/>\n<script type=\"application\/ld+json\" class=\"yoast-schema-graph\">{\"@context\":\"https:\/\/schema.org\",\"@graph\":[{\"@type\":\"Organization\",\"@id\":\"https:\/\/bakirci.com\/ekipman\/#organization\",\"name\":\"Bak\\u0131rc\\u0131 garagineering\",\"url\":\"https:\/\/bakirci.com\/ekipman\/\",\"sameAs\":[\"https:\/\/www.facebook.com\/bakirci.garagineering\",\"https:\/\/www.instagram.com\/bakirci.garagineering\/\",\"https:\/\/www.linkedin.com\/company\/bakirci-garagineering\/\",\"https:\/\/www.youtube.com\/channel\/UCiVG6s_jALJ6Zk8085XiOQg\"],\"logo\":{\"@type\":\"ImageObject\",\"@id\":\"https:\/\/bakirci.com\/ekipman\/#logo\",\"inLanguage\":\"tr\",\"url\":\"https:\/\/bakirci.com\/ekipman\/wp-content\/uploads\/2021\/09\/Bakirci-logo-lacivert.png\",\"contentUrl\":\"https:\/\/bakirci.com\/ekipman\/wp-content\/uploads\/2021\/09\/Bakirci-logo-lacivert.png\",\"width\":501,\"height\":501,\"caption\":\"Bak\\u0131rc\\u0131 garagineering\"},\"image\":{\"@id\":\"https:\/\/bakirci.com\/ekipman\/#logo\"}},{\"@type\":\"WebSite\",\"@id\":\"https:\/\/bakirci.com\/ekipman\/#website\",\"url\":\"https:\/\/bakirci.com\/ekipman\/\",\"name\":\"Bak\\u0131rc\\u0131 Garagineering\",\"description\":\"Otomotiv sekt\\u00f6r\\u00fcne \\u00f6zel, \\u201c\\u00dcretici Standard\\u0131nda\\u201d \\u00e7\\u00f6z\\u00fcmler\\u2026\",\"publisher\":{\"@id\":\"https:\/\/bakirci.com\/ekipman\/#organization\"},\"potentialAction\":[{\"@type\":\"SearchAction\",\"target\":{\"@type\":\"EntryPoint\",\"urlTemplate\":\"https:\/\/bakirci.com\/ekipman\/?s={search_term_string}\"},\"query-input\":\"required name=search_term_string\"}],\"inLanguage\":\"tr\"},{\"@type\":\"ImageObject\",\"@id\":\"https:\/\/bakirci.com\/ekipman\/servis-ekipmanlari\/mekanik\/lastik-servis-ekipmanlari\/lastik-sokme-takmalar\/lastik-sokme-takma-cihazirotaryborn-in-usakendo-30-light-premium\/#primaryimage\",\"inLanguage\":\"tr\",\"url\":\"https:\/\/bakirci.com\/ekipman\/wp-content\/uploads\/2023\/07\/Lastik-Sokme-Takma-Cihazi-\\u2013-Kendo.30-Light-Premium.png\",\"contentUrl\":\"https:\/\/bakirci.com\/ekipman\/wp-content\/uploads\/2023\/07\/Lastik-Sokme-Takma-Cihazi-\\u2013-Kendo.30-Light-Premium.png\",\"width\":1080,\"height\":1080},{\"@type\":\"WebPage\",\"@id\":\"https:\/\/bakirci.com\/ekipman\/servis-ekipmanlari\/mekanik\/lastik-servis-ekipmanlari\/lastik-sokme-takmalar\/lastik-sokme-takma-cihazirotaryborn-in-usakendo-30-light-premium\/#webpage\",\"url\":\"https:\/\/bakirci.com\/ekipman\/servis-ekipmanlari\/mekanik\/lastik-servis-ekipmanlari\/lastik-sokme-takmalar\/lastik-sokme-takma-cihazirotaryborn-in-usakendo-30-light-premium\/\",\"name\":\"Lastik S\\u00f6kme Takma Cihaz\\u0131 ROTARY(Born in USA) Kendo.30 Light Premium - Bak\\u0131rc\\u0131 Garagineering\",\"isPartOf\":{\"@id\":\"https:\/\/bakirci.com\/ekipman\/#website\"},\"primaryImageOfPage\":{\"@id\":\"https:\/\/bakirci.com\/ekipman\/servis-ekipmanlari\/mekanik\/lastik-servis-ekipmanlari\/lastik-sokme-takmalar\/lastik-sokme-takma-cihazirotaryborn-in-usakendo-30-light-premium\/#primaryimage\"},\"datePublished\":\"2021-03-03T06:45:35+00:00\",\"dateModified\":\"2023-07-17T11:22:45+00:00\",\"breadcrumb\":{\"@id\":\"https:\/\/bakirci.com\/ekipman\/servis-ekipmanlari\/mekanik\/lastik-servis-ekipmanlari\/lastik-sokme-takmalar\/lastik-sokme-takma-cihazirotaryborn-in-usakendo-30-light-premium\/#breadcrumb\"},\"inLanguage\":\"tr\",\"potentialAction\":[{\"@type\":\"ReadAction\",\"target\":[\"https:\/\/bakirci.com\/ekipman\/servis-ekipmanlari\/mekanik\/lastik-servis-ekipmanlari\/lastik-sokme-takmalar\/lastik-sokme-takma-cihazirotaryborn-in-usakendo-30-light-premium\/\"]}]},{\"@type\":\"BreadcrumbList\",\"@id\":\"https:\/\/bakirci.com\/ekipman\/servis-ekipmanlari\/mekanik\/lastik-servis-ekipmanlari\/lastik-sokme-takmalar\/lastik-sokme-takma-cihazirotaryborn-in-usakendo-30-light-premium\/#breadcrumb\",\"itemListElement\":[{\"@type\":\"ListItem\",\"position\":1,\"name\":\"Ekipman\",\"item\":\"https:\/\/bakirci.com\/ekipman\/\"},{\"@type\":\"ListItem\",\"position\":2,\"name\":\"Otomotiv Tesisleri \\u0130\\u00e7in Servis Ekipmanlar\\u0131\",\"item\":\"https:\/\/bakirci.com\/ekipman\/\"},{\"@type\":\"ListItem\",\"position\":3,\"name\":\"Lastik S\\u00f6kme Takma Cihaz\\u0131ROTARY(Born in USA)Kendo.30 Light Premium\"}]}]}<\/script>\n<!-- \/ Yoast SEO plugin. -->","yoast_head_json":{"title":"Lastik S\u00f6kme Takma Cihaz\u0131ROTARY(Born in USA)Kendo.30 Light Premium - Bak\u0131rc\u0131 Garagineering","robots":{"index":"index","follow":"follow","max-snippet":"max-snippet:-1","max-image-preview":"max-image-preview:large","max-video-preview":"max-video-preview:-1"},"canonical":"https:\/\/bakirci.com\/ekipman\/servis-ekipmanlari\/mekanik\/lastik-servis-ekipmanlari\/lastik-sokme-takmalar\/lastik-sokme-takma-cihazirotaryborn-in-usakendo-30-light-premium\/","og_locale":"tr_TR","og_type":"article","og_title":"Lastik S\u00f6kme Takma Cihaz\u0131ROTARY(Born in USA)Kendo.30 Light Premium - Bak\u0131rc\u0131 Garagineering","og_description":"Yeni nesil levyesiz otomatik lastik s\u00f6kme takma cihaz\u0131  \u00d6zel geli\u015ftirilmi\u015f mesafe sens\u00f6rleri sayesinde topuklara zarar vermeden yanak d\u00fc\u015f\u00fcrme  \u00dc\u00e7 pozisyonlu g\u00f6bekten ba\u011flama sistemi  Lastik montaj ve demontaj esnas\u0131nda janta zarar vermeyen \u00f6zel plastik ve katlanabilir donan\u0131m  Lastik yanak bast\u0131rma kolu  \u0130nverterli motor teknolojisi ile istenilen h\u0131zda \u00e7al\u0131\u015fma imkan\u0131  Lastik asans\u00f6r\u00fc sayesinde i\u015f\u00e7i sa\u011fl\u0131\u011f\u0131 ve g\u00fcvenli\u011fine uygun \u00e7al\u0131\u015fma imkan\u0131  \u00c7al\u0131\u015fma h\u0131z\u0131 0 - 16 rpm  Jant ba\u011flama 10\" - 30\", jant geni\u015fli\u011fi 15\"  Maksimum tekerlek \u00e7ap\u0131 1143 mm  Topuk d\u00fc\u015f\u00fcrme g\u00fcc\u00fc 12000 Nm  \u00c7al\u0131\u015fma bas\u0131nc\u0131 8 bar","og_url":"https:\/\/bakirci.com\/ekipman\/servis-ekipmanlari\/mekanik\/lastik-servis-ekipmanlari\/lastik-sokme-takmalar\/lastik-sokme-takma-cihazirotaryborn-in-usakendo-30-light-premium\/","og_site_name":"Bak\u0131rc\u0131 Garagineering","article_publisher":"https:\/\/www.facebook.com\/bakirci.garagineering","article_modified_time":"2023-07-17T11:22:45+00:00","og_image":[{"width":1080,"height":1080,"filesize":686642,"url":"https:\/\/bakirci.com\/ekipman\/wp-content\/uploads\/2023\/07\/Lastik-Sokme-Takma-Cihazi-\u2013-Kendo.30-Light-Premium.png","path":"\/home\/bakirciwebsitesi\/public_html\/ekipman\/wp-content\/uploads\/2023\/07\/Lastik-Sokme-Takma-Cihazi-\u2013-Kendo.30-Light-Premium.png","size":"full","id":6318,"alt":"","pixels":1166400,"type":"image\/png"}],"twitter_card":"summary_large_image","twitter_misc":{"Tahmini okuma s\u00fcresi":"1 dakika"},"schema":{"@context":"https:\/\/schema.org","@graph":[{"@type":"Organization","@id":"https:\/\/bakirci.com\/ekipman\/#organization","name":"Bak\u0131rc\u0131 garagineering","url":"https:\/\/bakirci.com\/ekipman\/","sameAs":["https:\/\/www.facebook.com\/bakirci.garagineering","https:\/\/www.instagram.com\/bakirci.garagineering\/","https:\/\/www.linkedin.com\/company\/bakirci-garagineering\/","https:\/\/www.youtube.com\/channel\/UCiVG6s_jALJ6Zk8085XiOQg"],"logo":{"@type":"ImageObject","@id":"https:\/\/bakirci.com\/ekipman\/#logo","inLanguage":"tr","url":"https:\/\/bakirci.com\/ekipman\/wp-content\/uploads\/2021\/09\/Bakirci-logo-lacivert.png","contentUrl":"https:\/\/bakirci.com\/ekipman\/wp-content\/uploads\/2021\/09\/Bakirci-logo-lacivert.png","width":501,"height":501,"caption":"Bak\u0131rc\u0131 garagineering"},"image":{"@id":"https:\/\/bakirci.com\/ekipman\/#logo"}},{"@type":"WebSite","@id":"https:\/\/bakirci.com\/ekipman\/#website","url":"https:\/\/bakirci.com\/ekipman\/","name":"Bak\u0131rc\u0131 Garagineering","description":"Otomotiv sekt\u00f6r\u00fcne \u00f6zel, \u201c\u00dcretici Standard\u0131nda\u201d \u00e7\u00f6z\u00fcmler\u2026","publisher":{"@id":"https:\/\/bakirci.com\/ekipman\/#organization"},"potentialAction":[{"@type":"SearchAction","target":{"@type":"EntryPoint","urlTemplate":"https:\/\/bakirci.com\/ekipman\/?s={search_term_string}"},"query-input":"required name=search_term_string"}],"inLanguage":"tr"},{"@type":"ImageObject","@id":"https:\/\/bakirci.com\/ekipman\/servis-ekipmanlari\/mekanik\/lastik-servis-ekipmanlari\/lastik-sokme-takmalar\/lastik-sokme-takma-cihazirotaryborn-in-usakendo-30-light-premium\/#primaryimage","inLanguage":"tr","url":"https:\/\/bakirci.com\/ekipman\/wp-content\/uploads\/2023\/07\/Lastik-Sokme-Takma-Cihazi-\u2013-Kendo.30-Light-Premium.png","contentUrl":"https:\/\/bakirci.com\/ekipman\/wp-content\/uploads\/2023\/07\/Lastik-Sokme-Takma-Cihazi-\u2013-Kendo.30-Light-Premium.png","width":1080,"height":1080},{"@type":"WebPage","@id":"https:\/\/bakirci.com\/ekipman\/servis-ekipmanlari\/mekanik\/lastik-servis-ekipmanlari\/lastik-sokme-takmalar\/lastik-sokme-takma-cihazirotaryborn-in-usakendo-30-light-premium\/#webpage","url":"https:\/\/bakirci.com\/ekipman\/servis-ekipmanlari\/mekanik\/lastik-servis-ekipmanlari\/lastik-sokme-takmalar\/lastik-sokme-takma-cihazirotaryborn-in-usakendo-30-light-premium\/","name":"Lastik S\u00f6kme Takma Cihaz\u0131 ROTARY(Born in USA) Kendo.30 Light Premium - Bak\u0131rc\u0131 Garagineering","isPartOf":{"@id":"https:\/\/bakirci.com\/ekipman\/#website"},"primaryImageOfPage":{"@id":"https:\/\/bakirci.com\/ekipman\/servis-ekipmanlari\/mekanik\/lastik-servis-ekipmanlari\/lastik-sokme-takmalar\/lastik-sokme-takma-cihazirotaryborn-in-usakendo-30-light-premium\/#primaryimage"},"datePublished":"2021-03-03T06:45:35+00:00","dateModified":"2023-07-17T11:22:45+00:00","breadcrumb":{"@id":"https:\/\/bakirci.com\/ekipman\/servis-ekipmanlari\/mekanik\/lastik-servis-ekipmanlari\/lastik-sokme-takmalar\/lastik-sokme-takma-cihazirotaryborn-in-usakendo-30-light-premium\/#breadcrumb"},"inLanguage":"tr","potentialAction":[{"@type":"ReadAction","target":["https:\/\/bakirci.com\/ekipman\/servis-ekipmanlari\/mekanik\/lastik-servis-ekipmanlari\/lastik-sokme-takmalar\/lastik-sokme-takma-cihazirotaryborn-in-usakendo-30-light-premium\/"]}]},{"@type":"BreadcrumbList","@id":"https:\/\/bakirci.com\/ekipman\/servis-ekipmanlari\/mekanik\/lastik-servis-ekipmanlari\/lastik-sokme-takmalar\/lastik-sokme-takma-cihazirotaryborn-in-usakendo-30-light-premium\/#breadcrumb","itemListElement":[{"@type":"ListItem","position":1,"name":"Ekipman","item":"https:\/\/bakirci.com\/ekipman\/"},{"@type":"ListItem","position":2,"name":"Otomotiv Tesisleri \u0130\u00e7in Servis Ekipmanlar\u0131","item":"https:\/\/bakirci.com\/ekipman\/"},{"@type":"ListItem","position":3,"name":"Lastik S\u00f6kme Takma Cihaz\u0131ROTARY(Born in USA)Kendo.30 Light Premium"}]}]}},"_links":{"self":[{"href":"https:\/\/bakirci.com\/ekipman\/wp-json\/wp\/v2\/product\/6176","targetHints":{"allow":["GET"]}}],"collection":[{"href":"https:\/\/bakirci.com\/ekipman\/wp-json\/wp\/v2\/product"}],"about":[{"href":"https:\/\/bakirci.com\/ekipman\/wp-json\/wp\/v2\/types\/product"}],"replies":[{"embeddable":true,"href":"https:\/\/bakirci.com\/ekipman\/wp-json\/wp\/v2\/comments?post=6176"}],"wp:featuredmedia":[{"embeddable":true,"href":"https:\/\/bakirci.com\/ekipman\/wp-json\/wp\/v2\/media\/6318"}],"wp:attachment":[{"href":"https:\/\/bakirci.com\/ekipman\/wp-json\/wp\/v2\/media?parent=6176"}],"wp:term":[{"taxonomy":"product_cat","embeddable":true,"href":"https:\/\/bakirci.com\/ekipman\/wp-json\/wp\/v2\/product_cat?post=6176"},{"taxonomy":"product_tag","embeddable":true,"href":"https:\/\/bakirci.com\/ekipman\/wp-json\/wp\/v2\/product_tag?post=6176"}],"curies":[{"name":"wp","href":"https:\/\/api.w.org\/{rel}","templated":true}]}}