{"id":6168,"date":"2021-06-01T09:16:11","date_gmt":"2021-06-01T09:16:11","guid":{"rendered":"https:\/\/bakirci.com\/ekipman\/?post_type=product&#038;p=6168"},"modified":"2023-07-17T10:51:48","modified_gmt":"2023-07-17T10:51:48","slug":"agir-ticari-arac-zemine-gomulu-pistonlu-hidrolik-liftrotary-born-in-usaduplex-t2-15-1900-r-vfkaldirma-kapasitesi-30000-kg","status":"publish","type":"product","link":"https:\/\/bakirci.com\/ekipman\/servis-ekipmanlari\/mekanik\/liftler\/gomulu-hidrolik-liftler\/agir-ticari-arac-zemine-gomulu-pistonlu-hidrolik-liftrotary-born-in-usaduplex-t2-15-1900-r-vfkaldirma-kapasitesi-30000-kg\/","title":{"rendered":"<p class=\"ustmetin\">A\u011f\u0131r Ticari Ara\u00e7 Zemine G\u00f6m\u00fcl\u00fc Pistonlu Hidrolik Lift<\/p><p class=\"ortametin\">ROTARY <span class=\"ortametin2\">(Born in USA)<\/span><\/p><p class=\"altmetin\">Duplex T2-15-1900-R-VF<br>Kald\u0131rma kapasitesi 30000 kg<\/p>"},"content":{"rendered":"<ul>\n<li>Patentli ISA &#8211; Duplex \u00e7ift etkili piston sistemi ile emniyet ve senkronizasyon<\/li>\n<li>Nitro &#8211; Dif\u00fczyon teknolojisi ile \u00fcretilmi\u015f patentli ve sertle\u015ftirilmi\u015f krom kapl\u0131 piston yap\u0131s\u0131<\/li>\n<li>Farkl\u0131 aks mesafesi olan ara\u00e7lar i\u00e7in pistonlar\u0131n ba\u011f\u0131ms\u0131z \u00e7al\u0131\u015ft\u0131r\u0131labilmesi<\/li>\n<li>Teker ba\u015f\u0131na 4000 kg y\u00fcke dayan\u0131kl\u0131, galvanizli, kayar tip &#8220;Flexcover&#8221; \u00e7ukur kapa\u011f\u0131<\/li>\n<li>Sabit kontrol panosu ve seyyar uzaktan kumanda<\/li>\n<li>Her piston i\u00e7in aks kald\u0131rma traversi ve adapt\u00f6r seti<\/li>\n<li>1 sabit, 1 hareketli ayarlanabilir piston sistemi<\/li>\n<li>Kald\u0131rma kapasitesi 2 x 15.000 kg (toplam 30.000 kg)<\/li>\n<li>Kald\u0131rma pistonu stroku 1900 mm<\/li>\n<li>Y\u00fckl\u00fc kald\u0131rma s\u00fcresi 85 sn<\/li>\n<\/ul>\n","protected":false},"excerpt":{"rendered":"<ul>\n<li>Patentli ISA &#8211; Duplex \u00e7ift etkili piston sistemi ile emniyet ve senkronizasyon<\/li>\n<li>Nitro &#8211; Dif\u00fczyon teknolojisi ile \u00fcretilmi\u015f patentli ve sertle\u015ftirilmi\u015f krom kapl\u0131 piston yap\u0131s\u0131<\/li>\n<li>Farkl\u0131 aks mesafesi olan ara\u00e7lar i\u00e7in pistonlar\u0131n ba\u011f\u0131ms\u0131z \u00e7al\u0131\u015ft\u0131r\u0131labilmesi<\/li>\n<li>Teker ba\u015f\u0131na 4000 kg y\u00fcke dayan\u0131kl\u0131, galvanizli, kayar tip &#8220;Flexcover&#8221; \u00e7ukur kapa\u011f\u0131<\/li>\n<li>Sabit kontrol panosu ve seyyar uzaktan kumanda<\/li>\n<li>Her piston i\u00e7in aks kald\u0131rma traversi ve adapt\u00f6r seti<\/li>\n<li>1 sabit, 1 hareketli ayarlanabilir piston sistemi<\/li>\n<li>Kald\u0131rma kapasitesi 2 x 15.000 kg (toplam 30.000 kg)<\/li>\n<li>Kald\u0131rma pistonu stroku 1900 mm<\/li>\n<li>Y\u00fckl\u00fc kald\u0131rma s\u00fcresi 85 sn<\/li>\n<\/ul>\n","protected":false},"featured_media":6311,"comment_status":"open","ping_status":"closed","template":"","meta":[],"product_cat":[172],"product_tag":[],"class_list":["post-6168","product","type-product","status-publish","has-post-thumbnail","hentry","pwb-brand-rotary","product_cat-gomulu-hidrolik-liftler"],"brands":[{"id":366,"name":"ROTARY","slug":"rotary"}],"yoast_head":"<!-- This site is optimized with the Yoast SEO plugin v17.1 - https:\/\/yoast.com\/wordpress\/plugins\/seo\/ -->\n<title>A\u011f\u0131r Ticari Ara\u00e7 Zemine G\u00f6m\u00fcl\u00fc Pistonlu Hidrolik LiftROTARY (Born in USA)Duplex T2-15-1900-R-VFKald\u0131rma kapasitesi 30000 kg - Bak\u0131rc\u0131 Garagineering<\/title>\n<meta name=\"robots\" content=\"index, follow, max-snippet:-1, max-image-preview:large, max-video-preview:-1\" \/>\n<link rel=\"canonical\" href=\"https:\/\/bakirci.com\/ekipman\/servis-ekipmanlari\/mekanik\/liftler\/gomulu-hidrolik-liftler\/agir-ticari-arac-zemine-gomulu-pistonlu-hidrolik-liftrotary-born-in-usaduplex-t2-15-1900-r-vfkaldirma-kapasitesi-30000-kg\/\" \/>\n<meta property=\"og:locale\" content=\"tr_TR\" \/>\n<meta property=\"og:type\" content=\"article\" \/>\n<meta property=\"og:title\" content=\"A\u011f\u0131r Ticari Ara\u00e7 Zemine G\u00f6m\u00fcl\u00fc Pistonlu Hidrolik LiftROTARY (Born in USA)Duplex T2-15-1900-R-VFKald\u0131rma kapasitesi 30000 kg - Bak\u0131rc\u0131 Garagineering\" \/>\n<meta property=\"og:description\" content=\"Patentli ISA - Duplex \u00e7ift etkili piston sistemi ile emniyet ve senkronizasyon  Nitro - Dif\u00fczyon teknolojisi ile \u00fcretilmi\u015f patentli ve sertle\u015ftirilmi\u015f krom kapl\u0131 piston yap\u0131s\u0131  Farkl\u0131 aks mesafesi olan ara\u00e7lar i\u00e7in pistonlar\u0131n ba\u011f\u0131ms\u0131z \u00e7al\u0131\u015ft\u0131r\u0131labilmesi  Teker ba\u015f\u0131na 4000 kg y\u00fcke dayan\u0131kl\u0131, galvanizli, kayar tip &quot;Flexcover&quot; \u00e7ukur kapa\u011f\u0131  Sabit kontrol panosu ve seyyar uzaktan kumanda  Her piston i\u00e7in aks kald\u0131rma traversi ve adapt\u00f6r seti  1 sabit, 1 hareketli ayarlanabilir piston sistemi  Kald\u0131rma kapasitesi 2 x 15.000 kg (toplam 30.000 kg)  Kald\u0131rma pistonu stroku 1900 mm  Y\u00fckl\u00fc kald\u0131rma s\u00fcresi 85 sn\" \/>\n<meta property=\"og:url\" content=\"https:\/\/bakirci.com\/ekipman\/servis-ekipmanlari\/mekanik\/liftler\/gomulu-hidrolik-liftler\/agir-ticari-arac-zemine-gomulu-pistonlu-hidrolik-liftrotary-born-in-usaduplex-t2-15-1900-r-vfkaldirma-kapasitesi-30000-kg\/\" \/>\n<meta property=\"og:site_name\" content=\"Bak\u0131rc\u0131 Garagineering\" \/>\n<meta property=\"article:publisher\" content=\"https:\/\/www.facebook.com\/bakirci.garagineering\" \/>\n<meta property=\"article:modified_time\" content=\"2023-07-17T10:51:48+00:00\" \/>\n<meta property=\"og:image\" content=\"https:\/\/bakirci.com\/ekipman\/wp-content\/uploads\/2023\/07\/Agir-Ticari-Arac-Zemine-Gomulu-Pistonlu-Hidrolik-Lift-Duplex-T2-15-1900-R-VF.png\" \/>\n\t<meta property=\"og:image:width\" content=\"1080\" \/>\n\t<meta property=\"og:image:height\" content=\"1080\" \/>\n<meta name=\"twitter:card\" content=\"summary_large_image\" \/>\n<meta name=\"twitter:label1\" content=\"Tahmini okuma s\u00fcresi\" \/>\n\t<meta name=\"twitter:data1\" content=\"1 dakika\" \/>\n<script type=\"application\/ld+json\" class=\"yoast-schema-graph\">{\"@context\":\"https:\/\/schema.org\",\"@graph\":[{\"@type\":\"Organization\",\"@id\":\"https:\/\/bakirci.com\/ekipman\/#organization\",\"name\":\"Bak\\u0131rc\\u0131 garagineering\",\"url\":\"https:\/\/bakirci.com\/ekipman\/\",\"sameAs\":[\"https:\/\/www.facebook.com\/bakirci.garagineering\",\"https:\/\/www.instagram.com\/bakirci.garagineering\/\",\"https:\/\/www.linkedin.com\/company\/bakirci-garagineering\/\",\"https:\/\/www.youtube.com\/channel\/UCiVG6s_jALJ6Zk8085XiOQg\"],\"logo\":{\"@type\":\"ImageObject\",\"@id\":\"https:\/\/bakirci.com\/ekipman\/#logo\",\"inLanguage\":\"tr\",\"url\":\"https:\/\/bakirci.com\/ekipman\/wp-content\/uploads\/2021\/09\/Bakirci-logo-lacivert.png\",\"contentUrl\":\"https:\/\/bakirci.com\/ekipman\/wp-content\/uploads\/2021\/09\/Bakirci-logo-lacivert.png\",\"width\":501,\"height\":501,\"caption\":\"Bak\\u0131rc\\u0131 garagineering\"},\"image\":{\"@id\":\"https:\/\/bakirci.com\/ekipman\/#logo\"}},{\"@type\":\"WebSite\",\"@id\":\"https:\/\/bakirci.com\/ekipman\/#website\",\"url\":\"https:\/\/bakirci.com\/ekipman\/\",\"name\":\"Bak\\u0131rc\\u0131 Garagineering\",\"description\":\"Otomotiv sekt\\u00f6r\\u00fcne \\u00f6zel, \\u201c\\u00dcretici Standard\\u0131nda\\u201d \\u00e7\\u00f6z\\u00fcmler\\u2026\",\"publisher\":{\"@id\":\"https:\/\/bakirci.com\/ekipman\/#organization\"},\"potentialAction\":[{\"@type\":\"SearchAction\",\"target\":{\"@type\":\"EntryPoint\",\"urlTemplate\":\"https:\/\/bakirci.com\/ekipman\/?s={search_term_string}\"},\"query-input\":\"required name=search_term_string\"}],\"inLanguage\":\"tr\"},{\"@type\":\"ImageObject\",\"@id\":\"https:\/\/bakirci.com\/ekipman\/servis-ekipmanlari\/mekanik\/liftler\/gomulu-hidrolik-liftler\/agir-ticari-arac-zemine-gomulu-pistonlu-hidrolik-liftrotary-born-in-usaduplex-t2-15-1900-r-vfkaldirma-kapasitesi-30000-kg\/#primaryimage\",\"inLanguage\":\"tr\",\"url\":\"https:\/\/bakirci.com\/ekipman\/wp-content\/uploads\/2023\/07\/Agir-Ticari-Arac-Zemine-Gomulu-Pistonlu-Hidrolik-Lift-Duplex-T2-15-1900-R-VF.png\",\"contentUrl\":\"https:\/\/bakirci.com\/ekipman\/wp-content\/uploads\/2023\/07\/Agir-Ticari-Arac-Zemine-Gomulu-Pistonlu-Hidrolik-Lift-Duplex-T2-15-1900-R-VF.png\",\"width\":1080,\"height\":1080},{\"@type\":\"WebPage\",\"@id\":\"https:\/\/bakirci.com\/ekipman\/servis-ekipmanlari\/mekanik\/liftler\/gomulu-hidrolik-liftler\/agir-ticari-arac-zemine-gomulu-pistonlu-hidrolik-liftrotary-born-in-usaduplex-t2-15-1900-r-vfkaldirma-kapasitesi-30000-kg\/#webpage\",\"url\":\"https:\/\/bakirci.com\/ekipman\/servis-ekipmanlari\/mekanik\/liftler\/gomulu-hidrolik-liftler\/agir-ticari-arac-zemine-gomulu-pistonlu-hidrolik-liftrotary-born-in-usaduplex-t2-15-1900-r-vfkaldirma-kapasitesi-30000-kg\/\",\"name\":\"A\\u011f\\u0131r Ticari Ara\\u00e7 Zemine G\\u00f6m\\u00fcl\\u00fc Pistonlu Hidrolik Lift ROTARY (Born in USA) Duplex T2-15-1900-R-VF Kald\\u0131rma kapasitesi 30000 kg - Bak\\u0131rc\\u0131 Garagineering\",\"isPartOf\":{\"@id\":\"https:\/\/bakirci.com\/ekipman\/#website\"},\"primaryImageOfPage\":{\"@id\":\"https:\/\/bakirci.com\/ekipman\/servis-ekipmanlari\/mekanik\/liftler\/gomulu-hidrolik-liftler\/agir-ticari-arac-zemine-gomulu-pistonlu-hidrolik-liftrotary-born-in-usaduplex-t2-15-1900-r-vfkaldirma-kapasitesi-30000-kg\/#primaryimage\"},\"datePublished\":\"2021-06-01T09:16:11+00:00\",\"dateModified\":\"2023-07-17T10:51:48+00:00\",\"breadcrumb\":{\"@id\":\"https:\/\/bakirci.com\/ekipman\/servis-ekipmanlari\/mekanik\/liftler\/gomulu-hidrolik-liftler\/agir-ticari-arac-zemine-gomulu-pistonlu-hidrolik-liftrotary-born-in-usaduplex-t2-15-1900-r-vfkaldirma-kapasitesi-30000-kg\/#breadcrumb\"},\"inLanguage\":\"tr\",\"potentialAction\":[{\"@type\":\"ReadAction\",\"target\":[\"https:\/\/bakirci.com\/ekipman\/servis-ekipmanlari\/mekanik\/liftler\/gomulu-hidrolik-liftler\/agir-ticari-arac-zemine-gomulu-pistonlu-hidrolik-liftrotary-born-in-usaduplex-t2-15-1900-r-vfkaldirma-kapasitesi-30000-kg\/\"]}]},{\"@type\":\"BreadcrumbList\",\"@id\":\"https:\/\/bakirci.com\/ekipman\/servis-ekipmanlari\/mekanik\/liftler\/gomulu-hidrolik-liftler\/agir-ticari-arac-zemine-gomulu-pistonlu-hidrolik-liftrotary-born-in-usaduplex-t2-15-1900-r-vfkaldirma-kapasitesi-30000-kg\/#breadcrumb\",\"itemListElement\":[{\"@type\":\"ListItem\",\"position\":1,\"name\":\"Ekipman\",\"item\":\"https:\/\/bakirci.com\/ekipman\/\"},{\"@type\":\"ListItem\",\"position\":2,\"name\":\"Otomotiv Tesisleri \\u0130\\u00e7in Servis Ekipmanlar\\u0131\",\"item\":\"https:\/\/bakirci.com\/ekipman\/\"},{\"@type\":\"ListItem\",\"position\":3,\"name\":\"A\\u011f\\u0131r Ticari Ara\\u00e7 Zemine G\\u00f6m\\u00fcl\\u00fc Pistonlu Hidrolik LiftROTARY (Born in USA)Duplex T2-15-1900-R-VFKald\\u0131rma kapasitesi 30000 kg\"}]}]}<\/script>\n<!-- \/ Yoast SEO plugin. -->","yoast_head_json":{"title":"A\u011f\u0131r Ticari Ara\u00e7 Zemine G\u00f6m\u00fcl\u00fc Pistonlu Hidrolik LiftROTARY (Born in USA)Duplex T2-15-1900-R-VFKald\u0131rma kapasitesi 30000 kg - Bak\u0131rc\u0131 Garagineering","robots":{"index":"index","follow":"follow","max-snippet":"max-snippet:-1","max-image-preview":"max-image-preview:large","max-video-preview":"max-video-preview:-1"},"canonical":"https:\/\/bakirci.com\/ekipman\/servis-ekipmanlari\/mekanik\/liftler\/gomulu-hidrolik-liftler\/agir-ticari-arac-zemine-gomulu-pistonlu-hidrolik-liftrotary-born-in-usaduplex-t2-15-1900-r-vfkaldirma-kapasitesi-30000-kg\/","og_locale":"tr_TR","og_type":"article","og_title":"A\u011f\u0131r Ticari Ara\u00e7 Zemine G\u00f6m\u00fcl\u00fc Pistonlu Hidrolik LiftROTARY (Born in USA)Duplex T2-15-1900-R-VFKald\u0131rma kapasitesi 30000 kg - Bak\u0131rc\u0131 Garagineering","og_description":"Patentli ISA - Duplex \u00e7ift etkili piston sistemi ile emniyet ve senkronizasyon  Nitro - Dif\u00fczyon teknolojisi ile \u00fcretilmi\u015f patentli ve sertle\u015ftirilmi\u015f krom kapl\u0131 piston yap\u0131s\u0131  Farkl\u0131 aks mesafesi olan ara\u00e7lar i\u00e7in pistonlar\u0131n ba\u011f\u0131ms\u0131z \u00e7al\u0131\u015ft\u0131r\u0131labilmesi  Teker ba\u015f\u0131na 4000 kg y\u00fcke dayan\u0131kl\u0131, galvanizli, kayar tip \"Flexcover\" \u00e7ukur kapa\u011f\u0131  Sabit kontrol panosu ve seyyar uzaktan kumanda  Her piston i\u00e7in aks kald\u0131rma traversi ve adapt\u00f6r seti  1 sabit, 1 hareketli ayarlanabilir piston sistemi  Kald\u0131rma kapasitesi 2 x 15.000 kg (toplam 30.000 kg)  Kald\u0131rma pistonu stroku 1900 mm  Y\u00fckl\u00fc kald\u0131rma s\u00fcresi 85 sn","og_url":"https:\/\/bakirci.com\/ekipman\/servis-ekipmanlari\/mekanik\/liftler\/gomulu-hidrolik-liftler\/agir-ticari-arac-zemine-gomulu-pistonlu-hidrolik-liftrotary-born-in-usaduplex-t2-15-1900-r-vfkaldirma-kapasitesi-30000-kg\/","og_site_name":"Bak\u0131rc\u0131 Garagineering","article_publisher":"https:\/\/www.facebook.com\/bakirci.garagineering","article_modified_time":"2023-07-17T10:51:48+00:00","og_image":[{"width":1080,"height":1080,"filesize":940041,"url":"https:\/\/bakirci.com\/ekipman\/wp-content\/uploads\/2023\/07\/Agir-Ticari-Arac-Zemine-Gomulu-Pistonlu-Hidrolik-Lift-Duplex-T2-15-1900-R-VF.png","path":"\/home\/bakirciwebsitesi\/public_html\/ekipman\/wp-content\/uploads\/2023\/07\/Agir-Ticari-Arac-Zemine-Gomulu-Pistonlu-Hidrolik-Lift-Duplex-T2-15-1900-R-VF.png","size":"full","id":6311,"alt":"","pixels":1166400,"type":"image\/png"}],"twitter_card":"summary_large_image","twitter_misc":{"Tahmini okuma s\u00fcresi":"1 dakika"},"schema":{"@context":"https:\/\/schema.org","@graph":[{"@type":"Organization","@id":"https:\/\/bakirci.com\/ekipman\/#organization","name":"Bak\u0131rc\u0131 garagineering","url":"https:\/\/bakirci.com\/ekipman\/","sameAs":["https:\/\/www.facebook.com\/bakirci.garagineering","https:\/\/www.instagram.com\/bakirci.garagineering\/","https:\/\/www.linkedin.com\/company\/bakirci-garagineering\/","https:\/\/www.youtube.com\/channel\/UCiVG6s_jALJ6Zk8085XiOQg"],"logo":{"@type":"ImageObject","@id":"https:\/\/bakirci.com\/ekipman\/#logo","inLanguage":"tr","url":"https:\/\/bakirci.com\/ekipman\/wp-content\/uploads\/2021\/09\/Bakirci-logo-lacivert.png","contentUrl":"https:\/\/bakirci.com\/ekipman\/wp-content\/uploads\/2021\/09\/Bakirci-logo-lacivert.png","width":501,"height":501,"caption":"Bak\u0131rc\u0131 garagineering"},"image":{"@id":"https:\/\/bakirci.com\/ekipman\/#logo"}},{"@type":"WebSite","@id":"https:\/\/bakirci.com\/ekipman\/#website","url":"https:\/\/bakirci.com\/ekipman\/","name":"Bak\u0131rc\u0131 Garagineering","description":"Otomotiv sekt\u00f6r\u00fcne \u00f6zel, \u201c\u00dcretici Standard\u0131nda\u201d \u00e7\u00f6z\u00fcmler\u2026","publisher":{"@id":"https:\/\/bakirci.com\/ekipman\/#organization"},"potentialAction":[{"@type":"SearchAction","target":{"@type":"EntryPoint","urlTemplate":"https:\/\/bakirci.com\/ekipman\/?s={search_term_string}"},"query-input":"required name=search_term_string"}],"inLanguage":"tr"},{"@type":"ImageObject","@id":"https:\/\/bakirci.com\/ekipman\/servis-ekipmanlari\/mekanik\/liftler\/gomulu-hidrolik-liftler\/agir-ticari-arac-zemine-gomulu-pistonlu-hidrolik-liftrotary-born-in-usaduplex-t2-15-1900-r-vfkaldirma-kapasitesi-30000-kg\/#primaryimage","inLanguage":"tr","url":"https:\/\/bakirci.com\/ekipman\/wp-content\/uploads\/2023\/07\/Agir-Ticari-Arac-Zemine-Gomulu-Pistonlu-Hidrolik-Lift-Duplex-T2-15-1900-R-VF.png","contentUrl":"https:\/\/bakirci.com\/ekipman\/wp-content\/uploads\/2023\/07\/Agir-Ticari-Arac-Zemine-Gomulu-Pistonlu-Hidrolik-Lift-Duplex-T2-15-1900-R-VF.png","width":1080,"height":1080},{"@type":"WebPage","@id":"https:\/\/bakirci.com\/ekipman\/servis-ekipmanlari\/mekanik\/liftler\/gomulu-hidrolik-liftler\/agir-ticari-arac-zemine-gomulu-pistonlu-hidrolik-liftrotary-born-in-usaduplex-t2-15-1900-r-vfkaldirma-kapasitesi-30000-kg\/#webpage","url":"https:\/\/bakirci.com\/ekipman\/servis-ekipmanlari\/mekanik\/liftler\/gomulu-hidrolik-liftler\/agir-ticari-arac-zemine-gomulu-pistonlu-hidrolik-liftrotary-born-in-usaduplex-t2-15-1900-r-vfkaldirma-kapasitesi-30000-kg\/","name":"A\u011f\u0131r Ticari Ara\u00e7 Zemine G\u00f6m\u00fcl\u00fc Pistonlu Hidrolik Lift ROTARY (Born in USA) Duplex T2-15-1900-R-VF Kald\u0131rma kapasitesi 30000 kg - Bak\u0131rc\u0131 Garagineering","isPartOf":{"@id":"https:\/\/bakirci.com\/ekipman\/#website"},"primaryImageOfPage":{"@id":"https:\/\/bakirci.com\/ekipman\/servis-ekipmanlari\/mekanik\/liftler\/gomulu-hidrolik-liftler\/agir-ticari-arac-zemine-gomulu-pistonlu-hidrolik-liftrotary-born-in-usaduplex-t2-15-1900-r-vfkaldirma-kapasitesi-30000-kg\/#primaryimage"},"datePublished":"2021-06-01T09:16:11+00:00","dateModified":"2023-07-17T10:51:48+00:00","breadcrumb":{"@id":"https:\/\/bakirci.com\/ekipman\/servis-ekipmanlari\/mekanik\/liftler\/gomulu-hidrolik-liftler\/agir-ticari-arac-zemine-gomulu-pistonlu-hidrolik-liftrotary-born-in-usaduplex-t2-15-1900-r-vfkaldirma-kapasitesi-30000-kg\/#breadcrumb"},"inLanguage":"tr","potentialAction":[{"@type":"ReadAction","target":["https:\/\/bakirci.com\/ekipman\/servis-ekipmanlari\/mekanik\/liftler\/gomulu-hidrolik-liftler\/agir-ticari-arac-zemine-gomulu-pistonlu-hidrolik-liftrotary-born-in-usaduplex-t2-15-1900-r-vfkaldirma-kapasitesi-30000-kg\/"]}]},{"@type":"BreadcrumbList","@id":"https:\/\/bakirci.com\/ekipman\/servis-ekipmanlari\/mekanik\/liftler\/gomulu-hidrolik-liftler\/agir-ticari-arac-zemine-gomulu-pistonlu-hidrolik-liftrotary-born-in-usaduplex-t2-15-1900-r-vfkaldirma-kapasitesi-30000-kg\/#breadcrumb","itemListElement":[{"@type":"ListItem","position":1,"name":"Ekipman","item":"https:\/\/bakirci.com\/ekipman\/"},{"@type":"ListItem","position":2,"name":"Otomotiv Tesisleri \u0130\u00e7in Servis Ekipmanlar\u0131","item":"https:\/\/bakirci.com\/ekipman\/"},{"@type":"ListItem","position":3,"name":"A\u011f\u0131r Ticari Ara\u00e7 Zemine G\u00f6m\u00fcl\u00fc Pistonlu Hidrolik LiftROTARY (Born in USA)Duplex T2-15-1900-R-VFKald\u0131rma kapasitesi 30000 kg"}]}]}},"_links":{"self":[{"href":"https:\/\/bakirci.com\/ekipman\/wp-json\/wp\/v2\/product\/6168","targetHints":{"allow":["GET"]}}],"collection":[{"href":"https:\/\/bakirci.com\/ekipman\/wp-json\/wp\/v2\/product"}],"about":[{"href":"https:\/\/bakirci.com\/ekipman\/wp-json\/wp\/v2\/types\/product"}],"replies":[{"embeddable":true,"href":"https:\/\/bakirci.com\/ekipman\/wp-json\/wp\/v2\/comments?post=6168"}],"wp:featuredmedia":[{"embeddable":true,"href":"https:\/\/bakirci.com\/ekipman\/wp-json\/wp\/v2\/media\/6311"}],"wp:attachment":[{"href":"https:\/\/bakirci.com\/ekipman\/wp-json\/wp\/v2\/media?parent=6168"}],"wp:term":[{"taxonomy":"product_cat","embeddable":true,"href":"https:\/\/bakirci.com\/ekipman\/wp-json\/wp\/v2\/product_cat?post=6168"},{"taxonomy":"product_tag","embeddable":true,"href":"https:\/\/bakirci.com\/ekipman\/wp-json\/wp\/v2\/product_tag?post=6168"}],"curies":[{"name":"wp","href":"https:\/\/api.w.org\/{rel}","templated":true}]}}