{"id":6167,"date":"2021-02-03T02:31:03","date_gmt":"2021-02-03T02:31:03","guid":{"rendered":"https:\/\/bakirci.com\/ekipman\/?post_type=product&#038;p=6167"},"modified":"2023-07-17T10:47:30","modified_gmt":"2023-07-17T10:47:30","slug":"seyyar-elektrohidrolik-tekerlekten-kaldirma-liftirotary-born-in-usahydrolift-s2-6-8-2kaldirma-kapasitesi-49200kg","status":"publish","type":"product","link":"https:\/\/bakirci.com\/ekipman\/servis-ekipmanlari\/mekanik\/liftler\/seyyar-kaldirma-liftleri\/seyyar-elektrohidrolik-tekerlekten-kaldirma-liftirotary-born-in-usahydrolift-s2-6-8-2kaldirma-kapasitesi-49200kg\/","title":{"rendered":"<p class=\"ustmetin\">Seyyar Elektrohidrolik Tekerlekten Kald\u0131rma Lifti<\/p><p class=\"ortametin\">ROTARY <span class=\"ortametin2\">(Born in USA)<\/span><\/p><p class=\"altmetin\">HydroLift S2 6-8.2<br>Kald\u0131rma kapasitesi 49200kg<\/p>"},"content":{"rendered":"<ul>\n<li>Elektronik senkronizasyonlu kald\u0131rma lifti (6 adet)<\/li>\n<li>\u0130\u00e7 mekan kullan\u0131m\u0131na uygun<\/li>\n<li>S\u00fctunlar aras\u0131 ba\u011flant\u0131 olmadan kablosuz batarya ile kullan\u0131m<\/li>\n<li>Tam \u015farjda 15 defa indirme kald\u0131rma i\u015flemi<\/li>\n<li>S\u00fctunlara entegre \u015farj cihaz\u0131 sayesinde kullan\u0131m s\u0131ras\u0131nda \u015farj imkan\u0131<\/li>\n<li>S\u00fctun say\u0131s\u0131n\u0131 8&#8217;e \u00e7\u0131kar\u0131labilme imkan\u0131<\/li>\n<li>D\u0131\u015f etkenlere kar\u015f\u0131 \u00e7elik boru ile kaplanm\u0131\u015f piston korumas\u0131<\/li>\n<li>\u00c7ift y\u00fck korumas\u0131, hidrolik olarak kesme ve mekanik kitleme<\/li>\n<li>T\u00fcm s\u00fctunlarda acil durdurma \u015falteri<\/li>\n<li>Toplam kald\u0131rma kapasitesi 49200 kg (1xLift 8200 kg)<\/li>\n<li>Kald\u0131rma y\u00fcksekli\u011fi 1759 mm<\/li>\n<li>Lastik ebat\u0131 10 &#8211; 22.5&#8243;<\/li>\n<\/ul>\n","protected":false},"excerpt":{"rendered":"<ul>\n<li>Elektronik senkronizasyonlu kald\u0131rma lifti (6 adet)<\/li>\n<li>\u0130\u00e7 mekan kullan\u0131m\u0131na uygun<\/li>\n<li>S\u00fctunlar aras\u0131 ba\u011flant\u0131 olmadan kablosuz batarya ile kullan\u0131m<\/li>\n<li>Tam \u015farjda 15 defa indirme kald\u0131rma i\u015flemi<\/li>\n<li>S\u00fctunlara entegre \u015farj cihaz\u0131 sayesinde kullan\u0131m s\u0131ras\u0131nda \u015farj imkan\u0131<\/li>\n<li>S\u00fctun say\u0131s\u0131n\u0131 8&#8217;e \u00e7\u0131kar\u0131labilme imkan\u0131<\/li>\n<li>D\u0131\u015f etkenlere kar\u015f\u0131 \u00e7elik boru ile kaplanm\u0131\u015f piston korumas\u0131<\/li>\n<li>\u00c7ift y\u00fck korumas\u0131, hidrolik olarak kesme ve mekanik kitleme<\/li>\n<li>T\u00fcm s\u00fctunlarda acil durdurma \u015falteri<\/li>\n<li>Toplam kald\u0131rma kapasitesi 49200 kg (1xLift 8200 kg)<\/li>\n<li>Kald\u0131rma y\u00fcksekli\u011fi 1759 mm<\/li>\n<li>Lastik ebat\u0131 10 &#8211; 22.5&#8243;<\/li>\n<\/ul>\n","protected":false},"featured_media":6309,"comment_status":"open","ping_status":"closed","template":"","meta":[],"product_cat":[171],"product_tag":[],"class_list":["post-6167","product","type-product","status-publish","has-post-thumbnail","hentry","pwb-brand-rotary","product_cat-seyyar-kaldirma-liftleri"],"brands":[{"id":366,"name":"ROTARY","slug":"rotary"}],"yoast_head":"<!-- This site is optimized with the Yoast SEO plugin v17.1 - https:\/\/yoast.com\/wordpress\/plugins\/seo\/ -->\n<title>Seyyar Elektrohidrolik Tekerlekten Kald\u0131rma LiftiROTARY (Born in USA)HydroLift S2 6-8.2Kald\u0131rma kapasitesi 49200kg - Bak\u0131rc\u0131 Garagineering<\/title>\n<meta name=\"robots\" content=\"index, follow, max-snippet:-1, max-image-preview:large, max-video-preview:-1\" \/>\n<link rel=\"canonical\" href=\"https:\/\/bakirci.com\/ekipman\/servis-ekipmanlari\/mekanik\/liftler\/seyyar-kaldirma-liftleri\/seyyar-elektrohidrolik-tekerlekten-kaldirma-liftirotary-born-in-usahydrolift-s2-6-8-2kaldirma-kapasitesi-49200kg\/\" \/>\n<meta property=\"og:locale\" content=\"tr_TR\" \/>\n<meta property=\"og:type\" content=\"article\" \/>\n<meta property=\"og:title\" content=\"Seyyar Elektrohidrolik Tekerlekten Kald\u0131rma LiftiROTARY (Born in USA)HydroLift S2 6-8.2Kald\u0131rma kapasitesi 49200kg - Bak\u0131rc\u0131 Garagineering\" \/>\n<meta property=\"og:description\" content=\"Elektronik senkronizasyonlu kald\u0131rma lifti (6 adet)  \u0130\u00e7 mekan kullan\u0131m\u0131na uygun  S\u00fctunlar aras\u0131 ba\u011flant\u0131 olmadan kablosuz batarya ile kullan\u0131m  Tam \u015farjda 15 defa indirme kald\u0131rma i\u015flemi  S\u00fctunlara entegre \u015farj cihaz\u0131 sayesinde kullan\u0131m s\u0131ras\u0131nda \u015farj imkan\u0131  S\u00fctun say\u0131s\u0131n\u0131 8&#039;e \u00e7\u0131kar\u0131labilme imkan\u0131  D\u0131\u015f etkenlere kar\u015f\u0131 \u00e7elik boru ile kaplanm\u0131\u015f piston korumas\u0131  \u00c7ift y\u00fck korumas\u0131, hidrolik olarak kesme ve mekanik kitleme  T\u00fcm s\u00fctunlarda acil durdurma \u015falteri  Toplam kald\u0131rma kapasitesi 49200 kg (1xLift 8200 kg)  Kald\u0131rma y\u00fcksekli\u011fi 1759 mm  Lastik ebat\u0131 10 - 22.5&quot;\" \/>\n<meta property=\"og:url\" content=\"https:\/\/bakirci.com\/ekipman\/servis-ekipmanlari\/mekanik\/liftler\/seyyar-kaldirma-liftleri\/seyyar-elektrohidrolik-tekerlekten-kaldirma-liftirotary-born-in-usahydrolift-s2-6-8-2kaldirma-kapasitesi-49200kg\/\" \/>\n<meta property=\"og:site_name\" content=\"Bak\u0131rc\u0131 Garagineering\" \/>\n<meta property=\"article:publisher\" content=\"https:\/\/www.facebook.com\/bakirci.garagineering\" \/>\n<meta property=\"article:modified_time\" content=\"2023-07-17T10:47:30+00:00\" \/>\n<meta property=\"og:image\" content=\"https:\/\/bakirci.com\/ekipman\/wp-content\/uploads\/2023\/07\/Seyyar-Elektrohidrolik-Tekerlekten-Kaldirma-Lifti-\u2013-HydroLift-S2-6-8.2.png\" \/>\n\t<meta property=\"og:image:width\" content=\"1080\" \/>\n\t<meta property=\"og:image:height\" content=\"1080\" \/>\n<meta name=\"twitter:card\" content=\"summary_large_image\" \/>\n<script type=\"application\/ld+json\" class=\"yoast-schema-graph\">{\"@context\":\"https:\/\/schema.org\",\"@graph\":[{\"@type\":\"Organization\",\"@id\":\"https:\/\/bakirci.com\/ekipman\/#organization\",\"name\":\"Bak\\u0131rc\\u0131 garagineering\",\"url\":\"https:\/\/bakirci.com\/ekipman\/\",\"sameAs\":[\"https:\/\/www.facebook.com\/bakirci.garagineering\",\"https:\/\/www.instagram.com\/bakirci.garagineering\/\",\"https:\/\/www.linkedin.com\/company\/bakirci-garagineering\/\",\"https:\/\/www.youtube.com\/channel\/UCiVG6s_jALJ6Zk8085XiOQg\"],\"logo\":{\"@type\":\"ImageObject\",\"@id\":\"https:\/\/bakirci.com\/ekipman\/#logo\",\"inLanguage\":\"tr\",\"url\":\"https:\/\/bakirci.com\/ekipman\/wp-content\/uploads\/2021\/09\/Bakirci-logo-lacivert.png\",\"contentUrl\":\"https:\/\/bakirci.com\/ekipman\/wp-content\/uploads\/2021\/09\/Bakirci-logo-lacivert.png\",\"width\":501,\"height\":501,\"caption\":\"Bak\\u0131rc\\u0131 garagineering\"},\"image\":{\"@id\":\"https:\/\/bakirci.com\/ekipman\/#logo\"}},{\"@type\":\"WebSite\",\"@id\":\"https:\/\/bakirci.com\/ekipman\/#website\",\"url\":\"https:\/\/bakirci.com\/ekipman\/\",\"name\":\"Bak\\u0131rc\\u0131 Garagineering\",\"description\":\"Otomotiv sekt\\u00f6r\\u00fcne \\u00f6zel, \\u201c\\u00dcretici Standard\\u0131nda\\u201d \\u00e7\\u00f6z\\u00fcmler\\u2026\",\"publisher\":{\"@id\":\"https:\/\/bakirci.com\/ekipman\/#organization\"},\"potentialAction\":[{\"@type\":\"SearchAction\",\"target\":{\"@type\":\"EntryPoint\",\"urlTemplate\":\"https:\/\/bakirci.com\/ekipman\/?s={search_term_string}\"},\"query-input\":\"required name=search_term_string\"}],\"inLanguage\":\"tr\"},{\"@type\":\"ImageObject\",\"@id\":\"https:\/\/bakirci.com\/ekipman\/servis-ekipmanlari\/mekanik\/liftler\/seyyar-kaldirma-liftleri\/seyyar-elektrohidrolik-tekerlekten-kaldirma-liftirotary-born-in-usahydrolift-s2-6-8-2kaldirma-kapasitesi-49200kg\/#primaryimage\",\"inLanguage\":\"tr\",\"url\":\"https:\/\/bakirci.com\/ekipman\/wp-content\/uploads\/2023\/07\/Seyyar-Elektrohidrolik-Tekerlekten-Kaldirma-Lifti-\\u2013-HydroLift-S2-6-8.2.png\",\"contentUrl\":\"https:\/\/bakirci.com\/ekipman\/wp-content\/uploads\/2023\/07\/Seyyar-Elektrohidrolik-Tekerlekten-Kaldirma-Lifti-\\u2013-HydroLift-S2-6-8.2.png\",\"width\":1080,\"height\":1080},{\"@type\":\"WebPage\",\"@id\":\"https:\/\/bakirci.com\/ekipman\/servis-ekipmanlari\/mekanik\/liftler\/seyyar-kaldirma-liftleri\/seyyar-elektrohidrolik-tekerlekten-kaldirma-liftirotary-born-in-usahydrolift-s2-6-8-2kaldirma-kapasitesi-49200kg\/#webpage\",\"url\":\"https:\/\/bakirci.com\/ekipman\/servis-ekipmanlari\/mekanik\/liftler\/seyyar-kaldirma-liftleri\/seyyar-elektrohidrolik-tekerlekten-kaldirma-liftirotary-born-in-usahydrolift-s2-6-8-2kaldirma-kapasitesi-49200kg\/\",\"name\":\"Seyyar Elektrohidrolik Tekerlekten Kald\\u0131rma Lifti ROTARY (Born in USA) HydroLift S2 6-8.2 Kald\\u0131rma kapasitesi 49200kg - Bak\\u0131rc\\u0131 Garagineering\",\"isPartOf\":{\"@id\":\"https:\/\/bakirci.com\/ekipman\/#website\"},\"primaryImageOfPage\":{\"@id\":\"https:\/\/bakirci.com\/ekipman\/servis-ekipmanlari\/mekanik\/liftler\/seyyar-kaldirma-liftleri\/seyyar-elektrohidrolik-tekerlekten-kaldirma-liftirotary-born-in-usahydrolift-s2-6-8-2kaldirma-kapasitesi-49200kg\/#primaryimage\"},\"datePublished\":\"2021-02-03T02:31:03+00:00\",\"dateModified\":\"2023-07-17T10:47:30+00:00\",\"breadcrumb\":{\"@id\":\"https:\/\/bakirci.com\/ekipman\/servis-ekipmanlari\/mekanik\/liftler\/seyyar-kaldirma-liftleri\/seyyar-elektrohidrolik-tekerlekten-kaldirma-liftirotary-born-in-usahydrolift-s2-6-8-2kaldirma-kapasitesi-49200kg\/#breadcrumb\"},\"inLanguage\":\"tr\",\"potentialAction\":[{\"@type\":\"ReadAction\",\"target\":[\"https:\/\/bakirci.com\/ekipman\/servis-ekipmanlari\/mekanik\/liftler\/seyyar-kaldirma-liftleri\/seyyar-elektrohidrolik-tekerlekten-kaldirma-liftirotary-born-in-usahydrolift-s2-6-8-2kaldirma-kapasitesi-49200kg\/\"]}]},{\"@type\":\"BreadcrumbList\",\"@id\":\"https:\/\/bakirci.com\/ekipman\/servis-ekipmanlari\/mekanik\/liftler\/seyyar-kaldirma-liftleri\/seyyar-elektrohidrolik-tekerlekten-kaldirma-liftirotary-born-in-usahydrolift-s2-6-8-2kaldirma-kapasitesi-49200kg\/#breadcrumb\",\"itemListElement\":[{\"@type\":\"ListItem\",\"position\":1,\"name\":\"Ekipman\",\"item\":\"https:\/\/bakirci.com\/ekipman\/\"},{\"@type\":\"ListItem\",\"position\":2,\"name\":\"Otomotiv Tesisleri \\u0130\\u00e7in Servis Ekipmanlar\\u0131\",\"item\":\"https:\/\/bakirci.com\/ekipman\/\"},{\"@type\":\"ListItem\",\"position\":3,\"name\":\"Seyyar Elektrohidrolik Tekerlekten Kald\\u0131rma LiftiROTARY (Born in USA)HydroLift S2 6-8.2Kald\\u0131rma kapasitesi 49200kg\"}]}]}<\/script>\n<!-- \/ Yoast SEO plugin. -->","yoast_head_json":{"title":"Seyyar Elektrohidrolik Tekerlekten Kald\u0131rma LiftiROTARY (Born in USA)HydroLift S2 6-8.2Kald\u0131rma kapasitesi 49200kg - Bak\u0131rc\u0131 Garagineering","robots":{"index":"index","follow":"follow","max-snippet":"max-snippet:-1","max-image-preview":"max-image-preview:large","max-video-preview":"max-video-preview:-1"},"canonical":"https:\/\/bakirci.com\/ekipman\/servis-ekipmanlari\/mekanik\/liftler\/seyyar-kaldirma-liftleri\/seyyar-elektrohidrolik-tekerlekten-kaldirma-liftirotary-born-in-usahydrolift-s2-6-8-2kaldirma-kapasitesi-49200kg\/","og_locale":"tr_TR","og_type":"article","og_title":"Seyyar Elektrohidrolik Tekerlekten Kald\u0131rma LiftiROTARY (Born in USA)HydroLift S2 6-8.2Kald\u0131rma kapasitesi 49200kg - Bak\u0131rc\u0131 Garagineering","og_description":"Elektronik senkronizasyonlu kald\u0131rma lifti (6 adet)  \u0130\u00e7 mekan kullan\u0131m\u0131na uygun  S\u00fctunlar aras\u0131 ba\u011flant\u0131 olmadan kablosuz batarya ile kullan\u0131m  Tam \u015farjda 15 defa indirme kald\u0131rma i\u015flemi  S\u00fctunlara entegre \u015farj cihaz\u0131 sayesinde kullan\u0131m s\u0131ras\u0131nda \u015farj imkan\u0131  S\u00fctun say\u0131s\u0131n\u0131 8'e \u00e7\u0131kar\u0131labilme imkan\u0131  D\u0131\u015f etkenlere kar\u015f\u0131 \u00e7elik boru ile kaplanm\u0131\u015f piston korumas\u0131  \u00c7ift y\u00fck korumas\u0131, hidrolik olarak kesme ve mekanik kitleme  T\u00fcm s\u00fctunlarda acil durdurma \u015falteri  Toplam kald\u0131rma kapasitesi 49200 kg (1xLift 8200 kg)  Kald\u0131rma y\u00fcksekli\u011fi 1759 mm  Lastik ebat\u0131 10 - 22.5\"","og_url":"https:\/\/bakirci.com\/ekipman\/servis-ekipmanlari\/mekanik\/liftler\/seyyar-kaldirma-liftleri\/seyyar-elektrohidrolik-tekerlekten-kaldirma-liftirotary-born-in-usahydrolift-s2-6-8-2kaldirma-kapasitesi-49200kg\/","og_site_name":"Bak\u0131rc\u0131 Garagineering","article_publisher":"https:\/\/www.facebook.com\/bakirci.garagineering","article_modified_time":"2023-07-17T10:47:30+00:00","og_image":[{"width":1080,"height":1080,"filesize":820658,"url":"https:\/\/bakirci.com\/ekipman\/wp-content\/uploads\/2023\/07\/Seyyar-Elektrohidrolik-Tekerlekten-Kaldirma-Lifti-\u2013-HydroLift-S2-6-8.2.png","path":"\/home\/bakirciwebsitesi\/public_html\/ekipman\/wp-content\/uploads\/2023\/07\/Seyyar-Elektrohidrolik-Tekerlekten-Kaldirma-Lifti-\u2013-HydroLift-S2-6-8.2.png","size":"full","id":6309,"alt":"","pixels":1166400,"type":"image\/png"}],"twitter_card":"summary_large_image","schema":{"@context":"https:\/\/schema.org","@graph":[{"@type":"Organization","@id":"https:\/\/bakirci.com\/ekipman\/#organization","name":"Bak\u0131rc\u0131 garagineering","url":"https:\/\/bakirci.com\/ekipman\/","sameAs":["https:\/\/www.facebook.com\/bakirci.garagineering","https:\/\/www.instagram.com\/bakirci.garagineering\/","https:\/\/www.linkedin.com\/company\/bakirci-garagineering\/","https:\/\/www.youtube.com\/channel\/UCiVG6s_jALJ6Zk8085XiOQg"],"logo":{"@type":"ImageObject","@id":"https:\/\/bakirci.com\/ekipman\/#logo","inLanguage":"tr","url":"https:\/\/bakirci.com\/ekipman\/wp-content\/uploads\/2021\/09\/Bakirci-logo-lacivert.png","contentUrl":"https:\/\/bakirci.com\/ekipman\/wp-content\/uploads\/2021\/09\/Bakirci-logo-lacivert.png","width":501,"height":501,"caption":"Bak\u0131rc\u0131 garagineering"},"image":{"@id":"https:\/\/bakirci.com\/ekipman\/#logo"}},{"@type":"WebSite","@id":"https:\/\/bakirci.com\/ekipman\/#website","url":"https:\/\/bakirci.com\/ekipman\/","name":"Bak\u0131rc\u0131 Garagineering","description":"Otomotiv sekt\u00f6r\u00fcne \u00f6zel, \u201c\u00dcretici Standard\u0131nda\u201d \u00e7\u00f6z\u00fcmler\u2026","publisher":{"@id":"https:\/\/bakirci.com\/ekipman\/#organization"},"potentialAction":[{"@type":"SearchAction","target":{"@type":"EntryPoint","urlTemplate":"https:\/\/bakirci.com\/ekipman\/?s={search_term_string}"},"query-input":"required name=search_term_string"}],"inLanguage":"tr"},{"@type":"ImageObject","@id":"https:\/\/bakirci.com\/ekipman\/servis-ekipmanlari\/mekanik\/liftler\/seyyar-kaldirma-liftleri\/seyyar-elektrohidrolik-tekerlekten-kaldirma-liftirotary-born-in-usahydrolift-s2-6-8-2kaldirma-kapasitesi-49200kg\/#primaryimage","inLanguage":"tr","url":"https:\/\/bakirci.com\/ekipman\/wp-content\/uploads\/2023\/07\/Seyyar-Elektrohidrolik-Tekerlekten-Kaldirma-Lifti-\u2013-HydroLift-S2-6-8.2.png","contentUrl":"https:\/\/bakirci.com\/ekipman\/wp-content\/uploads\/2023\/07\/Seyyar-Elektrohidrolik-Tekerlekten-Kaldirma-Lifti-\u2013-HydroLift-S2-6-8.2.png","width":1080,"height":1080},{"@type":"WebPage","@id":"https:\/\/bakirci.com\/ekipman\/servis-ekipmanlari\/mekanik\/liftler\/seyyar-kaldirma-liftleri\/seyyar-elektrohidrolik-tekerlekten-kaldirma-liftirotary-born-in-usahydrolift-s2-6-8-2kaldirma-kapasitesi-49200kg\/#webpage","url":"https:\/\/bakirci.com\/ekipman\/servis-ekipmanlari\/mekanik\/liftler\/seyyar-kaldirma-liftleri\/seyyar-elektrohidrolik-tekerlekten-kaldirma-liftirotary-born-in-usahydrolift-s2-6-8-2kaldirma-kapasitesi-49200kg\/","name":"Seyyar Elektrohidrolik Tekerlekten Kald\u0131rma Lifti ROTARY (Born in USA) HydroLift S2 6-8.2 Kald\u0131rma kapasitesi 49200kg - Bak\u0131rc\u0131 Garagineering","isPartOf":{"@id":"https:\/\/bakirci.com\/ekipman\/#website"},"primaryImageOfPage":{"@id":"https:\/\/bakirci.com\/ekipman\/servis-ekipmanlari\/mekanik\/liftler\/seyyar-kaldirma-liftleri\/seyyar-elektrohidrolik-tekerlekten-kaldirma-liftirotary-born-in-usahydrolift-s2-6-8-2kaldirma-kapasitesi-49200kg\/#primaryimage"},"datePublished":"2021-02-03T02:31:03+00:00","dateModified":"2023-07-17T10:47:30+00:00","breadcrumb":{"@id":"https:\/\/bakirci.com\/ekipman\/servis-ekipmanlari\/mekanik\/liftler\/seyyar-kaldirma-liftleri\/seyyar-elektrohidrolik-tekerlekten-kaldirma-liftirotary-born-in-usahydrolift-s2-6-8-2kaldirma-kapasitesi-49200kg\/#breadcrumb"},"inLanguage":"tr","potentialAction":[{"@type":"ReadAction","target":["https:\/\/bakirci.com\/ekipman\/servis-ekipmanlari\/mekanik\/liftler\/seyyar-kaldirma-liftleri\/seyyar-elektrohidrolik-tekerlekten-kaldirma-liftirotary-born-in-usahydrolift-s2-6-8-2kaldirma-kapasitesi-49200kg\/"]}]},{"@type":"BreadcrumbList","@id":"https:\/\/bakirci.com\/ekipman\/servis-ekipmanlari\/mekanik\/liftler\/seyyar-kaldirma-liftleri\/seyyar-elektrohidrolik-tekerlekten-kaldirma-liftirotary-born-in-usahydrolift-s2-6-8-2kaldirma-kapasitesi-49200kg\/#breadcrumb","itemListElement":[{"@type":"ListItem","position":1,"name":"Ekipman","item":"https:\/\/bakirci.com\/ekipman\/"},{"@type":"ListItem","position":2,"name":"Otomotiv Tesisleri \u0130\u00e7in Servis Ekipmanlar\u0131","item":"https:\/\/bakirci.com\/ekipman\/"},{"@type":"ListItem","position":3,"name":"Seyyar Elektrohidrolik Tekerlekten Kald\u0131rma LiftiROTARY (Born in USA)HydroLift S2 6-8.2Kald\u0131rma kapasitesi 49200kg"}]}]}},"_links":{"self":[{"href":"https:\/\/bakirci.com\/ekipman\/wp-json\/wp\/v2\/product\/6167","targetHints":{"allow":["GET"]}}],"collection":[{"href":"https:\/\/bakirci.com\/ekipman\/wp-json\/wp\/v2\/product"}],"about":[{"href":"https:\/\/bakirci.com\/ekipman\/wp-json\/wp\/v2\/types\/product"}],"replies":[{"embeddable":true,"href":"https:\/\/bakirci.com\/ekipman\/wp-json\/wp\/v2\/comments?post=6167"}],"wp:featuredmedia":[{"embeddable":true,"href":"https:\/\/bakirci.com\/ekipman\/wp-json\/wp\/v2\/media\/6309"}],"wp:attachment":[{"href":"https:\/\/bakirci.com\/ekipman\/wp-json\/wp\/v2\/media?parent=6167"}],"wp:term":[{"taxonomy":"product_cat","embeddable":true,"href":"https:\/\/bakirci.com\/ekipman\/wp-json\/wp\/v2\/product_cat?post=6167"},{"taxonomy":"product_tag","embeddable":true,"href":"https:\/\/bakirci.com\/ekipman\/wp-json\/wp\/v2\/product_tag?post=6167"}],"curies":[{"name":"wp","href":"https:\/\/api.w.org\/{rel}","templated":true}]}}