{"id":6161,"date":"2021-06-01T09:13:33","date_gmt":"2021-06-01T09:13:33","guid":{"rendered":"https:\/\/bakirci.com\/ekipman\/?post_type=product&#038;p=6161"},"modified":"2023-07-17T09:14:37","modified_gmt":"2023-07-17T09:14:37","slug":"aks-olcum-dort-sutunlu-hidrolik-lift-rotary-born-in-usasm55lt-51-akkaldirma-kapasitesi-5500-kg-binek-suv","status":"publish","type":"product","link":"https:\/\/bakirci.com\/ekipman\/servis-ekipmanlari\/mekanik\/liftler\/dort-sutunlu-liftler\/aks-olcum-dort-sutunlu-hidrolik-lift-rotary-born-in-usasm55lt-51-akkaldirma-kapasitesi-5500-kg-binek-suv\/","title":{"rendered":"<p class=\"ustmetin\">Aks \u00d6l\u00e7\u00fcm D\u00f6rt S\u00fctunlu Hidrolik Lift <\/p><p class=\"ortametin\">ROTARY <span class=\"ortametin2\">(Born in USA)<\/span><\/p><p class=\"altmetin\">SM55LT-51-AK<br>Kald\u0131rma kapasitesi 5500 kg (Binek, SUV)<\/p>"},"content":{"rendered":"<ul>\n<li>Y\u00fcksek netlikte \u00e7al\u0131\u015fan hidrolik sistem<\/li>\n<li>Tekerlekleri bo\u015fa alan II. makas lift<\/li>\n<li>Aks \u00f6l\u00e7\u00fcm kiti ve rampa uzatmas\u0131<\/li>\n<li>Pn\u00f6matik kilit sistemi<\/li>\n<li>4 adet arka kay\u0131c\u0131 plaka<\/li>\n<li>Platform \u00fczeri montaj plakalar\u0131 ve rampa uzatmas\u0131<\/li>\n<li>Kald\u0131rma kapasitesi 5500 kg<\/li>\n<li>II. makas lift kald\u0131rma kapasitesi 3500 kg<\/li>\n<li>Platform boyu 5100 mm<\/li>\n<li>Platform geni\u015fli\u011fi 650 mm<\/li>\n<li>Maksimum kald\u0131rma y\u00fcksekli\u011fi 1990 mm<\/li>\n<\/ul>\n","protected":false},"excerpt":{"rendered":"<ul>\n<li>Y\u00fcksek netlikte \u00e7al\u0131\u015fan hidrolik sistem<\/li>\n<li>Tekerlekleri bo\u015fa alan II. makas lift<\/li>\n<li>Aks \u00f6l\u00e7\u00fcm kiti ve rampa uzatmas\u0131<\/li>\n<li>Pn\u00f6matik kilit sistemi<\/li>\n<li>4 adet arka kay\u0131c\u0131 plaka<\/li>\n<li>Platform \u00fczeri montaj plakalar\u0131 ve rampa uzatmas\u0131<\/li>\n<li>Kald\u0131rma kapasitesi 5500 kg<\/li>\n<li>II. makas lift kald\u0131rma kapasitesi 3500 kg<\/li>\n<li>Platform boyu 5100 mm<\/li>\n<li>Platform geni\u015fli\u011fi 650 mm<\/li>\n<li>Maksimum kald\u0131rma y\u00fcksekli\u011fi 1990 mm<\/li>\n<\/ul>\n","protected":false},"featured_media":6303,"comment_status":"open","ping_status":"closed","template":"","meta":[],"product_cat":[168],"product_tag":[],"class_list":["post-6161","product","type-product","status-publish","has-post-thumbnail","hentry","pwb-brand-rotary","product_cat-dort-sutunlu-liftler"],"brands":[{"id":366,"name":"ROTARY","slug":"rotary"}],"yoast_head":"<!-- This site is optimized with the Yoast SEO plugin v17.1 - https:\/\/yoast.com\/wordpress\/plugins\/seo\/ -->\n<title>Aks \u00d6l\u00e7\u00fcm D\u00f6rt S\u00fctunlu Hidrolik Lift ROTARY (Born in USA)SM55LT-51-AKKald\u0131rma kapasitesi 5500 kg (Binek, SUV) - Bak\u0131rc\u0131 Garagineering<\/title>\n<meta name=\"robots\" content=\"index, follow, max-snippet:-1, max-image-preview:large, max-video-preview:-1\" \/>\n<link rel=\"canonical\" href=\"https:\/\/bakirci.com\/ekipman\/servis-ekipmanlari\/mekanik\/liftler\/dort-sutunlu-liftler\/aks-olcum-dort-sutunlu-hidrolik-lift-rotary-born-in-usasm55lt-51-akkaldirma-kapasitesi-5500-kg-binek-suv\/\" \/>\n<meta property=\"og:locale\" content=\"tr_TR\" \/>\n<meta property=\"og:type\" content=\"article\" \/>\n<meta property=\"og:title\" content=\"Aks \u00d6l\u00e7\u00fcm D\u00f6rt S\u00fctunlu Hidrolik Lift ROTARY (Born in USA)SM55LT-51-AKKald\u0131rma kapasitesi 5500 kg (Binek, SUV) - Bak\u0131rc\u0131 Garagineering\" \/>\n<meta property=\"og:description\" content=\"Y\u00fcksek netlikte \u00e7al\u0131\u015fan hidrolik sistem  Tekerlekleri bo\u015fa alan II. makas lift  Aks \u00f6l\u00e7\u00fcm kiti ve rampa uzatmas\u0131  Pn\u00f6matik kilit sistemi  4 adet arka kay\u0131c\u0131 plaka  Platform \u00fczeri montaj plakalar\u0131 ve rampa uzatmas\u0131  Kald\u0131rma kapasitesi 5500 kg  II. makas lift kald\u0131rma kapasitesi 3500 kg  Platform boyu 5100 mm  Platform geni\u015fli\u011fi 650 mm  Maksimum kald\u0131rma y\u00fcksekli\u011fi 1990 mm\" \/>\n<meta property=\"og:url\" content=\"https:\/\/bakirci.com\/ekipman\/servis-ekipmanlari\/mekanik\/liftler\/dort-sutunlu-liftler\/aks-olcum-dort-sutunlu-hidrolik-lift-rotary-born-in-usasm55lt-51-akkaldirma-kapasitesi-5500-kg-binek-suv\/\" \/>\n<meta property=\"og:site_name\" content=\"Bak\u0131rc\u0131 Garagineering\" \/>\n<meta property=\"article:publisher\" content=\"https:\/\/www.facebook.com\/bakirci.garagineering\" \/>\n<meta property=\"article:modified_time\" content=\"2023-07-17T09:14:37+00:00\" \/>\n<meta property=\"og:image\" content=\"https:\/\/bakirci.com\/ekipman\/wp-content\/uploads\/2023\/07\/Aks-Olcum-Dort-Sutunlu-Hidrolik-Lift-\u2013-SM55LT-51-AK.png\" \/>\n\t<meta property=\"og:image:width\" content=\"1080\" \/>\n\t<meta property=\"og:image:height\" content=\"1080\" \/>\n<meta name=\"twitter:card\" content=\"summary_large_image\" \/>\n<script type=\"application\/ld+json\" class=\"yoast-schema-graph\">{\"@context\":\"https:\/\/schema.org\",\"@graph\":[{\"@type\":\"Organization\",\"@id\":\"https:\/\/bakirci.com\/ekipman\/#organization\",\"name\":\"Bak\\u0131rc\\u0131 garagineering\",\"url\":\"https:\/\/bakirci.com\/ekipman\/\",\"sameAs\":[\"https:\/\/www.facebook.com\/bakirci.garagineering\",\"https:\/\/www.instagram.com\/bakirci.garagineering\/\",\"https:\/\/www.linkedin.com\/company\/bakirci-garagineering\/\",\"https:\/\/www.youtube.com\/channel\/UCiVG6s_jALJ6Zk8085XiOQg\"],\"logo\":{\"@type\":\"ImageObject\",\"@id\":\"https:\/\/bakirci.com\/ekipman\/#logo\",\"inLanguage\":\"tr\",\"url\":\"https:\/\/bakirci.com\/ekipman\/wp-content\/uploads\/2021\/09\/Bakirci-logo-lacivert.png\",\"contentUrl\":\"https:\/\/bakirci.com\/ekipman\/wp-content\/uploads\/2021\/09\/Bakirci-logo-lacivert.png\",\"width\":501,\"height\":501,\"caption\":\"Bak\\u0131rc\\u0131 garagineering\"},\"image\":{\"@id\":\"https:\/\/bakirci.com\/ekipman\/#logo\"}},{\"@type\":\"WebSite\",\"@id\":\"https:\/\/bakirci.com\/ekipman\/#website\",\"url\":\"https:\/\/bakirci.com\/ekipman\/\",\"name\":\"Bak\\u0131rc\\u0131 Garagineering\",\"description\":\"Otomotiv sekt\\u00f6r\\u00fcne \\u00f6zel, \\u201c\\u00dcretici Standard\\u0131nda\\u201d \\u00e7\\u00f6z\\u00fcmler\\u2026\",\"publisher\":{\"@id\":\"https:\/\/bakirci.com\/ekipman\/#organization\"},\"potentialAction\":[{\"@type\":\"SearchAction\",\"target\":{\"@type\":\"EntryPoint\",\"urlTemplate\":\"https:\/\/bakirci.com\/ekipman\/?s={search_term_string}\"},\"query-input\":\"required name=search_term_string\"}],\"inLanguage\":\"tr\"},{\"@type\":\"ImageObject\",\"@id\":\"https:\/\/bakirci.com\/ekipman\/servis-ekipmanlari\/mekanik\/liftler\/dort-sutunlu-liftler\/aks-olcum-dort-sutunlu-hidrolik-lift-rotary-born-in-usasm55lt-51-akkaldirma-kapasitesi-5500-kg-binek-suv\/#primaryimage\",\"inLanguage\":\"tr\",\"url\":\"https:\/\/bakirci.com\/ekipman\/wp-content\/uploads\/2023\/07\/Aks-Olcum-Dort-Sutunlu-Hidrolik-Lift-\\u2013-SM55LT-51-AK.png\",\"contentUrl\":\"https:\/\/bakirci.com\/ekipman\/wp-content\/uploads\/2023\/07\/Aks-Olcum-Dort-Sutunlu-Hidrolik-Lift-\\u2013-SM55LT-51-AK.png\",\"width\":1080,\"height\":1080},{\"@type\":\"WebPage\",\"@id\":\"https:\/\/bakirci.com\/ekipman\/servis-ekipmanlari\/mekanik\/liftler\/dort-sutunlu-liftler\/aks-olcum-dort-sutunlu-hidrolik-lift-rotary-born-in-usasm55lt-51-akkaldirma-kapasitesi-5500-kg-binek-suv\/#webpage\",\"url\":\"https:\/\/bakirci.com\/ekipman\/servis-ekipmanlari\/mekanik\/liftler\/dort-sutunlu-liftler\/aks-olcum-dort-sutunlu-hidrolik-lift-rotary-born-in-usasm55lt-51-akkaldirma-kapasitesi-5500-kg-binek-suv\/\",\"name\":\"Aks \\u00d6l\\u00e7\\u00fcm D\\u00f6rt S\\u00fctunlu Hidrolik Lift ROTARY (Born in USA) SM55LT-51-AK Kald\\u0131rma kapasitesi 5500 kg (Binek, SUV) - Bak\\u0131rc\\u0131 Garagineering\",\"isPartOf\":{\"@id\":\"https:\/\/bakirci.com\/ekipman\/#website\"},\"primaryImageOfPage\":{\"@id\":\"https:\/\/bakirci.com\/ekipman\/servis-ekipmanlari\/mekanik\/liftler\/dort-sutunlu-liftler\/aks-olcum-dort-sutunlu-hidrolik-lift-rotary-born-in-usasm55lt-51-akkaldirma-kapasitesi-5500-kg-binek-suv\/#primaryimage\"},\"datePublished\":\"2021-06-01T09:13:33+00:00\",\"dateModified\":\"2023-07-17T09:14:37+00:00\",\"breadcrumb\":{\"@id\":\"https:\/\/bakirci.com\/ekipman\/servis-ekipmanlari\/mekanik\/liftler\/dort-sutunlu-liftler\/aks-olcum-dort-sutunlu-hidrolik-lift-rotary-born-in-usasm55lt-51-akkaldirma-kapasitesi-5500-kg-binek-suv\/#breadcrumb\"},\"inLanguage\":\"tr\",\"potentialAction\":[{\"@type\":\"ReadAction\",\"target\":[\"https:\/\/bakirci.com\/ekipman\/servis-ekipmanlari\/mekanik\/liftler\/dort-sutunlu-liftler\/aks-olcum-dort-sutunlu-hidrolik-lift-rotary-born-in-usasm55lt-51-akkaldirma-kapasitesi-5500-kg-binek-suv\/\"]}]},{\"@type\":\"BreadcrumbList\",\"@id\":\"https:\/\/bakirci.com\/ekipman\/servis-ekipmanlari\/mekanik\/liftler\/dort-sutunlu-liftler\/aks-olcum-dort-sutunlu-hidrolik-lift-rotary-born-in-usasm55lt-51-akkaldirma-kapasitesi-5500-kg-binek-suv\/#breadcrumb\",\"itemListElement\":[{\"@type\":\"ListItem\",\"position\":1,\"name\":\"Ekipman\",\"item\":\"https:\/\/bakirci.com\/ekipman\/\"},{\"@type\":\"ListItem\",\"position\":2,\"name\":\"Otomotiv Tesisleri \\u0130\\u00e7in Servis Ekipmanlar\\u0131\",\"item\":\"https:\/\/bakirci.com\/ekipman\/\"},{\"@type\":\"ListItem\",\"position\":3,\"name\":\"Aks \\u00d6l\\u00e7\\u00fcm D\\u00f6rt S\\u00fctunlu Hidrolik Lift ROTARY (Born in USA)SM55LT-51-AKKald\\u0131rma kapasitesi 5500 kg (Binek, SUV)\"}]}]}<\/script>\n<!-- \/ Yoast SEO plugin. -->","yoast_head_json":{"title":"Aks \u00d6l\u00e7\u00fcm D\u00f6rt S\u00fctunlu Hidrolik Lift ROTARY (Born in USA)SM55LT-51-AKKald\u0131rma kapasitesi 5500 kg (Binek, SUV) - Bak\u0131rc\u0131 Garagineering","robots":{"index":"index","follow":"follow","max-snippet":"max-snippet:-1","max-image-preview":"max-image-preview:large","max-video-preview":"max-video-preview:-1"},"canonical":"https:\/\/bakirci.com\/ekipman\/servis-ekipmanlari\/mekanik\/liftler\/dort-sutunlu-liftler\/aks-olcum-dort-sutunlu-hidrolik-lift-rotary-born-in-usasm55lt-51-akkaldirma-kapasitesi-5500-kg-binek-suv\/","og_locale":"tr_TR","og_type":"article","og_title":"Aks \u00d6l\u00e7\u00fcm D\u00f6rt S\u00fctunlu Hidrolik Lift ROTARY (Born in USA)SM55LT-51-AKKald\u0131rma kapasitesi 5500 kg (Binek, SUV) - Bak\u0131rc\u0131 Garagineering","og_description":"Y\u00fcksek netlikte \u00e7al\u0131\u015fan hidrolik sistem  Tekerlekleri bo\u015fa alan II. makas lift  Aks \u00f6l\u00e7\u00fcm kiti ve rampa uzatmas\u0131  Pn\u00f6matik kilit sistemi  4 adet arka kay\u0131c\u0131 plaka  Platform \u00fczeri montaj plakalar\u0131 ve rampa uzatmas\u0131  Kald\u0131rma kapasitesi 5500 kg  II. makas lift kald\u0131rma kapasitesi 3500 kg  Platform boyu 5100 mm  Platform geni\u015fli\u011fi 650 mm  Maksimum kald\u0131rma y\u00fcksekli\u011fi 1990 mm","og_url":"https:\/\/bakirci.com\/ekipman\/servis-ekipmanlari\/mekanik\/liftler\/dort-sutunlu-liftler\/aks-olcum-dort-sutunlu-hidrolik-lift-rotary-born-in-usasm55lt-51-akkaldirma-kapasitesi-5500-kg-binek-suv\/","og_site_name":"Bak\u0131rc\u0131 Garagineering","article_publisher":"https:\/\/www.facebook.com\/bakirci.garagineering","article_modified_time":"2023-07-17T09:14:37+00:00","og_image":[{"width":1080,"height":1080,"filesize":610954,"url":"https:\/\/bakirci.com\/ekipman\/wp-content\/uploads\/2023\/07\/Aks-Olcum-Dort-Sutunlu-Hidrolik-Lift-\u2013-SM55LT-51-AK.png","path":"\/home\/bakirciwebsitesi\/public_html\/ekipman\/wp-content\/uploads\/2023\/07\/Aks-Olcum-Dort-Sutunlu-Hidrolik-Lift-\u2013-SM55LT-51-AK.png","size":"full","id":6303,"alt":"","pixels":1166400,"type":"image\/png"}],"twitter_card":"summary_large_image","schema":{"@context":"https:\/\/schema.org","@graph":[{"@type":"Organization","@id":"https:\/\/bakirci.com\/ekipman\/#organization","name":"Bak\u0131rc\u0131 garagineering","url":"https:\/\/bakirci.com\/ekipman\/","sameAs":["https:\/\/www.facebook.com\/bakirci.garagineering","https:\/\/www.instagram.com\/bakirci.garagineering\/","https:\/\/www.linkedin.com\/company\/bakirci-garagineering\/","https:\/\/www.youtube.com\/channel\/UCiVG6s_jALJ6Zk8085XiOQg"],"logo":{"@type":"ImageObject","@id":"https:\/\/bakirci.com\/ekipman\/#logo","inLanguage":"tr","url":"https:\/\/bakirci.com\/ekipman\/wp-content\/uploads\/2021\/09\/Bakirci-logo-lacivert.png","contentUrl":"https:\/\/bakirci.com\/ekipman\/wp-content\/uploads\/2021\/09\/Bakirci-logo-lacivert.png","width":501,"height":501,"caption":"Bak\u0131rc\u0131 garagineering"},"image":{"@id":"https:\/\/bakirci.com\/ekipman\/#logo"}},{"@type":"WebSite","@id":"https:\/\/bakirci.com\/ekipman\/#website","url":"https:\/\/bakirci.com\/ekipman\/","name":"Bak\u0131rc\u0131 Garagineering","description":"Otomotiv sekt\u00f6r\u00fcne \u00f6zel, \u201c\u00dcretici Standard\u0131nda\u201d \u00e7\u00f6z\u00fcmler\u2026","publisher":{"@id":"https:\/\/bakirci.com\/ekipman\/#organization"},"potentialAction":[{"@type":"SearchAction","target":{"@type":"EntryPoint","urlTemplate":"https:\/\/bakirci.com\/ekipman\/?s={search_term_string}"},"query-input":"required name=search_term_string"}],"inLanguage":"tr"},{"@type":"ImageObject","@id":"https:\/\/bakirci.com\/ekipman\/servis-ekipmanlari\/mekanik\/liftler\/dort-sutunlu-liftler\/aks-olcum-dort-sutunlu-hidrolik-lift-rotary-born-in-usasm55lt-51-akkaldirma-kapasitesi-5500-kg-binek-suv\/#primaryimage","inLanguage":"tr","url":"https:\/\/bakirci.com\/ekipman\/wp-content\/uploads\/2023\/07\/Aks-Olcum-Dort-Sutunlu-Hidrolik-Lift-\u2013-SM55LT-51-AK.png","contentUrl":"https:\/\/bakirci.com\/ekipman\/wp-content\/uploads\/2023\/07\/Aks-Olcum-Dort-Sutunlu-Hidrolik-Lift-\u2013-SM55LT-51-AK.png","width":1080,"height":1080},{"@type":"WebPage","@id":"https:\/\/bakirci.com\/ekipman\/servis-ekipmanlari\/mekanik\/liftler\/dort-sutunlu-liftler\/aks-olcum-dort-sutunlu-hidrolik-lift-rotary-born-in-usasm55lt-51-akkaldirma-kapasitesi-5500-kg-binek-suv\/#webpage","url":"https:\/\/bakirci.com\/ekipman\/servis-ekipmanlari\/mekanik\/liftler\/dort-sutunlu-liftler\/aks-olcum-dort-sutunlu-hidrolik-lift-rotary-born-in-usasm55lt-51-akkaldirma-kapasitesi-5500-kg-binek-suv\/","name":"Aks \u00d6l\u00e7\u00fcm D\u00f6rt S\u00fctunlu Hidrolik Lift ROTARY (Born in USA) SM55LT-51-AK Kald\u0131rma kapasitesi 5500 kg (Binek, SUV) - Bak\u0131rc\u0131 Garagineering","isPartOf":{"@id":"https:\/\/bakirci.com\/ekipman\/#website"},"primaryImageOfPage":{"@id":"https:\/\/bakirci.com\/ekipman\/servis-ekipmanlari\/mekanik\/liftler\/dort-sutunlu-liftler\/aks-olcum-dort-sutunlu-hidrolik-lift-rotary-born-in-usasm55lt-51-akkaldirma-kapasitesi-5500-kg-binek-suv\/#primaryimage"},"datePublished":"2021-06-01T09:13:33+00:00","dateModified":"2023-07-17T09:14:37+00:00","breadcrumb":{"@id":"https:\/\/bakirci.com\/ekipman\/servis-ekipmanlari\/mekanik\/liftler\/dort-sutunlu-liftler\/aks-olcum-dort-sutunlu-hidrolik-lift-rotary-born-in-usasm55lt-51-akkaldirma-kapasitesi-5500-kg-binek-suv\/#breadcrumb"},"inLanguage":"tr","potentialAction":[{"@type":"ReadAction","target":["https:\/\/bakirci.com\/ekipman\/servis-ekipmanlari\/mekanik\/liftler\/dort-sutunlu-liftler\/aks-olcum-dort-sutunlu-hidrolik-lift-rotary-born-in-usasm55lt-51-akkaldirma-kapasitesi-5500-kg-binek-suv\/"]}]},{"@type":"BreadcrumbList","@id":"https:\/\/bakirci.com\/ekipman\/servis-ekipmanlari\/mekanik\/liftler\/dort-sutunlu-liftler\/aks-olcum-dort-sutunlu-hidrolik-lift-rotary-born-in-usasm55lt-51-akkaldirma-kapasitesi-5500-kg-binek-suv\/#breadcrumb","itemListElement":[{"@type":"ListItem","position":1,"name":"Ekipman","item":"https:\/\/bakirci.com\/ekipman\/"},{"@type":"ListItem","position":2,"name":"Otomotiv Tesisleri \u0130\u00e7in Servis Ekipmanlar\u0131","item":"https:\/\/bakirci.com\/ekipman\/"},{"@type":"ListItem","position":3,"name":"Aks \u00d6l\u00e7\u00fcm D\u00f6rt S\u00fctunlu Hidrolik Lift ROTARY (Born in USA)SM55LT-51-AKKald\u0131rma kapasitesi 5500 kg (Binek, SUV)"}]}]}},"_links":{"self":[{"href":"https:\/\/bakirci.com\/ekipman\/wp-json\/wp\/v2\/product\/6161","targetHints":{"allow":["GET"]}}],"collection":[{"href":"https:\/\/bakirci.com\/ekipman\/wp-json\/wp\/v2\/product"}],"about":[{"href":"https:\/\/bakirci.com\/ekipman\/wp-json\/wp\/v2\/types\/product"}],"replies":[{"embeddable":true,"href":"https:\/\/bakirci.com\/ekipman\/wp-json\/wp\/v2\/comments?post=6161"}],"wp:featuredmedia":[{"embeddable":true,"href":"https:\/\/bakirci.com\/ekipman\/wp-json\/wp\/v2\/media\/6303"}],"wp:attachment":[{"href":"https:\/\/bakirci.com\/ekipman\/wp-json\/wp\/v2\/media?parent=6161"}],"wp:term":[{"taxonomy":"product_cat","embeddable":true,"href":"https:\/\/bakirci.com\/ekipman\/wp-json\/wp\/v2\/product_cat?post=6161"},{"taxonomy":"product_tag","embeddable":true,"href":"https:\/\/bakirci.com\/ekipman\/wp-json\/wp\/v2\/product_tag?post=6161"}],"curies":[{"name":"wp","href":"https:\/\/api.w.org\/{rel}","templated":true}]}}