{"id":6136,"date":"2021-01-02T18:19:42","date_gmt":"2021-01-02T18:19:42","guid":{"rendered":"https:\/\/bakirci.com\/ekipman\/?post_type=product&#038;p=6136"},"modified":"2023-01-11T13:46:28","modified_gmt":"2023-01-11T13:46:28","slug":"klima-gaz-dolum-cihazi-waecoborn-in-germanyasc-6100g-r1234yfsogutucu-tank-hacmi-9-lt","status":"publish","type":"product","link":"https:\/\/bakirci.com\/ekipman\/servis-ekipmanlari\/mekanik\/klima-bakim-cihazlari\/klima-gaz-dolum-cihazi-waecoborn-in-germanyasc-6100g-r1234yfsogutucu-tank-hacmi-9-lt\/","title":{"rendered":"<p class=\"ustmetin\">Klima Gaz Dolum Cihaz\u0131 <\/p><p class=\"ortametin\">WAECO<span class=\"ortametin2\">(Born in GERMANY)<\/span><\/p><p class=\"altmetin\">ASC 6100G &#8211; R1234yf<br>So\u011futucu tank hacmi 9 lt<\/p>"},"content":{"rendered":"<p><b>Klima Gaz Dolum Cihaz\u0131 \u2013 ASC 6100G &#8211; R1234yf<\/b><\/p>\n<ul>\n<li>Binek, hafif ticari, a\u011f\u0131r ticari tip ara\u00e7lar i\u00e7in<br \/>\nyar\u0131 otomatik klima gaz dolum cihaz\u0131 (R1234yf)<\/li>\n<li>So\u011futucu gaz\u0131n\u0131n geri kazan\u0131m\u0131\/geri \u00e7evrimi<\/li>\n<li>Ta\u015f\u0131ma esnas\u0131nda, a\u011f\u0131rl\u0131k sens\u00f6r\u00fcn\u00fc koruyan darbe emi\u015f sistemi<\/li>\n<li>USB portu \u00fczerinden uygun yaz\u0131l\u0131m g\u00fcncellemesi ve<\/li>\n<li>datalar\u0131n kopyalanarak pc \u00fczerinden yazd\u0131r\u0131lmas\u0131<\/li>\n<li>HP\/LP manometreler<\/li>\n<li>LCD grafik ekran<\/li>\n<li>So\u011futucu tank hacmi 9lt<\/li>\n<li>Gaz geri d\u00f6n\u00fc\u015f\u00fcm netlik oran\u0131 %95<\/li>\n<\/ul>\n","protected":false},"excerpt":{"rendered":"<ul>\n<li>Binek, hafif ticari, a\u011f\u0131r ticari tip ara\u00e7lar i\u00e7in<br \/>\nyar\u0131 otomatik klima gaz dolum cihaz\u0131 (R1234yf)<\/li>\n<li>So\u011futucu gaz\u0131n\u0131n geri kazan\u0131m\u0131\/geri \u00e7evrimi<\/li>\n<li>Ta\u015f\u0131ma esnas\u0131nda, a\u011f\u0131rl\u0131k sens\u00f6r\u00fcn\u00fc koruyan darbe emi\u015f sistemi<\/li>\n<li>USB portu \u00fczerinden uygun yaz\u0131l\u0131m g\u00fcncellemesi ve<\/li>\n<li>datalar\u0131n kopyalanarak pc \u00fczerinden yazd\u0131r\u0131lmas\u0131<\/li>\n<li>HP\/LP manometreler<\/li>\n<li>LCD grafik ekran<\/li>\n<li>So\u011futucu tank hacmi 9lt<\/li>\n<li>Gaz geri d\u00f6n\u00fc\u015f\u00fcm netlik oran\u0131 %95<\/li>\n<\/ul>\n","protected":false},"featured_media":6137,"comment_status":"open","ping_status":"closed","template":"","meta":[],"product_cat":[139,150],"product_tag":[594,593,595,596],"class_list":["post-6136","product","type-product","status-publish","has-post-thumbnail","hentry","pwb-brand-waeco","product_cat-mekanik","product_cat-klima-bakim-cihazlari","product_tag-araba-gaz-basma","product_tag-arac-gaz-basma","product_tag-klima-test-cihazi","product_tag-sogutucu-gaz-basma"],"brands":[{"id":798,"name":"WAECO","slug":"waeco"}],"yoast_head":"<!-- This site is optimized with the Yoast SEO plugin v17.1 - https:\/\/yoast.com\/wordpress\/plugins\/seo\/ -->\n<title>Klima Gaz Dolum Cihaz\u0131 WAECO(Born in GERMANY)ASC 6100G - R1234yfSo\u011futucu tank hacmi 9 lt - Bak\u0131rc\u0131 Garagineering<\/title>\n<meta name=\"robots\" content=\"index, follow, max-snippet:-1, max-image-preview:large, max-video-preview:-1\" \/>\n<link rel=\"canonical\" href=\"https:\/\/bakirci.com\/ekipman\/servis-ekipmanlari\/mekanik\/klima-bakim-cihazlari\/klima-gaz-dolum-cihazi-waecoborn-in-germanyasc-6100g-r1234yfsogutucu-tank-hacmi-9-lt\/\" \/>\n<meta property=\"og:locale\" content=\"tr_TR\" \/>\n<meta property=\"og:type\" content=\"article\" \/>\n<meta property=\"og:title\" content=\"Klima Gaz Dolum Cihaz\u0131 WAECO(Born in GERMANY)ASC 6100G - R1234yfSo\u011futucu tank hacmi 9 lt - Bak\u0131rc\u0131 Garagineering\" \/>\n<meta property=\"og:description\" content=\"Binek, hafif ticari, a\u011f\u0131r ticari tip ara\u00e7lar i\u00e7in yar\u0131 otomatik klima gaz dolum cihaz\u0131 (R1234yf)  So\u011futucu gaz\u0131n\u0131n geri kazan\u0131m\u0131\/geri \u00e7evrimi  Ta\u015f\u0131ma esnas\u0131nda, a\u011f\u0131rl\u0131k sens\u00f6r\u00fcn\u00fc koruyan darbe emi\u015f sistemi  USB portu \u00fczerinden uygun yaz\u0131l\u0131m g\u00fcncellemesi ve  datalar\u0131n kopyalanarak pc \u00fczerinden yazd\u0131r\u0131lmas\u0131  HP\/LP manometreler  LCD grafik ekran  So\u011futucu tank hacmi 9lt  Gaz geri d\u00f6n\u00fc\u015f\u00fcm netlik oran\u0131 %95\" \/>\n<meta property=\"og:url\" content=\"https:\/\/bakirci.com\/ekipman\/servis-ekipmanlari\/mekanik\/klima-bakim-cihazlari\/klima-gaz-dolum-cihazi-waecoborn-in-germanyasc-6100g-r1234yfsogutucu-tank-hacmi-9-lt\/\" \/>\n<meta property=\"og:site_name\" content=\"Bak\u0131rc\u0131 Garagineering\" \/>\n<meta property=\"article:publisher\" content=\"https:\/\/www.facebook.com\/bakirci.garagineering\" \/>\n<meta property=\"article:modified_time\" content=\"2023-01-11T13:46:28+00:00\" \/>\n<meta property=\"og:image\" content=\"https:\/\/bakirci.com\/ekipman\/wp-content\/uploads\/2023\/01\/6100g.png\" \/>\n\t<meta property=\"og:image:width\" content=\"580\" \/>\n\t<meta property=\"og:image:height\" content=\"580\" \/>\n<meta name=\"twitter:card\" content=\"summary_large_image\" \/>\n<meta name=\"twitter:label1\" content=\"Tahmini okuma s\u00fcresi\" \/>\n\t<meta name=\"twitter:data1\" content=\"1 dakika\" \/>\n<script type=\"application\/ld+json\" class=\"yoast-schema-graph\">{\"@context\":\"https:\/\/schema.org\",\"@graph\":[{\"@type\":\"Organization\",\"@id\":\"https:\/\/bakirci.com\/ekipman\/#organization\",\"name\":\"Bak\\u0131rc\\u0131 garagineering\",\"url\":\"https:\/\/bakirci.com\/ekipman\/\",\"sameAs\":[\"https:\/\/www.facebook.com\/bakirci.garagineering\",\"https:\/\/www.instagram.com\/bakirci.garagineering\/\",\"https:\/\/www.linkedin.com\/company\/bakirci-garagineering\/\",\"https:\/\/www.youtube.com\/channel\/UCiVG6s_jALJ6Zk8085XiOQg\"],\"logo\":{\"@type\":\"ImageObject\",\"@id\":\"https:\/\/bakirci.com\/ekipman\/#logo\",\"inLanguage\":\"tr\",\"url\":\"https:\/\/bakirci.com\/ekipman\/wp-content\/uploads\/2021\/09\/Bakirci-logo-lacivert.png\",\"contentUrl\":\"https:\/\/bakirci.com\/ekipman\/wp-content\/uploads\/2021\/09\/Bakirci-logo-lacivert.png\",\"width\":501,\"height\":501,\"caption\":\"Bak\\u0131rc\\u0131 garagineering\"},\"image\":{\"@id\":\"https:\/\/bakirci.com\/ekipman\/#logo\"}},{\"@type\":\"WebSite\",\"@id\":\"https:\/\/bakirci.com\/ekipman\/#website\",\"url\":\"https:\/\/bakirci.com\/ekipman\/\",\"name\":\"Bak\\u0131rc\\u0131 Garagineering\",\"description\":\"Otomotiv sekt\\u00f6r\\u00fcne \\u00f6zel, \\u201c\\u00dcretici Standard\\u0131nda\\u201d \\u00e7\\u00f6z\\u00fcmler\\u2026\",\"publisher\":{\"@id\":\"https:\/\/bakirci.com\/ekipman\/#organization\"},\"potentialAction\":[{\"@type\":\"SearchAction\",\"target\":{\"@type\":\"EntryPoint\",\"urlTemplate\":\"https:\/\/bakirci.com\/ekipman\/?s={search_term_string}\"},\"query-input\":\"required name=search_term_string\"}],\"inLanguage\":\"tr\"},{\"@type\":\"ImageObject\",\"@id\":\"https:\/\/bakirci.com\/ekipman\/servis-ekipmanlari\/mekanik\/klima-bakim-cihazlari\/klima-gaz-dolum-cihazi-waecoborn-in-germanyasc-6100g-r1234yfsogutucu-tank-hacmi-9-lt\/#primaryimage\",\"inLanguage\":\"tr\",\"url\":\"https:\/\/bakirci.com\/ekipman\/wp-content\/uploads\/2023\/01\/6100g.png\",\"contentUrl\":\"https:\/\/bakirci.com\/ekipman\/wp-content\/uploads\/2023\/01\/6100g.png\",\"width\":580,\"height\":580},{\"@type\":\"WebPage\",\"@id\":\"https:\/\/bakirci.com\/ekipman\/servis-ekipmanlari\/mekanik\/klima-bakim-cihazlari\/klima-gaz-dolum-cihazi-waecoborn-in-germanyasc-6100g-r1234yfsogutucu-tank-hacmi-9-lt\/#webpage\",\"url\":\"https:\/\/bakirci.com\/ekipman\/servis-ekipmanlari\/mekanik\/klima-bakim-cihazlari\/klima-gaz-dolum-cihazi-waecoborn-in-germanyasc-6100g-r1234yfsogutucu-tank-hacmi-9-lt\/\",\"name\":\"Klima Gaz Dolum Cihaz\\u0131 WAECO(Born in GERMANY) ASC 6100G - R1234yf So\\u011futucu tank hacmi 9 lt - Bak\\u0131rc\\u0131 Garagineering\",\"isPartOf\":{\"@id\":\"https:\/\/bakirci.com\/ekipman\/#website\"},\"primaryImageOfPage\":{\"@id\":\"https:\/\/bakirci.com\/ekipman\/servis-ekipmanlari\/mekanik\/klima-bakim-cihazlari\/klima-gaz-dolum-cihazi-waecoborn-in-germanyasc-6100g-r1234yfsogutucu-tank-hacmi-9-lt\/#primaryimage\"},\"datePublished\":\"2021-01-02T18:19:42+00:00\",\"dateModified\":\"2023-01-11T13:46:28+00:00\",\"breadcrumb\":{\"@id\":\"https:\/\/bakirci.com\/ekipman\/servis-ekipmanlari\/mekanik\/klima-bakim-cihazlari\/klima-gaz-dolum-cihazi-waecoborn-in-germanyasc-6100g-r1234yfsogutucu-tank-hacmi-9-lt\/#breadcrumb\"},\"inLanguage\":\"tr\",\"potentialAction\":[{\"@type\":\"ReadAction\",\"target\":[\"https:\/\/bakirci.com\/ekipman\/servis-ekipmanlari\/mekanik\/klima-bakim-cihazlari\/klima-gaz-dolum-cihazi-waecoborn-in-germanyasc-6100g-r1234yfsogutucu-tank-hacmi-9-lt\/\"]}]},{\"@type\":\"BreadcrumbList\",\"@id\":\"https:\/\/bakirci.com\/ekipman\/servis-ekipmanlari\/mekanik\/klima-bakim-cihazlari\/klima-gaz-dolum-cihazi-waecoborn-in-germanyasc-6100g-r1234yfsogutucu-tank-hacmi-9-lt\/#breadcrumb\",\"itemListElement\":[{\"@type\":\"ListItem\",\"position\":1,\"name\":\"Ekipman\",\"item\":\"https:\/\/bakirci.com\/ekipman\/\"},{\"@type\":\"ListItem\",\"position\":2,\"name\":\"Otomotiv Tesisleri \\u0130\\u00e7in Servis Ekipmanlar\\u0131\",\"item\":\"https:\/\/bakirci.com\/ekipman\/\"},{\"@type\":\"ListItem\",\"position\":3,\"name\":\"Klima Gaz Dolum Cihaz\\u0131 WAECO(Born in GERMANY)ASC 6100G &#8211; R1234yfSo\\u011futucu tank hacmi 9 lt\"}]}]}<\/script>\n<!-- \/ Yoast SEO plugin. -->","yoast_head_json":{"title":"Klima Gaz Dolum Cihaz\u0131 WAECO(Born in GERMANY)ASC 6100G - R1234yfSo\u011futucu tank hacmi 9 lt - Bak\u0131rc\u0131 Garagineering","robots":{"index":"index","follow":"follow","max-snippet":"max-snippet:-1","max-image-preview":"max-image-preview:large","max-video-preview":"max-video-preview:-1"},"canonical":"https:\/\/bakirci.com\/ekipman\/servis-ekipmanlari\/mekanik\/klima-bakim-cihazlari\/klima-gaz-dolum-cihazi-waecoborn-in-germanyasc-6100g-r1234yfsogutucu-tank-hacmi-9-lt\/","og_locale":"tr_TR","og_type":"article","og_title":"Klima Gaz Dolum Cihaz\u0131 WAECO(Born in GERMANY)ASC 6100G - R1234yfSo\u011futucu tank hacmi 9 lt - Bak\u0131rc\u0131 Garagineering","og_description":"Binek, hafif ticari, a\u011f\u0131r ticari tip ara\u00e7lar i\u00e7in yar\u0131 otomatik klima gaz dolum cihaz\u0131 (R1234yf)  So\u011futucu gaz\u0131n\u0131n geri kazan\u0131m\u0131\/geri \u00e7evrimi  Ta\u015f\u0131ma esnas\u0131nda, a\u011f\u0131rl\u0131k sens\u00f6r\u00fcn\u00fc koruyan darbe emi\u015f sistemi  USB portu \u00fczerinden uygun yaz\u0131l\u0131m g\u00fcncellemesi ve  datalar\u0131n kopyalanarak pc \u00fczerinden yazd\u0131r\u0131lmas\u0131  HP\/LP manometreler  LCD grafik ekran  So\u011futucu tank hacmi 9lt  Gaz geri d\u00f6n\u00fc\u015f\u00fcm netlik oran\u0131 %95","og_url":"https:\/\/bakirci.com\/ekipman\/servis-ekipmanlari\/mekanik\/klima-bakim-cihazlari\/klima-gaz-dolum-cihazi-waecoborn-in-germanyasc-6100g-r1234yfsogutucu-tank-hacmi-9-lt\/","og_site_name":"Bak\u0131rc\u0131 Garagineering","article_publisher":"https:\/\/www.facebook.com\/bakirci.garagineering","article_modified_time":"2023-01-11T13:46:28+00:00","og_image":[{"width":580,"height":580,"filesize":230730,"url":"https:\/\/bakirci.com\/ekipman\/wp-content\/uploads\/2023\/01\/6100g.png","path":"\/home\/bakirciwebsitesi\/public_html\/ekipman\/wp-content\/uploads\/2023\/01\/6100g.png","size":"full","id":6137,"alt":"","pixels":336400,"type":"image\/png"}],"twitter_card":"summary_large_image","twitter_misc":{"Tahmini okuma s\u00fcresi":"1 dakika"},"schema":{"@context":"https:\/\/schema.org","@graph":[{"@type":"Organization","@id":"https:\/\/bakirci.com\/ekipman\/#organization","name":"Bak\u0131rc\u0131 garagineering","url":"https:\/\/bakirci.com\/ekipman\/","sameAs":["https:\/\/www.facebook.com\/bakirci.garagineering","https:\/\/www.instagram.com\/bakirci.garagineering\/","https:\/\/www.linkedin.com\/company\/bakirci-garagineering\/","https:\/\/www.youtube.com\/channel\/UCiVG6s_jALJ6Zk8085XiOQg"],"logo":{"@type":"ImageObject","@id":"https:\/\/bakirci.com\/ekipman\/#logo","inLanguage":"tr","url":"https:\/\/bakirci.com\/ekipman\/wp-content\/uploads\/2021\/09\/Bakirci-logo-lacivert.png","contentUrl":"https:\/\/bakirci.com\/ekipman\/wp-content\/uploads\/2021\/09\/Bakirci-logo-lacivert.png","width":501,"height":501,"caption":"Bak\u0131rc\u0131 garagineering"},"image":{"@id":"https:\/\/bakirci.com\/ekipman\/#logo"}},{"@type":"WebSite","@id":"https:\/\/bakirci.com\/ekipman\/#website","url":"https:\/\/bakirci.com\/ekipman\/","name":"Bak\u0131rc\u0131 Garagineering","description":"Otomotiv sekt\u00f6r\u00fcne \u00f6zel, \u201c\u00dcretici Standard\u0131nda\u201d \u00e7\u00f6z\u00fcmler\u2026","publisher":{"@id":"https:\/\/bakirci.com\/ekipman\/#organization"},"potentialAction":[{"@type":"SearchAction","target":{"@type":"EntryPoint","urlTemplate":"https:\/\/bakirci.com\/ekipman\/?s={search_term_string}"},"query-input":"required name=search_term_string"}],"inLanguage":"tr"},{"@type":"ImageObject","@id":"https:\/\/bakirci.com\/ekipman\/servis-ekipmanlari\/mekanik\/klima-bakim-cihazlari\/klima-gaz-dolum-cihazi-waecoborn-in-germanyasc-6100g-r1234yfsogutucu-tank-hacmi-9-lt\/#primaryimage","inLanguage":"tr","url":"https:\/\/bakirci.com\/ekipman\/wp-content\/uploads\/2023\/01\/6100g.png","contentUrl":"https:\/\/bakirci.com\/ekipman\/wp-content\/uploads\/2023\/01\/6100g.png","width":580,"height":580},{"@type":"WebPage","@id":"https:\/\/bakirci.com\/ekipman\/servis-ekipmanlari\/mekanik\/klima-bakim-cihazlari\/klima-gaz-dolum-cihazi-waecoborn-in-germanyasc-6100g-r1234yfsogutucu-tank-hacmi-9-lt\/#webpage","url":"https:\/\/bakirci.com\/ekipman\/servis-ekipmanlari\/mekanik\/klima-bakim-cihazlari\/klima-gaz-dolum-cihazi-waecoborn-in-germanyasc-6100g-r1234yfsogutucu-tank-hacmi-9-lt\/","name":"Klima Gaz Dolum Cihaz\u0131 WAECO(Born in GERMANY) ASC 6100G - R1234yf So\u011futucu tank hacmi 9 lt - Bak\u0131rc\u0131 Garagineering","isPartOf":{"@id":"https:\/\/bakirci.com\/ekipman\/#website"},"primaryImageOfPage":{"@id":"https:\/\/bakirci.com\/ekipman\/servis-ekipmanlari\/mekanik\/klima-bakim-cihazlari\/klima-gaz-dolum-cihazi-waecoborn-in-germanyasc-6100g-r1234yfsogutucu-tank-hacmi-9-lt\/#primaryimage"},"datePublished":"2021-01-02T18:19:42+00:00","dateModified":"2023-01-11T13:46:28+00:00","breadcrumb":{"@id":"https:\/\/bakirci.com\/ekipman\/servis-ekipmanlari\/mekanik\/klima-bakim-cihazlari\/klima-gaz-dolum-cihazi-waecoborn-in-germanyasc-6100g-r1234yfsogutucu-tank-hacmi-9-lt\/#breadcrumb"},"inLanguage":"tr","potentialAction":[{"@type":"ReadAction","target":["https:\/\/bakirci.com\/ekipman\/servis-ekipmanlari\/mekanik\/klima-bakim-cihazlari\/klima-gaz-dolum-cihazi-waecoborn-in-germanyasc-6100g-r1234yfsogutucu-tank-hacmi-9-lt\/"]}]},{"@type":"BreadcrumbList","@id":"https:\/\/bakirci.com\/ekipman\/servis-ekipmanlari\/mekanik\/klima-bakim-cihazlari\/klima-gaz-dolum-cihazi-waecoborn-in-germanyasc-6100g-r1234yfsogutucu-tank-hacmi-9-lt\/#breadcrumb","itemListElement":[{"@type":"ListItem","position":1,"name":"Ekipman","item":"https:\/\/bakirci.com\/ekipman\/"},{"@type":"ListItem","position":2,"name":"Otomotiv Tesisleri \u0130\u00e7in Servis Ekipmanlar\u0131","item":"https:\/\/bakirci.com\/ekipman\/"},{"@type":"ListItem","position":3,"name":"Klima Gaz Dolum Cihaz\u0131 WAECO(Born in GERMANY)ASC 6100G &#8211; R1234yfSo\u011futucu tank hacmi 9 lt"}]}]}},"_links":{"self":[{"href":"https:\/\/bakirci.com\/ekipman\/wp-json\/wp\/v2\/product\/6136","targetHints":{"allow":["GET"]}}],"collection":[{"href":"https:\/\/bakirci.com\/ekipman\/wp-json\/wp\/v2\/product"}],"about":[{"href":"https:\/\/bakirci.com\/ekipman\/wp-json\/wp\/v2\/types\/product"}],"replies":[{"embeddable":true,"href":"https:\/\/bakirci.com\/ekipman\/wp-json\/wp\/v2\/comments?post=6136"}],"wp:featuredmedia":[{"embeddable":true,"href":"https:\/\/bakirci.com\/ekipman\/wp-json\/wp\/v2\/media\/6137"}],"wp:attachment":[{"href":"https:\/\/bakirci.com\/ekipman\/wp-json\/wp\/v2\/media?parent=6136"}],"wp:term":[{"taxonomy":"product_cat","embeddable":true,"href":"https:\/\/bakirci.com\/ekipman\/wp-json\/wp\/v2\/product_cat?post=6136"},{"taxonomy":"product_tag","embeddable":true,"href":"https:\/\/bakirci.com\/ekipman\/wp-json\/wp\/v2\/product_tag?post=6136"}],"curies":[{"name":"wp","href":"https:\/\/api.w.org\/{rel}","templated":true}]}}