{"id":6090,"date":"2021-01-01T09:04:49","date_gmt":"2021-01-01T09:04:49","guid":{"rendered":"https:\/\/bakirci.com\/ekipman\/?post_type=product&#038;p=6090"},"modified":"2022-04-19T06:33:25","modified_gmt":"2022-04-19T06:33:25","slug":"atik-yag-emis-setisamoa-born-in-spain379711","status":"publish","type":"product","link":"https:\/\/bakirci.com\/ekipman\/servis-ekipmanlari\/genel\/yag-hava-su-sistemleri\/atik-yag-sistemleri\/atik-yag-emis-setisamoa-born-in-spain379711\/","title":{"rendered":"<p class=\"ustmetin\">At\u0131k Ya\u011f Emi\u015f Seti<\/p><p class=\"ortametin\">SAMOA <span class=\"ortametin2\">(Born in SPAIN)<\/span><p class=\"altmetin\">379711<\/p>"},"content":{"rendered":"<ul>\n<li>At\u0131k Ya\u011f Emi\u015f Seti &#8211; 379711<\/li>\n<li>\u00d6zel kutu i\u00e7inde, emi\u015f u\u00e7lar\u0131 ile birlikte<\/li>\n<\/ul>\n","protected":false},"excerpt":{"rendered":"<ul>\n<li>At\u0131k Ya\u011f Emi\u015f Seti &#8211; 379711<\/li>\n<li>\u00d6zel kutu i\u00e7inde, emi\u015f u\u00e7lar\u0131 ile birlikte<\/li>\n<\/ul>\n","protected":false},"featured_media":6093,"comment_status":"open","ping_status":"closed","template":"","meta":[],"product_cat":[188],"product_tag":[],"class_list":["post-6090","product","type-product","status-publish","has-post-thumbnail","hentry","pwb-brand-samoa","product_cat-atik-yag-sistemleri"],"brands":[{"id":381,"name":"SAMOA","slug":"samoa"}],"yoast_head":"<!-- This site is optimized with the Yoast SEO plugin v17.1 - https:\/\/yoast.com\/wordpress\/plugins\/seo\/ -->\n<title>At\u0131k Ya\u011f Emi\u015f SetiSAMOA (Born in SPAIN)379711 - Bak\u0131rc\u0131 Garagineering<\/title>\n<meta name=\"robots\" content=\"index, follow, max-snippet:-1, max-image-preview:large, max-video-preview:-1\" \/>\n<link rel=\"canonical\" href=\"https:\/\/bakirci.com\/ekipman\/servis-ekipmanlari\/genel\/yag-hava-su-sistemleri\/atik-yag-sistemleri\/atik-yag-emis-setisamoa-born-in-spain379711\/\" \/>\n<meta property=\"og:locale\" content=\"tr_TR\" \/>\n<meta property=\"og:type\" content=\"article\" \/>\n<meta property=\"og:title\" content=\"At\u0131k Ya\u011f Emi\u015f SetiSAMOA (Born in SPAIN)379711 - Bak\u0131rc\u0131 Garagineering\" \/>\n<meta property=\"og:description\" content=\"At\u0131k Ya\u011f Emi\u015f Seti - 379711  \u00d6zel kutu i\u00e7inde, emi\u015f u\u00e7lar\u0131 ile birlikte\" \/>\n<meta property=\"og:url\" content=\"https:\/\/bakirci.com\/ekipman\/servis-ekipmanlari\/genel\/yag-hava-su-sistemleri\/atik-yag-sistemleri\/atik-yag-emis-setisamoa-born-in-spain379711\/\" \/>\n<meta property=\"og:site_name\" content=\"Bak\u0131rc\u0131 Garagineering\" \/>\n<meta property=\"article:publisher\" content=\"https:\/\/www.facebook.com\/bakirci.garagineering\" \/>\n<meta property=\"article:modified_time\" content=\"2022-04-19T06:33:25+00:00\" \/>\n<meta property=\"og:image\" content=\"https:\/\/bakirci.com\/ekipman\/wp-content\/uploads\/2021\/01\/Atik-Yag-Emis-Seti-379711.png\" \/>\n\t<meta property=\"og:image:width\" content=\"1600\" \/>\n\t<meta property=\"og:image:height\" content=\"1600\" \/>\n<meta name=\"twitter:card\" content=\"summary_large_image\" \/>\n<meta name=\"twitter:label1\" content=\"Tahmini okuma s\u00fcresi\" \/>\n\t<meta name=\"twitter:data1\" content=\"1 dakika\" \/>\n<script type=\"application\/ld+json\" class=\"yoast-schema-graph\">{\"@context\":\"https:\/\/schema.org\",\"@graph\":[{\"@type\":\"Organization\",\"@id\":\"https:\/\/bakirci.com\/ekipman\/#organization\",\"name\":\"Bak\\u0131rc\\u0131 garagineering\",\"url\":\"https:\/\/bakirci.com\/ekipman\/\",\"sameAs\":[\"https:\/\/www.facebook.com\/bakirci.garagineering\",\"https:\/\/www.instagram.com\/bakirci.garagineering\/\",\"https:\/\/www.linkedin.com\/company\/bakirci-garagineering\/\",\"https:\/\/www.youtube.com\/channel\/UCiVG6s_jALJ6Zk8085XiOQg\"],\"logo\":{\"@type\":\"ImageObject\",\"@id\":\"https:\/\/bakirci.com\/ekipman\/#logo\",\"inLanguage\":\"tr\",\"url\":\"https:\/\/bakirci.com\/ekipman\/wp-content\/uploads\/2021\/09\/Bakirci-logo-lacivert.png\",\"contentUrl\":\"https:\/\/bakirci.com\/ekipman\/wp-content\/uploads\/2021\/09\/Bakirci-logo-lacivert.png\",\"width\":501,\"height\":501,\"caption\":\"Bak\\u0131rc\\u0131 garagineering\"},\"image\":{\"@id\":\"https:\/\/bakirci.com\/ekipman\/#logo\"}},{\"@type\":\"WebSite\",\"@id\":\"https:\/\/bakirci.com\/ekipman\/#website\",\"url\":\"https:\/\/bakirci.com\/ekipman\/\",\"name\":\"Bak\\u0131rc\\u0131 Garagineering\",\"description\":\"Otomotiv sekt\\u00f6r\\u00fcne \\u00f6zel, \\u201c\\u00dcretici Standard\\u0131nda\\u201d \\u00e7\\u00f6z\\u00fcmler\\u2026\",\"publisher\":{\"@id\":\"https:\/\/bakirci.com\/ekipman\/#organization\"},\"potentialAction\":[{\"@type\":\"SearchAction\",\"target\":{\"@type\":\"EntryPoint\",\"urlTemplate\":\"https:\/\/bakirci.com\/ekipman\/?s={search_term_string}\"},\"query-input\":\"required name=search_term_string\"}],\"inLanguage\":\"tr\"},{\"@type\":\"ImageObject\",\"@id\":\"https:\/\/bakirci.com\/ekipman\/servis-ekipmanlari\/genel\/yag-hava-su-sistemleri\/atik-yag-sistemleri\/atik-yag-emis-setisamoa-born-in-spain379711\/#primaryimage\",\"inLanguage\":\"tr\",\"url\":\"https:\/\/bakirci.com\/ekipman\/wp-content\/uploads\/2021\/01\/Atik-Yag-Emis-Seti-379711.png\",\"contentUrl\":\"https:\/\/bakirci.com\/ekipman\/wp-content\/uploads\/2021\/01\/Atik-Yag-Emis-Seti-379711.png\",\"width\":1600,\"height\":1600},{\"@type\":\"WebPage\",\"@id\":\"https:\/\/bakirci.com\/ekipman\/servis-ekipmanlari\/genel\/yag-hava-su-sistemleri\/atik-yag-sistemleri\/atik-yag-emis-setisamoa-born-in-spain379711\/#webpage\",\"url\":\"https:\/\/bakirci.com\/ekipman\/servis-ekipmanlari\/genel\/yag-hava-su-sistemleri\/atik-yag-sistemleri\/atik-yag-emis-setisamoa-born-in-spain379711\/\",\"name\":\"At\\u0131k Ya\\u011f Emi\\u015f Seti SAMOA (Born in SPAIN)379711 - Bak\\u0131rc\\u0131 Garagineering\",\"isPartOf\":{\"@id\":\"https:\/\/bakirci.com\/ekipman\/#website\"},\"primaryImageOfPage\":{\"@id\":\"https:\/\/bakirci.com\/ekipman\/servis-ekipmanlari\/genel\/yag-hava-su-sistemleri\/atik-yag-sistemleri\/atik-yag-emis-setisamoa-born-in-spain379711\/#primaryimage\"},\"datePublished\":\"2021-01-01T09:04:49+00:00\",\"dateModified\":\"2022-04-19T06:33:25+00:00\",\"breadcrumb\":{\"@id\":\"https:\/\/bakirci.com\/ekipman\/servis-ekipmanlari\/genel\/yag-hava-su-sistemleri\/atik-yag-sistemleri\/atik-yag-emis-setisamoa-born-in-spain379711\/#breadcrumb\"},\"inLanguage\":\"tr\",\"potentialAction\":[{\"@type\":\"ReadAction\",\"target\":[\"https:\/\/bakirci.com\/ekipman\/servis-ekipmanlari\/genel\/yag-hava-su-sistemleri\/atik-yag-sistemleri\/atik-yag-emis-setisamoa-born-in-spain379711\/\"]}]},{\"@type\":\"BreadcrumbList\",\"@id\":\"https:\/\/bakirci.com\/ekipman\/servis-ekipmanlari\/genel\/yag-hava-su-sistemleri\/atik-yag-sistemleri\/atik-yag-emis-setisamoa-born-in-spain379711\/#breadcrumb\",\"itemListElement\":[{\"@type\":\"ListItem\",\"position\":1,\"name\":\"Ekipman\",\"item\":\"https:\/\/bakirci.com\/ekipman\/\"},{\"@type\":\"ListItem\",\"position\":2,\"name\":\"Otomotiv Tesisleri \\u0130\\u00e7in Servis Ekipmanlar\\u0131\",\"item\":\"https:\/\/bakirci.com\/ekipman\/\"},{\"@type\":\"ListItem\",\"position\":3,\"name\":\"At\\u0131k Ya\\u011f Emi\\u015f SetiSAMOA (Born in SPAIN)379711\"}]}]}<\/script>\n<!-- \/ Yoast SEO plugin. -->","yoast_head_json":{"title":"At\u0131k Ya\u011f Emi\u015f SetiSAMOA (Born in SPAIN)379711 - Bak\u0131rc\u0131 Garagineering","robots":{"index":"index","follow":"follow","max-snippet":"max-snippet:-1","max-image-preview":"max-image-preview:large","max-video-preview":"max-video-preview:-1"},"canonical":"https:\/\/bakirci.com\/ekipman\/servis-ekipmanlari\/genel\/yag-hava-su-sistemleri\/atik-yag-sistemleri\/atik-yag-emis-setisamoa-born-in-spain379711\/","og_locale":"tr_TR","og_type":"article","og_title":"At\u0131k Ya\u011f Emi\u015f SetiSAMOA (Born in SPAIN)379711 - Bak\u0131rc\u0131 Garagineering","og_description":"At\u0131k Ya\u011f Emi\u015f Seti - 379711  \u00d6zel kutu i\u00e7inde, emi\u015f u\u00e7lar\u0131 ile birlikte","og_url":"https:\/\/bakirci.com\/ekipman\/servis-ekipmanlari\/genel\/yag-hava-su-sistemleri\/atik-yag-sistemleri\/atik-yag-emis-setisamoa-born-in-spain379711\/","og_site_name":"Bak\u0131rc\u0131 Garagineering","article_publisher":"https:\/\/www.facebook.com\/bakirci.garagineering","article_modified_time":"2022-04-19T06:33:25+00:00","og_image":[{"width":1600,"height":1600,"url":"https:\/\/bakirci.com\/ekipman\/wp-content\/uploads\/2021\/01\/Atik-Yag-Emis-Seti-379711.png","path":"\/home\/bakirciwebsitesi\/public_html\/ekipman\/wp-content\/uploads\/2021\/01\/Atik-Yag-Emis-Seti-379711.png","size":"full","id":6093,"alt":"","pixels":2560000,"type":"image\/png"}],"twitter_card":"summary_large_image","twitter_misc":{"Tahmini okuma s\u00fcresi":"1 dakika"},"schema":{"@context":"https:\/\/schema.org","@graph":[{"@type":"Organization","@id":"https:\/\/bakirci.com\/ekipman\/#organization","name":"Bak\u0131rc\u0131 garagineering","url":"https:\/\/bakirci.com\/ekipman\/","sameAs":["https:\/\/www.facebook.com\/bakirci.garagineering","https:\/\/www.instagram.com\/bakirci.garagineering\/","https:\/\/www.linkedin.com\/company\/bakirci-garagineering\/","https:\/\/www.youtube.com\/channel\/UCiVG6s_jALJ6Zk8085XiOQg"],"logo":{"@type":"ImageObject","@id":"https:\/\/bakirci.com\/ekipman\/#logo","inLanguage":"tr","url":"https:\/\/bakirci.com\/ekipman\/wp-content\/uploads\/2021\/09\/Bakirci-logo-lacivert.png","contentUrl":"https:\/\/bakirci.com\/ekipman\/wp-content\/uploads\/2021\/09\/Bakirci-logo-lacivert.png","width":501,"height":501,"caption":"Bak\u0131rc\u0131 garagineering"},"image":{"@id":"https:\/\/bakirci.com\/ekipman\/#logo"}},{"@type":"WebSite","@id":"https:\/\/bakirci.com\/ekipman\/#website","url":"https:\/\/bakirci.com\/ekipman\/","name":"Bak\u0131rc\u0131 Garagineering","description":"Otomotiv sekt\u00f6r\u00fcne \u00f6zel, \u201c\u00dcretici Standard\u0131nda\u201d \u00e7\u00f6z\u00fcmler\u2026","publisher":{"@id":"https:\/\/bakirci.com\/ekipman\/#organization"},"potentialAction":[{"@type":"SearchAction","target":{"@type":"EntryPoint","urlTemplate":"https:\/\/bakirci.com\/ekipman\/?s={search_term_string}"},"query-input":"required name=search_term_string"}],"inLanguage":"tr"},{"@type":"ImageObject","@id":"https:\/\/bakirci.com\/ekipman\/servis-ekipmanlari\/genel\/yag-hava-su-sistemleri\/atik-yag-sistemleri\/atik-yag-emis-setisamoa-born-in-spain379711\/#primaryimage","inLanguage":"tr","url":"https:\/\/bakirci.com\/ekipman\/wp-content\/uploads\/2021\/01\/Atik-Yag-Emis-Seti-379711.png","contentUrl":"https:\/\/bakirci.com\/ekipman\/wp-content\/uploads\/2021\/01\/Atik-Yag-Emis-Seti-379711.png","width":1600,"height":1600},{"@type":"WebPage","@id":"https:\/\/bakirci.com\/ekipman\/servis-ekipmanlari\/genel\/yag-hava-su-sistemleri\/atik-yag-sistemleri\/atik-yag-emis-setisamoa-born-in-spain379711\/#webpage","url":"https:\/\/bakirci.com\/ekipman\/servis-ekipmanlari\/genel\/yag-hava-su-sistemleri\/atik-yag-sistemleri\/atik-yag-emis-setisamoa-born-in-spain379711\/","name":"At\u0131k Ya\u011f Emi\u015f Seti SAMOA (Born in SPAIN)379711 - Bak\u0131rc\u0131 Garagineering","isPartOf":{"@id":"https:\/\/bakirci.com\/ekipman\/#website"},"primaryImageOfPage":{"@id":"https:\/\/bakirci.com\/ekipman\/servis-ekipmanlari\/genel\/yag-hava-su-sistemleri\/atik-yag-sistemleri\/atik-yag-emis-setisamoa-born-in-spain379711\/#primaryimage"},"datePublished":"2021-01-01T09:04:49+00:00","dateModified":"2022-04-19T06:33:25+00:00","breadcrumb":{"@id":"https:\/\/bakirci.com\/ekipman\/servis-ekipmanlari\/genel\/yag-hava-su-sistemleri\/atik-yag-sistemleri\/atik-yag-emis-setisamoa-born-in-spain379711\/#breadcrumb"},"inLanguage":"tr","potentialAction":[{"@type":"ReadAction","target":["https:\/\/bakirci.com\/ekipman\/servis-ekipmanlari\/genel\/yag-hava-su-sistemleri\/atik-yag-sistemleri\/atik-yag-emis-setisamoa-born-in-spain379711\/"]}]},{"@type":"BreadcrumbList","@id":"https:\/\/bakirci.com\/ekipman\/servis-ekipmanlari\/genel\/yag-hava-su-sistemleri\/atik-yag-sistemleri\/atik-yag-emis-setisamoa-born-in-spain379711\/#breadcrumb","itemListElement":[{"@type":"ListItem","position":1,"name":"Ekipman","item":"https:\/\/bakirci.com\/ekipman\/"},{"@type":"ListItem","position":2,"name":"Otomotiv Tesisleri \u0130\u00e7in Servis Ekipmanlar\u0131","item":"https:\/\/bakirci.com\/ekipman\/"},{"@type":"ListItem","position":3,"name":"At\u0131k Ya\u011f Emi\u015f SetiSAMOA (Born in SPAIN)379711"}]}]}},"_links":{"self":[{"href":"https:\/\/bakirci.com\/ekipman\/wp-json\/wp\/v2\/product\/6090","targetHints":{"allow":["GET"]}}],"collection":[{"href":"https:\/\/bakirci.com\/ekipman\/wp-json\/wp\/v2\/product"}],"about":[{"href":"https:\/\/bakirci.com\/ekipman\/wp-json\/wp\/v2\/types\/product"}],"replies":[{"embeddable":true,"href":"https:\/\/bakirci.com\/ekipman\/wp-json\/wp\/v2\/comments?post=6090"}],"wp:featuredmedia":[{"embeddable":true,"href":"https:\/\/bakirci.com\/ekipman\/wp-json\/wp\/v2\/media\/6093"}],"wp:attachment":[{"href":"https:\/\/bakirci.com\/ekipman\/wp-json\/wp\/v2\/media?parent=6090"}],"wp:term":[{"taxonomy":"product_cat","embeddable":true,"href":"https:\/\/bakirci.com\/ekipman\/wp-json\/wp\/v2\/product_cat?post=6090"},{"taxonomy":"product_tag","embeddable":true,"href":"https:\/\/bakirci.com\/ekipman\/wp-json\/wp\/v2\/product_tag?post=6090"}],"curies":[{"name":"wp","href":"https:\/\/api.w.org\/{rel}","templated":true}]}}