{"id":6037,"date":"2021-06-01T08:26:45","date_gmt":"2021-06-01T08:26:45","guid":{"rendered":"https:\/\/bakirci.com\/ekipman\/?post_type=product&#038;p=6037"},"modified":"2024-11-02T06:23:33","modified_gmt":"2024-11-02T06:23:33","slug":"sabit-balans-cihazijohn-bean-born-in-usab400lmanuel-sikistirma-sistemimaksimum-tekerlek-capi-42","status":"publish","type":"product","link":"https:\/\/bakirci.com\/ekipman\/servis-ekipmanlari\/mekanik\/lastik-servis-ekipmanlari\/balans-cihazlari\/sabit-balans-cihazijohn-bean-born-in-usab400lmanuel-sikistirma-sistemimaksimum-tekerlek-capi-42\/","title":{"rendered":"<p class=\"ustmetin\">Sabit Balans Cihaz\u0131<\/p><p class=\"ortametin\">JOHN BEAN <span class=\"ortametin2\">(Born in USA)<\/span><\/p><p class=\"altmetin\">B400L<br>Manuel s\u0131k\u0131\u015ft\u0131rma sistemi<br>maksimum tekerlek \u00e7ap\u0131 42&#8243;<\/p>"},"content":{"rendered":"<ul>\n<li>Sabit Balans Cihaz\u0131 &#8211; B400L<\/li>\n<li>Y\u00fcksek hassasiyet ve tekrarlanabilirlik i\u00e7in VPM \u00f6l\u00e7\u00fcm tekni\u011fi<\/li>\n<li>Smart Sonar \u00f6l\u00e7\u00fcm sistemi ile jant geni\u015fli\u011finin otomatik tespiti<\/li>\n<li>19&#8243; TFT ekran ile t\u00fcm i\u015flemlerin grafiksel g\u00f6r\u00fcnt\u00fcs\u00fc<\/li>\n<li>EasyWeight lazer ile kur\u015fun \u00e7akma ve yap\u0131\u015ft\u0131rma yeri belirleme<\/li>\n<li>Manuel s\u0131k\u0131\u015ft\u0131rma sistemi<\/li>\n<li>Kur\u015fun gizleme program\u0131<\/li>\n<li>Konik adapt\u00f6r seti (42\u201380 mm\/72\u201399 mm\/96\u2013116 mm)<\/li>\n<li>Maksimum tekerlek \u00e7ap\u0131 42&#8243;<\/li>\n<li>Maksimum jant \u00e7ap\u0131 32&#8243;<\/li>\n<li>Maksimum tekerlek a\u011f\u0131rl\u0131\u011f\u0131 70 kg<\/li>\n<\/ul>\n","protected":false},"excerpt":{"rendered":"<ul>\n<li>Sabit Balans Cihaz\u0131 &#8211; B400L<\/li>\n<li>Y\u00fcksek hassasiyet ve tekrarlanabilirlik i\u00e7in VPM \u00f6l\u00e7\u00fcm tekni\u011fi<\/li>\n<li>Smart Sonar \u00f6l\u00e7\u00fcm sistemi ile jant geni\u015fli\u011finin otomatik tespiti<\/li>\n<li>19&#8243; TFT ekran ile t\u00fcm i\u015flemlerin grafiksel g\u00f6r\u00fcnt\u00fcs\u00fc<\/li>\n<li>EasyWeight lazer ile kur\u015fun \u00e7akma ve yap\u0131\u015ft\u0131rma yeri belirleme<\/li>\n<li>Manuel s\u0131k\u0131\u015ft\u0131rma sistemi<\/li>\n<li>Kur\u015fun gizleme program\u0131<\/li>\n<li>Konik adapt\u00f6r seti (42\u201380 mm\/72\u201399 mm\/96\u2013116 mm)<\/li>\n<li>Maksimum tekerlek \u00e7ap\u0131 42&#8243;<\/li>\n<li>Maksimum jant \u00e7ap\u0131 32&#8243;<\/li>\n<li>Maksimum tekerlek a\u011f\u0131rl\u0131\u011f\u0131 70 kg<\/li>\n<\/ul>\n","protected":false},"featured_media":6038,"comment_status":"open","ping_status":"closed","template":"","meta":[],"product_cat":[155],"product_tag":[],"class_list":["post-6037","product","type-product","status-publish","has-post-thumbnail","hentry","pwb-brand-john-bean","product_cat-balans-cihazlari"],"brands":[{"id":362,"name":"JOHN BEAN","slug":"john-bean"}],"yoast_head":"<!-- This site is optimized with the Yoast SEO plugin v17.1 - https:\/\/yoast.com\/wordpress\/plugins\/seo\/ -->\n<title>Sabit Balans Cihaz\u0131JOHN BEAN (Born in USA)B400LManuel s\u0131k\u0131\u015ft\u0131rma sistemimaksimum tekerlek \u00e7ap\u0131 42&quot; - Bak\u0131rc\u0131 Garagineering<\/title>\n<meta name=\"robots\" content=\"index, follow, max-snippet:-1, max-image-preview:large, max-video-preview:-1\" \/>\n<link rel=\"canonical\" href=\"https:\/\/bakirci.com\/ekipman\/servis-ekipmanlari\/mekanik\/lastik-servis-ekipmanlari\/balans-cihazlari\/sabit-balans-cihazijohn-bean-born-in-usab400lmanuel-sikistirma-sistemimaksimum-tekerlek-capi-42\/\" \/>\n<meta property=\"og:locale\" content=\"tr_TR\" \/>\n<meta property=\"og:type\" content=\"article\" \/>\n<meta property=\"og:title\" content=\"Sabit Balans Cihaz\u0131JOHN BEAN (Born in USA)B400LManuel s\u0131k\u0131\u015ft\u0131rma sistemimaksimum tekerlek \u00e7ap\u0131 42&quot; - Bak\u0131rc\u0131 Garagineering\" \/>\n<meta property=\"og:description\" content=\"Sabit Balans Cihaz\u0131 - B400L  Y\u00fcksek hassasiyet ve tekrarlanabilirlik i\u00e7in VPM \u00f6l\u00e7\u00fcm tekni\u011fi  Smart Sonar \u00f6l\u00e7\u00fcm sistemi ile jant geni\u015fli\u011finin otomatik tespiti  19&quot; TFT ekran ile t\u00fcm i\u015flemlerin grafiksel g\u00f6r\u00fcnt\u00fcs\u00fc  EasyWeight lazer ile kur\u015fun \u00e7akma ve yap\u0131\u015ft\u0131rma yeri belirleme  Manuel s\u0131k\u0131\u015ft\u0131rma sistemi  Kur\u015fun gizleme program\u0131  Konik adapt\u00f6r seti (42\u201380 mm\/72\u201399 mm\/96\u2013116 mm)  Maksimum tekerlek \u00e7ap\u0131 42&quot;  Maksimum jant \u00e7ap\u0131 32&quot;  Maksimum tekerlek a\u011f\u0131rl\u0131\u011f\u0131 70 kg\" \/>\n<meta property=\"og:url\" content=\"https:\/\/bakirci.com\/ekipman\/servis-ekipmanlari\/mekanik\/lastik-servis-ekipmanlari\/balans-cihazlari\/sabit-balans-cihazijohn-bean-born-in-usab400lmanuel-sikistirma-sistemimaksimum-tekerlek-capi-42\/\" \/>\n<meta property=\"og:site_name\" content=\"Bak\u0131rc\u0131 Garagineering\" \/>\n<meta property=\"article:publisher\" content=\"https:\/\/www.facebook.com\/bakirci.garagineering\" \/>\n<meta property=\"article:modified_time\" content=\"2024-11-02T06:23:33+00:00\" \/>\n<meta property=\"og:image\" content=\"https:\/\/bakirci.com\/ekipman\/wp-content\/uploads\/2022\/04\/Sabit-Balans-Cihazi-B400L-1024x1024.png\" \/>\n\t<meta property=\"og:image:width\" content=\"1024\" \/>\n\t<meta property=\"og:image:height\" content=\"1024\" \/>\n<meta name=\"twitter:card\" content=\"summary_large_image\" \/>\n<meta name=\"twitter:label1\" content=\"Tahmini okuma s\u00fcresi\" \/>\n\t<meta name=\"twitter:data1\" content=\"1 dakika\" \/>\n<script type=\"application\/ld+json\" class=\"yoast-schema-graph\">{\"@context\":\"https:\/\/schema.org\",\"@graph\":[{\"@type\":\"Organization\",\"@id\":\"https:\/\/bakirci.com\/ekipman\/#organization\",\"name\":\"Bak\\u0131rc\\u0131 garagineering\",\"url\":\"https:\/\/bakirci.com\/ekipman\/\",\"sameAs\":[\"https:\/\/www.facebook.com\/bakirci.garagineering\",\"https:\/\/www.instagram.com\/bakirci.garagineering\/\",\"https:\/\/www.linkedin.com\/company\/bakirci-garagineering\/\",\"https:\/\/www.youtube.com\/channel\/UCiVG6s_jALJ6Zk8085XiOQg\"],\"logo\":{\"@type\":\"ImageObject\",\"@id\":\"https:\/\/bakirci.com\/ekipman\/#logo\",\"inLanguage\":\"tr\",\"url\":\"https:\/\/bakirci.com\/ekipman\/wp-content\/uploads\/2021\/09\/Bakirci-logo-lacivert.png\",\"contentUrl\":\"https:\/\/bakirci.com\/ekipman\/wp-content\/uploads\/2021\/09\/Bakirci-logo-lacivert.png\",\"width\":501,\"height\":501,\"caption\":\"Bak\\u0131rc\\u0131 garagineering\"},\"image\":{\"@id\":\"https:\/\/bakirci.com\/ekipman\/#logo\"}},{\"@type\":\"WebSite\",\"@id\":\"https:\/\/bakirci.com\/ekipman\/#website\",\"url\":\"https:\/\/bakirci.com\/ekipman\/\",\"name\":\"Bak\\u0131rc\\u0131 Garagineering\",\"description\":\"Otomotiv sekt\\u00f6r\\u00fcne \\u00f6zel, \\u201c\\u00dcretici Standard\\u0131nda\\u201d \\u00e7\\u00f6z\\u00fcmler\\u2026\",\"publisher\":{\"@id\":\"https:\/\/bakirci.com\/ekipman\/#organization\"},\"potentialAction\":[{\"@type\":\"SearchAction\",\"target\":{\"@type\":\"EntryPoint\",\"urlTemplate\":\"https:\/\/bakirci.com\/ekipman\/?s={search_term_string}\"},\"query-input\":\"required name=search_term_string\"}],\"inLanguage\":\"tr\"},{\"@type\":\"ImageObject\",\"@id\":\"https:\/\/bakirci.com\/ekipman\/servis-ekipmanlari\/mekanik\/lastik-servis-ekipmanlari\/balans-cihazlari\/sabit-balans-cihazijohn-bean-born-in-usab400lmanuel-sikistirma-sistemimaksimum-tekerlek-capi-42\/#primaryimage\",\"inLanguage\":\"tr\",\"url\":\"https:\/\/bakirci.com\/ekipman\/wp-content\/uploads\/2022\/04\/Sabit-Balans-Cihazi-B400L.png\",\"contentUrl\":\"https:\/\/bakirci.com\/ekipman\/wp-content\/uploads\/2022\/04\/Sabit-Balans-Cihazi-B400L.png\",\"width\":1200,\"height\":1200},{\"@type\":\"WebPage\",\"@id\":\"https:\/\/bakirci.com\/ekipman\/servis-ekipmanlari\/mekanik\/lastik-servis-ekipmanlari\/balans-cihazlari\/sabit-balans-cihazijohn-bean-born-in-usab400lmanuel-sikistirma-sistemimaksimum-tekerlek-capi-42\/#webpage\",\"url\":\"https:\/\/bakirci.com\/ekipman\/servis-ekipmanlari\/mekanik\/lastik-servis-ekipmanlari\/balans-cihazlari\/sabit-balans-cihazijohn-bean-born-in-usab400lmanuel-sikistirma-sistemimaksimum-tekerlek-capi-42\/\",\"name\":\"Sabit Balans Cihaz\\u0131 JOHN BEAN (Born in USA) B400L Manuel s\\u0131k\\u0131\\u015ft\\u0131rma sistemi maksimum tekerlek \\u00e7ap\\u0131 42\\\" - Bak\\u0131rc\\u0131 Garagineering\",\"isPartOf\":{\"@id\":\"https:\/\/bakirci.com\/ekipman\/#website\"},\"primaryImageOfPage\":{\"@id\":\"https:\/\/bakirci.com\/ekipman\/servis-ekipmanlari\/mekanik\/lastik-servis-ekipmanlari\/balans-cihazlari\/sabit-balans-cihazijohn-bean-born-in-usab400lmanuel-sikistirma-sistemimaksimum-tekerlek-capi-42\/#primaryimage\"},\"datePublished\":\"2021-06-01T08:26:45+00:00\",\"dateModified\":\"2024-11-02T06:23:33+00:00\",\"breadcrumb\":{\"@id\":\"https:\/\/bakirci.com\/ekipman\/servis-ekipmanlari\/mekanik\/lastik-servis-ekipmanlari\/balans-cihazlari\/sabit-balans-cihazijohn-bean-born-in-usab400lmanuel-sikistirma-sistemimaksimum-tekerlek-capi-42\/#breadcrumb\"},\"inLanguage\":\"tr\",\"potentialAction\":[{\"@type\":\"ReadAction\",\"target\":[\"https:\/\/bakirci.com\/ekipman\/servis-ekipmanlari\/mekanik\/lastik-servis-ekipmanlari\/balans-cihazlari\/sabit-balans-cihazijohn-bean-born-in-usab400lmanuel-sikistirma-sistemimaksimum-tekerlek-capi-42\/\"]}]},{\"@type\":\"BreadcrumbList\",\"@id\":\"https:\/\/bakirci.com\/ekipman\/servis-ekipmanlari\/mekanik\/lastik-servis-ekipmanlari\/balans-cihazlari\/sabit-balans-cihazijohn-bean-born-in-usab400lmanuel-sikistirma-sistemimaksimum-tekerlek-capi-42\/#breadcrumb\",\"itemListElement\":[{\"@type\":\"ListItem\",\"position\":1,\"name\":\"Ekipman\",\"item\":\"https:\/\/bakirci.com\/ekipman\/\"},{\"@type\":\"ListItem\",\"position\":2,\"name\":\"Otomotiv Tesisleri \\u0130\\u00e7in Servis Ekipmanlar\\u0131\",\"item\":\"https:\/\/bakirci.com\/ekipman\/\"},{\"@type\":\"ListItem\",\"position\":3,\"name\":\"Sabit Balans Cihaz\\u0131JOHN BEAN (Born in USA)B400LManuel s\\u0131k\\u0131\\u015ft\\u0131rma sistemimaksimum tekerlek \\u00e7ap\\u0131 42&#8243;\"}]}]}<\/script>\n<!-- \/ Yoast SEO plugin. -->","yoast_head_json":{"title":"Sabit Balans Cihaz\u0131JOHN BEAN (Born in USA)B400LManuel s\u0131k\u0131\u015ft\u0131rma sistemimaksimum tekerlek \u00e7ap\u0131 42\" - Bak\u0131rc\u0131 Garagineering","robots":{"index":"index","follow":"follow","max-snippet":"max-snippet:-1","max-image-preview":"max-image-preview:large","max-video-preview":"max-video-preview:-1"},"canonical":"https:\/\/bakirci.com\/ekipman\/servis-ekipmanlari\/mekanik\/lastik-servis-ekipmanlari\/balans-cihazlari\/sabit-balans-cihazijohn-bean-born-in-usab400lmanuel-sikistirma-sistemimaksimum-tekerlek-capi-42\/","og_locale":"tr_TR","og_type":"article","og_title":"Sabit Balans Cihaz\u0131JOHN BEAN (Born in USA)B400LManuel s\u0131k\u0131\u015ft\u0131rma sistemimaksimum tekerlek \u00e7ap\u0131 42\" - Bak\u0131rc\u0131 Garagineering","og_description":"Sabit Balans Cihaz\u0131 - B400L  Y\u00fcksek hassasiyet ve tekrarlanabilirlik i\u00e7in VPM \u00f6l\u00e7\u00fcm tekni\u011fi  Smart Sonar \u00f6l\u00e7\u00fcm sistemi ile jant geni\u015fli\u011finin otomatik tespiti  19\" TFT ekran ile t\u00fcm i\u015flemlerin grafiksel g\u00f6r\u00fcnt\u00fcs\u00fc  EasyWeight lazer ile kur\u015fun \u00e7akma ve yap\u0131\u015ft\u0131rma yeri belirleme  Manuel s\u0131k\u0131\u015ft\u0131rma sistemi  Kur\u015fun gizleme program\u0131  Konik adapt\u00f6r seti (42\u201380 mm\/72\u201399 mm\/96\u2013116 mm)  Maksimum tekerlek \u00e7ap\u0131 42\"  Maksimum jant \u00e7ap\u0131 32\"  Maksimum tekerlek a\u011f\u0131rl\u0131\u011f\u0131 70 kg","og_url":"https:\/\/bakirci.com\/ekipman\/servis-ekipmanlari\/mekanik\/lastik-servis-ekipmanlari\/balans-cihazlari\/sabit-balans-cihazijohn-bean-born-in-usab400lmanuel-sikistirma-sistemimaksimum-tekerlek-capi-42\/","og_site_name":"Bak\u0131rc\u0131 Garagineering","article_publisher":"https:\/\/www.facebook.com\/bakirci.garagineering","article_modified_time":"2024-11-02T06:23:33+00:00","og_image":[{"width":1024,"height":1024,"path":"2022\/04\/Sabit-Balans-Cihazi-B400L-1024x1024.png","url":"https:\/\/bakirci.com\/ekipman\/wp-content\/uploads\/2022\/04\/Sabit-Balans-Cihazi-B400L-1024x1024.png","size":"large","id":6038,"alt":"","pixels":1048576,"type":"image\/png"}],"twitter_card":"summary_large_image","twitter_misc":{"Tahmini okuma s\u00fcresi":"1 dakika"},"schema":{"@context":"https:\/\/schema.org","@graph":[{"@type":"Organization","@id":"https:\/\/bakirci.com\/ekipman\/#organization","name":"Bak\u0131rc\u0131 garagineering","url":"https:\/\/bakirci.com\/ekipman\/","sameAs":["https:\/\/www.facebook.com\/bakirci.garagineering","https:\/\/www.instagram.com\/bakirci.garagineering\/","https:\/\/www.linkedin.com\/company\/bakirci-garagineering\/","https:\/\/www.youtube.com\/channel\/UCiVG6s_jALJ6Zk8085XiOQg"],"logo":{"@type":"ImageObject","@id":"https:\/\/bakirci.com\/ekipman\/#logo","inLanguage":"tr","url":"https:\/\/bakirci.com\/ekipman\/wp-content\/uploads\/2021\/09\/Bakirci-logo-lacivert.png","contentUrl":"https:\/\/bakirci.com\/ekipman\/wp-content\/uploads\/2021\/09\/Bakirci-logo-lacivert.png","width":501,"height":501,"caption":"Bak\u0131rc\u0131 garagineering"},"image":{"@id":"https:\/\/bakirci.com\/ekipman\/#logo"}},{"@type":"WebSite","@id":"https:\/\/bakirci.com\/ekipman\/#website","url":"https:\/\/bakirci.com\/ekipman\/","name":"Bak\u0131rc\u0131 Garagineering","description":"Otomotiv sekt\u00f6r\u00fcne \u00f6zel, \u201c\u00dcretici Standard\u0131nda\u201d \u00e7\u00f6z\u00fcmler\u2026","publisher":{"@id":"https:\/\/bakirci.com\/ekipman\/#organization"},"potentialAction":[{"@type":"SearchAction","target":{"@type":"EntryPoint","urlTemplate":"https:\/\/bakirci.com\/ekipman\/?s={search_term_string}"},"query-input":"required name=search_term_string"}],"inLanguage":"tr"},{"@type":"ImageObject","@id":"https:\/\/bakirci.com\/ekipman\/servis-ekipmanlari\/mekanik\/lastik-servis-ekipmanlari\/balans-cihazlari\/sabit-balans-cihazijohn-bean-born-in-usab400lmanuel-sikistirma-sistemimaksimum-tekerlek-capi-42\/#primaryimage","inLanguage":"tr","url":"https:\/\/bakirci.com\/ekipman\/wp-content\/uploads\/2022\/04\/Sabit-Balans-Cihazi-B400L.png","contentUrl":"https:\/\/bakirci.com\/ekipman\/wp-content\/uploads\/2022\/04\/Sabit-Balans-Cihazi-B400L.png","width":1200,"height":1200},{"@type":"WebPage","@id":"https:\/\/bakirci.com\/ekipman\/servis-ekipmanlari\/mekanik\/lastik-servis-ekipmanlari\/balans-cihazlari\/sabit-balans-cihazijohn-bean-born-in-usab400lmanuel-sikistirma-sistemimaksimum-tekerlek-capi-42\/#webpage","url":"https:\/\/bakirci.com\/ekipman\/servis-ekipmanlari\/mekanik\/lastik-servis-ekipmanlari\/balans-cihazlari\/sabit-balans-cihazijohn-bean-born-in-usab400lmanuel-sikistirma-sistemimaksimum-tekerlek-capi-42\/","name":"Sabit Balans Cihaz\u0131 JOHN BEAN (Born in USA) B400L Manuel s\u0131k\u0131\u015ft\u0131rma sistemi maksimum tekerlek \u00e7ap\u0131 42\" - Bak\u0131rc\u0131 Garagineering","isPartOf":{"@id":"https:\/\/bakirci.com\/ekipman\/#website"},"primaryImageOfPage":{"@id":"https:\/\/bakirci.com\/ekipman\/servis-ekipmanlari\/mekanik\/lastik-servis-ekipmanlari\/balans-cihazlari\/sabit-balans-cihazijohn-bean-born-in-usab400lmanuel-sikistirma-sistemimaksimum-tekerlek-capi-42\/#primaryimage"},"datePublished":"2021-06-01T08:26:45+00:00","dateModified":"2024-11-02T06:23:33+00:00","breadcrumb":{"@id":"https:\/\/bakirci.com\/ekipman\/servis-ekipmanlari\/mekanik\/lastik-servis-ekipmanlari\/balans-cihazlari\/sabit-balans-cihazijohn-bean-born-in-usab400lmanuel-sikistirma-sistemimaksimum-tekerlek-capi-42\/#breadcrumb"},"inLanguage":"tr","potentialAction":[{"@type":"ReadAction","target":["https:\/\/bakirci.com\/ekipman\/servis-ekipmanlari\/mekanik\/lastik-servis-ekipmanlari\/balans-cihazlari\/sabit-balans-cihazijohn-bean-born-in-usab400lmanuel-sikistirma-sistemimaksimum-tekerlek-capi-42\/"]}]},{"@type":"BreadcrumbList","@id":"https:\/\/bakirci.com\/ekipman\/servis-ekipmanlari\/mekanik\/lastik-servis-ekipmanlari\/balans-cihazlari\/sabit-balans-cihazijohn-bean-born-in-usab400lmanuel-sikistirma-sistemimaksimum-tekerlek-capi-42\/#breadcrumb","itemListElement":[{"@type":"ListItem","position":1,"name":"Ekipman","item":"https:\/\/bakirci.com\/ekipman\/"},{"@type":"ListItem","position":2,"name":"Otomotiv Tesisleri \u0130\u00e7in Servis Ekipmanlar\u0131","item":"https:\/\/bakirci.com\/ekipman\/"},{"@type":"ListItem","position":3,"name":"Sabit Balans Cihaz\u0131JOHN BEAN (Born in USA)B400LManuel s\u0131k\u0131\u015ft\u0131rma sistemimaksimum tekerlek \u00e7ap\u0131 42&#8243;"}]}]}},"_links":{"self":[{"href":"https:\/\/bakirci.com\/ekipman\/wp-json\/wp\/v2\/product\/6037","targetHints":{"allow":["GET"]}}],"collection":[{"href":"https:\/\/bakirci.com\/ekipman\/wp-json\/wp\/v2\/product"}],"about":[{"href":"https:\/\/bakirci.com\/ekipman\/wp-json\/wp\/v2\/types\/product"}],"replies":[{"embeddable":true,"href":"https:\/\/bakirci.com\/ekipman\/wp-json\/wp\/v2\/comments?post=6037"}],"wp:featuredmedia":[{"embeddable":true,"href":"https:\/\/bakirci.com\/ekipman\/wp-json\/wp\/v2\/media\/6038"}],"wp:attachment":[{"href":"https:\/\/bakirci.com\/ekipman\/wp-json\/wp\/v2\/media?parent=6037"}],"wp:term":[{"taxonomy":"product_cat","embeddable":true,"href":"https:\/\/bakirci.com\/ekipman\/wp-json\/wp\/v2\/product_cat?post=6037"},{"taxonomy":"product_tag","embeddable":true,"href":"https:\/\/bakirci.com\/ekipman\/wp-json\/wp\/v2\/product_tag?post=6037"}],"curies":[{"name":"wp","href":"https:\/\/api.w.org\/{rel}","templated":true}]}}