{"id":6031,"date":"2021-07-01T22:01:36","date_gmt":"2021-07-01T22:01:36","guid":{"rendered":"https:\/\/bakirci.com\/ekipman\/?post_type=product&#038;p=6031"},"modified":"2022-04-15T06:30:15","modified_gmt":"2022-04-15T06:30:15","slug":"aks-olcum-cihazijohn-bean-born-in-usavas-701-0013d-olcum-sistemi-audi-bentley-bugatti-lamborghini-porsche-seat-skoda-vw-onayli","status":"publish","type":"product","link":"https:\/\/bakirci.com\/ekipman\/servis-ekipmanlari\/mekanik\/lastik-servis-ekipmanlari\/aks-olcum-cihazlari\/aks-olcum-cihazijohn-bean-born-in-usavas-701-0013d-olcum-sistemi-audi-bentley-bugatti-lamborghini-porsche-seat-skoda-vw-onayli\/","title":{"rendered":"<p class=\"ustmetin\">Aks \u00d6l\u00e7\u00fcm Cihaz\u0131<\/p><p class=\"ortametin\">JOHN BEAN <span class=\"ortametin2\">(Born in USA)<\/span><\/p><p class=\"altmetin\">VAS 701 001<br>3D \u00f6l\u00e7\u00fcm sistemi, Audi, Bentley, Bugatti, Lamborghini, Porsche, Seat, Skoda, VW onayl\u0131<\/p>"},"content":{"rendered":"<ul>\n<li>Aks \u00d6l\u00e7\u00fcm Cihaz\u0131 &#8211; VAS 701 001<\/li>\n<li>Audi, Bentley, Bugatti, Lamborghini, Porsche, Seat, Skoda, VW onayl\u0131<\/li>\n<li>Otomobil \u00fcreticilerinin talep etti\u011fi en \u00fcst d\u00fczeyde tekrarlanabilirlik<\/li>\n<li>DigiSmart teknolojisi ile y\u00fcksek \u00e7\u00f6z\u00fcn\u00fcrl\u00fckl\u00fc kameralar\u0131n,<br \/>\n\u00f6l\u00e7\u00fcm hedeflerini otomatik olarak takibi<\/li>\n<li>Ayar yerlerinin resimli ve animasyonlu 3 boyutlu g\u00f6r\u00fcnt\u00fcleri<\/li>\n<li>\u00c7apraz \u015fasi, tekerlek \u00e7ap ve kilometre tur say\u0131s\u0131 \u00f6l\u00e7\u00fcm\u00fc<\/li>\n<li>Arac\u0131 kald\u0131rmadan salg\u0131 alma imkan\u0131<\/li>\n<li>&#8220;EZ-Toe&#8221; \u00f6zelli\u011fi sayesinde, eri\u015fimi zor olan toe ayar noktalar\u0131 i\u00e7in havada ayar imkan\u0131<\/li>\n<li>&#8220;EZ Access&#8221; \u00f6zelli\u011fi ile tekerler s\u00f6k\u00fcl\u00fc iken \u00f6l\u00e7\u00fcm ve ayar imkan\u0131<\/li>\n<li>&#8220;ProAckermann&#8221; \u00f6zelli\u011fi sayesinde 20 derecelik kaster \u00f6l\u00e7\u00fcm\u00fcnde d\u00f6n\u00fc\u015f a\u00e7\u0131s\u0131 fark\u0131 \u00f6l\u00e7\u00fcm\u00fc<\/li>\n<li>Ara\u00e7 y\u00fckseklik \u00f6l\u00e7\u00fcm\u00fc i\u00e7in ilave yard\u0131mc\u0131 donan\u0131m (TIP)<\/li>\n<li>ADAS kalibrasyon sistemi i\u00e7in ilave kamera<\/li>\n<li>AC100 \u00fcniversal tutucular ve \u00f6l\u00e7\u00fcm hedefleri (4 adet)<\/li>\n<li>Direksiyon ve fren kilidi ve d\u00f6ner tabla seti (2 adet)<\/li>\n<li>Windows tabanl\u0131 T\u00fcrk\u00e7e program<\/li>\n<li>27&#8243; Led ekran, klavye, mouse ve renkli yaz\u0131c\u0131<\/li>\n<\/ul>\n","protected":false},"excerpt":{"rendered":"<ul>\n<li>Aks \u00d6l\u00e7\u00fcm Cihaz\u0131 &#8211; VAS 701 001<\/li>\n<li>Audi, Bentley, Bugatti, Lamborghini, Porsche, Seat, Skoda, VW onayl\u0131<\/li>\n<li>Otomobil \u00fcreticilerinin talep etti\u011fi en \u00fcst d\u00fczeyde tekrarlanabilirlik<\/li>\n<li>DigiSmart teknolojisi ile y\u00fcksek \u00e7\u00f6z\u00fcn\u00fcrl\u00fckl\u00fc kameralar\u0131n,<br \/>\n\u00f6l\u00e7\u00fcm hedeflerini otomatik olarak takibi<\/li>\n<li>Ayar yerlerinin resimli ve animasyonlu 3 boyutlu g\u00f6r\u00fcnt\u00fcleri<\/li>\n<li>\u00c7apraz \u015fasi, tekerlek \u00e7ap ve kilometre tur say\u0131s\u0131 \u00f6l\u00e7\u00fcm\u00fc<\/li>\n<li>Arac\u0131 kald\u0131rmadan salg\u0131 alma imkan\u0131<\/li>\n<li>&#8220;EZ-Toe&#8221; \u00f6zelli\u011fi sayesinde, eri\u015fimi zor olan toe ayar noktalar\u0131 i\u00e7in havada ayar imkan\u0131<\/li>\n<li>&#8220;EZ Access&#8221; \u00f6zelli\u011fi ile tekerler s\u00f6k\u00fcl\u00fc iken \u00f6l\u00e7\u00fcm ve ayar imkan\u0131<\/li>\n<li>&#8220;ProAckermann&#8221; \u00f6zelli\u011fi sayesinde 20 derecelik kaster \u00f6l\u00e7\u00fcm\u00fcnde d\u00f6n\u00fc\u015f a\u00e7\u0131s\u0131 fark\u0131 \u00f6l\u00e7\u00fcm\u00fc<\/li>\n<li>Ara\u00e7 y\u00fckseklik \u00f6l\u00e7\u00fcm\u00fc i\u00e7in ilave yard\u0131mc\u0131 donan\u0131m (TIP)<\/li>\n<li>ADAS kalibrasyon sistemi i\u00e7in ilave kamera<\/li>\n<li>AC100 \u00fcniversal tutucular ve \u00f6l\u00e7\u00fcm hedefleri (4 adet)<\/li>\n<li>Direksiyon ve fren kilidi ve d\u00f6ner tabla seti (2 adet)<\/li>\n<li>Windows tabanl\u0131 T\u00fcrk\u00e7e program<\/li>\n<li>27&#8243; Led ekran, klavye, mouse ve renkli yaz\u0131c\u0131<\/li>\n<\/ul>\n","protected":false},"featured_media":6036,"comment_status":"open","ping_status":"closed","template":"","meta":[],"product_cat":[153],"product_tag":[],"class_list":["post-6031","product","type-product","status-publish","has-post-thumbnail","hentry","pwb-brand-john-bean","product_cat-aks-olcum-cihazlari"],"brands":[{"id":362,"name":"JOHN BEAN","slug":"john-bean"}],"yoast_head":"<!-- This site is optimized with the Yoast SEO plugin v17.1 - https:\/\/yoast.com\/wordpress\/plugins\/seo\/ -->\n<title>Aks \u00d6l\u00e7\u00fcm Cihaz\u0131JOHN BEAN (Born in USA)VAS 701 0013D \u00f6l\u00e7\u00fcm sistemi, Audi, Bentley, Bugatti, Lamborghini, Porsche, Seat, Skoda, VW onayl\u0131 - Bak\u0131rc\u0131 Garagineering<\/title>\n<meta name=\"robots\" content=\"index, follow, max-snippet:-1, max-image-preview:large, max-video-preview:-1\" \/>\n<link rel=\"canonical\" href=\"https:\/\/bakirci.com\/ekipman\/servis-ekipmanlari\/mekanik\/lastik-servis-ekipmanlari\/aks-olcum-cihazlari\/aks-olcum-cihazijohn-bean-born-in-usavas-701-0013d-olcum-sistemi-audi-bentley-bugatti-lamborghini-porsche-seat-skoda-vw-onayli\/\" \/>\n<meta property=\"og:locale\" content=\"tr_TR\" \/>\n<meta property=\"og:type\" content=\"article\" \/>\n<meta property=\"og:title\" content=\"Aks \u00d6l\u00e7\u00fcm Cihaz\u0131JOHN BEAN (Born in USA)VAS 701 0013D \u00f6l\u00e7\u00fcm sistemi, Audi, Bentley, Bugatti, Lamborghini, Porsche, Seat, Skoda, VW onayl\u0131 - Bak\u0131rc\u0131 Garagineering\" \/>\n<meta property=\"og:description\" content=\"Aks \u00d6l\u00e7\u00fcm Cihaz\u0131 - VAS 701 001  Audi, Bentley, Bugatti, Lamborghini, Porsche, Seat, Skoda, VW onayl\u0131  Otomobil \u00fcreticilerinin talep etti\u011fi en \u00fcst d\u00fczeyde tekrarlanabilirlik  DigiSmart teknolojisi ile y\u00fcksek \u00e7\u00f6z\u00fcn\u00fcrl\u00fckl\u00fc kameralar\u0131n, \u00f6l\u00e7\u00fcm hedeflerini otomatik olarak takibi  Ayar yerlerinin resimli ve animasyonlu 3 boyutlu g\u00f6r\u00fcnt\u00fcleri  \u00c7apraz \u015fasi, tekerlek \u00e7ap ve kilometre tur say\u0131s\u0131 \u00f6l\u00e7\u00fcm\u00fc  Arac\u0131 kald\u0131rmadan salg\u0131 alma imkan\u0131  &quot;EZ-Toe&quot; \u00f6zelli\u011fi sayesinde, eri\u015fimi zor olan toe ayar noktalar\u0131 i\u00e7in havada ayar imkan\u0131  &quot;EZ Access&quot; \u00f6zelli\u011fi ile tekerler s\u00f6k\u00fcl\u00fc iken \u00f6l\u00e7\u00fcm ve ayar imkan\u0131  &quot;ProAckermann&quot; \u00f6zelli\u011fi sayesinde 20 derecelik kaster \u00f6l\u00e7\u00fcm\u00fcnde d\u00f6n\u00fc\u015f a\u00e7\u0131s\u0131 fark\u0131 \u00f6l\u00e7\u00fcm\u00fc  Ara\u00e7 y\u00fckseklik \u00f6l\u00e7\u00fcm\u00fc i\u00e7in ilave yard\u0131mc\u0131 donan\u0131m (TIP)  ADAS kalibrasyon sistemi i\u00e7in ilave kamera  AC100 \u00fcniversal tutucular ve \u00f6l\u00e7\u00fcm hedefleri (4 adet)  Direksiyon ve fren kilidi ve d\u00f6ner tabla seti (2 adet)  Windows tabanl\u0131 T\u00fcrk\u00e7e program  27&quot; Led ekran, klavye, mouse ve renkli yaz\u0131c\u0131\" \/>\n<meta property=\"og:url\" content=\"https:\/\/bakirci.com\/ekipman\/servis-ekipmanlari\/mekanik\/lastik-servis-ekipmanlari\/aks-olcum-cihazlari\/aks-olcum-cihazijohn-bean-born-in-usavas-701-0013d-olcum-sistemi-audi-bentley-bugatti-lamborghini-porsche-seat-skoda-vw-onayli\/\" \/>\n<meta property=\"og:site_name\" content=\"Bak\u0131rc\u0131 Garagineering\" \/>\n<meta property=\"article:publisher\" content=\"https:\/\/www.facebook.com\/bakirci.garagineering\" \/>\n<meta property=\"article:modified_time\" content=\"2022-04-15T06:30:15+00:00\" \/>\n<meta property=\"og:image\" content=\"https:\/\/bakirci.com\/ekipman\/wp-content\/uploads\/2022\/04\/Aks-Olcum-Cihazi-VAS-701-001-1-1024x1024.png\" \/>\n\t<meta property=\"og:image:width\" content=\"1024\" \/>\n\t<meta property=\"og:image:height\" content=\"1024\" \/>\n<meta name=\"twitter:card\" content=\"summary_large_image\" \/>\n<meta name=\"twitter:label1\" content=\"Tahmini okuma s\u00fcresi\" \/>\n\t<meta name=\"twitter:data1\" content=\"1 dakika\" \/>\n<script type=\"application\/ld+json\" class=\"yoast-schema-graph\">{\"@context\":\"https:\/\/schema.org\",\"@graph\":[{\"@type\":\"Organization\",\"@id\":\"https:\/\/bakirci.com\/ekipman\/#organization\",\"name\":\"Bak\\u0131rc\\u0131 garagineering\",\"url\":\"https:\/\/bakirci.com\/ekipman\/\",\"sameAs\":[\"https:\/\/www.facebook.com\/bakirci.garagineering\",\"https:\/\/www.instagram.com\/bakirci.garagineering\/\",\"https:\/\/www.linkedin.com\/company\/bakirci-garagineering\/\",\"https:\/\/www.youtube.com\/channel\/UCiVG6s_jALJ6Zk8085XiOQg\"],\"logo\":{\"@type\":\"ImageObject\",\"@id\":\"https:\/\/bakirci.com\/ekipman\/#logo\",\"inLanguage\":\"tr\",\"url\":\"https:\/\/bakirci.com\/ekipman\/wp-content\/uploads\/2021\/09\/Bakirci-logo-lacivert.png\",\"contentUrl\":\"https:\/\/bakirci.com\/ekipman\/wp-content\/uploads\/2021\/09\/Bakirci-logo-lacivert.png\",\"width\":501,\"height\":501,\"caption\":\"Bak\\u0131rc\\u0131 garagineering\"},\"image\":{\"@id\":\"https:\/\/bakirci.com\/ekipman\/#logo\"}},{\"@type\":\"WebSite\",\"@id\":\"https:\/\/bakirci.com\/ekipman\/#website\",\"url\":\"https:\/\/bakirci.com\/ekipman\/\",\"name\":\"Bak\\u0131rc\\u0131 Garagineering\",\"description\":\"Otomotiv sekt\\u00f6r\\u00fcne \\u00f6zel, \\u201c\\u00dcretici Standard\\u0131nda\\u201d \\u00e7\\u00f6z\\u00fcmler\\u2026\",\"publisher\":{\"@id\":\"https:\/\/bakirci.com\/ekipman\/#organization\"},\"potentialAction\":[{\"@type\":\"SearchAction\",\"target\":{\"@type\":\"EntryPoint\",\"urlTemplate\":\"https:\/\/bakirci.com\/ekipman\/?s={search_term_string}\"},\"query-input\":\"required name=search_term_string\"}],\"inLanguage\":\"tr\"},{\"@type\":\"ImageObject\",\"@id\":\"https:\/\/bakirci.com\/ekipman\/servis-ekipmanlari\/mekanik\/lastik-servis-ekipmanlari\/aks-olcum-cihazlari\/aks-olcum-cihazijohn-bean-born-in-usavas-701-0013d-olcum-sistemi-audi-bentley-bugatti-lamborghini-porsche-seat-skoda-vw-onayli\/#primaryimage\",\"inLanguage\":\"tr\",\"url\":\"https:\/\/bakirci.com\/ekipman\/wp-content\/uploads\/2022\/04\/Aks-Olcum-Cihazi-VAS-701-001-1.png\",\"contentUrl\":\"https:\/\/bakirci.com\/ekipman\/wp-content\/uploads\/2022\/04\/Aks-Olcum-Cihazi-VAS-701-001-1.png\",\"width\":1600,\"height\":1600},{\"@type\":\"WebPage\",\"@id\":\"https:\/\/bakirci.com\/ekipman\/servis-ekipmanlari\/mekanik\/lastik-servis-ekipmanlari\/aks-olcum-cihazlari\/aks-olcum-cihazijohn-bean-born-in-usavas-701-0013d-olcum-sistemi-audi-bentley-bugatti-lamborghini-porsche-seat-skoda-vw-onayli\/#webpage\",\"url\":\"https:\/\/bakirci.com\/ekipman\/servis-ekipmanlari\/mekanik\/lastik-servis-ekipmanlari\/aks-olcum-cihazlari\/aks-olcum-cihazijohn-bean-born-in-usavas-701-0013d-olcum-sistemi-audi-bentley-bugatti-lamborghini-porsche-seat-skoda-vw-onayli\/\",\"name\":\"Aks \\u00d6l\\u00e7\\u00fcm Cihaz\\u0131 JOHN BEAN (Born in USA) VAS 701 001 3D \\u00f6l\\u00e7\\u00fcm sistemi, Audi, Bentley, Bugatti, Lamborghini, Porsche, Seat, Skoda, VW onayl\\u0131 - Bak\\u0131rc\\u0131 Garagineering\",\"isPartOf\":{\"@id\":\"https:\/\/bakirci.com\/ekipman\/#website\"},\"primaryImageOfPage\":{\"@id\":\"https:\/\/bakirci.com\/ekipman\/servis-ekipmanlari\/mekanik\/lastik-servis-ekipmanlari\/aks-olcum-cihazlari\/aks-olcum-cihazijohn-bean-born-in-usavas-701-0013d-olcum-sistemi-audi-bentley-bugatti-lamborghini-porsche-seat-skoda-vw-onayli\/#primaryimage\"},\"datePublished\":\"2021-07-01T22:01:36+00:00\",\"dateModified\":\"2022-04-15T06:30:15+00:00\",\"breadcrumb\":{\"@id\":\"https:\/\/bakirci.com\/ekipman\/servis-ekipmanlari\/mekanik\/lastik-servis-ekipmanlari\/aks-olcum-cihazlari\/aks-olcum-cihazijohn-bean-born-in-usavas-701-0013d-olcum-sistemi-audi-bentley-bugatti-lamborghini-porsche-seat-skoda-vw-onayli\/#breadcrumb\"},\"inLanguage\":\"tr\",\"potentialAction\":[{\"@type\":\"ReadAction\",\"target\":[\"https:\/\/bakirci.com\/ekipman\/servis-ekipmanlari\/mekanik\/lastik-servis-ekipmanlari\/aks-olcum-cihazlari\/aks-olcum-cihazijohn-bean-born-in-usavas-701-0013d-olcum-sistemi-audi-bentley-bugatti-lamborghini-porsche-seat-skoda-vw-onayli\/\"]}]},{\"@type\":\"BreadcrumbList\",\"@id\":\"https:\/\/bakirci.com\/ekipman\/servis-ekipmanlari\/mekanik\/lastik-servis-ekipmanlari\/aks-olcum-cihazlari\/aks-olcum-cihazijohn-bean-born-in-usavas-701-0013d-olcum-sistemi-audi-bentley-bugatti-lamborghini-porsche-seat-skoda-vw-onayli\/#breadcrumb\",\"itemListElement\":[{\"@type\":\"ListItem\",\"position\":1,\"name\":\"Ekipman\",\"item\":\"https:\/\/bakirci.com\/ekipman\/\"},{\"@type\":\"ListItem\",\"position\":2,\"name\":\"Otomotiv Tesisleri \\u0130\\u00e7in Servis Ekipmanlar\\u0131\",\"item\":\"https:\/\/bakirci.com\/ekipman\/\"},{\"@type\":\"ListItem\",\"position\":3,\"name\":\"Aks \\u00d6l\\u00e7\\u00fcm Cihaz\\u0131JOHN BEAN (Born in USA)VAS 701 0013D \\u00f6l\\u00e7\\u00fcm sistemi, Audi, Bentley, Bugatti, Lamborghini, Porsche, Seat, Skoda, VW onayl\\u0131\"}]}]}<\/script>\n<!-- \/ Yoast SEO plugin. -->","yoast_head_json":{"title":"Aks \u00d6l\u00e7\u00fcm Cihaz\u0131JOHN BEAN (Born in USA)VAS 701 0013D \u00f6l\u00e7\u00fcm sistemi, Audi, Bentley, Bugatti, Lamborghini, Porsche, Seat, Skoda, VW onayl\u0131 - Bak\u0131rc\u0131 Garagineering","robots":{"index":"index","follow":"follow","max-snippet":"max-snippet:-1","max-image-preview":"max-image-preview:large","max-video-preview":"max-video-preview:-1"},"canonical":"https:\/\/bakirci.com\/ekipman\/servis-ekipmanlari\/mekanik\/lastik-servis-ekipmanlari\/aks-olcum-cihazlari\/aks-olcum-cihazijohn-bean-born-in-usavas-701-0013d-olcum-sistemi-audi-bentley-bugatti-lamborghini-porsche-seat-skoda-vw-onayli\/","og_locale":"tr_TR","og_type":"article","og_title":"Aks \u00d6l\u00e7\u00fcm Cihaz\u0131JOHN BEAN (Born in USA)VAS 701 0013D \u00f6l\u00e7\u00fcm sistemi, Audi, Bentley, Bugatti, Lamborghini, Porsche, Seat, Skoda, VW onayl\u0131 - Bak\u0131rc\u0131 Garagineering","og_description":"Aks \u00d6l\u00e7\u00fcm Cihaz\u0131 - VAS 701 001  Audi, Bentley, Bugatti, Lamborghini, Porsche, Seat, Skoda, VW onayl\u0131  Otomobil \u00fcreticilerinin talep etti\u011fi en \u00fcst d\u00fczeyde tekrarlanabilirlik  DigiSmart teknolojisi ile y\u00fcksek \u00e7\u00f6z\u00fcn\u00fcrl\u00fckl\u00fc kameralar\u0131n, \u00f6l\u00e7\u00fcm hedeflerini otomatik olarak takibi  Ayar yerlerinin resimli ve animasyonlu 3 boyutlu g\u00f6r\u00fcnt\u00fcleri  \u00c7apraz \u015fasi, tekerlek \u00e7ap ve kilometre tur say\u0131s\u0131 \u00f6l\u00e7\u00fcm\u00fc  Arac\u0131 kald\u0131rmadan salg\u0131 alma imkan\u0131  \"EZ-Toe\" \u00f6zelli\u011fi sayesinde, eri\u015fimi zor olan toe ayar noktalar\u0131 i\u00e7in havada ayar imkan\u0131  \"EZ Access\" \u00f6zelli\u011fi ile tekerler s\u00f6k\u00fcl\u00fc iken \u00f6l\u00e7\u00fcm ve ayar imkan\u0131  \"ProAckermann\" \u00f6zelli\u011fi sayesinde 20 derecelik kaster \u00f6l\u00e7\u00fcm\u00fcnde d\u00f6n\u00fc\u015f a\u00e7\u0131s\u0131 fark\u0131 \u00f6l\u00e7\u00fcm\u00fc  Ara\u00e7 y\u00fckseklik \u00f6l\u00e7\u00fcm\u00fc i\u00e7in ilave yard\u0131mc\u0131 donan\u0131m (TIP)  ADAS kalibrasyon sistemi i\u00e7in ilave kamera  AC100 \u00fcniversal tutucular ve \u00f6l\u00e7\u00fcm hedefleri (4 adet)  Direksiyon ve fren kilidi ve d\u00f6ner tabla seti (2 adet)  Windows tabanl\u0131 T\u00fcrk\u00e7e program  27\" Led ekran, klavye, mouse ve renkli yaz\u0131c\u0131","og_url":"https:\/\/bakirci.com\/ekipman\/servis-ekipmanlari\/mekanik\/lastik-servis-ekipmanlari\/aks-olcum-cihazlari\/aks-olcum-cihazijohn-bean-born-in-usavas-701-0013d-olcum-sistemi-audi-bentley-bugatti-lamborghini-porsche-seat-skoda-vw-onayli\/","og_site_name":"Bak\u0131rc\u0131 Garagineering","article_publisher":"https:\/\/www.facebook.com\/bakirci.garagineering","article_modified_time":"2022-04-15T06:30:15+00:00","og_image":[{"width":1024,"height":1024,"path":"2022\/04\/Aks-Olcum-Cihazi-VAS-701-001-1-1024x1024.png","url":"https:\/\/bakirci.com\/ekipman\/wp-content\/uploads\/2022\/04\/Aks-Olcum-Cihazi-VAS-701-001-1-1024x1024.png","size":"large","id":6036,"alt":"","pixels":1048576,"type":"image\/png"}],"twitter_card":"summary_large_image","twitter_misc":{"Tahmini okuma s\u00fcresi":"1 dakika"},"schema":{"@context":"https:\/\/schema.org","@graph":[{"@type":"Organization","@id":"https:\/\/bakirci.com\/ekipman\/#organization","name":"Bak\u0131rc\u0131 garagineering","url":"https:\/\/bakirci.com\/ekipman\/","sameAs":["https:\/\/www.facebook.com\/bakirci.garagineering","https:\/\/www.instagram.com\/bakirci.garagineering\/","https:\/\/www.linkedin.com\/company\/bakirci-garagineering\/","https:\/\/www.youtube.com\/channel\/UCiVG6s_jALJ6Zk8085XiOQg"],"logo":{"@type":"ImageObject","@id":"https:\/\/bakirci.com\/ekipman\/#logo","inLanguage":"tr","url":"https:\/\/bakirci.com\/ekipman\/wp-content\/uploads\/2021\/09\/Bakirci-logo-lacivert.png","contentUrl":"https:\/\/bakirci.com\/ekipman\/wp-content\/uploads\/2021\/09\/Bakirci-logo-lacivert.png","width":501,"height":501,"caption":"Bak\u0131rc\u0131 garagineering"},"image":{"@id":"https:\/\/bakirci.com\/ekipman\/#logo"}},{"@type":"WebSite","@id":"https:\/\/bakirci.com\/ekipman\/#website","url":"https:\/\/bakirci.com\/ekipman\/","name":"Bak\u0131rc\u0131 Garagineering","description":"Otomotiv sekt\u00f6r\u00fcne \u00f6zel, \u201c\u00dcretici Standard\u0131nda\u201d \u00e7\u00f6z\u00fcmler\u2026","publisher":{"@id":"https:\/\/bakirci.com\/ekipman\/#organization"},"potentialAction":[{"@type":"SearchAction","target":{"@type":"EntryPoint","urlTemplate":"https:\/\/bakirci.com\/ekipman\/?s={search_term_string}"},"query-input":"required name=search_term_string"}],"inLanguage":"tr"},{"@type":"ImageObject","@id":"https:\/\/bakirci.com\/ekipman\/servis-ekipmanlari\/mekanik\/lastik-servis-ekipmanlari\/aks-olcum-cihazlari\/aks-olcum-cihazijohn-bean-born-in-usavas-701-0013d-olcum-sistemi-audi-bentley-bugatti-lamborghini-porsche-seat-skoda-vw-onayli\/#primaryimage","inLanguage":"tr","url":"https:\/\/bakirci.com\/ekipman\/wp-content\/uploads\/2022\/04\/Aks-Olcum-Cihazi-VAS-701-001-1.png","contentUrl":"https:\/\/bakirci.com\/ekipman\/wp-content\/uploads\/2022\/04\/Aks-Olcum-Cihazi-VAS-701-001-1.png","width":1600,"height":1600},{"@type":"WebPage","@id":"https:\/\/bakirci.com\/ekipman\/servis-ekipmanlari\/mekanik\/lastik-servis-ekipmanlari\/aks-olcum-cihazlari\/aks-olcum-cihazijohn-bean-born-in-usavas-701-0013d-olcum-sistemi-audi-bentley-bugatti-lamborghini-porsche-seat-skoda-vw-onayli\/#webpage","url":"https:\/\/bakirci.com\/ekipman\/servis-ekipmanlari\/mekanik\/lastik-servis-ekipmanlari\/aks-olcum-cihazlari\/aks-olcum-cihazijohn-bean-born-in-usavas-701-0013d-olcum-sistemi-audi-bentley-bugatti-lamborghini-porsche-seat-skoda-vw-onayli\/","name":"Aks \u00d6l\u00e7\u00fcm Cihaz\u0131 JOHN BEAN (Born in USA) VAS 701 001 3D \u00f6l\u00e7\u00fcm sistemi, Audi, Bentley, Bugatti, Lamborghini, Porsche, Seat, Skoda, VW onayl\u0131 - Bak\u0131rc\u0131 Garagineering","isPartOf":{"@id":"https:\/\/bakirci.com\/ekipman\/#website"},"primaryImageOfPage":{"@id":"https:\/\/bakirci.com\/ekipman\/servis-ekipmanlari\/mekanik\/lastik-servis-ekipmanlari\/aks-olcum-cihazlari\/aks-olcum-cihazijohn-bean-born-in-usavas-701-0013d-olcum-sistemi-audi-bentley-bugatti-lamborghini-porsche-seat-skoda-vw-onayli\/#primaryimage"},"datePublished":"2021-07-01T22:01:36+00:00","dateModified":"2022-04-15T06:30:15+00:00","breadcrumb":{"@id":"https:\/\/bakirci.com\/ekipman\/servis-ekipmanlari\/mekanik\/lastik-servis-ekipmanlari\/aks-olcum-cihazlari\/aks-olcum-cihazijohn-bean-born-in-usavas-701-0013d-olcum-sistemi-audi-bentley-bugatti-lamborghini-porsche-seat-skoda-vw-onayli\/#breadcrumb"},"inLanguage":"tr","potentialAction":[{"@type":"ReadAction","target":["https:\/\/bakirci.com\/ekipman\/servis-ekipmanlari\/mekanik\/lastik-servis-ekipmanlari\/aks-olcum-cihazlari\/aks-olcum-cihazijohn-bean-born-in-usavas-701-0013d-olcum-sistemi-audi-bentley-bugatti-lamborghini-porsche-seat-skoda-vw-onayli\/"]}]},{"@type":"BreadcrumbList","@id":"https:\/\/bakirci.com\/ekipman\/servis-ekipmanlari\/mekanik\/lastik-servis-ekipmanlari\/aks-olcum-cihazlari\/aks-olcum-cihazijohn-bean-born-in-usavas-701-0013d-olcum-sistemi-audi-bentley-bugatti-lamborghini-porsche-seat-skoda-vw-onayli\/#breadcrumb","itemListElement":[{"@type":"ListItem","position":1,"name":"Ekipman","item":"https:\/\/bakirci.com\/ekipman\/"},{"@type":"ListItem","position":2,"name":"Otomotiv Tesisleri \u0130\u00e7in Servis Ekipmanlar\u0131","item":"https:\/\/bakirci.com\/ekipman\/"},{"@type":"ListItem","position":3,"name":"Aks \u00d6l\u00e7\u00fcm Cihaz\u0131JOHN BEAN (Born in USA)VAS 701 0013D \u00f6l\u00e7\u00fcm sistemi, Audi, Bentley, Bugatti, Lamborghini, Porsche, Seat, Skoda, VW onayl\u0131"}]}]}},"_links":{"self":[{"href":"https:\/\/bakirci.com\/ekipman\/wp-json\/wp\/v2\/product\/6031","targetHints":{"allow":["GET"]}}],"collection":[{"href":"https:\/\/bakirci.com\/ekipman\/wp-json\/wp\/v2\/product"}],"about":[{"href":"https:\/\/bakirci.com\/ekipman\/wp-json\/wp\/v2\/types\/product"}],"replies":[{"embeddable":true,"href":"https:\/\/bakirci.com\/ekipman\/wp-json\/wp\/v2\/comments?post=6031"}],"wp:featuredmedia":[{"embeddable":true,"href":"https:\/\/bakirci.com\/ekipman\/wp-json\/wp\/v2\/media\/6036"}],"wp:attachment":[{"href":"https:\/\/bakirci.com\/ekipman\/wp-json\/wp\/v2\/media?parent=6031"}],"wp:term":[{"taxonomy":"product_cat","embeddable":true,"href":"https:\/\/bakirci.com\/ekipman\/wp-json\/wp\/v2\/product_cat?post=6031"},{"taxonomy":"product_tag","embeddable":true,"href":"https:\/\/bakirci.com\/ekipman\/wp-json\/wp\/v2\/product_tag?post=6031"}],"curies":[{"name":"wp","href":"https:\/\/api.w.org\/{rel}","templated":true}]}}