{"id":6018,"date":"2021-06-01T08:22:02","date_gmt":"2021-06-01T08:22:02","guid":{"rendered":"https:\/\/bakirci.com\/ekipman\/?post_type=product&#038;p=6018"},"modified":"2024-10-31T15:53:28","modified_gmt":"2024-10-31T15:53:28","slug":"sabit-balans-cihazibutler-born-in-italylibrak-430p-3dtecjant-capi-30","status":"publish","type":"product","link":"https:\/\/bakirci.com\/ekipman\/servis-ekipmanlari\/mekanik\/lastik-servis-ekipmanlari\/balans-cihazlari\/sabit-balans-cihazibutler-born-in-italylibrak-430p-3dtecjant-capi-30\/","title":{"rendered":"<p class=\"ustmetin\">Sabit Balans Cihaz\u0131<\/p><p class=\"ortametin\">BUTLER <span class=\"ortametin2\">(Born in ITALY)<\/span><\/p><p class=\"altmetin\">Librak 430P.3DTEC<br>Pn\u00f6matik lastik s\u0131k\u0131\u015ft\u0131rma sistemi, jant \u00e7ap\u0131 30&#8243;<\/p>"},"content":{"rendered":"<ul>\n<li>Sabit Balans Cihaz\u0131 &#8211; Librak 430P.3DTEC<\/li>\n<li>3D TEC \u00f6zelli\u011fi ile maksimum h\u0131z ve hassas balans i\u015flemi<\/li>\n<li>Sonar dedekt\u00f6r ve lazer ile otomatik jant \u00f6l\u00e7\u00fclerinin tespiti<\/li>\n<li>Lazer ile kur\u015fun \u00e7akma ve yap\u0131\u015ft\u0131rma yeri belirleme<\/li>\n<li>Lazer ile jant e\u011frili\u011finin kontrol\u00fc<\/li>\n<li>Dokunmatik LED ekran sayesinde t\u00fcm i\u015flemlerin h\u0131zl\u0131 ve basit bir \u015fekilde yap\u0131lmas\u0131<\/li>\n<li>Jant i\u00e7i ledli \u0131\u015f\u0131kland\u0131rma<\/li>\n<li>Lazer ile kur\u015fun b\u00f6lme ve gizleme \u00f6zelli\u011fi<\/li>\n<li>ECO kur\u015fun tasarruf program\u0131<\/li>\n<li>Matching (Optimizasyon) program\u0131<\/li>\n<li>T\u00fcm lastik modellerine uygun program se\u00e7ene\u011fi (Pax, Alu, motosiklet vb.)<\/li>\n<li>Otomatik jant tipi haf\u0131za kayd\u0131<\/li>\n<li>Otomatik olarak 1. balans ve 2. balans pozisyonunun ayarlanmas\u0131<\/li>\n<li>Kinematik koruma kapa\u011f\u0131<\/li>\n<li>Pn\u00f6matik lastik s\u0131k\u0131\u015ft\u0131rma sistemi<\/li>\n<li>Konik adapt\u00f6r seti (GAR111, 3&#8217;l\u00fc set, 44 mm &#8211; 112 mm)<\/li>\n<li>Balans \u00e7ekici ve test a\u011f\u0131rl\u0131\u011f\u0131<\/li>\n<li>Jant geni\u015fli\u011fi \u00f6l\u00e7\u00fcm cetveli<\/li>\n<li>Max tekerlek a\u011f\u0131rl\u0131\u011f\u0131 80 kg<\/li>\n<li>Max jant \u00e7ap\u0131 30&#8243;<\/li>\n<li>Max jant geni\u015fli\u011fi 22&#8243;<\/li>\n<li>D\u00f6n\u00fc\u015f h\u0131z\u0131 &lt;100 rpm<\/li>\n<li>\u00d6l\u00e7\u00fcm s\u00fcresi 6 Sn<\/li>\n<li>Opsiyonel yaz\u0131c\u0131 imkan\u0131<\/li>\n<\/ul>\n","protected":false},"excerpt":{"rendered":"<ul>\n<li>Sabit Balans Cihaz\u0131 &#8211; Librak 430P.3DTEC<\/li>\n<li>3D TEC \u00f6zelli\u011fi ile maksimum h\u0131z ve hassas balans i\u015flemi<\/li>\n<li>Sonar dedekt\u00f6r ve lazer ile otomatik jant \u00f6l\u00e7\u00fclerinin tespiti<\/li>\n<li>Lazer ile kur\u015fun \u00e7akma ve yap\u0131\u015ft\u0131rma yeri belirleme<\/li>\n<li>Lazer ile jant e\u011frili\u011finin kontrol\u00fc<\/li>\n<li>Dokunmatik LED ekran sayesinde t\u00fcm i\u015flemlerin h\u0131zl\u0131 ve basit bir \u015fekilde yap\u0131lmas\u0131<\/li>\n<li>Jant i\u00e7i ledli \u0131\u015f\u0131kland\u0131rma<\/li>\n<li>Lazer ile kur\u015fun b\u00f6lme ve gizleme \u00f6zelli\u011fi<\/li>\n<li>ECO kur\u015fun tasarruf program\u0131<\/li>\n<li>Matching (Optimizasyon) program\u0131<\/li>\n<li>T\u00fcm lastik modellerine uygun program se\u00e7ene\u011fi (Pax, Alu, motosiklet vb.)<\/li>\n<li>Otomatik jant tipi haf\u0131za kayd\u0131<\/li>\n<li>Otomatik olarak 1. balans ve 2. balans pozisyonunun ayarlanmas\u0131<\/li>\n<li>Kinematik koruma kapa\u011f\u0131<\/li>\n<li>Pn\u00f6matik lastik s\u0131k\u0131\u015ft\u0131rma sistemi<\/li>\n<li>Konik adapt\u00f6r seti (GAR111, 3&#8217;l\u00fc set, 44 mm &#8211; 112 mm)<\/li>\n<li>Balans \u00e7ekici ve test a\u011f\u0131rl\u0131\u011f\u0131<\/li>\n<li>Jant geni\u015fli\u011fi \u00f6l\u00e7\u00fcm cetveli<\/li>\n<li>Max tekerlek a\u011f\u0131rl\u0131\u011f\u0131 80 kg<\/li>\n<li>Max jant \u00e7ap\u0131 30&#8243;<\/li>\n<li>Max jant geni\u015fli\u011fi 22&#8243;<\/li>\n<li>D\u00f6n\u00fc\u015f h\u0131z\u0131 &lt;100 rpm<\/li>\n<li>\u00d6l\u00e7\u00fcm s\u00fcresi 6 Sn<\/li>\n<li>Opsiyonel yaz\u0131c\u0131 imkan\u0131<\/li>\n<\/ul>\n","protected":false},"featured_media":6017,"comment_status":"open","ping_status":"closed","template":"","meta":[],"product_cat":[155],"product_tag":[],"class_list":["post-6018","product","type-product","status-publish","has-post-thumbnail","hentry","pwb-brand-butler","product_cat-balans-cihazlari"],"brands":[{"id":364,"name":"BUTLER","slug":"butler"}],"yoast_head":"<!-- This site is optimized with the Yoast SEO plugin v17.1 - https:\/\/yoast.com\/wordpress\/plugins\/seo\/ -->\n<title>Sabit Balans Cihaz\u0131BUTLER (Born in ITALY)Librak 430P.3DTECPn\u00f6matik lastik s\u0131k\u0131\u015ft\u0131rma sistemi, jant \u00e7ap\u0131 30&quot; - Bak\u0131rc\u0131 Garagineering<\/title>\n<meta name=\"robots\" content=\"index, follow, max-snippet:-1, max-image-preview:large, max-video-preview:-1\" \/>\n<link rel=\"canonical\" href=\"https:\/\/bakirci.com\/ekipman\/servis-ekipmanlari\/mekanik\/lastik-servis-ekipmanlari\/balans-cihazlari\/sabit-balans-cihazibutler-born-in-italylibrak-430p-3dtecjant-capi-30\/\" \/>\n<meta property=\"og:locale\" content=\"tr_TR\" \/>\n<meta property=\"og:type\" content=\"article\" \/>\n<meta property=\"og:title\" content=\"Sabit Balans Cihaz\u0131BUTLER (Born in ITALY)Librak 430P.3DTECPn\u00f6matik lastik s\u0131k\u0131\u015ft\u0131rma sistemi, jant \u00e7ap\u0131 30&quot; - Bak\u0131rc\u0131 Garagineering\" \/>\n<meta property=\"og:description\" content=\"Sabit Balans Cihaz\u0131 - Librak 430P.3DTEC  3D TEC \u00f6zelli\u011fi ile maksimum h\u0131z ve hassas balans i\u015flemi  Sonar dedekt\u00f6r ve lazer ile otomatik jant \u00f6l\u00e7\u00fclerinin tespiti  Lazer ile kur\u015fun \u00e7akma ve yap\u0131\u015ft\u0131rma yeri belirleme  Lazer ile jant e\u011frili\u011finin kontrol\u00fc  Dokunmatik LED ekran sayesinde t\u00fcm i\u015flemlerin h\u0131zl\u0131 ve basit bir \u015fekilde yap\u0131lmas\u0131  Jant i\u00e7i ledli \u0131\u015f\u0131kland\u0131rma  Lazer ile kur\u015fun b\u00f6lme ve gizleme \u00f6zelli\u011fi  ECO kur\u015fun tasarruf program\u0131  Matching (Optimizasyon) program\u0131  T\u00fcm lastik modellerine uygun program se\u00e7ene\u011fi (Pax, Alu, motosiklet vb.)  Otomatik jant tipi haf\u0131za kayd\u0131  Otomatik olarak 1. balans ve 2. balans pozisyonunun ayarlanmas\u0131  Kinematik koruma kapa\u011f\u0131  Pn\u00f6matik lastik s\u0131k\u0131\u015ft\u0131rma sistemi  Konik adapt\u00f6r seti (GAR111, 3&#039;l\u00fc set, 44 mm - 112 mm)  Balans \u00e7ekici ve test a\u011f\u0131rl\u0131\u011f\u0131  Jant geni\u015fli\u011fi \u00f6l\u00e7\u00fcm cetveli  Max tekerlek a\u011f\u0131rl\u0131\u011f\u0131 80 kg  Max jant \u00e7ap\u0131 30&quot;  Max jant geni\u015fli\u011fi 22&quot;  D\u00f6n\u00fc\u015f h\u0131z\u0131 &lt;100 rpm  \u00d6l\u00e7\u00fcm s\u00fcresi 6 Sn  Opsiyonel yaz\u0131c\u0131 imkan\u0131\" \/>\n<meta property=\"og:url\" content=\"https:\/\/bakirci.com\/ekipman\/servis-ekipmanlari\/mekanik\/lastik-servis-ekipmanlari\/balans-cihazlari\/sabit-balans-cihazibutler-born-in-italylibrak-430p-3dtecjant-capi-30\/\" \/>\n<meta property=\"og:site_name\" content=\"Bak\u0131rc\u0131 Garagineering\" \/>\n<meta property=\"article:publisher\" content=\"https:\/\/www.facebook.com\/bakirci.garagineering\" \/>\n<meta property=\"article:modified_time\" content=\"2024-10-31T15:53:28+00:00\" \/>\n<meta property=\"og:image\" content=\"https:\/\/bakirci.com\/ekipman\/wp-content\/uploads\/2022\/04\/Sabit-Balans-Cihazi-Librak-430P.3DTEC-1024x1024.png\" \/>\n\t<meta property=\"og:image:width\" content=\"1024\" \/>\n\t<meta property=\"og:image:height\" content=\"1024\" \/>\n<meta name=\"twitter:card\" content=\"summary_large_image\" \/>\n<meta name=\"twitter:label1\" content=\"Tahmini okuma s\u00fcresi\" \/>\n\t<meta name=\"twitter:data1\" content=\"1 dakika\" \/>\n<script type=\"application\/ld+json\" class=\"yoast-schema-graph\">{\"@context\":\"https:\/\/schema.org\",\"@graph\":[{\"@type\":\"Organization\",\"@id\":\"https:\/\/bakirci.com\/ekipman\/#organization\",\"name\":\"Bak\\u0131rc\\u0131 garagineering\",\"url\":\"https:\/\/bakirci.com\/ekipman\/\",\"sameAs\":[\"https:\/\/www.facebook.com\/bakirci.garagineering\",\"https:\/\/www.instagram.com\/bakirci.garagineering\/\",\"https:\/\/www.linkedin.com\/company\/bakirci-garagineering\/\",\"https:\/\/www.youtube.com\/channel\/UCiVG6s_jALJ6Zk8085XiOQg\"],\"logo\":{\"@type\":\"ImageObject\",\"@id\":\"https:\/\/bakirci.com\/ekipman\/#logo\",\"inLanguage\":\"tr\",\"url\":\"https:\/\/bakirci.com\/ekipman\/wp-content\/uploads\/2021\/09\/Bakirci-logo-lacivert.png\",\"contentUrl\":\"https:\/\/bakirci.com\/ekipman\/wp-content\/uploads\/2021\/09\/Bakirci-logo-lacivert.png\",\"width\":501,\"height\":501,\"caption\":\"Bak\\u0131rc\\u0131 garagineering\"},\"image\":{\"@id\":\"https:\/\/bakirci.com\/ekipman\/#logo\"}},{\"@type\":\"WebSite\",\"@id\":\"https:\/\/bakirci.com\/ekipman\/#website\",\"url\":\"https:\/\/bakirci.com\/ekipman\/\",\"name\":\"Bak\\u0131rc\\u0131 Garagineering\",\"description\":\"Otomotiv sekt\\u00f6r\\u00fcne \\u00f6zel, \\u201c\\u00dcretici Standard\\u0131nda\\u201d \\u00e7\\u00f6z\\u00fcmler\\u2026\",\"publisher\":{\"@id\":\"https:\/\/bakirci.com\/ekipman\/#organization\"},\"potentialAction\":[{\"@type\":\"SearchAction\",\"target\":{\"@type\":\"EntryPoint\",\"urlTemplate\":\"https:\/\/bakirci.com\/ekipman\/?s={search_term_string}\"},\"query-input\":\"required name=search_term_string\"}],\"inLanguage\":\"tr\"},{\"@type\":\"ImageObject\",\"@id\":\"https:\/\/bakirci.com\/ekipman\/servis-ekipmanlari\/mekanik\/lastik-servis-ekipmanlari\/balans-cihazlari\/sabit-balans-cihazibutler-born-in-italylibrak-430p-3dtecjant-capi-30\/#primaryimage\",\"inLanguage\":\"tr\",\"url\":\"https:\/\/bakirci.com\/ekipman\/wp-content\/uploads\/2022\/04\/Sabit-Balans-Cihazi-Librak-430P.3DTEC.png\",\"contentUrl\":\"https:\/\/bakirci.com\/ekipman\/wp-content\/uploads\/2022\/04\/Sabit-Balans-Cihazi-Librak-430P.3DTEC.png\",\"width\":5000,\"height\":5000},{\"@type\":\"WebPage\",\"@id\":\"https:\/\/bakirci.com\/ekipman\/servis-ekipmanlari\/mekanik\/lastik-servis-ekipmanlari\/balans-cihazlari\/sabit-balans-cihazibutler-born-in-italylibrak-430p-3dtecjant-capi-30\/#webpage\",\"url\":\"https:\/\/bakirci.com\/ekipman\/servis-ekipmanlari\/mekanik\/lastik-servis-ekipmanlari\/balans-cihazlari\/sabit-balans-cihazibutler-born-in-italylibrak-430p-3dtecjant-capi-30\/\",\"name\":\"Sabit Balans Cihaz\\u0131 BUTLER (Born in ITALY) Librak 430P.3DTEC Pn\\u00f6matik lastik s\\u0131k\\u0131\\u015ft\\u0131rma sistemi, jant \\u00e7ap\\u0131 30\\\" - Bak\\u0131rc\\u0131 Garagineering\",\"isPartOf\":{\"@id\":\"https:\/\/bakirci.com\/ekipman\/#website\"},\"primaryImageOfPage\":{\"@id\":\"https:\/\/bakirci.com\/ekipman\/servis-ekipmanlari\/mekanik\/lastik-servis-ekipmanlari\/balans-cihazlari\/sabit-balans-cihazibutler-born-in-italylibrak-430p-3dtecjant-capi-30\/#primaryimage\"},\"datePublished\":\"2021-06-01T08:22:02+00:00\",\"dateModified\":\"2024-10-31T15:53:28+00:00\",\"breadcrumb\":{\"@id\":\"https:\/\/bakirci.com\/ekipman\/servis-ekipmanlari\/mekanik\/lastik-servis-ekipmanlari\/balans-cihazlari\/sabit-balans-cihazibutler-born-in-italylibrak-430p-3dtecjant-capi-30\/#breadcrumb\"},\"inLanguage\":\"tr\",\"potentialAction\":[{\"@type\":\"ReadAction\",\"target\":[\"https:\/\/bakirci.com\/ekipman\/servis-ekipmanlari\/mekanik\/lastik-servis-ekipmanlari\/balans-cihazlari\/sabit-balans-cihazibutler-born-in-italylibrak-430p-3dtecjant-capi-30\/\"]}]},{\"@type\":\"BreadcrumbList\",\"@id\":\"https:\/\/bakirci.com\/ekipman\/servis-ekipmanlari\/mekanik\/lastik-servis-ekipmanlari\/balans-cihazlari\/sabit-balans-cihazibutler-born-in-italylibrak-430p-3dtecjant-capi-30\/#breadcrumb\",\"itemListElement\":[{\"@type\":\"ListItem\",\"position\":1,\"name\":\"Ekipman\",\"item\":\"https:\/\/bakirci.com\/ekipman\/\"},{\"@type\":\"ListItem\",\"position\":2,\"name\":\"Otomotiv Tesisleri \\u0130\\u00e7in Servis Ekipmanlar\\u0131\",\"item\":\"https:\/\/bakirci.com\/ekipman\/\"},{\"@type\":\"ListItem\",\"position\":3,\"name\":\"Sabit Balans Cihaz\\u0131BUTLER (Born in ITALY)Librak 430P.3DTECPn\\u00f6matik lastik s\\u0131k\\u0131\\u015ft\\u0131rma sistemi, jant \\u00e7ap\\u0131 30&#8243;\"}]}]}<\/script>\n<!-- \/ Yoast SEO plugin. -->","yoast_head_json":{"title":"Sabit Balans Cihaz\u0131BUTLER (Born in ITALY)Librak 430P.3DTECPn\u00f6matik lastik s\u0131k\u0131\u015ft\u0131rma sistemi, jant \u00e7ap\u0131 30\" - Bak\u0131rc\u0131 Garagineering","robots":{"index":"index","follow":"follow","max-snippet":"max-snippet:-1","max-image-preview":"max-image-preview:large","max-video-preview":"max-video-preview:-1"},"canonical":"https:\/\/bakirci.com\/ekipman\/servis-ekipmanlari\/mekanik\/lastik-servis-ekipmanlari\/balans-cihazlari\/sabit-balans-cihazibutler-born-in-italylibrak-430p-3dtecjant-capi-30\/","og_locale":"tr_TR","og_type":"article","og_title":"Sabit Balans Cihaz\u0131BUTLER (Born in ITALY)Librak 430P.3DTECPn\u00f6matik lastik s\u0131k\u0131\u015ft\u0131rma sistemi, jant \u00e7ap\u0131 30\" - Bak\u0131rc\u0131 Garagineering","og_description":"Sabit Balans Cihaz\u0131 - Librak 430P.3DTEC  3D TEC \u00f6zelli\u011fi ile maksimum h\u0131z ve hassas balans i\u015flemi  Sonar dedekt\u00f6r ve lazer ile otomatik jant \u00f6l\u00e7\u00fclerinin tespiti  Lazer ile kur\u015fun \u00e7akma ve yap\u0131\u015ft\u0131rma yeri belirleme  Lazer ile jant e\u011frili\u011finin kontrol\u00fc  Dokunmatik LED ekran sayesinde t\u00fcm i\u015flemlerin h\u0131zl\u0131 ve basit bir \u015fekilde yap\u0131lmas\u0131  Jant i\u00e7i ledli \u0131\u015f\u0131kland\u0131rma  Lazer ile kur\u015fun b\u00f6lme ve gizleme \u00f6zelli\u011fi  ECO kur\u015fun tasarruf program\u0131  Matching (Optimizasyon) program\u0131  T\u00fcm lastik modellerine uygun program se\u00e7ene\u011fi (Pax, Alu, motosiklet vb.)  Otomatik jant tipi haf\u0131za kayd\u0131  Otomatik olarak 1. balans ve 2. balans pozisyonunun ayarlanmas\u0131  Kinematik koruma kapa\u011f\u0131  Pn\u00f6matik lastik s\u0131k\u0131\u015ft\u0131rma sistemi  Konik adapt\u00f6r seti (GAR111, 3'l\u00fc set, 44 mm - 112 mm)  Balans \u00e7ekici ve test a\u011f\u0131rl\u0131\u011f\u0131  Jant geni\u015fli\u011fi \u00f6l\u00e7\u00fcm cetveli  Max tekerlek a\u011f\u0131rl\u0131\u011f\u0131 80 kg  Max jant \u00e7ap\u0131 30\"  Max jant geni\u015fli\u011fi 22\"  D\u00f6n\u00fc\u015f h\u0131z\u0131 &lt;100 rpm  \u00d6l\u00e7\u00fcm s\u00fcresi 6 Sn  Opsiyonel yaz\u0131c\u0131 imkan\u0131","og_url":"https:\/\/bakirci.com\/ekipman\/servis-ekipmanlari\/mekanik\/lastik-servis-ekipmanlari\/balans-cihazlari\/sabit-balans-cihazibutler-born-in-italylibrak-430p-3dtecjant-capi-30\/","og_site_name":"Bak\u0131rc\u0131 Garagineering","article_publisher":"https:\/\/www.facebook.com\/bakirci.garagineering","article_modified_time":"2024-10-31T15:53:28+00:00","og_image":[{"width":1024,"height":1024,"path":"2022\/04\/Sabit-Balans-Cihazi-Librak-430P.3DTEC-1024x1024.png","url":"https:\/\/bakirci.com\/ekipman\/wp-content\/uploads\/2022\/04\/Sabit-Balans-Cihazi-Librak-430P.3DTEC-1024x1024.png","size":"large","id":6017,"alt":"","pixels":1048576,"type":"image\/png"}],"twitter_card":"summary_large_image","twitter_misc":{"Tahmini okuma s\u00fcresi":"1 dakika"},"schema":{"@context":"https:\/\/schema.org","@graph":[{"@type":"Organization","@id":"https:\/\/bakirci.com\/ekipman\/#organization","name":"Bak\u0131rc\u0131 garagineering","url":"https:\/\/bakirci.com\/ekipman\/","sameAs":["https:\/\/www.facebook.com\/bakirci.garagineering","https:\/\/www.instagram.com\/bakirci.garagineering\/","https:\/\/www.linkedin.com\/company\/bakirci-garagineering\/","https:\/\/www.youtube.com\/channel\/UCiVG6s_jALJ6Zk8085XiOQg"],"logo":{"@type":"ImageObject","@id":"https:\/\/bakirci.com\/ekipman\/#logo","inLanguage":"tr","url":"https:\/\/bakirci.com\/ekipman\/wp-content\/uploads\/2021\/09\/Bakirci-logo-lacivert.png","contentUrl":"https:\/\/bakirci.com\/ekipman\/wp-content\/uploads\/2021\/09\/Bakirci-logo-lacivert.png","width":501,"height":501,"caption":"Bak\u0131rc\u0131 garagineering"},"image":{"@id":"https:\/\/bakirci.com\/ekipman\/#logo"}},{"@type":"WebSite","@id":"https:\/\/bakirci.com\/ekipman\/#website","url":"https:\/\/bakirci.com\/ekipman\/","name":"Bak\u0131rc\u0131 Garagineering","description":"Otomotiv sekt\u00f6r\u00fcne \u00f6zel, \u201c\u00dcretici Standard\u0131nda\u201d \u00e7\u00f6z\u00fcmler\u2026","publisher":{"@id":"https:\/\/bakirci.com\/ekipman\/#organization"},"potentialAction":[{"@type":"SearchAction","target":{"@type":"EntryPoint","urlTemplate":"https:\/\/bakirci.com\/ekipman\/?s={search_term_string}"},"query-input":"required name=search_term_string"}],"inLanguage":"tr"},{"@type":"ImageObject","@id":"https:\/\/bakirci.com\/ekipman\/servis-ekipmanlari\/mekanik\/lastik-servis-ekipmanlari\/balans-cihazlari\/sabit-balans-cihazibutler-born-in-italylibrak-430p-3dtecjant-capi-30\/#primaryimage","inLanguage":"tr","url":"https:\/\/bakirci.com\/ekipman\/wp-content\/uploads\/2022\/04\/Sabit-Balans-Cihazi-Librak-430P.3DTEC.png","contentUrl":"https:\/\/bakirci.com\/ekipman\/wp-content\/uploads\/2022\/04\/Sabit-Balans-Cihazi-Librak-430P.3DTEC.png","width":5000,"height":5000},{"@type":"WebPage","@id":"https:\/\/bakirci.com\/ekipman\/servis-ekipmanlari\/mekanik\/lastik-servis-ekipmanlari\/balans-cihazlari\/sabit-balans-cihazibutler-born-in-italylibrak-430p-3dtecjant-capi-30\/#webpage","url":"https:\/\/bakirci.com\/ekipman\/servis-ekipmanlari\/mekanik\/lastik-servis-ekipmanlari\/balans-cihazlari\/sabit-balans-cihazibutler-born-in-italylibrak-430p-3dtecjant-capi-30\/","name":"Sabit Balans Cihaz\u0131 BUTLER (Born in ITALY) Librak 430P.3DTEC Pn\u00f6matik lastik s\u0131k\u0131\u015ft\u0131rma sistemi, jant \u00e7ap\u0131 30\" - Bak\u0131rc\u0131 Garagineering","isPartOf":{"@id":"https:\/\/bakirci.com\/ekipman\/#website"},"primaryImageOfPage":{"@id":"https:\/\/bakirci.com\/ekipman\/servis-ekipmanlari\/mekanik\/lastik-servis-ekipmanlari\/balans-cihazlari\/sabit-balans-cihazibutler-born-in-italylibrak-430p-3dtecjant-capi-30\/#primaryimage"},"datePublished":"2021-06-01T08:22:02+00:00","dateModified":"2024-10-31T15:53:28+00:00","breadcrumb":{"@id":"https:\/\/bakirci.com\/ekipman\/servis-ekipmanlari\/mekanik\/lastik-servis-ekipmanlari\/balans-cihazlari\/sabit-balans-cihazibutler-born-in-italylibrak-430p-3dtecjant-capi-30\/#breadcrumb"},"inLanguage":"tr","potentialAction":[{"@type":"ReadAction","target":["https:\/\/bakirci.com\/ekipman\/servis-ekipmanlari\/mekanik\/lastik-servis-ekipmanlari\/balans-cihazlari\/sabit-balans-cihazibutler-born-in-italylibrak-430p-3dtecjant-capi-30\/"]}]},{"@type":"BreadcrumbList","@id":"https:\/\/bakirci.com\/ekipman\/servis-ekipmanlari\/mekanik\/lastik-servis-ekipmanlari\/balans-cihazlari\/sabit-balans-cihazibutler-born-in-italylibrak-430p-3dtecjant-capi-30\/#breadcrumb","itemListElement":[{"@type":"ListItem","position":1,"name":"Ekipman","item":"https:\/\/bakirci.com\/ekipman\/"},{"@type":"ListItem","position":2,"name":"Otomotiv Tesisleri \u0130\u00e7in Servis Ekipmanlar\u0131","item":"https:\/\/bakirci.com\/ekipman\/"},{"@type":"ListItem","position":3,"name":"Sabit Balans Cihaz\u0131BUTLER (Born in ITALY)Librak 430P.3DTECPn\u00f6matik lastik s\u0131k\u0131\u015ft\u0131rma sistemi, jant \u00e7ap\u0131 30&#8243;"}]}]}},"_links":{"self":[{"href":"https:\/\/bakirci.com\/ekipman\/wp-json\/wp\/v2\/product\/6018","targetHints":{"allow":["GET"]}}],"collection":[{"href":"https:\/\/bakirci.com\/ekipman\/wp-json\/wp\/v2\/product"}],"about":[{"href":"https:\/\/bakirci.com\/ekipman\/wp-json\/wp\/v2\/types\/product"}],"replies":[{"embeddable":true,"href":"https:\/\/bakirci.com\/ekipman\/wp-json\/wp\/v2\/comments?post=6018"}],"wp:featuredmedia":[{"embeddable":true,"href":"https:\/\/bakirci.com\/ekipman\/wp-json\/wp\/v2\/media\/6017"}],"wp:attachment":[{"href":"https:\/\/bakirci.com\/ekipman\/wp-json\/wp\/v2\/media?parent=6018"}],"wp:term":[{"taxonomy":"product_cat","embeddable":true,"href":"https:\/\/bakirci.com\/ekipman\/wp-json\/wp\/v2\/product_cat?post=6018"},{"taxonomy":"product_tag","embeddable":true,"href":"https:\/\/bakirci.com\/ekipman\/wp-json\/wp\/v2\/product_tag?post=6018"}],"curies":[{"name":"wp","href":"https:\/\/api.w.org\/{rel}","templated":true}]}}