{"id":6014,"date":"2021-06-01T08:23:28","date_gmt":"2021-06-01T08:23:28","guid":{"rendered":"https:\/\/bakirci.com\/ekipman\/?post_type=product&#038;p=6014"},"modified":"2022-04-11T13:39:22","modified_gmt":"2022-04-11T13:39:22","slug":"sabit-balans-cihazibutler-born-in-italylibrak-360wsjant-capi-30","status":"publish","type":"product","link":"https:\/\/bakirci.com\/ekipman\/servis-ekipmanlari\/mekanik\/lastik-servis-ekipmanlari\/balans-cihazlari\/sabit-balans-cihazibutler-born-in-italylibrak-360wsjant-capi-30\/","title":{"rendered":"<p class=\"ustmetin\">Sabit Balans Cihaz\u0131<\/p><p class=\"ortametin\">BUTLER <span class=\"ortametin2\">(Born in ITALY)<\/span><\/p><p class=\"altmetin\">Librak 360WS<br>jant \u00e7ap\u0131 30&#8243;<\/p>"},"content":{"rendered":"<ul>\n<li>Sabit Balans Cihaz\u0131 &#8211; Librak 360WS<\/li>\n<li>\u00d6l\u00e7\u00fcm kolu ile otomatik jant \u00e7ap\u0131 ve mesafe tespiti<\/li>\n<li>Lazer ile kur\u015fun \u00e7akma ve yap\u0131\u015ft\u0131rma yeri belirleme<\/li>\n<li>Sonar ile otomatik jant geni\u015fli\u011fi \u00f6l\u00e7\u00fcm\u00fc<\/li>\n<li>Jant i\u00e7i ledli \u0131\u015f\u0131kland\u0131rma<\/li>\n<li>ECO Kur\u015fun tasarruf program\u0131<\/li>\n<li>Matching (Optimizasyon) program\u0131<\/li>\n<li>T\u00fcm lastik modellerine uygun program se\u00e7ene\u011fi (Pax, Alu )<\/li>\n<li>Otomatik olarak 1. balans ve 2. balans pozisyonunun ayarlanmas\u0131<\/li>\n<li>Konik adapt\u00f6r seti 3 adet (44 mm &#8211; 112 mm)<\/li>\n<li>Maksimum tekerlek a\u011f\u0131rl\u0131\u011f\u0131 70 kg<\/li>\n<li>Maksimum jant \u00e7ap\u0131 30&#8243;<\/li>\n<li>Maksimum jant geni\u015fli\u011fi 22&#8243;<\/li>\n<\/ul>\n","protected":false},"excerpt":{"rendered":"<ul>\n<li>Sabit Balans Cihaz\u0131 &#8211; Librak 360WS<\/li>\n<li>\u00d6l\u00e7\u00fcm kolu ile otomatik jant \u00e7ap\u0131 ve mesafe tespiti<\/li>\n<li>Lazer ile kur\u015fun \u00e7akma ve yap\u0131\u015ft\u0131rma yeri belirleme<\/li>\n<li>Sonar ile otomatik jant geni\u015fli\u011fi \u00f6l\u00e7\u00fcm\u00fc<\/li>\n<li>Jant i\u00e7i ledli \u0131\u015f\u0131kland\u0131rma<\/li>\n<li>ECO Kur\u015fun tasarruf program\u0131<\/li>\n<li>Matching (Optimizasyon) program\u0131<\/li>\n<li>T\u00fcm lastik modellerine uygun program se\u00e7ene\u011fi (Pax, Alu )<\/li>\n<li>Otomatik olarak 1. balans ve 2. balans pozisyonunun ayarlanmas\u0131<\/li>\n<li>Konik adapt\u00f6r seti 3 adet (44 mm &#8211; 112 mm)<\/li>\n<li>Maksimum tekerlek a\u011f\u0131rl\u0131\u011f\u0131 70 kg<\/li>\n<li>Maksimum jant \u00e7ap\u0131 30&#8243;<\/li>\n<li>Maksimum jant geni\u015fli\u011fi 22&#8243;<\/li>\n<\/ul>\n","protected":false},"featured_media":6015,"comment_status":"open","ping_status":"closed","template":"","meta":[],"product_cat":[155],"product_tag":[479,471,470,51,476,474,473,468,472,483,480,469,486,484,478,466,467,477,481,485,465],"class_list":["post-6014","product","type-product","status-publish","has-post-thumbnail","hentry","pwb-brand-butler","product_cat-balans-cihazlari","product_tag-balans-kursunu","product_tag-balans-makinasi","product_tag-balans-makinesi","product_tag-butler","product_tag-diagnostik-balans","product_tag-dokunmaktik-balans-cihazi","product_tag-dokunmatik-ekran","product_tag-ekranli-balans","product_tag-havali-sikistirma","product_tag-kamyon-balans","product_tag-lazerli-balans","product_tag-liftli-balans","product_tag-mobil-balans","product_tag-otobus-balans","product_tag-pnomatik-sikistirmali","product_tag-rot-balans-cihazi","product_tag-rot-balans-makinasi","product_tag-seyyar-balans","product_tag-sonarli-balans","product_tag-tekerlek-balans","product_tag-yol-baskili-balans-cihazi"],"brands":[{"id":364,"name":"BUTLER","slug":"butler"}],"yoast_head":"<!-- This site is optimized with the Yoast SEO plugin v17.1 - https:\/\/yoast.com\/wordpress\/plugins\/seo\/ -->\n<title>Sabit Balans Cihaz\u0131BUTLER (Born in ITALY)Librak 360WSjant \u00e7ap\u0131 30&quot; - Bak\u0131rc\u0131 Garagineering<\/title>\n<meta name=\"robots\" content=\"index, follow, max-snippet:-1, max-image-preview:large, max-video-preview:-1\" \/>\n<link rel=\"canonical\" href=\"https:\/\/bakirci.com\/ekipman\/servis-ekipmanlari\/mekanik\/lastik-servis-ekipmanlari\/balans-cihazlari\/sabit-balans-cihazibutler-born-in-italylibrak-360wsjant-capi-30\/\" \/>\n<meta property=\"og:locale\" content=\"tr_TR\" \/>\n<meta property=\"og:type\" content=\"article\" \/>\n<meta property=\"og:title\" content=\"Sabit Balans Cihaz\u0131BUTLER (Born in ITALY)Librak 360WSjant \u00e7ap\u0131 30&quot; - Bak\u0131rc\u0131 Garagineering\" \/>\n<meta property=\"og:description\" content=\"Sabit Balans Cihaz\u0131 - Librak 360WS  \u00d6l\u00e7\u00fcm kolu ile otomatik jant \u00e7ap\u0131 ve mesafe tespiti  Lazer ile kur\u015fun \u00e7akma ve yap\u0131\u015ft\u0131rma yeri belirleme  Sonar ile otomatik jant geni\u015fli\u011fi \u00f6l\u00e7\u00fcm\u00fc  Jant i\u00e7i ledli \u0131\u015f\u0131kland\u0131rma  ECO Kur\u015fun tasarruf program\u0131  Matching (Optimizasyon) program\u0131  T\u00fcm lastik modellerine uygun program se\u00e7ene\u011fi (Pax, Alu )  Otomatik olarak 1. balans ve 2. balans pozisyonunun ayarlanmas\u0131  Konik adapt\u00f6r seti 3 adet (44 mm - 112 mm)  Maksimum tekerlek a\u011f\u0131rl\u0131\u011f\u0131 70 kg  Maksimum jant \u00e7ap\u0131 30&quot;  Maksimum jant geni\u015fli\u011fi 22&quot;\" \/>\n<meta property=\"og:url\" content=\"https:\/\/bakirci.com\/ekipman\/servis-ekipmanlari\/mekanik\/lastik-servis-ekipmanlari\/balans-cihazlari\/sabit-balans-cihazibutler-born-in-italylibrak-360wsjant-capi-30\/\" \/>\n<meta property=\"og:site_name\" content=\"Bak\u0131rc\u0131 Garagineering\" \/>\n<meta property=\"article:publisher\" content=\"https:\/\/www.facebook.com\/bakirci.garagineering\" \/>\n<meta property=\"article:modified_time\" content=\"2022-04-11T13:39:22+00:00\" \/>\n<meta property=\"og:image\" content=\"https:\/\/bakirci.com\/ekipman\/wp-content\/uploads\/2022\/04\/Sabit-Balans-Cihazi-Librak-360WS.png\" \/>\n\t<meta property=\"og:image:width\" content=\"1200\" \/>\n\t<meta property=\"og:image:height\" content=\"1200\" \/>\n<meta name=\"twitter:card\" content=\"summary_large_image\" \/>\n<script type=\"application\/ld+json\" class=\"yoast-schema-graph\">{\"@context\":\"https:\/\/schema.org\",\"@graph\":[{\"@type\":\"Organization\",\"@id\":\"https:\/\/bakirci.com\/ekipman\/#organization\",\"name\":\"Bak\\u0131rc\\u0131 garagineering\",\"url\":\"https:\/\/bakirci.com\/ekipman\/\",\"sameAs\":[\"https:\/\/www.facebook.com\/bakirci.garagineering\",\"https:\/\/www.instagram.com\/bakirci.garagineering\/\",\"https:\/\/www.linkedin.com\/company\/bakirci-garagineering\/\",\"https:\/\/www.youtube.com\/channel\/UCiVG6s_jALJ6Zk8085XiOQg\"],\"logo\":{\"@type\":\"ImageObject\",\"@id\":\"https:\/\/bakirci.com\/ekipman\/#logo\",\"inLanguage\":\"tr\",\"url\":\"https:\/\/bakirci.com\/ekipman\/wp-content\/uploads\/2021\/09\/Bakirci-logo-lacivert.png\",\"contentUrl\":\"https:\/\/bakirci.com\/ekipman\/wp-content\/uploads\/2021\/09\/Bakirci-logo-lacivert.png\",\"width\":501,\"height\":501,\"caption\":\"Bak\\u0131rc\\u0131 garagineering\"},\"image\":{\"@id\":\"https:\/\/bakirci.com\/ekipman\/#logo\"}},{\"@type\":\"WebSite\",\"@id\":\"https:\/\/bakirci.com\/ekipman\/#website\",\"url\":\"https:\/\/bakirci.com\/ekipman\/\",\"name\":\"Bak\\u0131rc\\u0131 Garagineering\",\"description\":\"Otomotiv sekt\\u00f6r\\u00fcne \\u00f6zel, \\u201c\\u00dcretici Standard\\u0131nda\\u201d \\u00e7\\u00f6z\\u00fcmler\\u2026\",\"publisher\":{\"@id\":\"https:\/\/bakirci.com\/ekipman\/#organization\"},\"potentialAction\":[{\"@type\":\"SearchAction\",\"target\":{\"@type\":\"EntryPoint\",\"urlTemplate\":\"https:\/\/bakirci.com\/ekipman\/?s={search_term_string}\"},\"query-input\":\"required name=search_term_string\"}],\"inLanguage\":\"tr\"},{\"@type\":\"ImageObject\",\"@id\":\"https:\/\/bakirci.com\/ekipman\/servis-ekipmanlari\/mekanik\/lastik-servis-ekipmanlari\/balans-cihazlari\/sabit-balans-cihazibutler-born-in-italylibrak-360wsjant-capi-30\/#primaryimage\",\"inLanguage\":\"tr\",\"url\":\"https:\/\/bakirci.com\/ekipman\/wp-content\/uploads\/2022\/04\/Sabit-Balans-Cihazi-Librak-360WS.png\",\"contentUrl\":\"https:\/\/bakirci.com\/ekipman\/wp-content\/uploads\/2022\/04\/Sabit-Balans-Cihazi-Librak-360WS.png\",\"width\":1200,\"height\":1200},{\"@type\":\"WebPage\",\"@id\":\"https:\/\/bakirci.com\/ekipman\/servis-ekipmanlari\/mekanik\/lastik-servis-ekipmanlari\/balans-cihazlari\/sabit-balans-cihazibutler-born-in-italylibrak-360wsjant-capi-30\/#webpage\",\"url\":\"https:\/\/bakirci.com\/ekipman\/servis-ekipmanlari\/mekanik\/lastik-servis-ekipmanlari\/balans-cihazlari\/sabit-balans-cihazibutler-born-in-italylibrak-360wsjant-capi-30\/\",\"name\":\"Sabit Balans Cihaz\\u0131 BUTLER (Born in ITALY) Librak 360WS jant \\u00e7ap\\u0131 30\\\" - Bak\\u0131rc\\u0131 Garagineering\",\"isPartOf\":{\"@id\":\"https:\/\/bakirci.com\/ekipman\/#website\"},\"primaryImageOfPage\":{\"@id\":\"https:\/\/bakirci.com\/ekipman\/servis-ekipmanlari\/mekanik\/lastik-servis-ekipmanlari\/balans-cihazlari\/sabit-balans-cihazibutler-born-in-italylibrak-360wsjant-capi-30\/#primaryimage\"},\"datePublished\":\"2021-06-01T08:23:28+00:00\",\"dateModified\":\"2022-04-11T13:39:22+00:00\",\"breadcrumb\":{\"@id\":\"https:\/\/bakirci.com\/ekipman\/servis-ekipmanlari\/mekanik\/lastik-servis-ekipmanlari\/balans-cihazlari\/sabit-balans-cihazibutler-born-in-italylibrak-360wsjant-capi-30\/#breadcrumb\"},\"inLanguage\":\"tr\",\"potentialAction\":[{\"@type\":\"ReadAction\",\"target\":[\"https:\/\/bakirci.com\/ekipman\/servis-ekipmanlari\/mekanik\/lastik-servis-ekipmanlari\/balans-cihazlari\/sabit-balans-cihazibutler-born-in-italylibrak-360wsjant-capi-30\/\"]}]},{\"@type\":\"BreadcrumbList\",\"@id\":\"https:\/\/bakirci.com\/ekipman\/servis-ekipmanlari\/mekanik\/lastik-servis-ekipmanlari\/balans-cihazlari\/sabit-balans-cihazibutler-born-in-italylibrak-360wsjant-capi-30\/#breadcrumb\",\"itemListElement\":[{\"@type\":\"ListItem\",\"position\":1,\"name\":\"Ekipman\",\"item\":\"https:\/\/bakirci.com\/ekipman\/\"},{\"@type\":\"ListItem\",\"position\":2,\"name\":\"Otomotiv Tesisleri \\u0130\\u00e7in Servis Ekipmanlar\\u0131\",\"item\":\"https:\/\/bakirci.com\/ekipman\/\"},{\"@type\":\"ListItem\",\"position\":3,\"name\":\"Sabit Balans Cihaz\\u0131BUTLER (Born in ITALY)Librak 360WSjant \\u00e7ap\\u0131 30&#8243;\"}]}]}<\/script>\n<!-- \/ Yoast SEO plugin. -->","yoast_head_json":{"title":"Sabit Balans Cihaz\u0131BUTLER (Born in ITALY)Librak 360WSjant \u00e7ap\u0131 30\" - Bak\u0131rc\u0131 Garagineering","robots":{"index":"index","follow":"follow","max-snippet":"max-snippet:-1","max-image-preview":"max-image-preview:large","max-video-preview":"max-video-preview:-1"},"canonical":"https:\/\/bakirci.com\/ekipman\/servis-ekipmanlari\/mekanik\/lastik-servis-ekipmanlari\/balans-cihazlari\/sabit-balans-cihazibutler-born-in-italylibrak-360wsjant-capi-30\/","og_locale":"tr_TR","og_type":"article","og_title":"Sabit Balans Cihaz\u0131BUTLER (Born in ITALY)Librak 360WSjant \u00e7ap\u0131 30\" - Bak\u0131rc\u0131 Garagineering","og_description":"Sabit Balans Cihaz\u0131 - Librak 360WS  \u00d6l\u00e7\u00fcm kolu ile otomatik jant \u00e7ap\u0131 ve mesafe tespiti  Lazer ile kur\u015fun \u00e7akma ve yap\u0131\u015ft\u0131rma yeri belirleme  Sonar ile otomatik jant geni\u015fli\u011fi \u00f6l\u00e7\u00fcm\u00fc  Jant i\u00e7i ledli \u0131\u015f\u0131kland\u0131rma  ECO Kur\u015fun tasarruf program\u0131  Matching (Optimizasyon) program\u0131  T\u00fcm lastik modellerine uygun program se\u00e7ene\u011fi (Pax, Alu )  Otomatik olarak 1. balans ve 2. balans pozisyonunun ayarlanmas\u0131  Konik adapt\u00f6r seti 3 adet (44 mm - 112 mm)  Maksimum tekerlek a\u011f\u0131rl\u0131\u011f\u0131 70 kg  Maksimum jant \u00e7ap\u0131 30\"  Maksimum jant geni\u015fli\u011fi 22\"","og_url":"https:\/\/bakirci.com\/ekipman\/servis-ekipmanlari\/mekanik\/lastik-servis-ekipmanlari\/balans-cihazlari\/sabit-balans-cihazibutler-born-in-italylibrak-360wsjant-capi-30\/","og_site_name":"Bak\u0131rc\u0131 Garagineering","article_publisher":"https:\/\/www.facebook.com\/bakirci.garagineering","article_modified_time":"2022-04-11T13:39:22+00:00","og_image":[{"width":1200,"height":1200,"url":"https:\/\/bakirci.com\/ekipman\/wp-content\/uploads\/2022\/04\/Sabit-Balans-Cihazi-Librak-360WS.png","path":"\/home\/bakirciwebsitesi\/public_html\/ekipman\/wp-content\/uploads\/2022\/04\/Sabit-Balans-Cihazi-Librak-360WS.png","size":"full","id":6015,"alt":"","pixels":1440000,"type":"image\/png"}],"twitter_card":"summary_large_image","schema":{"@context":"https:\/\/schema.org","@graph":[{"@type":"Organization","@id":"https:\/\/bakirci.com\/ekipman\/#organization","name":"Bak\u0131rc\u0131 garagineering","url":"https:\/\/bakirci.com\/ekipman\/","sameAs":["https:\/\/www.facebook.com\/bakirci.garagineering","https:\/\/www.instagram.com\/bakirci.garagineering\/","https:\/\/www.linkedin.com\/company\/bakirci-garagineering\/","https:\/\/www.youtube.com\/channel\/UCiVG6s_jALJ6Zk8085XiOQg"],"logo":{"@type":"ImageObject","@id":"https:\/\/bakirci.com\/ekipman\/#logo","inLanguage":"tr","url":"https:\/\/bakirci.com\/ekipman\/wp-content\/uploads\/2021\/09\/Bakirci-logo-lacivert.png","contentUrl":"https:\/\/bakirci.com\/ekipman\/wp-content\/uploads\/2021\/09\/Bakirci-logo-lacivert.png","width":501,"height":501,"caption":"Bak\u0131rc\u0131 garagineering"},"image":{"@id":"https:\/\/bakirci.com\/ekipman\/#logo"}},{"@type":"WebSite","@id":"https:\/\/bakirci.com\/ekipman\/#website","url":"https:\/\/bakirci.com\/ekipman\/","name":"Bak\u0131rc\u0131 Garagineering","description":"Otomotiv sekt\u00f6r\u00fcne \u00f6zel, \u201c\u00dcretici Standard\u0131nda\u201d \u00e7\u00f6z\u00fcmler\u2026","publisher":{"@id":"https:\/\/bakirci.com\/ekipman\/#organization"},"potentialAction":[{"@type":"SearchAction","target":{"@type":"EntryPoint","urlTemplate":"https:\/\/bakirci.com\/ekipman\/?s={search_term_string}"},"query-input":"required name=search_term_string"}],"inLanguage":"tr"},{"@type":"ImageObject","@id":"https:\/\/bakirci.com\/ekipman\/servis-ekipmanlari\/mekanik\/lastik-servis-ekipmanlari\/balans-cihazlari\/sabit-balans-cihazibutler-born-in-italylibrak-360wsjant-capi-30\/#primaryimage","inLanguage":"tr","url":"https:\/\/bakirci.com\/ekipman\/wp-content\/uploads\/2022\/04\/Sabit-Balans-Cihazi-Librak-360WS.png","contentUrl":"https:\/\/bakirci.com\/ekipman\/wp-content\/uploads\/2022\/04\/Sabit-Balans-Cihazi-Librak-360WS.png","width":1200,"height":1200},{"@type":"WebPage","@id":"https:\/\/bakirci.com\/ekipman\/servis-ekipmanlari\/mekanik\/lastik-servis-ekipmanlari\/balans-cihazlari\/sabit-balans-cihazibutler-born-in-italylibrak-360wsjant-capi-30\/#webpage","url":"https:\/\/bakirci.com\/ekipman\/servis-ekipmanlari\/mekanik\/lastik-servis-ekipmanlari\/balans-cihazlari\/sabit-balans-cihazibutler-born-in-italylibrak-360wsjant-capi-30\/","name":"Sabit Balans Cihaz\u0131 BUTLER (Born in ITALY) Librak 360WS jant \u00e7ap\u0131 30\" - Bak\u0131rc\u0131 Garagineering","isPartOf":{"@id":"https:\/\/bakirci.com\/ekipman\/#website"},"primaryImageOfPage":{"@id":"https:\/\/bakirci.com\/ekipman\/servis-ekipmanlari\/mekanik\/lastik-servis-ekipmanlari\/balans-cihazlari\/sabit-balans-cihazibutler-born-in-italylibrak-360wsjant-capi-30\/#primaryimage"},"datePublished":"2021-06-01T08:23:28+00:00","dateModified":"2022-04-11T13:39:22+00:00","breadcrumb":{"@id":"https:\/\/bakirci.com\/ekipman\/servis-ekipmanlari\/mekanik\/lastik-servis-ekipmanlari\/balans-cihazlari\/sabit-balans-cihazibutler-born-in-italylibrak-360wsjant-capi-30\/#breadcrumb"},"inLanguage":"tr","potentialAction":[{"@type":"ReadAction","target":["https:\/\/bakirci.com\/ekipman\/servis-ekipmanlari\/mekanik\/lastik-servis-ekipmanlari\/balans-cihazlari\/sabit-balans-cihazibutler-born-in-italylibrak-360wsjant-capi-30\/"]}]},{"@type":"BreadcrumbList","@id":"https:\/\/bakirci.com\/ekipman\/servis-ekipmanlari\/mekanik\/lastik-servis-ekipmanlari\/balans-cihazlari\/sabit-balans-cihazibutler-born-in-italylibrak-360wsjant-capi-30\/#breadcrumb","itemListElement":[{"@type":"ListItem","position":1,"name":"Ekipman","item":"https:\/\/bakirci.com\/ekipman\/"},{"@type":"ListItem","position":2,"name":"Otomotiv Tesisleri \u0130\u00e7in Servis Ekipmanlar\u0131","item":"https:\/\/bakirci.com\/ekipman\/"},{"@type":"ListItem","position":3,"name":"Sabit Balans Cihaz\u0131BUTLER (Born in ITALY)Librak 360WSjant \u00e7ap\u0131 30&#8243;"}]}]}},"_links":{"self":[{"href":"https:\/\/bakirci.com\/ekipman\/wp-json\/wp\/v2\/product\/6014","targetHints":{"allow":["GET"]}}],"collection":[{"href":"https:\/\/bakirci.com\/ekipman\/wp-json\/wp\/v2\/product"}],"about":[{"href":"https:\/\/bakirci.com\/ekipman\/wp-json\/wp\/v2\/types\/product"}],"replies":[{"embeddable":true,"href":"https:\/\/bakirci.com\/ekipman\/wp-json\/wp\/v2\/comments?post=6014"}],"wp:featuredmedia":[{"embeddable":true,"href":"https:\/\/bakirci.com\/ekipman\/wp-json\/wp\/v2\/media\/6015"}],"wp:attachment":[{"href":"https:\/\/bakirci.com\/ekipman\/wp-json\/wp\/v2\/media?parent=6014"}],"wp:term":[{"taxonomy":"product_cat","embeddable":true,"href":"https:\/\/bakirci.com\/ekipman\/wp-json\/wp\/v2\/product_cat?post=6014"},{"taxonomy":"product_tag","embeddable":true,"href":"https:\/\/bakirci.com\/ekipman\/wp-json\/wp\/v2\/product_tag?post=6014"}],"curies":[{"name":"wp","href":"https:\/\/api.w.org\/{rel}","templated":true}]}}