{"id":6002,"date":"2021-01-01T05:52:33","date_gmt":"2021-01-01T05:52:33","guid":{"rendered":"https:\/\/bakirci.com\/ekipman\/?post_type=product&#038;p=6002"},"modified":"2022-04-06T11:22:09","modified_gmt":"2022-04-06T11:22:09","slug":"vidali-hava-kompresoruchicago-pneumatic-born-in-usacpa-20-10-400-50-cehava-basinci-10-bar-uretim-2106-lt-dk-15-kw-15-hp","status":"publish","type":"product","link":"https:\/\/bakirci.com\/ekipman\/servis-ekipmanlari\/genel\/hava-kompresorleri\/vidali-hava-kompresoruchicago-pneumatic-born-in-usacpa-20-10-400-50-cehava-basinci-10-bar-uretim-2106-lt-dk-15-kw-15-hp\/","title":{"rendered":"<p class=\"ustmetin\">Vidal\u0131 Hava Kompres\u00f6r\u00fc<\/p><p class=\"ortametin\">CHICAGO PNEUMATIC <span class=\"ortametin2\">(Born in USA)<\/span><p class=\"altmetin\">CPA 20\/10 400\/50 CE<br>Hava bas\u0131nc\u0131 10 bar, \u00fcretim 2106 lt\/dk, 15 kW, 15 HP<\/p>"},"content":{"rendered":"<ul>\n<li>Vidal\u0131 Hava Kompres\u00f6r\u00fc \u2013 CPA 20\/10 400\/50 CE<\/li>\n<li>Y\u00fcksek kalite, y\u00fcksek verim ve uygun performans<\/li>\n<li>Yal\u0131t\u0131m k\u00f6p\u00fc\u011f\u00fc, deflekt\u00f6rleri ve titre\u015fim engelleme takozlar\u0131 ile s\u0131n\u0131f\u0131n\u0131n en sessiz \u00fcr\u00fcn\u00fc<\/li>\n<li>Y\u00fcksek enerji tasarrufu ve etkili sistem izleme<\/li>\n<li>ISO 1217 EK-C Standard\u0131nda net hava \u00e7\u0131k\u0131\u015f\u0131<\/li>\n<li>Hava bas\u0131nc\u0131 10 bar<\/li>\n<li>\u00dcretim kapasitesi 2106 lt\/dk<\/li>\n<li>Motor g\u00fcc\u00fc 15 kW, 15 HP, 400 V<\/li>\n<\/ul>\n","protected":false},"excerpt":{"rendered":"<ul>\n<li>Vidal\u0131 Hava Kompres\u00f6r\u00fc \u2013 CPA 20\/10 400\/50 CE<\/li>\n<li>Y\u00fcksek kalite, y\u00fcksek verim ve uygun performans<\/li>\n<li>Yal\u0131t\u0131m k\u00f6p\u00fc\u011f\u00fc, deflekt\u00f6rleri ve titre\u015fim engelleme takozlar\u0131 ile s\u0131n\u0131f\u0131n\u0131n en sessiz \u00fcr\u00fcn\u00fc<\/li>\n<li>Y\u00fcksek enerji tasarrufu ve etkili sistem izleme<\/li>\n<li>ISO 1217 EK-C Standard\u0131nda net hava \u00e7\u0131k\u0131\u015f\u0131<\/li>\n<li>Hava bas\u0131nc\u0131 10 bar<\/li>\n<li>\u00dcretim kapasitesi 2106 lt\/dk<\/li>\n<li>Motor g\u00fcc\u00fc 15 kW, 15 HP, 400 V<\/li>\n<\/ul>\n","protected":false},"featured_media":6003,"comment_status":"open","ping_status":"closed","template":"","meta":[],"product_cat":[184],"product_tag":[],"class_list":["post-6002","product","type-product","status-publish","has-post-thumbnail","hentry","pwb-brand-chicago-pneumatic","product_cat-hava-kompresorleri"],"brands":[{"id":392,"name":"CHICAGO PNEUMATIC","slug":"chicago-pneumatic"}],"yoast_head":"<!-- This site is optimized with the Yoast SEO plugin v17.1 - https:\/\/yoast.com\/wordpress\/plugins\/seo\/ -->\n<title>Vidal\u0131 Hava Kompres\u00f6r\u00fcCHICAGO PNEUMATIC (Born in USA)CPA 20\/10 400\/50 CEHava bas\u0131nc\u0131 10 bar, \u00fcretim 2106 lt\/dk, 15 kW, 15 HP - Bak\u0131rc\u0131 Garagineering<\/title>\n<meta name=\"robots\" content=\"index, follow, max-snippet:-1, max-image-preview:large, max-video-preview:-1\" \/>\n<link rel=\"canonical\" href=\"https:\/\/bakirci.com\/ekipman\/servis-ekipmanlari\/genel\/hava-kompresorleri\/vidali-hava-kompresoruchicago-pneumatic-born-in-usacpa-20-10-400-50-cehava-basinci-10-bar-uretim-2106-lt-dk-15-kw-15-hp\/\" \/>\n<meta property=\"og:locale\" content=\"tr_TR\" \/>\n<meta property=\"og:type\" content=\"article\" \/>\n<meta property=\"og:title\" content=\"Vidal\u0131 Hava Kompres\u00f6r\u00fcCHICAGO PNEUMATIC (Born in USA)CPA 20\/10 400\/50 CEHava bas\u0131nc\u0131 10 bar, \u00fcretim 2106 lt\/dk, 15 kW, 15 HP - Bak\u0131rc\u0131 Garagineering\" \/>\n<meta property=\"og:description\" content=\"Vidal\u0131 Hava Kompres\u00f6r\u00fc \u2013 CPA 20\/10 400\/50 CE  Y\u00fcksek kalite, y\u00fcksek verim ve uygun performans  Yal\u0131t\u0131m k\u00f6p\u00fc\u011f\u00fc, deflekt\u00f6rleri ve titre\u015fim engelleme takozlar\u0131 ile s\u0131n\u0131f\u0131n\u0131n en sessiz \u00fcr\u00fcn\u00fc  Y\u00fcksek enerji tasarrufu ve etkili sistem izleme  ISO 1217 EK-C Standard\u0131nda net hava \u00e7\u0131k\u0131\u015f\u0131  Hava bas\u0131nc\u0131 10 bar  \u00dcretim kapasitesi 2106 lt\/dk  Motor g\u00fcc\u00fc 15 kW, 15 HP, 400 V\" \/>\n<meta property=\"og:url\" content=\"https:\/\/bakirci.com\/ekipman\/servis-ekipmanlari\/genel\/hava-kompresorleri\/vidali-hava-kompresoruchicago-pneumatic-born-in-usacpa-20-10-400-50-cehava-basinci-10-bar-uretim-2106-lt-dk-15-kw-15-hp\/\" \/>\n<meta property=\"og:site_name\" content=\"Bak\u0131rc\u0131 Garagineering\" \/>\n<meta property=\"article:publisher\" content=\"https:\/\/www.facebook.com\/bakirci.garagineering\" \/>\n<meta property=\"article:modified_time\" content=\"2022-04-06T11:22:09+00:00\" \/>\n<meta property=\"og:image\" content=\"https:\/\/bakirci.com\/ekipman\/wp-content\/uploads\/2022\/04\/CPA-2010-40050CE.png\" \/>\n\t<meta property=\"og:image:width\" content=\"1200\" \/>\n\t<meta property=\"og:image:height\" content=\"1200\" \/>\n<meta name=\"twitter:card\" content=\"summary_large_image\" \/>\n<meta name=\"twitter:label1\" content=\"Tahmini okuma s\u00fcresi\" \/>\n\t<meta name=\"twitter:data1\" content=\"1 dakika\" \/>\n<script type=\"application\/ld+json\" class=\"yoast-schema-graph\">{\"@context\":\"https:\/\/schema.org\",\"@graph\":[{\"@type\":\"Organization\",\"@id\":\"https:\/\/bakirci.com\/ekipman\/#organization\",\"name\":\"Bak\\u0131rc\\u0131 garagineering\",\"url\":\"https:\/\/bakirci.com\/ekipman\/\",\"sameAs\":[\"https:\/\/www.facebook.com\/bakirci.garagineering\",\"https:\/\/www.instagram.com\/bakirci.garagineering\/\",\"https:\/\/www.linkedin.com\/company\/bakirci-garagineering\/\",\"https:\/\/www.youtube.com\/channel\/UCiVG6s_jALJ6Zk8085XiOQg\"],\"logo\":{\"@type\":\"ImageObject\",\"@id\":\"https:\/\/bakirci.com\/ekipman\/#logo\",\"inLanguage\":\"tr\",\"url\":\"https:\/\/bakirci.com\/ekipman\/wp-content\/uploads\/2021\/09\/Bakirci-logo-lacivert.png\",\"contentUrl\":\"https:\/\/bakirci.com\/ekipman\/wp-content\/uploads\/2021\/09\/Bakirci-logo-lacivert.png\",\"width\":501,\"height\":501,\"caption\":\"Bak\\u0131rc\\u0131 garagineering\"},\"image\":{\"@id\":\"https:\/\/bakirci.com\/ekipman\/#logo\"}},{\"@type\":\"WebSite\",\"@id\":\"https:\/\/bakirci.com\/ekipman\/#website\",\"url\":\"https:\/\/bakirci.com\/ekipman\/\",\"name\":\"Bak\\u0131rc\\u0131 Garagineering\",\"description\":\"Otomotiv sekt\\u00f6r\\u00fcne \\u00f6zel, \\u201c\\u00dcretici Standard\\u0131nda\\u201d \\u00e7\\u00f6z\\u00fcmler\\u2026\",\"publisher\":{\"@id\":\"https:\/\/bakirci.com\/ekipman\/#organization\"},\"potentialAction\":[{\"@type\":\"SearchAction\",\"target\":{\"@type\":\"EntryPoint\",\"urlTemplate\":\"https:\/\/bakirci.com\/ekipman\/?s={search_term_string}\"},\"query-input\":\"required name=search_term_string\"}],\"inLanguage\":\"tr\"},{\"@type\":\"ImageObject\",\"@id\":\"https:\/\/bakirci.com\/ekipman\/servis-ekipmanlari\/genel\/hava-kompresorleri\/vidali-hava-kompresoruchicago-pneumatic-born-in-usacpa-20-10-400-50-cehava-basinci-10-bar-uretim-2106-lt-dk-15-kw-15-hp\/#primaryimage\",\"inLanguage\":\"tr\",\"url\":\"https:\/\/bakirci.com\/ekipman\/wp-content\/uploads\/2022\/04\/CPA-2010-40050CE.png\",\"contentUrl\":\"https:\/\/bakirci.com\/ekipman\/wp-content\/uploads\/2022\/04\/CPA-2010-40050CE.png\",\"width\":1200,\"height\":1200},{\"@type\":\"WebPage\",\"@id\":\"https:\/\/bakirci.com\/ekipman\/servis-ekipmanlari\/genel\/hava-kompresorleri\/vidali-hava-kompresoruchicago-pneumatic-born-in-usacpa-20-10-400-50-cehava-basinci-10-bar-uretim-2106-lt-dk-15-kw-15-hp\/#webpage\",\"url\":\"https:\/\/bakirci.com\/ekipman\/servis-ekipmanlari\/genel\/hava-kompresorleri\/vidali-hava-kompresoruchicago-pneumatic-born-in-usacpa-20-10-400-50-cehava-basinci-10-bar-uretim-2106-lt-dk-15-kw-15-hp\/\",\"name\":\"Vidal\\u0131 Hava Kompres\\u00f6r\\u00fc CHICAGO PNEUMATIC (Born in USA)CPA 20\/10 400\/50 CE Hava bas\\u0131nc\\u0131 10 bar, \\u00fcretim 2106 lt\/dk, 15 kW, 15 HP - Bak\\u0131rc\\u0131 Garagineering\",\"isPartOf\":{\"@id\":\"https:\/\/bakirci.com\/ekipman\/#website\"},\"primaryImageOfPage\":{\"@id\":\"https:\/\/bakirci.com\/ekipman\/servis-ekipmanlari\/genel\/hava-kompresorleri\/vidali-hava-kompresoruchicago-pneumatic-born-in-usacpa-20-10-400-50-cehava-basinci-10-bar-uretim-2106-lt-dk-15-kw-15-hp\/#primaryimage\"},\"datePublished\":\"2021-01-01T05:52:33+00:00\",\"dateModified\":\"2022-04-06T11:22:09+00:00\",\"breadcrumb\":{\"@id\":\"https:\/\/bakirci.com\/ekipman\/servis-ekipmanlari\/genel\/hava-kompresorleri\/vidali-hava-kompresoruchicago-pneumatic-born-in-usacpa-20-10-400-50-cehava-basinci-10-bar-uretim-2106-lt-dk-15-kw-15-hp\/#breadcrumb\"},\"inLanguage\":\"tr\",\"potentialAction\":[{\"@type\":\"ReadAction\",\"target\":[\"https:\/\/bakirci.com\/ekipman\/servis-ekipmanlari\/genel\/hava-kompresorleri\/vidali-hava-kompresoruchicago-pneumatic-born-in-usacpa-20-10-400-50-cehava-basinci-10-bar-uretim-2106-lt-dk-15-kw-15-hp\/\"]}]},{\"@type\":\"BreadcrumbList\",\"@id\":\"https:\/\/bakirci.com\/ekipman\/servis-ekipmanlari\/genel\/hava-kompresorleri\/vidali-hava-kompresoruchicago-pneumatic-born-in-usacpa-20-10-400-50-cehava-basinci-10-bar-uretim-2106-lt-dk-15-kw-15-hp\/#breadcrumb\",\"itemListElement\":[{\"@type\":\"ListItem\",\"position\":1,\"name\":\"Ekipman\",\"item\":\"https:\/\/bakirci.com\/ekipman\/\"},{\"@type\":\"ListItem\",\"position\":2,\"name\":\"Otomotiv Tesisleri \\u0130\\u00e7in Servis Ekipmanlar\\u0131\",\"item\":\"https:\/\/bakirci.com\/ekipman\/\"},{\"@type\":\"ListItem\",\"position\":3,\"name\":\"Vidal\\u0131 Hava Kompres\\u00f6r\\u00fcCHICAGO PNEUMATIC (Born in USA)CPA 20\/10 400\/50 CEHava bas\\u0131nc\\u0131 10 bar, \\u00fcretim 2106 lt\/dk, 15 kW, 15 HP\"}]}]}<\/script>\n<!-- \/ Yoast SEO plugin. -->","yoast_head_json":{"title":"Vidal\u0131 Hava Kompres\u00f6r\u00fcCHICAGO PNEUMATIC (Born in USA)CPA 20\/10 400\/50 CEHava bas\u0131nc\u0131 10 bar, \u00fcretim 2106 lt\/dk, 15 kW, 15 HP - Bak\u0131rc\u0131 Garagineering","robots":{"index":"index","follow":"follow","max-snippet":"max-snippet:-1","max-image-preview":"max-image-preview:large","max-video-preview":"max-video-preview:-1"},"canonical":"https:\/\/bakirci.com\/ekipman\/servis-ekipmanlari\/genel\/hava-kompresorleri\/vidali-hava-kompresoruchicago-pneumatic-born-in-usacpa-20-10-400-50-cehava-basinci-10-bar-uretim-2106-lt-dk-15-kw-15-hp\/","og_locale":"tr_TR","og_type":"article","og_title":"Vidal\u0131 Hava Kompres\u00f6r\u00fcCHICAGO PNEUMATIC (Born in USA)CPA 20\/10 400\/50 CEHava bas\u0131nc\u0131 10 bar, \u00fcretim 2106 lt\/dk, 15 kW, 15 HP - Bak\u0131rc\u0131 Garagineering","og_description":"Vidal\u0131 Hava Kompres\u00f6r\u00fc \u2013 CPA 20\/10 400\/50 CE  Y\u00fcksek kalite, y\u00fcksek verim ve uygun performans  Yal\u0131t\u0131m k\u00f6p\u00fc\u011f\u00fc, deflekt\u00f6rleri ve titre\u015fim engelleme takozlar\u0131 ile s\u0131n\u0131f\u0131n\u0131n en sessiz \u00fcr\u00fcn\u00fc  Y\u00fcksek enerji tasarrufu ve etkili sistem izleme  ISO 1217 EK-C Standard\u0131nda net hava \u00e7\u0131k\u0131\u015f\u0131  Hava bas\u0131nc\u0131 10 bar  \u00dcretim kapasitesi 2106 lt\/dk  Motor g\u00fcc\u00fc 15 kW, 15 HP, 400 V","og_url":"https:\/\/bakirci.com\/ekipman\/servis-ekipmanlari\/genel\/hava-kompresorleri\/vidali-hava-kompresoruchicago-pneumatic-born-in-usacpa-20-10-400-50-cehava-basinci-10-bar-uretim-2106-lt-dk-15-kw-15-hp\/","og_site_name":"Bak\u0131rc\u0131 Garagineering","article_publisher":"https:\/\/www.facebook.com\/bakirci.garagineering","article_modified_time":"2022-04-06T11:22:09+00:00","og_image":[{"width":1200,"height":1200,"url":"https:\/\/bakirci.com\/ekipman\/wp-content\/uploads\/2022\/04\/CPA-2010-40050CE.png","path":"\/home\/bakirciwebsitesi\/public_html\/ekipman\/wp-content\/uploads\/2022\/04\/CPA-2010-40050CE.png","size":"full","id":6003,"alt":"","pixels":1440000,"type":"image\/png"}],"twitter_card":"summary_large_image","twitter_misc":{"Tahmini okuma s\u00fcresi":"1 dakika"},"schema":{"@context":"https:\/\/schema.org","@graph":[{"@type":"Organization","@id":"https:\/\/bakirci.com\/ekipman\/#organization","name":"Bak\u0131rc\u0131 garagineering","url":"https:\/\/bakirci.com\/ekipman\/","sameAs":["https:\/\/www.facebook.com\/bakirci.garagineering","https:\/\/www.instagram.com\/bakirci.garagineering\/","https:\/\/www.linkedin.com\/company\/bakirci-garagineering\/","https:\/\/www.youtube.com\/channel\/UCiVG6s_jALJ6Zk8085XiOQg"],"logo":{"@type":"ImageObject","@id":"https:\/\/bakirci.com\/ekipman\/#logo","inLanguage":"tr","url":"https:\/\/bakirci.com\/ekipman\/wp-content\/uploads\/2021\/09\/Bakirci-logo-lacivert.png","contentUrl":"https:\/\/bakirci.com\/ekipman\/wp-content\/uploads\/2021\/09\/Bakirci-logo-lacivert.png","width":501,"height":501,"caption":"Bak\u0131rc\u0131 garagineering"},"image":{"@id":"https:\/\/bakirci.com\/ekipman\/#logo"}},{"@type":"WebSite","@id":"https:\/\/bakirci.com\/ekipman\/#website","url":"https:\/\/bakirci.com\/ekipman\/","name":"Bak\u0131rc\u0131 Garagineering","description":"Otomotiv sekt\u00f6r\u00fcne \u00f6zel, \u201c\u00dcretici Standard\u0131nda\u201d \u00e7\u00f6z\u00fcmler\u2026","publisher":{"@id":"https:\/\/bakirci.com\/ekipman\/#organization"},"potentialAction":[{"@type":"SearchAction","target":{"@type":"EntryPoint","urlTemplate":"https:\/\/bakirci.com\/ekipman\/?s={search_term_string}"},"query-input":"required name=search_term_string"}],"inLanguage":"tr"},{"@type":"ImageObject","@id":"https:\/\/bakirci.com\/ekipman\/servis-ekipmanlari\/genel\/hava-kompresorleri\/vidali-hava-kompresoruchicago-pneumatic-born-in-usacpa-20-10-400-50-cehava-basinci-10-bar-uretim-2106-lt-dk-15-kw-15-hp\/#primaryimage","inLanguage":"tr","url":"https:\/\/bakirci.com\/ekipman\/wp-content\/uploads\/2022\/04\/CPA-2010-40050CE.png","contentUrl":"https:\/\/bakirci.com\/ekipman\/wp-content\/uploads\/2022\/04\/CPA-2010-40050CE.png","width":1200,"height":1200},{"@type":"WebPage","@id":"https:\/\/bakirci.com\/ekipman\/servis-ekipmanlari\/genel\/hava-kompresorleri\/vidali-hava-kompresoruchicago-pneumatic-born-in-usacpa-20-10-400-50-cehava-basinci-10-bar-uretim-2106-lt-dk-15-kw-15-hp\/#webpage","url":"https:\/\/bakirci.com\/ekipman\/servis-ekipmanlari\/genel\/hava-kompresorleri\/vidali-hava-kompresoruchicago-pneumatic-born-in-usacpa-20-10-400-50-cehava-basinci-10-bar-uretim-2106-lt-dk-15-kw-15-hp\/","name":"Vidal\u0131 Hava Kompres\u00f6r\u00fc CHICAGO PNEUMATIC (Born in USA)CPA 20\/10 400\/50 CE Hava bas\u0131nc\u0131 10 bar, \u00fcretim 2106 lt\/dk, 15 kW, 15 HP - Bak\u0131rc\u0131 Garagineering","isPartOf":{"@id":"https:\/\/bakirci.com\/ekipman\/#website"},"primaryImageOfPage":{"@id":"https:\/\/bakirci.com\/ekipman\/servis-ekipmanlari\/genel\/hava-kompresorleri\/vidali-hava-kompresoruchicago-pneumatic-born-in-usacpa-20-10-400-50-cehava-basinci-10-bar-uretim-2106-lt-dk-15-kw-15-hp\/#primaryimage"},"datePublished":"2021-01-01T05:52:33+00:00","dateModified":"2022-04-06T11:22:09+00:00","breadcrumb":{"@id":"https:\/\/bakirci.com\/ekipman\/servis-ekipmanlari\/genel\/hava-kompresorleri\/vidali-hava-kompresoruchicago-pneumatic-born-in-usacpa-20-10-400-50-cehava-basinci-10-bar-uretim-2106-lt-dk-15-kw-15-hp\/#breadcrumb"},"inLanguage":"tr","potentialAction":[{"@type":"ReadAction","target":["https:\/\/bakirci.com\/ekipman\/servis-ekipmanlari\/genel\/hava-kompresorleri\/vidali-hava-kompresoruchicago-pneumatic-born-in-usacpa-20-10-400-50-cehava-basinci-10-bar-uretim-2106-lt-dk-15-kw-15-hp\/"]}]},{"@type":"BreadcrumbList","@id":"https:\/\/bakirci.com\/ekipman\/servis-ekipmanlari\/genel\/hava-kompresorleri\/vidali-hava-kompresoruchicago-pneumatic-born-in-usacpa-20-10-400-50-cehava-basinci-10-bar-uretim-2106-lt-dk-15-kw-15-hp\/#breadcrumb","itemListElement":[{"@type":"ListItem","position":1,"name":"Ekipman","item":"https:\/\/bakirci.com\/ekipman\/"},{"@type":"ListItem","position":2,"name":"Otomotiv Tesisleri \u0130\u00e7in Servis Ekipmanlar\u0131","item":"https:\/\/bakirci.com\/ekipman\/"},{"@type":"ListItem","position":3,"name":"Vidal\u0131 Hava Kompres\u00f6r\u00fcCHICAGO PNEUMATIC (Born in USA)CPA 20\/10 400\/50 CEHava bas\u0131nc\u0131 10 bar, \u00fcretim 2106 lt\/dk, 15 kW, 15 HP"}]}]}},"_links":{"self":[{"href":"https:\/\/bakirci.com\/ekipman\/wp-json\/wp\/v2\/product\/6002","targetHints":{"allow":["GET"]}}],"collection":[{"href":"https:\/\/bakirci.com\/ekipman\/wp-json\/wp\/v2\/product"}],"about":[{"href":"https:\/\/bakirci.com\/ekipman\/wp-json\/wp\/v2\/types\/product"}],"replies":[{"embeddable":true,"href":"https:\/\/bakirci.com\/ekipman\/wp-json\/wp\/v2\/comments?post=6002"}],"wp:featuredmedia":[{"embeddable":true,"href":"https:\/\/bakirci.com\/ekipman\/wp-json\/wp\/v2\/media\/6003"}],"wp:attachment":[{"href":"https:\/\/bakirci.com\/ekipman\/wp-json\/wp\/v2\/media?parent=6002"}],"wp:term":[{"taxonomy":"product_cat","embeddable":true,"href":"https:\/\/bakirci.com\/ekipman\/wp-json\/wp\/v2\/product_cat?post=6002"},{"taxonomy":"product_tag","embeddable":true,"href":"https:\/\/bakirci.com\/ekipman\/wp-json\/wp\/v2\/product_tag?post=6002"}],"curies":[{"name":"wp","href":"https:\/\/api.w.org\/{rel}","templated":true}]}}