{"id":5985,"date":"2021-01-02T03:19:31","date_gmt":"2021-01-02T03:19:31","guid":{"rendered":"https:\/\/bakirci.com\/ekipman\/?post_type=product&#038;p=5985"},"modified":"2022-04-06T07:05:26","modified_gmt":"2022-04-06T07:05:26","slug":"endustriyel-yuzey-temizleme-setimonti-born-in-germanycift-fircali","status":"publish","type":"product","link":"https:\/\/bakirci.com\/ekipman\/servis-ekipmanlari\/kaporta\/kaporta-yardimci-ekipmanlari\/endustriyel-yuzey-temizleme-setimonti-born-in-germanycift-fircali\/","title":{"rendered":"<p class=\"ustmetin\">End\u00fcstriyel Y\u00fczey Temizleme Seti<\/p><p class=\"ortametin\">MONTI <span class=\"ortametin2\">(Born in GERMANY)<\/span><p class=\"altmetin\">\u00c7ift F\u0131r\u00e7al\u0131<\/p>"},"content":{"rendered":"<ul>\n<li>End\u00fcstriyel Y\u00fczey Temizleme Seti &#8211; \u00c7ift F\u0131r\u00e7al\u0131<\/li>\n<li>\u00c7ift F\u0131r\u00e7al\u0131, elektrikli 220V. MBX cihaz ve adapt\u00f6r<\/li>\n<li>\u00d6zel plastik \u00e7anta<\/li>\n<li>Koruma kapa\u011f\u0131 ve titre\u015fim \u00f6nleyici kol<\/li>\n<li>F\u0131r\u00e7a Adapt\u00f6r\u00fc 2x23mm<\/li>\n<li>H\u0131zland\u0131rma \u00e7ubu\u011fu 2x23mm<\/li>\n<li>23mm F\u0131r\u00e7a x 6 adet<\/li>\n<\/ul>\n","protected":false},"excerpt":{"rendered":"<ul>\n<li>End\u00fcstriyel Y\u00fczey Temizleme Seti &#8211; \u00c7ift F\u0131r\u00e7al\u0131<\/li>\n<li>\u00c7ift F\u0131r\u00e7al\u0131, elektrikli 220V. MBX cihaz ve adapt\u00f6r<\/li>\n<li>\u00d6zel plastik \u00e7anta<\/li>\n<li>Koruma kapa\u011f\u0131 ve titre\u015fim \u00f6nleyici kol<\/li>\n<li>F\u0131r\u00e7a Adapt\u00f6r\u00fc 2x23mm<\/li>\n<li>H\u0131zland\u0131rma \u00e7ubu\u011fu 2x23mm<\/li>\n<li>23mm F\u0131r\u00e7a x 6 adet<\/li>\n<\/ul>\n","protected":false},"featured_media":5991,"comment_status":"open","ping_status":"closed","template":"","meta":[],"product_cat":[175],"product_tag":[806,808,809,804],"class_list":["post-5985","product","type-product","status-publish","has-post-thumbnail","hentry","pwb-brand-monti","product_cat-kaporta-yardimci-ekipmanlari","product_tag-endustriyel-yuzey-temizleme-seti","product_tag-endustriyel-yuzey-temizleme-seti-cift-fircali","product_tag-kaporta","product_tag-yuzey-temizleme"],"brands":[{"id":385,"name":"MONTI","slug":"monti"}],"yoast_head":"<!-- This site is optimized with the Yoast SEO plugin v17.1 - https:\/\/yoast.com\/wordpress\/plugins\/seo\/ -->\n<title>End\u00fcstriyel Y\u00fczey Temizleme SetiMONTI (Born in GERMANY)\u00c7ift F\u0131r\u00e7al\u0131 - Bak\u0131rc\u0131 Garagineering<\/title>\n<meta name=\"robots\" content=\"index, follow, max-snippet:-1, max-image-preview:large, max-video-preview:-1\" \/>\n<link rel=\"canonical\" href=\"https:\/\/bakirci.com\/ekipman\/servis-ekipmanlari\/kaporta\/kaporta-yardimci-ekipmanlari\/endustriyel-yuzey-temizleme-setimonti-born-in-germanycift-fircali\/\" \/>\n<meta property=\"og:locale\" content=\"tr_TR\" \/>\n<meta property=\"og:type\" content=\"article\" \/>\n<meta property=\"og:title\" content=\"End\u00fcstriyel Y\u00fczey Temizleme SetiMONTI (Born in GERMANY)\u00c7ift F\u0131r\u00e7al\u0131 - Bak\u0131rc\u0131 Garagineering\" \/>\n<meta property=\"og:description\" content=\"End\u00fcstriyel Y\u00fczey Temizleme Seti - \u00c7ift F\u0131r\u00e7al\u0131  \u00c7ift F\u0131r\u00e7al\u0131, elektrikli 220V. MBX cihaz ve adapt\u00f6r  \u00d6zel plastik \u00e7anta  Koruma kapa\u011f\u0131 ve titre\u015fim \u00f6nleyici kol  F\u0131r\u00e7a Adapt\u00f6r\u00fc 2x23mm  H\u0131zland\u0131rma \u00e7ubu\u011fu 2x23mm  23mm F\u0131r\u00e7a x 6 adet\" \/>\n<meta property=\"og:url\" content=\"https:\/\/bakirci.com\/ekipman\/servis-ekipmanlari\/kaporta\/kaporta-yardimci-ekipmanlari\/endustriyel-yuzey-temizleme-setimonti-born-in-germanycift-fircali\/\" \/>\n<meta property=\"og:site_name\" content=\"Bak\u0131rc\u0131 Garagineering\" \/>\n<meta property=\"article:publisher\" content=\"https:\/\/www.facebook.com\/bakirci.garagineering\" \/>\n<meta property=\"article:modified_time\" content=\"2022-04-06T07:05:26+00:00\" \/>\n<meta property=\"og:image\" content=\"https:\/\/bakirci.com\/ekipman\/wp-content\/uploads\/2021\/01\/Endustriyel-Yuzey-Temizleme-Seti-\u2013-Cift-Fircali.png\" \/>\n\t<meta property=\"og:image:width\" content=\"1147\" \/>\n\t<meta property=\"og:image:height\" content=\"1147\" \/>\n<meta name=\"twitter:card\" content=\"summary_large_image\" \/>\n<script type=\"application\/ld+json\" class=\"yoast-schema-graph\">{\"@context\":\"https:\/\/schema.org\",\"@graph\":[{\"@type\":\"Organization\",\"@id\":\"https:\/\/bakirci.com\/ekipman\/#organization\",\"name\":\"Bak\\u0131rc\\u0131 garagineering\",\"url\":\"https:\/\/bakirci.com\/ekipman\/\",\"sameAs\":[\"https:\/\/www.facebook.com\/bakirci.garagineering\",\"https:\/\/www.instagram.com\/bakirci.garagineering\/\",\"https:\/\/www.linkedin.com\/company\/bakirci-garagineering\/\",\"https:\/\/www.youtube.com\/channel\/UCiVG6s_jALJ6Zk8085XiOQg\"],\"logo\":{\"@type\":\"ImageObject\",\"@id\":\"https:\/\/bakirci.com\/ekipman\/#logo\",\"inLanguage\":\"tr\",\"url\":\"https:\/\/bakirci.com\/ekipman\/wp-content\/uploads\/2021\/09\/Bakirci-logo-lacivert.png\",\"contentUrl\":\"https:\/\/bakirci.com\/ekipman\/wp-content\/uploads\/2021\/09\/Bakirci-logo-lacivert.png\",\"width\":501,\"height\":501,\"caption\":\"Bak\\u0131rc\\u0131 garagineering\"},\"image\":{\"@id\":\"https:\/\/bakirci.com\/ekipman\/#logo\"}},{\"@type\":\"WebSite\",\"@id\":\"https:\/\/bakirci.com\/ekipman\/#website\",\"url\":\"https:\/\/bakirci.com\/ekipman\/\",\"name\":\"Bak\\u0131rc\\u0131 Garagineering\",\"description\":\"Otomotiv sekt\\u00f6r\\u00fcne \\u00f6zel, \\u201c\\u00dcretici Standard\\u0131nda\\u201d \\u00e7\\u00f6z\\u00fcmler\\u2026\",\"publisher\":{\"@id\":\"https:\/\/bakirci.com\/ekipman\/#organization\"},\"potentialAction\":[{\"@type\":\"SearchAction\",\"target\":{\"@type\":\"EntryPoint\",\"urlTemplate\":\"https:\/\/bakirci.com\/ekipman\/?s={search_term_string}\"},\"query-input\":\"required name=search_term_string\"}],\"inLanguage\":\"tr\"},{\"@type\":\"ImageObject\",\"@id\":\"https:\/\/bakirci.com\/ekipman\/servis-ekipmanlari\/kaporta\/kaporta-yardimci-ekipmanlari\/endustriyel-yuzey-temizleme-setimonti-born-in-germanycift-fircali\/#primaryimage\",\"inLanguage\":\"tr\",\"url\":\"https:\/\/bakirci.com\/ekipman\/wp-content\/uploads\/2021\/01\/Endustriyel-Yuzey-Temizleme-Seti-\\u2013-Cift-Fircali.png\",\"contentUrl\":\"https:\/\/bakirci.com\/ekipman\/wp-content\/uploads\/2021\/01\/Endustriyel-Yuzey-Temizleme-Seti-\\u2013-Cift-Fircali.png\",\"width\":1147,\"height\":1147},{\"@type\":\"WebPage\",\"@id\":\"https:\/\/bakirci.com\/ekipman\/servis-ekipmanlari\/kaporta\/kaporta-yardimci-ekipmanlari\/endustriyel-yuzey-temizleme-setimonti-born-in-germanycift-fircali\/#webpage\",\"url\":\"https:\/\/bakirci.com\/ekipman\/servis-ekipmanlari\/kaporta\/kaporta-yardimci-ekipmanlari\/endustriyel-yuzey-temizleme-setimonti-born-in-germanycift-fircali\/\",\"name\":\"End\\u00fcstriyel Y\\u00fczey Temizleme Seti MONTI (Born in GERMANY)\\u00c7ift F\\u0131r\\u00e7al\\u0131 - Bak\\u0131rc\\u0131 Garagineering\",\"isPartOf\":{\"@id\":\"https:\/\/bakirci.com\/ekipman\/#website\"},\"primaryImageOfPage\":{\"@id\":\"https:\/\/bakirci.com\/ekipman\/servis-ekipmanlari\/kaporta\/kaporta-yardimci-ekipmanlari\/endustriyel-yuzey-temizleme-setimonti-born-in-germanycift-fircali\/#primaryimage\"},\"datePublished\":\"2021-01-02T03:19:31+00:00\",\"dateModified\":\"2022-04-06T07:05:26+00:00\",\"breadcrumb\":{\"@id\":\"https:\/\/bakirci.com\/ekipman\/servis-ekipmanlari\/kaporta\/kaporta-yardimci-ekipmanlari\/endustriyel-yuzey-temizleme-setimonti-born-in-germanycift-fircali\/#breadcrumb\"},\"inLanguage\":\"tr\",\"potentialAction\":[{\"@type\":\"ReadAction\",\"target\":[\"https:\/\/bakirci.com\/ekipman\/servis-ekipmanlari\/kaporta\/kaporta-yardimci-ekipmanlari\/endustriyel-yuzey-temizleme-setimonti-born-in-germanycift-fircali\/\"]}]},{\"@type\":\"BreadcrumbList\",\"@id\":\"https:\/\/bakirci.com\/ekipman\/servis-ekipmanlari\/kaporta\/kaporta-yardimci-ekipmanlari\/endustriyel-yuzey-temizleme-setimonti-born-in-germanycift-fircali\/#breadcrumb\",\"itemListElement\":[{\"@type\":\"ListItem\",\"position\":1,\"name\":\"Ekipman\",\"item\":\"https:\/\/bakirci.com\/ekipman\/\"},{\"@type\":\"ListItem\",\"position\":2,\"name\":\"Otomotiv Tesisleri \\u0130\\u00e7in Servis Ekipmanlar\\u0131\",\"item\":\"https:\/\/bakirci.com\/ekipman\/\"},{\"@type\":\"ListItem\",\"position\":3,\"name\":\"End\\u00fcstriyel Y\\u00fczey Temizleme SetiMONTI (Born in GERMANY)\\u00c7ift F\\u0131r\\u00e7al\\u0131\"}]}]}<\/script>\n<!-- \/ Yoast SEO plugin. -->","yoast_head_json":{"title":"End\u00fcstriyel Y\u00fczey Temizleme SetiMONTI (Born in GERMANY)\u00c7ift F\u0131r\u00e7al\u0131 - Bak\u0131rc\u0131 Garagineering","robots":{"index":"index","follow":"follow","max-snippet":"max-snippet:-1","max-image-preview":"max-image-preview:large","max-video-preview":"max-video-preview:-1"},"canonical":"https:\/\/bakirci.com\/ekipman\/servis-ekipmanlari\/kaporta\/kaporta-yardimci-ekipmanlari\/endustriyel-yuzey-temizleme-setimonti-born-in-germanycift-fircali\/","og_locale":"tr_TR","og_type":"article","og_title":"End\u00fcstriyel Y\u00fczey Temizleme SetiMONTI (Born in GERMANY)\u00c7ift F\u0131r\u00e7al\u0131 - Bak\u0131rc\u0131 Garagineering","og_description":"End\u00fcstriyel Y\u00fczey Temizleme Seti - \u00c7ift F\u0131r\u00e7al\u0131  \u00c7ift F\u0131r\u00e7al\u0131, elektrikli 220V. MBX cihaz ve adapt\u00f6r  \u00d6zel plastik \u00e7anta  Koruma kapa\u011f\u0131 ve titre\u015fim \u00f6nleyici kol  F\u0131r\u00e7a Adapt\u00f6r\u00fc 2x23mm  H\u0131zland\u0131rma \u00e7ubu\u011fu 2x23mm  23mm F\u0131r\u00e7a x 6 adet","og_url":"https:\/\/bakirci.com\/ekipman\/servis-ekipmanlari\/kaporta\/kaporta-yardimci-ekipmanlari\/endustriyel-yuzey-temizleme-setimonti-born-in-germanycift-fircali\/","og_site_name":"Bak\u0131rc\u0131 Garagineering","article_publisher":"https:\/\/www.facebook.com\/bakirci.garagineering","article_modified_time":"2022-04-06T07:05:26+00:00","og_image":[{"width":1147,"height":1147,"url":"https:\/\/bakirci.com\/ekipman\/wp-content\/uploads\/2021\/01\/Endustriyel-Yuzey-Temizleme-Seti-\u2013-Cift-Fircali.png","path":"\/home\/bakirciwebsitesi\/public_html\/ekipman\/wp-content\/uploads\/2021\/01\/Endustriyel-Yuzey-Temizleme-Seti-\u2013-Cift-Fircali.png","size":"full","id":5991,"alt":"","pixels":1315609,"type":"image\/png"}],"twitter_card":"summary_large_image","schema":{"@context":"https:\/\/schema.org","@graph":[{"@type":"Organization","@id":"https:\/\/bakirci.com\/ekipman\/#organization","name":"Bak\u0131rc\u0131 garagineering","url":"https:\/\/bakirci.com\/ekipman\/","sameAs":["https:\/\/www.facebook.com\/bakirci.garagineering","https:\/\/www.instagram.com\/bakirci.garagineering\/","https:\/\/www.linkedin.com\/company\/bakirci-garagineering\/","https:\/\/www.youtube.com\/channel\/UCiVG6s_jALJ6Zk8085XiOQg"],"logo":{"@type":"ImageObject","@id":"https:\/\/bakirci.com\/ekipman\/#logo","inLanguage":"tr","url":"https:\/\/bakirci.com\/ekipman\/wp-content\/uploads\/2021\/09\/Bakirci-logo-lacivert.png","contentUrl":"https:\/\/bakirci.com\/ekipman\/wp-content\/uploads\/2021\/09\/Bakirci-logo-lacivert.png","width":501,"height":501,"caption":"Bak\u0131rc\u0131 garagineering"},"image":{"@id":"https:\/\/bakirci.com\/ekipman\/#logo"}},{"@type":"WebSite","@id":"https:\/\/bakirci.com\/ekipman\/#website","url":"https:\/\/bakirci.com\/ekipman\/","name":"Bak\u0131rc\u0131 Garagineering","description":"Otomotiv sekt\u00f6r\u00fcne \u00f6zel, \u201c\u00dcretici Standard\u0131nda\u201d \u00e7\u00f6z\u00fcmler\u2026","publisher":{"@id":"https:\/\/bakirci.com\/ekipman\/#organization"},"potentialAction":[{"@type":"SearchAction","target":{"@type":"EntryPoint","urlTemplate":"https:\/\/bakirci.com\/ekipman\/?s={search_term_string}"},"query-input":"required name=search_term_string"}],"inLanguage":"tr"},{"@type":"ImageObject","@id":"https:\/\/bakirci.com\/ekipman\/servis-ekipmanlari\/kaporta\/kaporta-yardimci-ekipmanlari\/endustriyel-yuzey-temizleme-setimonti-born-in-germanycift-fircali\/#primaryimage","inLanguage":"tr","url":"https:\/\/bakirci.com\/ekipman\/wp-content\/uploads\/2021\/01\/Endustriyel-Yuzey-Temizleme-Seti-\u2013-Cift-Fircali.png","contentUrl":"https:\/\/bakirci.com\/ekipman\/wp-content\/uploads\/2021\/01\/Endustriyel-Yuzey-Temizleme-Seti-\u2013-Cift-Fircali.png","width":1147,"height":1147},{"@type":"WebPage","@id":"https:\/\/bakirci.com\/ekipman\/servis-ekipmanlari\/kaporta\/kaporta-yardimci-ekipmanlari\/endustriyel-yuzey-temizleme-setimonti-born-in-germanycift-fircali\/#webpage","url":"https:\/\/bakirci.com\/ekipman\/servis-ekipmanlari\/kaporta\/kaporta-yardimci-ekipmanlari\/endustriyel-yuzey-temizleme-setimonti-born-in-germanycift-fircali\/","name":"End\u00fcstriyel Y\u00fczey Temizleme Seti MONTI (Born in GERMANY)\u00c7ift F\u0131r\u00e7al\u0131 - Bak\u0131rc\u0131 Garagineering","isPartOf":{"@id":"https:\/\/bakirci.com\/ekipman\/#website"},"primaryImageOfPage":{"@id":"https:\/\/bakirci.com\/ekipman\/servis-ekipmanlari\/kaporta\/kaporta-yardimci-ekipmanlari\/endustriyel-yuzey-temizleme-setimonti-born-in-germanycift-fircali\/#primaryimage"},"datePublished":"2021-01-02T03:19:31+00:00","dateModified":"2022-04-06T07:05:26+00:00","breadcrumb":{"@id":"https:\/\/bakirci.com\/ekipman\/servis-ekipmanlari\/kaporta\/kaporta-yardimci-ekipmanlari\/endustriyel-yuzey-temizleme-setimonti-born-in-germanycift-fircali\/#breadcrumb"},"inLanguage":"tr","potentialAction":[{"@type":"ReadAction","target":["https:\/\/bakirci.com\/ekipman\/servis-ekipmanlari\/kaporta\/kaporta-yardimci-ekipmanlari\/endustriyel-yuzey-temizleme-setimonti-born-in-germanycift-fircali\/"]}]},{"@type":"BreadcrumbList","@id":"https:\/\/bakirci.com\/ekipman\/servis-ekipmanlari\/kaporta\/kaporta-yardimci-ekipmanlari\/endustriyel-yuzey-temizleme-setimonti-born-in-germanycift-fircali\/#breadcrumb","itemListElement":[{"@type":"ListItem","position":1,"name":"Ekipman","item":"https:\/\/bakirci.com\/ekipman\/"},{"@type":"ListItem","position":2,"name":"Otomotiv Tesisleri \u0130\u00e7in Servis Ekipmanlar\u0131","item":"https:\/\/bakirci.com\/ekipman\/"},{"@type":"ListItem","position":3,"name":"End\u00fcstriyel Y\u00fczey Temizleme SetiMONTI (Born in GERMANY)\u00c7ift F\u0131r\u00e7al\u0131"}]}]}},"_links":{"self":[{"href":"https:\/\/bakirci.com\/ekipman\/wp-json\/wp\/v2\/product\/5985","targetHints":{"allow":["GET"]}}],"collection":[{"href":"https:\/\/bakirci.com\/ekipman\/wp-json\/wp\/v2\/product"}],"about":[{"href":"https:\/\/bakirci.com\/ekipman\/wp-json\/wp\/v2\/types\/product"}],"replies":[{"embeddable":true,"href":"https:\/\/bakirci.com\/ekipman\/wp-json\/wp\/v2\/comments?post=5985"}],"wp:featuredmedia":[{"embeddable":true,"href":"https:\/\/bakirci.com\/ekipman\/wp-json\/wp\/v2\/media\/5991"}],"wp:attachment":[{"href":"https:\/\/bakirci.com\/ekipman\/wp-json\/wp\/v2\/media?parent=5985"}],"wp:term":[{"taxonomy":"product_cat","embeddable":true,"href":"https:\/\/bakirci.com\/ekipman\/wp-json\/wp\/v2\/product_cat?post=5985"},{"taxonomy":"product_tag","embeddable":true,"href":"https:\/\/bakirci.com\/ekipman\/wp-json\/wp\/v2\/product_tag?post=5985"}],"curies":[{"name":"wp","href":"https:\/\/api.w.org\/{rel}","templated":true}]}}