{"id":5865,"date":"2021-01-02T18:16:27","date_gmt":"2021-01-02T18:16:27","guid":{"rendered":"https:\/\/bakirci.com\/ekipman\/?post_type=product&#038;p=5865"},"modified":"2023-01-11T13:36:56","modified_gmt":"2023-01-11T13:36:56","slug":"klima-gaz-dolum-cihazi-waecoborn-in-germanyasc-2300g-r134asogutucu-tank-hacmi-21-lt","status":"publish","type":"product","link":"https:\/\/bakirci.com\/ekipman\/servis-ekipmanlari\/mekanik\/klima-bakim-cihazlari\/klima-gaz-dolum-cihazi-waecoborn-in-germanyasc-2300g-r134asogutucu-tank-hacmi-21-lt\/","title":{"rendered":"<p class=\"ustmetin\">Klima Gaz Dolum Cihaz\u0131 <\/p><p class=\"ortametin\">WAECO<span class=\"ortametin2\">(Born in GERMANY)<\/span><\/p><p class=\"altmetin\">ASC 6400G &#8211; R134a<br>So\u011futucu tank hacmi 30 lt<\/p>"},"content":{"rendered":"<p><b>Klima Gaz Dolum Cihaz\u0131 \u2013 ASC 6400G &#8211; R134a<\/b><\/p>\n<ul>\n<li>Binek, hafif ticari, a\u011f\u0131r ticari ve otob\u00fcs tipi ara\u00e7lar i\u00e7in<br \/>\ntam otomotik klima gaz dolum cihaz\u0131 (R134a)<\/li>\n<li>So\u011futucu gaz\u0131n\u0131n geri kazan\u0131m\u0131\/geri \u00e7evrimi<\/li>\n<li>Y\u00fcksek kapasitede gaz\u0131n bas\u0131lmas\u0131nda yard\u0131mc\u0131 olan dahili gaz pompas\u0131<\/li>\n<li>Ta\u015f\u0131ma esnas\u0131nda, a\u011f\u0131rl\u0131k sens\u00f6r\u00fcn\u00fc koruyan darbe emi\u015f sistemi<\/li>\n<li>USB portu \u00fczerinden uygun yaz\u0131l\u0131m g\u00fcncellemesi ve<br \/>\ndatalar\u0131n kopyalanarak pc \u00fczerinden yazd\u0131r\u0131lmas\u0131<\/li>\n<li>G\u00f6rsel ve akustik sinyal ile hata ve i\u015flem sonu bildirimi<\/li>\n<li>i\u015flem s\u00fcre\u00e7lerinin otomatik takibi<\/li>\n<li>Tank \u0131s\u0131tma kemeri<\/li>\n<li>D\u00f6nd\u00fcr\u00fclebilen HP\/LP manometreler<\/li>\n<li>LCD grafik ekran ve dahili yaz\u0131c\u0131<\/li>\n<li>So\u011futucu tank hacmi 30lt<\/li>\n<li>Gaz geri d\u00f6n\u00fc\u015f\u00fcm netlik oran\u0131 %95<\/li>\n<\/ul>\n","protected":false},"excerpt":{"rendered":"<ul>\n<li>Binek, hafif ticari, a\u011f\u0131r ticari ve otob\u00fcs tipi ara\u00e7lar i\u00e7in<br \/>\ntam otomotik klima gaz dolum cihaz\u0131 (R134a)<\/li>\n<li>So\u011futucu gaz\u0131n\u0131n geri kazan\u0131m\u0131\/geri \u00e7evrimi<\/li>\n<li>Y\u00fcksek kapasitede gaz\u0131n bas\u0131lmas\u0131nda yard\u0131mc\u0131 olan dahili gaz pompas\u0131<\/li>\n<li>Ta\u015f\u0131ma esnas\u0131nda, a\u011f\u0131rl\u0131k sens\u00f6r\u00fcn\u00fc koruyan darbe emi\u015f sistemi<\/li>\n<li>USB portu \u00fczerinden uygun yaz\u0131l\u0131m g\u00fcncellemesi ve<br \/>\ndatalar\u0131n kopyalanarak pc \u00fczerinden yazd\u0131r\u0131lmas\u0131<\/li>\n<li>G\u00f6rsel ve akustik sinyal ile hata ve i\u015flem sonu bildirimi<\/li>\n<li>i\u015flem s\u00fcre\u00e7lerinin otomatik takibi<\/li>\n<li>Tank \u0131s\u0131tma kemeri<\/li>\n<li>D\u00f6nd\u00fcr\u00fclebilen HP\/LP manometreler<\/li>\n<li>LCD grafik ekran ve dahili yaz\u0131c\u0131<\/li>\n<li>So\u011futucu tank hacmi 30lt<\/li>\n<li>Gaz geri d\u00f6n\u00fc\u015f\u00fcm netlik oran\u0131 %95<\/li>\n<\/ul>\n","protected":false},"featured_media":6131,"comment_status":"open","ping_status":"closed","template":"","meta":[],"product_cat":[150],"product_tag":[594,593,595,596],"class_list":["post-5865","product","type-product","status-publish","has-post-thumbnail","hentry","pwb-brand-waeco","product_cat-klima-bakim-cihazlari","product_tag-araba-gaz-basma","product_tag-arac-gaz-basma","product_tag-klima-test-cihazi","product_tag-sogutucu-gaz-basma"],"brands":[{"id":798,"name":"WAECO","slug":"waeco"}],"yoast_head":"<!-- This site is optimized with the Yoast SEO plugin v17.1 - https:\/\/yoast.com\/wordpress\/plugins\/seo\/ -->\n<title>Klima Gaz Dolum Cihaz\u0131 WAECO(Born in GERMANY)ASC 6400G - R134aSo\u011futucu tank hacmi 30 lt - Bak\u0131rc\u0131 Garagineering<\/title>\n<meta name=\"robots\" content=\"index, follow, max-snippet:-1, max-image-preview:large, max-video-preview:-1\" \/>\n<link rel=\"canonical\" href=\"https:\/\/bakirci.com\/ekipman\/servis-ekipmanlari\/mekanik\/klima-bakim-cihazlari\/klima-gaz-dolum-cihazi-waecoborn-in-germanyasc-2300g-r134asogutucu-tank-hacmi-21-lt\/\" \/>\n<meta property=\"og:locale\" content=\"tr_TR\" \/>\n<meta property=\"og:type\" content=\"article\" \/>\n<meta property=\"og:title\" content=\"Klima Gaz Dolum Cihaz\u0131 WAECO(Born in GERMANY)ASC 6400G - R134aSo\u011futucu tank hacmi 30 lt - Bak\u0131rc\u0131 Garagineering\" \/>\n<meta property=\"og:description\" content=\"Binek, hafif ticari, a\u011f\u0131r ticari ve otob\u00fcs tipi ara\u00e7lar i\u00e7in tam otomotik klima gaz dolum cihaz\u0131 (R134a)  So\u011futucu gaz\u0131n\u0131n geri kazan\u0131m\u0131\/geri \u00e7evrimi  Y\u00fcksek kapasitede gaz\u0131n bas\u0131lmas\u0131nda yard\u0131mc\u0131 olan dahili gaz pompas\u0131  Ta\u015f\u0131ma esnas\u0131nda, a\u011f\u0131rl\u0131k sens\u00f6r\u00fcn\u00fc koruyan darbe emi\u015f sistemi  USB portu \u00fczerinden uygun yaz\u0131l\u0131m g\u00fcncellemesi ve datalar\u0131n kopyalanarak pc \u00fczerinden yazd\u0131r\u0131lmas\u0131  G\u00f6rsel ve akustik sinyal ile hata ve i\u015flem sonu bildirimi  i\u015flem s\u00fcre\u00e7lerinin otomatik takibi  Tank \u0131s\u0131tma kemeri  D\u00f6nd\u00fcr\u00fclebilen HP\/LP manometreler  LCD grafik ekran ve dahili yaz\u0131c\u0131  So\u011futucu tank hacmi 30lt  Gaz geri d\u00f6n\u00fc\u015f\u00fcm netlik oran\u0131 %95\" \/>\n<meta property=\"og:url\" content=\"https:\/\/bakirci.com\/ekipman\/servis-ekipmanlari\/mekanik\/klima-bakim-cihazlari\/klima-gaz-dolum-cihazi-waecoborn-in-germanyasc-2300g-r134asogutucu-tank-hacmi-21-lt\/\" \/>\n<meta property=\"og:site_name\" content=\"Bak\u0131rc\u0131 Garagineering\" \/>\n<meta property=\"article:publisher\" content=\"https:\/\/www.facebook.com\/bakirci.garagineering\" \/>\n<meta property=\"article:modified_time\" content=\"2023-01-11T13:36:56+00:00\" \/>\n<meta property=\"og:image\" content=\"https:\/\/bakirci.com\/ekipman\/wp-content\/uploads\/2021\/01\/6400g-1.png\" \/>\n\t<meta property=\"og:image:width\" content=\"581\" \/>\n\t<meta property=\"og:image:height\" content=\"581\" \/>\n<meta name=\"twitter:card\" content=\"summary_large_image\" \/>\n<meta name=\"twitter:label1\" content=\"Tahmini okuma s\u00fcresi\" \/>\n\t<meta name=\"twitter:data1\" content=\"1 dakika\" \/>\n<script type=\"application\/ld+json\" class=\"yoast-schema-graph\">{\"@context\":\"https:\/\/schema.org\",\"@graph\":[{\"@type\":\"Organization\",\"@id\":\"https:\/\/bakirci.com\/ekipman\/#organization\",\"name\":\"Bak\\u0131rc\\u0131 garagineering\",\"url\":\"https:\/\/bakirci.com\/ekipman\/\",\"sameAs\":[\"https:\/\/www.facebook.com\/bakirci.garagineering\",\"https:\/\/www.instagram.com\/bakirci.garagineering\/\",\"https:\/\/www.linkedin.com\/company\/bakirci-garagineering\/\",\"https:\/\/www.youtube.com\/channel\/UCiVG6s_jALJ6Zk8085XiOQg\"],\"logo\":{\"@type\":\"ImageObject\",\"@id\":\"https:\/\/bakirci.com\/ekipman\/#logo\",\"inLanguage\":\"tr\",\"url\":\"https:\/\/bakirci.com\/ekipman\/wp-content\/uploads\/2021\/09\/Bakirci-logo-lacivert.png\",\"contentUrl\":\"https:\/\/bakirci.com\/ekipman\/wp-content\/uploads\/2021\/09\/Bakirci-logo-lacivert.png\",\"width\":501,\"height\":501,\"caption\":\"Bak\\u0131rc\\u0131 garagineering\"},\"image\":{\"@id\":\"https:\/\/bakirci.com\/ekipman\/#logo\"}},{\"@type\":\"WebSite\",\"@id\":\"https:\/\/bakirci.com\/ekipman\/#website\",\"url\":\"https:\/\/bakirci.com\/ekipman\/\",\"name\":\"Bak\\u0131rc\\u0131 Garagineering\",\"description\":\"Otomotiv sekt\\u00f6r\\u00fcne \\u00f6zel, \\u201c\\u00dcretici Standard\\u0131nda\\u201d \\u00e7\\u00f6z\\u00fcmler\\u2026\",\"publisher\":{\"@id\":\"https:\/\/bakirci.com\/ekipman\/#organization\"},\"potentialAction\":[{\"@type\":\"SearchAction\",\"target\":{\"@type\":\"EntryPoint\",\"urlTemplate\":\"https:\/\/bakirci.com\/ekipman\/?s={search_term_string}\"},\"query-input\":\"required name=search_term_string\"}],\"inLanguage\":\"tr\"},{\"@type\":\"ImageObject\",\"@id\":\"https:\/\/bakirci.com\/ekipman\/servis-ekipmanlari\/mekanik\/klima-bakim-cihazlari\/klima-gaz-dolum-cihazi-waecoborn-in-germanyasc-2300g-r134asogutucu-tank-hacmi-21-lt\/#primaryimage\",\"inLanguage\":\"tr\",\"url\":\"https:\/\/bakirci.com\/ekipman\/wp-content\/uploads\/2021\/01\/6400g-1.png\",\"contentUrl\":\"https:\/\/bakirci.com\/ekipman\/wp-content\/uploads\/2021\/01\/6400g-1.png\",\"width\":581,\"height\":581},{\"@type\":\"WebPage\",\"@id\":\"https:\/\/bakirci.com\/ekipman\/servis-ekipmanlari\/mekanik\/klima-bakim-cihazlari\/klima-gaz-dolum-cihazi-waecoborn-in-germanyasc-2300g-r134asogutucu-tank-hacmi-21-lt\/#webpage\",\"url\":\"https:\/\/bakirci.com\/ekipman\/servis-ekipmanlari\/mekanik\/klima-bakim-cihazlari\/klima-gaz-dolum-cihazi-waecoborn-in-germanyasc-2300g-r134asogutucu-tank-hacmi-21-lt\/\",\"name\":\"Klima Gaz Dolum Cihaz\\u0131 WAECO(Born in GERMANY) ASC 6400G - R134a So\\u011futucu tank hacmi 30 lt - Bak\\u0131rc\\u0131 Garagineering\",\"isPartOf\":{\"@id\":\"https:\/\/bakirci.com\/ekipman\/#website\"},\"primaryImageOfPage\":{\"@id\":\"https:\/\/bakirci.com\/ekipman\/servis-ekipmanlari\/mekanik\/klima-bakim-cihazlari\/klima-gaz-dolum-cihazi-waecoborn-in-germanyasc-2300g-r134asogutucu-tank-hacmi-21-lt\/#primaryimage\"},\"datePublished\":\"2021-01-02T18:16:27+00:00\",\"dateModified\":\"2023-01-11T13:36:56+00:00\",\"breadcrumb\":{\"@id\":\"https:\/\/bakirci.com\/ekipman\/servis-ekipmanlari\/mekanik\/klima-bakim-cihazlari\/klima-gaz-dolum-cihazi-waecoborn-in-germanyasc-2300g-r134asogutucu-tank-hacmi-21-lt\/#breadcrumb\"},\"inLanguage\":\"tr\",\"potentialAction\":[{\"@type\":\"ReadAction\",\"target\":[\"https:\/\/bakirci.com\/ekipman\/servis-ekipmanlari\/mekanik\/klima-bakim-cihazlari\/klima-gaz-dolum-cihazi-waecoborn-in-germanyasc-2300g-r134asogutucu-tank-hacmi-21-lt\/\"]}]},{\"@type\":\"BreadcrumbList\",\"@id\":\"https:\/\/bakirci.com\/ekipman\/servis-ekipmanlari\/mekanik\/klima-bakim-cihazlari\/klima-gaz-dolum-cihazi-waecoborn-in-germanyasc-2300g-r134asogutucu-tank-hacmi-21-lt\/#breadcrumb\",\"itemListElement\":[{\"@type\":\"ListItem\",\"position\":1,\"name\":\"Ekipman\",\"item\":\"https:\/\/bakirci.com\/ekipman\/\"},{\"@type\":\"ListItem\",\"position\":2,\"name\":\"Otomotiv Tesisleri \\u0130\\u00e7in Servis Ekipmanlar\\u0131\",\"item\":\"https:\/\/bakirci.com\/ekipman\/\"},{\"@type\":\"ListItem\",\"position\":3,\"name\":\"Klima Gaz Dolum Cihaz\\u0131 WAECO(Born in GERMANY)ASC 6400G &#8211; R134aSo\\u011futucu tank hacmi 30 lt\"}]}]}<\/script>\n<!-- \/ Yoast SEO plugin. -->","yoast_head_json":{"title":"Klima Gaz Dolum Cihaz\u0131 WAECO(Born in GERMANY)ASC 6400G - R134aSo\u011futucu tank hacmi 30 lt - Bak\u0131rc\u0131 Garagineering","robots":{"index":"index","follow":"follow","max-snippet":"max-snippet:-1","max-image-preview":"max-image-preview:large","max-video-preview":"max-video-preview:-1"},"canonical":"https:\/\/bakirci.com\/ekipman\/servis-ekipmanlari\/mekanik\/klima-bakim-cihazlari\/klima-gaz-dolum-cihazi-waecoborn-in-germanyasc-2300g-r134asogutucu-tank-hacmi-21-lt\/","og_locale":"tr_TR","og_type":"article","og_title":"Klima Gaz Dolum Cihaz\u0131 WAECO(Born in GERMANY)ASC 6400G - R134aSo\u011futucu tank hacmi 30 lt - Bak\u0131rc\u0131 Garagineering","og_description":"Binek, hafif ticari, a\u011f\u0131r ticari ve otob\u00fcs tipi ara\u00e7lar i\u00e7in tam otomotik klima gaz dolum cihaz\u0131 (R134a)  So\u011futucu gaz\u0131n\u0131n geri kazan\u0131m\u0131\/geri \u00e7evrimi  Y\u00fcksek kapasitede gaz\u0131n bas\u0131lmas\u0131nda yard\u0131mc\u0131 olan dahili gaz pompas\u0131  Ta\u015f\u0131ma esnas\u0131nda, a\u011f\u0131rl\u0131k sens\u00f6r\u00fcn\u00fc koruyan darbe emi\u015f sistemi  USB portu \u00fczerinden uygun yaz\u0131l\u0131m g\u00fcncellemesi ve datalar\u0131n kopyalanarak pc \u00fczerinden yazd\u0131r\u0131lmas\u0131  G\u00f6rsel ve akustik sinyal ile hata ve i\u015flem sonu bildirimi  i\u015flem s\u00fcre\u00e7lerinin otomatik takibi  Tank \u0131s\u0131tma kemeri  D\u00f6nd\u00fcr\u00fclebilen HP\/LP manometreler  LCD grafik ekran ve dahili yaz\u0131c\u0131  So\u011futucu tank hacmi 30lt  Gaz geri d\u00f6n\u00fc\u015f\u00fcm netlik oran\u0131 %95","og_url":"https:\/\/bakirci.com\/ekipman\/servis-ekipmanlari\/mekanik\/klima-bakim-cihazlari\/klima-gaz-dolum-cihazi-waecoborn-in-germanyasc-2300g-r134asogutucu-tank-hacmi-21-lt\/","og_site_name":"Bak\u0131rc\u0131 Garagineering","article_publisher":"https:\/\/www.facebook.com\/bakirci.garagineering","article_modified_time":"2023-01-11T13:36:56+00:00","og_image":[{"width":581,"height":581,"filesize":220473,"url":"https:\/\/bakirci.com\/ekipman\/wp-content\/uploads\/2021\/01\/6400g-1.png","path":"\/home\/bakirciwebsitesi\/public_html\/ekipman\/wp-content\/uploads\/2021\/01\/6400g-1.png","size":"full","id":6131,"alt":"","pixels":337561,"type":"image\/png"}],"twitter_card":"summary_large_image","twitter_misc":{"Tahmini okuma s\u00fcresi":"1 dakika"},"schema":{"@context":"https:\/\/schema.org","@graph":[{"@type":"Organization","@id":"https:\/\/bakirci.com\/ekipman\/#organization","name":"Bak\u0131rc\u0131 garagineering","url":"https:\/\/bakirci.com\/ekipman\/","sameAs":["https:\/\/www.facebook.com\/bakirci.garagineering","https:\/\/www.instagram.com\/bakirci.garagineering\/","https:\/\/www.linkedin.com\/company\/bakirci-garagineering\/","https:\/\/www.youtube.com\/channel\/UCiVG6s_jALJ6Zk8085XiOQg"],"logo":{"@type":"ImageObject","@id":"https:\/\/bakirci.com\/ekipman\/#logo","inLanguage":"tr","url":"https:\/\/bakirci.com\/ekipman\/wp-content\/uploads\/2021\/09\/Bakirci-logo-lacivert.png","contentUrl":"https:\/\/bakirci.com\/ekipman\/wp-content\/uploads\/2021\/09\/Bakirci-logo-lacivert.png","width":501,"height":501,"caption":"Bak\u0131rc\u0131 garagineering"},"image":{"@id":"https:\/\/bakirci.com\/ekipman\/#logo"}},{"@type":"WebSite","@id":"https:\/\/bakirci.com\/ekipman\/#website","url":"https:\/\/bakirci.com\/ekipman\/","name":"Bak\u0131rc\u0131 Garagineering","description":"Otomotiv sekt\u00f6r\u00fcne \u00f6zel, \u201c\u00dcretici Standard\u0131nda\u201d \u00e7\u00f6z\u00fcmler\u2026","publisher":{"@id":"https:\/\/bakirci.com\/ekipman\/#organization"},"potentialAction":[{"@type":"SearchAction","target":{"@type":"EntryPoint","urlTemplate":"https:\/\/bakirci.com\/ekipman\/?s={search_term_string}"},"query-input":"required name=search_term_string"}],"inLanguage":"tr"},{"@type":"ImageObject","@id":"https:\/\/bakirci.com\/ekipman\/servis-ekipmanlari\/mekanik\/klima-bakim-cihazlari\/klima-gaz-dolum-cihazi-waecoborn-in-germanyasc-2300g-r134asogutucu-tank-hacmi-21-lt\/#primaryimage","inLanguage":"tr","url":"https:\/\/bakirci.com\/ekipman\/wp-content\/uploads\/2021\/01\/6400g-1.png","contentUrl":"https:\/\/bakirci.com\/ekipman\/wp-content\/uploads\/2021\/01\/6400g-1.png","width":581,"height":581},{"@type":"WebPage","@id":"https:\/\/bakirci.com\/ekipman\/servis-ekipmanlari\/mekanik\/klima-bakim-cihazlari\/klima-gaz-dolum-cihazi-waecoborn-in-germanyasc-2300g-r134asogutucu-tank-hacmi-21-lt\/#webpage","url":"https:\/\/bakirci.com\/ekipman\/servis-ekipmanlari\/mekanik\/klima-bakim-cihazlari\/klima-gaz-dolum-cihazi-waecoborn-in-germanyasc-2300g-r134asogutucu-tank-hacmi-21-lt\/","name":"Klima Gaz Dolum Cihaz\u0131 WAECO(Born in GERMANY) ASC 6400G - R134a So\u011futucu tank hacmi 30 lt - Bak\u0131rc\u0131 Garagineering","isPartOf":{"@id":"https:\/\/bakirci.com\/ekipman\/#website"},"primaryImageOfPage":{"@id":"https:\/\/bakirci.com\/ekipman\/servis-ekipmanlari\/mekanik\/klima-bakim-cihazlari\/klima-gaz-dolum-cihazi-waecoborn-in-germanyasc-2300g-r134asogutucu-tank-hacmi-21-lt\/#primaryimage"},"datePublished":"2021-01-02T18:16:27+00:00","dateModified":"2023-01-11T13:36:56+00:00","breadcrumb":{"@id":"https:\/\/bakirci.com\/ekipman\/servis-ekipmanlari\/mekanik\/klima-bakim-cihazlari\/klima-gaz-dolum-cihazi-waecoborn-in-germanyasc-2300g-r134asogutucu-tank-hacmi-21-lt\/#breadcrumb"},"inLanguage":"tr","potentialAction":[{"@type":"ReadAction","target":["https:\/\/bakirci.com\/ekipman\/servis-ekipmanlari\/mekanik\/klima-bakim-cihazlari\/klima-gaz-dolum-cihazi-waecoborn-in-germanyasc-2300g-r134asogutucu-tank-hacmi-21-lt\/"]}]},{"@type":"BreadcrumbList","@id":"https:\/\/bakirci.com\/ekipman\/servis-ekipmanlari\/mekanik\/klima-bakim-cihazlari\/klima-gaz-dolum-cihazi-waecoborn-in-germanyasc-2300g-r134asogutucu-tank-hacmi-21-lt\/#breadcrumb","itemListElement":[{"@type":"ListItem","position":1,"name":"Ekipman","item":"https:\/\/bakirci.com\/ekipman\/"},{"@type":"ListItem","position":2,"name":"Otomotiv Tesisleri \u0130\u00e7in Servis Ekipmanlar\u0131","item":"https:\/\/bakirci.com\/ekipman\/"},{"@type":"ListItem","position":3,"name":"Klima Gaz Dolum Cihaz\u0131 WAECO(Born in GERMANY)ASC 6400G &#8211; R134aSo\u011futucu tank hacmi 30 lt"}]}]}},"_links":{"self":[{"href":"https:\/\/bakirci.com\/ekipman\/wp-json\/wp\/v2\/product\/5865","targetHints":{"allow":["GET"]}}],"collection":[{"href":"https:\/\/bakirci.com\/ekipman\/wp-json\/wp\/v2\/product"}],"about":[{"href":"https:\/\/bakirci.com\/ekipman\/wp-json\/wp\/v2\/types\/product"}],"replies":[{"embeddable":true,"href":"https:\/\/bakirci.com\/ekipman\/wp-json\/wp\/v2\/comments?post=5865"}],"wp:featuredmedia":[{"embeddable":true,"href":"https:\/\/bakirci.com\/ekipman\/wp-json\/wp\/v2\/media\/6131"}],"wp:attachment":[{"href":"https:\/\/bakirci.com\/ekipman\/wp-json\/wp\/v2\/media?parent=5865"}],"wp:term":[{"taxonomy":"product_cat","embeddable":true,"href":"https:\/\/bakirci.com\/ekipman\/wp-json\/wp\/v2\/product_cat?post=5865"},{"taxonomy":"product_tag","embeddable":true,"href":"https:\/\/bakirci.com\/ekipman\/wp-json\/wp\/v2\/product_tag?post=5865"}],"curies":[{"name":"wp","href":"https:\/\/api.w.org\/{rel}","templated":true}]}}