{"id":5850,"date":"2021-02-03T04:11:52","date_gmt":"2021-02-03T04:11:52","guid":{"rendered":"https:\/\/bakirci.com\/ekipman\/?post_type=product&#038;p=5850"},"modified":"2022-03-01T09:02:29","modified_gmt":"2022-03-01T09:02:29","slug":"aks-olcum-dort-sutunlu-hidrolik-liftieae-born-in-prcee-6435v2-b-57l-ekaldirma-kapasitesi-5000-kgplatform-boyu-5780-mm","status":"publish","type":"product","link":"https:\/\/bakirci.com\/ekipman\/servis-ekipmanlari\/mekanik\/liftler\/dort-sutunlu-liftler\/aks-olcum-dort-sutunlu-hidrolik-liftieae-born-in-prcee-6435v2-b-57l-ekaldirma-kapasitesi-5000-kgplatform-boyu-5780-mm\/","title":{"rendered":"<p class=\"ustmetin\">Aks \u00d6l\u00e7\u00fcm D\u00f6rt S\u00fctunlu Hidrolik Lifti<\/p><p class=\"ortametin\">EAE <span class=\"ortametin2\">(Born in PRC)<\/span><\/p><p class=\"altmetin\">EE-6435V2.B.57L.E<br>Kald\u0131rma kapasitesi 5000 kg,<br>platform boyu 5780 mm<\/p>"},"content":{"rendered":"<p><strong>EAE &#8211; Aks \u00d6l\u00e7\u00fcm\u00a0<\/strong><\/p>\n<ul>\n<li>Aks \u00d6l\u00e7\u00fcm D\u00f6rt S\u00fctunlu Hidrolik Lift &#8211; EE-6435V2.B.57L.E<\/li>\n<li>Binek ve hafif ticari ara\u00e7lar\u0131n aks \u00f6l\u00e7\u00fcm\u00fc i\u00e7in \u00f6zel<\/li>\n<li>D\u00f6ner tabla yeri ve kilitlenebilir arka kay\u0131c\u0131 plakalar<\/li>\n<li>Platform aras\u0131 geni\u015flik ayar\u0131<\/li>\n<li>Hassas indirme kald\u0131rma<\/li>\n<li>Elektromekanik kilit sistemi<\/li>\n<li>Kald\u0131rma kapasitesi 5000 kg<\/li>\n<li>Platform boyu 5780 mm<\/li>\n<li>Toplam boy 6848 mm<\/li>\n<li>Platform y\u00fcksekli\u011fi 180 mm<\/li>\n<li>Kald\u0131rma y\u00fcksekli\u011fi 1830 mm<\/li>\n<li>Platform ara geni\u015fli\u011fi 915 mm &#8211; 1025 mm<\/li>\n<\/ul>\n","protected":false},"excerpt":{"rendered":"<ul>\n<li>Aks \u00d6l\u00e7\u00fcm D\u00f6rt S\u00fctunlu Hidrolik Lift &#8211; EE-6435V2.B.57L.E<\/li>\n<li>Binek ve hafif ticari ara\u00e7lar\u0131n aks \u00f6l\u00e7\u00fcm\u00fc i\u00e7in \u00f6zel<\/li>\n<li>D\u00f6ner tabla yeri ve kilitlenebilir arka kay\u0131c\u0131 plakalar<\/li>\n<li>Platform aras\u0131 geni\u015flik ayar\u0131<\/li>\n<li>Hassas indirme kald\u0131rma<\/li>\n<li>Elektromekanik kilit sistemi<\/li>\n<li>Kald\u0131rma kapasitesi 5000 kg<\/li>\n<li>Platform boyu 5780 mm<\/li>\n<li>Toplam boy 6848 mm<\/li>\n<li>Platform y\u00fcksekli\u011fi 180 mm<\/li>\n<li>Kald\u0131rma y\u00fcksekli\u011fi 1830 mm<\/li>\n<li>Platform ara geni\u015fli\u011fi 915 mm &#8211; 1025 mm<\/li>\n<\/ul>\n","protected":false},"featured_media":5851,"comment_status":"open","ping_status":"closed","template":"","meta":[],"product_cat":[152,154,168],"product_tag":[450,451,456,461,457,453,462,460,459,448,463,452,455,464,449,454,458,447],"class_list":["post-5850","product","type-product","status-publish","has-post-thumbnail","hentry","pwb-brand-eae","product_cat-lastik-servis-ekipmanlari","product_cat-aks-olcum-liftleri","product_cat-dort-sutunlu-liftler","product_tag-aks-lifti","product_tag-aks-olcum-lifti","product_tag-ara-kriko","product_tag-kanal-ara-krikosu","product_tag-kanal-krikosu","product_tag-kanal-lifti","product_tag-lift-ara-krikosu","product_tag-lift-krikosu","product_tag-on-duzen-krikosu","product_tag-on-duzen-lifti","product_tag-platform-ara-krikosu","product_tag-platform-lift","product_tag-rod-lifti","product_tag-rot-ara-krikosu","product_tag-rot-ayar-lifti","product_tag-rot-kanal-lifti","product_tag-rot-krikosu","product_tag-rot-lifti"],"brands":[{"id":365,"name":"EAE","slug":"eae"}],"yoast_head":"<!-- This site is optimized with the Yoast SEO plugin v17.1 - https:\/\/yoast.com\/wordpress\/plugins\/seo\/ -->\n<title>Aks \u00d6l\u00e7\u00fcm D\u00f6rt S\u00fctunlu Hidrolik LiftiEAE (Born in PRC)EE-6435V2.B.57L.EKald\u0131rma kapasitesi 5000 kg,platform boyu 5780 mm - Bak\u0131rc\u0131 Garagineering<\/title>\n<meta name=\"robots\" content=\"index, follow, max-snippet:-1, max-image-preview:large, max-video-preview:-1\" \/>\n<link rel=\"canonical\" href=\"https:\/\/bakirci.com\/ekipman\/servis-ekipmanlari\/mekanik\/liftler\/dort-sutunlu-liftler\/aks-olcum-dort-sutunlu-hidrolik-liftieae-born-in-prcee-6435v2-b-57l-ekaldirma-kapasitesi-5000-kgplatform-boyu-5780-mm\/\" \/>\n<meta property=\"og:locale\" content=\"tr_TR\" \/>\n<meta property=\"og:type\" content=\"article\" \/>\n<meta property=\"og:title\" content=\"Aks \u00d6l\u00e7\u00fcm D\u00f6rt S\u00fctunlu Hidrolik LiftiEAE (Born in PRC)EE-6435V2.B.57L.EKald\u0131rma kapasitesi 5000 kg,platform boyu 5780 mm - Bak\u0131rc\u0131 Garagineering\" \/>\n<meta property=\"og:description\" content=\"Aks \u00d6l\u00e7\u00fcm D\u00f6rt S\u00fctunlu Hidrolik Lift - EE-6435V2.B.57L.E  Binek ve hafif ticari ara\u00e7lar\u0131n aks \u00f6l\u00e7\u00fcm\u00fc i\u00e7in \u00f6zel  D\u00f6ner tabla yeri ve kilitlenebilir arka kay\u0131c\u0131 plakalar  Platform aras\u0131 geni\u015flik ayar\u0131  Hassas indirme kald\u0131rma  Elektromekanik kilit sistemi  Kald\u0131rma kapasitesi 5000 kg  Platform boyu 5780 mm  Toplam boy 6848 mm  Platform y\u00fcksekli\u011fi 180 mm  Kald\u0131rma y\u00fcksekli\u011fi 1830 mm  Platform ara geni\u015fli\u011fi 915 mm - 1025 mm\" \/>\n<meta property=\"og:url\" content=\"https:\/\/bakirci.com\/ekipman\/servis-ekipmanlari\/mekanik\/liftler\/dort-sutunlu-liftler\/aks-olcum-dort-sutunlu-hidrolik-liftieae-born-in-prcee-6435v2-b-57l-ekaldirma-kapasitesi-5000-kgplatform-boyu-5780-mm\/\" \/>\n<meta property=\"og:site_name\" content=\"Bak\u0131rc\u0131 Garagineering\" \/>\n<meta property=\"article:publisher\" content=\"https:\/\/www.facebook.com\/bakirci.garagineering\" \/>\n<meta property=\"article:modified_time\" content=\"2022-03-01T09:02:29+00:00\" \/>\n<meta property=\"og:image\" content=\"https:\/\/bakirci.com\/ekipman\/wp-content\/uploads\/2022\/03\/Aks-Olcum-Dort-Sutunlu-Hidrolik-Lift-EE-6435V2.B.57L.E-.png\" \/>\n\t<meta property=\"og:image:width\" content=\"1116\" \/>\n\t<meta property=\"og:image:height\" content=\"1116\" \/>\n<meta name=\"twitter:card\" content=\"summary_large_image\" \/>\n<meta name=\"twitter:label1\" content=\"Tahmini okuma s\u00fcresi\" \/>\n\t<meta name=\"twitter:data1\" content=\"1 dakika\" \/>\n<script type=\"application\/ld+json\" class=\"yoast-schema-graph\">{\"@context\":\"https:\/\/schema.org\",\"@graph\":[{\"@type\":\"Organization\",\"@id\":\"https:\/\/bakirci.com\/ekipman\/#organization\",\"name\":\"Bak\\u0131rc\\u0131 garagineering\",\"url\":\"https:\/\/bakirci.com\/ekipman\/\",\"sameAs\":[\"https:\/\/www.facebook.com\/bakirci.garagineering\",\"https:\/\/www.instagram.com\/bakirci.garagineering\/\",\"https:\/\/www.linkedin.com\/company\/bakirci-garagineering\/\",\"https:\/\/www.youtube.com\/channel\/UCiVG6s_jALJ6Zk8085XiOQg\"],\"logo\":{\"@type\":\"ImageObject\",\"@id\":\"https:\/\/bakirci.com\/ekipman\/#logo\",\"inLanguage\":\"tr\",\"url\":\"https:\/\/bakirci.com\/ekipman\/wp-content\/uploads\/2021\/09\/Bakirci-logo-lacivert.png\",\"contentUrl\":\"https:\/\/bakirci.com\/ekipman\/wp-content\/uploads\/2021\/09\/Bakirci-logo-lacivert.png\",\"width\":501,\"height\":501,\"caption\":\"Bak\\u0131rc\\u0131 garagineering\"},\"image\":{\"@id\":\"https:\/\/bakirci.com\/ekipman\/#logo\"}},{\"@type\":\"WebSite\",\"@id\":\"https:\/\/bakirci.com\/ekipman\/#website\",\"url\":\"https:\/\/bakirci.com\/ekipman\/\",\"name\":\"Bak\\u0131rc\\u0131 Garagineering\",\"description\":\"Otomotiv sekt\\u00f6r\\u00fcne \\u00f6zel, \\u201c\\u00dcretici Standard\\u0131nda\\u201d \\u00e7\\u00f6z\\u00fcmler\\u2026\",\"publisher\":{\"@id\":\"https:\/\/bakirci.com\/ekipman\/#organization\"},\"potentialAction\":[{\"@type\":\"SearchAction\",\"target\":{\"@type\":\"EntryPoint\",\"urlTemplate\":\"https:\/\/bakirci.com\/ekipman\/?s={search_term_string}\"},\"query-input\":\"required name=search_term_string\"}],\"inLanguage\":\"tr\"},{\"@type\":\"ImageObject\",\"@id\":\"https:\/\/bakirci.com\/ekipman\/servis-ekipmanlari\/mekanik\/liftler\/dort-sutunlu-liftler\/aks-olcum-dort-sutunlu-hidrolik-liftieae-born-in-prcee-6435v2-b-57l-ekaldirma-kapasitesi-5000-kgplatform-boyu-5780-mm\/#primaryimage\",\"inLanguage\":\"tr\",\"url\":\"https:\/\/bakirci.com\/ekipman\/wp-content\/uploads\/2022\/03\/Aks-Olcum-Dort-Sutunlu-Hidrolik-Lift-EE-6435V2.B.57L.E-.png\",\"contentUrl\":\"https:\/\/bakirci.com\/ekipman\/wp-content\/uploads\/2022\/03\/Aks-Olcum-Dort-Sutunlu-Hidrolik-Lift-EE-6435V2.B.57L.E-.png\",\"width\":1116,\"height\":1116},{\"@type\":\"WebPage\",\"@id\":\"https:\/\/bakirci.com\/ekipman\/servis-ekipmanlari\/mekanik\/liftler\/dort-sutunlu-liftler\/aks-olcum-dort-sutunlu-hidrolik-liftieae-born-in-prcee-6435v2-b-57l-ekaldirma-kapasitesi-5000-kgplatform-boyu-5780-mm\/#webpage\",\"url\":\"https:\/\/bakirci.com\/ekipman\/servis-ekipmanlari\/mekanik\/liftler\/dort-sutunlu-liftler\/aks-olcum-dort-sutunlu-hidrolik-liftieae-born-in-prcee-6435v2-b-57l-ekaldirma-kapasitesi-5000-kgplatform-boyu-5780-mm\/\",\"name\":\"Aks \\u00d6l\\u00e7\\u00fcm D\\u00f6rt S\\u00fctunlu Hidrolik Lifti EAE (Born in PRC) EE-6435V2.B.57L.E Kald\\u0131rma kapasitesi 5000 kg, platform boyu 5780 mm - Bak\\u0131rc\\u0131 Garagineering\",\"isPartOf\":{\"@id\":\"https:\/\/bakirci.com\/ekipman\/#website\"},\"primaryImageOfPage\":{\"@id\":\"https:\/\/bakirci.com\/ekipman\/servis-ekipmanlari\/mekanik\/liftler\/dort-sutunlu-liftler\/aks-olcum-dort-sutunlu-hidrolik-liftieae-born-in-prcee-6435v2-b-57l-ekaldirma-kapasitesi-5000-kgplatform-boyu-5780-mm\/#primaryimage\"},\"datePublished\":\"2021-02-03T04:11:52+00:00\",\"dateModified\":\"2022-03-01T09:02:29+00:00\",\"breadcrumb\":{\"@id\":\"https:\/\/bakirci.com\/ekipman\/servis-ekipmanlari\/mekanik\/liftler\/dort-sutunlu-liftler\/aks-olcum-dort-sutunlu-hidrolik-liftieae-born-in-prcee-6435v2-b-57l-ekaldirma-kapasitesi-5000-kgplatform-boyu-5780-mm\/#breadcrumb\"},\"inLanguage\":\"tr\",\"potentialAction\":[{\"@type\":\"ReadAction\",\"target\":[\"https:\/\/bakirci.com\/ekipman\/servis-ekipmanlari\/mekanik\/liftler\/dort-sutunlu-liftler\/aks-olcum-dort-sutunlu-hidrolik-liftieae-born-in-prcee-6435v2-b-57l-ekaldirma-kapasitesi-5000-kgplatform-boyu-5780-mm\/\"]}]},{\"@type\":\"BreadcrumbList\",\"@id\":\"https:\/\/bakirci.com\/ekipman\/servis-ekipmanlari\/mekanik\/liftler\/dort-sutunlu-liftler\/aks-olcum-dort-sutunlu-hidrolik-liftieae-born-in-prcee-6435v2-b-57l-ekaldirma-kapasitesi-5000-kgplatform-boyu-5780-mm\/#breadcrumb\",\"itemListElement\":[{\"@type\":\"ListItem\",\"position\":1,\"name\":\"Ekipman\",\"item\":\"https:\/\/bakirci.com\/ekipman\/\"},{\"@type\":\"ListItem\",\"position\":2,\"name\":\"Otomotiv Tesisleri \\u0130\\u00e7in Servis Ekipmanlar\\u0131\",\"item\":\"https:\/\/bakirci.com\/ekipman\/\"},{\"@type\":\"ListItem\",\"position\":3,\"name\":\"Aks \\u00d6l\\u00e7\\u00fcm D\\u00f6rt S\\u00fctunlu Hidrolik LiftiEAE (Born in PRC)EE-6435V2.B.57L.EKald\\u0131rma kapasitesi 5000 kg,platform boyu 5780 mm\"}]}]}<\/script>\n<!-- \/ Yoast SEO plugin. -->","yoast_head_json":{"title":"Aks \u00d6l\u00e7\u00fcm D\u00f6rt S\u00fctunlu Hidrolik LiftiEAE (Born in PRC)EE-6435V2.B.57L.EKald\u0131rma kapasitesi 5000 kg,platform boyu 5780 mm - Bak\u0131rc\u0131 Garagineering","robots":{"index":"index","follow":"follow","max-snippet":"max-snippet:-1","max-image-preview":"max-image-preview:large","max-video-preview":"max-video-preview:-1"},"canonical":"https:\/\/bakirci.com\/ekipman\/servis-ekipmanlari\/mekanik\/liftler\/dort-sutunlu-liftler\/aks-olcum-dort-sutunlu-hidrolik-liftieae-born-in-prcee-6435v2-b-57l-ekaldirma-kapasitesi-5000-kgplatform-boyu-5780-mm\/","og_locale":"tr_TR","og_type":"article","og_title":"Aks \u00d6l\u00e7\u00fcm D\u00f6rt S\u00fctunlu Hidrolik LiftiEAE (Born in PRC)EE-6435V2.B.57L.EKald\u0131rma kapasitesi 5000 kg,platform boyu 5780 mm - Bak\u0131rc\u0131 Garagineering","og_description":"Aks \u00d6l\u00e7\u00fcm D\u00f6rt S\u00fctunlu Hidrolik Lift - EE-6435V2.B.57L.E  Binek ve hafif ticari ara\u00e7lar\u0131n aks \u00f6l\u00e7\u00fcm\u00fc i\u00e7in \u00f6zel  D\u00f6ner tabla yeri ve kilitlenebilir arka kay\u0131c\u0131 plakalar  Platform aras\u0131 geni\u015flik ayar\u0131  Hassas indirme kald\u0131rma  Elektromekanik kilit sistemi  Kald\u0131rma kapasitesi 5000 kg  Platform boyu 5780 mm  Toplam boy 6848 mm  Platform y\u00fcksekli\u011fi 180 mm  Kald\u0131rma y\u00fcksekli\u011fi 1830 mm  Platform ara geni\u015fli\u011fi 915 mm - 1025 mm","og_url":"https:\/\/bakirci.com\/ekipman\/servis-ekipmanlari\/mekanik\/liftler\/dort-sutunlu-liftler\/aks-olcum-dort-sutunlu-hidrolik-liftieae-born-in-prcee-6435v2-b-57l-ekaldirma-kapasitesi-5000-kgplatform-boyu-5780-mm\/","og_site_name":"Bak\u0131rc\u0131 Garagineering","article_publisher":"https:\/\/www.facebook.com\/bakirci.garagineering","article_modified_time":"2022-03-01T09:02:29+00:00","og_image":[{"width":1116,"height":1116,"url":"https:\/\/bakirci.com\/ekipman\/wp-content\/uploads\/2022\/03\/Aks-Olcum-Dort-Sutunlu-Hidrolik-Lift-EE-6435V2.B.57L.E-.png","path":"\/home\/bakirciwebsitesi\/public_html\/ekipman\/wp-content\/uploads\/2022\/03\/Aks-Olcum-Dort-Sutunlu-Hidrolik-Lift-EE-6435V2.B.57L.E-.png","size":"full","id":5851,"alt":"","pixels":1245456,"type":"image\/png"}],"twitter_card":"summary_large_image","twitter_misc":{"Tahmini okuma s\u00fcresi":"1 dakika"},"schema":{"@context":"https:\/\/schema.org","@graph":[{"@type":"Organization","@id":"https:\/\/bakirci.com\/ekipman\/#organization","name":"Bak\u0131rc\u0131 garagineering","url":"https:\/\/bakirci.com\/ekipman\/","sameAs":["https:\/\/www.facebook.com\/bakirci.garagineering","https:\/\/www.instagram.com\/bakirci.garagineering\/","https:\/\/www.linkedin.com\/company\/bakirci-garagineering\/","https:\/\/www.youtube.com\/channel\/UCiVG6s_jALJ6Zk8085XiOQg"],"logo":{"@type":"ImageObject","@id":"https:\/\/bakirci.com\/ekipman\/#logo","inLanguage":"tr","url":"https:\/\/bakirci.com\/ekipman\/wp-content\/uploads\/2021\/09\/Bakirci-logo-lacivert.png","contentUrl":"https:\/\/bakirci.com\/ekipman\/wp-content\/uploads\/2021\/09\/Bakirci-logo-lacivert.png","width":501,"height":501,"caption":"Bak\u0131rc\u0131 garagineering"},"image":{"@id":"https:\/\/bakirci.com\/ekipman\/#logo"}},{"@type":"WebSite","@id":"https:\/\/bakirci.com\/ekipman\/#website","url":"https:\/\/bakirci.com\/ekipman\/","name":"Bak\u0131rc\u0131 Garagineering","description":"Otomotiv sekt\u00f6r\u00fcne \u00f6zel, \u201c\u00dcretici Standard\u0131nda\u201d \u00e7\u00f6z\u00fcmler\u2026","publisher":{"@id":"https:\/\/bakirci.com\/ekipman\/#organization"},"potentialAction":[{"@type":"SearchAction","target":{"@type":"EntryPoint","urlTemplate":"https:\/\/bakirci.com\/ekipman\/?s={search_term_string}"},"query-input":"required name=search_term_string"}],"inLanguage":"tr"},{"@type":"ImageObject","@id":"https:\/\/bakirci.com\/ekipman\/servis-ekipmanlari\/mekanik\/liftler\/dort-sutunlu-liftler\/aks-olcum-dort-sutunlu-hidrolik-liftieae-born-in-prcee-6435v2-b-57l-ekaldirma-kapasitesi-5000-kgplatform-boyu-5780-mm\/#primaryimage","inLanguage":"tr","url":"https:\/\/bakirci.com\/ekipman\/wp-content\/uploads\/2022\/03\/Aks-Olcum-Dort-Sutunlu-Hidrolik-Lift-EE-6435V2.B.57L.E-.png","contentUrl":"https:\/\/bakirci.com\/ekipman\/wp-content\/uploads\/2022\/03\/Aks-Olcum-Dort-Sutunlu-Hidrolik-Lift-EE-6435V2.B.57L.E-.png","width":1116,"height":1116},{"@type":"WebPage","@id":"https:\/\/bakirci.com\/ekipman\/servis-ekipmanlari\/mekanik\/liftler\/dort-sutunlu-liftler\/aks-olcum-dort-sutunlu-hidrolik-liftieae-born-in-prcee-6435v2-b-57l-ekaldirma-kapasitesi-5000-kgplatform-boyu-5780-mm\/#webpage","url":"https:\/\/bakirci.com\/ekipman\/servis-ekipmanlari\/mekanik\/liftler\/dort-sutunlu-liftler\/aks-olcum-dort-sutunlu-hidrolik-liftieae-born-in-prcee-6435v2-b-57l-ekaldirma-kapasitesi-5000-kgplatform-boyu-5780-mm\/","name":"Aks \u00d6l\u00e7\u00fcm D\u00f6rt S\u00fctunlu Hidrolik Lifti EAE (Born in PRC) EE-6435V2.B.57L.E Kald\u0131rma kapasitesi 5000 kg, platform boyu 5780 mm - Bak\u0131rc\u0131 Garagineering","isPartOf":{"@id":"https:\/\/bakirci.com\/ekipman\/#website"},"primaryImageOfPage":{"@id":"https:\/\/bakirci.com\/ekipman\/servis-ekipmanlari\/mekanik\/liftler\/dort-sutunlu-liftler\/aks-olcum-dort-sutunlu-hidrolik-liftieae-born-in-prcee-6435v2-b-57l-ekaldirma-kapasitesi-5000-kgplatform-boyu-5780-mm\/#primaryimage"},"datePublished":"2021-02-03T04:11:52+00:00","dateModified":"2022-03-01T09:02:29+00:00","breadcrumb":{"@id":"https:\/\/bakirci.com\/ekipman\/servis-ekipmanlari\/mekanik\/liftler\/dort-sutunlu-liftler\/aks-olcum-dort-sutunlu-hidrolik-liftieae-born-in-prcee-6435v2-b-57l-ekaldirma-kapasitesi-5000-kgplatform-boyu-5780-mm\/#breadcrumb"},"inLanguage":"tr","potentialAction":[{"@type":"ReadAction","target":["https:\/\/bakirci.com\/ekipman\/servis-ekipmanlari\/mekanik\/liftler\/dort-sutunlu-liftler\/aks-olcum-dort-sutunlu-hidrolik-liftieae-born-in-prcee-6435v2-b-57l-ekaldirma-kapasitesi-5000-kgplatform-boyu-5780-mm\/"]}]},{"@type":"BreadcrumbList","@id":"https:\/\/bakirci.com\/ekipman\/servis-ekipmanlari\/mekanik\/liftler\/dort-sutunlu-liftler\/aks-olcum-dort-sutunlu-hidrolik-liftieae-born-in-prcee-6435v2-b-57l-ekaldirma-kapasitesi-5000-kgplatform-boyu-5780-mm\/#breadcrumb","itemListElement":[{"@type":"ListItem","position":1,"name":"Ekipman","item":"https:\/\/bakirci.com\/ekipman\/"},{"@type":"ListItem","position":2,"name":"Otomotiv Tesisleri \u0130\u00e7in Servis Ekipmanlar\u0131","item":"https:\/\/bakirci.com\/ekipman\/"},{"@type":"ListItem","position":3,"name":"Aks \u00d6l\u00e7\u00fcm D\u00f6rt S\u00fctunlu Hidrolik LiftiEAE (Born in PRC)EE-6435V2.B.57L.EKald\u0131rma kapasitesi 5000 kg,platform boyu 5780 mm"}]}]}},"_links":{"self":[{"href":"https:\/\/bakirci.com\/ekipman\/wp-json\/wp\/v2\/product\/5850","targetHints":{"allow":["GET"]}}],"collection":[{"href":"https:\/\/bakirci.com\/ekipman\/wp-json\/wp\/v2\/product"}],"about":[{"href":"https:\/\/bakirci.com\/ekipman\/wp-json\/wp\/v2\/types\/product"}],"replies":[{"embeddable":true,"href":"https:\/\/bakirci.com\/ekipman\/wp-json\/wp\/v2\/comments?post=5850"}],"wp:featuredmedia":[{"embeddable":true,"href":"https:\/\/bakirci.com\/ekipman\/wp-json\/wp\/v2\/media\/5851"}],"wp:attachment":[{"href":"https:\/\/bakirci.com\/ekipman\/wp-json\/wp\/v2\/media?parent=5850"}],"wp:term":[{"taxonomy":"product_cat","embeddable":true,"href":"https:\/\/bakirci.com\/ekipman\/wp-json\/wp\/v2\/product_cat?post=5850"},{"taxonomy":"product_tag","embeddable":true,"href":"https:\/\/bakirci.com\/ekipman\/wp-json\/wp\/v2\/product_tag?post=5850"}],"curies":[{"name":"wp","href":"https:\/\/api.w.org\/{rel}","templated":true}]}}