{"id":5552,"date":"2021-01-01T01:00:11","date_gmt":"2021-01-01T01:00:11","guid":{"rendered":"https:\/\/bakirci.com\/ekipman\/?post_type=product&#038;p=5552"},"modified":"2021-10-30T13:39:14","modified_gmt":"2021-10-30T13:39:14","slug":"terra-dc-24-kw-ccs2-chademo-3-5mt-kablolu","status":"publish","type":"product","link":"https:\/\/bakirci.com\/ekipman\/servis-ekipmanlari\/mekanik\/elektrikli-arac-sarj-istasyonlari\/terra-dc-24-kw-ccs2-chademo-3-5mt-kablolu\/","title":{"rendered":"<p class=\"ustmetin\">Mini DC \u015earj \u0130stasyonu<\/p><p class=\"ortametin\">ABB <span class=\"ortametin2\">(Born in SWITZERLAND)<\/span><p class=\"altmetin\">Terra DC 24 kW<br>(CCS2 + Chademo + 3.5mt Kablolu)<br>W\u0130F\u0130 ve Bluetooth \u00f6zellikli<\/p>"},"content":{"rendered":"<p><strong>Mini DC \u015earj \u0130stasyonu<\/strong><\/p>\n<ul>\n<li>Terra DC 24 kW (CCS2 + Chademo + 3.5mt Kablolu)<\/li>\n<li>24 kW 60 A DC h\u0131zl\u0131 \u015farj istasyonu<\/li>\n<li>CC2 ve CHAdeMO olmak \u00fczere 2 \u00e7\u0131k\u0131\u015fl\u0131<\/li>\n<li>CCS2 \u00e7\u0131k\u0131\u015f gerilimi 150-900 V<\/li>\n<li>CHAdeMO \u00e7\u0131k\u0131\u015f gerilimi 150-500 V<\/li>\n<li>T\u00fcm versiyonlarda IP 54, IK10 ve acil durdurma butonu, 7&#8221; LCD Dokunmatik ekranl\u0131<\/li>\n<li>W\u0130-F\u0130, Bluetooth, Ethernet, 3G\/4G, RFID kart okuyucu<\/li>\n<li>Haberle\u015fme protokol\u00fc OCPP 1.5 \/ 1.6 \/ 2.0<\/li>\n<\/ul>\n<p><strong>Mini DC \u015earj \u0130stasyonu<\/strong><\/p>\n<ul>\n<li>Ak\u0131ll\u0131 telefon uygulamas\u0131 ile kontrol edilebilir, programlanabilir, uzaktan g\u00fcncellenebilir<\/li>\n<li>Kimlik do\u011frulama ve \u00f6deme yap\u0131labilir<\/li>\n<li>Ak\u0131ll\u0131 ev sistemlerine, site y\u00f6netim sistemlerine entegre edilebilir<\/li>\n<li>Ticari kullan\u0131m i\u00e7in gerekli ba\u011flant\u0131 ve operasyonel yaz\u0131l\u0131m deste\u011fi ile \u015farj noktas\u0131 sahibinin y\u00f6netim ve denetim ihtiya\u00e7lar\u0131n\u0131n kar\u015f\u0131lanmas\u0131<\/li>\n<li>Bireysel uygulamalar i\u00e7in ak\u0131ll\u0131 telefon uygulamas\u0131 ile \u015farj istasyonu kontrol\u00fc ve programlanmas\u0131<\/li>\n<li>Duvara monte (Wallbox) veya Stand (opsiyoneldir) ile kullan\u0131m i\u00e7in uyumlu<\/li>\n<\/ul>\n","protected":false},"excerpt":{"rendered":"<ul>\n<li>Terra DC 24 kW (CCS2 + Chademo + 3.5mt Kablolu)<\/li>\n<li>24 kW 60 A DC h\u0131zl\u0131 \u015farj istasyonu<\/li>\n<li>CC2 ve CHAdeMO olmak \u00fczere 2 \u00e7\u0131k\u0131\u015fl\u0131<\/li>\n<li>CCS2 \u00e7\u0131k\u0131\u015f gerilimi 150-900 V<\/li>\n<li>CHAdeMO \u00e7\u0131k\u0131\u015f gerilimi 150-500 V<\/li>\n<li>T\u00fcm versiyonlarda IP 54, IK10 ve acil durdurma butonu, 7&#8221; LCD Dokunmatik ekranl\u0131<\/li>\n<li>W\u0130-F\u0130, Bluetooth, Ethernet, 3G\/4G, RFID kart okuyucu<\/li>\n<li>Haberle\u015fme protokol\u00fc OCPP 1.5 \/ 1.6 \/ 2.0<\/li>\n<li>Ak\u0131ll\u0131 telefon uygulamas\u0131 ile kontrol edilebilir, programlanabilir, uzaktan g\u00fcncellenebilir<\/li>\n<li>Kimlik do\u011frulama ve \u00f6deme yap\u0131labilir<\/li>\n<li>Ak\u0131ll\u0131 ev sistemlerine, site y\u00f6netim sistemlerine entegre edilebilir<\/li>\n<li>Ticari kullan\u0131m i\u00e7in gerekli ba\u011flant\u0131 ve operasyonel yaz\u0131l\u0131m deste\u011fi ile \u015farj noktas\u0131 sahibinin y\u00f6netim ve denetim ihtiya\u00e7lar\u0131n\u0131n kar\u015f\u0131lanmas\u0131<\/li>\n<li>Bireysel uygulamalar i\u00e7in ak\u0131ll\u0131 telefon uygulamas\u0131 ile \u015farj istasyonu kontrol\u00fc ve programlanmas\u0131<\/li>\n<li>Duvara monte (Wallbox) veya Stand (opsiyoneldir) ile kullan\u0131m i\u00e7in uyumlu<\/li>\n<\/ul>\n","protected":false},"featured_media":5619,"comment_status":"closed","ping_status":"closed","template":"","meta":[],"product_cat":[793],"product_tag":[795],"class_list":["post-5552","product","type-product","status-publish","has-post-thumbnail","hentry","pwb-brand-abb","product_cat-elektrikli-arac-sarj-istasyonlari","product_tag-abb"],"brands":[{"id":794,"name":"ABB","slug":"abb"}],"yoast_head":"<!-- This site is optimized with the Yoast SEO plugin v17.1 - https:\/\/yoast.com\/wordpress\/plugins\/seo\/ -->\n<title>Mini DC \u015earj \u0130stasyonu - Terra DC 24 kW - B-CHARGE<\/title>\n<meta name=\"description\" content=\"Mini DC \u015earj \u0130stasyonu - Terra DC 24 kW - B-CHARGE - ABB - e-BAKIRCI - e-Mobilite - Elektrikli ara\u00e7lar i\u00e7in \u015farj istasyonlar\u0131\" \/>\n<meta name=\"robots\" content=\"index, follow, max-snippet:-1, max-image-preview:large, max-video-preview:-1\" \/>\n<link rel=\"canonical\" href=\"https:\/\/bakirci.com\/ekipman\/servis-ekipmanlari\/mekanik\/elektrikli-arac-sarj-istasyonlari\/terra-dc-24-kw-ccs2-chademo-3-5mt-kablolu\/\" \/>\n<meta property=\"og:locale\" content=\"tr_TR\" \/>\n<meta property=\"og:type\" content=\"article\" \/>\n<meta property=\"og:title\" content=\"Mini DC \u015earj \u0130stasyonu - Terra DC 24 kW - B-CHARGE\" \/>\n<meta property=\"og:description\" content=\"Mini DC \u015earj \u0130stasyonu - Terra DC 24 kW - B-CHARGE - ABB - e-BAKIRCI - e-Mobilite - Elektrikli ara\u00e7lar i\u00e7in \u015farj istasyonlar\u0131\" \/>\n<meta property=\"og:url\" content=\"https:\/\/bakirci.com\/ekipman\/servis-ekipmanlari\/mekanik\/elektrikli-arac-sarj-istasyonlari\/terra-dc-24-kw-ccs2-chademo-3-5mt-kablolu\/\" \/>\n<meta property=\"og:site_name\" content=\"Bak\u0131rc\u0131 Garagineering\" \/>\n<meta property=\"article:publisher\" content=\"https:\/\/www.facebook.com\/bakirci.garagineering\" \/>\n<meta property=\"article:modified_time\" content=\"2021-10-30T13:39:14+00:00\" \/>\n<meta property=\"og:image\" content=\"https:\/\/bakirci.com\/ekipman\/wp-content\/uploads\/2021\/01\/Terra-DC-24-kW-CCS2-Chademo-3.5mt-Kablolu-copy.jpg\" \/>\n\t<meta property=\"og:image:width\" content=\"1600\" \/>\n\t<meta property=\"og:image:height\" content=\"1600\" \/>\n<meta name=\"twitter:card\" content=\"summary_large_image\" \/>\n<meta name=\"twitter:label1\" content=\"Tahmini okuma s\u00fcresi\" \/>\n\t<meta name=\"twitter:data1\" content=\"1 dakika\" \/>\n<script type=\"application\/ld+json\" class=\"yoast-schema-graph\">{\"@context\":\"https:\/\/schema.org\",\"@graph\":[{\"@type\":\"Organization\",\"@id\":\"https:\/\/bakirci.com\/ekipman\/#organization\",\"name\":\"Bak\\u0131rc\\u0131 garagineering\",\"url\":\"https:\/\/bakirci.com\/ekipman\/\",\"sameAs\":[\"https:\/\/www.facebook.com\/bakirci.garagineering\",\"https:\/\/www.instagram.com\/bakirci.garagineering\/\",\"https:\/\/www.linkedin.com\/company\/bakirci-garagineering\/\",\"https:\/\/www.youtube.com\/channel\/UCiVG6s_jALJ6Zk8085XiOQg\"],\"logo\":{\"@type\":\"ImageObject\",\"@id\":\"https:\/\/bakirci.com\/ekipman\/#logo\",\"inLanguage\":\"tr\",\"url\":\"https:\/\/bakirci.com\/ekipman\/wp-content\/uploads\/2021\/09\/Bakirci-logo-lacivert.png\",\"contentUrl\":\"https:\/\/bakirci.com\/ekipman\/wp-content\/uploads\/2021\/09\/Bakirci-logo-lacivert.png\",\"width\":501,\"height\":501,\"caption\":\"Bak\\u0131rc\\u0131 garagineering\"},\"image\":{\"@id\":\"https:\/\/bakirci.com\/ekipman\/#logo\"}},{\"@type\":\"WebSite\",\"@id\":\"https:\/\/bakirci.com\/ekipman\/#website\",\"url\":\"https:\/\/bakirci.com\/ekipman\/\",\"name\":\"Bak\\u0131rc\\u0131 Garagineering\",\"description\":\"Otomotiv sekt\\u00f6r\\u00fcne \\u00f6zel, \\u201c\\u00dcretici Standard\\u0131nda\\u201d \\u00e7\\u00f6z\\u00fcmler\\u2026\",\"publisher\":{\"@id\":\"https:\/\/bakirci.com\/ekipman\/#organization\"},\"potentialAction\":[{\"@type\":\"SearchAction\",\"target\":{\"@type\":\"EntryPoint\",\"urlTemplate\":\"https:\/\/bakirci.com\/ekipman\/?s={search_term_string}\"},\"query-input\":\"required name=search_term_string\"}],\"inLanguage\":\"tr\"},{\"@type\":\"ImageObject\",\"@id\":\"https:\/\/bakirci.com\/ekipman\/servis-ekipmanlari\/mekanik\/elektrikli-arac-sarj-istasyonlari\/terra-dc-24-kw-ccs2-chademo-3-5mt-kablolu\/#primaryimage\",\"inLanguage\":\"tr\",\"url\":\"https:\/\/bakirci.com\/ekipman\/wp-content\/uploads\/2021\/01\/Terra-DC-24-kW-CCS2-Chademo-3.5mt-Kablolu-copy.jpg\",\"contentUrl\":\"https:\/\/bakirci.com\/ekipman\/wp-content\/uploads\/2021\/01\/Terra-DC-24-kW-CCS2-Chademo-3.5mt-Kablolu-copy.jpg\",\"width\":1600,\"height\":1600,\"caption\":\"Mini DC \\u015earj \\u0130stasyonu - Terra DC 24 kW\"},{\"@type\":\"WebPage\",\"@id\":\"https:\/\/bakirci.com\/ekipman\/servis-ekipmanlari\/mekanik\/elektrikli-arac-sarj-istasyonlari\/terra-dc-24-kw-ccs2-chademo-3-5mt-kablolu\/#webpage\",\"url\":\"https:\/\/bakirci.com\/ekipman\/servis-ekipmanlari\/mekanik\/elektrikli-arac-sarj-istasyonlari\/terra-dc-24-kw-ccs2-chademo-3-5mt-kablolu\/\",\"name\":\"Mini DC \\u015earj \\u0130stasyonu - Terra DC 24 kW - B-CHARGE\",\"isPartOf\":{\"@id\":\"https:\/\/bakirci.com\/ekipman\/#website\"},\"primaryImageOfPage\":{\"@id\":\"https:\/\/bakirci.com\/ekipman\/servis-ekipmanlari\/mekanik\/elektrikli-arac-sarj-istasyonlari\/terra-dc-24-kw-ccs2-chademo-3-5mt-kablolu\/#primaryimage\"},\"datePublished\":\"2021-01-01T01:00:11+00:00\",\"dateModified\":\"2021-10-30T13:39:14+00:00\",\"description\":\"Mini DC \\u015earj \\u0130stasyonu - Terra DC 24 kW - B-CHARGE - ABB - e-BAKIRCI - e-Mobilite - Elektrikli ara\\u00e7lar i\\u00e7in \\u015farj istasyonlar\\u0131\",\"breadcrumb\":{\"@id\":\"https:\/\/bakirci.com\/ekipman\/servis-ekipmanlari\/mekanik\/elektrikli-arac-sarj-istasyonlari\/terra-dc-24-kw-ccs2-chademo-3-5mt-kablolu\/#breadcrumb\"},\"inLanguage\":\"tr\",\"potentialAction\":[{\"@type\":\"ReadAction\",\"target\":[\"https:\/\/bakirci.com\/ekipman\/servis-ekipmanlari\/mekanik\/elektrikli-arac-sarj-istasyonlari\/terra-dc-24-kw-ccs2-chademo-3-5mt-kablolu\/\"]}]},{\"@type\":\"BreadcrumbList\",\"@id\":\"https:\/\/bakirci.com\/ekipman\/servis-ekipmanlari\/mekanik\/elektrikli-arac-sarj-istasyonlari\/terra-dc-24-kw-ccs2-chademo-3-5mt-kablolu\/#breadcrumb\",\"itemListElement\":[{\"@type\":\"ListItem\",\"position\":1,\"name\":\"Ekipman\",\"item\":\"https:\/\/bakirci.com\/ekipman\/\"},{\"@type\":\"ListItem\",\"position\":2,\"name\":\"Otomotiv Tesisleri \\u0130\\u00e7in Servis Ekipmanlar\\u0131\",\"item\":\"https:\/\/bakirci.com\/ekipman\/\"},{\"@type\":\"ListItem\",\"position\":3,\"name\":\"Mini DC \\u015earj \\u0130stasyonuABB (Born in SWITZERLAND)Terra DC 24 kW(CCS2 + Chademo + 3.5mt Kablolu)W\\u0130F\\u0130 ve Bluetooth \\u00f6zellikli\"}]}]}<\/script>\n<!-- \/ Yoast SEO plugin. -->","yoast_head_json":{"title":"Mini DC \u015earj \u0130stasyonu - Terra DC 24 kW - B-CHARGE","description":"Mini DC \u015earj \u0130stasyonu - Terra DC 24 kW - B-CHARGE - ABB - e-BAKIRCI - e-Mobilite - Elektrikli ara\u00e7lar i\u00e7in \u015farj istasyonlar\u0131","robots":{"index":"index","follow":"follow","max-snippet":"max-snippet:-1","max-image-preview":"max-image-preview:large","max-video-preview":"max-video-preview:-1"},"canonical":"https:\/\/bakirci.com\/ekipman\/servis-ekipmanlari\/mekanik\/elektrikli-arac-sarj-istasyonlari\/terra-dc-24-kw-ccs2-chademo-3-5mt-kablolu\/","og_locale":"tr_TR","og_type":"article","og_title":"Mini DC \u015earj \u0130stasyonu - Terra DC 24 kW - B-CHARGE","og_description":"Mini DC \u015earj \u0130stasyonu - Terra DC 24 kW - B-CHARGE - ABB - e-BAKIRCI - e-Mobilite - Elektrikli ara\u00e7lar i\u00e7in \u015farj istasyonlar\u0131","og_url":"https:\/\/bakirci.com\/ekipman\/servis-ekipmanlari\/mekanik\/elektrikli-arac-sarj-istasyonlari\/terra-dc-24-kw-ccs2-chademo-3-5mt-kablolu\/","og_site_name":"Bak\u0131rc\u0131 Garagineering","article_publisher":"https:\/\/www.facebook.com\/bakirci.garagineering","article_modified_time":"2021-10-30T13:39:14+00:00","og_image":[{"width":1600,"height":1600,"url":"https:\/\/bakirci.com\/ekipman\/wp-content\/uploads\/2021\/01\/Terra-DC-24-kW-CCS2-Chademo-3.5mt-Kablolu-copy.jpg","path":"\/home\/bakirciwebsitesi\/public_html\/ekipman\/wp-content\/uploads\/2021\/01\/Terra-DC-24-kW-CCS2-Chademo-3.5mt-Kablolu-copy.jpg","size":"full","id":5619,"alt":"Mini DC \u015earj \u0130stasyonu - Terra DC 24 kW","pixels":2560000,"type":"image\/jpeg"}],"twitter_card":"summary_large_image","twitter_misc":{"Tahmini okuma s\u00fcresi":"1 dakika"},"schema":{"@context":"https:\/\/schema.org","@graph":[{"@type":"Organization","@id":"https:\/\/bakirci.com\/ekipman\/#organization","name":"Bak\u0131rc\u0131 garagineering","url":"https:\/\/bakirci.com\/ekipman\/","sameAs":["https:\/\/www.facebook.com\/bakirci.garagineering","https:\/\/www.instagram.com\/bakirci.garagineering\/","https:\/\/www.linkedin.com\/company\/bakirci-garagineering\/","https:\/\/www.youtube.com\/channel\/UCiVG6s_jALJ6Zk8085XiOQg"],"logo":{"@type":"ImageObject","@id":"https:\/\/bakirci.com\/ekipman\/#logo","inLanguage":"tr","url":"https:\/\/bakirci.com\/ekipman\/wp-content\/uploads\/2021\/09\/Bakirci-logo-lacivert.png","contentUrl":"https:\/\/bakirci.com\/ekipman\/wp-content\/uploads\/2021\/09\/Bakirci-logo-lacivert.png","width":501,"height":501,"caption":"Bak\u0131rc\u0131 garagineering"},"image":{"@id":"https:\/\/bakirci.com\/ekipman\/#logo"}},{"@type":"WebSite","@id":"https:\/\/bakirci.com\/ekipman\/#website","url":"https:\/\/bakirci.com\/ekipman\/","name":"Bak\u0131rc\u0131 Garagineering","description":"Otomotiv sekt\u00f6r\u00fcne \u00f6zel, \u201c\u00dcretici Standard\u0131nda\u201d \u00e7\u00f6z\u00fcmler\u2026","publisher":{"@id":"https:\/\/bakirci.com\/ekipman\/#organization"},"potentialAction":[{"@type":"SearchAction","target":{"@type":"EntryPoint","urlTemplate":"https:\/\/bakirci.com\/ekipman\/?s={search_term_string}"},"query-input":"required name=search_term_string"}],"inLanguage":"tr"},{"@type":"ImageObject","@id":"https:\/\/bakirci.com\/ekipman\/servis-ekipmanlari\/mekanik\/elektrikli-arac-sarj-istasyonlari\/terra-dc-24-kw-ccs2-chademo-3-5mt-kablolu\/#primaryimage","inLanguage":"tr","url":"https:\/\/bakirci.com\/ekipman\/wp-content\/uploads\/2021\/01\/Terra-DC-24-kW-CCS2-Chademo-3.5mt-Kablolu-copy.jpg","contentUrl":"https:\/\/bakirci.com\/ekipman\/wp-content\/uploads\/2021\/01\/Terra-DC-24-kW-CCS2-Chademo-3.5mt-Kablolu-copy.jpg","width":1600,"height":1600,"caption":"Mini DC \u015earj \u0130stasyonu - Terra DC 24 kW"},{"@type":"WebPage","@id":"https:\/\/bakirci.com\/ekipman\/servis-ekipmanlari\/mekanik\/elektrikli-arac-sarj-istasyonlari\/terra-dc-24-kw-ccs2-chademo-3-5mt-kablolu\/#webpage","url":"https:\/\/bakirci.com\/ekipman\/servis-ekipmanlari\/mekanik\/elektrikli-arac-sarj-istasyonlari\/terra-dc-24-kw-ccs2-chademo-3-5mt-kablolu\/","name":"Mini DC \u015earj \u0130stasyonu - Terra DC 24 kW - B-CHARGE","isPartOf":{"@id":"https:\/\/bakirci.com\/ekipman\/#website"},"primaryImageOfPage":{"@id":"https:\/\/bakirci.com\/ekipman\/servis-ekipmanlari\/mekanik\/elektrikli-arac-sarj-istasyonlari\/terra-dc-24-kw-ccs2-chademo-3-5mt-kablolu\/#primaryimage"},"datePublished":"2021-01-01T01:00:11+00:00","dateModified":"2021-10-30T13:39:14+00:00","description":"Mini DC \u015earj \u0130stasyonu - Terra DC 24 kW - B-CHARGE - ABB - e-BAKIRCI - e-Mobilite - Elektrikli ara\u00e7lar i\u00e7in \u015farj istasyonlar\u0131","breadcrumb":{"@id":"https:\/\/bakirci.com\/ekipman\/servis-ekipmanlari\/mekanik\/elektrikli-arac-sarj-istasyonlari\/terra-dc-24-kw-ccs2-chademo-3-5mt-kablolu\/#breadcrumb"},"inLanguage":"tr","potentialAction":[{"@type":"ReadAction","target":["https:\/\/bakirci.com\/ekipman\/servis-ekipmanlari\/mekanik\/elektrikli-arac-sarj-istasyonlari\/terra-dc-24-kw-ccs2-chademo-3-5mt-kablolu\/"]}]},{"@type":"BreadcrumbList","@id":"https:\/\/bakirci.com\/ekipman\/servis-ekipmanlari\/mekanik\/elektrikli-arac-sarj-istasyonlari\/terra-dc-24-kw-ccs2-chademo-3-5mt-kablolu\/#breadcrumb","itemListElement":[{"@type":"ListItem","position":1,"name":"Ekipman","item":"https:\/\/bakirci.com\/ekipman\/"},{"@type":"ListItem","position":2,"name":"Otomotiv Tesisleri \u0130\u00e7in Servis Ekipmanlar\u0131","item":"https:\/\/bakirci.com\/ekipman\/"},{"@type":"ListItem","position":3,"name":"Mini DC \u015earj \u0130stasyonuABB (Born in SWITZERLAND)Terra DC 24 kW(CCS2 + Chademo + 3.5mt Kablolu)W\u0130F\u0130 ve Bluetooth \u00f6zellikli"}]}]}},"_links":{"self":[{"href":"https:\/\/bakirci.com\/ekipman\/wp-json\/wp\/v2\/product\/5552","targetHints":{"allow":["GET"]}}],"collection":[{"href":"https:\/\/bakirci.com\/ekipman\/wp-json\/wp\/v2\/product"}],"about":[{"href":"https:\/\/bakirci.com\/ekipman\/wp-json\/wp\/v2\/types\/product"}],"replies":[{"embeddable":true,"href":"https:\/\/bakirci.com\/ekipman\/wp-json\/wp\/v2\/comments?post=5552"}],"wp:featuredmedia":[{"embeddable":true,"href":"https:\/\/bakirci.com\/ekipman\/wp-json\/wp\/v2\/media\/5619"}],"wp:attachment":[{"href":"https:\/\/bakirci.com\/ekipman\/wp-json\/wp\/v2\/media?parent=5552"}],"wp:term":[{"taxonomy":"product_cat","embeddable":true,"href":"https:\/\/bakirci.com\/ekipman\/wp-json\/wp\/v2\/product_cat?post=5552"},{"taxonomy":"product_tag","embeddable":true,"href":"https:\/\/bakirci.com\/ekipman\/wp-json\/wp\/v2\/product_tag?post=5552"}],"curies":[{"name":"wp","href":"https:\/\/api.w.org\/{rel}","templated":true}]}}