{"id":5551,"date":"2021-01-01T01:20:18","date_gmt":"2021-01-01T01:20:18","guid":{"rendered":"https:\/\/bakirci.com\/ekipman\/?post_type=product&#038;p=5551"},"modified":"2021-10-30T13:40:17","modified_gmt":"2021-10-30T13:40:17","slug":"terra-ac-wallbox-22-kw-kablosuz","status":"publish","type":"product","link":"https:\/\/bakirci.com\/ekipman\/servis-ekipmanlari\/mekanik\/elektrikli-arac-sarj-istasyonlari\/terra-ac-wallbox-22-kw-kablosuz\/","title":{"rendered":"<p class=\"ustmetin\">AC \u015earj \u0130stasyonu<\/p><p class=\"ortametin\">ABB <span class=\"ortametin2\">(Born in SWITZERLAND)<\/span><p class=\"altmetin\">Terra AC Wallbox 22 kW (Kablosuz)<br>W\u0130F\u0130 ve Bluetooth \u00f6zellikli<\/p>"},"content":{"rendered":"<ul>\n<li>Terra AC Wallbox 22 kW (Kablosuz)<\/li>\n<li>Ka\u00e7ak ak\u0131m koruma emniyeti<\/li>\n<li>22 kW AC \u015farj ak\u0131m\u0131<\/li>\n<li>Tek faz 7,4 kW \/ 32 A&#8217; e kadar &#8211; 3 faz 22 kW \/ 32A&#8217;e kadar \u015farj ak\u0131m\u0131n\u0131n desteklenmesi<\/li>\n<li>T\u00fcm \u015febeke standartlar\u0131na uyumlu, CEE 32A prizlere uygunluk<\/li>\n<li>T\u00fcm versiyonlarda IP 54, IK10, W\u0130F\u0130 ve Bluetooth<\/li>\n<li>Ak\u0131ll\u0131 telefon uygulamas\u0131 ile kontrol edilebilir, programlanabilir, uzaktan g\u00fcncellenebilir<\/li>\n<li>W\u0130F\u0130 ve Bluetooth \u00f6zellikli, kablosuz cihazd\u0131r Kablo opsiyoneldir.<\/li>\n<li>Ak\u0131ll\u0131 ev sistemlerine, site y\u00f6netim sistemlerine entegre edilebilir<\/li>\n<li>Ticari kullan\u0131m i\u00e7in gerekli ba\u011flant\u0131 ve operasyonel yaz\u0131l\u0131m deste\u011fi ile \u015farj noktas\u0131 sahibinin y\u00f6netim ve denetim ihtiya\u00e7lar\u0131n\u0131n kar\u015f\u0131lanmas\u0131<\/li>\n<li>Bireysel uygulamalar i\u00e7in ak\u0131ll\u0131 telefon uygulamas\u0131 ile \u015farj istasyonu kontrol\u00fc ve programlanmas\u0131<\/li>\n<li>Duvara monte (Wallbox) veya ayakl\u0131 (Stand) ile kullan\u0131m i\u00e7in uyumlu<\/li>\n<\/ul>\n","protected":false},"excerpt":{"rendered":"<ul>\n<li>Terra AC Wallbox 22 kW (Kablosuz)<\/li>\n<li>Ka\u00e7ak ak\u0131m koruma emniyeti<\/li>\n<li>22 kW AC \u015farj ak\u0131m\u0131<\/li>\n<li>Tek faz 7,4 kW \/ 32 A&#8217; e kadar &#8211; 3 faz 22 kW \/ 32A&#8217;e kadar \u015farj ak\u0131m\u0131n\u0131n desteklenmesi<\/li>\n<li>T\u00fcm \u015febeke standartlar\u0131na uyumlu, CEE 32A prizlere uygunluk<\/li>\n<li>T\u00fcm versiyonlarda IP 54, IK10, W\u0130F\u0130 ve Bluetooth<\/li>\n<li>Ak\u0131ll\u0131 telefon uygulamas\u0131 ile kontrol edilebilir, programlanabilir, uzaktan g\u00fcncellenebilir<\/li>\n<li>W\u0130F\u0130 ve Bluetooth \u00f6zellikli, kablosuz cihazd\u0131r Kablo opsiyoneldir.<\/li>\n<li>Ak\u0131ll\u0131 ev sistemlerine, site y\u00f6netim sistemlerine entegre edilebilir<\/li>\n<li>Ticari kullan\u0131m i\u00e7in gerekli ba\u011flant\u0131 ve operasyonel yaz\u0131l\u0131m deste\u011fi ile \u015farj noktas\u0131 sahibinin y\u00f6netim ve denetim ihtiya\u00e7lar\u0131n\u0131n kar\u015f\u0131lanmas\u0131<\/li>\n<li>Bireysel uygulamalar i\u00e7in ak\u0131ll\u0131 telefon uygulamas\u0131 ile \u015farj istasyonu kontrol\u00fc ve programlanmas\u0131<\/li>\n<li>Duvara monte (Wallbox) veya ayakl\u0131 (Stand) ile kullan\u0131m i\u00e7in uyumlu<\/li>\n<\/ul>\n","protected":false},"featured_media":5608,"comment_status":"closed","ping_status":"closed","template":"","meta":[],"product_cat":[793],"product_tag":[795],"class_list":["post-5551","product","type-product","status-publish","has-post-thumbnail","hentry","pwb-brand-abb","product_cat-elektrikli-arac-sarj-istasyonlari","product_tag-abb"],"brands":[{"id":794,"name":"ABB","slug":"abb"}],"yoast_head":"<!-- This site is optimized with the Yoast SEO plugin v17.1 - https:\/\/yoast.com\/wordpress\/plugins\/seo\/ -->\n<title>AC \u015earj \u0130stasyonuABB (Born in SWITZERLAND)Terra AC Wallbox 22 kW (Kablosuz)W\u0130F\u0130 ve Bluetooth \u00f6zellikli - Bak\u0131rc\u0131 Garagineering<\/title>\n<meta name=\"robots\" content=\"index, follow, max-snippet:-1, max-image-preview:large, max-video-preview:-1\" \/>\n<link rel=\"canonical\" href=\"https:\/\/bakirci.com\/ekipman\/servis-ekipmanlari\/mekanik\/elektrikli-arac-sarj-istasyonlari\/terra-ac-wallbox-22-kw-kablosuz\/\" \/>\n<meta property=\"og:locale\" content=\"tr_TR\" \/>\n<meta property=\"og:type\" content=\"article\" \/>\n<meta property=\"og:title\" content=\"AC \u015earj \u0130stasyonuABB (Born in SWITZERLAND)Terra AC Wallbox 22 kW (Kablosuz)W\u0130F\u0130 ve Bluetooth \u00f6zellikli - Bak\u0131rc\u0131 Garagineering\" \/>\n<meta property=\"og:description\" content=\"Terra AC Wallbox 22 kW (Kablosuz)  Ka\u00e7ak ak\u0131m koruma emniyeti  22 kW AC \u015farj ak\u0131m\u0131  Tek faz 7,4 kW \/ 32 A&#039; e kadar - 3 faz 22 kW \/ 32A&#039;e kadar \u015farj ak\u0131m\u0131n\u0131n desteklenmesi  T\u00fcm \u015febeke standartlar\u0131na uyumlu, CEE 32A prizlere uygunluk  T\u00fcm versiyonlarda IP 54, IK10, W\u0130F\u0130 ve Bluetooth  Ak\u0131ll\u0131 telefon uygulamas\u0131 ile kontrol edilebilir, programlanabilir, uzaktan g\u00fcncellenebilir  W\u0130F\u0130 ve Bluetooth \u00f6zellikli, kablosuz cihazd\u0131r Kablo opsiyoneldir.  Ak\u0131ll\u0131 ev sistemlerine, site y\u00f6netim sistemlerine entegre edilebilir  Ticari kullan\u0131m i\u00e7in gerekli ba\u011flant\u0131 ve operasyonel yaz\u0131l\u0131m deste\u011fi ile \u015farj noktas\u0131 sahibinin y\u00f6netim ve denetim ihtiya\u00e7lar\u0131n\u0131n kar\u015f\u0131lanmas\u0131  Bireysel uygulamalar i\u00e7in ak\u0131ll\u0131 telefon uygulamas\u0131 ile \u015farj istasyonu kontrol\u00fc ve programlanmas\u0131  Duvara monte (Wallbox) veya ayakl\u0131 (Stand) ile kullan\u0131m i\u00e7in uyumlu\" \/>\n<meta property=\"og:url\" content=\"https:\/\/bakirci.com\/ekipman\/servis-ekipmanlari\/mekanik\/elektrikli-arac-sarj-istasyonlari\/terra-ac-wallbox-22-kw-kablosuz\/\" \/>\n<meta property=\"og:site_name\" content=\"Bak\u0131rc\u0131 Garagineering\" \/>\n<meta property=\"article:publisher\" content=\"https:\/\/www.facebook.com\/bakirci.garagineering\" \/>\n<meta property=\"article:modified_time\" content=\"2021-10-30T13:40:17+00:00\" \/>\n<meta property=\"og:image\" content=\"https:\/\/bakirci.com\/ekipman\/wp-content\/uploads\/2021\/01\/Terra-AC-Wallbox-22-kW-Kablosuz-1.jpg\" \/>\n\t<meta property=\"og:image:width\" content=\"1600\" \/>\n\t<meta property=\"og:image:height\" content=\"1600\" \/>\n<meta name=\"twitter:card\" content=\"summary_large_image\" \/>\n<meta name=\"twitter:label1\" content=\"Tahmini okuma s\u00fcresi\" \/>\n\t<meta name=\"twitter:data1\" content=\"1 dakika\" \/>\n<script type=\"application\/ld+json\" class=\"yoast-schema-graph\">{\"@context\":\"https:\/\/schema.org\",\"@graph\":[{\"@type\":\"Organization\",\"@id\":\"https:\/\/bakirci.com\/ekipman\/#organization\",\"name\":\"Bak\\u0131rc\\u0131 garagineering\",\"url\":\"https:\/\/bakirci.com\/ekipman\/\",\"sameAs\":[\"https:\/\/www.facebook.com\/bakirci.garagineering\",\"https:\/\/www.instagram.com\/bakirci.garagineering\/\",\"https:\/\/www.linkedin.com\/company\/bakirci-garagineering\/\",\"https:\/\/www.youtube.com\/channel\/UCiVG6s_jALJ6Zk8085XiOQg\"],\"logo\":{\"@type\":\"ImageObject\",\"@id\":\"https:\/\/bakirci.com\/ekipman\/#logo\",\"inLanguage\":\"tr\",\"url\":\"https:\/\/bakirci.com\/ekipman\/wp-content\/uploads\/2021\/09\/Bakirci-logo-lacivert.png\",\"contentUrl\":\"https:\/\/bakirci.com\/ekipman\/wp-content\/uploads\/2021\/09\/Bakirci-logo-lacivert.png\",\"width\":501,\"height\":501,\"caption\":\"Bak\\u0131rc\\u0131 garagineering\"},\"image\":{\"@id\":\"https:\/\/bakirci.com\/ekipman\/#logo\"}},{\"@type\":\"WebSite\",\"@id\":\"https:\/\/bakirci.com\/ekipman\/#website\",\"url\":\"https:\/\/bakirci.com\/ekipman\/\",\"name\":\"Bak\\u0131rc\\u0131 Garagineering\",\"description\":\"Otomotiv sekt\\u00f6r\\u00fcne \\u00f6zel, \\u201c\\u00dcretici Standard\\u0131nda\\u201d \\u00e7\\u00f6z\\u00fcmler\\u2026\",\"publisher\":{\"@id\":\"https:\/\/bakirci.com\/ekipman\/#organization\"},\"potentialAction\":[{\"@type\":\"SearchAction\",\"target\":{\"@type\":\"EntryPoint\",\"urlTemplate\":\"https:\/\/bakirci.com\/ekipman\/?s={search_term_string}\"},\"query-input\":\"required name=search_term_string\"}],\"inLanguage\":\"tr\"},{\"@type\":\"ImageObject\",\"@id\":\"https:\/\/bakirci.com\/ekipman\/servis-ekipmanlari\/mekanik\/elektrikli-arac-sarj-istasyonlari\/terra-ac-wallbox-22-kw-kablosuz\/#primaryimage\",\"inLanguage\":\"tr\",\"url\":\"https:\/\/bakirci.com\/ekipman\/wp-content\/uploads\/2021\/01\/Terra-AC-Wallbox-22-kW-Kablosuz-1.jpg\",\"contentUrl\":\"https:\/\/bakirci.com\/ekipman\/wp-content\/uploads\/2021\/01\/Terra-AC-Wallbox-22-kW-Kablosuz-1.jpg\",\"width\":1600,\"height\":1600},{\"@type\":\"WebPage\",\"@id\":\"https:\/\/bakirci.com\/ekipman\/servis-ekipmanlari\/mekanik\/elektrikli-arac-sarj-istasyonlari\/terra-ac-wallbox-22-kw-kablosuz\/#webpage\",\"url\":\"https:\/\/bakirci.com\/ekipman\/servis-ekipmanlari\/mekanik\/elektrikli-arac-sarj-istasyonlari\/terra-ac-wallbox-22-kw-kablosuz\/\",\"name\":\"AC \\u015earj \\u0130stasyonu ABB (Born in SWITZERLAND)Terra AC Wallbox 22 kW (Kablosuz) W\\u0130F\\u0130 ve Bluetooth \\u00f6zellikli - Bak\\u0131rc\\u0131 Garagineering\",\"isPartOf\":{\"@id\":\"https:\/\/bakirci.com\/ekipman\/#website\"},\"primaryImageOfPage\":{\"@id\":\"https:\/\/bakirci.com\/ekipman\/servis-ekipmanlari\/mekanik\/elektrikli-arac-sarj-istasyonlari\/terra-ac-wallbox-22-kw-kablosuz\/#primaryimage\"},\"datePublished\":\"2021-01-01T01:20:18+00:00\",\"dateModified\":\"2021-10-30T13:40:17+00:00\",\"breadcrumb\":{\"@id\":\"https:\/\/bakirci.com\/ekipman\/servis-ekipmanlari\/mekanik\/elektrikli-arac-sarj-istasyonlari\/terra-ac-wallbox-22-kw-kablosuz\/#breadcrumb\"},\"inLanguage\":\"tr\",\"potentialAction\":[{\"@type\":\"ReadAction\",\"target\":[\"https:\/\/bakirci.com\/ekipman\/servis-ekipmanlari\/mekanik\/elektrikli-arac-sarj-istasyonlari\/terra-ac-wallbox-22-kw-kablosuz\/\"]}]},{\"@type\":\"BreadcrumbList\",\"@id\":\"https:\/\/bakirci.com\/ekipman\/servis-ekipmanlari\/mekanik\/elektrikli-arac-sarj-istasyonlari\/terra-ac-wallbox-22-kw-kablosuz\/#breadcrumb\",\"itemListElement\":[{\"@type\":\"ListItem\",\"position\":1,\"name\":\"Ekipman\",\"item\":\"https:\/\/bakirci.com\/ekipman\/\"},{\"@type\":\"ListItem\",\"position\":2,\"name\":\"Otomotiv Tesisleri \\u0130\\u00e7in Servis Ekipmanlar\\u0131\",\"item\":\"https:\/\/bakirci.com\/ekipman\/\"},{\"@type\":\"ListItem\",\"position\":3,\"name\":\"AC \\u015earj \\u0130stasyonuABB (Born in SWITZERLAND)Terra AC Wallbox 22 kW (Kablosuz)W\\u0130F\\u0130 ve Bluetooth \\u00f6zellikli\"}]}]}<\/script>\n<!-- \/ Yoast SEO plugin. -->","yoast_head_json":{"title":"AC \u015earj \u0130stasyonuABB (Born in SWITZERLAND)Terra AC Wallbox 22 kW (Kablosuz)W\u0130F\u0130 ve Bluetooth \u00f6zellikli - Bak\u0131rc\u0131 Garagineering","robots":{"index":"index","follow":"follow","max-snippet":"max-snippet:-1","max-image-preview":"max-image-preview:large","max-video-preview":"max-video-preview:-1"},"canonical":"https:\/\/bakirci.com\/ekipman\/servis-ekipmanlari\/mekanik\/elektrikli-arac-sarj-istasyonlari\/terra-ac-wallbox-22-kw-kablosuz\/","og_locale":"tr_TR","og_type":"article","og_title":"AC \u015earj \u0130stasyonuABB (Born in SWITZERLAND)Terra AC Wallbox 22 kW (Kablosuz)W\u0130F\u0130 ve Bluetooth \u00f6zellikli - Bak\u0131rc\u0131 Garagineering","og_description":"Terra AC Wallbox 22 kW (Kablosuz)  Ka\u00e7ak ak\u0131m koruma emniyeti  22 kW AC \u015farj ak\u0131m\u0131  Tek faz 7,4 kW \/ 32 A' e kadar - 3 faz 22 kW \/ 32A'e kadar \u015farj ak\u0131m\u0131n\u0131n desteklenmesi  T\u00fcm \u015febeke standartlar\u0131na uyumlu, CEE 32A prizlere uygunluk  T\u00fcm versiyonlarda IP 54, IK10, W\u0130F\u0130 ve Bluetooth  Ak\u0131ll\u0131 telefon uygulamas\u0131 ile kontrol edilebilir, programlanabilir, uzaktan g\u00fcncellenebilir  W\u0130F\u0130 ve Bluetooth \u00f6zellikli, kablosuz cihazd\u0131r Kablo opsiyoneldir.  Ak\u0131ll\u0131 ev sistemlerine, site y\u00f6netim sistemlerine entegre edilebilir  Ticari kullan\u0131m i\u00e7in gerekli ba\u011flant\u0131 ve operasyonel yaz\u0131l\u0131m deste\u011fi ile \u015farj noktas\u0131 sahibinin y\u00f6netim ve denetim ihtiya\u00e7lar\u0131n\u0131n kar\u015f\u0131lanmas\u0131  Bireysel uygulamalar i\u00e7in ak\u0131ll\u0131 telefon uygulamas\u0131 ile \u015farj istasyonu kontrol\u00fc ve programlanmas\u0131  Duvara monte (Wallbox) veya ayakl\u0131 (Stand) ile kullan\u0131m i\u00e7in uyumlu","og_url":"https:\/\/bakirci.com\/ekipman\/servis-ekipmanlari\/mekanik\/elektrikli-arac-sarj-istasyonlari\/terra-ac-wallbox-22-kw-kablosuz\/","og_site_name":"Bak\u0131rc\u0131 Garagineering","article_publisher":"https:\/\/www.facebook.com\/bakirci.garagineering","article_modified_time":"2021-10-30T13:40:17+00:00","og_image":[{"width":1600,"height":1600,"url":"https:\/\/bakirci.com\/ekipman\/wp-content\/uploads\/2021\/01\/Terra-AC-Wallbox-22-kW-Kablosuz-1.jpg","path":"\/home\/bakirciwebsitesi\/public_html\/ekipman\/wp-content\/uploads\/2021\/01\/Terra-AC-Wallbox-22-kW-Kablosuz-1.jpg","size":"full","id":5608,"alt":"","pixels":2560000,"type":"image\/jpeg"}],"twitter_card":"summary_large_image","twitter_misc":{"Tahmini okuma s\u00fcresi":"1 dakika"},"schema":{"@context":"https:\/\/schema.org","@graph":[{"@type":"Organization","@id":"https:\/\/bakirci.com\/ekipman\/#organization","name":"Bak\u0131rc\u0131 garagineering","url":"https:\/\/bakirci.com\/ekipman\/","sameAs":["https:\/\/www.facebook.com\/bakirci.garagineering","https:\/\/www.instagram.com\/bakirci.garagineering\/","https:\/\/www.linkedin.com\/company\/bakirci-garagineering\/","https:\/\/www.youtube.com\/channel\/UCiVG6s_jALJ6Zk8085XiOQg"],"logo":{"@type":"ImageObject","@id":"https:\/\/bakirci.com\/ekipman\/#logo","inLanguage":"tr","url":"https:\/\/bakirci.com\/ekipman\/wp-content\/uploads\/2021\/09\/Bakirci-logo-lacivert.png","contentUrl":"https:\/\/bakirci.com\/ekipman\/wp-content\/uploads\/2021\/09\/Bakirci-logo-lacivert.png","width":501,"height":501,"caption":"Bak\u0131rc\u0131 garagineering"},"image":{"@id":"https:\/\/bakirci.com\/ekipman\/#logo"}},{"@type":"WebSite","@id":"https:\/\/bakirci.com\/ekipman\/#website","url":"https:\/\/bakirci.com\/ekipman\/","name":"Bak\u0131rc\u0131 Garagineering","description":"Otomotiv sekt\u00f6r\u00fcne \u00f6zel, \u201c\u00dcretici Standard\u0131nda\u201d \u00e7\u00f6z\u00fcmler\u2026","publisher":{"@id":"https:\/\/bakirci.com\/ekipman\/#organization"},"potentialAction":[{"@type":"SearchAction","target":{"@type":"EntryPoint","urlTemplate":"https:\/\/bakirci.com\/ekipman\/?s={search_term_string}"},"query-input":"required name=search_term_string"}],"inLanguage":"tr"},{"@type":"ImageObject","@id":"https:\/\/bakirci.com\/ekipman\/servis-ekipmanlari\/mekanik\/elektrikli-arac-sarj-istasyonlari\/terra-ac-wallbox-22-kw-kablosuz\/#primaryimage","inLanguage":"tr","url":"https:\/\/bakirci.com\/ekipman\/wp-content\/uploads\/2021\/01\/Terra-AC-Wallbox-22-kW-Kablosuz-1.jpg","contentUrl":"https:\/\/bakirci.com\/ekipman\/wp-content\/uploads\/2021\/01\/Terra-AC-Wallbox-22-kW-Kablosuz-1.jpg","width":1600,"height":1600},{"@type":"WebPage","@id":"https:\/\/bakirci.com\/ekipman\/servis-ekipmanlari\/mekanik\/elektrikli-arac-sarj-istasyonlari\/terra-ac-wallbox-22-kw-kablosuz\/#webpage","url":"https:\/\/bakirci.com\/ekipman\/servis-ekipmanlari\/mekanik\/elektrikli-arac-sarj-istasyonlari\/terra-ac-wallbox-22-kw-kablosuz\/","name":"AC \u015earj \u0130stasyonu ABB (Born in SWITZERLAND)Terra AC Wallbox 22 kW (Kablosuz) W\u0130F\u0130 ve Bluetooth \u00f6zellikli - Bak\u0131rc\u0131 Garagineering","isPartOf":{"@id":"https:\/\/bakirci.com\/ekipman\/#website"},"primaryImageOfPage":{"@id":"https:\/\/bakirci.com\/ekipman\/servis-ekipmanlari\/mekanik\/elektrikli-arac-sarj-istasyonlari\/terra-ac-wallbox-22-kw-kablosuz\/#primaryimage"},"datePublished":"2021-01-01T01:20:18+00:00","dateModified":"2021-10-30T13:40:17+00:00","breadcrumb":{"@id":"https:\/\/bakirci.com\/ekipman\/servis-ekipmanlari\/mekanik\/elektrikli-arac-sarj-istasyonlari\/terra-ac-wallbox-22-kw-kablosuz\/#breadcrumb"},"inLanguage":"tr","potentialAction":[{"@type":"ReadAction","target":["https:\/\/bakirci.com\/ekipman\/servis-ekipmanlari\/mekanik\/elektrikli-arac-sarj-istasyonlari\/terra-ac-wallbox-22-kw-kablosuz\/"]}]},{"@type":"BreadcrumbList","@id":"https:\/\/bakirci.com\/ekipman\/servis-ekipmanlari\/mekanik\/elektrikli-arac-sarj-istasyonlari\/terra-ac-wallbox-22-kw-kablosuz\/#breadcrumb","itemListElement":[{"@type":"ListItem","position":1,"name":"Ekipman","item":"https:\/\/bakirci.com\/ekipman\/"},{"@type":"ListItem","position":2,"name":"Otomotiv Tesisleri \u0130\u00e7in Servis Ekipmanlar\u0131","item":"https:\/\/bakirci.com\/ekipman\/"},{"@type":"ListItem","position":3,"name":"AC \u015earj \u0130stasyonuABB (Born in SWITZERLAND)Terra AC Wallbox 22 kW (Kablosuz)W\u0130F\u0130 ve Bluetooth \u00f6zellikli"}]}]}},"_links":{"self":[{"href":"https:\/\/bakirci.com\/ekipman\/wp-json\/wp\/v2\/product\/5551","targetHints":{"allow":["GET"]}}],"collection":[{"href":"https:\/\/bakirci.com\/ekipman\/wp-json\/wp\/v2\/product"}],"about":[{"href":"https:\/\/bakirci.com\/ekipman\/wp-json\/wp\/v2\/types\/product"}],"replies":[{"embeddable":true,"href":"https:\/\/bakirci.com\/ekipman\/wp-json\/wp\/v2\/comments?post=5551"}],"wp:featuredmedia":[{"embeddable":true,"href":"https:\/\/bakirci.com\/ekipman\/wp-json\/wp\/v2\/media\/5608"}],"wp:attachment":[{"href":"https:\/\/bakirci.com\/ekipman\/wp-json\/wp\/v2\/media?parent=5551"}],"wp:term":[{"taxonomy":"product_cat","embeddable":true,"href":"https:\/\/bakirci.com\/ekipman\/wp-json\/wp\/v2\/product_cat?post=5551"},{"taxonomy":"product_tag","embeddable":true,"href":"https:\/\/bakirci.com\/ekipman\/wp-json\/wp\/v2\/product_tag?post=5551"}],"curies":[{"name":"wp","href":"https:\/\/api.w.org\/{rel}","templated":true}]}}