{"id":5539,"date":"2021-01-02T18:19:29","date_gmt":"2021-01-02T18:19:29","guid":{"rendered":"https:\/\/bakirci.com\/ekipman\/?post_type=product&#038;p=5539"},"modified":"2022-03-01T11:21:16","modified_gmt":"2022-03-01T11:21:16","slug":"gece-gorus-asistani-kalibrasyon-hedefiromess-born-in-germany09840-10daimler-ag-onayli-kopya","status":"publish","type":"product","link":"https:\/\/bakirci.com\/ekipman\/servis-ekipmanlari\/mekanik\/adas-kalibrasyon-sistemleri\/gece-gorus-asistani-kalibrasyon-hedefiromess-born-in-germany09840-10daimler-ag-onayli-kopya\/","title":{"rendered":"<p class=\"ustmetin\">Gece G\u00f6r\u00fc\u015f Asistan\u0131 Kalibrasyon Hedefi<\/p><p class=\"ortametin\">ROMESS <span class=\"ortametin2\">(Born in GERMANY)<\/span><\/p><p class=\"altmetin\">09840-10<br>Daimler AG onayl\u0131<\/p>"},"content":{"rendered":"<ul>\n<li>Gece G\u00f6r\u00fc\u015f Asistan\u0131 Kalibrasyon Hedefi<\/li>\n<li>Daimler AG taraf\u0131ndan onayl\u0131<\/li>\n<li>Far ayar cihaz\u0131 ile birlikte kullan\u0131l\u0131r<\/li>\n<li>(MB par\u00e7a kodu: W000 588 00 23 00)<\/li>\n<\/ul>\n","protected":false},"excerpt":{"rendered":"<ul>\n<li>Gece G\u00f6r\u00fc\u015f Asistan\u0131 Kalibrasyon Hedefi<\/li>\n<li>Daimler AG taraf\u0131ndan onayl\u0131<\/li>\n<li>Far ayar cihaz\u0131 ile birlikte kullan\u0131l\u0131r<\/li>\n<li>(MB par\u00e7a kodu: W000 588 00 23 00)<\/li>\n<\/ul>\n","protected":false},"featured_media":5538,"comment_status":"closed","ping_status":"closed","template":"","meta":[],"product_cat":[141],"product_tag":[419,442,443,444,426,418,408,438,440,414,69,441,434,433,432,431,430,429,428,427,424,435,413,420,422,421,409,407,406,425,423,792,417,411,415,412,436,437,439,416],"class_list":["post-5539","product","type-product","status-publish","has-post-thumbnail","hentry","pwb-brand-romess","product_cat-adas-kalibrasyon-sistemleri","product_tag-4-kamerali-windows-rot-ayar-cihazlari","product_tag-achsvermessung","product_tag-achsvermessung-in-kombination","product_tag-adas-kalibrierung","product_tag-agir-vasita-on-duzen-cihazi","product_tag-aks-olcum","product_tag-aks-olcum-cihazi","product_tag-alignment-system","product_tag-collision-wheel-alignment","product_tag-ekonomik-rot-ayar-cihazlari","product_tag-haweka","product_tag-hd-wheel-alignment","product_tag-hoffman-on-duzen","product_tag-hoffman-rot-ayar","product_tag-hofmann-on-duzen","product_tag-hofmann-onduzen","product_tag-john-bean-on-duzen","product_tag-john-bean-rot-ayar","product_tag-johnbean-on-duzen","product_tag-johnbean-rot-ayar","product_tag-kamerali-kablosuz-kamyon-on-duzen-cihazi","product_tag-kamerali-rot-ayar-cihazlari","product_tag-kelepcesiz-ve-hedefsiz-onduzen-cihazi","product_tag-lastik-rot-balans","product_tag-lastik-servis-ekipmanlari","product_tag-lastik-servisi","product_tag-on-duzen-cihazi","product_tag-onduzen-makinalari","product_tag-onduzen-makineleri","product_tag-otobus-on-duzen-ayar-cihazi","product_tag-otomobil-on-duzen-cihazi","product_tag-romess","product_tag-rot-ayar","product_tag-rot-ayar-cihazi","product_tag-rot-ayar-cihazlari","product_tag-rotayar","product_tag-standard-alignment-machines","product_tag-wheel-alignment","product_tag-wheel-alignment-machine","product_tag-yeni-kelepce-ve-hedef-sistemi"],"brands":[{"id":791,"name":"ROMESS","slug":"romess"}],"yoast_head":"<!-- This site is optimized with the Yoast SEO plugin v17.1 - https:\/\/yoast.com\/wordpress\/plugins\/seo\/ -->\n<title>Gece G\u00f6r\u00fc\u015f Asistan\u0131 Kalibrasyon HedefiROMESS (Born in GERMANY)09840-10Daimler AG onayl\u0131 - Bak\u0131rc\u0131 Garagineering<\/title>\n<meta name=\"robots\" content=\"index, follow, max-snippet:-1, max-image-preview:large, max-video-preview:-1\" \/>\n<link rel=\"canonical\" href=\"https:\/\/bakirci.com\/ekipman\/servis-ekipmanlari\/mekanik\/adas-kalibrasyon-sistemleri\/gece-gorus-asistani-kalibrasyon-hedefiromess-born-in-germany09840-10daimler-ag-onayli-kopya\/\" \/>\n<meta property=\"og:locale\" content=\"tr_TR\" \/>\n<meta property=\"og:type\" content=\"article\" \/>\n<meta property=\"og:title\" content=\"Gece G\u00f6r\u00fc\u015f Asistan\u0131 Kalibrasyon HedefiROMESS (Born in GERMANY)09840-10Daimler AG onayl\u0131 - Bak\u0131rc\u0131 Garagineering\" \/>\n<meta property=\"og:description\" content=\"Gece G\u00f6r\u00fc\u015f Asistan\u0131 Kalibrasyon Hedefi  Daimler AG taraf\u0131ndan onayl\u0131  Far ayar cihaz\u0131 ile birlikte kullan\u0131l\u0131r  (MB par\u00e7a kodu: W000 588 00 23 00)\" \/>\n<meta property=\"og:url\" content=\"https:\/\/bakirci.com\/ekipman\/servis-ekipmanlari\/mekanik\/adas-kalibrasyon-sistemleri\/gece-gorus-asistani-kalibrasyon-hedefiromess-born-in-germany09840-10daimler-ag-onayli-kopya\/\" \/>\n<meta property=\"og:site_name\" content=\"Bak\u0131rc\u0131 Garagineering\" \/>\n<meta property=\"article:publisher\" content=\"https:\/\/www.facebook.com\/bakirci.garagineering\" \/>\n<meta property=\"article:modified_time\" content=\"2022-03-01T11:21:16+00:00\" \/>\n<meta property=\"og:image\" content=\"https:\/\/bakirci.com\/ekipman\/wp-content\/uploads\/2021\/08\/Gece-Gorus-Asistani-Kalibrasyon-Hedefi.jpg\" \/>\n\t<meta property=\"og:image:width\" content=\"1600\" \/>\n\t<meta property=\"og:image:height\" content=\"1600\" \/>\n<meta name=\"twitter:card\" content=\"summary_large_image\" \/>\n<meta name=\"twitter:label1\" content=\"Tahmini okuma s\u00fcresi\" \/>\n\t<meta name=\"twitter:data1\" content=\"1 dakika\" \/>\n<script type=\"application\/ld+json\" class=\"yoast-schema-graph\">{\"@context\":\"https:\/\/schema.org\",\"@graph\":[{\"@type\":\"Organization\",\"@id\":\"https:\/\/bakirci.com\/ekipman\/#organization\",\"name\":\"Bak\\u0131rc\\u0131 garagineering\",\"url\":\"https:\/\/bakirci.com\/ekipman\/\",\"sameAs\":[\"https:\/\/www.facebook.com\/bakirci.garagineering\",\"https:\/\/www.instagram.com\/bakirci.garagineering\/\",\"https:\/\/www.linkedin.com\/company\/bakirci-garagineering\/\",\"https:\/\/www.youtube.com\/channel\/UCiVG6s_jALJ6Zk8085XiOQg\"],\"logo\":{\"@type\":\"ImageObject\",\"@id\":\"https:\/\/bakirci.com\/ekipman\/#logo\",\"inLanguage\":\"tr\",\"url\":\"https:\/\/bakirci.com\/ekipman\/wp-content\/uploads\/2021\/09\/Bakirci-logo-lacivert.png\",\"contentUrl\":\"https:\/\/bakirci.com\/ekipman\/wp-content\/uploads\/2021\/09\/Bakirci-logo-lacivert.png\",\"width\":501,\"height\":501,\"caption\":\"Bak\\u0131rc\\u0131 garagineering\"},\"image\":{\"@id\":\"https:\/\/bakirci.com\/ekipman\/#logo\"}},{\"@type\":\"WebSite\",\"@id\":\"https:\/\/bakirci.com\/ekipman\/#website\",\"url\":\"https:\/\/bakirci.com\/ekipman\/\",\"name\":\"Bak\\u0131rc\\u0131 Garagineering\",\"description\":\"Otomotiv sekt\\u00f6r\\u00fcne \\u00f6zel, \\u201c\\u00dcretici Standard\\u0131nda\\u201d \\u00e7\\u00f6z\\u00fcmler\\u2026\",\"publisher\":{\"@id\":\"https:\/\/bakirci.com\/ekipman\/#organization\"},\"potentialAction\":[{\"@type\":\"SearchAction\",\"target\":{\"@type\":\"EntryPoint\",\"urlTemplate\":\"https:\/\/bakirci.com\/ekipman\/?s={search_term_string}\"},\"query-input\":\"required name=search_term_string\"}],\"inLanguage\":\"tr\"},{\"@type\":\"ImageObject\",\"@id\":\"https:\/\/bakirci.com\/ekipman\/servis-ekipmanlari\/mekanik\/adas-kalibrasyon-sistemleri\/gece-gorus-asistani-kalibrasyon-hedefiromess-born-in-germany09840-10daimler-ag-onayli-kopya\/#primaryimage\",\"inLanguage\":\"tr\",\"url\":\"https:\/\/bakirci.com\/ekipman\/wp-content\/uploads\/2021\/08\/Gece-Gorus-Asistani-Kalibrasyon-Hedefi.jpg\",\"contentUrl\":\"https:\/\/bakirci.com\/ekipman\/wp-content\/uploads\/2021\/08\/Gece-Gorus-Asistani-Kalibrasyon-Hedefi.jpg\",\"width\":1600,\"height\":1600},{\"@type\":\"WebPage\",\"@id\":\"https:\/\/bakirci.com\/ekipman\/servis-ekipmanlari\/mekanik\/adas-kalibrasyon-sistemleri\/gece-gorus-asistani-kalibrasyon-hedefiromess-born-in-germany09840-10daimler-ag-onayli-kopya\/#webpage\",\"url\":\"https:\/\/bakirci.com\/ekipman\/servis-ekipmanlari\/mekanik\/adas-kalibrasyon-sistemleri\/gece-gorus-asistani-kalibrasyon-hedefiromess-born-in-germany09840-10daimler-ag-onayli-kopya\/\",\"name\":\"Gece G\\u00f6r\\u00fc\\u015f Asistan\\u0131 Kalibrasyon Hedefi ROMESS (Born in GERMANY) 09840-10 Daimler AG onayl\\u0131 - Bak\\u0131rc\\u0131 Garagineering\",\"isPartOf\":{\"@id\":\"https:\/\/bakirci.com\/ekipman\/#website\"},\"primaryImageOfPage\":{\"@id\":\"https:\/\/bakirci.com\/ekipman\/servis-ekipmanlari\/mekanik\/adas-kalibrasyon-sistemleri\/gece-gorus-asistani-kalibrasyon-hedefiromess-born-in-germany09840-10daimler-ag-onayli-kopya\/#primaryimage\"},\"datePublished\":\"2021-01-02T18:19:29+00:00\",\"dateModified\":\"2022-03-01T11:21:16+00:00\",\"breadcrumb\":{\"@id\":\"https:\/\/bakirci.com\/ekipman\/servis-ekipmanlari\/mekanik\/adas-kalibrasyon-sistemleri\/gece-gorus-asistani-kalibrasyon-hedefiromess-born-in-germany09840-10daimler-ag-onayli-kopya\/#breadcrumb\"},\"inLanguage\":\"tr\",\"potentialAction\":[{\"@type\":\"ReadAction\",\"target\":[\"https:\/\/bakirci.com\/ekipman\/servis-ekipmanlari\/mekanik\/adas-kalibrasyon-sistemleri\/gece-gorus-asistani-kalibrasyon-hedefiromess-born-in-germany09840-10daimler-ag-onayli-kopya\/\"]}]},{\"@type\":\"BreadcrumbList\",\"@id\":\"https:\/\/bakirci.com\/ekipman\/servis-ekipmanlari\/mekanik\/adas-kalibrasyon-sistemleri\/gece-gorus-asistani-kalibrasyon-hedefiromess-born-in-germany09840-10daimler-ag-onayli-kopya\/#breadcrumb\",\"itemListElement\":[{\"@type\":\"ListItem\",\"position\":1,\"name\":\"Ekipman\",\"item\":\"https:\/\/bakirci.com\/ekipman\/\"},{\"@type\":\"ListItem\",\"position\":2,\"name\":\"Otomotiv Tesisleri \\u0130\\u00e7in Servis Ekipmanlar\\u0131\",\"item\":\"https:\/\/bakirci.com\/ekipman\/\"},{\"@type\":\"ListItem\",\"position\":3,\"name\":\"Gece G\\u00f6r\\u00fc\\u015f Asistan\\u0131 Kalibrasyon HedefiROMESS (Born in GERMANY)09840-10Daimler AG onayl\\u0131\"}]}]}<\/script>\n<!-- \/ Yoast SEO plugin. -->","yoast_head_json":{"title":"Gece G\u00f6r\u00fc\u015f Asistan\u0131 Kalibrasyon HedefiROMESS (Born in GERMANY)09840-10Daimler AG onayl\u0131 - Bak\u0131rc\u0131 Garagineering","robots":{"index":"index","follow":"follow","max-snippet":"max-snippet:-1","max-image-preview":"max-image-preview:large","max-video-preview":"max-video-preview:-1"},"canonical":"https:\/\/bakirci.com\/ekipman\/servis-ekipmanlari\/mekanik\/adas-kalibrasyon-sistemleri\/gece-gorus-asistani-kalibrasyon-hedefiromess-born-in-germany09840-10daimler-ag-onayli-kopya\/","og_locale":"tr_TR","og_type":"article","og_title":"Gece G\u00f6r\u00fc\u015f Asistan\u0131 Kalibrasyon HedefiROMESS (Born in GERMANY)09840-10Daimler AG onayl\u0131 - Bak\u0131rc\u0131 Garagineering","og_description":"Gece G\u00f6r\u00fc\u015f Asistan\u0131 Kalibrasyon Hedefi  Daimler AG taraf\u0131ndan onayl\u0131  Far ayar cihaz\u0131 ile birlikte kullan\u0131l\u0131r  (MB par\u00e7a kodu: W000 588 00 23 00)","og_url":"https:\/\/bakirci.com\/ekipman\/servis-ekipmanlari\/mekanik\/adas-kalibrasyon-sistemleri\/gece-gorus-asistani-kalibrasyon-hedefiromess-born-in-germany09840-10daimler-ag-onayli-kopya\/","og_site_name":"Bak\u0131rc\u0131 Garagineering","article_publisher":"https:\/\/www.facebook.com\/bakirci.garagineering","article_modified_time":"2022-03-01T11:21:16+00:00","og_image":[{"width":1600,"height":1600,"url":"https:\/\/bakirci.com\/ekipman\/wp-content\/uploads\/2021\/08\/Gece-Gorus-Asistani-Kalibrasyon-Hedefi.jpg","path":"\/home\/bakirciwebsitesi\/public_html\/ekipman\/wp-content\/uploads\/2021\/08\/Gece-Gorus-Asistani-Kalibrasyon-Hedefi.jpg","size":"full","id":5538,"alt":"","pixels":2560000,"type":"image\/jpeg"}],"twitter_card":"summary_large_image","twitter_misc":{"Tahmini okuma s\u00fcresi":"1 dakika"},"schema":{"@context":"https:\/\/schema.org","@graph":[{"@type":"Organization","@id":"https:\/\/bakirci.com\/ekipman\/#organization","name":"Bak\u0131rc\u0131 garagineering","url":"https:\/\/bakirci.com\/ekipman\/","sameAs":["https:\/\/www.facebook.com\/bakirci.garagineering","https:\/\/www.instagram.com\/bakirci.garagineering\/","https:\/\/www.linkedin.com\/company\/bakirci-garagineering\/","https:\/\/www.youtube.com\/channel\/UCiVG6s_jALJ6Zk8085XiOQg"],"logo":{"@type":"ImageObject","@id":"https:\/\/bakirci.com\/ekipman\/#logo","inLanguage":"tr","url":"https:\/\/bakirci.com\/ekipman\/wp-content\/uploads\/2021\/09\/Bakirci-logo-lacivert.png","contentUrl":"https:\/\/bakirci.com\/ekipman\/wp-content\/uploads\/2021\/09\/Bakirci-logo-lacivert.png","width":501,"height":501,"caption":"Bak\u0131rc\u0131 garagineering"},"image":{"@id":"https:\/\/bakirci.com\/ekipman\/#logo"}},{"@type":"WebSite","@id":"https:\/\/bakirci.com\/ekipman\/#website","url":"https:\/\/bakirci.com\/ekipman\/","name":"Bak\u0131rc\u0131 Garagineering","description":"Otomotiv sekt\u00f6r\u00fcne \u00f6zel, \u201c\u00dcretici Standard\u0131nda\u201d \u00e7\u00f6z\u00fcmler\u2026","publisher":{"@id":"https:\/\/bakirci.com\/ekipman\/#organization"},"potentialAction":[{"@type":"SearchAction","target":{"@type":"EntryPoint","urlTemplate":"https:\/\/bakirci.com\/ekipman\/?s={search_term_string}"},"query-input":"required name=search_term_string"}],"inLanguage":"tr"},{"@type":"ImageObject","@id":"https:\/\/bakirci.com\/ekipman\/servis-ekipmanlari\/mekanik\/adas-kalibrasyon-sistemleri\/gece-gorus-asistani-kalibrasyon-hedefiromess-born-in-germany09840-10daimler-ag-onayli-kopya\/#primaryimage","inLanguage":"tr","url":"https:\/\/bakirci.com\/ekipman\/wp-content\/uploads\/2021\/08\/Gece-Gorus-Asistani-Kalibrasyon-Hedefi.jpg","contentUrl":"https:\/\/bakirci.com\/ekipman\/wp-content\/uploads\/2021\/08\/Gece-Gorus-Asistani-Kalibrasyon-Hedefi.jpg","width":1600,"height":1600},{"@type":"WebPage","@id":"https:\/\/bakirci.com\/ekipman\/servis-ekipmanlari\/mekanik\/adas-kalibrasyon-sistemleri\/gece-gorus-asistani-kalibrasyon-hedefiromess-born-in-germany09840-10daimler-ag-onayli-kopya\/#webpage","url":"https:\/\/bakirci.com\/ekipman\/servis-ekipmanlari\/mekanik\/adas-kalibrasyon-sistemleri\/gece-gorus-asistani-kalibrasyon-hedefiromess-born-in-germany09840-10daimler-ag-onayli-kopya\/","name":"Gece G\u00f6r\u00fc\u015f Asistan\u0131 Kalibrasyon Hedefi ROMESS (Born in GERMANY) 09840-10 Daimler AG onayl\u0131 - Bak\u0131rc\u0131 Garagineering","isPartOf":{"@id":"https:\/\/bakirci.com\/ekipman\/#website"},"primaryImageOfPage":{"@id":"https:\/\/bakirci.com\/ekipman\/servis-ekipmanlari\/mekanik\/adas-kalibrasyon-sistemleri\/gece-gorus-asistani-kalibrasyon-hedefiromess-born-in-germany09840-10daimler-ag-onayli-kopya\/#primaryimage"},"datePublished":"2021-01-02T18:19:29+00:00","dateModified":"2022-03-01T11:21:16+00:00","breadcrumb":{"@id":"https:\/\/bakirci.com\/ekipman\/servis-ekipmanlari\/mekanik\/adas-kalibrasyon-sistemleri\/gece-gorus-asistani-kalibrasyon-hedefiromess-born-in-germany09840-10daimler-ag-onayli-kopya\/#breadcrumb"},"inLanguage":"tr","potentialAction":[{"@type":"ReadAction","target":["https:\/\/bakirci.com\/ekipman\/servis-ekipmanlari\/mekanik\/adas-kalibrasyon-sistemleri\/gece-gorus-asistani-kalibrasyon-hedefiromess-born-in-germany09840-10daimler-ag-onayli-kopya\/"]}]},{"@type":"BreadcrumbList","@id":"https:\/\/bakirci.com\/ekipman\/servis-ekipmanlari\/mekanik\/adas-kalibrasyon-sistemleri\/gece-gorus-asistani-kalibrasyon-hedefiromess-born-in-germany09840-10daimler-ag-onayli-kopya\/#breadcrumb","itemListElement":[{"@type":"ListItem","position":1,"name":"Ekipman","item":"https:\/\/bakirci.com\/ekipman\/"},{"@type":"ListItem","position":2,"name":"Otomotiv Tesisleri \u0130\u00e7in Servis Ekipmanlar\u0131","item":"https:\/\/bakirci.com\/ekipman\/"},{"@type":"ListItem","position":3,"name":"Gece G\u00f6r\u00fc\u015f Asistan\u0131 Kalibrasyon HedefiROMESS (Born in GERMANY)09840-10Daimler AG onayl\u0131"}]}]}},"_links":{"self":[{"href":"https:\/\/bakirci.com\/ekipman\/wp-json\/wp\/v2\/product\/5539","targetHints":{"allow":["GET"]}}],"collection":[{"href":"https:\/\/bakirci.com\/ekipman\/wp-json\/wp\/v2\/product"}],"about":[{"href":"https:\/\/bakirci.com\/ekipman\/wp-json\/wp\/v2\/types\/product"}],"replies":[{"embeddable":true,"href":"https:\/\/bakirci.com\/ekipman\/wp-json\/wp\/v2\/comments?post=5539"}],"wp:featuredmedia":[{"embeddable":true,"href":"https:\/\/bakirci.com\/ekipman\/wp-json\/wp\/v2\/media\/5538"}],"wp:attachment":[{"href":"https:\/\/bakirci.com\/ekipman\/wp-json\/wp\/v2\/media?parent=5539"}],"wp:term":[{"taxonomy":"product_cat","embeddable":true,"href":"https:\/\/bakirci.com\/ekipman\/wp-json\/wp\/v2\/product_cat?post=5539"},{"taxonomy":"product_tag","embeddable":true,"href":"https:\/\/bakirci.com\/ekipman\/wp-json\/wp\/v2\/product_tag?post=5539"}],"curies":[{"name":"wp","href":"https:\/\/api.w.org\/{rel}","templated":true}]}}