{"id":4910,"date":"2021-01-01T09:45:00","date_gmt":"2021-01-01T09:45:00","guid":{"rendered":"https:\/\/j6l.65c.myftpupload.com\/?post_type=product&#038;p=4910"},"modified":"2021-10-30T14:04:13","modified_gmt":"2021-10-30T14:04:13","slug":"bilgisayar-destekli-yaglama-sistemi","status":"publish","type":"product","link":"https:\/\/bakirci.com\/ekipman\/servis-ekipmanlari\/genel\/yag-hava-su-sistemleri\/bilgisayarli-yaglama-sistemi\/bilgisayar-destekli-yaglama-sistemi\/","title":{"rendered":"<p class=\"ustmetin\">Bilgisayar Destekli Ya\u011flama Sistemi <\/p><p class=\"ortametin\">SAMOA <span class=\"ortametin2\">(Born in SPAIN)<\/span><p class=\"altmetin\"><\/p>"},"content":{"rendered":"<ul>\n<li>Bilgisayar Destekli Ya\u011flama Sistemi<\/li>\n<li>Ya\u011f sipari\u015finden stok kontrol\u00fcne, i\u015f emrinden da\u011f\u0131t\u0131lan ya\u011f miktar\u0131na kadar t\u00fcm s\u00fcrecin kontrol\u00fc ve verimlilik art\u0131\u015f\u0131<\/li>\n<li>\u0130\u015f emri, teknisyen, tarih, saat ve teslim edilen hacim gibi da\u011f\u0131t\u0131m bilgilerini izlemenize yard\u0131mc\u0131 olan \u00e7e\u015fitli rapor ekranlar\u0131<\/li>\n<li>Teknisyen kontrol\u00fc ve e\u015f zamanl\u0131 ya\u011f da\u011f\u0131t\u0131m\u0131<\/li>\n<li>Standart servislerdeki %10&#8217;a kadar varan ya\u011f kayb\u0131n\u0131n \u00f6nlenmesi ve servis karl\u0131l\u0131\u011f\u0131ndaki art\u0131\u015f<\/li>\n<li>\u00d6nceden tan\u0131mlanm\u0131\u015f kritik temiz ya\u011f stok seviyeleri i\u00e7in otomatik uyar\u0131lar ve e-posta bildirimleri<\/li>\n<li>At\u0131k ya\u011f, tank ta\u015fma uyar\u0131 sistemi sayesinde \u00e7al\u0131\u015fma g\u00fcvenli\u011fi<\/li>\n<\/ul>\n","protected":false},"excerpt":{"rendered":"<ul>\n<li>Bilgisayar Destekli Ya\u011flama Sistemi<\/li>\n<li>Ya\u011f sipari\u015finden stok kontrol\u00fcne, i\u015f emrinden da\u011f\u0131t\u0131lan ya\u011f miktar\u0131na kadar t\u00fcm s\u00fcrecin kontrol\u00fc ve verimlilik art\u0131\u015f\u0131<\/li>\n<li>\u0130\u015f emri, teknisyen, tarih, saat ve teslim edilen hacim gibi da\u011f\u0131t\u0131m bilgilerini izlemenize yard\u0131mc\u0131 olan \u00e7e\u015fitli rapor ekranlar\u0131<\/li>\n<li>Teknisyen kontrol\u00fc ve e\u015f zamanl\u0131 ya\u011f da\u011f\u0131t\u0131m\u0131<\/li>\n<li>Standart servislerdeki %10&#8217;a kadar varan ya\u011f kayb\u0131n\u0131n \u00f6nlenmesi ve servis karl\u0131l\u0131\u011f\u0131ndaki art\u0131\u015f<\/li>\n<li>\u00d6nceden tan\u0131mlanm\u0131\u015f kritik temiz ya\u011f stok seviyeleri i\u00e7in otomatik uyar\u0131lar ve e-posta bildirimleri<\/li>\n<li>At\u0131k ya\u011f, tank ta\u015fma uyar\u0131 sistemi sayesinde \u00e7al\u0131\u015fma g\u00fcvenli\u011fi<\/li>\n<\/ul>\n","protected":false},"featured_media":5029,"comment_status":"closed","ping_status":"closed","template":"","meta":[],"product_cat":[189],"product_tag":[737,348,739,738],"class_list":["post-4910","product","type-product","status-publish","has-post-thumbnail","hentry","pwb-brand-samoa","product_cat-bilgisayarli-yaglama-sistemi","product_tag-merkezi-yaglama-sistemi","product_tag-samoa","product_tag-yag-basma-sistemi","product_tag-yag-dagitim"],"brands":[{"id":381,"name":"SAMOA","slug":"samoa"}],"yoast_head":"<!-- This site is optimized with the Yoast SEO plugin v17.1 - https:\/\/yoast.com\/wordpress\/plugins\/seo\/ -->\n<title>Bilgisayar Destekli Ya\u011flama Sistemi SAMOA (Born in SPAIN) - Bak\u0131rc\u0131 Garagineering<\/title>\n<meta name=\"robots\" content=\"index, follow, max-snippet:-1, max-image-preview:large, max-video-preview:-1\" \/>\n<link rel=\"canonical\" href=\"https:\/\/bakirci.com\/ekipman\/servis-ekipmanlari\/genel\/yag-hava-su-sistemleri\/bilgisayarli-yaglama-sistemi\/bilgisayar-destekli-yaglama-sistemi\/\" \/>\n<meta property=\"og:locale\" content=\"tr_TR\" \/>\n<meta property=\"og:type\" content=\"article\" \/>\n<meta property=\"og:title\" content=\"Bilgisayar Destekli Ya\u011flama Sistemi SAMOA (Born in SPAIN) - Bak\u0131rc\u0131 Garagineering\" \/>\n<meta property=\"og:description\" content=\"Bilgisayar Destekli Ya\u011flama Sistemi  Ya\u011f sipari\u015finden stok kontrol\u00fcne, i\u015f emrinden da\u011f\u0131t\u0131lan ya\u011f miktar\u0131na kadar t\u00fcm s\u00fcrecin kontrol\u00fc ve verimlilik art\u0131\u015f\u0131  \u0130\u015f emri, teknisyen, tarih, saat ve teslim edilen hacim gibi da\u011f\u0131t\u0131m bilgilerini izlemenize yard\u0131mc\u0131 olan \u00e7e\u015fitli rapor ekranlar\u0131  Teknisyen kontrol\u00fc ve e\u015f zamanl\u0131 ya\u011f da\u011f\u0131t\u0131m\u0131  Standart servislerdeki %10&#039;a kadar varan ya\u011f kayb\u0131n\u0131n \u00f6nlenmesi ve servis karl\u0131l\u0131\u011f\u0131ndaki art\u0131\u015f  \u00d6nceden tan\u0131mlanm\u0131\u015f kritik temiz ya\u011f stok seviyeleri i\u00e7in otomatik uyar\u0131lar ve e-posta bildirimleri  At\u0131k ya\u011f, tank ta\u015fma uyar\u0131 sistemi sayesinde \u00e7al\u0131\u015fma g\u00fcvenli\u011fi\" \/>\n<meta property=\"og:url\" content=\"https:\/\/bakirci.com\/ekipman\/servis-ekipmanlari\/genel\/yag-hava-su-sistemleri\/bilgisayarli-yaglama-sistemi\/bilgisayar-destekli-yaglama-sistemi\/\" \/>\n<meta property=\"og:site_name\" content=\"Bak\u0131rc\u0131 Garagineering\" \/>\n<meta property=\"article:publisher\" content=\"https:\/\/www.facebook.com\/bakirci.garagineering\" \/>\n<meta property=\"article:modified_time\" content=\"2021-10-30T14:04:13+00:00\" \/>\n<meta property=\"og:image\" content=\"https:\/\/bakirci.com\/ekipman\/wp-content\/uploads\/2021\/01\/Bilgisayar-Destekli-Yaglama-Sistemi.png\" \/>\n\t<meta property=\"og:image:width\" content=\"1200\" \/>\n\t<meta property=\"og:image:height\" content=\"1200\" \/>\n<meta name=\"twitter:card\" content=\"summary_large_image\" \/>\n<meta name=\"twitter:label1\" content=\"Tahmini okuma s\u00fcresi\" \/>\n\t<meta name=\"twitter:data1\" content=\"1 dakika\" \/>\n<script type=\"application\/ld+json\" class=\"yoast-schema-graph\">{\"@context\":\"https:\/\/schema.org\",\"@graph\":[{\"@type\":\"Organization\",\"@id\":\"https:\/\/bakirci.com\/ekipman\/#organization\",\"name\":\"Bak\\u0131rc\\u0131 garagineering\",\"url\":\"https:\/\/bakirci.com\/ekipman\/\",\"sameAs\":[\"https:\/\/www.facebook.com\/bakirci.garagineering\",\"https:\/\/www.instagram.com\/bakirci.garagineering\/\",\"https:\/\/www.linkedin.com\/company\/bakirci-garagineering\/\",\"https:\/\/www.youtube.com\/channel\/UCiVG6s_jALJ6Zk8085XiOQg\"],\"logo\":{\"@type\":\"ImageObject\",\"@id\":\"https:\/\/bakirci.com\/ekipman\/#logo\",\"inLanguage\":\"tr\",\"url\":\"https:\/\/bakirci.com\/ekipman\/wp-content\/uploads\/2021\/09\/Bakirci-logo-lacivert.png\",\"contentUrl\":\"https:\/\/bakirci.com\/ekipman\/wp-content\/uploads\/2021\/09\/Bakirci-logo-lacivert.png\",\"width\":501,\"height\":501,\"caption\":\"Bak\\u0131rc\\u0131 garagineering\"},\"image\":{\"@id\":\"https:\/\/bakirci.com\/ekipman\/#logo\"}},{\"@type\":\"WebSite\",\"@id\":\"https:\/\/bakirci.com\/ekipman\/#website\",\"url\":\"https:\/\/bakirci.com\/ekipman\/\",\"name\":\"Bak\\u0131rc\\u0131 Garagineering\",\"description\":\"Otomotiv sekt\\u00f6r\\u00fcne \\u00f6zel, \\u201c\\u00dcretici Standard\\u0131nda\\u201d \\u00e7\\u00f6z\\u00fcmler\\u2026\",\"publisher\":{\"@id\":\"https:\/\/bakirci.com\/ekipman\/#organization\"},\"potentialAction\":[{\"@type\":\"SearchAction\",\"target\":{\"@type\":\"EntryPoint\",\"urlTemplate\":\"https:\/\/bakirci.com\/ekipman\/?s={search_term_string}\"},\"query-input\":\"required name=search_term_string\"}],\"inLanguage\":\"tr\"},{\"@type\":\"ImageObject\",\"@id\":\"https:\/\/bakirci.com\/ekipman\/servis-ekipmanlari\/genel\/yag-hava-su-sistemleri\/bilgisayarli-yaglama-sistemi\/bilgisayar-destekli-yaglama-sistemi\/#primaryimage\",\"inLanguage\":\"tr\",\"url\":\"https:\/\/bakirci.com\/ekipman\/wp-content\/uploads\/2021\/01\/Bilgisayar-Destekli-Yaglama-Sistemi.png\",\"contentUrl\":\"https:\/\/bakirci.com\/ekipman\/wp-content\/uploads\/2021\/01\/Bilgisayar-Destekli-Yaglama-Sistemi.png\",\"width\":1200,\"height\":1200},{\"@type\":\"WebPage\",\"@id\":\"https:\/\/bakirci.com\/ekipman\/servis-ekipmanlari\/genel\/yag-hava-su-sistemleri\/bilgisayarli-yaglama-sistemi\/bilgisayar-destekli-yaglama-sistemi\/#webpage\",\"url\":\"https:\/\/bakirci.com\/ekipman\/servis-ekipmanlari\/genel\/yag-hava-su-sistemleri\/bilgisayarli-yaglama-sistemi\/bilgisayar-destekli-yaglama-sistemi\/\",\"name\":\"Bilgisayar Destekli Ya\\u011flama Sistemi SAMOA (Born in SPAIN) - Bak\\u0131rc\\u0131 Garagineering\",\"isPartOf\":{\"@id\":\"https:\/\/bakirci.com\/ekipman\/#website\"},\"primaryImageOfPage\":{\"@id\":\"https:\/\/bakirci.com\/ekipman\/servis-ekipmanlari\/genel\/yag-hava-su-sistemleri\/bilgisayarli-yaglama-sistemi\/bilgisayar-destekli-yaglama-sistemi\/#primaryimage\"},\"datePublished\":\"2021-01-01T09:45:00+00:00\",\"dateModified\":\"2021-10-30T14:04:13+00:00\",\"breadcrumb\":{\"@id\":\"https:\/\/bakirci.com\/ekipman\/servis-ekipmanlari\/genel\/yag-hava-su-sistemleri\/bilgisayarli-yaglama-sistemi\/bilgisayar-destekli-yaglama-sistemi\/#breadcrumb\"},\"inLanguage\":\"tr\",\"potentialAction\":[{\"@type\":\"ReadAction\",\"target\":[\"https:\/\/bakirci.com\/ekipman\/servis-ekipmanlari\/genel\/yag-hava-su-sistemleri\/bilgisayarli-yaglama-sistemi\/bilgisayar-destekli-yaglama-sistemi\/\"]}]},{\"@type\":\"BreadcrumbList\",\"@id\":\"https:\/\/bakirci.com\/ekipman\/servis-ekipmanlari\/genel\/yag-hava-su-sistemleri\/bilgisayarli-yaglama-sistemi\/bilgisayar-destekli-yaglama-sistemi\/#breadcrumb\",\"itemListElement\":[{\"@type\":\"ListItem\",\"position\":1,\"name\":\"Ekipman\",\"item\":\"https:\/\/bakirci.com\/ekipman\/\"},{\"@type\":\"ListItem\",\"position\":2,\"name\":\"Otomotiv Tesisleri \\u0130\\u00e7in Servis Ekipmanlar\\u0131\",\"item\":\"https:\/\/bakirci.com\/ekipman\/\"},{\"@type\":\"ListItem\",\"position\":3,\"name\":\"Bilgisayar Destekli Ya\\u011flama Sistemi SAMOA (Born in SPAIN)\"}]}]}<\/script>\n<!-- \/ Yoast SEO plugin. -->","yoast_head_json":{"title":"Bilgisayar Destekli Ya\u011flama Sistemi SAMOA (Born in SPAIN) - Bak\u0131rc\u0131 Garagineering","robots":{"index":"index","follow":"follow","max-snippet":"max-snippet:-1","max-image-preview":"max-image-preview:large","max-video-preview":"max-video-preview:-1"},"canonical":"https:\/\/bakirci.com\/ekipman\/servis-ekipmanlari\/genel\/yag-hava-su-sistemleri\/bilgisayarli-yaglama-sistemi\/bilgisayar-destekli-yaglama-sistemi\/","og_locale":"tr_TR","og_type":"article","og_title":"Bilgisayar Destekli Ya\u011flama Sistemi SAMOA (Born in SPAIN) - Bak\u0131rc\u0131 Garagineering","og_description":"Bilgisayar Destekli Ya\u011flama Sistemi  Ya\u011f sipari\u015finden stok kontrol\u00fcne, i\u015f emrinden da\u011f\u0131t\u0131lan ya\u011f miktar\u0131na kadar t\u00fcm s\u00fcrecin kontrol\u00fc ve verimlilik art\u0131\u015f\u0131  \u0130\u015f emri, teknisyen, tarih, saat ve teslim edilen hacim gibi da\u011f\u0131t\u0131m bilgilerini izlemenize yard\u0131mc\u0131 olan \u00e7e\u015fitli rapor ekranlar\u0131  Teknisyen kontrol\u00fc ve e\u015f zamanl\u0131 ya\u011f da\u011f\u0131t\u0131m\u0131  Standart servislerdeki %10'a kadar varan ya\u011f kayb\u0131n\u0131n \u00f6nlenmesi ve servis karl\u0131l\u0131\u011f\u0131ndaki art\u0131\u015f  \u00d6nceden tan\u0131mlanm\u0131\u015f kritik temiz ya\u011f stok seviyeleri i\u00e7in otomatik uyar\u0131lar ve e-posta bildirimleri  At\u0131k ya\u011f, tank ta\u015fma uyar\u0131 sistemi sayesinde \u00e7al\u0131\u015fma g\u00fcvenli\u011fi","og_url":"https:\/\/bakirci.com\/ekipman\/servis-ekipmanlari\/genel\/yag-hava-su-sistemleri\/bilgisayarli-yaglama-sistemi\/bilgisayar-destekli-yaglama-sistemi\/","og_site_name":"Bak\u0131rc\u0131 Garagineering","article_publisher":"https:\/\/www.facebook.com\/bakirci.garagineering","article_modified_time":"2021-10-30T14:04:13+00:00","og_image":[{"width":1200,"height":1200,"url":"https:\/\/bakirci.com\/ekipman\/wp-content\/uploads\/2021\/01\/Bilgisayar-Destekli-Yaglama-Sistemi.png","path":"\/home\/bakirciwebsitesi\/public_html\/ekipman\/wp-content\/uploads\/2021\/01\/Bilgisayar-Destekli-Yaglama-Sistemi.png","size":"full","id":5029,"alt":"","pixels":1440000,"type":"image\/png"}],"twitter_card":"summary_large_image","twitter_misc":{"Tahmini okuma s\u00fcresi":"1 dakika"},"schema":{"@context":"https:\/\/schema.org","@graph":[{"@type":"Organization","@id":"https:\/\/bakirci.com\/ekipman\/#organization","name":"Bak\u0131rc\u0131 garagineering","url":"https:\/\/bakirci.com\/ekipman\/","sameAs":["https:\/\/www.facebook.com\/bakirci.garagineering","https:\/\/www.instagram.com\/bakirci.garagineering\/","https:\/\/www.linkedin.com\/company\/bakirci-garagineering\/","https:\/\/www.youtube.com\/channel\/UCiVG6s_jALJ6Zk8085XiOQg"],"logo":{"@type":"ImageObject","@id":"https:\/\/bakirci.com\/ekipman\/#logo","inLanguage":"tr","url":"https:\/\/bakirci.com\/ekipman\/wp-content\/uploads\/2021\/09\/Bakirci-logo-lacivert.png","contentUrl":"https:\/\/bakirci.com\/ekipman\/wp-content\/uploads\/2021\/09\/Bakirci-logo-lacivert.png","width":501,"height":501,"caption":"Bak\u0131rc\u0131 garagineering"},"image":{"@id":"https:\/\/bakirci.com\/ekipman\/#logo"}},{"@type":"WebSite","@id":"https:\/\/bakirci.com\/ekipman\/#website","url":"https:\/\/bakirci.com\/ekipman\/","name":"Bak\u0131rc\u0131 Garagineering","description":"Otomotiv sekt\u00f6r\u00fcne \u00f6zel, \u201c\u00dcretici Standard\u0131nda\u201d \u00e7\u00f6z\u00fcmler\u2026","publisher":{"@id":"https:\/\/bakirci.com\/ekipman\/#organization"},"potentialAction":[{"@type":"SearchAction","target":{"@type":"EntryPoint","urlTemplate":"https:\/\/bakirci.com\/ekipman\/?s={search_term_string}"},"query-input":"required name=search_term_string"}],"inLanguage":"tr"},{"@type":"ImageObject","@id":"https:\/\/bakirci.com\/ekipman\/servis-ekipmanlari\/genel\/yag-hava-su-sistemleri\/bilgisayarli-yaglama-sistemi\/bilgisayar-destekli-yaglama-sistemi\/#primaryimage","inLanguage":"tr","url":"https:\/\/bakirci.com\/ekipman\/wp-content\/uploads\/2021\/01\/Bilgisayar-Destekli-Yaglama-Sistemi.png","contentUrl":"https:\/\/bakirci.com\/ekipman\/wp-content\/uploads\/2021\/01\/Bilgisayar-Destekli-Yaglama-Sistemi.png","width":1200,"height":1200},{"@type":"WebPage","@id":"https:\/\/bakirci.com\/ekipman\/servis-ekipmanlari\/genel\/yag-hava-su-sistemleri\/bilgisayarli-yaglama-sistemi\/bilgisayar-destekli-yaglama-sistemi\/#webpage","url":"https:\/\/bakirci.com\/ekipman\/servis-ekipmanlari\/genel\/yag-hava-su-sistemleri\/bilgisayarli-yaglama-sistemi\/bilgisayar-destekli-yaglama-sistemi\/","name":"Bilgisayar Destekli Ya\u011flama Sistemi SAMOA (Born in SPAIN) - Bak\u0131rc\u0131 Garagineering","isPartOf":{"@id":"https:\/\/bakirci.com\/ekipman\/#website"},"primaryImageOfPage":{"@id":"https:\/\/bakirci.com\/ekipman\/servis-ekipmanlari\/genel\/yag-hava-su-sistemleri\/bilgisayarli-yaglama-sistemi\/bilgisayar-destekli-yaglama-sistemi\/#primaryimage"},"datePublished":"2021-01-01T09:45:00+00:00","dateModified":"2021-10-30T14:04:13+00:00","breadcrumb":{"@id":"https:\/\/bakirci.com\/ekipman\/servis-ekipmanlari\/genel\/yag-hava-su-sistemleri\/bilgisayarli-yaglama-sistemi\/bilgisayar-destekli-yaglama-sistemi\/#breadcrumb"},"inLanguage":"tr","potentialAction":[{"@type":"ReadAction","target":["https:\/\/bakirci.com\/ekipman\/servis-ekipmanlari\/genel\/yag-hava-su-sistemleri\/bilgisayarli-yaglama-sistemi\/bilgisayar-destekli-yaglama-sistemi\/"]}]},{"@type":"BreadcrumbList","@id":"https:\/\/bakirci.com\/ekipman\/servis-ekipmanlari\/genel\/yag-hava-su-sistemleri\/bilgisayarli-yaglama-sistemi\/bilgisayar-destekli-yaglama-sistemi\/#breadcrumb","itemListElement":[{"@type":"ListItem","position":1,"name":"Ekipman","item":"https:\/\/bakirci.com\/ekipman\/"},{"@type":"ListItem","position":2,"name":"Otomotiv Tesisleri \u0130\u00e7in Servis Ekipmanlar\u0131","item":"https:\/\/bakirci.com\/ekipman\/"},{"@type":"ListItem","position":3,"name":"Bilgisayar Destekli Ya\u011flama Sistemi SAMOA (Born in SPAIN)"}]}]}},"_links":{"self":[{"href":"https:\/\/bakirci.com\/ekipman\/wp-json\/wp\/v2\/product\/4910","targetHints":{"allow":["GET"]}}],"collection":[{"href":"https:\/\/bakirci.com\/ekipman\/wp-json\/wp\/v2\/product"}],"about":[{"href":"https:\/\/bakirci.com\/ekipman\/wp-json\/wp\/v2\/types\/product"}],"replies":[{"embeddable":true,"href":"https:\/\/bakirci.com\/ekipman\/wp-json\/wp\/v2\/comments?post=4910"}],"wp:featuredmedia":[{"embeddable":true,"href":"https:\/\/bakirci.com\/ekipman\/wp-json\/wp\/v2\/media\/5029"}],"wp:attachment":[{"href":"https:\/\/bakirci.com\/ekipman\/wp-json\/wp\/v2\/media?parent=4910"}],"wp:term":[{"taxonomy":"product_cat","embeddable":true,"href":"https:\/\/bakirci.com\/ekipman\/wp-json\/wp\/v2\/product_cat?post=4910"},{"taxonomy":"product_tag","embeddable":true,"href":"https:\/\/bakirci.com\/ekipman\/wp-json\/wp\/v2\/product_tag?post=4910"}],"curies":[{"name":"wp","href":"https:\/\/api.w.org\/{rel}","templated":true}]}}