{"id":4905,"date":"2021-01-01T09:20:48","date_gmt":"2021-01-01T09:20:48","guid":{"rendered":"https:\/\/j6l.65c.myftpupload.com\/?post_type=product&#038;p=4905"},"modified":"2021-10-30T14:03:20","modified_gmt":"2021-10-30T14:03:20","slug":"seyyar-gres-platformu-530610-s1","status":"publish","type":"product","link":"https:\/\/bakirci.com\/ekipman\/servis-ekipmanlari\/genel\/yag-hava-su-sistemleri\/seyyar-yaglama-urunleri\/seyyar-gres-platformu-530610-s1\/","title":{"rendered":"<p class=\"ustmetin\">Seyyar Gres Platformu <\/p><p class=\"ortametin\">SAMOA <span class=\"ortametin2\">(Born in SPAIN)<\/span><p class=\"altmetin\">530610-S1<\/p>"},"content":{"rendered":"<ul>\n<li>Seyyar Gres Platformu &#8211; 530610-S1<\/li>\n<li>Mobil kullan\u0131ma uygun, rahat hareket imkan\u0131 sa\u011flayan tekerlekli varil ta\u015f\u0131ma arabas\u0131<\/li>\n<li>60:1 Gres pompas\u0131 ve Z mafsall\u0131 gres tabancas\u0131<\/li>\n<li>Varil i\u00e7i gres s\u0131y\u0131r\u0131c\u0131s\u0131 ve varil kapa\u011f\u0131<\/li>\n<li>\u00c7al\u0131\u015fma bas\u0131nc\u0131 2 \/ 10 bar<\/li>\n<li>Gres bas\u0131nc\u0131 maksimum 600 bar<\/li>\n<li>Pompa gres \u00e7\u0131k\u0131\u015f\u0131 maksimum 900 gr\/dk<\/li>\n<li>Gres makaras\u0131 (Al\u00fcminyum 10 mt 3\/8&#8221;)<\/li>\n<li>Makara ba\u011flant\u0131 adapt\u00f6r\u00fc<\/li>\n<\/ul>\n","protected":false},"excerpt":{"rendered":"<ul>\n<li>Seyyar Gres Platformu &#8211; 530610-S1<\/li>\n<li>Mobil kullan\u0131ma uygun, rahat hareket imkan\u0131 sa\u011flayan tekerlekli varil ta\u015f\u0131ma arabas\u0131<\/li>\n<li>60:1 Gres pompas\u0131 ve Z mafsall\u0131 gres tabancas\u0131<\/li>\n<li>Varil i\u00e7i gres s\u0131y\u0131r\u0131c\u0131s\u0131 ve varil kapa\u011f\u0131<\/li>\n<li>\u00c7al\u0131\u015fma bas\u0131nc\u0131 2 \/ 10 bar<\/li>\n<li>Gres bas\u0131nc\u0131 maksimum 600 bar<\/li>\n<li>Pompa gres \u00e7\u0131k\u0131\u015f\u0131 maksimum 900 gr\/dk<\/li>\n<li>Gres makaras\u0131 (Al\u00fcminyum 10 mt 3\/8&#8221;)<\/li>\n<li>Makara ba\u011flant\u0131 adapt\u00f6r\u00fc<\/li>\n<\/ul>\n","protected":false},"featured_media":5500,"comment_status":"closed","ping_status":"closed","template":"","meta":[],"product_cat":[192],"product_tag":[737,348,739,738],"class_list":["post-4905","product","type-product","status-publish","has-post-thumbnail","hentry","pwb-brand-samoa","product_cat-seyyar-yaglama-urunleri","product_tag-merkezi-yaglama-sistemi","product_tag-samoa","product_tag-yag-basma-sistemi","product_tag-yag-dagitim"],"brands":[{"id":381,"name":"SAMOA","slug":"samoa"}],"yoast_head":"<!-- This site is optimized with the Yoast SEO plugin v17.1 - https:\/\/yoast.com\/wordpress\/plugins\/seo\/ -->\n<title>Seyyar Gres Platformu SAMOA (Born in SPAIN)530610-S1 - Bak\u0131rc\u0131 Garagineering<\/title>\n<meta name=\"robots\" content=\"index, follow, max-snippet:-1, max-image-preview:large, max-video-preview:-1\" \/>\n<link rel=\"canonical\" href=\"https:\/\/bakirci.com\/ekipman\/servis-ekipmanlari\/genel\/yag-hava-su-sistemleri\/seyyar-yaglama-urunleri\/seyyar-gres-platformu-530610-s1\/\" \/>\n<meta property=\"og:locale\" content=\"tr_TR\" \/>\n<meta property=\"og:type\" content=\"article\" \/>\n<meta property=\"og:title\" content=\"Seyyar Gres Platformu SAMOA (Born in SPAIN)530610-S1 - Bak\u0131rc\u0131 Garagineering\" \/>\n<meta property=\"og:description\" content=\"Seyyar Gres Platformu - 530610-S1  Mobil kullan\u0131ma uygun, rahat hareket imkan\u0131 sa\u011flayan tekerlekli varil ta\u015f\u0131ma arabas\u0131  60:1 Gres pompas\u0131 ve Z mafsall\u0131 gres tabancas\u0131  Varil i\u00e7i gres s\u0131y\u0131r\u0131c\u0131s\u0131 ve varil kapa\u011f\u0131  \u00c7al\u0131\u015fma bas\u0131nc\u0131 2 \/ 10 bar  Gres bas\u0131nc\u0131 maksimum 600 bar  Pompa gres \u00e7\u0131k\u0131\u015f\u0131 maksimum 900 gr\/dk  Gres makaras\u0131 (Al\u00fcminyum 10 mt 3\/8&#039;&#039;)  Makara ba\u011flant\u0131 adapt\u00f6r\u00fc\" \/>\n<meta property=\"og:url\" content=\"https:\/\/bakirci.com\/ekipman\/servis-ekipmanlari\/genel\/yag-hava-su-sistemleri\/seyyar-yaglama-urunleri\/seyyar-gres-platformu-530610-s1\/\" \/>\n<meta property=\"og:site_name\" content=\"Bak\u0131rc\u0131 Garagineering\" \/>\n<meta property=\"article:publisher\" content=\"https:\/\/www.facebook.com\/bakirci.garagineering\" \/>\n<meta property=\"article:modified_time\" content=\"2021-10-30T14:03:20+00:00\" \/>\n<meta property=\"og:image\" content=\"https:\/\/bakirci.com\/ekipman\/wp-content\/uploads\/2021\/01\/530610.jpg\" \/>\n\t<meta property=\"og:image:width\" content=\"1600\" \/>\n\t<meta property=\"og:image:height\" content=\"1600\" \/>\n<meta name=\"twitter:card\" content=\"summary_large_image\" \/>\n<meta name=\"twitter:label1\" content=\"Tahmini okuma s\u00fcresi\" \/>\n\t<meta name=\"twitter:data1\" content=\"1 dakika\" \/>\n<script type=\"application\/ld+json\" class=\"yoast-schema-graph\">{\"@context\":\"https:\/\/schema.org\",\"@graph\":[{\"@type\":\"Organization\",\"@id\":\"https:\/\/bakirci.com\/ekipman\/#organization\",\"name\":\"Bak\\u0131rc\\u0131 garagineering\",\"url\":\"https:\/\/bakirci.com\/ekipman\/\",\"sameAs\":[\"https:\/\/www.facebook.com\/bakirci.garagineering\",\"https:\/\/www.instagram.com\/bakirci.garagineering\/\",\"https:\/\/www.linkedin.com\/company\/bakirci-garagineering\/\",\"https:\/\/www.youtube.com\/channel\/UCiVG6s_jALJ6Zk8085XiOQg\"],\"logo\":{\"@type\":\"ImageObject\",\"@id\":\"https:\/\/bakirci.com\/ekipman\/#logo\",\"inLanguage\":\"tr\",\"url\":\"https:\/\/bakirci.com\/ekipman\/wp-content\/uploads\/2021\/09\/Bakirci-logo-lacivert.png\",\"contentUrl\":\"https:\/\/bakirci.com\/ekipman\/wp-content\/uploads\/2021\/09\/Bakirci-logo-lacivert.png\",\"width\":501,\"height\":501,\"caption\":\"Bak\\u0131rc\\u0131 garagineering\"},\"image\":{\"@id\":\"https:\/\/bakirci.com\/ekipman\/#logo\"}},{\"@type\":\"WebSite\",\"@id\":\"https:\/\/bakirci.com\/ekipman\/#website\",\"url\":\"https:\/\/bakirci.com\/ekipman\/\",\"name\":\"Bak\\u0131rc\\u0131 Garagineering\",\"description\":\"Otomotiv sekt\\u00f6r\\u00fcne \\u00f6zel, \\u201c\\u00dcretici Standard\\u0131nda\\u201d \\u00e7\\u00f6z\\u00fcmler\\u2026\",\"publisher\":{\"@id\":\"https:\/\/bakirci.com\/ekipman\/#organization\"},\"potentialAction\":[{\"@type\":\"SearchAction\",\"target\":{\"@type\":\"EntryPoint\",\"urlTemplate\":\"https:\/\/bakirci.com\/ekipman\/?s={search_term_string}\"},\"query-input\":\"required name=search_term_string\"}],\"inLanguage\":\"tr\"},{\"@type\":\"ImageObject\",\"@id\":\"https:\/\/bakirci.com\/ekipman\/servis-ekipmanlari\/genel\/yag-hava-su-sistemleri\/seyyar-yaglama-urunleri\/seyyar-gres-platformu-530610-s1\/#primaryimage\",\"inLanguage\":\"tr\",\"url\":\"https:\/\/bakirci.com\/ekipman\/wp-content\/uploads\/2021\/01\/530610.jpg\",\"contentUrl\":\"https:\/\/bakirci.com\/ekipman\/wp-content\/uploads\/2021\/01\/530610.jpg\",\"width\":1600,\"height\":1600},{\"@type\":\"WebPage\",\"@id\":\"https:\/\/bakirci.com\/ekipman\/servis-ekipmanlari\/genel\/yag-hava-su-sistemleri\/seyyar-yaglama-urunleri\/seyyar-gres-platformu-530610-s1\/#webpage\",\"url\":\"https:\/\/bakirci.com\/ekipman\/servis-ekipmanlari\/genel\/yag-hava-su-sistemleri\/seyyar-yaglama-urunleri\/seyyar-gres-platformu-530610-s1\/\",\"name\":\"Seyyar Gres Platformu SAMOA (Born in SPAIN)530610-S1 - Bak\\u0131rc\\u0131 Garagineering\",\"isPartOf\":{\"@id\":\"https:\/\/bakirci.com\/ekipman\/#website\"},\"primaryImageOfPage\":{\"@id\":\"https:\/\/bakirci.com\/ekipman\/servis-ekipmanlari\/genel\/yag-hava-su-sistemleri\/seyyar-yaglama-urunleri\/seyyar-gres-platformu-530610-s1\/#primaryimage\"},\"datePublished\":\"2021-01-01T09:20:48+00:00\",\"dateModified\":\"2021-10-30T14:03:20+00:00\",\"breadcrumb\":{\"@id\":\"https:\/\/bakirci.com\/ekipman\/servis-ekipmanlari\/genel\/yag-hava-su-sistemleri\/seyyar-yaglama-urunleri\/seyyar-gres-platformu-530610-s1\/#breadcrumb\"},\"inLanguage\":\"tr\",\"potentialAction\":[{\"@type\":\"ReadAction\",\"target\":[\"https:\/\/bakirci.com\/ekipman\/servis-ekipmanlari\/genel\/yag-hava-su-sistemleri\/seyyar-yaglama-urunleri\/seyyar-gres-platformu-530610-s1\/\"]}]},{\"@type\":\"BreadcrumbList\",\"@id\":\"https:\/\/bakirci.com\/ekipman\/servis-ekipmanlari\/genel\/yag-hava-su-sistemleri\/seyyar-yaglama-urunleri\/seyyar-gres-platformu-530610-s1\/#breadcrumb\",\"itemListElement\":[{\"@type\":\"ListItem\",\"position\":1,\"name\":\"Ekipman\",\"item\":\"https:\/\/bakirci.com\/ekipman\/\"},{\"@type\":\"ListItem\",\"position\":2,\"name\":\"Otomotiv Tesisleri \\u0130\\u00e7in Servis Ekipmanlar\\u0131\",\"item\":\"https:\/\/bakirci.com\/ekipman\/\"},{\"@type\":\"ListItem\",\"position\":3,\"name\":\"Seyyar Gres Platformu SAMOA (Born in SPAIN)530610-S1\"}]}]}<\/script>\n<!-- \/ Yoast SEO plugin. -->","yoast_head_json":{"title":"Seyyar Gres Platformu SAMOA (Born in SPAIN)530610-S1 - Bak\u0131rc\u0131 Garagineering","robots":{"index":"index","follow":"follow","max-snippet":"max-snippet:-1","max-image-preview":"max-image-preview:large","max-video-preview":"max-video-preview:-1"},"canonical":"https:\/\/bakirci.com\/ekipman\/servis-ekipmanlari\/genel\/yag-hava-su-sistemleri\/seyyar-yaglama-urunleri\/seyyar-gres-platformu-530610-s1\/","og_locale":"tr_TR","og_type":"article","og_title":"Seyyar Gres Platformu SAMOA (Born in SPAIN)530610-S1 - Bak\u0131rc\u0131 Garagineering","og_description":"Seyyar Gres Platformu - 530610-S1  Mobil kullan\u0131ma uygun, rahat hareket imkan\u0131 sa\u011flayan tekerlekli varil ta\u015f\u0131ma arabas\u0131  60:1 Gres pompas\u0131 ve Z mafsall\u0131 gres tabancas\u0131  Varil i\u00e7i gres s\u0131y\u0131r\u0131c\u0131s\u0131 ve varil kapa\u011f\u0131  \u00c7al\u0131\u015fma bas\u0131nc\u0131 2 \/ 10 bar  Gres bas\u0131nc\u0131 maksimum 600 bar  Pompa gres \u00e7\u0131k\u0131\u015f\u0131 maksimum 900 gr\/dk  Gres makaras\u0131 (Al\u00fcminyum 10 mt 3\/8'')  Makara ba\u011flant\u0131 adapt\u00f6r\u00fc","og_url":"https:\/\/bakirci.com\/ekipman\/servis-ekipmanlari\/genel\/yag-hava-su-sistemleri\/seyyar-yaglama-urunleri\/seyyar-gres-platformu-530610-s1\/","og_site_name":"Bak\u0131rc\u0131 Garagineering","article_publisher":"https:\/\/www.facebook.com\/bakirci.garagineering","article_modified_time":"2021-10-30T14:03:20+00:00","og_image":[{"width":1600,"height":1600,"url":"https:\/\/bakirci.com\/ekipman\/wp-content\/uploads\/2021\/01\/530610.jpg","path":"\/home\/bakirciwebsitesi\/public_html\/ekipman\/wp-content\/uploads\/2021\/01\/530610.jpg","size":"full","id":5500,"alt":"","pixels":2560000,"type":"image\/jpeg"}],"twitter_card":"summary_large_image","twitter_misc":{"Tahmini okuma s\u00fcresi":"1 dakika"},"schema":{"@context":"https:\/\/schema.org","@graph":[{"@type":"Organization","@id":"https:\/\/bakirci.com\/ekipman\/#organization","name":"Bak\u0131rc\u0131 garagineering","url":"https:\/\/bakirci.com\/ekipman\/","sameAs":["https:\/\/www.facebook.com\/bakirci.garagineering","https:\/\/www.instagram.com\/bakirci.garagineering\/","https:\/\/www.linkedin.com\/company\/bakirci-garagineering\/","https:\/\/www.youtube.com\/channel\/UCiVG6s_jALJ6Zk8085XiOQg"],"logo":{"@type":"ImageObject","@id":"https:\/\/bakirci.com\/ekipman\/#logo","inLanguage":"tr","url":"https:\/\/bakirci.com\/ekipman\/wp-content\/uploads\/2021\/09\/Bakirci-logo-lacivert.png","contentUrl":"https:\/\/bakirci.com\/ekipman\/wp-content\/uploads\/2021\/09\/Bakirci-logo-lacivert.png","width":501,"height":501,"caption":"Bak\u0131rc\u0131 garagineering"},"image":{"@id":"https:\/\/bakirci.com\/ekipman\/#logo"}},{"@type":"WebSite","@id":"https:\/\/bakirci.com\/ekipman\/#website","url":"https:\/\/bakirci.com\/ekipman\/","name":"Bak\u0131rc\u0131 Garagineering","description":"Otomotiv sekt\u00f6r\u00fcne \u00f6zel, \u201c\u00dcretici Standard\u0131nda\u201d \u00e7\u00f6z\u00fcmler\u2026","publisher":{"@id":"https:\/\/bakirci.com\/ekipman\/#organization"},"potentialAction":[{"@type":"SearchAction","target":{"@type":"EntryPoint","urlTemplate":"https:\/\/bakirci.com\/ekipman\/?s={search_term_string}"},"query-input":"required name=search_term_string"}],"inLanguage":"tr"},{"@type":"ImageObject","@id":"https:\/\/bakirci.com\/ekipman\/servis-ekipmanlari\/genel\/yag-hava-su-sistemleri\/seyyar-yaglama-urunleri\/seyyar-gres-platformu-530610-s1\/#primaryimage","inLanguage":"tr","url":"https:\/\/bakirci.com\/ekipman\/wp-content\/uploads\/2021\/01\/530610.jpg","contentUrl":"https:\/\/bakirci.com\/ekipman\/wp-content\/uploads\/2021\/01\/530610.jpg","width":1600,"height":1600},{"@type":"WebPage","@id":"https:\/\/bakirci.com\/ekipman\/servis-ekipmanlari\/genel\/yag-hava-su-sistemleri\/seyyar-yaglama-urunleri\/seyyar-gres-platformu-530610-s1\/#webpage","url":"https:\/\/bakirci.com\/ekipman\/servis-ekipmanlari\/genel\/yag-hava-su-sistemleri\/seyyar-yaglama-urunleri\/seyyar-gres-platformu-530610-s1\/","name":"Seyyar Gres Platformu SAMOA (Born in SPAIN)530610-S1 - Bak\u0131rc\u0131 Garagineering","isPartOf":{"@id":"https:\/\/bakirci.com\/ekipman\/#website"},"primaryImageOfPage":{"@id":"https:\/\/bakirci.com\/ekipman\/servis-ekipmanlari\/genel\/yag-hava-su-sistemleri\/seyyar-yaglama-urunleri\/seyyar-gres-platformu-530610-s1\/#primaryimage"},"datePublished":"2021-01-01T09:20:48+00:00","dateModified":"2021-10-30T14:03:20+00:00","breadcrumb":{"@id":"https:\/\/bakirci.com\/ekipman\/servis-ekipmanlari\/genel\/yag-hava-su-sistemleri\/seyyar-yaglama-urunleri\/seyyar-gres-platformu-530610-s1\/#breadcrumb"},"inLanguage":"tr","potentialAction":[{"@type":"ReadAction","target":["https:\/\/bakirci.com\/ekipman\/servis-ekipmanlari\/genel\/yag-hava-su-sistemleri\/seyyar-yaglama-urunleri\/seyyar-gres-platformu-530610-s1\/"]}]},{"@type":"BreadcrumbList","@id":"https:\/\/bakirci.com\/ekipman\/servis-ekipmanlari\/genel\/yag-hava-su-sistemleri\/seyyar-yaglama-urunleri\/seyyar-gres-platformu-530610-s1\/#breadcrumb","itemListElement":[{"@type":"ListItem","position":1,"name":"Ekipman","item":"https:\/\/bakirci.com\/ekipman\/"},{"@type":"ListItem","position":2,"name":"Otomotiv Tesisleri \u0130\u00e7in Servis Ekipmanlar\u0131","item":"https:\/\/bakirci.com\/ekipman\/"},{"@type":"ListItem","position":3,"name":"Seyyar Gres Platformu SAMOA (Born in SPAIN)530610-S1"}]}]}},"_links":{"self":[{"href":"https:\/\/bakirci.com\/ekipman\/wp-json\/wp\/v2\/product\/4905","targetHints":{"allow":["GET"]}}],"collection":[{"href":"https:\/\/bakirci.com\/ekipman\/wp-json\/wp\/v2\/product"}],"about":[{"href":"https:\/\/bakirci.com\/ekipman\/wp-json\/wp\/v2\/types\/product"}],"replies":[{"embeddable":true,"href":"https:\/\/bakirci.com\/ekipman\/wp-json\/wp\/v2\/comments?post=4905"}],"wp:featuredmedia":[{"embeddable":true,"href":"https:\/\/bakirci.com\/ekipman\/wp-json\/wp\/v2\/media\/5500"}],"wp:attachment":[{"href":"https:\/\/bakirci.com\/ekipman\/wp-json\/wp\/v2\/media?parent=4905"}],"wp:term":[{"taxonomy":"product_cat","embeddable":true,"href":"https:\/\/bakirci.com\/ekipman\/wp-json\/wp\/v2\/product_cat?post=4905"},{"taxonomy":"product_tag","embeddable":true,"href":"https:\/\/bakirci.com\/ekipman\/wp-json\/wp\/v2\/product_tag?post=4905"}],"curies":[{"name":"wp","href":"https:\/\/api.w.org\/{rel}","templated":true}]}}