{"id":4904,"date":"2021-01-01T09:15:17","date_gmt":"2021-01-01T09:15:17","guid":{"rendered":"https:\/\/j6l.65c.myftpupload.com\/?post_type=product&#038;p=4904"},"modified":"2021-10-30T14:03:07","modified_gmt":"2021-10-30T14:03:07","slug":"atik-yag-pompa-seti-379100","status":"publish","type":"product","link":"https:\/\/bakirci.com\/ekipman\/servis-ekipmanlari\/genel\/yag-hava-su-sistemleri\/atik-yag-sistemleri\/atik-yag-pompa-seti-379100\/","title":{"rendered":"<p class=\"ustmetin\">At\u0131k Ya\u011f Pompa Seti <\/p><p class=\"ortametin\">SAMOA <span class=\"ortametin2\">(Born in SPAIN)<\/span><p class=\"altmetin\">379100<\/p>"},"content":{"rendered":"<ul>\n<li>At\u0131k Ya\u011f Pompa Seti &#8211; 379100<\/li>\n<li>\u00c7ift etkili pompa yap\u0131s\u0131 sayesinde verimli kullan\u0131m<\/li>\n<li>Pompa ba\u011flant\u0131 braketi ve tesisat ba\u011flant\u0131 hortumlar\u0131<\/li>\n<li>1:1 At\u0131k ya\u011f pompas\u0131<\/li>\n<li>\u00c7al\u0131\u015fma bas\u0131nc\u0131 1,5 \/ 10 bar<\/li>\n<li>Pompa ya\u011f \u00e7\u0131k\u0131\u015f\u0131 maksimum 52 lt\/dk<\/li>\n<\/ul>\n","protected":false},"excerpt":{"rendered":"<ul>\n<li>At\u0131k Ya\u011f Pompa Seti &#8211; 379100<\/li>\n<li>\u00c7ift etkili pompa yap\u0131s\u0131 sayesinde verimli kullan\u0131m<\/li>\n<li>Pompa ba\u011flant\u0131 braketi ve tesisat ba\u011flant\u0131 hortumlar\u0131<\/li>\n<li>1:1 At\u0131k ya\u011f pompas\u0131<\/li>\n<li>\u00c7al\u0131\u015fma bas\u0131nc\u0131 1,5 \/ 10 bar<\/li>\n<li>Pompa ya\u011f \u00e7\u0131k\u0131\u015f\u0131 maksimum 52 lt\/dk<\/li>\n<\/ul>\n","protected":false},"featured_media":5035,"comment_status":"closed","ping_status":"closed","template":"","meta":[],"product_cat":[188],"product_tag":[737,348,739,738],"class_list":["post-4904","product","type-product","status-publish","has-post-thumbnail","hentry","pwb-brand-samoa","product_cat-atik-yag-sistemleri","product_tag-merkezi-yaglama-sistemi","product_tag-samoa","product_tag-yag-basma-sistemi","product_tag-yag-dagitim"],"brands":[{"id":381,"name":"SAMOA","slug":"samoa"}],"yoast_head":"<!-- This site is optimized with the Yoast SEO plugin v17.1 - https:\/\/yoast.com\/wordpress\/plugins\/seo\/ -->\n<title>At\u0131k Ya\u011f Pompa Seti SAMOA (Born in SPAIN)379100 - Bak\u0131rc\u0131 Garagineering<\/title>\n<meta name=\"robots\" content=\"index, follow, max-snippet:-1, max-image-preview:large, max-video-preview:-1\" \/>\n<link rel=\"canonical\" href=\"https:\/\/bakirci.com\/ekipman\/servis-ekipmanlari\/genel\/yag-hava-su-sistemleri\/atik-yag-sistemleri\/atik-yag-pompa-seti-379100\/\" \/>\n<meta property=\"og:locale\" content=\"tr_TR\" \/>\n<meta property=\"og:type\" content=\"article\" \/>\n<meta property=\"og:title\" content=\"At\u0131k Ya\u011f Pompa Seti SAMOA (Born in SPAIN)379100 - Bak\u0131rc\u0131 Garagineering\" \/>\n<meta property=\"og:description\" content=\"At\u0131k Ya\u011f Pompa Seti - 379100  \u00c7ift etkili pompa yap\u0131s\u0131 sayesinde verimli kullan\u0131m  Pompa ba\u011flant\u0131 braketi ve tesisat ba\u011flant\u0131 hortumlar\u0131  1:1 At\u0131k ya\u011f pompas\u0131  \u00c7al\u0131\u015fma bas\u0131nc\u0131 1,5 \/ 10 bar  Pompa ya\u011f \u00e7\u0131k\u0131\u015f\u0131 maksimum 52 lt\/dk\" \/>\n<meta property=\"og:url\" content=\"https:\/\/bakirci.com\/ekipman\/servis-ekipmanlari\/genel\/yag-hava-su-sistemleri\/atik-yag-sistemleri\/atik-yag-pompa-seti-379100\/\" \/>\n<meta property=\"og:site_name\" content=\"Bak\u0131rc\u0131 Garagineering\" \/>\n<meta property=\"article:publisher\" content=\"https:\/\/www.facebook.com\/bakirci.garagineering\" \/>\n<meta property=\"article:modified_time\" content=\"2021-10-30T14:03:07+00:00\" \/>\n<meta property=\"og:image\" content=\"https:\/\/bakirci.com\/ekipman\/wp-content\/uploads\/2021\/01\/379100.png\" \/>\n\t<meta property=\"og:image:width\" content=\"455\" \/>\n\t<meta property=\"og:image:height\" content=\"456\" \/>\n<meta name=\"twitter:card\" content=\"summary_large_image\" \/>\n<meta name=\"twitter:label1\" content=\"Tahmini okuma s\u00fcresi\" \/>\n\t<meta name=\"twitter:data1\" content=\"1 dakika\" \/>\n<script type=\"application\/ld+json\" class=\"yoast-schema-graph\">{\"@context\":\"https:\/\/schema.org\",\"@graph\":[{\"@type\":\"Organization\",\"@id\":\"https:\/\/bakirci.com\/ekipman\/#organization\",\"name\":\"Bak\\u0131rc\\u0131 garagineering\",\"url\":\"https:\/\/bakirci.com\/ekipman\/\",\"sameAs\":[\"https:\/\/www.facebook.com\/bakirci.garagineering\",\"https:\/\/www.instagram.com\/bakirci.garagineering\/\",\"https:\/\/www.linkedin.com\/company\/bakirci-garagineering\/\",\"https:\/\/www.youtube.com\/channel\/UCiVG6s_jALJ6Zk8085XiOQg\"],\"logo\":{\"@type\":\"ImageObject\",\"@id\":\"https:\/\/bakirci.com\/ekipman\/#logo\",\"inLanguage\":\"tr\",\"url\":\"https:\/\/bakirci.com\/ekipman\/wp-content\/uploads\/2021\/09\/Bakirci-logo-lacivert.png\",\"contentUrl\":\"https:\/\/bakirci.com\/ekipman\/wp-content\/uploads\/2021\/09\/Bakirci-logo-lacivert.png\",\"width\":501,\"height\":501,\"caption\":\"Bak\\u0131rc\\u0131 garagineering\"},\"image\":{\"@id\":\"https:\/\/bakirci.com\/ekipman\/#logo\"}},{\"@type\":\"WebSite\",\"@id\":\"https:\/\/bakirci.com\/ekipman\/#website\",\"url\":\"https:\/\/bakirci.com\/ekipman\/\",\"name\":\"Bak\\u0131rc\\u0131 Garagineering\",\"description\":\"Otomotiv sekt\\u00f6r\\u00fcne \\u00f6zel, \\u201c\\u00dcretici Standard\\u0131nda\\u201d \\u00e7\\u00f6z\\u00fcmler\\u2026\",\"publisher\":{\"@id\":\"https:\/\/bakirci.com\/ekipman\/#organization\"},\"potentialAction\":[{\"@type\":\"SearchAction\",\"target\":{\"@type\":\"EntryPoint\",\"urlTemplate\":\"https:\/\/bakirci.com\/ekipman\/?s={search_term_string}\"},\"query-input\":\"required name=search_term_string\"}],\"inLanguage\":\"tr\"},{\"@type\":\"ImageObject\",\"@id\":\"https:\/\/bakirci.com\/ekipman\/servis-ekipmanlari\/genel\/yag-hava-su-sistemleri\/atik-yag-sistemleri\/atik-yag-pompa-seti-379100\/#primaryimage\",\"inLanguage\":\"tr\",\"url\":\"https:\/\/bakirci.com\/ekipman\/wp-content\/uploads\/2021\/01\/379100.png\",\"contentUrl\":\"https:\/\/bakirci.com\/ekipman\/wp-content\/uploads\/2021\/01\/379100.png\",\"width\":455,\"height\":456},{\"@type\":\"WebPage\",\"@id\":\"https:\/\/bakirci.com\/ekipman\/servis-ekipmanlari\/genel\/yag-hava-su-sistemleri\/atik-yag-sistemleri\/atik-yag-pompa-seti-379100\/#webpage\",\"url\":\"https:\/\/bakirci.com\/ekipman\/servis-ekipmanlari\/genel\/yag-hava-su-sistemleri\/atik-yag-sistemleri\/atik-yag-pompa-seti-379100\/\",\"name\":\"At\\u0131k Ya\\u011f Pompa Seti SAMOA (Born in SPAIN)379100 - Bak\\u0131rc\\u0131 Garagineering\",\"isPartOf\":{\"@id\":\"https:\/\/bakirci.com\/ekipman\/#website\"},\"primaryImageOfPage\":{\"@id\":\"https:\/\/bakirci.com\/ekipman\/servis-ekipmanlari\/genel\/yag-hava-su-sistemleri\/atik-yag-sistemleri\/atik-yag-pompa-seti-379100\/#primaryimage\"},\"datePublished\":\"2021-01-01T09:15:17+00:00\",\"dateModified\":\"2021-10-30T14:03:07+00:00\",\"breadcrumb\":{\"@id\":\"https:\/\/bakirci.com\/ekipman\/servis-ekipmanlari\/genel\/yag-hava-su-sistemleri\/atik-yag-sistemleri\/atik-yag-pompa-seti-379100\/#breadcrumb\"},\"inLanguage\":\"tr\",\"potentialAction\":[{\"@type\":\"ReadAction\",\"target\":[\"https:\/\/bakirci.com\/ekipman\/servis-ekipmanlari\/genel\/yag-hava-su-sistemleri\/atik-yag-sistemleri\/atik-yag-pompa-seti-379100\/\"]}]},{\"@type\":\"BreadcrumbList\",\"@id\":\"https:\/\/bakirci.com\/ekipman\/servis-ekipmanlari\/genel\/yag-hava-su-sistemleri\/atik-yag-sistemleri\/atik-yag-pompa-seti-379100\/#breadcrumb\",\"itemListElement\":[{\"@type\":\"ListItem\",\"position\":1,\"name\":\"Ekipman\",\"item\":\"https:\/\/bakirci.com\/ekipman\/\"},{\"@type\":\"ListItem\",\"position\":2,\"name\":\"Otomotiv Tesisleri \\u0130\\u00e7in Servis Ekipmanlar\\u0131\",\"item\":\"https:\/\/bakirci.com\/ekipman\/\"},{\"@type\":\"ListItem\",\"position\":3,\"name\":\"At\\u0131k Ya\\u011f Pompa Seti SAMOA (Born in SPAIN)379100\"}]}]}<\/script>\n<!-- \/ Yoast SEO plugin. -->","yoast_head_json":{"title":"At\u0131k Ya\u011f Pompa Seti SAMOA (Born in SPAIN)379100 - Bak\u0131rc\u0131 Garagineering","robots":{"index":"index","follow":"follow","max-snippet":"max-snippet:-1","max-image-preview":"max-image-preview:large","max-video-preview":"max-video-preview:-1"},"canonical":"https:\/\/bakirci.com\/ekipman\/servis-ekipmanlari\/genel\/yag-hava-su-sistemleri\/atik-yag-sistemleri\/atik-yag-pompa-seti-379100\/","og_locale":"tr_TR","og_type":"article","og_title":"At\u0131k Ya\u011f Pompa Seti SAMOA (Born in SPAIN)379100 - Bak\u0131rc\u0131 Garagineering","og_description":"At\u0131k Ya\u011f Pompa Seti - 379100  \u00c7ift etkili pompa yap\u0131s\u0131 sayesinde verimli kullan\u0131m  Pompa ba\u011flant\u0131 braketi ve tesisat ba\u011flant\u0131 hortumlar\u0131  1:1 At\u0131k ya\u011f pompas\u0131  \u00c7al\u0131\u015fma bas\u0131nc\u0131 1,5 \/ 10 bar  Pompa ya\u011f \u00e7\u0131k\u0131\u015f\u0131 maksimum 52 lt\/dk","og_url":"https:\/\/bakirci.com\/ekipman\/servis-ekipmanlari\/genel\/yag-hava-su-sistemleri\/atik-yag-sistemleri\/atik-yag-pompa-seti-379100\/","og_site_name":"Bak\u0131rc\u0131 Garagineering","article_publisher":"https:\/\/www.facebook.com\/bakirci.garagineering","article_modified_time":"2021-10-30T14:03:07+00:00","og_image":[{"width":455,"height":456,"url":"https:\/\/bakirci.com\/ekipman\/wp-content\/uploads\/2021\/01\/379100.png","path":"\/home\/bakirciwebsitesi\/public_html\/ekipman\/wp-content\/uploads\/2021\/01\/379100.png","size":"full","id":5035,"alt":"","pixels":207480,"type":"image\/png"}],"twitter_card":"summary_large_image","twitter_misc":{"Tahmini okuma s\u00fcresi":"1 dakika"},"schema":{"@context":"https:\/\/schema.org","@graph":[{"@type":"Organization","@id":"https:\/\/bakirci.com\/ekipman\/#organization","name":"Bak\u0131rc\u0131 garagineering","url":"https:\/\/bakirci.com\/ekipman\/","sameAs":["https:\/\/www.facebook.com\/bakirci.garagineering","https:\/\/www.instagram.com\/bakirci.garagineering\/","https:\/\/www.linkedin.com\/company\/bakirci-garagineering\/","https:\/\/www.youtube.com\/channel\/UCiVG6s_jALJ6Zk8085XiOQg"],"logo":{"@type":"ImageObject","@id":"https:\/\/bakirci.com\/ekipman\/#logo","inLanguage":"tr","url":"https:\/\/bakirci.com\/ekipman\/wp-content\/uploads\/2021\/09\/Bakirci-logo-lacivert.png","contentUrl":"https:\/\/bakirci.com\/ekipman\/wp-content\/uploads\/2021\/09\/Bakirci-logo-lacivert.png","width":501,"height":501,"caption":"Bak\u0131rc\u0131 garagineering"},"image":{"@id":"https:\/\/bakirci.com\/ekipman\/#logo"}},{"@type":"WebSite","@id":"https:\/\/bakirci.com\/ekipman\/#website","url":"https:\/\/bakirci.com\/ekipman\/","name":"Bak\u0131rc\u0131 Garagineering","description":"Otomotiv sekt\u00f6r\u00fcne \u00f6zel, \u201c\u00dcretici Standard\u0131nda\u201d \u00e7\u00f6z\u00fcmler\u2026","publisher":{"@id":"https:\/\/bakirci.com\/ekipman\/#organization"},"potentialAction":[{"@type":"SearchAction","target":{"@type":"EntryPoint","urlTemplate":"https:\/\/bakirci.com\/ekipman\/?s={search_term_string}"},"query-input":"required name=search_term_string"}],"inLanguage":"tr"},{"@type":"ImageObject","@id":"https:\/\/bakirci.com\/ekipman\/servis-ekipmanlari\/genel\/yag-hava-su-sistemleri\/atik-yag-sistemleri\/atik-yag-pompa-seti-379100\/#primaryimage","inLanguage":"tr","url":"https:\/\/bakirci.com\/ekipman\/wp-content\/uploads\/2021\/01\/379100.png","contentUrl":"https:\/\/bakirci.com\/ekipman\/wp-content\/uploads\/2021\/01\/379100.png","width":455,"height":456},{"@type":"WebPage","@id":"https:\/\/bakirci.com\/ekipman\/servis-ekipmanlari\/genel\/yag-hava-su-sistemleri\/atik-yag-sistemleri\/atik-yag-pompa-seti-379100\/#webpage","url":"https:\/\/bakirci.com\/ekipman\/servis-ekipmanlari\/genel\/yag-hava-su-sistemleri\/atik-yag-sistemleri\/atik-yag-pompa-seti-379100\/","name":"At\u0131k Ya\u011f Pompa Seti SAMOA (Born in SPAIN)379100 - Bak\u0131rc\u0131 Garagineering","isPartOf":{"@id":"https:\/\/bakirci.com\/ekipman\/#website"},"primaryImageOfPage":{"@id":"https:\/\/bakirci.com\/ekipman\/servis-ekipmanlari\/genel\/yag-hava-su-sistemleri\/atik-yag-sistemleri\/atik-yag-pompa-seti-379100\/#primaryimage"},"datePublished":"2021-01-01T09:15:17+00:00","dateModified":"2021-10-30T14:03:07+00:00","breadcrumb":{"@id":"https:\/\/bakirci.com\/ekipman\/servis-ekipmanlari\/genel\/yag-hava-su-sistemleri\/atik-yag-sistemleri\/atik-yag-pompa-seti-379100\/#breadcrumb"},"inLanguage":"tr","potentialAction":[{"@type":"ReadAction","target":["https:\/\/bakirci.com\/ekipman\/servis-ekipmanlari\/genel\/yag-hava-su-sistemleri\/atik-yag-sistemleri\/atik-yag-pompa-seti-379100\/"]}]},{"@type":"BreadcrumbList","@id":"https:\/\/bakirci.com\/ekipman\/servis-ekipmanlari\/genel\/yag-hava-su-sistemleri\/atik-yag-sistemleri\/atik-yag-pompa-seti-379100\/#breadcrumb","itemListElement":[{"@type":"ListItem","position":1,"name":"Ekipman","item":"https:\/\/bakirci.com\/ekipman\/"},{"@type":"ListItem","position":2,"name":"Otomotiv Tesisleri \u0130\u00e7in Servis Ekipmanlar\u0131","item":"https:\/\/bakirci.com\/ekipman\/"},{"@type":"ListItem","position":3,"name":"At\u0131k Ya\u011f Pompa Seti SAMOA (Born in SPAIN)379100"}]}]}},"_links":{"self":[{"href":"https:\/\/bakirci.com\/ekipman\/wp-json\/wp\/v2\/product\/4904","targetHints":{"allow":["GET"]}}],"collection":[{"href":"https:\/\/bakirci.com\/ekipman\/wp-json\/wp\/v2\/product"}],"about":[{"href":"https:\/\/bakirci.com\/ekipman\/wp-json\/wp\/v2\/types\/product"}],"replies":[{"embeddable":true,"href":"https:\/\/bakirci.com\/ekipman\/wp-json\/wp\/v2\/comments?post=4904"}],"wp:featuredmedia":[{"embeddable":true,"href":"https:\/\/bakirci.com\/ekipman\/wp-json\/wp\/v2\/media\/5035"}],"wp:attachment":[{"href":"https:\/\/bakirci.com\/ekipman\/wp-json\/wp\/v2\/media?parent=4904"}],"wp:term":[{"taxonomy":"product_cat","embeddable":true,"href":"https:\/\/bakirci.com\/ekipman\/wp-json\/wp\/v2\/product_cat?post=4904"},{"taxonomy":"product_tag","embeddable":true,"href":"https:\/\/bakirci.com\/ekipman\/wp-json\/wp\/v2\/product_tag?post=4904"}],"curies":[{"name":"wp","href":"https:\/\/api.w.org\/{rel}","templated":true}]}}