{"id":4898,"date":"2021-01-01T08:48:18","date_gmt":"2021-01-01T08:48:18","guid":{"rendered":"https:\/\/j6l.65c.myftpupload.com\/?post_type=product&#038;p=4898"},"modified":"2021-10-30T14:01:51","modified_gmt":"2021-10-30T14:01:51","slug":"karterden-yag-emme-ve-toplama-unitesi-372000","status":"publish","type":"product","link":"https:\/\/bakirci.com\/ekipman\/servis-ekipmanlari\/genel\/yag-hava-su-sistemleri\/atik-yag-sistemleri\/karterden-yag-emme-ve-toplama-unitesi-372000\/","title":{"rendered":"<p class=\"ustmetin\">Karterden Ya\u011f Emme ve Toplama \u00dcnitesi <\/p><p class=\"ortametin\">SAMOA <span class=\"ortametin2\">(Born in SPAIN)<\/span><p class=\"altmetin\">372000<br>Tank kapasitesi 100 lt<\/p>"},"content":{"rendered":"<ul>\n<li>Karterden Ya\u011f Emme ve Toplama \u00dcnitesi \u2013 372000<\/li>\n<li>Mobil kullan\u0131ma uygun, rahat hareket imkan\u0131 sa\u011flayan g\u00fc\u00e7lendirilmi\u015f tekerlek sistemi<\/li>\n<li>Y\u00fcksek performansl\u0131 ve d\u00fc\u015f\u00fck g\u00fcr\u00fclt\u00fcl\u00fc vakum pompas\u0131<\/li>\n<li>Ya\u011f s\u0131\u00e7ramas\u0131n\u0131 engelleyen, y\u00fcksekli\u011fi ayarlanabilen s\u00fczge\u00e7li ya\u011f toplama haznesi<\/li>\n<li>Bas\u0131nca dayan\u0131kl\u0131 fanus ve farkl\u0131 \u00f6l\u00e7\u00fclerde ya\u011f emi\u015f problar\u0131<\/li>\n<li>Ya\u011f seviye g\u00f6stergesi ve a\u015f\u0131r\u0131 bas\u0131n\u00e7 emniyet valfi<\/li>\n<li>Tahliye hortumu ile veya at\u0131k ya\u011f pompas\u0131 ile bo\u015faltma<\/li>\n<li>Fanus kapasitesi 10 lt<\/li>\n<li>Ya\u011f toplama haznesi 20 lt<\/li>\n<li>Tank kapasitesi 100 lt<\/li>\n<\/ul>\n","protected":false},"excerpt":{"rendered":"<ul>\n<li>Karterden Ya\u011f Emme ve Toplama \u00dcnitesi \u2013 372000<\/li>\n<li>Mobil kullan\u0131ma uygun, rahat hareket imkan\u0131 sa\u011flayan g\u00fc\u00e7lendirilmi\u015f tekerlek sistemi<\/li>\n<li>Y\u00fcksek performansl\u0131 ve d\u00fc\u015f\u00fck g\u00fcr\u00fclt\u00fcl\u00fc vakum pompas\u0131<\/li>\n<li>Ya\u011f s\u0131\u00e7ramas\u0131n\u0131 engelleyen, y\u00fcksekli\u011fi ayarlanabilen s\u00fczge\u00e7li ya\u011f toplama haznesi<\/li>\n<li>Bas\u0131nca dayan\u0131kl\u0131 fanus ve farkl\u0131 \u00f6l\u00e7\u00fclerde ya\u011f emi\u015f problar\u0131<\/li>\n<li>Ya\u011f seviye g\u00f6stergesi ve a\u015f\u0131r\u0131 bas\u0131n\u00e7 emniyet valfi<\/li>\n<li>Tahliye hortumu ile veya at\u0131k ya\u011f pompas\u0131 ile bo\u015faltma<\/li>\n<li>Fanus kapasitesi 10 lt<\/li>\n<li>Ya\u011f toplama haznesi 20 lt<\/li>\n<li>Tank kapasitesi 100 lt<\/li>\n<\/ul>\n","protected":false},"featured_media":5041,"comment_status":"closed","ping_status":"closed","template":"","meta":[],"product_cat":[188],"product_tag":[737,348,739,738],"class_list":["post-4898","product","type-product","status-publish","has-post-thumbnail","hentry","pwb-brand-samoa","product_cat-atik-yag-sistemleri","product_tag-merkezi-yaglama-sistemi","product_tag-samoa","product_tag-yag-basma-sistemi","product_tag-yag-dagitim"],"brands":[{"id":381,"name":"SAMOA","slug":"samoa"}],"yoast_head":"<!-- This site is optimized with the Yoast SEO plugin v17.1 - https:\/\/yoast.com\/wordpress\/plugins\/seo\/ -->\n<title>Karterden Ya\u011f Emme ve Toplama \u00dcnitesi SAMOA (Born in SPAIN)372000Tank kapasitesi 100 lt - Bak\u0131rc\u0131 Garagineering<\/title>\n<meta name=\"robots\" content=\"index, follow, max-snippet:-1, max-image-preview:large, max-video-preview:-1\" \/>\n<link rel=\"canonical\" href=\"https:\/\/bakirci.com\/ekipman\/servis-ekipmanlari\/genel\/yag-hava-su-sistemleri\/atik-yag-sistemleri\/karterden-yag-emme-ve-toplama-unitesi-372000\/\" \/>\n<meta property=\"og:locale\" content=\"tr_TR\" \/>\n<meta property=\"og:type\" content=\"article\" \/>\n<meta property=\"og:title\" content=\"Karterden Ya\u011f Emme ve Toplama \u00dcnitesi SAMOA (Born in SPAIN)372000Tank kapasitesi 100 lt - Bak\u0131rc\u0131 Garagineering\" \/>\n<meta property=\"og:description\" content=\"Karterden Ya\u011f Emme ve Toplama \u00dcnitesi \u2013 372000  Mobil kullan\u0131ma uygun, rahat hareket imkan\u0131 sa\u011flayan g\u00fc\u00e7lendirilmi\u015f tekerlek sistemi  Y\u00fcksek performansl\u0131 ve d\u00fc\u015f\u00fck g\u00fcr\u00fclt\u00fcl\u00fc vakum pompas\u0131  Ya\u011f s\u0131\u00e7ramas\u0131n\u0131 engelleyen, y\u00fcksekli\u011fi ayarlanabilen s\u00fczge\u00e7li ya\u011f toplama haznesi  Bas\u0131nca dayan\u0131kl\u0131 fanus ve farkl\u0131 \u00f6l\u00e7\u00fclerde ya\u011f emi\u015f problar\u0131  Ya\u011f seviye g\u00f6stergesi ve a\u015f\u0131r\u0131 bas\u0131n\u00e7 emniyet valfi  Tahliye hortumu ile veya at\u0131k ya\u011f pompas\u0131 ile bo\u015faltma  Fanus kapasitesi 10 lt  Ya\u011f toplama haznesi 20 lt  Tank kapasitesi 100 lt\" \/>\n<meta property=\"og:url\" content=\"https:\/\/bakirci.com\/ekipman\/servis-ekipmanlari\/genel\/yag-hava-su-sistemleri\/atik-yag-sistemleri\/karterden-yag-emme-ve-toplama-unitesi-372000\/\" \/>\n<meta property=\"og:site_name\" content=\"Bak\u0131rc\u0131 Garagineering\" \/>\n<meta property=\"article:publisher\" content=\"https:\/\/www.facebook.com\/bakirci.garagineering\" \/>\n<meta property=\"article:modified_time\" content=\"2021-10-30T14:01:51+00:00\" \/>\n<meta property=\"og:image\" content=\"https:\/\/bakirci.com\/ekipman\/wp-content\/uploads\/2021\/01\/372000.png\" \/>\n\t<meta property=\"og:image:width\" content=\"1047\" \/>\n\t<meta property=\"og:image:height\" content=\"1047\" \/>\n<meta name=\"twitter:card\" content=\"summary_large_image\" \/>\n<meta name=\"twitter:label1\" content=\"Tahmini okuma s\u00fcresi\" \/>\n\t<meta name=\"twitter:data1\" content=\"1 dakika\" \/>\n<script type=\"application\/ld+json\" class=\"yoast-schema-graph\">{\"@context\":\"https:\/\/schema.org\",\"@graph\":[{\"@type\":\"Organization\",\"@id\":\"https:\/\/bakirci.com\/ekipman\/#organization\",\"name\":\"Bak\\u0131rc\\u0131 garagineering\",\"url\":\"https:\/\/bakirci.com\/ekipman\/\",\"sameAs\":[\"https:\/\/www.facebook.com\/bakirci.garagineering\",\"https:\/\/www.instagram.com\/bakirci.garagineering\/\",\"https:\/\/www.linkedin.com\/company\/bakirci-garagineering\/\",\"https:\/\/www.youtube.com\/channel\/UCiVG6s_jALJ6Zk8085XiOQg\"],\"logo\":{\"@type\":\"ImageObject\",\"@id\":\"https:\/\/bakirci.com\/ekipman\/#logo\",\"inLanguage\":\"tr\",\"url\":\"https:\/\/bakirci.com\/ekipman\/wp-content\/uploads\/2021\/09\/Bakirci-logo-lacivert.png\",\"contentUrl\":\"https:\/\/bakirci.com\/ekipman\/wp-content\/uploads\/2021\/09\/Bakirci-logo-lacivert.png\",\"width\":501,\"height\":501,\"caption\":\"Bak\\u0131rc\\u0131 garagineering\"},\"image\":{\"@id\":\"https:\/\/bakirci.com\/ekipman\/#logo\"}},{\"@type\":\"WebSite\",\"@id\":\"https:\/\/bakirci.com\/ekipman\/#website\",\"url\":\"https:\/\/bakirci.com\/ekipman\/\",\"name\":\"Bak\\u0131rc\\u0131 Garagineering\",\"description\":\"Otomotiv sekt\\u00f6r\\u00fcne \\u00f6zel, \\u201c\\u00dcretici Standard\\u0131nda\\u201d \\u00e7\\u00f6z\\u00fcmler\\u2026\",\"publisher\":{\"@id\":\"https:\/\/bakirci.com\/ekipman\/#organization\"},\"potentialAction\":[{\"@type\":\"SearchAction\",\"target\":{\"@type\":\"EntryPoint\",\"urlTemplate\":\"https:\/\/bakirci.com\/ekipman\/?s={search_term_string}\"},\"query-input\":\"required name=search_term_string\"}],\"inLanguage\":\"tr\"},{\"@type\":\"ImageObject\",\"@id\":\"https:\/\/bakirci.com\/ekipman\/servis-ekipmanlari\/genel\/yag-hava-su-sistemleri\/atik-yag-sistemleri\/karterden-yag-emme-ve-toplama-unitesi-372000\/#primaryimage\",\"inLanguage\":\"tr\",\"url\":\"https:\/\/bakirci.com\/ekipman\/wp-content\/uploads\/2021\/01\/372000.png\",\"contentUrl\":\"https:\/\/bakirci.com\/ekipman\/wp-content\/uploads\/2021\/01\/372000.png\",\"width\":1047,\"height\":1047},{\"@type\":\"WebPage\",\"@id\":\"https:\/\/bakirci.com\/ekipman\/servis-ekipmanlari\/genel\/yag-hava-su-sistemleri\/atik-yag-sistemleri\/karterden-yag-emme-ve-toplama-unitesi-372000\/#webpage\",\"url\":\"https:\/\/bakirci.com\/ekipman\/servis-ekipmanlari\/genel\/yag-hava-su-sistemleri\/atik-yag-sistemleri\/karterden-yag-emme-ve-toplama-unitesi-372000\/\",\"name\":\"Karterden Ya\\u011f Emme ve Toplama \\u00dcnitesi SAMOA (Born in SPAIN)372000 Tank kapasitesi 100 lt - Bak\\u0131rc\\u0131 Garagineering\",\"isPartOf\":{\"@id\":\"https:\/\/bakirci.com\/ekipman\/#website\"},\"primaryImageOfPage\":{\"@id\":\"https:\/\/bakirci.com\/ekipman\/servis-ekipmanlari\/genel\/yag-hava-su-sistemleri\/atik-yag-sistemleri\/karterden-yag-emme-ve-toplama-unitesi-372000\/#primaryimage\"},\"datePublished\":\"2021-01-01T08:48:18+00:00\",\"dateModified\":\"2021-10-30T14:01:51+00:00\",\"breadcrumb\":{\"@id\":\"https:\/\/bakirci.com\/ekipman\/servis-ekipmanlari\/genel\/yag-hava-su-sistemleri\/atik-yag-sistemleri\/karterden-yag-emme-ve-toplama-unitesi-372000\/#breadcrumb\"},\"inLanguage\":\"tr\",\"potentialAction\":[{\"@type\":\"ReadAction\",\"target\":[\"https:\/\/bakirci.com\/ekipman\/servis-ekipmanlari\/genel\/yag-hava-su-sistemleri\/atik-yag-sistemleri\/karterden-yag-emme-ve-toplama-unitesi-372000\/\"]}]},{\"@type\":\"BreadcrumbList\",\"@id\":\"https:\/\/bakirci.com\/ekipman\/servis-ekipmanlari\/genel\/yag-hava-su-sistemleri\/atik-yag-sistemleri\/karterden-yag-emme-ve-toplama-unitesi-372000\/#breadcrumb\",\"itemListElement\":[{\"@type\":\"ListItem\",\"position\":1,\"name\":\"Ekipman\",\"item\":\"https:\/\/bakirci.com\/ekipman\/\"},{\"@type\":\"ListItem\",\"position\":2,\"name\":\"Otomotiv Tesisleri \\u0130\\u00e7in Servis Ekipmanlar\\u0131\",\"item\":\"https:\/\/bakirci.com\/ekipman\/\"},{\"@type\":\"ListItem\",\"position\":3,\"name\":\"Karterden Ya\\u011f Emme ve Toplama \\u00dcnitesi SAMOA (Born in SPAIN)372000Tank kapasitesi 100 lt\"}]}]}<\/script>\n<!-- \/ Yoast SEO plugin. -->","yoast_head_json":{"title":"Karterden Ya\u011f Emme ve Toplama \u00dcnitesi SAMOA (Born in SPAIN)372000Tank kapasitesi 100 lt - Bak\u0131rc\u0131 Garagineering","robots":{"index":"index","follow":"follow","max-snippet":"max-snippet:-1","max-image-preview":"max-image-preview:large","max-video-preview":"max-video-preview:-1"},"canonical":"https:\/\/bakirci.com\/ekipman\/servis-ekipmanlari\/genel\/yag-hava-su-sistemleri\/atik-yag-sistemleri\/karterden-yag-emme-ve-toplama-unitesi-372000\/","og_locale":"tr_TR","og_type":"article","og_title":"Karterden Ya\u011f Emme ve Toplama \u00dcnitesi SAMOA (Born in SPAIN)372000Tank kapasitesi 100 lt - Bak\u0131rc\u0131 Garagineering","og_description":"Karterden Ya\u011f Emme ve Toplama \u00dcnitesi \u2013 372000  Mobil kullan\u0131ma uygun, rahat hareket imkan\u0131 sa\u011flayan g\u00fc\u00e7lendirilmi\u015f tekerlek sistemi  Y\u00fcksek performansl\u0131 ve d\u00fc\u015f\u00fck g\u00fcr\u00fclt\u00fcl\u00fc vakum pompas\u0131  Ya\u011f s\u0131\u00e7ramas\u0131n\u0131 engelleyen, y\u00fcksekli\u011fi ayarlanabilen s\u00fczge\u00e7li ya\u011f toplama haznesi  Bas\u0131nca dayan\u0131kl\u0131 fanus ve farkl\u0131 \u00f6l\u00e7\u00fclerde ya\u011f emi\u015f problar\u0131  Ya\u011f seviye g\u00f6stergesi ve a\u015f\u0131r\u0131 bas\u0131n\u00e7 emniyet valfi  Tahliye hortumu ile veya at\u0131k ya\u011f pompas\u0131 ile bo\u015faltma  Fanus kapasitesi 10 lt  Ya\u011f toplama haznesi 20 lt  Tank kapasitesi 100 lt","og_url":"https:\/\/bakirci.com\/ekipman\/servis-ekipmanlari\/genel\/yag-hava-su-sistemleri\/atik-yag-sistemleri\/karterden-yag-emme-ve-toplama-unitesi-372000\/","og_site_name":"Bak\u0131rc\u0131 Garagineering","article_publisher":"https:\/\/www.facebook.com\/bakirci.garagineering","article_modified_time":"2021-10-30T14:01:51+00:00","og_image":[{"width":1047,"height":1047,"url":"https:\/\/bakirci.com\/ekipman\/wp-content\/uploads\/2021\/01\/372000.png","path":"\/home\/bakirciwebsitesi\/public_html\/ekipman\/wp-content\/uploads\/2021\/01\/372000.png","size":"full","id":5041,"alt":"","pixels":1096209,"type":"image\/png"}],"twitter_card":"summary_large_image","twitter_misc":{"Tahmini okuma s\u00fcresi":"1 dakika"},"schema":{"@context":"https:\/\/schema.org","@graph":[{"@type":"Organization","@id":"https:\/\/bakirci.com\/ekipman\/#organization","name":"Bak\u0131rc\u0131 garagineering","url":"https:\/\/bakirci.com\/ekipman\/","sameAs":["https:\/\/www.facebook.com\/bakirci.garagineering","https:\/\/www.instagram.com\/bakirci.garagineering\/","https:\/\/www.linkedin.com\/company\/bakirci-garagineering\/","https:\/\/www.youtube.com\/channel\/UCiVG6s_jALJ6Zk8085XiOQg"],"logo":{"@type":"ImageObject","@id":"https:\/\/bakirci.com\/ekipman\/#logo","inLanguage":"tr","url":"https:\/\/bakirci.com\/ekipman\/wp-content\/uploads\/2021\/09\/Bakirci-logo-lacivert.png","contentUrl":"https:\/\/bakirci.com\/ekipman\/wp-content\/uploads\/2021\/09\/Bakirci-logo-lacivert.png","width":501,"height":501,"caption":"Bak\u0131rc\u0131 garagineering"},"image":{"@id":"https:\/\/bakirci.com\/ekipman\/#logo"}},{"@type":"WebSite","@id":"https:\/\/bakirci.com\/ekipman\/#website","url":"https:\/\/bakirci.com\/ekipman\/","name":"Bak\u0131rc\u0131 Garagineering","description":"Otomotiv sekt\u00f6r\u00fcne \u00f6zel, \u201c\u00dcretici Standard\u0131nda\u201d \u00e7\u00f6z\u00fcmler\u2026","publisher":{"@id":"https:\/\/bakirci.com\/ekipman\/#organization"},"potentialAction":[{"@type":"SearchAction","target":{"@type":"EntryPoint","urlTemplate":"https:\/\/bakirci.com\/ekipman\/?s={search_term_string}"},"query-input":"required name=search_term_string"}],"inLanguage":"tr"},{"@type":"ImageObject","@id":"https:\/\/bakirci.com\/ekipman\/servis-ekipmanlari\/genel\/yag-hava-su-sistemleri\/atik-yag-sistemleri\/karterden-yag-emme-ve-toplama-unitesi-372000\/#primaryimage","inLanguage":"tr","url":"https:\/\/bakirci.com\/ekipman\/wp-content\/uploads\/2021\/01\/372000.png","contentUrl":"https:\/\/bakirci.com\/ekipman\/wp-content\/uploads\/2021\/01\/372000.png","width":1047,"height":1047},{"@type":"WebPage","@id":"https:\/\/bakirci.com\/ekipman\/servis-ekipmanlari\/genel\/yag-hava-su-sistemleri\/atik-yag-sistemleri\/karterden-yag-emme-ve-toplama-unitesi-372000\/#webpage","url":"https:\/\/bakirci.com\/ekipman\/servis-ekipmanlari\/genel\/yag-hava-su-sistemleri\/atik-yag-sistemleri\/karterden-yag-emme-ve-toplama-unitesi-372000\/","name":"Karterden Ya\u011f Emme ve Toplama \u00dcnitesi SAMOA (Born in SPAIN)372000 Tank kapasitesi 100 lt - Bak\u0131rc\u0131 Garagineering","isPartOf":{"@id":"https:\/\/bakirci.com\/ekipman\/#website"},"primaryImageOfPage":{"@id":"https:\/\/bakirci.com\/ekipman\/servis-ekipmanlari\/genel\/yag-hava-su-sistemleri\/atik-yag-sistemleri\/karterden-yag-emme-ve-toplama-unitesi-372000\/#primaryimage"},"datePublished":"2021-01-01T08:48:18+00:00","dateModified":"2021-10-30T14:01:51+00:00","breadcrumb":{"@id":"https:\/\/bakirci.com\/ekipman\/servis-ekipmanlari\/genel\/yag-hava-su-sistemleri\/atik-yag-sistemleri\/karterden-yag-emme-ve-toplama-unitesi-372000\/#breadcrumb"},"inLanguage":"tr","potentialAction":[{"@type":"ReadAction","target":["https:\/\/bakirci.com\/ekipman\/servis-ekipmanlari\/genel\/yag-hava-su-sistemleri\/atik-yag-sistemleri\/karterden-yag-emme-ve-toplama-unitesi-372000\/"]}]},{"@type":"BreadcrumbList","@id":"https:\/\/bakirci.com\/ekipman\/servis-ekipmanlari\/genel\/yag-hava-su-sistemleri\/atik-yag-sistemleri\/karterden-yag-emme-ve-toplama-unitesi-372000\/#breadcrumb","itemListElement":[{"@type":"ListItem","position":1,"name":"Ekipman","item":"https:\/\/bakirci.com\/ekipman\/"},{"@type":"ListItem","position":2,"name":"Otomotiv Tesisleri \u0130\u00e7in Servis Ekipmanlar\u0131","item":"https:\/\/bakirci.com\/ekipman\/"},{"@type":"ListItem","position":3,"name":"Karterden Ya\u011f Emme ve Toplama \u00dcnitesi SAMOA (Born in SPAIN)372000Tank kapasitesi 100 lt"}]}]}},"_links":{"self":[{"href":"https:\/\/bakirci.com\/ekipman\/wp-json\/wp\/v2\/product\/4898","targetHints":{"allow":["GET"]}}],"collection":[{"href":"https:\/\/bakirci.com\/ekipman\/wp-json\/wp\/v2\/product"}],"about":[{"href":"https:\/\/bakirci.com\/ekipman\/wp-json\/wp\/v2\/types\/product"}],"replies":[{"embeddable":true,"href":"https:\/\/bakirci.com\/ekipman\/wp-json\/wp\/v2\/comments?post=4898"}],"wp:featuredmedia":[{"embeddable":true,"href":"https:\/\/bakirci.com\/ekipman\/wp-json\/wp\/v2\/media\/5041"}],"wp:attachment":[{"href":"https:\/\/bakirci.com\/ekipman\/wp-json\/wp\/v2\/media?parent=4898"}],"wp:term":[{"taxonomy":"product_cat","embeddable":true,"href":"https:\/\/bakirci.com\/ekipman\/wp-json\/wp\/v2\/product_cat?post=4898"},{"taxonomy":"product_tag","embeddable":true,"href":"https:\/\/bakirci.com\/ekipman\/wp-json\/wp\/v2\/product_tag?post=4898"}],"curies":[{"name":"wp","href":"https:\/\/api.w.org\/{rel}","templated":true}]}}