{"id":4897,"date":"2021-01-01T08:45:55","date_gmt":"2021-01-01T08:45:55","guid":{"rendered":"https:\/\/j6l.65c.myftpupload.com\/?post_type=product&#038;p=4897"},"modified":"2021-10-30T14:01:37","modified_gmt":"2021-10-30T14:01:37","slug":"hava-makarasi-seti-30830230","status":"publish","type":"product","link":"https:\/\/bakirci.com\/ekipman\/servis-ekipmanlari\/genel\/yag-hava-su-sistemleri\/hava-su-ekipmanlari\/hava-makarasi-seti-30830230\/","title":{"rendered":"<p class=\"ustmetin\">Hava Makaras\u0131 Seti <\/p><p class=\"ortametin\">NEDERMAN <span class=\"ortametin2\">(Born in SWEDEN)<\/span><p class=\"altmetin\">30830230<br>Hortum uzunlu\u011fu 10mt<\/p>"},"content":{"rendered":"<ul>\n<li>Hava Makaralar\u0131<\/li>\n<li>Darbeye dayan\u0131kl\u0131, hortumun \u00e7eki\u015f y\u00f6n\u00fcne g\u00f6re sa\u011fa sola hareket edebilen kompozit g\u00f6vde<\/li>\n<li>Y\u00fcksek kaliteli yay ve tambur yap\u0131s\u0131<\/li>\n<li>H\u0131zl\u0131 ba\u011flant\u0131 di\u015fi kaplini 3\/8&#8243;<\/li>\n<li>Hortum uzunlu\u011fu 10mt<\/li>\n<li>Hortum \u00e7ap\u0131 3\/8&#8243;<\/li>\n<\/ul>\n","protected":false},"excerpt":{"rendered":"<ul>\n<li>Hava Makaralar\u0131<\/li>\n<li>Darbeye dayan\u0131kl\u0131, hortumun \u00e7eki\u015f y\u00f6n\u00fcne g\u00f6re sa\u011fa sola hareket edebilen kompozit g\u00f6vde<\/li>\n<li>Y\u00fcksek kaliteli yay ve tambur yap\u0131s\u0131<\/li>\n<li>H\u0131zl\u0131 ba\u011flant\u0131 di\u015fi kaplini 3\/8&#8243;<\/li>\n<li>Hortum uzunlu\u011fu 10mt<\/li>\n<li>Hortum \u00e7ap\u0131 3\/8&#8243;<\/li>\n<\/ul>\n","protected":false},"featured_media":5256,"comment_status":"closed","ping_status":"closed","template":"","meta":[],"product_cat":[190],"product_tag":[737,350,739,738],"class_list":["post-4897","product","type-product","status-publish","has-post-thumbnail","hentry","pwb-brand-nederman","product_cat-hava-su-ekipmanlari","product_tag-merkezi-yaglama-sistemi","product_tag-nederman","product_tag-yag-basma-sistemi","product_tag-yag-dagitim"],"brands":[{"id":391,"name":"NEDERMAN","slug":"nederman"}],"yoast_head":"<!-- This site is optimized with the Yoast SEO plugin v17.1 - https:\/\/yoast.com\/wordpress\/plugins\/seo\/ -->\n<title>Hava Makaras\u0131 Seti NEDERMAN (Born in SWEDEN)30830230Hortum uzunlu\u011fu 10mt - Bak\u0131rc\u0131 Garagineering<\/title>\n<meta name=\"robots\" content=\"index, follow, max-snippet:-1, max-image-preview:large, max-video-preview:-1\" \/>\n<link rel=\"canonical\" href=\"https:\/\/bakirci.com\/ekipman\/servis-ekipmanlari\/genel\/yag-hava-su-sistemleri\/hava-su-ekipmanlari\/hava-makarasi-seti-30830230\/\" \/>\n<meta property=\"og:locale\" content=\"tr_TR\" \/>\n<meta property=\"og:type\" content=\"article\" \/>\n<meta property=\"og:title\" content=\"Hava Makaras\u0131 Seti NEDERMAN (Born in SWEDEN)30830230Hortum uzunlu\u011fu 10mt - Bak\u0131rc\u0131 Garagineering\" \/>\n<meta property=\"og:description\" content=\"Hava Makaralar\u0131  Darbeye dayan\u0131kl\u0131, hortumun \u00e7eki\u015f y\u00f6n\u00fcne g\u00f6re sa\u011fa sola hareket edebilen kompozit g\u00f6vde  Y\u00fcksek kaliteli yay ve tambur yap\u0131s\u0131  H\u0131zl\u0131 ba\u011flant\u0131 di\u015fi kaplini 3\/8&quot;  Hortum uzunlu\u011fu 10mt  Hortum \u00e7ap\u0131 3\/8&quot;\" \/>\n<meta property=\"og:url\" content=\"https:\/\/bakirci.com\/ekipman\/servis-ekipmanlari\/genel\/yag-hava-su-sistemleri\/hava-su-ekipmanlari\/hava-makarasi-seti-30830230\/\" \/>\n<meta property=\"og:site_name\" content=\"Bak\u0131rc\u0131 Garagineering\" \/>\n<meta property=\"article:publisher\" content=\"https:\/\/www.facebook.com\/bakirci.garagineering\" \/>\n<meta property=\"article:modified_time\" content=\"2021-10-30T14:01:37+00:00\" \/>\n<meta property=\"og:image\" content=\"https:\/\/bakirci.com\/ekipman\/wp-content\/uploads\/2021\/01\/hava-makarasi-seti.jpg\" \/>\n\t<meta property=\"og:image:width\" content=\"1600\" \/>\n\t<meta property=\"og:image:height\" content=\"1600\" \/>\n<meta name=\"twitter:card\" content=\"summary_large_image\" \/>\n<meta name=\"twitter:label1\" content=\"Tahmini okuma s\u00fcresi\" \/>\n\t<meta name=\"twitter:data1\" content=\"1 dakika\" \/>\n<script type=\"application\/ld+json\" class=\"yoast-schema-graph\">{\"@context\":\"https:\/\/schema.org\",\"@graph\":[{\"@type\":\"Organization\",\"@id\":\"https:\/\/bakirci.com\/ekipman\/#organization\",\"name\":\"Bak\\u0131rc\\u0131 garagineering\",\"url\":\"https:\/\/bakirci.com\/ekipman\/\",\"sameAs\":[\"https:\/\/www.facebook.com\/bakirci.garagineering\",\"https:\/\/www.instagram.com\/bakirci.garagineering\/\",\"https:\/\/www.linkedin.com\/company\/bakirci-garagineering\/\",\"https:\/\/www.youtube.com\/channel\/UCiVG6s_jALJ6Zk8085XiOQg\"],\"logo\":{\"@type\":\"ImageObject\",\"@id\":\"https:\/\/bakirci.com\/ekipman\/#logo\",\"inLanguage\":\"tr\",\"url\":\"https:\/\/bakirci.com\/ekipman\/wp-content\/uploads\/2021\/09\/Bakirci-logo-lacivert.png\",\"contentUrl\":\"https:\/\/bakirci.com\/ekipman\/wp-content\/uploads\/2021\/09\/Bakirci-logo-lacivert.png\",\"width\":501,\"height\":501,\"caption\":\"Bak\\u0131rc\\u0131 garagineering\"},\"image\":{\"@id\":\"https:\/\/bakirci.com\/ekipman\/#logo\"}},{\"@type\":\"WebSite\",\"@id\":\"https:\/\/bakirci.com\/ekipman\/#website\",\"url\":\"https:\/\/bakirci.com\/ekipman\/\",\"name\":\"Bak\\u0131rc\\u0131 Garagineering\",\"description\":\"Otomotiv sekt\\u00f6r\\u00fcne \\u00f6zel, \\u201c\\u00dcretici Standard\\u0131nda\\u201d \\u00e7\\u00f6z\\u00fcmler\\u2026\",\"publisher\":{\"@id\":\"https:\/\/bakirci.com\/ekipman\/#organization\"},\"potentialAction\":[{\"@type\":\"SearchAction\",\"target\":{\"@type\":\"EntryPoint\",\"urlTemplate\":\"https:\/\/bakirci.com\/ekipman\/?s={search_term_string}\"},\"query-input\":\"required name=search_term_string\"}],\"inLanguage\":\"tr\"},{\"@type\":\"ImageObject\",\"@id\":\"https:\/\/bakirci.com\/ekipman\/servis-ekipmanlari\/genel\/yag-hava-su-sistemleri\/hava-su-ekipmanlari\/hava-makarasi-seti-30830230\/#primaryimage\",\"inLanguage\":\"tr\",\"url\":\"https:\/\/bakirci.com\/ekipman\/wp-content\/uploads\/2021\/01\/hava-makarasi-seti.jpg\",\"contentUrl\":\"https:\/\/bakirci.com\/ekipman\/wp-content\/uploads\/2021\/01\/hava-makarasi-seti.jpg\",\"width\":1600,\"height\":1600},{\"@type\":\"WebPage\",\"@id\":\"https:\/\/bakirci.com\/ekipman\/servis-ekipmanlari\/genel\/yag-hava-su-sistemleri\/hava-su-ekipmanlari\/hava-makarasi-seti-30830230\/#webpage\",\"url\":\"https:\/\/bakirci.com\/ekipman\/servis-ekipmanlari\/genel\/yag-hava-su-sistemleri\/hava-su-ekipmanlari\/hava-makarasi-seti-30830230\/\",\"name\":\"Hava Makaras\\u0131 Seti NEDERMAN (Born in SWEDEN)30830230 Hortum uzunlu\\u011fu 10mt - Bak\\u0131rc\\u0131 Garagineering\",\"isPartOf\":{\"@id\":\"https:\/\/bakirci.com\/ekipman\/#website\"},\"primaryImageOfPage\":{\"@id\":\"https:\/\/bakirci.com\/ekipman\/servis-ekipmanlari\/genel\/yag-hava-su-sistemleri\/hava-su-ekipmanlari\/hava-makarasi-seti-30830230\/#primaryimage\"},\"datePublished\":\"2021-01-01T08:45:55+00:00\",\"dateModified\":\"2021-10-30T14:01:37+00:00\",\"breadcrumb\":{\"@id\":\"https:\/\/bakirci.com\/ekipman\/servis-ekipmanlari\/genel\/yag-hava-su-sistemleri\/hava-su-ekipmanlari\/hava-makarasi-seti-30830230\/#breadcrumb\"},\"inLanguage\":\"tr\",\"potentialAction\":[{\"@type\":\"ReadAction\",\"target\":[\"https:\/\/bakirci.com\/ekipman\/servis-ekipmanlari\/genel\/yag-hava-su-sistemleri\/hava-su-ekipmanlari\/hava-makarasi-seti-30830230\/\"]}]},{\"@type\":\"BreadcrumbList\",\"@id\":\"https:\/\/bakirci.com\/ekipman\/servis-ekipmanlari\/genel\/yag-hava-su-sistemleri\/hava-su-ekipmanlari\/hava-makarasi-seti-30830230\/#breadcrumb\",\"itemListElement\":[{\"@type\":\"ListItem\",\"position\":1,\"name\":\"Ekipman\",\"item\":\"https:\/\/bakirci.com\/ekipman\/\"},{\"@type\":\"ListItem\",\"position\":2,\"name\":\"Otomotiv Tesisleri \\u0130\\u00e7in Servis Ekipmanlar\\u0131\",\"item\":\"https:\/\/bakirci.com\/ekipman\/\"},{\"@type\":\"ListItem\",\"position\":3,\"name\":\"Hava Makaras\\u0131 Seti NEDERMAN (Born in SWEDEN)30830230Hortum uzunlu\\u011fu 10mt\"}]}]}<\/script>\n<!-- \/ Yoast SEO plugin. -->","yoast_head_json":{"title":"Hava Makaras\u0131 Seti NEDERMAN (Born in SWEDEN)30830230Hortum uzunlu\u011fu 10mt - Bak\u0131rc\u0131 Garagineering","robots":{"index":"index","follow":"follow","max-snippet":"max-snippet:-1","max-image-preview":"max-image-preview:large","max-video-preview":"max-video-preview:-1"},"canonical":"https:\/\/bakirci.com\/ekipman\/servis-ekipmanlari\/genel\/yag-hava-su-sistemleri\/hava-su-ekipmanlari\/hava-makarasi-seti-30830230\/","og_locale":"tr_TR","og_type":"article","og_title":"Hava Makaras\u0131 Seti NEDERMAN (Born in SWEDEN)30830230Hortum uzunlu\u011fu 10mt - Bak\u0131rc\u0131 Garagineering","og_description":"Hava Makaralar\u0131  Darbeye dayan\u0131kl\u0131, hortumun \u00e7eki\u015f y\u00f6n\u00fcne g\u00f6re sa\u011fa sola hareket edebilen kompozit g\u00f6vde  Y\u00fcksek kaliteli yay ve tambur yap\u0131s\u0131  H\u0131zl\u0131 ba\u011flant\u0131 di\u015fi kaplini 3\/8\"  Hortum uzunlu\u011fu 10mt  Hortum \u00e7ap\u0131 3\/8\"","og_url":"https:\/\/bakirci.com\/ekipman\/servis-ekipmanlari\/genel\/yag-hava-su-sistemleri\/hava-su-ekipmanlari\/hava-makarasi-seti-30830230\/","og_site_name":"Bak\u0131rc\u0131 Garagineering","article_publisher":"https:\/\/www.facebook.com\/bakirci.garagineering","article_modified_time":"2021-10-30T14:01:37+00:00","og_image":[{"width":1600,"height":1600,"url":"https:\/\/bakirci.com\/ekipman\/wp-content\/uploads\/2021\/01\/hava-makarasi-seti.jpg","path":"\/home\/bakirciwebsitesi\/public_html\/ekipman\/wp-content\/uploads\/2021\/01\/hava-makarasi-seti.jpg","size":"full","id":5256,"alt":"","pixels":2560000,"type":"image\/jpeg"}],"twitter_card":"summary_large_image","twitter_misc":{"Tahmini okuma s\u00fcresi":"1 dakika"},"schema":{"@context":"https:\/\/schema.org","@graph":[{"@type":"Organization","@id":"https:\/\/bakirci.com\/ekipman\/#organization","name":"Bak\u0131rc\u0131 garagineering","url":"https:\/\/bakirci.com\/ekipman\/","sameAs":["https:\/\/www.facebook.com\/bakirci.garagineering","https:\/\/www.instagram.com\/bakirci.garagineering\/","https:\/\/www.linkedin.com\/company\/bakirci-garagineering\/","https:\/\/www.youtube.com\/channel\/UCiVG6s_jALJ6Zk8085XiOQg"],"logo":{"@type":"ImageObject","@id":"https:\/\/bakirci.com\/ekipman\/#logo","inLanguage":"tr","url":"https:\/\/bakirci.com\/ekipman\/wp-content\/uploads\/2021\/09\/Bakirci-logo-lacivert.png","contentUrl":"https:\/\/bakirci.com\/ekipman\/wp-content\/uploads\/2021\/09\/Bakirci-logo-lacivert.png","width":501,"height":501,"caption":"Bak\u0131rc\u0131 garagineering"},"image":{"@id":"https:\/\/bakirci.com\/ekipman\/#logo"}},{"@type":"WebSite","@id":"https:\/\/bakirci.com\/ekipman\/#website","url":"https:\/\/bakirci.com\/ekipman\/","name":"Bak\u0131rc\u0131 Garagineering","description":"Otomotiv sekt\u00f6r\u00fcne \u00f6zel, \u201c\u00dcretici Standard\u0131nda\u201d \u00e7\u00f6z\u00fcmler\u2026","publisher":{"@id":"https:\/\/bakirci.com\/ekipman\/#organization"},"potentialAction":[{"@type":"SearchAction","target":{"@type":"EntryPoint","urlTemplate":"https:\/\/bakirci.com\/ekipman\/?s={search_term_string}"},"query-input":"required name=search_term_string"}],"inLanguage":"tr"},{"@type":"ImageObject","@id":"https:\/\/bakirci.com\/ekipman\/servis-ekipmanlari\/genel\/yag-hava-su-sistemleri\/hava-su-ekipmanlari\/hava-makarasi-seti-30830230\/#primaryimage","inLanguage":"tr","url":"https:\/\/bakirci.com\/ekipman\/wp-content\/uploads\/2021\/01\/hava-makarasi-seti.jpg","contentUrl":"https:\/\/bakirci.com\/ekipman\/wp-content\/uploads\/2021\/01\/hava-makarasi-seti.jpg","width":1600,"height":1600},{"@type":"WebPage","@id":"https:\/\/bakirci.com\/ekipman\/servis-ekipmanlari\/genel\/yag-hava-su-sistemleri\/hava-su-ekipmanlari\/hava-makarasi-seti-30830230\/#webpage","url":"https:\/\/bakirci.com\/ekipman\/servis-ekipmanlari\/genel\/yag-hava-su-sistemleri\/hava-su-ekipmanlari\/hava-makarasi-seti-30830230\/","name":"Hava Makaras\u0131 Seti NEDERMAN (Born in SWEDEN)30830230 Hortum uzunlu\u011fu 10mt - Bak\u0131rc\u0131 Garagineering","isPartOf":{"@id":"https:\/\/bakirci.com\/ekipman\/#website"},"primaryImageOfPage":{"@id":"https:\/\/bakirci.com\/ekipman\/servis-ekipmanlari\/genel\/yag-hava-su-sistemleri\/hava-su-ekipmanlari\/hava-makarasi-seti-30830230\/#primaryimage"},"datePublished":"2021-01-01T08:45:55+00:00","dateModified":"2021-10-30T14:01:37+00:00","breadcrumb":{"@id":"https:\/\/bakirci.com\/ekipman\/servis-ekipmanlari\/genel\/yag-hava-su-sistemleri\/hava-su-ekipmanlari\/hava-makarasi-seti-30830230\/#breadcrumb"},"inLanguage":"tr","potentialAction":[{"@type":"ReadAction","target":["https:\/\/bakirci.com\/ekipman\/servis-ekipmanlari\/genel\/yag-hava-su-sistemleri\/hava-su-ekipmanlari\/hava-makarasi-seti-30830230\/"]}]},{"@type":"BreadcrumbList","@id":"https:\/\/bakirci.com\/ekipman\/servis-ekipmanlari\/genel\/yag-hava-su-sistemleri\/hava-su-ekipmanlari\/hava-makarasi-seti-30830230\/#breadcrumb","itemListElement":[{"@type":"ListItem","position":1,"name":"Ekipman","item":"https:\/\/bakirci.com\/ekipman\/"},{"@type":"ListItem","position":2,"name":"Otomotiv Tesisleri \u0130\u00e7in Servis Ekipmanlar\u0131","item":"https:\/\/bakirci.com\/ekipman\/"},{"@type":"ListItem","position":3,"name":"Hava Makaras\u0131 Seti NEDERMAN (Born in SWEDEN)30830230Hortum uzunlu\u011fu 10mt"}]}]}},"_links":{"self":[{"href":"https:\/\/bakirci.com\/ekipman\/wp-json\/wp\/v2\/product\/4897","targetHints":{"allow":["GET"]}}],"collection":[{"href":"https:\/\/bakirci.com\/ekipman\/wp-json\/wp\/v2\/product"}],"about":[{"href":"https:\/\/bakirci.com\/ekipman\/wp-json\/wp\/v2\/types\/product"}],"replies":[{"embeddable":true,"href":"https:\/\/bakirci.com\/ekipman\/wp-json\/wp\/v2\/comments?post=4897"}],"wp:featuredmedia":[{"embeddable":true,"href":"https:\/\/bakirci.com\/ekipman\/wp-json\/wp\/v2\/media\/5256"}],"wp:attachment":[{"href":"https:\/\/bakirci.com\/ekipman\/wp-json\/wp\/v2\/media?parent=4897"}],"wp:term":[{"taxonomy":"product_cat","embeddable":true,"href":"https:\/\/bakirci.com\/ekipman\/wp-json\/wp\/v2\/product_cat?post=4897"},{"taxonomy":"product_tag","embeddable":true,"href":"https:\/\/bakirci.com\/ekipman\/wp-json\/wp\/v2\/product_tag?post=4897"}],"curies":[{"name":"wp","href":"https:\/\/api.w.org\/{rel}","templated":true}]}}