{"id":4888,"date":"2021-01-01T08:00:25","date_gmt":"2021-01-01T08:00:25","guid":{"rendered":"https:\/\/j6l.65c.myftpupload.com\/?post_type=product&#038;p=4888"},"modified":"2021-10-30T13:59:05","modified_gmt":"2021-10-30T13:59:05","slug":"ozel-baglanti-aksesuarlari","status":"publish","type":"product","link":"https:\/\/bakirci.com\/ekipman\/servis-ekipmanlari\/genel\/yag-hava-su-sistemleri\/hava-su-ekipmanlari\/ozel-baglanti-aksesuarlari\/","title":{"rendered":"<p class=\"ustmetin\">\u00d6zel Ba\u011flant\u0131 Aksesuarlar\u0131 <\/p><p class=\"ortametin\">PREVOST <span class=\"ortametin2\">(Born in FRANCE)<\/span><p class=\"altmetin\">PrevoS1<\/p>"},"content":{"rendered":"<ul>\n<li>\u00d6zel Ba\u011flant\u0131 Aksesuarlar\u0131 &#8211; prevoS1<\/li>\n<li>Patentli ve g\u00fcvenli h\u0131zl\u0131 ba\u011flant\u0131 kaplinleri<\/li>\n<li>Y\u00fcksek kaliteli, uzun kullan\u0131m \u00f6m\u00fcrl\u00fc, yenilik\u00e7i, g\u00fcvenli ve maksimum verimli<\/li>\n<li>H\u0131zl\u0131, emniyetli, korozyon ve darbelere kar\u015f\u0131 dayan\u0131kl\u0131<\/li>\n<li>Ba\u011flant\u0131 elemanlar\u0131n\u0131n hem ba\u011fl\u0131 oldu\u011fu hem de \u00e7\u0131kart\u0131ld\u0131\u011f\u0131 durumlarda, hava ka\u00e7ak riskini ortadan kald\u0131ran s\u0131zd\u0131rmazl\u0131k mekanizmas\u0131<\/li>\n<\/ul>\n","protected":false},"excerpt":{"rendered":"<ul>\n<li>\u00d6zel Ba\u011flant\u0131 Aksesuarlar\u0131 &#8211; prevoS1<\/li>\n<li>Patentli ve g\u00fcvenli h\u0131zl\u0131 ba\u011flant\u0131 kaplinleri<\/li>\n<li>Y\u00fcksek kaliteli, uzun kullan\u0131m \u00f6m\u00fcrl\u00fc, yenilik\u00e7i, g\u00fcvenli ve maksimum verimli<\/li>\n<li>H\u0131zl\u0131, emniyetli, korozyon ve darbelere kar\u015f\u0131 dayan\u0131kl\u0131<\/li>\n<li>Ba\u011flant\u0131 elemanlar\u0131n\u0131n hem ba\u011fl\u0131 oldu\u011fu hem de \u00e7\u0131kart\u0131ld\u0131\u011f\u0131 durumlarda, hava ka\u00e7ak riskini ortadan kald\u0131ran s\u0131zd\u0131rmazl\u0131k mekanizmas\u0131<\/li>\n<\/ul>\n","protected":false},"featured_media":5046,"comment_status":"closed","ping_status":"closed","template":"","meta":[],"product_cat":[190],"product_tag":[737,358,739,738],"class_list":["post-4888","product","type-product","status-publish","has-post-thumbnail","hentry","pwb-brand-prevost","product_cat-hava-su-ekipmanlari","product_tag-merkezi-yaglama-sistemi","product_tag-prevost","product_tag-yag-basma-sistemi","product_tag-yag-dagitim"],"brands":[{"id":404,"name":"PREVOST","slug":"prevost"}],"yoast_head":"<!-- This site is optimized with the Yoast SEO plugin v17.1 - https:\/\/yoast.com\/wordpress\/plugins\/seo\/ -->\n<title>\u00d6zel Ba\u011flant\u0131 Aksesuarlar\u0131 PREVOST (Born in FRANCE)PrevoS1 - Bak\u0131rc\u0131 Garagineering<\/title>\n<meta name=\"robots\" content=\"index, follow, max-snippet:-1, max-image-preview:large, max-video-preview:-1\" \/>\n<link rel=\"canonical\" href=\"https:\/\/bakirci.com\/ekipman\/servis-ekipmanlari\/genel\/yag-hava-su-sistemleri\/hava-su-ekipmanlari\/ozel-baglanti-aksesuarlari\/\" \/>\n<meta property=\"og:locale\" content=\"tr_TR\" \/>\n<meta property=\"og:type\" content=\"article\" \/>\n<meta property=\"og:title\" content=\"\u00d6zel Ba\u011flant\u0131 Aksesuarlar\u0131 PREVOST (Born in FRANCE)PrevoS1 - Bak\u0131rc\u0131 Garagineering\" \/>\n<meta property=\"og:description\" content=\"\u00d6zel Ba\u011flant\u0131 Aksesuarlar\u0131 - prevoS1  Patentli ve g\u00fcvenli h\u0131zl\u0131 ba\u011flant\u0131 kaplinleri  Y\u00fcksek kaliteli, uzun kullan\u0131m \u00f6m\u00fcrl\u00fc, yenilik\u00e7i, g\u00fcvenli ve maksimum verimli  H\u0131zl\u0131, emniyetli, korozyon ve darbelere kar\u015f\u0131 dayan\u0131kl\u0131  Ba\u011flant\u0131 elemanlar\u0131n\u0131n hem ba\u011fl\u0131 oldu\u011fu hem de \u00e7\u0131kart\u0131ld\u0131\u011f\u0131 durumlarda, hava ka\u00e7ak riskini ortadan kald\u0131ran s\u0131zd\u0131rmazl\u0131k mekanizmas\u0131\" \/>\n<meta property=\"og:url\" content=\"https:\/\/bakirci.com\/ekipman\/servis-ekipmanlari\/genel\/yag-hava-su-sistemleri\/hava-su-ekipmanlari\/ozel-baglanti-aksesuarlari\/\" \/>\n<meta property=\"og:site_name\" content=\"Bak\u0131rc\u0131 Garagineering\" \/>\n<meta property=\"article:publisher\" content=\"https:\/\/www.facebook.com\/bakirci.garagineering\" \/>\n<meta property=\"article:modified_time\" content=\"2021-10-30T13:59:05+00:00\" \/>\n<meta property=\"og:image\" content=\"https:\/\/bakirci.com\/ekipman\/wp-content\/uploads\/2021\/01\/prevoS1.png\" \/>\n\t<meta property=\"og:image:width\" content=\"1199\" \/>\n\t<meta property=\"og:image:height\" content=\"1200\" \/>\n<meta name=\"twitter:card\" content=\"summary_large_image\" \/>\n<meta name=\"twitter:label1\" content=\"Tahmini okuma s\u00fcresi\" \/>\n\t<meta name=\"twitter:data1\" content=\"1 dakika\" \/>\n<script type=\"application\/ld+json\" class=\"yoast-schema-graph\">{\"@context\":\"https:\/\/schema.org\",\"@graph\":[{\"@type\":\"Organization\",\"@id\":\"https:\/\/bakirci.com\/ekipman\/#organization\",\"name\":\"Bak\\u0131rc\\u0131 garagineering\",\"url\":\"https:\/\/bakirci.com\/ekipman\/\",\"sameAs\":[\"https:\/\/www.facebook.com\/bakirci.garagineering\",\"https:\/\/www.instagram.com\/bakirci.garagineering\/\",\"https:\/\/www.linkedin.com\/company\/bakirci-garagineering\/\",\"https:\/\/www.youtube.com\/channel\/UCiVG6s_jALJ6Zk8085XiOQg\"],\"logo\":{\"@type\":\"ImageObject\",\"@id\":\"https:\/\/bakirci.com\/ekipman\/#logo\",\"inLanguage\":\"tr\",\"url\":\"https:\/\/bakirci.com\/ekipman\/wp-content\/uploads\/2021\/09\/Bakirci-logo-lacivert.png\",\"contentUrl\":\"https:\/\/bakirci.com\/ekipman\/wp-content\/uploads\/2021\/09\/Bakirci-logo-lacivert.png\",\"width\":501,\"height\":501,\"caption\":\"Bak\\u0131rc\\u0131 garagineering\"},\"image\":{\"@id\":\"https:\/\/bakirci.com\/ekipman\/#logo\"}},{\"@type\":\"WebSite\",\"@id\":\"https:\/\/bakirci.com\/ekipman\/#website\",\"url\":\"https:\/\/bakirci.com\/ekipman\/\",\"name\":\"Bak\\u0131rc\\u0131 Garagineering\",\"description\":\"Otomotiv sekt\\u00f6r\\u00fcne \\u00f6zel, \\u201c\\u00dcretici Standard\\u0131nda\\u201d \\u00e7\\u00f6z\\u00fcmler\\u2026\",\"publisher\":{\"@id\":\"https:\/\/bakirci.com\/ekipman\/#organization\"},\"potentialAction\":[{\"@type\":\"SearchAction\",\"target\":{\"@type\":\"EntryPoint\",\"urlTemplate\":\"https:\/\/bakirci.com\/ekipman\/?s={search_term_string}\"},\"query-input\":\"required name=search_term_string\"}],\"inLanguage\":\"tr\"},{\"@type\":\"ImageObject\",\"@id\":\"https:\/\/bakirci.com\/ekipman\/servis-ekipmanlari\/genel\/yag-hava-su-sistemleri\/hava-su-ekipmanlari\/ozel-baglanti-aksesuarlari\/#primaryimage\",\"inLanguage\":\"tr\",\"url\":\"https:\/\/bakirci.com\/ekipman\/wp-content\/uploads\/2021\/01\/prevoS1.png\",\"contentUrl\":\"https:\/\/bakirci.com\/ekipman\/wp-content\/uploads\/2021\/01\/prevoS1.png\",\"width\":1199,\"height\":1200},{\"@type\":\"WebPage\",\"@id\":\"https:\/\/bakirci.com\/ekipman\/servis-ekipmanlari\/genel\/yag-hava-su-sistemleri\/hava-su-ekipmanlari\/ozel-baglanti-aksesuarlari\/#webpage\",\"url\":\"https:\/\/bakirci.com\/ekipman\/servis-ekipmanlari\/genel\/yag-hava-su-sistemleri\/hava-su-ekipmanlari\/ozel-baglanti-aksesuarlari\/\",\"name\":\"\\u00d6zel Ba\\u011flant\\u0131 Aksesuarlar\\u0131 PREVOST (Born in FRANCE)PrevoS1 - Bak\\u0131rc\\u0131 Garagineering\",\"isPartOf\":{\"@id\":\"https:\/\/bakirci.com\/ekipman\/#website\"},\"primaryImageOfPage\":{\"@id\":\"https:\/\/bakirci.com\/ekipman\/servis-ekipmanlari\/genel\/yag-hava-su-sistemleri\/hava-su-ekipmanlari\/ozel-baglanti-aksesuarlari\/#primaryimage\"},\"datePublished\":\"2021-01-01T08:00:25+00:00\",\"dateModified\":\"2021-10-30T13:59:05+00:00\",\"breadcrumb\":{\"@id\":\"https:\/\/bakirci.com\/ekipman\/servis-ekipmanlari\/genel\/yag-hava-su-sistemleri\/hava-su-ekipmanlari\/ozel-baglanti-aksesuarlari\/#breadcrumb\"},\"inLanguage\":\"tr\",\"potentialAction\":[{\"@type\":\"ReadAction\",\"target\":[\"https:\/\/bakirci.com\/ekipman\/servis-ekipmanlari\/genel\/yag-hava-su-sistemleri\/hava-su-ekipmanlari\/ozel-baglanti-aksesuarlari\/\"]}]},{\"@type\":\"BreadcrumbList\",\"@id\":\"https:\/\/bakirci.com\/ekipman\/servis-ekipmanlari\/genel\/yag-hava-su-sistemleri\/hava-su-ekipmanlari\/ozel-baglanti-aksesuarlari\/#breadcrumb\",\"itemListElement\":[{\"@type\":\"ListItem\",\"position\":1,\"name\":\"Ekipman\",\"item\":\"https:\/\/bakirci.com\/ekipman\/\"},{\"@type\":\"ListItem\",\"position\":2,\"name\":\"Otomotiv Tesisleri \\u0130\\u00e7in Servis Ekipmanlar\\u0131\",\"item\":\"https:\/\/bakirci.com\/ekipman\/\"},{\"@type\":\"ListItem\",\"position\":3,\"name\":\"\\u00d6zel Ba\\u011flant\\u0131 Aksesuarlar\\u0131 PREVOST (Born in FRANCE)PrevoS1\"}]}]}<\/script>\n<!-- \/ Yoast SEO plugin. -->","yoast_head_json":{"title":"\u00d6zel Ba\u011flant\u0131 Aksesuarlar\u0131 PREVOST (Born in FRANCE)PrevoS1 - Bak\u0131rc\u0131 Garagineering","robots":{"index":"index","follow":"follow","max-snippet":"max-snippet:-1","max-image-preview":"max-image-preview:large","max-video-preview":"max-video-preview:-1"},"canonical":"https:\/\/bakirci.com\/ekipman\/servis-ekipmanlari\/genel\/yag-hava-su-sistemleri\/hava-su-ekipmanlari\/ozel-baglanti-aksesuarlari\/","og_locale":"tr_TR","og_type":"article","og_title":"\u00d6zel Ba\u011flant\u0131 Aksesuarlar\u0131 PREVOST (Born in FRANCE)PrevoS1 - Bak\u0131rc\u0131 Garagineering","og_description":"\u00d6zel Ba\u011flant\u0131 Aksesuarlar\u0131 - prevoS1  Patentli ve g\u00fcvenli h\u0131zl\u0131 ba\u011flant\u0131 kaplinleri  Y\u00fcksek kaliteli, uzun kullan\u0131m \u00f6m\u00fcrl\u00fc, yenilik\u00e7i, g\u00fcvenli ve maksimum verimli  H\u0131zl\u0131, emniyetli, korozyon ve darbelere kar\u015f\u0131 dayan\u0131kl\u0131  Ba\u011flant\u0131 elemanlar\u0131n\u0131n hem ba\u011fl\u0131 oldu\u011fu hem de \u00e7\u0131kart\u0131ld\u0131\u011f\u0131 durumlarda, hava ka\u00e7ak riskini ortadan kald\u0131ran s\u0131zd\u0131rmazl\u0131k mekanizmas\u0131","og_url":"https:\/\/bakirci.com\/ekipman\/servis-ekipmanlari\/genel\/yag-hava-su-sistemleri\/hava-su-ekipmanlari\/ozel-baglanti-aksesuarlari\/","og_site_name":"Bak\u0131rc\u0131 Garagineering","article_publisher":"https:\/\/www.facebook.com\/bakirci.garagineering","article_modified_time":"2021-10-30T13:59:05+00:00","og_image":[{"width":1199,"height":1200,"url":"https:\/\/bakirci.com\/ekipman\/wp-content\/uploads\/2021\/01\/prevoS1.png","path":"\/home\/bakirciwebsitesi\/public_html\/ekipman\/wp-content\/uploads\/2021\/01\/prevoS1.png","size":"full","id":5046,"alt":"","pixels":1438800,"type":"image\/png"}],"twitter_card":"summary_large_image","twitter_misc":{"Tahmini okuma s\u00fcresi":"1 dakika"},"schema":{"@context":"https:\/\/schema.org","@graph":[{"@type":"Organization","@id":"https:\/\/bakirci.com\/ekipman\/#organization","name":"Bak\u0131rc\u0131 garagineering","url":"https:\/\/bakirci.com\/ekipman\/","sameAs":["https:\/\/www.facebook.com\/bakirci.garagineering","https:\/\/www.instagram.com\/bakirci.garagineering\/","https:\/\/www.linkedin.com\/company\/bakirci-garagineering\/","https:\/\/www.youtube.com\/channel\/UCiVG6s_jALJ6Zk8085XiOQg"],"logo":{"@type":"ImageObject","@id":"https:\/\/bakirci.com\/ekipman\/#logo","inLanguage":"tr","url":"https:\/\/bakirci.com\/ekipman\/wp-content\/uploads\/2021\/09\/Bakirci-logo-lacivert.png","contentUrl":"https:\/\/bakirci.com\/ekipman\/wp-content\/uploads\/2021\/09\/Bakirci-logo-lacivert.png","width":501,"height":501,"caption":"Bak\u0131rc\u0131 garagineering"},"image":{"@id":"https:\/\/bakirci.com\/ekipman\/#logo"}},{"@type":"WebSite","@id":"https:\/\/bakirci.com\/ekipman\/#website","url":"https:\/\/bakirci.com\/ekipman\/","name":"Bak\u0131rc\u0131 Garagineering","description":"Otomotiv sekt\u00f6r\u00fcne \u00f6zel, \u201c\u00dcretici Standard\u0131nda\u201d \u00e7\u00f6z\u00fcmler\u2026","publisher":{"@id":"https:\/\/bakirci.com\/ekipman\/#organization"},"potentialAction":[{"@type":"SearchAction","target":{"@type":"EntryPoint","urlTemplate":"https:\/\/bakirci.com\/ekipman\/?s={search_term_string}"},"query-input":"required name=search_term_string"}],"inLanguage":"tr"},{"@type":"ImageObject","@id":"https:\/\/bakirci.com\/ekipman\/servis-ekipmanlari\/genel\/yag-hava-su-sistemleri\/hava-su-ekipmanlari\/ozel-baglanti-aksesuarlari\/#primaryimage","inLanguage":"tr","url":"https:\/\/bakirci.com\/ekipman\/wp-content\/uploads\/2021\/01\/prevoS1.png","contentUrl":"https:\/\/bakirci.com\/ekipman\/wp-content\/uploads\/2021\/01\/prevoS1.png","width":1199,"height":1200},{"@type":"WebPage","@id":"https:\/\/bakirci.com\/ekipman\/servis-ekipmanlari\/genel\/yag-hava-su-sistemleri\/hava-su-ekipmanlari\/ozel-baglanti-aksesuarlari\/#webpage","url":"https:\/\/bakirci.com\/ekipman\/servis-ekipmanlari\/genel\/yag-hava-su-sistemleri\/hava-su-ekipmanlari\/ozel-baglanti-aksesuarlari\/","name":"\u00d6zel Ba\u011flant\u0131 Aksesuarlar\u0131 PREVOST (Born in FRANCE)PrevoS1 - Bak\u0131rc\u0131 Garagineering","isPartOf":{"@id":"https:\/\/bakirci.com\/ekipman\/#website"},"primaryImageOfPage":{"@id":"https:\/\/bakirci.com\/ekipman\/servis-ekipmanlari\/genel\/yag-hava-su-sistemleri\/hava-su-ekipmanlari\/ozel-baglanti-aksesuarlari\/#primaryimage"},"datePublished":"2021-01-01T08:00:25+00:00","dateModified":"2021-10-30T13:59:05+00:00","breadcrumb":{"@id":"https:\/\/bakirci.com\/ekipman\/servis-ekipmanlari\/genel\/yag-hava-su-sistemleri\/hava-su-ekipmanlari\/ozel-baglanti-aksesuarlari\/#breadcrumb"},"inLanguage":"tr","potentialAction":[{"@type":"ReadAction","target":["https:\/\/bakirci.com\/ekipman\/servis-ekipmanlari\/genel\/yag-hava-su-sistemleri\/hava-su-ekipmanlari\/ozel-baglanti-aksesuarlari\/"]}]},{"@type":"BreadcrumbList","@id":"https:\/\/bakirci.com\/ekipman\/servis-ekipmanlari\/genel\/yag-hava-su-sistemleri\/hava-su-ekipmanlari\/ozel-baglanti-aksesuarlari\/#breadcrumb","itemListElement":[{"@type":"ListItem","position":1,"name":"Ekipman","item":"https:\/\/bakirci.com\/ekipman\/"},{"@type":"ListItem","position":2,"name":"Otomotiv Tesisleri \u0130\u00e7in Servis Ekipmanlar\u0131","item":"https:\/\/bakirci.com\/ekipman\/"},{"@type":"ListItem","position":3,"name":"\u00d6zel Ba\u011flant\u0131 Aksesuarlar\u0131 PREVOST (Born in FRANCE)PrevoS1"}]}]}},"_links":{"self":[{"href":"https:\/\/bakirci.com\/ekipman\/wp-json\/wp\/v2\/product\/4888","targetHints":{"allow":["GET"]}}],"collection":[{"href":"https:\/\/bakirci.com\/ekipman\/wp-json\/wp\/v2\/product"}],"about":[{"href":"https:\/\/bakirci.com\/ekipman\/wp-json\/wp\/v2\/types\/product"}],"replies":[{"embeddable":true,"href":"https:\/\/bakirci.com\/ekipman\/wp-json\/wp\/v2\/comments?post=4888"}],"wp:featuredmedia":[{"embeddable":true,"href":"https:\/\/bakirci.com\/ekipman\/wp-json\/wp\/v2\/media\/5046"}],"wp:attachment":[{"href":"https:\/\/bakirci.com\/ekipman\/wp-json\/wp\/v2\/media?parent=4888"}],"wp:term":[{"taxonomy":"product_cat","embeddable":true,"href":"https:\/\/bakirci.com\/ekipman\/wp-json\/wp\/v2\/product_cat?post=4888"},{"taxonomy":"product_tag","embeddable":true,"href":"https:\/\/bakirci.com\/ekipman\/wp-json\/wp\/v2\/product_tag?post=4888"}],"curies":[{"name":"wp","href":"https:\/\/api.w.org\/{rel}","templated":true}]}}