{"id":4882,"date":"2021-01-01T07:30:47","date_gmt":"2021-01-01T07:30:47","guid":{"rendered":"https:\/\/j6l.65c.myftpupload.com\/?post_type=product&#038;p=4882"},"modified":"2021-10-30T13:57:44","modified_gmt":"2021-10-30T13:57:44","slug":"sabit-makarali-egzoz-tahliye-sistemi","status":"publish","type":"product","link":"https:\/\/bakirci.com\/ekipman\/servis-ekipmanlari\/genel\/egzoz-tahliye-sistemleri\/sabit-makarali-egzoz-tahliye-sistemi\/","title":{"rendered":"<p class=\"ustmetin\">Sabit Makaral\u0131 Egzoz Tahliye Sistemi<\/p><p class=\"ortametin\">NEDERMAN <span class=\"ortametin2\">(Born in SWEDEN)<\/span><p class=\"altmetin\"><\/p>"},"content":{"rendered":"<ul>\n<li>Sabit Makaral\u0131 Egzoz Tahliye Sistemi<\/li>\n<li>Servis i\u00e7erisinde \u00e7al\u0131\u015ft\u0131r\u0131lan ara\u00e7lar\u0131n egzozlar\u0131ndan \u00e7\u0131kan zehirli gazlar\u0131n tahliyesi<\/li>\n<li>\u00c7al\u0131\u015fma alan\u0131na g\u00f6re hortumlu makaralar\u0131n kolona, tavana, duvara veya yere g\u00f6re \u00f6zel tasarlanm\u0131\u015f standa monte edilerek egzoz tahliyesi<\/li>\n<li>Sistem; hortumlu makara, hortum stoperi, ba\u011flant\u0131 nozulu ve emi\u015f fan\u0131ndan olu\u015fmaktad\u0131r.<\/li>\n<li>Hortumlu makara : \u00d875mm, \u00d8100mm, \u00d8125mm,<\/li>\n<li>\u00d8150mm \/ 150\u00b0C, 170\u00b0C, 350\u00b0C, 650\u00b0C<\/li>\n<li>Aluminyum fan : 1250m\u00b3\/h, 1750m\u00b3\/h, 2500m\u00b3\/h, 3000m\u00b3\/h, 4000m\u00b3\/h<\/li>\n<\/ul>\n","protected":false},"excerpt":{"rendered":"<ul>\n<li>Sabit Makaral\u0131 Egzoz Tahliye Sistemi<\/li>\n<li>Servis i\u00e7erisinde \u00e7al\u0131\u015ft\u0131r\u0131lan ara\u00e7lar\u0131n egzozlar\u0131ndan \u00e7\u0131kan zehirli gazlar\u0131n tahliyesi<\/li>\n<li>\u00c7al\u0131\u015fma alan\u0131na g\u00f6re hortumlu makaralar\u0131n kolona, tavana, duvara veya yere g\u00f6re \u00f6zel tasarlanm\u0131\u015f standa monte edilerek egzoz tahliyesi<\/li>\n<li>Sistem; hortumlu makara, hortum stoperi, ba\u011flant\u0131 nozulu ve emi\u015f fan\u0131ndan olu\u015fmaktad\u0131r.<\/li>\n<li>Hortumlu makara : \u00d875mm, \u00d8100mm, \u00d8125mm,<\/li>\n<li>\u00d8150mm \/ 150\u00b0C, 170\u00b0C, 350\u00b0C, 650\u00b0C<\/li>\n<li>Aluminyum fan : 1250m\u00b3\/h, 1750m\u00b3\/h, 2500m\u00b3\/h, 3000m\u00b3\/h, 4000m\u00b3\/h<\/li>\n<\/ul>\n","protected":false},"featured_media":5052,"comment_status":"closed","ping_status":"closed","template":"","meta":[],"product_cat":[182],"product_tag":[740,741,745,742,743,746,744,350],"class_list":["post-4882","product","type-product","status-publish","has-post-thumbnail","hentry","pwb-brand-nederman","product_cat-egzoz-tahliye-sistemleri","product_tag-egzos-sistemi","product_tag-egzos-tahliye","product_tag-egzost-makarasi","product_tag-egzost-sistemi","product_tag-egzost-tahliye","product_tag-egzoz-gazi-atma","product_tag-egzoz-makasi","product_tag-nederman"],"brands":[{"id":391,"name":"NEDERMAN","slug":"nederman"}],"yoast_head":"<!-- This site is optimized with the Yoast SEO plugin v17.1 - https:\/\/yoast.com\/wordpress\/plugins\/seo\/ -->\n<title>Sabit Makaral\u0131 Egzoz Tahliye SistemiNEDERMAN (Born in SWEDEN) - Bak\u0131rc\u0131 Garagineering<\/title>\n<meta name=\"robots\" content=\"index, follow, max-snippet:-1, max-image-preview:large, max-video-preview:-1\" \/>\n<link rel=\"canonical\" href=\"https:\/\/bakirci.com\/ekipman\/servis-ekipmanlari\/genel\/egzoz-tahliye-sistemleri\/sabit-makarali-egzoz-tahliye-sistemi\/\" \/>\n<meta property=\"og:locale\" content=\"tr_TR\" \/>\n<meta property=\"og:type\" content=\"article\" \/>\n<meta property=\"og:title\" content=\"Sabit Makaral\u0131 Egzoz Tahliye SistemiNEDERMAN (Born in SWEDEN) - Bak\u0131rc\u0131 Garagineering\" \/>\n<meta property=\"og:description\" content=\"Sabit Makaral\u0131 Egzoz Tahliye Sistemi  Servis i\u00e7erisinde \u00e7al\u0131\u015ft\u0131r\u0131lan ara\u00e7lar\u0131n egzozlar\u0131ndan \u00e7\u0131kan zehirli gazlar\u0131n tahliyesi  \u00c7al\u0131\u015fma alan\u0131na g\u00f6re hortumlu makaralar\u0131n kolona, tavana, duvara veya yere g\u00f6re \u00f6zel tasarlanm\u0131\u015f standa monte edilerek egzoz tahliyesi  Sistem; hortumlu makara, hortum stoperi, ba\u011flant\u0131 nozulu ve emi\u015f fan\u0131ndan olu\u015fmaktad\u0131r.  Hortumlu makara : \u00d875mm, \u00d8100mm, \u00d8125mm,  \u00d8150mm \/ 150\u00b0C, 170\u00b0C, 350\u00b0C, 650\u00b0C  Aluminyum fan : 1250m\u00b3\/h, 1750m\u00b3\/h, 2500m\u00b3\/h, 3000m\u00b3\/h, 4000m\u00b3\/h\" \/>\n<meta property=\"og:url\" content=\"https:\/\/bakirci.com\/ekipman\/servis-ekipmanlari\/genel\/egzoz-tahliye-sistemleri\/sabit-makarali-egzoz-tahliye-sistemi\/\" \/>\n<meta property=\"og:site_name\" content=\"Bak\u0131rc\u0131 Garagineering\" \/>\n<meta property=\"article:publisher\" content=\"https:\/\/www.facebook.com\/bakirci.garagineering\" \/>\n<meta property=\"article:modified_time\" content=\"2021-10-30T13:57:44+00:00\" \/>\n<meta property=\"og:image\" content=\"https:\/\/bakirci.com\/ekipman\/wp-content\/uploads\/2021\/01\/Sabit-Makarali-Egzoz-Tahliye-Sistemi-3.jpg\" \/>\n\t<meta property=\"og:image:width\" content=\"1200\" \/>\n\t<meta property=\"og:image:height\" content=\"797\" \/>\n<meta name=\"twitter:card\" content=\"summary_large_image\" \/>\n<meta name=\"twitter:label1\" content=\"Tahmini okuma s\u00fcresi\" \/>\n\t<meta name=\"twitter:data1\" content=\"1 dakika\" \/>\n<script type=\"application\/ld+json\" class=\"yoast-schema-graph\">{\"@context\":\"https:\/\/schema.org\",\"@graph\":[{\"@type\":\"Organization\",\"@id\":\"https:\/\/bakirci.com\/ekipman\/#organization\",\"name\":\"Bak\\u0131rc\\u0131 garagineering\",\"url\":\"https:\/\/bakirci.com\/ekipman\/\",\"sameAs\":[\"https:\/\/www.facebook.com\/bakirci.garagineering\",\"https:\/\/www.instagram.com\/bakirci.garagineering\/\",\"https:\/\/www.linkedin.com\/company\/bakirci-garagineering\/\",\"https:\/\/www.youtube.com\/channel\/UCiVG6s_jALJ6Zk8085XiOQg\"],\"logo\":{\"@type\":\"ImageObject\",\"@id\":\"https:\/\/bakirci.com\/ekipman\/#logo\",\"inLanguage\":\"tr\",\"url\":\"https:\/\/bakirci.com\/ekipman\/wp-content\/uploads\/2021\/09\/Bakirci-logo-lacivert.png\",\"contentUrl\":\"https:\/\/bakirci.com\/ekipman\/wp-content\/uploads\/2021\/09\/Bakirci-logo-lacivert.png\",\"width\":501,\"height\":501,\"caption\":\"Bak\\u0131rc\\u0131 garagineering\"},\"image\":{\"@id\":\"https:\/\/bakirci.com\/ekipman\/#logo\"}},{\"@type\":\"WebSite\",\"@id\":\"https:\/\/bakirci.com\/ekipman\/#website\",\"url\":\"https:\/\/bakirci.com\/ekipman\/\",\"name\":\"Bak\\u0131rc\\u0131 Garagineering\",\"description\":\"Otomotiv sekt\\u00f6r\\u00fcne \\u00f6zel, \\u201c\\u00dcretici Standard\\u0131nda\\u201d \\u00e7\\u00f6z\\u00fcmler\\u2026\",\"publisher\":{\"@id\":\"https:\/\/bakirci.com\/ekipman\/#organization\"},\"potentialAction\":[{\"@type\":\"SearchAction\",\"target\":{\"@type\":\"EntryPoint\",\"urlTemplate\":\"https:\/\/bakirci.com\/ekipman\/?s={search_term_string}\"},\"query-input\":\"required name=search_term_string\"}],\"inLanguage\":\"tr\"},{\"@type\":\"ImageObject\",\"@id\":\"https:\/\/bakirci.com\/ekipman\/servis-ekipmanlari\/genel\/egzoz-tahliye-sistemleri\/sabit-makarali-egzoz-tahliye-sistemi\/#primaryimage\",\"inLanguage\":\"tr\",\"url\":\"https:\/\/bakirci.com\/ekipman\/wp-content\/uploads\/2021\/01\/Sabit-Makarali-Egzoz-Tahliye-Sistemi-3.jpg\",\"contentUrl\":\"https:\/\/bakirci.com\/ekipman\/wp-content\/uploads\/2021\/01\/Sabit-Makarali-Egzoz-Tahliye-Sistemi-3.jpg\",\"width\":1200,\"height\":797},{\"@type\":\"WebPage\",\"@id\":\"https:\/\/bakirci.com\/ekipman\/servis-ekipmanlari\/genel\/egzoz-tahliye-sistemleri\/sabit-makarali-egzoz-tahliye-sistemi\/#webpage\",\"url\":\"https:\/\/bakirci.com\/ekipman\/servis-ekipmanlari\/genel\/egzoz-tahliye-sistemleri\/sabit-makarali-egzoz-tahliye-sistemi\/\",\"name\":\"Sabit Makaral\\u0131 Egzoz Tahliye Sistemi NEDERMAN (Born in SWEDEN) - Bak\\u0131rc\\u0131 Garagineering\",\"isPartOf\":{\"@id\":\"https:\/\/bakirci.com\/ekipman\/#website\"},\"primaryImageOfPage\":{\"@id\":\"https:\/\/bakirci.com\/ekipman\/servis-ekipmanlari\/genel\/egzoz-tahliye-sistemleri\/sabit-makarali-egzoz-tahliye-sistemi\/#primaryimage\"},\"datePublished\":\"2021-01-01T07:30:47+00:00\",\"dateModified\":\"2021-10-30T13:57:44+00:00\",\"breadcrumb\":{\"@id\":\"https:\/\/bakirci.com\/ekipman\/servis-ekipmanlari\/genel\/egzoz-tahliye-sistemleri\/sabit-makarali-egzoz-tahliye-sistemi\/#breadcrumb\"},\"inLanguage\":\"tr\",\"potentialAction\":[{\"@type\":\"ReadAction\",\"target\":[\"https:\/\/bakirci.com\/ekipman\/servis-ekipmanlari\/genel\/egzoz-tahliye-sistemleri\/sabit-makarali-egzoz-tahliye-sistemi\/\"]}]},{\"@type\":\"BreadcrumbList\",\"@id\":\"https:\/\/bakirci.com\/ekipman\/servis-ekipmanlari\/genel\/egzoz-tahliye-sistemleri\/sabit-makarali-egzoz-tahliye-sistemi\/#breadcrumb\",\"itemListElement\":[{\"@type\":\"ListItem\",\"position\":1,\"name\":\"Ekipman\",\"item\":\"https:\/\/bakirci.com\/ekipman\/\"},{\"@type\":\"ListItem\",\"position\":2,\"name\":\"Otomotiv Tesisleri \\u0130\\u00e7in Servis Ekipmanlar\\u0131\",\"item\":\"https:\/\/bakirci.com\/ekipman\/\"},{\"@type\":\"ListItem\",\"position\":3,\"name\":\"Sabit Makaral\\u0131 Egzoz Tahliye SistemiNEDERMAN (Born in SWEDEN)\"}]}]}<\/script>\n<!-- \/ Yoast SEO plugin. -->","yoast_head_json":{"title":"Sabit Makaral\u0131 Egzoz Tahliye SistemiNEDERMAN (Born in SWEDEN) - Bak\u0131rc\u0131 Garagineering","robots":{"index":"index","follow":"follow","max-snippet":"max-snippet:-1","max-image-preview":"max-image-preview:large","max-video-preview":"max-video-preview:-1"},"canonical":"https:\/\/bakirci.com\/ekipman\/servis-ekipmanlari\/genel\/egzoz-tahliye-sistemleri\/sabit-makarali-egzoz-tahliye-sistemi\/","og_locale":"tr_TR","og_type":"article","og_title":"Sabit Makaral\u0131 Egzoz Tahliye SistemiNEDERMAN (Born in SWEDEN) - Bak\u0131rc\u0131 Garagineering","og_description":"Sabit Makaral\u0131 Egzoz Tahliye Sistemi  Servis i\u00e7erisinde \u00e7al\u0131\u015ft\u0131r\u0131lan ara\u00e7lar\u0131n egzozlar\u0131ndan \u00e7\u0131kan zehirli gazlar\u0131n tahliyesi  \u00c7al\u0131\u015fma alan\u0131na g\u00f6re hortumlu makaralar\u0131n kolona, tavana, duvara veya yere g\u00f6re \u00f6zel tasarlanm\u0131\u015f standa monte edilerek egzoz tahliyesi  Sistem; hortumlu makara, hortum stoperi, ba\u011flant\u0131 nozulu ve emi\u015f fan\u0131ndan olu\u015fmaktad\u0131r.  Hortumlu makara : \u00d875mm, \u00d8100mm, \u00d8125mm,  \u00d8150mm \/ 150\u00b0C, 170\u00b0C, 350\u00b0C, 650\u00b0C  Aluminyum fan : 1250m\u00b3\/h, 1750m\u00b3\/h, 2500m\u00b3\/h, 3000m\u00b3\/h, 4000m\u00b3\/h","og_url":"https:\/\/bakirci.com\/ekipman\/servis-ekipmanlari\/genel\/egzoz-tahliye-sistemleri\/sabit-makarali-egzoz-tahliye-sistemi\/","og_site_name":"Bak\u0131rc\u0131 Garagineering","article_publisher":"https:\/\/www.facebook.com\/bakirci.garagineering","article_modified_time":"2021-10-30T13:57:44+00:00","og_image":[{"width":1200,"height":797,"url":"https:\/\/bakirci.com\/ekipman\/wp-content\/uploads\/2021\/01\/Sabit-Makarali-Egzoz-Tahliye-Sistemi-3.jpg","path":"\/home\/bakirciwebsitesi\/public_html\/ekipman\/wp-content\/uploads\/2021\/01\/Sabit-Makarali-Egzoz-Tahliye-Sistemi-3.jpg","size":"full","id":5052,"alt":"","pixels":956400,"type":"image\/jpeg"}],"twitter_card":"summary_large_image","twitter_misc":{"Tahmini okuma s\u00fcresi":"1 dakika"},"schema":{"@context":"https:\/\/schema.org","@graph":[{"@type":"Organization","@id":"https:\/\/bakirci.com\/ekipman\/#organization","name":"Bak\u0131rc\u0131 garagineering","url":"https:\/\/bakirci.com\/ekipman\/","sameAs":["https:\/\/www.facebook.com\/bakirci.garagineering","https:\/\/www.instagram.com\/bakirci.garagineering\/","https:\/\/www.linkedin.com\/company\/bakirci-garagineering\/","https:\/\/www.youtube.com\/channel\/UCiVG6s_jALJ6Zk8085XiOQg"],"logo":{"@type":"ImageObject","@id":"https:\/\/bakirci.com\/ekipman\/#logo","inLanguage":"tr","url":"https:\/\/bakirci.com\/ekipman\/wp-content\/uploads\/2021\/09\/Bakirci-logo-lacivert.png","contentUrl":"https:\/\/bakirci.com\/ekipman\/wp-content\/uploads\/2021\/09\/Bakirci-logo-lacivert.png","width":501,"height":501,"caption":"Bak\u0131rc\u0131 garagineering"},"image":{"@id":"https:\/\/bakirci.com\/ekipman\/#logo"}},{"@type":"WebSite","@id":"https:\/\/bakirci.com\/ekipman\/#website","url":"https:\/\/bakirci.com\/ekipman\/","name":"Bak\u0131rc\u0131 Garagineering","description":"Otomotiv sekt\u00f6r\u00fcne \u00f6zel, \u201c\u00dcretici Standard\u0131nda\u201d \u00e7\u00f6z\u00fcmler\u2026","publisher":{"@id":"https:\/\/bakirci.com\/ekipman\/#organization"},"potentialAction":[{"@type":"SearchAction","target":{"@type":"EntryPoint","urlTemplate":"https:\/\/bakirci.com\/ekipman\/?s={search_term_string}"},"query-input":"required name=search_term_string"}],"inLanguage":"tr"},{"@type":"ImageObject","@id":"https:\/\/bakirci.com\/ekipman\/servis-ekipmanlari\/genel\/egzoz-tahliye-sistemleri\/sabit-makarali-egzoz-tahliye-sistemi\/#primaryimage","inLanguage":"tr","url":"https:\/\/bakirci.com\/ekipman\/wp-content\/uploads\/2021\/01\/Sabit-Makarali-Egzoz-Tahliye-Sistemi-3.jpg","contentUrl":"https:\/\/bakirci.com\/ekipman\/wp-content\/uploads\/2021\/01\/Sabit-Makarali-Egzoz-Tahliye-Sistemi-3.jpg","width":1200,"height":797},{"@type":"WebPage","@id":"https:\/\/bakirci.com\/ekipman\/servis-ekipmanlari\/genel\/egzoz-tahliye-sistemleri\/sabit-makarali-egzoz-tahliye-sistemi\/#webpage","url":"https:\/\/bakirci.com\/ekipman\/servis-ekipmanlari\/genel\/egzoz-tahliye-sistemleri\/sabit-makarali-egzoz-tahliye-sistemi\/","name":"Sabit Makaral\u0131 Egzoz Tahliye Sistemi NEDERMAN (Born in SWEDEN) - Bak\u0131rc\u0131 Garagineering","isPartOf":{"@id":"https:\/\/bakirci.com\/ekipman\/#website"},"primaryImageOfPage":{"@id":"https:\/\/bakirci.com\/ekipman\/servis-ekipmanlari\/genel\/egzoz-tahliye-sistemleri\/sabit-makarali-egzoz-tahliye-sistemi\/#primaryimage"},"datePublished":"2021-01-01T07:30:47+00:00","dateModified":"2021-10-30T13:57:44+00:00","breadcrumb":{"@id":"https:\/\/bakirci.com\/ekipman\/servis-ekipmanlari\/genel\/egzoz-tahliye-sistemleri\/sabit-makarali-egzoz-tahliye-sistemi\/#breadcrumb"},"inLanguage":"tr","potentialAction":[{"@type":"ReadAction","target":["https:\/\/bakirci.com\/ekipman\/servis-ekipmanlari\/genel\/egzoz-tahliye-sistemleri\/sabit-makarali-egzoz-tahliye-sistemi\/"]}]},{"@type":"BreadcrumbList","@id":"https:\/\/bakirci.com\/ekipman\/servis-ekipmanlari\/genel\/egzoz-tahliye-sistemleri\/sabit-makarali-egzoz-tahliye-sistemi\/#breadcrumb","itemListElement":[{"@type":"ListItem","position":1,"name":"Ekipman","item":"https:\/\/bakirci.com\/ekipman\/"},{"@type":"ListItem","position":2,"name":"Otomotiv Tesisleri \u0130\u00e7in Servis Ekipmanlar\u0131","item":"https:\/\/bakirci.com\/ekipman\/"},{"@type":"ListItem","position":3,"name":"Sabit Makaral\u0131 Egzoz Tahliye SistemiNEDERMAN (Born in SWEDEN)"}]}]}},"_links":{"self":[{"href":"https:\/\/bakirci.com\/ekipman\/wp-json\/wp\/v2\/product\/4882","targetHints":{"allow":["GET"]}}],"collection":[{"href":"https:\/\/bakirci.com\/ekipman\/wp-json\/wp\/v2\/product"}],"about":[{"href":"https:\/\/bakirci.com\/ekipman\/wp-json\/wp\/v2\/types\/product"}],"replies":[{"embeddable":true,"href":"https:\/\/bakirci.com\/ekipman\/wp-json\/wp\/v2\/comments?post=4882"}],"wp:featuredmedia":[{"embeddable":true,"href":"https:\/\/bakirci.com\/ekipman\/wp-json\/wp\/v2\/media\/5052"}],"wp:attachment":[{"href":"https:\/\/bakirci.com\/ekipman\/wp-json\/wp\/v2\/media?parent=4882"}],"wp:term":[{"taxonomy":"product_cat","embeddable":true,"href":"https:\/\/bakirci.com\/ekipman\/wp-json\/wp\/v2\/product_cat?post=4882"},{"taxonomy":"product_tag","embeddable":true,"href":"https:\/\/bakirci.com\/ekipman\/wp-json\/wp\/v2\/product_tag?post=4882"}],"curies":[{"name":"wp","href":"https:\/\/api.w.org\/{rel}","templated":true}]}}