{"id":4878,"date":"2021-01-01T07:10:04","date_gmt":"2021-01-01T07:10:04","guid":{"rendered":"https:\/\/j6l.65c.myftpupload.com\/?post_type=product&#038;p=4878"},"modified":"2021-10-30T13:56:55","modified_gmt":"2021-10-30T13:56:55","slug":"usacprd-10500-ns7000-ft","status":"publish","type":"product","link":"https:\/\/bakirci.com\/ekipman\/servis-ekipmanlari\/genel\/hava-kompresorleri\/usacprd-10500-ns7000-ft\/","title":{"rendered":"<p class=\"ustmetin\">Pistonlu Hava Kompres\u00f6r\u00fc<\/p><p class=\"ortametin\">CHICAGO PNEUMATIC <span class=\"ortametin2\">(Born in USA)<\/span><p class=\"altmetin\">CPRD 10500 NS7000 FT15<br>Hava bas\u0131nc\u0131 15 bar, depo 500 lt, \u00fcretim 930 lt\/dk, 7,5 kW, 10 HP<\/p>"},"content":{"rendered":"<ul>\n<li>Pistonlu Hava Kompres\u00f6r\u00fc \u2013 CPRD 10500 NS7000 FT15<\/li>\n<li>Profesyonel performans ve g\u00fcvenilirlik<\/li>\n<li>\u00c7ift kademeli, y\u00fcksek verimli optimum hava ak\u0131\u015f\u0131<\/li>\n<li>D\u00fc\u015f\u00fck motor devri ve kaliteli kafa sayesinde uzun \u00e7al\u0131\u015fma \u00f6mr\u00fc<\/li>\n<li>Hava bas\u0131nc\u0131 15 bar<\/li>\n<li>Depo kapasitesi 500 lt<\/li>\n<li>\u00dcretim kapasitesi 930 lt\/dk<\/li>\n<li>Motor g\u00fcc\u00fc 7,5 kW, 10 HP, 400 V<\/li>\n<\/ul>\n","protected":false},"excerpt":{"rendered":"<ul>\n<li>Pistonlu Hava Kompres\u00f6r\u00fc \u2013 CPRD 10500 NS7000 FT15<\/li>\n<li>Profesyonel performans ve g\u00fcvenilirlik<\/li>\n<li>\u00c7ift kademeli, y\u00fcksek verimli optimum hava ak\u0131\u015f\u0131<\/li>\n<li>D\u00fc\u015f\u00fck motor devri ve kaliteli kafa sayesinde uzun \u00e7al\u0131\u015fma \u00f6mr\u00fc<\/li>\n<li>Hava bas\u0131nc\u0131 15 bar<\/li>\n<li>Depo kapasitesi 500 lt<\/li>\n<li>\u00dcretim kapasitesi 930 lt\/dk<\/li>\n<li>Motor g\u00fcc\u00fc 7,5 kW, 10 HP, 400 V<\/li>\n<\/ul>\n","protected":false},"featured_media":5056,"comment_status":"closed","ping_status":"closed","template":"","meta":[],"product_cat":[184],"product_tag":[403],"class_list":["post-4878","product","type-product","status-publish","has-post-thumbnail","hentry","pwb-brand-chicago-pneumatic","product_cat-hava-kompresorleri","product_tag-chicago-pneumatic"],"brands":[{"id":392,"name":"CHICAGO PNEUMATIC","slug":"chicago-pneumatic"}],"yoast_head":"<!-- This site is optimized with the Yoast SEO plugin v17.1 - https:\/\/yoast.com\/wordpress\/plugins\/seo\/ -->\n<title>Pistonlu Hava Kompres\u00f6r\u00fcCHICAGO PNEUMATIC (Born in USA)CPRD 10500 NS7000 FT15Hava bas\u0131nc\u0131 15 bar, depo 500 lt, \u00fcretim 930 lt\/dk, 7,5 kW, 10 HP - Bak\u0131rc\u0131 Garagineering<\/title>\n<meta name=\"robots\" content=\"index, follow, max-snippet:-1, max-image-preview:large, max-video-preview:-1\" \/>\n<link rel=\"canonical\" href=\"https:\/\/bakirci.com\/ekipman\/servis-ekipmanlari\/genel\/hava-kompresorleri\/usacprd-10500-ns7000-ft\/\" \/>\n<meta property=\"og:locale\" content=\"tr_TR\" \/>\n<meta property=\"og:type\" content=\"article\" \/>\n<meta property=\"og:title\" content=\"Pistonlu Hava Kompres\u00f6r\u00fcCHICAGO PNEUMATIC (Born in USA)CPRD 10500 NS7000 FT15Hava bas\u0131nc\u0131 15 bar, depo 500 lt, \u00fcretim 930 lt\/dk, 7,5 kW, 10 HP - Bak\u0131rc\u0131 Garagineering\" \/>\n<meta property=\"og:description\" content=\"Pistonlu Hava Kompres\u00f6r\u00fc \u2013 CPRD 10500 NS7000 FT15  Profesyonel performans ve g\u00fcvenilirlik  \u00c7ift kademeli, y\u00fcksek verimli optimum hava ak\u0131\u015f\u0131  D\u00fc\u015f\u00fck motor devri ve kaliteli kafa sayesinde uzun \u00e7al\u0131\u015fma \u00f6mr\u00fc  Hava bas\u0131nc\u0131 15 bar  Depo kapasitesi 500 lt  \u00dcretim kapasitesi 930 lt\/dk  Motor g\u00fcc\u00fc 7,5 kW, 10 HP, 400 V\" \/>\n<meta property=\"og:url\" content=\"https:\/\/bakirci.com\/ekipman\/servis-ekipmanlari\/genel\/hava-kompresorleri\/usacprd-10500-ns7000-ft\/\" \/>\n<meta property=\"og:site_name\" content=\"Bak\u0131rc\u0131 Garagineering\" \/>\n<meta property=\"article:publisher\" content=\"https:\/\/www.facebook.com\/bakirci.garagineering\" \/>\n<meta property=\"article:modified_time\" content=\"2021-10-30T13:56:55+00:00\" \/>\n<meta property=\"og:image\" content=\"https:\/\/bakirci.com\/ekipman\/wp-content\/uploads\/2021\/01\/CPRD-8500-NS39-FT-1.png\" \/>\n\t<meta property=\"og:image:width\" content=\"706\" \/>\n\t<meta property=\"og:image:height\" content=\"706\" \/>\n<meta name=\"twitter:card\" content=\"summary_large_image\" \/>\n<meta name=\"twitter:label1\" content=\"Tahmini okuma s\u00fcresi\" \/>\n\t<meta name=\"twitter:data1\" content=\"1 dakika\" \/>\n<script type=\"application\/ld+json\" class=\"yoast-schema-graph\">{\"@context\":\"https:\/\/schema.org\",\"@graph\":[{\"@type\":\"Organization\",\"@id\":\"https:\/\/bakirci.com\/ekipman\/#organization\",\"name\":\"Bak\\u0131rc\\u0131 garagineering\",\"url\":\"https:\/\/bakirci.com\/ekipman\/\",\"sameAs\":[\"https:\/\/www.facebook.com\/bakirci.garagineering\",\"https:\/\/www.instagram.com\/bakirci.garagineering\/\",\"https:\/\/www.linkedin.com\/company\/bakirci-garagineering\/\",\"https:\/\/www.youtube.com\/channel\/UCiVG6s_jALJ6Zk8085XiOQg\"],\"logo\":{\"@type\":\"ImageObject\",\"@id\":\"https:\/\/bakirci.com\/ekipman\/#logo\",\"inLanguage\":\"tr\",\"url\":\"https:\/\/bakirci.com\/ekipman\/wp-content\/uploads\/2021\/09\/Bakirci-logo-lacivert.png\",\"contentUrl\":\"https:\/\/bakirci.com\/ekipman\/wp-content\/uploads\/2021\/09\/Bakirci-logo-lacivert.png\",\"width\":501,\"height\":501,\"caption\":\"Bak\\u0131rc\\u0131 garagineering\"},\"image\":{\"@id\":\"https:\/\/bakirci.com\/ekipman\/#logo\"}},{\"@type\":\"WebSite\",\"@id\":\"https:\/\/bakirci.com\/ekipman\/#website\",\"url\":\"https:\/\/bakirci.com\/ekipman\/\",\"name\":\"Bak\\u0131rc\\u0131 Garagineering\",\"description\":\"Otomotiv sekt\\u00f6r\\u00fcne \\u00f6zel, \\u201c\\u00dcretici Standard\\u0131nda\\u201d \\u00e7\\u00f6z\\u00fcmler\\u2026\",\"publisher\":{\"@id\":\"https:\/\/bakirci.com\/ekipman\/#organization\"},\"potentialAction\":[{\"@type\":\"SearchAction\",\"target\":{\"@type\":\"EntryPoint\",\"urlTemplate\":\"https:\/\/bakirci.com\/ekipman\/?s={search_term_string}\"},\"query-input\":\"required name=search_term_string\"}],\"inLanguage\":\"tr\"},{\"@type\":\"ImageObject\",\"@id\":\"https:\/\/bakirci.com\/ekipman\/servis-ekipmanlari\/genel\/hava-kompresorleri\/usacprd-10500-ns7000-ft\/#primaryimage\",\"inLanguage\":\"tr\",\"url\":\"https:\/\/bakirci.com\/ekipman\/wp-content\/uploads\/2021\/01\/CPRD-8500-NS39-FT-1.png\",\"contentUrl\":\"https:\/\/bakirci.com\/ekipman\/wp-content\/uploads\/2021\/01\/CPRD-8500-NS39-FT-1.png\",\"width\":706,\"height\":706},{\"@type\":\"WebPage\",\"@id\":\"https:\/\/bakirci.com\/ekipman\/servis-ekipmanlari\/genel\/hava-kompresorleri\/usacprd-10500-ns7000-ft\/#webpage\",\"url\":\"https:\/\/bakirci.com\/ekipman\/servis-ekipmanlari\/genel\/hava-kompresorleri\/usacprd-10500-ns7000-ft\/\",\"name\":\"Pistonlu Hava Kompres\\u00f6r\\u00fc CHICAGO PNEUMATIC (Born in USA)CPRD 10500 NS7000 FT15 Hava bas\\u0131nc\\u0131 15 bar, depo 500 lt, \\u00fcretim 930 lt\/dk, 7,5 kW, 10 HP - Bak\\u0131rc\\u0131 Garagineering\",\"isPartOf\":{\"@id\":\"https:\/\/bakirci.com\/ekipman\/#website\"},\"primaryImageOfPage\":{\"@id\":\"https:\/\/bakirci.com\/ekipman\/servis-ekipmanlari\/genel\/hava-kompresorleri\/usacprd-10500-ns7000-ft\/#primaryimage\"},\"datePublished\":\"2021-01-01T07:10:04+00:00\",\"dateModified\":\"2021-10-30T13:56:55+00:00\",\"breadcrumb\":{\"@id\":\"https:\/\/bakirci.com\/ekipman\/servis-ekipmanlari\/genel\/hava-kompresorleri\/usacprd-10500-ns7000-ft\/#breadcrumb\"},\"inLanguage\":\"tr\",\"potentialAction\":[{\"@type\":\"ReadAction\",\"target\":[\"https:\/\/bakirci.com\/ekipman\/servis-ekipmanlari\/genel\/hava-kompresorleri\/usacprd-10500-ns7000-ft\/\"]}]},{\"@type\":\"BreadcrumbList\",\"@id\":\"https:\/\/bakirci.com\/ekipman\/servis-ekipmanlari\/genel\/hava-kompresorleri\/usacprd-10500-ns7000-ft\/#breadcrumb\",\"itemListElement\":[{\"@type\":\"ListItem\",\"position\":1,\"name\":\"Ekipman\",\"item\":\"https:\/\/bakirci.com\/ekipman\/\"},{\"@type\":\"ListItem\",\"position\":2,\"name\":\"Otomotiv Tesisleri \\u0130\\u00e7in Servis Ekipmanlar\\u0131\",\"item\":\"https:\/\/bakirci.com\/ekipman\/\"},{\"@type\":\"ListItem\",\"position\":3,\"name\":\"Pistonlu Hava Kompres\\u00f6r\\u00fcCHICAGO PNEUMATIC (Born in USA)CPRD 10500 NS7000 FT15Hava bas\\u0131nc\\u0131 15 bar, depo 500 lt, \\u00fcretim 930 lt\/dk, 7,5 kW, 10 HP\"}]}]}<\/script>\n<!-- \/ Yoast SEO plugin. -->","yoast_head_json":{"title":"Pistonlu Hava Kompres\u00f6r\u00fcCHICAGO PNEUMATIC (Born in USA)CPRD 10500 NS7000 FT15Hava bas\u0131nc\u0131 15 bar, depo 500 lt, \u00fcretim 930 lt\/dk, 7,5 kW, 10 HP - Bak\u0131rc\u0131 Garagineering","robots":{"index":"index","follow":"follow","max-snippet":"max-snippet:-1","max-image-preview":"max-image-preview:large","max-video-preview":"max-video-preview:-1"},"canonical":"https:\/\/bakirci.com\/ekipman\/servis-ekipmanlari\/genel\/hava-kompresorleri\/usacprd-10500-ns7000-ft\/","og_locale":"tr_TR","og_type":"article","og_title":"Pistonlu Hava Kompres\u00f6r\u00fcCHICAGO PNEUMATIC (Born in USA)CPRD 10500 NS7000 FT15Hava bas\u0131nc\u0131 15 bar, depo 500 lt, \u00fcretim 930 lt\/dk, 7,5 kW, 10 HP - Bak\u0131rc\u0131 Garagineering","og_description":"Pistonlu Hava Kompres\u00f6r\u00fc \u2013 CPRD 10500 NS7000 FT15  Profesyonel performans ve g\u00fcvenilirlik  \u00c7ift kademeli, y\u00fcksek verimli optimum hava ak\u0131\u015f\u0131  D\u00fc\u015f\u00fck motor devri ve kaliteli kafa sayesinde uzun \u00e7al\u0131\u015fma \u00f6mr\u00fc  Hava bas\u0131nc\u0131 15 bar  Depo kapasitesi 500 lt  \u00dcretim kapasitesi 930 lt\/dk  Motor g\u00fcc\u00fc 7,5 kW, 10 HP, 400 V","og_url":"https:\/\/bakirci.com\/ekipman\/servis-ekipmanlari\/genel\/hava-kompresorleri\/usacprd-10500-ns7000-ft\/","og_site_name":"Bak\u0131rc\u0131 Garagineering","article_publisher":"https:\/\/www.facebook.com\/bakirci.garagineering","article_modified_time":"2021-10-30T13:56:55+00:00","og_image":[{"width":706,"height":706,"url":"https:\/\/bakirci.com\/ekipman\/wp-content\/uploads\/2021\/01\/CPRD-8500-NS39-FT-1.png","path":"\/home\/bakirciwebsitesi\/public_html\/ekipman\/wp-content\/uploads\/2021\/01\/CPRD-8500-NS39-FT-1.png","size":"full","id":5056,"alt":"","pixels":498436,"type":"image\/png"}],"twitter_card":"summary_large_image","twitter_misc":{"Tahmini okuma s\u00fcresi":"1 dakika"},"schema":{"@context":"https:\/\/schema.org","@graph":[{"@type":"Organization","@id":"https:\/\/bakirci.com\/ekipman\/#organization","name":"Bak\u0131rc\u0131 garagineering","url":"https:\/\/bakirci.com\/ekipman\/","sameAs":["https:\/\/www.facebook.com\/bakirci.garagineering","https:\/\/www.instagram.com\/bakirci.garagineering\/","https:\/\/www.linkedin.com\/company\/bakirci-garagineering\/","https:\/\/www.youtube.com\/channel\/UCiVG6s_jALJ6Zk8085XiOQg"],"logo":{"@type":"ImageObject","@id":"https:\/\/bakirci.com\/ekipman\/#logo","inLanguage":"tr","url":"https:\/\/bakirci.com\/ekipman\/wp-content\/uploads\/2021\/09\/Bakirci-logo-lacivert.png","contentUrl":"https:\/\/bakirci.com\/ekipman\/wp-content\/uploads\/2021\/09\/Bakirci-logo-lacivert.png","width":501,"height":501,"caption":"Bak\u0131rc\u0131 garagineering"},"image":{"@id":"https:\/\/bakirci.com\/ekipman\/#logo"}},{"@type":"WebSite","@id":"https:\/\/bakirci.com\/ekipman\/#website","url":"https:\/\/bakirci.com\/ekipman\/","name":"Bak\u0131rc\u0131 Garagineering","description":"Otomotiv sekt\u00f6r\u00fcne \u00f6zel, \u201c\u00dcretici Standard\u0131nda\u201d \u00e7\u00f6z\u00fcmler\u2026","publisher":{"@id":"https:\/\/bakirci.com\/ekipman\/#organization"},"potentialAction":[{"@type":"SearchAction","target":{"@type":"EntryPoint","urlTemplate":"https:\/\/bakirci.com\/ekipman\/?s={search_term_string}"},"query-input":"required name=search_term_string"}],"inLanguage":"tr"},{"@type":"ImageObject","@id":"https:\/\/bakirci.com\/ekipman\/servis-ekipmanlari\/genel\/hava-kompresorleri\/usacprd-10500-ns7000-ft\/#primaryimage","inLanguage":"tr","url":"https:\/\/bakirci.com\/ekipman\/wp-content\/uploads\/2021\/01\/CPRD-8500-NS39-FT-1.png","contentUrl":"https:\/\/bakirci.com\/ekipman\/wp-content\/uploads\/2021\/01\/CPRD-8500-NS39-FT-1.png","width":706,"height":706},{"@type":"WebPage","@id":"https:\/\/bakirci.com\/ekipman\/servis-ekipmanlari\/genel\/hava-kompresorleri\/usacprd-10500-ns7000-ft\/#webpage","url":"https:\/\/bakirci.com\/ekipman\/servis-ekipmanlari\/genel\/hava-kompresorleri\/usacprd-10500-ns7000-ft\/","name":"Pistonlu Hava Kompres\u00f6r\u00fc CHICAGO PNEUMATIC (Born in USA)CPRD 10500 NS7000 FT15 Hava bas\u0131nc\u0131 15 bar, depo 500 lt, \u00fcretim 930 lt\/dk, 7,5 kW, 10 HP - Bak\u0131rc\u0131 Garagineering","isPartOf":{"@id":"https:\/\/bakirci.com\/ekipman\/#website"},"primaryImageOfPage":{"@id":"https:\/\/bakirci.com\/ekipman\/servis-ekipmanlari\/genel\/hava-kompresorleri\/usacprd-10500-ns7000-ft\/#primaryimage"},"datePublished":"2021-01-01T07:10:04+00:00","dateModified":"2021-10-30T13:56:55+00:00","breadcrumb":{"@id":"https:\/\/bakirci.com\/ekipman\/servis-ekipmanlari\/genel\/hava-kompresorleri\/usacprd-10500-ns7000-ft\/#breadcrumb"},"inLanguage":"tr","potentialAction":[{"@type":"ReadAction","target":["https:\/\/bakirci.com\/ekipman\/servis-ekipmanlari\/genel\/hava-kompresorleri\/usacprd-10500-ns7000-ft\/"]}]},{"@type":"BreadcrumbList","@id":"https:\/\/bakirci.com\/ekipman\/servis-ekipmanlari\/genel\/hava-kompresorleri\/usacprd-10500-ns7000-ft\/#breadcrumb","itemListElement":[{"@type":"ListItem","position":1,"name":"Ekipman","item":"https:\/\/bakirci.com\/ekipman\/"},{"@type":"ListItem","position":2,"name":"Otomotiv Tesisleri \u0130\u00e7in Servis Ekipmanlar\u0131","item":"https:\/\/bakirci.com\/ekipman\/"},{"@type":"ListItem","position":3,"name":"Pistonlu Hava Kompres\u00f6r\u00fcCHICAGO PNEUMATIC (Born in USA)CPRD 10500 NS7000 FT15Hava bas\u0131nc\u0131 15 bar, depo 500 lt, \u00fcretim 930 lt\/dk, 7,5 kW, 10 HP"}]}]}},"_links":{"self":[{"href":"https:\/\/bakirci.com\/ekipman\/wp-json\/wp\/v2\/product\/4878","targetHints":{"allow":["GET"]}}],"collection":[{"href":"https:\/\/bakirci.com\/ekipman\/wp-json\/wp\/v2\/product"}],"about":[{"href":"https:\/\/bakirci.com\/ekipman\/wp-json\/wp\/v2\/types\/product"}],"replies":[{"embeddable":true,"href":"https:\/\/bakirci.com\/ekipman\/wp-json\/wp\/v2\/comments?post=4878"}],"wp:featuredmedia":[{"embeddable":true,"href":"https:\/\/bakirci.com\/ekipman\/wp-json\/wp\/v2\/media\/5056"}],"wp:attachment":[{"href":"https:\/\/bakirci.com\/ekipman\/wp-json\/wp\/v2\/media?parent=4878"}],"wp:term":[{"taxonomy":"product_cat","embeddable":true,"href":"https:\/\/bakirci.com\/ekipman\/wp-json\/wp\/v2\/product_cat?post=4878"},{"taxonomy":"product_tag","embeddable":true,"href":"https:\/\/bakirci.com\/ekipman\/wp-json\/wp\/v2\/product_tag?post=4878"}],"curies":[{"name":"wp","href":"https:\/\/api.w.org\/{rel}","templated":true}]}}