{"id":4869,"date":"2021-01-01T06:25:43","date_gmt":"2021-01-01T06:25:43","guid":{"rendered":"https:\/\/j6l.65c.myftpupload.com\/?post_type=product&#038;p=4869"},"modified":"2021-10-30T13:55:12","modified_gmt":"2021-10-30T13:55:12","slug":"usacpa-10-13d-500l-ce","status":"publish","type":"product","link":"https:\/\/bakirci.com\/ekipman\/servis-ekipmanlari\/genel\/hava-kompresorleri\/usacpa-10-13d-500l-ce\/","title":{"rendered":"<p class=\"ustmetin\">Vidal\u0131 Hava Kompres\u00f6r\u00fc ve Kurutucu<\/p><p class=\"ortametin\">CHICAGO PNEUMATIC <span class=\"ortametin2\">(Born in USA)<\/span><p class=\"altmetin\">CPA 10\/13D 500L CE<br>Hava bas\u0131nc\u0131 13 bar, depo 500 lt, \u00fcretim 828 lt\/dk, 7,5 kW, 10 HP<\/p>"},"content":{"rendered":"<ul>\n<li>Vidal\u0131 Hava Kompres\u00f6r\u00fc ve Kurutucu \u2013 CPA 10\/13D 500L CE<\/li>\n<li>Y\u00fcksek kalite, y\u00fcksek verim ve uygun performans<\/li>\n<li>Yal\u0131t\u0131m k\u00f6p\u00fc\u011f\u00fc, deflekt\u00f6rleri ve titre\u015fim engelleme takozlar\u0131 ile s\u0131n\u0131f\u0131n\u0131n en sessiz \u00fcr\u00fcn\u00fc<\/li>\n<li>Y\u00fcksek enerji tasarrufu ve etkili sistem izleme<\/li>\n<li>ISO 1217 EK-C Standard\u0131nda net hava \u00e7\u0131k\u0131\u015f\u0131<\/li>\n<li>S\u0131n\u0131f\u0131n\u0131n en d\u00fc\u015f\u00fck nemlenme oran\u0131na (+3 \u00e7i\u011flenme) sahip kurutucu<\/li>\n<li>Hava bas\u0131nc\u0131 13 bar<\/li>\n<li>Depo kapasitesi 500 lt<\/li>\n<li>\u00dcretim kapasitesi 828 lt\/dk<\/li>\n<li>Motor g\u00fcc\u00fc 7,5 kW, 10 HP, 400 V<\/li>\n<\/ul>\n","protected":false},"excerpt":{"rendered":"<ul>\n<li>Vidal\u0131 Hava Kompres\u00f6r\u00fc ve Kurutucu \u2013 CPA 10\/13D 500L CE<\/li>\n<li>Y\u00fcksek kalite, y\u00fcksek verim ve uygun performans<\/li>\n<li>Yal\u0131t\u0131m k\u00f6p\u00fc\u011f\u00fc, deflekt\u00f6rleri ve titre\u015fim engelleme takozlar\u0131 ile s\u0131n\u0131f\u0131n\u0131n en sessiz \u00fcr\u00fcn\u00fc<\/li>\n<li>Y\u00fcksek enerji tasarrufu ve etkili sistem izleme<\/li>\n<li>ISO 1217 EK-C Standard\u0131nda net hava \u00e7\u0131k\u0131\u015f\u0131<\/li>\n<li>S\u0131n\u0131f\u0131n\u0131n en d\u00fc\u015f\u00fck nemlenme oran\u0131na (+3 \u00e7i\u011flenme) sahip kurutucu<\/li>\n<li>Hava bas\u0131nc\u0131 13 bar<\/li>\n<li>Depo kapasitesi 500 lt<\/li>\n<li>\u00dcretim kapasitesi 828 lt\/dk<\/li>\n<li>Motor g\u00fcc\u00fc 7,5 kW, 10 HP, 400 V<\/li>\n<\/ul>\n","protected":false},"featured_media":5061,"comment_status":"closed","ping_status":"closed","template":"","meta":[],"product_cat":[184],"product_tag":[403],"class_list":["post-4869","product","type-product","status-publish","has-post-thumbnail","hentry","pwb-brand-chicago-pneumatic","product_cat-hava-kompresorleri","product_tag-chicago-pneumatic"],"brands":[{"id":392,"name":"CHICAGO PNEUMATIC","slug":"chicago-pneumatic"}],"yoast_head":"<!-- This site is optimized with the Yoast SEO plugin v17.1 - https:\/\/yoast.com\/wordpress\/plugins\/seo\/ -->\n<title>Vidal\u0131 Hava Kompres\u00f6r\u00fc ve KurutucuCHICAGO PNEUMATIC (Born in USA)CPA 10\/13D 500L CEHava bas\u0131nc\u0131 13 bar, depo 500 lt, \u00fcretim 828 lt\/dk, 7,5 kW, 10 HP - Bak\u0131rc\u0131 Garagineering<\/title>\n<meta name=\"robots\" content=\"index, follow, max-snippet:-1, max-image-preview:large, max-video-preview:-1\" \/>\n<link rel=\"canonical\" href=\"https:\/\/bakirci.com\/ekipman\/servis-ekipmanlari\/genel\/hava-kompresorleri\/usacpa-10-13d-500l-ce\/\" \/>\n<meta property=\"og:locale\" content=\"tr_TR\" \/>\n<meta property=\"og:type\" content=\"article\" \/>\n<meta property=\"og:title\" content=\"Vidal\u0131 Hava Kompres\u00f6r\u00fc ve KurutucuCHICAGO PNEUMATIC (Born in USA)CPA 10\/13D 500L CEHava bas\u0131nc\u0131 13 bar, depo 500 lt, \u00fcretim 828 lt\/dk, 7,5 kW, 10 HP - Bak\u0131rc\u0131 Garagineering\" \/>\n<meta property=\"og:description\" content=\"Vidal\u0131 Hava Kompres\u00f6r\u00fc ve Kurutucu \u2013 CPA 10\/13D 500L CE  Y\u00fcksek kalite, y\u00fcksek verim ve uygun performans  Yal\u0131t\u0131m k\u00f6p\u00fc\u011f\u00fc, deflekt\u00f6rleri ve titre\u015fim engelleme takozlar\u0131 ile s\u0131n\u0131f\u0131n\u0131n en sessiz \u00fcr\u00fcn\u00fc  Y\u00fcksek enerji tasarrufu ve etkili sistem izleme  ISO 1217 EK-C Standard\u0131nda net hava \u00e7\u0131k\u0131\u015f\u0131  S\u0131n\u0131f\u0131n\u0131n en d\u00fc\u015f\u00fck nemlenme oran\u0131na (+3 \u00e7i\u011flenme) sahip kurutucu  Hava bas\u0131nc\u0131 13 bar  Depo kapasitesi 500 lt  \u00dcretim kapasitesi 828 lt\/dk  Motor g\u00fcc\u00fc 7,5 kW, 10 HP, 400 V\" \/>\n<meta property=\"og:url\" content=\"https:\/\/bakirci.com\/ekipman\/servis-ekipmanlari\/genel\/hava-kompresorleri\/usacpa-10-13d-500l-ce\/\" \/>\n<meta property=\"og:site_name\" content=\"Bak\u0131rc\u0131 Garagineering\" \/>\n<meta property=\"article:publisher\" content=\"https:\/\/www.facebook.com\/bakirci.garagineering\" \/>\n<meta property=\"article:modified_time\" content=\"2021-10-30T13:55:12+00:00\" \/>\n<meta property=\"og:image\" content=\"https:\/\/bakirci.com\/ekipman\/wp-content\/uploads\/2021\/01\/CPA-1010D-500L-CE.png\" \/>\n\t<meta property=\"og:image:width\" content=\"1200\" \/>\n\t<meta property=\"og:image:height\" content=\"1200\" \/>\n<meta name=\"twitter:card\" content=\"summary_large_image\" \/>\n<meta name=\"twitter:label1\" content=\"Tahmini okuma s\u00fcresi\" \/>\n\t<meta name=\"twitter:data1\" content=\"1 dakika\" \/>\n<script type=\"application\/ld+json\" class=\"yoast-schema-graph\">{\"@context\":\"https:\/\/schema.org\",\"@graph\":[{\"@type\":\"Organization\",\"@id\":\"https:\/\/bakirci.com\/ekipman\/#organization\",\"name\":\"Bak\\u0131rc\\u0131 garagineering\",\"url\":\"https:\/\/bakirci.com\/ekipman\/\",\"sameAs\":[\"https:\/\/www.facebook.com\/bakirci.garagineering\",\"https:\/\/www.instagram.com\/bakirci.garagineering\/\",\"https:\/\/www.linkedin.com\/company\/bakirci-garagineering\/\",\"https:\/\/www.youtube.com\/channel\/UCiVG6s_jALJ6Zk8085XiOQg\"],\"logo\":{\"@type\":\"ImageObject\",\"@id\":\"https:\/\/bakirci.com\/ekipman\/#logo\",\"inLanguage\":\"tr\",\"url\":\"https:\/\/bakirci.com\/ekipman\/wp-content\/uploads\/2021\/09\/Bakirci-logo-lacivert.png\",\"contentUrl\":\"https:\/\/bakirci.com\/ekipman\/wp-content\/uploads\/2021\/09\/Bakirci-logo-lacivert.png\",\"width\":501,\"height\":501,\"caption\":\"Bak\\u0131rc\\u0131 garagineering\"},\"image\":{\"@id\":\"https:\/\/bakirci.com\/ekipman\/#logo\"}},{\"@type\":\"WebSite\",\"@id\":\"https:\/\/bakirci.com\/ekipman\/#website\",\"url\":\"https:\/\/bakirci.com\/ekipman\/\",\"name\":\"Bak\\u0131rc\\u0131 Garagineering\",\"description\":\"Otomotiv sekt\\u00f6r\\u00fcne \\u00f6zel, \\u201c\\u00dcretici Standard\\u0131nda\\u201d \\u00e7\\u00f6z\\u00fcmler\\u2026\",\"publisher\":{\"@id\":\"https:\/\/bakirci.com\/ekipman\/#organization\"},\"potentialAction\":[{\"@type\":\"SearchAction\",\"target\":{\"@type\":\"EntryPoint\",\"urlTemplate\":\"https:\/\/bakirci.com\/ekipman\/?s={search_term_string}\"},\"query-input\":\"required name=search_term_string\"}],\"inLanguage\":\"tr\"},{\"@type\":\"ImageObject\",\"@id\":\"https:\/\/bakirci.com\/ekipman\/servis-ekipmanlari\/genel\/hava-kompresorleri\/usacpa-10-13d-500l-ce\/#primaryimage\",\"inLanguage\":\"tr\",\"url\":\"https:\/\/bakirci.com\/ekipman\/wp-content\/uploads\/2021\/01\/CPA-1010D-500L-CE.png\",\"contentUrl\":\"https:\/\/bakirci.com\/ekipman\/wp-content\/uploads\/2021\/01\/CPA-1010D-500L-CE.png\",\"width\":1200,\"height\":1200},{\"@type\":\"WebPage\",\"@id\":\"https:\/\/bakirci.com\/ekipman\/servis-ekipmanlari\/genel\/hava-kompresorleri\/usacpa-10-13d-500l-ce\/#webpage\",\"url\":\"https:\/\/bakirci.com\/ekipman\/servis-ekipmanlari\/genel\/hava-kompresorleri\/usacpa-10-13d-500l-ce\/\",\"name\":\"Vidal\\u0131 Hava Kompres\\u00f6r\\u00fc ve Kurutucu CHICAGO PNEUMATIC (Born in USA)CPA 10\/13D 500L CE Hava bas\\u0131nc\\u0131 13 bar, depo 500 lt, \\u00fcretim 828 lt\/dk, 7,5 kW, 10 HP - Bak\\u0131rc\\u0131 Garagineering\",\"isPartOf\":{\"@id\":\"https:\/\/bakirci.com\/ekipman\/#website\"},\"primaryImageOfPage\":{\"@id\":\"https:\/\/bakirci.com\/ekipman\/servis-ekipmanlari\/genel\/hava-kompresorleri\/usacpa-10-13d-500l-ce\/#primaryimage\"},\"datePublished\":\"2021-01-01T06:25:43+00:00\",\"dateModified\":\"2021-10-30T13:55:12+00:00\",\"breadcrumb\":{\"@id\":\"https:\/\/bakirci.com\/ekipman\/servis-ekipmanlari\/genel\/hava-kompresorleri\/usacpa-10-13d-500l-ce\/#breadcrumb\"},\"inLanguage\":\"tr\",\"potentialAction\":[{\"@type\":\"ReadAction\",\"target\":[\"https:\/\/bakirci.com\/ekipman\/servis-ekipmanlari\/genel\/hava-kompresorleri\/usacpa-10-13d-500l-ce\/\"]}]},{\"@type\":\"BreadcrumbList\",\"@id\":\"https:\/\/bakirci.com\/ekipman\/servis-ekipmanlari\/genel\/hava-kompresorleri\/usacpa-10-13d-500l-ce\/#breadcrumb\",\"itemListElement\":[{\"@type\":\"ListItem\",\"position\":1,\"name\":\"Ekipman\",\"item\":\"https:\/\/bakirci.com\/ekipman\/\"},{\"@type\":\"ListItem\",\"position\":2,\"name\":\"Otomotiv Tesisleri \\u0130\\u00e7in Servis Ekipmanlar\\u0131\",\"item\":\"https:\/\/bakirci.com\/ekipman\/\"},{\"@type\":\"ListItem\",\"position\":3,\"name\":\"Vidal\\u0131 Hava Kompres\\u00f6r\\u00fc ve KurutucuCHICAGO PNEUMATIC (Born in USA)CPA 10\/13D 500L CEHava bas\\u0131nc\\u0131 13 bar, depo 500 lt, \\u00fcretim 828 lt\/dk, 7,5 kW, 10 HP\"}]}]}<\/script>\n<!-- \/ Yoast SEO plugin. -->","yoast_head_json":{"title":"Vidal\u0131 Hava Kompres\u00f6r\u00fc ve KurutucuCHICAGO PNEUMATIC (Born in USA)CPA 10\/13D 500L CEHava bas\u0131nc\u0131 13 bar, depo 500 lt, \u00fcretim 828 lt\/dk, 7,5 kW, 10 HP - Bak\u0131rc\u0131 Garagineering","robots":{"index":"index","follow":"follow","max-snippet":"max-snippet:-1","max-image-preview":"max-image-preview:large","max-video-preview":"max-video-preview:-1"},"canonical":"https:\/\/bakirci.com\/ekipman\/servis-ekipmanlari\/genel\/hava-kompresorleri\/usacpa-10-13d-500l-ce\/","og_locale":"tr_TR","og_type":"article","og_title":"Vidal\u0131 Hava Kompres\u00f6r\u00fc ve KurutucuCHICAGO PNEUMATIC (Born in USA)CPA 10\/13D 500L CEHava bas\u0131nc\u0131 13 bar, depo 500 lt, \u00fcretim 828 lt\/dk, 7,5 kW, 10 HP - Bak\u0131rc\u0131 Garagineering","og_description":"Vidal\u0131 Hava Kompres\u00f6r\u00fc ve Kurutucu \u2013 CPA 10\/13D 500L CE  Y\u00fcksek kalite, y\u00fcksek verim ve uygun performans  Yal\u0131t\u0131m k\u00f6p\u00fc\u011f\u00fc, deflekt\u00f6rleri ve titre\u015fim engelleme takozlar\u0131 ile s\u0131n\u0131f\u0131n\u0131n en sessiz \u00fcr\u00fcn\u00fc  Y\u00fcksek enerji tasarrufu ve etkili sistem izleme  ISO 1217 EK-C Standard\u0131nda net hava \u00e7\u0131k\u0131\u015f\u0131  S\u0131n\u0131f\u0131n\u0131n en d\u00fc\u015f\u00fck nemlenme oran\u0131na (+3 \u00e7i\u011flenme) sahip kurutucu  Hava bas\u0131nc\u0131 13 bar  Depo kapasitesi 500 lt  \u00dcretim kapasitesi 828 lt\/dk  Motor g\u00fcc\u00fc 7,5 kW, 10 HP, 400 V","og_url":"https:\/\/bakirci.com\/ekipman\/servis-ekipmanlari\/genel\/hava-kompresorleri\/usacpa-10-13d-500l-ce\/","og_site_name":"Bak\u0131rc\u0131 Garagineering","article_publisher":"https:\/\/www.facebook.com\/bakirci.garagineering","article_modified_time":"2021-10-30T13:55:12+00:00","og_image":[{"width":1200,"height":1200,"url":"https:\/\/bakirci.com\/ekipman\/wp-content\/uploads\/2021\/01\/CPA-1010D-500L-CE.png","path":"\/home\/bakirciwebsitesi\/public_html\/ekipman\/wp-content\/uploads\/2021\/01\/CPA-1010D-500L-CE.png","size":"full","id":5061,"alt":"","pixels":1440000,"type":"image\/png"}],"twitter_card":"summary_large_image","twitter_misc":{"Tahmini okuma s\u00fcresi":"1 dakika"},"schema":{"@context":"https:\/\/schema.org","@graph":[{"@type":"Organization","@id":"https:\/\/bakirci.com\/ekipman\/#organization","name":"Bak\u0131rc\u0131 garagineering","url":"https:\/\/bakirci.com\/ekipman\/","sameAs":["https:\/\/www.facebook.com\/bakirci.garagineering","https:\/\/www.instagram.com\/bakirci.garagineering\/","https:\/\/www.linkedin.com\/company\/bakirci-garagineering\/","https:\/\/www.youtube.com\/channel\/UCiVG6s_jALJ6Zk8085XiOQg"],"logo":{"@type":"ImageObject","@id":"https:\/\/bakirci.com\/ekipman\/#logo","inLanguage":"tr","url":"https:\/\/bakirci.com\/ekipman\/wp-content\/uploads\/2021\/09\/Bakirci-logo-lacivert.png","contentUrl":"https:\/\/bakirci.com\/ekipman\/wp-content\/uploads\/2021\/09\/Bakirci-logo-lacivert.png","width":501,"height":501,"caption":"Bak\u0131rc\u0131 garagineering"},"image":{"@id":"https:\/\/bakirci.com\/ekipman\/#logo"}},{"@type":"WebSite","@id":"https:\/\/bakirci.com\/ekipman\/#website","url":"https:\/\/bakirci.com\/ekipman\/","name":"Bak\u0131rc\u0131 Garagineering","description":"Otomotiv sekt\u00f6r\u00fcne \u00f6zel, \u201c\u00dcretici Standard\u0131nda\u201d \u00e7\u00f6z\u00fcmler\u2026","publisher":{"@id":"https:\/\/bakirci.com\/ekipman\/#organization"},"potentialAction":[{"@type":"SearchAction","target":{"@type":"EntryPoint","urlTemplate":"https:\/\/bakirci.com\/ekipman\/?s={search_term_string}"},"query-input":"required name=search_term_string"}],"inLanguage":"tr"},{"@type":"ImageObject","@id":"https:\/\/bakirci.com\/ekipman\/servis-ekipmanlari\/genel\/hava-kompresorleri\/usacpa-10-13d-500l-ce\/#primaryimage","inLanguage":"tr","url":"https:\/\/bakirci.com\/ekipman\/wp-content\/uploads\/2021\/01\/CPA-1010D-500L-CE.png","contentUrl":"https:\/\/bakirci.com\/ekipman\/wp-content\/uploads\/2021\/01\/CPA-1010D-500L-CE.png","width":1200,"height":1200},{"@type":"WebPage","@id":"https:\/\/bakirci.com\/ekipman\/servis-ekipmanlari\/genel\/hava-kompresorleri\/usacpa-10-13d-500l-ce\/#webpage","url":"https:\/\/bakirci.com\/ekipman\/servis-ekipmanlari\/genel\/hava-kompresorleri\/usacpa-10-13d-500l-ce\/","name":"Vidal\u0131 Hava Kompres\u00f6r\u00fc ve Kurutucu CHICAGO PNEUMATIC (Born in USA)CPA 10\/13D 500L CE Hava bas\u0131nc\u0131 13 bar, depo 500 lt, \u00fcretim 828 lt\/dk, 7,5 kW, 10 HP - Bak\u0131rc\u0131 Garagineering","isPartOf":{"@id":"https:\/\/bakirci.com\/ekipman\/#website"},"primaryImageOfPage":{"@id":"https:\/\/bakirci.com\/ekipman\/servis-ekipmanlari\/genel\/hava-kompresorleri\/usacpa-10-13d-500l-ce\/#primaryimage"},"datePublished":"2021-01-01T06:25:43+00:00","dateModified":"2021-10-30T13:55:12+00:00","breadcrumb":{"@id":"https:\/\/bakirci.com\/ekipman\/servis-ekipmanlari\/genel\/hava-kompresorleri\/usacpa-10-13d-500l-ce\/#breadcrumb"},"inLanguage":"tr","potentialAction":[{"@type":"ReadAction","target":["https:\/\/bakirci.com\/ekipman\/servis-ekipmanlari\/genel\/hava-kompresorleri\/usacpa-10-13d-500l-ce\/"]}]},{"@type":"BreadcrumbList","@id":"https:\/\/bakirci.com\/ekipman\/servis-ekipmanlari\/genel\/hava-kompresorleri\/usacpa-10-13d-500l-ce\/#breadcrumb","itemListElement":[{"@type":"ListItem","position":1,"name":"Ekipman","item":"https:\/\/bakirci.com\/ekipman\/"},{"@type":"ListItem","position":2,"name":"Otomotiv Tesisleri \u0130\u00e7in Servis Ekipmanlar\u0131","item":"https:\/\/bakirci.com\/ekipman\/"},{"@type":"ListItem","position":3,"name":"Vidal\u0131 Hava Kompres\u00f6r\u00fc ve KurutucuCHICAGO PNEUMATIC (Born in USA)CPA 10\/13D 500L CEHava bas\u0131nc\u0131 13 bar, depo 500 lt, \u00fcretim 828 lt\/dk, 7,5 kW, 10 HP"}]}]}},"_links":{"self":[{"href":"https:\/\/bakirci.com\/ekipman\/wp-json\/wp\/v2\/product\/4869","targetHints":{"allow":["GET"]}}],"collection":[{"href":"https:\/\/bakirci.com\/ekipman\/wp-json\/wp\/v2\/product"}],"about":[{"href":"https:\/\/bakirci.com\/ekipman\/wp-json\/wp\/v2\/types\/product"}],"replies":[{"embeddable":true,"href":"https:\/\/bakirci.com\/ekipman\/wp-json\/wp\/v2\/comments?post=4869"}],"wp:featuredmedia":[{"embeddable":true,"href":"https:\/\/bakirci.com\/ekipman\/wp-json\/wp\/v2\/media\/5061"}],"wp:attachment":[{"href":"https:\/\/bakirci.com\/ekipman\/wp-json\/wp\/v2\/media?parent=4869"}],"wp:term":[{"taxonomy":"product_cat","embeddable":true,"href":"https:\/\/bakirci.com\/ekipman\/wp-json\/wp\/v2\/product_cat?post=4869"},{"taxonomy":"product_tag","embeddable":true,"href":"https:\/\/bakirci.com\/ekipman\/wp-json\/wp\/v2\/product_tag?post=4869"}],"curies":[{"name":"wp","href":"https:\/\/api.w.org\/{rel}","templated":true}]}}