{"id":4861,"date":"2021-01-01T05:45:15","date_gmt":"2021-01-01T05:45:15","guid":{"rendered":"https:\/\/j6l.65c.myftpupload.com\/?post_type=product&#038;p=4861"},"modified":"2021-10-30T13:52:32","modified_gmt":"2021-10-30T13:52:32","slug":"hava-deposu-chicago-pneumatic","status":"publish","type":"product","link":"https:\/\/bakirci.com\/ekipman\/servis-ekipmanlari\/genel\/hava-kompresorleri\/hava-deposu-chicago-pneumatic\/","title":{"rendered":"<p class=\"ustmetin\">Hava Deposu<\/p><p class=\"ortametin\">CHICAGO PNEUMATIC <span class=\"ortametin2\">(Born in USA)<\/span><p class=\"altmetin\">11 bar, 500 lt \/ 11 bar, 1000 lt \/ 16 bar, 500 lt \/ 16 bar, 1000 lt<\/p>"},"content":{"rendered":"<ul>\n<li>Hava Deposu<\/li>\n<li>11 bar, 500 lt \/ 11 bar, 1000 lt \/ 16 bar, 500 lt \/ 16 bar, 1000 lt<\/li>\n<\/ul>\n","protected":false},"excerpt":{"rendered":"<ul>\n<li>Hava Deposu<\/li>\n<li>11 bar, 500 lt \/ 11 bar, 1000 lt \/ 16 bar, 500 lt \/ 16 bar, 1000 lt<\/li>\n<\/ul>\n","protected":false},"featured_media":5067,"comment_status":"closed","ping_status":"closed","template":"","meta":[],"product_cat":[184],"product_tag":[403],"class_list":["post-4861","product","type-product","status-publish","has-post-thumbnail","hentry","pwb-brand-chicago-pneumatic","product_cat-hava-kompresorleri","product_tag-chicago-pneumatic"],"brands":[{"id":392,"name":"CHICAGO PNEUMATIC","slug":"chicago-pneumatic"}],"yoast_head":"<!-- This site is optimized with the Yoast SEO plugin v17.1 - https:\/\/yoast.com\/wordpress\/plugins\/seo\/ -->\n<title>Hava DeposuCHICAGO PNEUMATIC (Born in USA)11 bar, 500 lt \/ 11 bar, 1000 lt \/ 16 bar, 500 lt \/ 16 bar, 1000 lt - Bak\u0131rc\u0131 Garagineering<\/title>\n<meta name=\"robots\" content=\"index, follow, max-snippet:-1, max-image-preview:large, max-video-preview:-1\" \/>\n<link rel=\"canonical\" href=\"https:\/\/bakirci.com\/ekipman\/servis-ekipmanlari\/genel\/hava-kompresorleri\/hava-deposu-chicago-pneumatic\/\" \/>\n<meta property=\"og:locale\" content=\"tr_TR\" \/>\n<meta property=\"og:type\" content=\"article\" \/>\n<meta property=\"og:title\" content=\"Hava DeposuCHICAGO PNEUMATIC (Born in USA)11 bar, 500 lt \/ 11 bar, 1000 lt \/ 16 bar, 500 lt \/ 16 bar, 1000 lt - Bak\u0131rc\u0131 Garagineering\" \/>\n<meta property=\"og:description\" content=\"Hava Deposu  11 bar, 500 lt \/ 11 bar, 1000 lt \/ 16 bar, 500 lt \/ 16 bar, 1000 lt\" \/>\n<meta property=\"og:url\" content=\"https:\/\/bakirci.com\/ekipman\/servis-ekipmanlari\/genel\/hava-kompresorleri\/hava-deposu-chicago-pneumatic\/\" \/>\n<meta property=\"og:site_name\" content=\"Bak\u0131rc\u0131 Garagineering\" \/>\n<meta property=\"article:publisher\" content=\"https:\/\/www.facebook.com\/bakirci.garagineering\" \/>\n<meta property=\"article:modified_time\" content=\"2021-10-30T13:52:32+00:00\" \/>\n<meta property=\"og:image\" content=\"https:\/\/bakirci.com\/ekipman\/wp-content\/uploads\/2021\/01\/Hava-Deposu.png\" \/>\n\t<meta property=\"og:image:width\" content=\"422\" \/>\n\t<meta property=\"og:image:height\" content=\"422\" \/>\n<meta name=\"twitter:card\" content=\"summary_large_image\" \/>\n<meta name=\"twitter:label1\" content=\"Tahmini okuma s\u00fcresi\" \/>\n\t<meta name=\"twitter:data1\" content=\"1 dakika\" \/>\n<script type=\"application\/ld+json\" class=\"yoast-schema-graph\">{\"@context\":\"https:\/\/schema.org\",\"@graph\":[{\"@type\":\"Organization\",\"@id\":\"https:\/\/bakirci.com\/ekipman\/#organization\",\"name\":\"Bak\\u0131rc\\u0131 garagineering\",\"url\":\"https:\/\/bakirci.com\/ekipman\/\",\"sameAs\":[\"https:\/\/www.facebook.com\/bakirci.garagineering\",\"https:\/\/www.instagram.com\/bakirci.garagineering\/\",\"https:\/\/www.linkedin.com\/company\/bakirci-garagineering\/\",\"https:\/\/www.youtube.com\/channel\/UCiVG6s_jALJ6Zk8085XiOQg\"],\"logo\":{\"@type\":\"ImageObject\",\"@id\":\"https:\/\/bakirci.com\/ekipman\/#logo\",\"inLanguage\":\"tr\",\"url\":\"https:\/\/bakirci.com\/ekipman\/wp-content\/uploads\/2021\/09\/Bakirci-logo-lacivert.png\",\"contentUrl\":\"https:\/\/bakirci.com\/ekipman\/wp-content\/uploads\/2021\/09\/Bakirci-logo-lacivert.png\",\"width\":501,\"height\":501,\"caption\":\"Bak\\u0131rc\\u0131 garagineering\"},\"image\":{\"@id\":\"https:\/\/bakirci.com\/ekipman\/#logo\"}},{\"@type\":\"WebSite\",\"@id\":\"https:\/\/bakirci.com\/ekipman\/#website\",\"url\":\"https:\/\/bakirci.com\/ekipman\/\",\"name\":\"Bak\\u0131rc\\u0131 Garagineering\",\"description\":\"Otomotiv sekt\\u00f6r\\u00fcne \\u00f6zel, \\u201c\\u00dcretici Standard\\u0131nda\\u201d \\u00e7\\u00f6z\\u00fcmler\\u2026\",\"publisher\":{\"@id\":\"https:\/\/bakirci.com\/ekipman\/#organization\"},\"potentialAction\":[{\"@type\":\"SearchAction\",\"target\":{\"@type\":\"EntryPoint\",\"urlTemplate\":\"https:\/\/bakirci.com\/ekipman\/?s={search_term_string}\"},\"query-input\":\"required name=search_term_string\"}],\"inLanguage\":\"tr\"},{\"@type\":\"ImageObject\",\"@id\":\"https:\/\/bakirci.com\/ekipman\/servis-ekipmanlari\/genel\/hava-kompresorleri\/hava-deposu-chicago-pneumatic\/#primaryimage\",\"inLanguage\":\"tr\",\"url\":\"https:\/\/bakirci.com\/ekipman\/wp-content\/uploads\/2021\/01\/Hava-Deposu.png\",\"contentUrl\":\"https:\/\/bakirci.com\/ekipman\/wp-content\/uploads\/2021\/01\/Hava-Deposu.png\",\"width\":422,\"height\":422},{\"@type\":\"WebPage\",\"@id\":\"https:\/\/bakirci.com\/ekipman\/servis-ekipmanlari\/genel\/hava-kompresorleri\/hava-deposu-chicago-pneumatic\/#webpage\",\"url\":\"https:\/\/bakirci.com\/ekipman\/servis-ekipmanlari\/genel\/hava-kompresorleri\/hava-deposu-chicago-pneumatic\/\",\"name\":\"Hava Deposu CHICAGO PNEUMATIC (Born in USA)11 bar, 500 lt \/ 11 bar, 1000 lt \/ 16 bar, 500 lt \/ 16 bar, 1000 lt - Bak\\u0131rc\\u0131 Garagineering\",\"isPartOf\":{\"@id\":\"https:\/\/bakirci.com\/ekipman\/#website\"},\"primaryImageOfPage\":{\"@id\":\"https:\/\/bakirci.com\/ekipman\/servis-ekipmanlari\/genel\/hava-kompresorleri\/hava-deposu-chicago-pneumatic\/#primaryimage\"},\"datePublished\":\"2021-01-01T05:45:15+00:00\",\"dateModified\":\"2021-10-30T13:52:32+00:00\",\"breadcrumb\":{\"@id\":\"https:\/\/bakirci.com\/ekipman\/servis-ekipmanlari\/genel\/hava-kompresorleri\/hava-deposu-chicago-pneumatic\/#breadcrumb\"},\"inLanguage\":\"tr\",\"potentialAction\":[{\"@type\":\"ReadAction\",\"target\":[\"https:\/\/bakirci.com\/ekipman\/servis-ekipmanlari\/genel\/hava-kompresorleri\/hava-deposu-chicago-pneumatic\/\"]}]},{\"@type\":\"BreadcrumbList\",\"@id\":\"https:\/\/bakirci.com\/ekipman\/servis-ekipmanlari\/genel\/hava-kompresorleri\/hava-deposu-chicago-pneumatic\/#breadcrumb\",\"itemListElement\":[{\"@type\":\"ListItem\",\"position\":1,\"name\":\"Ekipman\",\"item\":\"https:\/\/bakirci.com\/ekipman\/\"},{\"@type\":\"ListItem\",\"position\":2,\"name\":\"Otomotiv Tesisleri \\u0130\\u00e7in Servis Ekipmanlar\\u0131\",\"item\":\"https:\/\/bakirci.com\/ekipman\/\"},{\"@type\":\"ListItem\",\"position\":3,\"name\":\"Hava DeposuCHICAGO PNEUMATIC (Born in USA)11 bar, 500 lt \/ 11 bar, 1000 lt \/ 16 bar, 500 lt \/ 16 bar, 1000 lt\"}]}]}<\/script>\n<!-- \/ Yoast SEO plugin. -->","yoast_head_json":{"title":"Hava DeposuCHICAGO PNEUMATIC (Born in USA)11 bar, 500 lt \/ 11 bar, 1000 lt \/ 16 bar, 500 lt \/ 16 bar, 1000 lt - Bak\u0131rc\u0131 Garagineering","robots":{"index":"index","follow":"follow","max-snippet":"max-snippet:-1","max-image-preview":"max-image-preview:large","max-video-preview":"max-video-preview:-1"},"canonical":"https:\/\/bakirci.com\/ekipman\/servis-ekipmanlari\/genel\/hava-kompresorleri\/hava-deposu-chicago-pneumatic\/","og_locale":"tr_TR","og_type":"article","og_title":"Hava DeposuCHICAGO PNEUMATIC (Born in USA)11 bar, 500 lt \/ 11 bar, 1000 lt \/ 16 bar, 500 lt \/ 16 bar, 1000 lt - Bak\u0131rc\u0131 Garagineering","og_description":"Hava Deposu  11 bar, 500 lt \/ 11 bar, 1000 lt \/ 16 bar, 500 lt \/ 16 bar, 1000 lt","og_url":"https:\/\/bakirci.com\/ekipman\/servis-ekipmanlari\/genel\/hava-kompresorleri\/hava-deposu-chicago-pneumatic\/","og_site_name":"Bak\u0131rc\u0131 Garagineering","article_publisher":"https:\/\/www.facebook.com\/bakirci.garagineering","article_modified_time":"2021-10-30T13:52:32+00:00","og_image":[{"width":422,"height":422,"url":"https:\/\/bakirci.com\/ekipman\/wp-content\/uploads\/2021\/01\/Hava-Deposu.png","path":"\/home\/bakirciwebsitesi\/public_html\/ekipman\/wp-content\/uploads\/2021\/01\/Hava-Deposu.png","size":"full","id":5067,"alt":"","pixels":178084,"type":"image\/png"}],"twitter_card":"summary_large_image","twitter_misc":{"Tahmini okuma s\u00fcresi":"1 dakika"},"schema":{"@context":"https:\/\/schema.org","@graph":[{"@type":"Organization","@id":"https:\/\/bakirci.com\/ekipman\/#organization","name":"Bak\u0131rc\u0131 garagineering","url":"https:\/\/bakirci.com\/ekipman\/","sameAs":["https:\/\/www.facebook.com\/bakirci.garagineering","https:\/\/www.instagram.com\/bakirci.garagineering\/","https:\/\/www.linkedin.com\/company\/bakirci-garagineering\/","https:\/\/www.youtube.com\/channel\/UCiVG6s_jALJ6Zk8085XiOQg"],"logo":{"@type":"ImageObject","@id":"https:\/\/bakirci.com\/ekipman\/#logo","inLanguage":"tr","url":"https:\/\/bakirci.com\/ekipman\/wp-content\/uploads\/2021\/09\/Bakirci-logo-lacivert.png","contentUrl":"https:\/\/bakirci.com\/ekipman\/wp-content\/uploads\/2021\/09\/Bakirci-logo-lacivert.png","width":501,"height":501,"caption":"Bak\u0131rc\u0131 garagineering"},"image":{"@id":"https:\/\/bakirci.com\/ekipman\/#logo"}},{"@type":"WebSite","@id":"https:\/\/bakirci.com\/ekipman\/#website","url":"https:\/\/bakirci.com\/ekipman\/","name":"Bak\u0131rc\u0131 Garagineering","description":"Otomotiv sekt\u00f6r\u00fcne \u00f6zel, \u201c\u00dcretici Standard\u0131nda\u201d \u00e7\u00f6z\u00fcmler\u2026","publisher":{"@id":"https:\/\/bakirci.com\/ekipman\/#organization"},"potentialAction":[{"@type":"SearchAction","target":{"@type":"EntryPoint","urlTemplate":"https:\/\/bakirci.com\/ekipman\/?s={search_term_string}"},"query-input":"required name=search_term_string"}],"inLanguage":"tr"},{"@type":"ImageObject","@id":"https:\/\/bakirci.com\/ekipman\/servis-ekipmanlari\/genel\/hava-kompresorleri\/hava-deposu-chicago-pneumatic\/#primaryimage","inLanguage":"tr","url":"https:\/\/bakirci.com\/ekipman\/wp-content\/uploads\/2021\/01\/Hava-Deposu.png","contentUrl":"https:\/\/bakirci.com\/ekipman\/wp-content\/uploads\/2021\/01\/Hava-Deposu.png","width":422,"height":422},{"@type":"WebPage","@id":"https:\/\/bakirci.com\/ekipman\/servis-ekipmanlari\/genel\/hava-kompresorleri\/hava-deposu-chicago-pneumatic\/#webpage","url":"https:\/\/bakirci.com\/ekipman\/servis-ekipmanlari\/genel\/hava-kompresorleri\/hava-deposu-chicago-pneumatic\/","name":"Hava Deposu CHICAGO PNEUMATIC (Born in USA)11 bar, 500 lt \/ 11 bar, 1000 lt \/ 16 bar, 500 lt \/ 16 bar, 1000 lt - Bak\u0131rc\u0131 Garagineering","isPartOf":{"@id":"https:\/\/bakirci.com\/ekipman\/#website"},"primaryImageOfPage":{"@id":"https:\/\/bakirci.com\/ekipman\/servis-ekipmanlari\/genel\/hava-kompresorleri\/hava-deposu-chicago-pneumatic\/#primaryimage"},"datePublished":"2021-01-01T05:45:15+00:00","dateModified":"2021-10-30T13:52:32+00:00","breadcrumb":{"@id":"https:\/\/bakirci.com\/ekipman\/servis-ekipmanlari\/genel\/hava-kompresorleri\/hava-deposu-chicago-pneumatic\/#breadcrumb"},"inLanguage":"tr","potentialAction":[{"@type":"ReadAction","target":["https:\/\/bakirci.com\/ekipman\/servis-ekipmanlari\/genel\/hava-kompresorleri\/hava-deposu-chicago-pneumatic\/"]}]},{"@type":"BreadcrumbList","@id":"https:\/\/bakirci.com\/ekipman\/servis-ekipmanlari\/genel\/hava-kompresorleri\/hava-deposu-chicago-pneumatic\/#breadcrumb","itemListElement":[{"@type":"ListItem","position":1,"name":"Ekipman","item":"https:\/\/bakirci.com\/ekipman\/"},{"@type":"ListItem","position":2,"name":"Otomotiv Tesisleri \u0130\u00e7in Servis Ekipmanlar\u0131","item":"https:\/\/bakirci.com\/ekipman\/"},{"@type":"ListItem","position":3,"name":"Hava DeposuCHICAGO PNEUMATIC (Born in USA)11 bar, 500 lt \/ 11 bar, 1000 lt \/ 16 bar, 500 lt \/ 16 bar, 1000 lt"}]}]}},"_links":{"self":[{"href":"https:\/\/bakirci.com\/ekipman\/wp-json\/wp\/v2\/product\/4861","targetHints":{"allow":["GET"]}}],"collection":[{"href":"https:\/\/bakirci.com\/ekipman\/wp-json\/wp\/v2\/product"}],"about":[{"href":"https:\/\/bakirci.com\/ekipman\/wp-json\/wp\/v2\/types\/product"}],"replies":[{"embeddable":true,"href":"https:\/\/bakirci.com\/ekipman\/wp-json\/wp\/v2\/comments?post=4861"}],"wp:featuredmedia":[{"embeddable":true,"href":"https:\/\/bakirci.com\/ekipman\/wp-json\/wp\/v2\/media\/5067"}],"wp:attachment":[{"href":"https:\/\/bakirci.com\/ekipman\/wp-json\/wp\/v2\/media?parent=4861"}],"wp:term":[{"taxonomy":"product_cat","embeddable":true,"href":"https:\/\/bakirci.com\/ekipman\/wp-json\/wp\/v2\/product_cat?post=4861"},{"taxonomy":"product_tag","embeddable":true,"href":"https:\/\/bakirci.com\/ekipman\/wp-json\/wp\/v2\/product_tag?post=4861"}],"curies":[{"name":"wp","href":"https:\/\/api.w.org\/{rel}","templated":true}]}}