{"id":4836,"date":"2021-01-01T03:40:13","date_gmt":"2021-01-01T03:40:13","guid":{"rendered":"https:\/\/j6l.65c.myftpupload.com\/?post_type=product&#038;p=4836"},"modified":"2021-10-30T13:48:23","modified_gmt":"2021-10-30T13:48:23","slug":"msu-678-200-ae","status":"publish","type":"product","link":"https:\/\/bakirci.com\/ekipman\/servis-ekipmanlari\/genel\/hava-kompresorleri\/msu-678-200-ae\/","title":{"rendered":"<p class=\"ustmetin\">Jenerat\u00f6rl\u00fc Pistonlu Hava Kompres\u00f6r\u00fc<\/p><p class=\"ortametin\">FIAC <span class=\"ortametin2\">(Born in ITALY)<\/span><p class=\"altmetin\">MSU 678\/200 AE<br>Benzin motoru 11 HP, hava bas\u0131nc\u0131 14 bar, depo 200 lt, \u00fcretim 585 lt\/dk<\/p>"},"content":{"rendered":"<ul>\n<li>Jenerat\u00f6rl\u00fc Pistonlu Hava Kompres\u00f6r\u00fc &#8211; MSU 678\/200 AE<\/li>\n<li>Bas\u0131n\u00e7l\u0131 hava ve elektrik \u00fcreten Lombardini dizel motor<\/li>\n<li>Y\u00fcksek performansl\u0131 pompa \u00fcnitesi<\/li>\n<li>Mar\u015f motorlu \u00e7al\u0131\u015ft\u0131rma sistemi<\/li>\n<li>Mobil ara\u00e7larda kullan\u0131m imkan\u0131<\/li>\n<li>Harici priz \u00e7\u0131k\u0131\u015f\u0131<\/li>\n<li>Benzin motoru 11 HP<\/li>\n<li>\u00c7\u0131k\u0131\u015f voltaj\u0131 230 V \/ 3 Kva<\/li>\n<li>Hava bas\u0131nc\u0131 14 bar<\/li>\n<li>Depo kapasitesi 200 lt<\/li>\n<li>\u00dcretim kapasitesi 585 lt\/dk<\/li>\n<li>T\u00fcm \u00fcnite a\u011f\u0131rl\u0131\u011f\u0131 220 kg<\/li>\n<\/ul>\n","protected":false},"excerpt":{"rendered":"<ul>\n<li>Jenerat\u00f6rl\u00fc Pistonlu Hava Kompres\u00f6r\u00fc &#8211; MSU 678\/200 AE<\/li>\n<li>Bas\u0131n\u00e7l\u0131 hava ve elektrik \u00fcreten Lombardini dizel motor<\/li>\n<li>Y\u00fcksek performansl\u0131 pompa \u00fcnitesi<\/li>\n<li>Mar\u015f motorlu \u00e7al\u0131\u015ft\u0131rma sistemi<\/li>\n<li>Mobil ara\u00e7larda kullan\u0131m imkan\u0131<\/li>\n<li>Harici priz \u00e7\u0131k\u0131\u015f\u0131<\/li>\n<li>Benzin motoru 11 HP<\/li>\n<li>\u00c7\u0131k\u0131\u015f voltaj\u0131 230 V \/ 3 Kva<\/li>\n<li>Hava bas\u0131nc\u0131 14 bar<\/li>\n<li>Depo kapasitesi 200 lt<\/li>\n<li>\u00dcretim kapasitesi 585 lt\/dk<\/li>\n<li>T\u00fcm \u00fcnite a\u011f\u0131rl\u0131\u011f\u0131 220 kg<\/li>\n<\/ul>\n","protected":false},"featured_media":5101,"comment_status":"closed","ping_status":"closed","template":"","meta":[],"product_cat":[184],"product_tag":[401],"class_list":["post-4836","product","type-product","status-publish","has-post-thumbnail","hentry","pwb-brand-fiac","product_cat-hava-kompresorleri","product_tag-fiac"],"brands":[{"id":394,"name":"FIAC","slug":"fiac"}],"yoast_head":"<!-- This site is optimized with the Yoast SEO plugin v17.1 - https:\/\/yoast.com\/wordpress\/plugins\/seo\/ -->\n<title>Jenerat\u00f6rl\u00fc Pistonlu Hava Kompres\u00f6r\u00fcFIAC (Born in ITALY)MSU 678\/200 AEBenzin motoru 11 HP, hava bas\u0131nc\u0131 14 bar, depo 200 lt, \u00fcretim 585 lt\/dk - Bak\u0131rc\u0131 Garagineering<\/title>\n<meta name=\"robots\" content=\"index, follow, max-snippet:-1, max-image-preview:large, max-video-preview:-1\" \/>\n<link rel=\"canonical\" href=\"https:\/\/bakirci.com\/ekipman\/servis-ekipmanlari\/genel\/hava-kompresorleri\/msu-678-200-ae\/\" \/>\n<meta property=\"og:locale\" content=\"tr_TR\" \/>\n<meta property=\"og:type\" content=\"article\" \/>\n<meta property=\"og:title\" content=\"Jenerat\u00f6rl\u00fc Pistonlu Hava Kompres\u00f6r\u00fcFIAC (Born in ITALY)MSU 678\/200 AEBenzin motoru 11 HP, hava bas\u0131nc\u0131 14 bar, depo 200 lt, \u00fcretim 585 lt\/dk - Bak\u0131rc\u0131 Garagineering\" \/>\n<meta property=\"og:description\" content=\"Jenerat\u00f6rl\u00fc Pistonlu Hava Kompres\u00f6r\u00fc - MSU 678\/200 AE  Bas\u0131n\u00e7l\u0131 hava ve elektrik \u00fcreten Lombardini dizel motor  Y\u00fcksek performansl\u0131 pompa \u00fcnitesi  Mar\u015f motorlu \u00e7al\u0131\u015ft\u0131rma sistemi  Mobil ara\u00e7larda kullan\u0131m imkan\u0131  Harici priz \u00e7\u0131k\u0131\u015f\u0131  Benzin motoru 11 HP  \u00c7\u0131k\u0131\u015f voltaj\u0131 230 V \/ 3 Kva  Hava bas\u0131nc\u0131 14 bar  Depo kapasitesi 200 lt  \u00dcretim kapasitesi 585 lt\/dk  T\u00fcm \u00fcnite a\u011f\u0131rl\u0131\u011f\u0131 220 kg\" \/>\n<meta property=\"og:url\" content=\"https:\/\/bakirci.com\/ekipman\/servis-ekipmanlari\/genel\/hava-kompresorleri\/msu-678-200-ae\/\" \/>\n<meta property=\"og:site_name\" content=\"Bak\u0131rc\u0131 Garagineering\" \/>\n<meta property=\"article:publisher\" content=\"https:\/\/www.facebook.com\/bakirci.garagineering\" \/>\n<meta property=\"article:modified_time\" content=\"2021-10-30T13:48:23+00:00\" \/>\n<meta property=\"og:image\" content=\"https:\/\/bakirci.com\/ekipman\/wp-content\/uploads\/2021\/01\/MSU-678200-AE.png\" \/>\n\t<meta property=\"og:image:width\" content=\"1202\" \/>\n\t<meta property=\"og:image:height\" content=\"1202\" \/>\n<meta name=\"twitter:card\" content=\"summary_large_image\" \/>\n<meta name=\"twitter:label1\" content=\"Tahmini okuma s\u00fcresi\" \/>\n\t<meta name=\"twitter:data1\" content=\"1 dakika\" \/>\n<script type=\"application\/ld+json\" class=\"yoast-schema-graph\">{\"@context\":\"https:\/\/schema.org\",\"@graph\":[{\"@type\":\"Organization\",\"@id\":\"https:\/\/bakirci.com\/ekipman\/#organization\",\"name\":\"Bak\\u0131rc\\u0131 garagineering\",\"url\":\"https:\/\/bakirci.com\/ekipman\/\",\"sameAs\":[\"https:\/\/www.facebook.com\/bakirci.garagineering\",\"https:\/\/www.instagram.com\/bakirci.garagineering\/\",\"https:\/\/www.linkedin.com\/company\/bakirci-garagineering\/\",\"https:\/\/www.youtube.com\/channel\/UCiVG6s_jALJ6Zk8085XiOQg\"],\"logo\":{\"@type\":\"ImageObject\",\"@id\":\"https:\/\/bakirci.com\/ekipman\/#logo\",\"inLanguage\":\"tr\",\"url\":\"https:\/\/bakirci.com\/ekipman\/wp-content\/uploads\/2021\/09\/Bakirci-logo-lacivert.png\",\"contentUrl\":\"https:\/\/bakirci.com\/ekipman\/wp-content\/uploads\/2021\/09\/Bakirci-logo-lacivert.png\",\"width\":501,\"height\":501,\"caption\":\"Bak\\u0131rc\\u0131 garagineering\"},\"image\":{\"@id\":\"https:\/\/bakirci.com\/ekipman\/#logo\"}},{\"@type\":\"WebSite\",\"@id\":\"https:\/\/bakirci.com\/ekipman\/#website\",\"url\":\"https:\/\/bakirci.com\/ekipman\/\",\"name\":\"Bak\\u0131rc\\u0131 Garagineering\",\"description\":\"Otomotiv sekt\\u00f6r\\u00fcne \\u00f6zel, \\u201c\\u00dcretici Standard\\u0131nda\\u201d \\u00e7\\u00f6z\\u00fcmler\\u2026\",\"publisher\":{\"@id\":\"https:\/\/bakirci.com\/ekipman\/#organization\"},\"potentialAction\":[{\"@type\":\"SearchAction\",\"target\":{\"@type\":\"EntryPoint\",\"urlTemplate\":\"https:\/\/bakirci.com\/ekipman\/?s={search_term_string}\"},\"query-input\":\"required name=search_term_string\"}],\"inLanguage\":\"tr\"},{\"@type\":\"ImageObject\",\"@id\":\"https:\/\/bakirci.com\/ekipman\/servis-ekipmanlari\/genel\/hava-kompresorleri\/msu-678-200-ae\/#primaryimage\",\"inLanguage\":\"tr\",\"url\":\"https:\/\/bakirci.com\/ekipman\/wp-content\/uploads\/2021\/01\/MSU-678200-AE.png\",\"contentUrl\":\"https:\/\/bakirci.com\/ekipman\/wp-content\/uploads\/2021\/01\/MSU-678200-AE.png\",\"width\":1202,\"height\":1202},{\"@type\":\"WebPage\",\"@id\":\"https:\/\/bakirci.com\/ekipman\/servis-ekipmanlari\/genel\/hava-kompresorleri\/msu-678-200-ae\/#webpage\",\"url\":\"https:\/\/bakirci.com\/ekipman\/servis-ekipmanlari\/genel\/hava-kompresorleri\/msu-678-200-ae\/\",\"name\":\"Jenerat\\u00f6rl\\u00fc Pistonlu Hava Kompres\\u00f6r\\u00fc FIAC (Born in ITALY)MSU 678\/200 AE Benzin motoru 11 HP, hava bas\\u0131nc\\u0131 14 bar, depo 200 lt, \\u00fcretim 585 lt\/dk - Bak\\u0131rc\\u0131 Garagineering\",\"isPartOf\":{\"@id\":\"https:\/\/bakirci.com\/ekipman\/#website\"},\"primaryImageOfPage\":{\"@id\":\"https:\/\/bakirci.com\/ekipman\/servis-ekipmanlari\/genel\/hava-kompresorleri\/msu-678-200-ae\/#primaryimage\"},\"datePublished\":\"2021-01-01T03:40:13+00:00\",\"dateModified\":\"2021-10-30T13:48:23+00:00\",\"breadcrumb\":{\"@id\":\"https:\/\/bakirci.com\/ekipman\/servis-ekipmanlari\/genel\/hava-kompresorleri\/msu-678-200-ae\/#breadcrumb\"},\"inLanguage\":\"tr\",\"potentialAction\":[{\"@type\":\"ReadAction\",\"target\":[\"https:\/\/bakirci.com\/ekipman\/servis-ekipmanlari\/genel\/hava-kompresorleri\/msu-678-200-ae\/\"]}]},{\"@type\":\"BreadcrumbList\",\"@id\":\"https:\/\/bakirci.com\/ekipman\/servis-ekipmanlari\/genel\/hava-kompresorleri\/msu-678-200-ae\/#breadcrumb\",\"itemListElement\":[{\"@type\":\"ListItem\",\"position\":1,\"name\":\"Ekipman\",\"item\":\"https:\/\/bakirci.com\/ekipman\/\"},{\"@type\":\"ListItem\",\"position\":2,\"name\":\"Otomotiv Tesisleri \\u0130\\u00e7in Servis Ekipmanlar\\u0131\",\"item\":\"https:\/\/bakirci.com\/ekipman\/\"},{\"@type\":\"ListItem\",\"position\":3,\"name\":\"Jenerat\\u00f6rl\\u00fc Pistonlu Hava Kompres\\u00f6r\\u00fcFIAC (Born in ITALY)MSU 678\/200 AEBenzin motoru 11 HP, hava bas\\u0131nc\\u0131 14 bar, depo 200 lt, \\u00fcretim 585 lt\/dk\"}]}]}<\/script>\n<!-- \/ Yoast SEO plugin. -->","yoast_head_json":{"title":"Jenerat\u00f6rl\u00fc Pistonlu Hava Kompres\u00f6r\u00fcFIAC (Born in ITALY)MSU 678\/200 AEBenzin motoru 11 HP, hava bas\u0131nc\u0131 14 bar, depo 200 lt, \u00fcretim 585 lt\/dk - Bak\u0131rc\u0131 Garagineering","robots":{"index":"index","follow":"follow","max-snippet":"max-snippet:-1","max-image-preview":"max-image-preview:large","max-video-preview":"max-video-preview:-1"},"canonical":"https:\/\/bakirci.com\/ekipman\/servis-ekipmanlari\/genel\/hava-kompresorleri\/msu-678-200-ae\/","og_locale":"tr_TR","og_type":"article","og_title":"Jenerat\u00f6rl\u00fc Pistonlu Hava Kompres\u00f6r\u00fcFIAC (Born in ITALY)MSU 678\/200 AEBenzin motoru 11 HP, hava bas\u0131nc\u0131 14 bar, depo 200 lt, \u00fcretim 585 lt\/dk - Bak\u0131rc\u0131 Garagineering","og_description":"Jenerat\u00f6rl\u00fc Pistonlu Hava Kompres\u00f6r\u00fc - MSU 678\/200 AE  Bas\u0131n\u00e7l\u0131 hava ve elektrik \u00fcreten Lombardini dizel motor  Y\u00fcksek performansl\u0131 pompa \u00fcnitesi  Mar\u015f motorlu \u00e7al\u0131\u015ft\u0131rma sistemi  Mobil ara\u00e7larda kullan\u0131m imkan\u0131  Harici priz \u00e7\u0131k\u0131\u015f\u0131  Benzin motoru 11 HP  \u00c7\u0131k\u0131\u015f voltaj\u0131 230 V \/ 3 Kva  Hava bas\u0131nc\u0131 14 bar  Depo kapasitesi 200 lt  \u00dcretim kapasitesi 585 lt\/dk  T\u00fcm \u00fcnite a\u011f\u0131rl\u0131\u011f\u0131 220 kg","og_url":"https:\/\/bakirci.com\/ekipman\/servis-ekipmanlari\/genel\/hava-kompresorleri\/msu-678-200-ae\/","og_site_name":"Bak\u0131rc\u0131 Garagineering","article_publisher":"https:\/\/www.facebook.com\/bakirci.garagineering","article_modified_time":"2021-10-30T13:48:23+00:00","og_image":[{"width":1202,"height":1202,"url":"https:\/\/bakirci.com\/ekipman\/wp-content\/uploads\/2021\/01\/MSU-678200-AE.png","path":"\/home\/bakirciwebsitesi\/public_html\/ekipman\/wp-content\/uploads\/2021\/01\/MSU-678200-AE.png","size":"full","id":5101,"alt":"","pixels":1444804,"type":"image\/png"}],"twitter_card":"summary_large_image","twitter_misc":{"Tahmini okuma s\u00fcresi":"1 dakika"},"schema":{"@context":"https:\/\/schema.org","@graph":[{"@type":"Organization","@id":"https:\/\/bakirci.com\/ekipman\/#organization","name":"Bak\u0131rc\u0131 garagineering","url":"https:\/\/bakirci.com\/ekipman\/","sameAs":["https:\/\/www.facebook.com\/bakirci.garagineering","https:\/\/www.instagram.com\/bakirci.garagineering\/","https:\/\/www.linkedin.com\/company\/bakirci-garagineering\/","https:\/\/www.youtube.com\/channel\/UCiVG6s_jALJ6Zk8085XiOQg"],"logo":{"@type":"ImageObject","@id":"https:\/\/bakirci.com\/ekipman\/#logo","inLanguage":"tr","url":"https:\/\/bakirci.com\/ekipman\/wp-content\/uploads\/2021\/09\/Bakirci-logo-lacivert.png","contentUrl":"https:\/\/bakirci.com\/ekipman\/wp-content\/uploads\/2021\/09\/Bakirci-logo-lacivert.png","width":501,"height":501,"caption":"Bak\u0131rc\u0131 garagineering"},"image":{"@id":"https:\/\/bakirci.com\/ekipman\/#logo"}},{"@type":"WebSite","@id":"https:\/\/bakirci.com\/ekipman\/#website","url":"https:\/\/bakirci.com\/ekipman\/","name":"Bak\u0131rc\u0131 Garagineering","description":"Otomotiv sekt\u00f6r\u00fcne \u00f6zel, \u201c\u00dcretici Standard\u0131nda\u201d \u00e7\u00f6z\u00fcmler\u2026","publisher":{"@id":"https:\/\/bakirci.com\/ekipman\/#organization"},"potentialAction":[{"@type":"SearchAction","target":{"@type":"EntryPoint","urlTemplate":"https:\/\/bakirci.com\/ekipman\/?s={search_term_string}"},"query-input":"required name=search_term_string"}],"inLanguage":"tr"},{"@type":"ImageObject","@id":"https:\/\/bakirci.com\/ekipman\/servis-ekipmanlari\/genel\/hava-kompresorleri\/msu-678-200-ae\/#primaryimage","inLanguage":"tr","url":"https:\/\/bakirci.com\/ekipman\/wp-content\/uploads\/2021\/01\/MSU-678200-AE.png","contentUrl":"https:\/\/bakirci.com\/ekipman\/wp-content\/uploads\/2021\/01\/MSU-678200-AE.png","width":1202,"height":1202},{"@type":"WebPage","@id":"https:\/\/bakirci.com\/ekipman\/servis-ekipmanlari\/genel\/hava-kompresorleri\/msu-678-200-ae\/#webpage","url":"https:\/\/bakirci.com\/ekipman\/servis-ekipmanlari\/genel\/hava-kompresorleri\/msu-678-200-ae\/","name":"Jenerat\u00f6rl\u00fc Pistonlu Hava Kompres\u00f6r\u00fc FIAC (Born in ITALY)MSU 678\/200 AE Benzin motoru 11 HP, hava bas\u0131nc\u0131 14 bar, depo 200 lt, \u00fcretim 585 lt\/dk - Bak\u0131rc\u0131 Garagineering","isPartOf":{"@id":"https:\/\/bakirci.com\/ekipman\/#website"},"primaryImageOfPage":{"@id":"https:\/\/bakirci.com\/ekipman\/servis-ekipmanlari\/genel\/hava-kompresorleri\/msu-678-200-ae\/#primaryimage"},"datePublished":"2021-01-01T03:40:13+00:00","dateModified":"2021-10-30T13:48:23+00:00","breadcrumb":{"@id":"https:\/\/bakirci.com\/ekipman\/servis-ekipmanlari\/genel\/hava-kompresorleri\/msu-678-200-ae\/#breadcrumb"},"inLanguage":"tr","potentialAction":[{"@type":"ReadAction","target":["https:\/\/bakirci.com\/ekipman\/servis-ekipmanlari\/genel\/hava-kompresorleri\/msu-678-200-ae\/"]}]},{"@type":"BreadcrumbList","@id":"https:\/\/bakirci.com\/ekipman\/servis-ekipmanlari\/genel\/hava-kompresorleri\/msu-678-200-ae\/#breadcrumb","itemListElement":[{"@type":"ListItem","position":1,"name":"Ekipman","item":"https:\/\/bakirci.com\/ekipman\/"},{"@type":"ListItem","position":2,"name":"Otomotiv Tesisleri \u0130\u00e7in Servis Ekipmanlar\u0131","item":"https:\/\/bakirci.com\/ekipman\/"},{"@type":"ListItem","position":3,"name":"Jenerat\u00f6rl\u00fc Pistonlu Hava Kompres\u00f6r\u00fcFIAC (Born in ITALY)MSU 678\/200 AEBenzin motoru 11 HP, hava bas\u0131nc\u0131 14 bar, depo 200 lt, \u00fcretim 585 lt\/dk"}]}]}},"_links":{"self":[{"href":"https:\/\/bakirci.com\/ekipman\/wp-json\/wp\/v2\/product\/4836","targetHints":{"allow":["GET"]}}],"collection":[{"href":"https:\/\/bakirci.com\/ekipman\/wp-json\/wp\/v2\/product"}],"about":[{"href":"https:\/\/bakirci.com\/ekipman\/wp-json\/wp\/v2\/types\/product"}],"replies":[{"embeddable":true,"href":"https:\/\/bakirci.com\/ekipman\/wp-json\/wp\/v2\/comments?post=4836"}],"wp:featuredmedia":[{"embeddable":true,"href":"https:\/\/bakirci.com\/ekipman\/wp-json\/wp\/v2\/media\/5101"}],"wp:attachment":[{"href":"https:\/\/bakirci.com\/ekipman\/wp-json\/wp\/v2\/media?parent=4836"}],"wp:term":[{"taxonomy":"product_cat","embeddable":true,"href":"https:\/\/bakirci.com\/ekipman\/wp-json\/wp\/v2\/product_cat?post=4836"},{"taxonomy":"product_tag","embeddable":true,"href":"https:\/\/bakirci.com\/ekipman\/wp-json\/wp\/v2\/product_tag?post=4836"}],"curies":[{"name":"wp","href":"https:\/\/api.w.org\/{rel}","templated":true}]}}