{"id":4834,"date":"2021-01-01T03:30:05","date_gmt":"2021-01-01T03:30:05","guid":{"rendered":"https:\/\/j6l.65c.myftpupload.com\/?post_type=product&#038;p=4834"},"modified":"2021-10-30T13:47:45","modified_gmt":"2021-10-30T13:47:45","slug":"msu-1000","status":"publish","type":"product","link":"https:\/\/bakirci.com\/ekipman\/servis-ekipmanlari\/genel\/hava-kompresorleri\/msu-1000\/","title":{"rendered":"<p class=\"ustmetin\">Jenerat\u00f6rl\u00fc Vidal\u0131 Hava Kompres\u00f6r\u00fc<\/p><p class=\"ortametin\">FIAC <span class=\"ortametin2\">(Born in ITALY)<\/span><p class=\"altmetin\">MSU 1000<br> Dizel motor 17 HP, hava bas\u0131nc\u0131 12 bar, depo 90 lt, <br>\u00fcretim 700 lt\/dk<\/p>"},"content":{"rendered":"<ul>\n<li>Jenerat\u00f6rl\u00fc Vidal\u0131 Hava Kompres\u00f6r\u00fc &#8211; MSU 1000<\/li>\n<li>Su so\u011futmal\u0131 Lombardini dizel motor ile donat\u0131lm\u0131\u015f hava kompres\u00f6r\u00fc<\/li>\n<li>\u00c7elik panelden olu\u015fan ses ge\u00e7irmeyen kabin ve titre\u015fim \u00f6nleyici destek sistemi<\/li>\n<li>Y\u00fcksek performansl\u0131 vida grubu<\/li>\n<li>Kabine monte \u00e7ift hava makaras\u0131 16 mt \/ 1\/2&#8243; ve 21 mt \/ 3\/8&#8243;<\/li>\n<li>Dizel motor 17 HP<\/li>\n<li>\u00c7\u0131k\u0131\u015f voltaj\u0131 230 V \/ 2 Kva &#8211; 400 V \/ 6 Kva<\/li>\n<li>Hava bas\u0131nc\u0131 12 bar<\/li>\n<li>Depo kapasitesi 90 lt<\/li>\n<li>Yak\u0131t tank\u0131 22 lt<\/li>\n<li>\u00dcretim kapasitesi 700 lt\/dk<\/li>\n<li>T\u00fcm \u00fcnite a\u011f\u0131rl\u0131\u011f\u0131 400 kg<\/li>\n<\/ul>\n","protected":false},"excerpt":{"rendered":"<ul>\n<li>Jenerat\u00f6rl\u00fc Vidal\u0131 Hava Kompres\u00f6r\u00fc &#8211; MSU 1000<\/li>\n<li>Su so\u011futmal\u0131 Lombardini dizel motor ile donat\u0131lm\u0131\u015f hava kompres\u00f6r\u00fc<\/li>\n<li>\u00c7elik panelden olu\u015fan ses ge\u00e7irmeyen kabin ve titre\u015fim \u00f6nleyici destek sistemi<\/li>\n<li>Y\u00fcksek performansl\u0131 vida grubu<\/li>\n<li>Kabine monte \u00e7ift hava makaras\u0131 16 mt \/ 1\/2&#8243; ve 21 mt \/ 3\/8&#8243;<\/li>\n<li>Dizel motor 17 HP<\/li>\n<li>\u00c7\u0131k\u0131\u015f voltaj\u0131 230 V \/ 2 Kva &#8211; 400 V \/ 6 Kva<\/li>\n<li>Hava bas\u0131nc\u0131 12 bar<\/li>\n<li>Depo kapasitesi 90 lt<\/li>\n<li>Yak\u0131t tank\u0131 22 lt<\/li>\n<li>\u00dcretim kapasitesi 700 lt\/dk<\/li>\n<li>T\u00fcm \u00fcnite a\u011f\u0131rl\u0131\u011f\u0131 400 kg<\/li>\n<\/ul>\n","protected":false},"featured_media":5099,"comment_status":"closed","ping_status":"closed","template":"","meta":[],"product_cat":[184],"product_tag":[401],"class_list":["post-4834","product","type-product","status-publish","has-post-thumbnail","hentry","pwb-brand-fiac","product_cat-hava-kompresorleri","product_tag-fiac"],"brands":[{"id":394,"name":"FIAC","slug":"fiac"}],"yoast_head":"<!-- This site is optimized with the Yoast SEO plugin v17.1 - https:\/\/yoast.com\/wordpress\/plugins\/seo\/ -->\n<title>Jenerat\u00f6rl\u00fc Vidal\u0131 Hava Kompres\u00f6r\u00fcFIAC (Born in ITALY)MSU 1000 Dizel motor 17 HP, hava bas\u0131nc\u0131 12 bar, depo 90 lt, \u00fcretim 700 lt\/dk - Bak\u0131rc\u0131 Garagineering<\/title>\n<meta name=\"robots\" content=\"index, follow, max-snippet:-1, max-image-preview:large, max-video-preview:-1\" \/>\n<link rel=\"canonical\" href=\"https:\/\/bakirci.com\/ekipman\/servis-ekipmanlari\/genel\/hava-kompresorleri\/msu-1000\/\" \/>\n<meta property=\"og:locale\" content=\"tr_TR\" \/>\n<meta property=\"og:type\" content=\"article\" \/>\n<meta property=\"og:title\" content=\"Jenerat\u00f6rl\u00fc Vidal\u0131 Hava Kompres\u00f6r\u00fcFIAC (Born in ITALY)MSU 1000 Dizel motor 17 HP, hava bas\u0131nc\u0131 12 bar, depo 90 lt, \u00fcretim 700 lt\/dk - Bak\u0131rc\u0131 Garagineering\" \/>\n<meta property=\"og:description\" content=\"Jenerat\u00f6rl\u00fc Vidal\u0131 Hava Kompres\u00f6r\u00fc - MSU 1000  Su so\u011futmal\u0131 Lombardini dizel motor ile donat\u0131lm\u0131\u015f hava kompres\u00f6r\u00fc  \u00c7elik panelden olu\u015fan ses ge\u00e7irmeyen kabin ve titre\u015fim \u00f6nleyici destek sistemi  Y\u00fcksek performansl\u0131 vida grubu  Kabine monte \u00e7ift hava makaras\u0131 16 mt \/ 1\/2&quot; ve 21 mt \/ 3\/8&quot;  Dizel motor 17 HP  \u00c7\u0131k\u0131\u015f voltaj\u0131 230 V \/ 2 Kva - 400 V \/ 6 Kva  Hava bas\u0131nc\u0131 12 bar  Depo kapasitesi 90 lt  Yak\u0131t tank\u0131 22 lt  \u00dcretim kapasitesi 700 lt\/dk  T\u00fcm \u00fcnite a\u011f\u0131rl\u0131\u011f\u0131 400 kg\" \/>\n<meta property=\"og:url\" content=\"https:\/\/bakirci.com\/ekipman\/servis-ekipmanlari\/genel\/hava-kompresorleri\/msu-1000\/\" \/>\n<meta property=\"og:site_name\" content=\"Bak\u0131rc\u0131 Garagineering\" \/>\n<meta property=\"article:publisher\" content=\"https:\/\/www.facebook.com\/bakirci.garagineering\" \/>\n<meta property=\"article:modified_time\" content=\"2021-10-30T13:47:45+00:00\" \/>\n<meta property=\"og:image\" content=\"https:\/\/bakirci.com\/ekipman\/wp-content\/uploads\/2021\/01\/MSU-1000.png\" \/>\n\t<meta property=\"og:image:width\" content=\"551\" \/>\n\t<meta property=\"og:image:height\" content=\"551\" \/>\n<meta name=\"twitter:card\" content=\"summary_large_image\" \/>\n<meta name=\"twitter:label1\" content=\"Tahmini okuma s\u00fcresi\" \/>\n\t<meta name=\"twitter:data1\" content=\"1 dakika\" \/>\n<script type=\"application\/ld+json\" class=\"yoast-schema-graph\">{\"@context\":\"https:\/\/schema.org\",\"@graph\":[{\"@type\":\"Organization\",\"@id\":\"https:\/\/bakirci.com\/ekipman\/#organization\",\"name\":\"Bak\\u0131rc\\u0131 garagineering\",\"url\":\"https:\/\/bakirci.com\/ekipman\/\",\"sameAs\":[\"https:\/\/www.facebook.com\/bakirci.garagineering\",\"https:\/\/www.instagram.com\/bakirci.garagineering\/\",\"https:\/\/www.linkedin.com\/company\/bakirci-garagineering\/\",\"https:\/\/www.youtube.com\/channel\/UCiVG6s_jALJ6Zk8085XiOQg\"],\"logo\":{\"@type\":\"ImageObject\",\"@id\":\"https:\/\/bakirci.com\/ekipman\/#logo\",\"inLanguage\":\"tr\",\"url\":\"https:\/\/bakirci.com\/ekipman\/wp-content\/uploads\/2021\/09\/Bakirci-logo-lacivert.png\",\"contentUrl\":\"https:\/\/bakirci.com\/ekipman\/wp-content\/uploads\/2021\/09\/Bakirci-logo-lacivert.png\",\"width\":501,\"height\":501,\"caption\":\"Bak\\u0131rc\\u0131 garagineering\"},\"image\":{\"@id\":\"https:\/\/bakirci.com\/ekipman\/#logo\"}},{\"@type\":\"WebSite\",\"@id\":\"https:\/\/bakirci.com\/ekipman\/#website\",\"url\":\"https:\/\/bakirci.com\/ekipman\/\",\"name\":\"Bak\\u0131rc\\u0131 Garagineering\",\"description\":\"Otomotiv sekt\\u00f6r\\u00fcne \\u00f6zel, \\u201c\\u00dcretici Standard\\u0131nda\\u201d \\u00e7\\u00f6z\\u00fcmler\\u2026\",\"publisher\":{\"@id\":\"https:\/\/bakirci.com\/ekipman\/#organization\"},\"potentialAction\":[{\"@type\":\"SearchAction\",\"target\":{\"@type\":\"EntryPoint\",\"urlTemplate\":\"https:\/\/bakirci.com\/ekipman\/?s={search_term_string}\"},\"query-input\":\"required name=search_term_string\"}],\"inLanguage\":\"tr\"},{\"@type\":\"ImageObject\",\"@id\":\"https:\/\/bakirci.com\/ekipman\/servis-ekipmanlari\/genel\/hava-kompresorleri\/msu-1000\/#primaryimage\",\"inLanguage\":\"tr\",\"url\":\"https:\/\/bakirci.com\/ekipman\/wp-content\/uploads\/2021\/01\/MSU-1000.png\",\"contentUrl\":\"https:\/\/bakirci.com\/ekipman\/wp-content\/uploads\/2021\/01\/MSU-1000.png\",\"width\":551,\"height\":551},{\"@type\":\"WebPage\",\"@id\":\"https:\/\/bakirci.com\/ekipman\/servis-ekipmanlari\/genel\/hava-kompresorleri\/msu-1000\/#webpage\",\"url\":\"https:\/\/bakirci.com\/ekipman\/servis-ekipmanlari\/genel\/hava-kompresorleri\/msu-1000\/\",\"name\":\"Jenerat\\u00f6rl\\u00fc Vidal\\u0131 Hava Kompres\\u00f6r\\u00fc FIAC (Born in ITALY)MSU 1000 Dizel motor 17 HP, hava bas\\u0131nc\\u0131 12 bar, depo 90 lt, \\u00fcretim 700 lt\/dk - Bak\\u0131rc\\u0131 Garagineering\",\"isPartOf\":{\"@id\":\"https:\/\/bakirci.com\/ekipman\/#website\"},\"primaryImageOfPage\":{\"@id\":\"https:\/\/bakirci.com\/ekipman\/servis-ekipmanlari\/genel\/hava-kompresorleri\/msu-1000\/#primaryimage\"},\"datePublished\":\"2021-01-01T03:30:05+00:00\",\"dateModified\":\"2021-10-30T13:47:45+00:00\",\"breadcrumb\":{\"@id\":\"https:\/\/bakirci.com\/ekipman\/servis-ekipmanlari\/genel\/hava-kompresorleri\/msu-1000\/#breadcrumb\"},\"inLanguage\":\"tr\",\"potentialAction\":[{\"@type\":\"ReadAction\",\"target\":[\"https:\/\/bakirci.com\/ekipman\/servis-ekipmanlari\/genel\/hava-kompresorleri\/msu-1000\/\"]}]},{\"@type\":\"BreadcrumbList\",\"@id\":\"https:\/\/bakirci.com\/ekipman\/servis-ekipmanlari\/genel\/hava-kompresorleri\/msu-1000\/#breadcrumb\",\"itemListElement\":[{\"@type\":\"ListItem\",\"position\":1,\"name\":\"Ekipman\",\"item\":\"https:\/\/bakirci.com\/ekipman\/\"},{\"@type\":\"ListItem\",\"position\":2,\"name\":\"Otomotiv Tesisleri \\u0130\\u00e7in Servis Ekipmanlar\\u0131\",\"item\":\"https:\/\/bakirci.com\/ekipman\/\"},{\"@type\":\"ListItem\",\"position\":3,\"name\":\"Jenerat\\u00f6rl\\u00fc Vidal\\u0131 Hava Kompres\\u00f6r\\u00fcFIAC (Born in ITALY)MSU 1000 Dizel motor 17 HP, hava bas\\u0131nc\\u0131 12 bar, depo 90 lt, \\u00fcretim 700 lt\/dk\"}]}]}<\/script>\n<!-- \/ Yoast SEO plugin. -->","yoast_head_json":{"title":"Jenerat\u00f6rl\u00fc Vidal\u0131 Hava Kompres\u00f6r\u00fcFIAC (Born in ITALY)MSU 1000 Dizel motor 17 HP, hava bas\u0131nc\u0131 12 bar, depo 90 lt, \u00fcretim 700 lt\/dk - Bak\u0131rc\u0131 Garagineering","robots":{"index":"index","follow":"follow","max-snippet":"max-snippet:-1","max-image-preview":"max-image-preview:large","max-video-preview":"max-video-preview:-1"},"canonical":"https:\/\/bakirci.com\/ekipman\/servis-ekipmanlari\/genel\/hava-kompresorleri\/msu-1000\/","og_locale":"tr_TR","og_type":"article","og_title":"Jenerat\u00f6rl\u00fc Vidal\u0131 Hava Kompres\u00f6r\u00fcFIAC (Born in ITALY)MSU 1000 Dizel motor 17 HP, hava bas\u0131nc\u0131 12 bar, depo 90 lt, \u00fcretim 700 lt\/dk - Bak\u0131rc\u0131 Garagineering","og_description":"Jenerat\u00f6rl\u00fc Vidal\u0131 Hava Kompres\u00f6r\u00fc - MSU 1000  Su so\u011futmal\u0131 Lombardini dizel motor ile donat\u0131lm\u0131\u015f hava kompres\u00f6r\u00fc  \u00c7elik panelden olu\u015fan ses ge\u00e7irmeyen kabin ve titre\u015fim \u00f6nleyici destek sistemi  Y\u00fcksek performansl\u0131 vida grubu  Kabine monte \u00e7ift hava makaras\u0131 16 mt \/ 1\/2\" ve 21 mt \/ 3\/8\"  Dizel motor 17 HP  \u00c7\u0131k\u0131\u015f voltaj\u0131 230 V \/ 2 Kva - 400 V \/ 6 Kva  Hava bas\u0131nc\u0131 12 bar  Depo kapasitesi 90 lt  Yak\u0131t tank\u0131 22 lt  \u00dcretim kapasitesi 700 lt\/dk  T\u00fcm \u00fcnite a\u011f\u0131rl\u0131\u011f\u0131 400 kg","og_url":"https:\/\/bakirci.com\/ekipman\/servis-ekipmanlari\/genel\/hava-kompresorleri\/msu-1000\/","og_site_name":"Bak\u0131rc\u0131 Garagineering","article_publisher":"https:\/\/www.facebook.com\/bakirci.garagineering","article_modified_time":"2021-10-30T13:47:45+00:00","og_image":[{"width":551,"height":551,"url":"https:\/\/bakirci.com\/ekipman\/wp-content\/uploads\/2021\/01\/MSU-1000.png","path":"\/home\/bakirciwebsitesi\/public_html\/ekipman\/wp-content\/uploads\/2021\/01\/MSU-1000.png","size":"full","id":5099,"alt":"","pixels":303601,"type":"image\/png"}],"twitter_card":"summary_large_image","twitter_misc":{"Tahmini okuma s\u00fcresi":"1 dakika"},"schema":{"@context":"https:\/\/schema.org","@graph":[{"@type":"Organization","@id":"https:\/\/bakirci.com\/ekipman\/#organization","name":"Bak\u0131rc\u0131 garagineering","url":"https:\/\/bakirci.com\/ekipman\/","sameAs":["https:\/\/www.facebook.com\/bakirci.garagineering","https:\/\/www.instagram.com\/bakirci.garagineering\/","https:\/\/www.linkedin.com\/company\/bakirci-garagineering\/","https:\/\/www.youtube.com\/channel\/UCiVG6s_jALJ6Zk8085XiOQg"],"logo":{"@type":"ImageObject","@id":"https:\/\/bakirci.com\/ekipman\/#logo","inLanguage":"tr","url":"https:\/\/bakirci.com\/ekipman\/wp-content\/uploads\/2021\/09\/Bakirci-logo-lacivert.png","contentUrl":"https:\/\/bakirci.com\/ekipman\/wp-content\/uploads\/2021\/09\/Bakirci-logo-lacivert.png","width":501,"height":501,"caption":"Bak\u0131rc\u0131 garagineering"},"image":{"@id":"https:\/\/bakirci.com\/ekipman\/#logo"}},{"@type":"WebSite","@id":"https:\/\/bakirci.com\/ekipman\/#website","url":"https:\/\/bakirci.com\/ekipman\/","name":"Bak\u0131rc\u0131 Garagineering","description":"Otomotiv sekt\u00f6r\u00fcne \u00f6zel, \u201c\u00dcretici Standard\u0131nda\u201d \u00e7\u00f6z\u00fcmler\u2026","publisher":{"@id":"https:\/\/bakirci.com\/ekipman\/#organization"},"potentialAction":[{"@type":"SearchAction","target":{"@type":"EntryPoint","urlTemplate":"https:\/\/bakirci.com\/ekipman\/?s={search_term_string}"},"query-input":"required name=search_term_string"}],"inLanguage":"tr"},{"@type":"ImageObject","@id":"https:\/\/bakirci.com\/ekipman\/servis-ekipmanlari\/genel\/hava-kompresorleri\/msu-1000\/#primaryimage","inLanguage":"tr","url":"https:\/\/bakirci.com\/ekipman\/wp-content\/uploads\/2021\/01\/MSU-1000.png","contentUrl":"https:\/\/bakirci.com\/ekipman\/wp-content\/uploads\/2021\/01\/MSU-1000.png","width":551,"height":551},{"@type":"WebPage","@id":"https:\/\/bakirci.com\/ekipman\/servis-ekipmanlari\/genel\/hava-kompresorleri\/msu-1000\/#webpage","url":"https:\/\/bakirci.com\/ekipman\/servis-ekipmanlari\/genel\/hava-kompresorleri\/msu-1000\/","name":"Jenerat\u00f6rl\u00fc Vidal\u0131 Hava Kompres\u00f6r\u00fc FIAC (Born in ITALY)MSU 1000 Dizel motor 17 HP, hava bas\u0131nc\u0131 12 bar, depo 90 lt, \u00fcretim 700 lt\/dk - Bak\u0131rc\u0131 Garagineering","isPartOf":{"@id":"https:\/\/bakirci.com\/ekipman\/#website"},"primaryImageOfPage":{"@id":"https:\/\/bakirci.com\/ekipman\/servis-ekipmanlari\/genel\/hava-kompresorleri\/msu-1000\/#primaryimage"},"datePublished":"2021-01-01T03:30:05+00:00","dateModified":"2021-10-30T13:47:45+00:00","breadcrumb":{"@id":"https:\/\/bakirci.com\/ekipman\/servis-ekipmanlari\/genel\/hava-kompresorleri\/msu-1000\/#breadcrumb"},"inLanguage":"tr","potentialAction":[{"@type":"ReadAction","target":["https:\/\/bakirci.com\/ekipman\/servis-ekipmanlari\/genel\/hava-kompresorleri\/msu-1000\/"]}]},{"@type":"BreadcrumbList","@id":"https:\/\/bakirci.com\/ekipman\/servis-ekipmanlari\/genel\/hava-kompresorleri\/msu-1000\/#breadcrumb","itemListElement":[{"@type":"ListItem","position":1,"name":"Ekipman","item":"https:\/\/bakirci.com\/ekipman\/"},{"@type":"ListItem","position":2,"name":"Otomotiv Tesisleri \u0130\u00e7in Servis Ekipmanlar\u0131","item":"https:\/\/bakirci.com\/ekipman\/"},{"@type":"ListItem","position":3,"name":"Jenerat\u00f6rl\u00fc Vidal\u0131 Hava Kompres\u00f6r\u00fcFIAC (Born in ITALY)MSU 1000 Dizel motor 17 HP, hava bas\u0131nc\u0131 12 bar, depo 90 lt, \u00fcretim 700 lt\/dk"}]}]}},"_links":{"self":[{"href":"https:\/\/bakirci.com\/ekipman\/wp-json\/wp\/v2\/product\/4834","targetHints":{"allow":["GET"]}}],"collection":[{"href":"https:\/\/bakirci.com\/ekipman\/wp-json\/wp\/v2\/product"}],"about":[{"href":"https:\/\/bakirci.com\/ekipman\/wp-json\/wp\/v2\/types\/product"}],"replies":[{"embeddable":true,"href":"https:\/\/bakirci.com\/ekipman\/wp-json\/wp\/v2\/comments?post=4834"}],"wp:featuredmedia":[{"embeddable":true,"href":"https:\/\/bakirci.com\/ekipman\/wp-json\/wp\/v2\/media\/5099"}],"wp:attachment":[{"href":"https:\/\/bakirci.com\/ekipman\/wp-json\/wp\/v2\/media?parent=4834"}],"wp:term":[{"taxonomy":"product_cat","embeddable":true,"href":"https:\/\/bakirci.com\/ekipman\/wp-json\/wp\/v2\/product_cat?post=4834"},{"taxonomy":"product_tag","embeddable":true,"href":"https:\/\/bakirci.com\/ekipman\/wp-json\/wp\/v2\/product_tag?post=4834"}],"curies":[{"name":"wp","href":"https:\/\/api.w.org\/{rel}","templated":true}]}}