{"id":4828,"date":"2021-01-01T03:00:48","date_gmt":"2021-01-01T03:00:48","guid":{"rendered":"https:\/\/j6l.65c.myftpupload.com\/?post_type=product&#038;p=4828"},"modified":"2021-10-30T13:46:12","modified_gmt":"2021-10-30T13:46:12","slug":"moduler-calisma-sistemi-premium-line-4","status":"publish","type":"product","link":"https:\/\/bakirci.com\/ekipman\/servis-ekipmanlari\/genel\/moduler-calisma-sistemleri\/moduler-calisma-sistemi-premium-line-4\/","title":{"rendered":"<p class=\"ustmetin\">Mod\u00fcler \u00c7al\u0131\u015fma Sistemi<\/p><p class=\"ortametin\">WOX <span class=\"ortametin2\">(Born in TURKEY)<\/span><p class=\"altmetin\">Premium Line<\/p>"},"content":{"rendered":"<ul>\n<li>Mod\u00fcler \u00c7al\u0131\u015fma Sistemi &#8211; Premium Line<\/li>\n<li>Otomobil tesislerinde servis b\u00f6l\u00fcmleri, verimlili\u011fin ve karl\u0131l\u0131\u011f\u0131n artt\u0131r\u0131lmas\u0131nda kritik bir rol oynamaktad\u0131r.<\/li>\n<li>Bu nedenle do\u011fru ve kusursuz tasarlanmas\u0131 \u00e7ok \u00f6nemlidir. WOX mod\u00fclleri, kullan\u0131c\u0131lar\u0131n taleplerine, servisin \u00e7al\u0131\u015fma alanlar\u0131na, istenilen RAL renklerine ve kurumsal kimli\u011fe g\u00f6re \u00f6zel olarak tasarlanmaktad\u0131r.<\/li>\n<\/ul>\n","protected":false},"excerpt":{"rendered":"<ul>\n<li>Mod\u00fcler \u00c7al\u0131\u015fma Sistemi &#8211; Premium Line<\/li>\n<li>Otomobil tesislerinde servis b\u00f6l\u00fcmleri, verimlili\u011fin ve karl\u0131l\u0131\u011f\u0131n artt\u0131r\u0131lmas\u0131nda kritik bir rol oynamaktad\u0131r.<\/li>\n<li>Bu nedenle do\u011fru ve kusursuz tasarlanmas\u0131 \u00e7ok \u00f6nemlidir. WOX mod\u00fclleri, kullan\u0131c\u0131lar\u0131n taleplerine, servisin \u00e7al\u0131\u015fma alanlar\u0131na, istenilen RAL renklerine ve kurumsal kimli\u011fe g\u00f6re \u00f6zel olarak tasarlanmaktad\u0131r.<\/li>\n<\/ul>\n","protected":false},"featured_media":5094,"comment_status":"closed","ping_status":"closed","template":"","meta":[],"product_cat":[185],"product_tag":[756,750,749,755,754,757,751,747,748,753,400,752],"class_list":["post-4828","product","type-product","status-publish","has-post-thumbnail","hentry","pwb-brand-wox","product_cat-moduler-calisma-sistemleri","product_tag-avadanlik-dolaplari","product_tag-calisma-dolabi","product_tag-calisma-tezgahlari","product_tag-cekmeceki-tezgah","product_tag-ozel-malzeme-dolabi","product_tag-raf-sistemleri","product_tag-servis-dolabi","product_tag-servis-mobilyasi","product_tag-servis-tezgahlari","product_tag-takim-arabasi","product_tag-wox","product_tag-yag-makara-dolabi"],"brands":[{"id":395,"name":"WOX","slug":"wox"}],"yoast_head":"<!-- This site is optimized with the Yoast SEO plugin v17.1 - https:\/\/yoast.com\/wordpress\/plugins\/seo\/ -->\n<title>Mod\u00fcler \u00c7al\u0131\u015fma SistemiWOX (Born in TURKEY)Premium Line - Bak\u0131rc\u0131 Garagineering<\/title>\n<meta name=\"robots\" content=\"index, follow, max-snippet:-1, max-image-preview:large, max-video-preview:-1\" \/>\n<link rel=\"canonical\" href=\"https:\/\/bakirci.com\/ekipman\/servis-ekipmanlari\/genel\/moduler-calisma-sistemleri\/moduler-calisma-sistemi-premium-line-4\/\" \/>\n<meta property=\"og:locale\" content=\"tr_TR\" \/>\n<meta property=\"og:type\" content=\"article\" \/>\n<meta property=\"og:title\" content=\"Mod\u00fcler \u00c7al\u0131\u015fma SistemiWOX (Born in TURKEY)Premium Line - Bak\u0131rc\u0131 Garagineering\" \/>\n<meta property=\"og:description\" content=\"Mod\u00fcler \u00c7al\u0131\u015fma Sistemi - Premium Line  Otomobil tesislerinde servis b\u00f6l\u00fcmleri, verimlili\u011fin ve karl\u0131l\u0131\u011f\u0131n artt\u0131r\u0131lmas\u0131nda kritik bir rol oynamaktad\u0131r.  Bu nedenle do\u011fru ve kusursuz tasarlanmas\u0131 \u00e7ok \u00f6nemlidir. WOX mod\u00fclleri, kullan\u0131c\u0131lar\u0131n taleplerine, servisin \u00e7al\u0131\u015fma alanlar\u0131na, istenilen RAL renklerine ve kurumsal kimli\u011fe g\u00f6re \u00f6zel olarak tasarlanmaktad\u0131r.\" \/>\n<meta property=\"og:url\" content=\"https:\/\/bakirci.com\/ekipman\/servis-ekipmanlari\/genel\/moduler-calisma-sistemleri\/moduler-calisma-sistemi-premium-line-4\/\" \/>\n<meta property=\"og:site_name\" content=\"Bak\u0131rc\u0131 Garagineering\" \/>\n<meta property=\"article:publisher\" content=\"https:\/\/www.facebook.com\/bakirci.garagineering\" \/>\n<meta property=\"article:modified_time\" content=\"2021-10-30T13:46:12+00:00\" \/>\n<meta property=\"og:image\" content=\"https:\/\/bakirci.com\/ekipman\/wp-content\/uploads\/2021\/01\/Premium-Line-6.jpg\" \/>\n\t<meta property=\"og:image:width\" content=\"1200\" \/>\n\t<meta property=\"og:image:height\" content=\"797\" \/>\n<meta name=\"twitter:card\" content=\"summary_large_image\" \/>\n<script type=\"application\/ld+json\" class=\"yoast-schema-graph\">{\"@context\":\"https:\/\/schema.org\",\"@graph\":[{\"@type\":\"Organization\",\"@id\":\"https:\/\/bakirci.com\/ekipman\/#organization\",\"name\":\"Bak\\u0131rc\\u0131 garagineering\",\"url\":\"https:\/\/bakirci.com\/ekipman\/\",\"sameAs\":[\"https:\/\/www.facebook.com\/bakirci.garagineering\",\"https:\/\/www.instagram.com\/bakirci.garagineering\/\",\"https:\/\/www.linkedin.com\/company\/bakirci-garagineering\/\",\"https:\/\/www.youtube.com\/channel\/UCiVG6s_jALJ6Zk8085XiOQg\"],\"logo\":{\"@type\":\"ImageObject\",\"@id\":\"https:\/\/bakirci.com\/ekipman\/#logo\",\"inLanguage\":\"tr\",\"url\":\"https:\/\/bakirci.com\/ekipman\/wp-content\/uploads\/2021\/09\/Bakirci-logo-lacivert.png\",\"contentUrl\":\"https:\/\/bakirci.com\/ekipman\/wp-content\/uploads\/2021\/09\/Bakirci-logo-lacivert.png\",\"width\":501,\"height\":501,\"caption\":\"Bak\\u0131rc\\u0131 garagineering\"},\"image\":{\"@id\":\"https:\/\/bakirci.com\/ekipman\/#logo\"}},{\"@type\":\"WebSite\",\"@id\":\"https:\/\/bakirci.com\/ekipman\/#website\",\"url\":\"https:\/\/bakirci.com\/ekipman\/\",\"name\":\"Bak\\u0131rc\\u0131 Garagineering\",\"description\":\"Otomotiv sekt\\u00f6r\\u00fcne \\u00f6zel, \\u201c\\u00dcretici Standard\\u0131nda\\u201d \\u00e7\\u00f6z\\u00fcmler\\u2026\",\"publisher\":{\"@id\":\"https:\/\/bakirci.com\/ekipman\/#organization\"},\"potentialAction\":[{\"@type\":\"SearchAction\",\"target\":{\"@type\":\"EntryPoint\",\"urlTemplate\":\"https:\/\/bakirci.com\/ekipman\/?s={search_term_string}\"},\"query-input\":\"required name=search_term_string\"}],\"inLanguage\":\"tr\"},{\"@type\":\"ImageObject\",\"@id\":\"https:\/\/bakirci.com\/ekipman\/servis-ekipmanlari\/genel\/moduler-calisma-sistemleri\/moduler-calisma-sistemi-premium-line-4\/#primaryimage\",\"inLanguage\":\"tr\",\"url\":\"https:\/\/bakirci.com\/ekipman\/wp-content\/uploads\/2021\/01\/Premium-Line-6.jpg\",\"contentUrl\":\"https:\/\/bakirci.com\/ekipman\/wp-content\/uploads\/2021\/01\/Premium-Line-6.jpg\",\"width\":1200,\"height\":797},{\"@type\":\"WebPage\",\"@id\":\"https:\/\/bakirci.com\/ekipman\/servis-ekipmanlari\/genel\/moduler-calisma-sistemleri\/moduler-calisma-sistemi-premium-line-4\/#webpage\",\"url\":\"https:\/\/bakirci.com\/ekipman\/servis-ekipmanlari\/genel\/moduler-calisma-sistemleri\/moduler-calisma-sistemi-premium-line-4\/\",\"name\":\"Mod\\u00fcler \\u00c7al\\u0131\\u015fma Sistemi WOX (Born in TURKEY)Premium Line - Bak\\u0131rc\\u0131 Garagineering\",\"isPartOf\":{\"@id\":\"https:\/\/bakirci.com\/ekipman\/#website\"},\"primaryImageOfPage\":{\"@id\":\"https:\/\/bakirci.com\/ekipman\/servis-ekipmanlari\/genel\/moduler-calisma-sistemleri\/moduler-calisma-sistemi-premium-line-4\/#primaryimage\"},\"datePublished\":\"2021-01-01T03:00:48+00:00\",\"dateModified\":\"2021-10-30T13:46:12+00:00\",\"breadcrumb\":{\"@id\":\"https:\/\/bakirci.com\/ekipman\/servis-ekipmanlari\/genel\/moduler-calisma-sistemleri\/moduler-calisma-sistemi-premium-line-4\/#breadcrumb\"},\"inLanguage\":\"tr\",\"potentialAction\":[{\"@type\":\"ReadAction\",\"target\":[\"https:\/\/bakirci.com\/ekipman\/servis-ekipmanlari\/genel\/moduler-calisma-sistemleri\/moduler-calisma-sistemi-premium-line-4\/\"]}]},{\"@type\":\"BreadcrumbList\",\"@id\":\"https:\/\/bakirci.com\/ekipman\/servis-ekipmanlari\/genel\/moduler-calisma-sistemleri\/moduler-calisma-sistemi-premium-line-4\/#breadcrumb\",\"itemListElement\":[{\"@type\":\"ListItem\",\"position\":1,\"name\":\"Ekipman\",\"item\":\"https:\/\/bakirci.com\/ekipman\/\"},{\"@type\":\"ListItem\",\"position\":2,\"name\":\"Otomotiv Tesisleri \\u0130\\u00e7in Servis Ekipmanlar\\u0131\",\"item\":\"https:\/\/bakirci.com\/ekipman\/\"},{\"@type\":\"ListItem\",\"position\":3,\"name\":\"Mod\\u00fcler \\u00c7al\\u0131\\u015fma SistemiWOX (Born in TURKEY)Premium Line\"}]}]}<\/script>\n<!-- \/ Yoast SEO plugin. -->","yoast_head_json":{"title":"Mod\u00fcler \u00c7al\u0131\u015fma SistemiWOX (Born in TURKEY)Premium Line - Bak\u0131rc\u0131 Garagineering","robots":{"index":"index","follow":"follow","max-snippet":"max-snippet:-1","max-image-preview":"max-image-preview:large","max-video-preview":"max-video-preview:-1"},"canonical":"https:\/\/bakirci.com\/ekipman\/servis-ekipmanlari\/genel\/moduler-calisma-sistemleri\/moduler-calisma-sistemi-premium-line-4\/","og_locale":"tr_TR","og_type":"article","og_title":"Mod\u00fcler \u00c7al\u0131\u015fma SistemiWOX (Born in TURKEY)Premium Line - Bak\u0131rc\u0131 Garagineering","og_description":"Mod\u00fcler \u00c7al\u0131\u015fma Sistemi - Premium Line  Otomobil tesislerinde servis b\u00f6l\u00fcmleri, verimlili\u011fin ve karl\u0131l\u0131\u011f\u0131n artt\u0131r\u0131lmas\u0131nda kritik bir rol oynamaktad\u0131r.  Bu nedenle do\u011fru ve kusursuz tasarlanmas\u0131 \u00e7ok \u00f6nemlidir. WOX mod\u00fclleri, kullan\u0131c\u0131lar\u0131n taleplerine, servisin \u00e7al\u0131\u015fma alanlar\u0131na, istenilen RAL renklerine ve kurumsal kimli\u011fe g\u00f6re \u00f6zel olarak tasarlanmaktad\u0131r.","og_url":"https:\/\/bakirci.com\/ekipman\/servis-ekipmanlari\/genel\/moduler-calisma-sistemleri\/moduler-calisma-sistemi-premium-line-4\/","og_site_name":"Bak\u0131rc\u0131 Garagineering","article_publisher":"https:\/\/www.facebook.com\/bakirci.garagineering","article_modified_time":"2021-10-30T13:46:12+00:00","og_image":[{"width":1200,"height":797,"url":"https:\/\/bakirci.com\/ekipman\/wp-content\/uploads\/2021\/01\/Premium-Line-6.jpg","path":"\/home\/bakirciwebsitesi\/public_html\/ekipman\/wp-content\/uploads\/2021\/01\/Premium-Line-6.jpg","size":"full","id":5094,"alt":"","pixels":956400,"type":"image\/jpeg"}],"twitter_card":"summary_large_image","schema":{"@context":"https:\/\/schema.org","@graph":[{"@type":"Organization","@id":"https:\/\/bakirci.com\/ekipman\/#organization","name":"Bak\u0131rc\u0131 garagineering","url":"https:\/\/bakirci.com\/ekipman\/","sameAs":["https:\/\/www.facebook.com\/bakirci.garagineering","https:\/\/www.instagram.com\/bakirci.garagineering\/","https:\/\/www.linkedin.com\/company\/bakirci-garagineering\/","https:\/\/www.youtube.com\/channel\/UCiVG6s_jALJ6Zk8085XiOQg"],"logo":{"@type":"ImageObject","@id":"https:\/\/bakirci.com\/ekipman\/#logo","inLanguage":"tr","url":"https:\/\/bakirci.com\/ekipman\/wp-content\/uploads\/2021\/09\/Bakirci-logo-lacivert.png","contentUrl":"https:\/\/bakirci.com\/ekipman\/wp-content\/uploads\/2021\/09\/Bakirci-logo-lacivert.png","width":501,"height":501,"caption":"Bak\u0131rc\u0131 garagineering"},"image":{"@id":"https:\/\/bakirci.com\/ekipman\/#logo"}},{"@type":"WebSite","@id":"https:\/\/bakirci.com\/ekipman\/#website","url":"https:\/\/bakirci.com\/ekipman\/","name":"Bak\u0131rc\u0131 Garagineering","description":"Otomotiv sekt\u00f6r\u00fcne \u00f6zel, \u201c\u00dcretici Standard\u0131nda\u201d \u00e7\u00f6z\u00fcmler\u2026","publisher":{"@id":"https:\/\/bakirci.com\/ekipman\/#organization"},"potentialAction":[{"@type":"SearchAction","target":{"@type":"EntryPoint","urlTemplate":"https:\/\/bakirci.com\/ekipman\/?s={search_term_string}"},"query-input":"required name=search_term_string"}],"inLanguage":"tr"},{"@type":"ImageObject","@id":"https:\/\/bakirci.com\/ekipman\/servis-ekipmanlari\/genel\/moduler-calisma-sistemleri\/moduler-calisma-sistemi-premium-line-4\/#primaryimage","inLanguage":"tr","url":"https:\/\/bakirci.com\/ekipman\/wp-content\/uploads\/2021\/01\/Premium-Line-6.jpg","contentUrl":"https:\/\/bakirci.com\/ekipman\/wp-content\/uploads\/2021\/01\/Premium-Line-6.jpg","width":1200,"height":797},{"@type":"WebPage","@id":"https:\/\/bakirci.com\/ekipman\/servis-ekipmanlari\/genel\/moduler-calisma-sistemleri\/moduler-calisma-sistemi-premium-line-4\/#webpage","url":"https:\/\/bakirci.com\/ekipman\/servis-ekipmanlari\/genel\/moduler-calisma-sistemleri\/moduler-calisma-sistemi-premium-line-4\/","name":"Mod\u00fcler \u00c7al\u0131\u015fma Sistemi WOX (Born in TURKEY)Premium Line - Bak\u0131rc\u0131 Garagineering","isPartOf":{"@id":"https:\/\/bakirci.com\/ekipman\/#website"},"primaryImageOfPage":{"@id":"https:\/\/bakirci.com\/ekipman\/servis-ekipmanlari\/genel\/moduler-calisma-sistemleri\/moduler-calisma-sistemi-premium-line-4\/#primaryimage"},"datePublished":"2021-01-01T03:00:48+00:00","dateModified":"2021-10-30T13:46:12+00:00","breadcrumb":{"@id":"https:\/\/bakirci.com\/ekipman\/servis-ekipmanlari\/genel\/moduler-calisma-sistemleri\/moduler-calisma-sistemi-premium-line-4\/#breadcrumb"},"inLanguage":"tr","potentialAction":[{"@type":"ReadAction","target":["https:\/\/bakirci.com\/ekipman\/servis-ekipmanlari\/genel\/moduler-calisma-sistemleri\/moduler-calisma-sistemi-premium-line-4\/"]}]},{"@type":"BreadcrumbList","@id":"https:\/\/bakirci.com\/ekipman\/servis-ekipmanlari\/genel\/moduler-calisma-sistemleri\/moduler-calisma-sistemi-premium-line-4\/#breadcrumb","itemListElement":[{"@type":"ListItem","position":1,"name":"Ekipman","item":"https:\/\/bakirci.com\/ekipman\/"},{"@type":"ListItem","position":2,"name":"Otomotiv Tesisleri \u0130\u00e7in Servis Ekipmanlar\u0131","item":"https:\/\/bakirci.com\/ekipman\/"},{"@type":"ListItem","position":3,"name":"Mod\u00fcler \u00c7al\u0131\u015fma SistemiWOX (Born in TURKEY)Premium Line"}]}]}},"_links":{"self":[{"href":"https:\/\/bakirci.com\/ekipman\/wp-json\/wp\/v2\/product\/4828","targetHints":{"allow":["GET"]}}],"collection":[{"href":"https:\/\/bakirci.com\/ekipman\/wp-json\/wp\/v2\/product"}],"about":[{"href":"https:\/\/bakirci.com\/ekipman\/wp-json\/wp\/v2\/types\/product"}],"replies":[{"embeddable":true,"href":"https:\/\/bakirci.com\/ekipman\/wp-json\/wp\/v2\/comments?post=4828"}],"wp:featuredmedia":[{"embeddable":true,"href":"https:\/\/bakirci.com\/ekipman\/wp-json\/wp\/v2\/media\/5094"}],"wp:attachment":[{"href":"https:\/\/bakirci.com\/ekipman\/wp-json\/wp\/v2\/media?parent=4828"}],"wp:term":[{"taxonomy":"product_cat","embeddable":true,"href":"https:\/\/bakirci.com\/ekipman\/wp-json\/wp\/v2\/product_cat?post=4828"},{"taxonomy":"product_tag","embeddable":true,"href":"https:\/\/bakirci.com\/ekipman\/wp-json\/wp\/v2\/product_tag?post=4828"}],"curies":[{"name":"wp","href":"https:\/\/api.w.org\/{rel}","templated":true}]}}