{"id":4824,"date":"2021-01-01T02:40:06","date_gmt":"2021-01-01T02:40:06","guid":{"rendered":"https:\/\/j6l.65c.myftpupload.com\/?post_type=product&#038;p=4824"},"modified":"2021-10-30T13:45:01","modified_gmt":"2021-10-30T13:45:01","slug":"takim-arabalari-ve-el-aletleri","status":"publish","type":"product","link":"https:\/\/bakirci.com\/ekipman\/servis-ekipmanlari\/genel\/el-aletleri\/takim-arabalari-ve-el-aletleri\/","title":{"rendered":"<p class=\"ustmetin\">Tak\u0131m Arabalar\u0131 ve El Aletleri<\/p><p class=\"ortametin\">HAZET <span class=\"ortametin2\">(Born in GERMANY)<\/span><p class=\"altmetin\"><\/p>"},"content":{"rendered":"<ul>\n<li>Tak\u0131m Arabalar\u0131 ve El Aletleri<\/li>\n<li>Hazet, otomobil servislerinde kullan\u0131m kolayl\u0131\u011f\u0131 sa\u011flayan, \u00f6zel tasar\u0131ml\u0131, uzun \u00f6m\u00fcrl\u00fc, y\u00fcksek standartlarda tak\u0131m arabalar\u0131 ve el aletleri \u00fcretmektedir.<\/li>\n<li>Ergonomik tasar\u0131ml\u0131 paslanmaz \u00e7elikten \u00fcretilen tak\u0131m arabalar\u0131, darbe s\u00f6n\u00fcmleyici kenar korumalar\u0131 sayesinde araca hi\u00e7bir \u015fekilde zarar vermeden g\u00fcvenli kullan\u0131m olana\u011f\u0131 sunmaktad\u0131r.<\/li>\n<li>Devrilme riskini \u00f6nleyen s\u0131ral\u0131 kilitleme sistemi, solvente dayan\u0131kl\u0131 plastik \u00e7al\u0131\u015fma y\u00fczeyi ve<br \/>\nfarkl\u0131 boyutlardaki \u00e7ekmeceleri ile teknisyenlere verimli kullan\u0131m ve konfor sa\u011flamaktad\u0131r.<\/li>\n<\/ul>\n","protected":false},"excerpt":{"rendered":"<ul>\n<li>Tak\u0131m Arabalar\u0131 ve El Aletleri<\/li>\n<li>Hazet, otomobil servislerinde kullan\u0131m kolayl\u0131\u011f\u0131 sa\u011flayan, \u00f6zel tasar\u0131ml\u0131, uzun \u00f6m\u00fcrl\u00fc, y\u00fcksek standartlarda tak\u0131m arabalar\u0131 ve el aletleri \u00fcretmektedir.<\/li>\n<li>Ergonomik tasar\u0131ml\u0131 paslanmaz \u00e7elikten \u00fcretilen tak\u0131m arabalar\u0131, darbe s\u00f6n\u00fcmleyici kenar korumalar\u0131 sayesinde araca hi\u00e7bir \u015fekilde zarar vermeden g\u00fcvenli kullan\u0131m olana\u011f\u0131 sunmaktad\u0131r.<\/li>\n<li>Devrilme riskini \u00f6nleyen s\u0131ral\u0131 kilitleme sistemi, solvente dayan\u0131kl\u0131 plastik \u00e7al\u0131\u015fma y\u00fczeyi ve<br \/>\nfarkl\u0131 boyutlardaki \u00e7ekmeceleri ile teknisyenlere verimli kullan\u0131m ve konfor sa\u011flamaktad\u0131r.<\/li>\n<\/ul>\n","protected":false},"featured_media":5088,"comment_status":"closed","ping_status":"closed","template":"","meta":[],"product_cat":[183],"product_tag":[770,771,767,781,768,777,765,759,783,399,763,778,779,772,766,784,762,764,780,785,775,776,782,753,758,761,773,769,774,760],"class_list":["post-4824","product","type-product","status-publish","has-post-thumbnail","hentry","pwb-brand-hazet","product_cat-el-aletleri","product_tag-allen-anahtar","product_tag-alyen-anahtar","product_tag-anahtar-takimi","product_tag-buji-lokmasi","product_tag-cekic-seti","product_tag-cektirme","product_tag-elektrikci-el-aleti-seti","product_tag-elektrikli-arac-takimlari","product_tag-havali-lokma","product_tag-hazet","product_tag-kaportaci-el-aleti-seti","product_tag-klavuz-pafta-takimi","product_tag-levye","product_tag-lokma-seti","product_tag-lokma-takimi","product_tag-lokmalar","product_tag-mekanik-el-aleti-seti","product_tag-motor-el-aleti-seti","product_tag-ozel-alet","product_tag-papagan-pense","product_tag-pense","product_tag-segman-pensesi","product_tag-servis-el-aletleri","product_tag-takim-arabasi","product_tag-takim-dolaplari","product_tag-torkmetreler","product_tag-tornavida-seti","product_tag-torx-anahtar-seti","product_tag-yan-keski","product_tag-yuksek-voltaj-el-aletleri"],"brands":[{"id":398,"name":"HAZET","slug":"hazet"}],"yoast_head":"<!-- This site is optimized with the Yoast SEO plugin v17.1 - https:\/\/yoast.com\/wordpress\/plugins\/seo\/ -->\n<title>Tak\u0131m Arabalar\u0131 ve El AletleriHAZET (Born in GERMANY) - Bak\u0131rc\u0131 Garagineering<\/title>\n<meta name=\"robots\" content=\"index, follow, max-snippet:-1, max-image-preview:large, max-video-preview:-1\" \/>\n<link rel=\"canonical\" href=\"https:\/\/bakirci.com\/ekipman\/servis-ekipmanlari\/genel\/el-aletleri\/takim-arabalari-ve-el-aletleri\/\" \/>\n<meta property=\"og:locale\" content=\"tr_TR\" \/>\n<meta property=\"og:type\" content=\"article\" \/>\n<meta property=\"og:title\" content=\"Tak\u0131m Arabalar\u0131 ve El AletleriHAZET (Born in GERMANY) - Bak\u0131rc\u0131 Garagineering\" \/>\n<meta property=\"og:description\" content=\"Tak\u0131m Arabalar\u0131 ve El Aletleri  Hazet, otomobil servislerinde kullan\u0131m kolayl\u0131\u011f\u0131 sa\u011flayan, \u00f6zel tasar\u0131ml\u0131, uzun \u00f6m\u00fcrl\u00fc, y\u00fcksek standartlarda tak\u0131m arabalar\u0131 ve el aletleri \u00fcretmektedir.  Ergonomik tasar\u0131ml\u0131 paslanmaz \u00e7elikten \u00fcretilen tak\u0131m arabalar\u0131, darbe s\u00f6n\u00fcmleyici kenar korumalar\u0131 sayesinde araca hi\u00e7bir \u015fekilde zarar vermeden g\u00fcvenli kullan\u0131m olana\u011f\u0131 sunmaktad\u0131r.  Devrilme riskini \u00f6nleyen s\u0131ral\u0131 kilitleme sistemi, solvente dayan\u0131kl\u0131 plastik \u00e7al\u0131\u015fma y\u00fczeyi ve farkl\u0131 boyutlardaki \u00e7ekmeceleri ile teknisyenlere verimli kullan\u0131m ve konfor sa\u011flamaktad\u0131r.\" \/>\n<meta property=\"og:url\" content=\"https:\/\/bakirci.com\/ekipman\/servis-ekipmanlari\/genel\/el-aletleri\/takim-arabalari-ve-el-aletleri\/\" \/>\n<meta property=\"og:site_name\" content=\"Bak\u0131rc\u0131 Garagineering\" \/>\n<meta property=\"article:publisher\" content=\"https:\/\/www.facebook.com\/bakirci.garagineering\" \/>\n<meta property=\"article:modified_time\" content=\"2021-10-30T13:45:01+00:00\" \/>\n<meta property=\"og:image\" content=\"https:\/\/bakirci.com\/ekipman\/wp-content\/uploads\/2021\/01\/Takim-Arabalari-El-Aletleri.jpg\" \/>\n\t<meta property=\"og:image:width\" content=\"1200\" \/>\n\t<meta property=\"og:image:height\" content=\"610\" \/>\n<meta name=\"twitter:card\" content=\"summary_large_image\" \/>\n<meta name=\"twitter:label1\" content=\"Tahmini okuma s\u00fcresi\" \/>\n\t<meta name=\"twitter:data1\" content=\"1 dakika\" \/>\n<script type=\"application\/ld+json\" class=\"yoast-schema-graph\">{\"@context\":\"https:\/\/schema.org\",\"@graph\":[{\"@type\":\"Organization\",\"@id\":\"https:\/\/bakirci.com\/ekipman\/#organization\",\"name\":\"Bak\\u0131rc\\u0131 garagineering\",\"url\":\"https:\/\/bakirci.com\/ekipman\/\",\"sameAs\":[\"https:\/\/www.facebook.com\/bakirci.garagineering\",\"https:\/\/www.instagram.com\/bakirci.garagineering\/\",\"https:\/\/www.linkedin.com\/company\/bakirci-garagineering\/\",\"https:\/\/www.youtube.com\/channel\/UCiVG6s_jALJ6Zk8085XiOQg\"],\"logo\":{\"@type\":\"ImageObject\",\"@id\":\"https:\/\/bakirci.com\/ekipman\/#logo\",\"inLanguage\":\"tr\",\"url\":\"https:\/\/bakirci.com\/ekipman\/wp-content\/uploads\/2021\/09\/Bakirci-logo-lacivert.png\",\"contentUrl\":\"https:\/\/bakirci.com\/ekipman\/wp-content\/uploads\/2021\/09\/Bakirci-logo-lacivert.png\",\"width\":501,\"height\":501,\"caption\":\"Bak\\u0131rc\\u0131 garagineering\"},\"image\":{\"@id\":\"https:\/\/bakirci.com\/ekipman\/#logo\"}},{\"@type\":\"WebSite\",\"@id\":\"https:\/\/bakirci.com\/ekipman\/#website\",\"url\":\"https:\/\/bakirci.com\/ekipman\/\",\"name\":\"Bak\\u0131rc\\u0131 Garagineering\",\"description\":\"Otomotiv sekt\\u00f6r\\u00fcne \\u00f6zel, \\u201c\\u00dcretici Standard\\u0131nda\\u201d \\u00e7\\u00f6z\\u00fcmler\\u2026\",\"publisher\":{\"@id\":\"https:\/\/bakirci.com\/ekipman\/#organization\"},\"potentialAction\":[{\"@type\":\"SearchAction\",\"target\":{\"@type\":\"EntryPoint\",\"urlTemplate\":\"https:\/\/bakirci.com\/ekipman\/?s={search_term_string}\"},\"query-input\":\"required name=search_term_string\"}],\"inLanguage\":\"tr\"},{\"@type\":\"ImageObject\",\"@id\":\"https:\/\/bakirci.com\/ekipman\/servis-ekipmanlari\/genel\/el-aletleri\/takim-arabalari-ve-el-aletleri\/#primaryimage\",\"inLanguage\":\"tr\",\"url\":\"https:\/\/bakirci.com\/ekipman\/wp-content\/uploads\/2021\/01\/Takim-Arabalari-El-Aletleri.jpg\",\"contentUrl\":\"https:\/\/bakirci.com\/ekipman\/wp-content\/uploads\/2021\/01\/Takim-Arabalari-El-Aletleri.jpg\",\"width\":1200,\"height\":610},{\"@type\":\"WebPage\",\"@id\":\"https:\/\/bakirci.com\/ekipman\/servis-ekipmanlari\/genel\/el-aletleri\/takim-arabalari-ve-el-aletleri\/#webpage\",\"url\":\"https:\/\/bakirci.com\/ekipman\/servis-ekipmanlari\/genel\/el-aletleri\/takim-arabalari-ve-el-aletleri\/\",\"name\":\"Tak\\u0131m Arabalar\\u0131 ve El Aletleri HAZET (Born in GERMANY) - Bak\\u0131rc\\u0131 Garagineering\",\"isPartOf\":{\"@id\":\"https:\/\/bakirci.com\/ekipman\/#website\"},\"primaryImageOfPage\":{\"@id\":\"https:\/\/bakirci.com\/ekipman\/servis-ekipmanlari\/genel\/el-aletleri\/takim-arabalari-ve-el-aletleri\/#primaryimage\"},\"datePublished\":\"2021-01-01T02:40:06+00:00\",\"dateModified\":\"2021-10-30T13:45:01+00:00\",\"breadcrumb\":{\"@id\":\"https:\/\/bakirci.com\/ekipman\/servis-ekipmanlari\/genel\/el-aletleri\/takim-arabalari-ve-el-aletleri\/#breadcrumb\"},\"inLanguage\":\"tr\",\"potentialAction\":[{\"@type\":\"ReadAction\",\"target\":[\"https:\/\/bakirci.com\/ekipman\/servis-ekipmanlari\/genel\/el-aletleri\/takim-arabalari-ve-el-aletleri\/\"]}]},{\"@type\":\"BreadcrumbList\",\"@id\":\"https:\/\/bakirci.com\/ekipman\/servis-ekipmanlari\/genel\/el-aletleri\/takim-arabalari-ve-el-aletleri\/#breadcrumb\",\"itemListElement\":[{\"@type\":\"ListItem\",\"position\":1,\"name\":\"Ekipman\",\"item\":\"https:\/\/bakirci.com\/ekipman\/\"},{\"@type\":\"ListItem\",\"position\":2,\"name\":\"Otomotiv Tesisleri \\u0130\\u00e7in Servis Ekipmanlar\\u0131\",\"item\":\"https:\/\/bakirci.com\/ekipman\/\"},{\"@type\":\"ListItem\",\"position\":3,\"name\":\"Tak\\u0131m Arabalar\\u0131 ve El AletleriHAZET (Born in GERMANY)\"}]}]}<\/script>\n<!-- \/ Yoast SEO plugin. -->","yoast_head_json":{"title":"Tak\u0131m Arabalar\u0131 ve El AletleriHAZET (Born in GERMANY) - Bak\u0131rc\u0131 Garagineering","robots":{"index":"index","follow":"follow","max-snippet":"max-snippet:-1","max-image-preview":"max-image-preview:large","max-video-preview":"max-video-preview:-1"},"canonical":"https:\/\/bakirci.com\/ekipman\/servis-ekipmanlari\/genel\/el-aletleri\/takim-arabalari-ve-el-aletleri\/","og_locale":"tr_TR","og_type":"article","og_title":"Tak\u0131m Arabalar\u0131 ve El AletleriHAZET (Born in GERMANY) - Bak\u0131rc\u0131 Garagineering","og_description":"Tak\u0131m Arabalar\u0131 ve El Aletleri  Hazet, otomobil servislerinde kullan\u0131m kolayl\u0131\u011f\u0131 sa\u011flayan, \u00f6zel tasar\u0131ml\u0131, uzun \u00f6m\u00fcrl\u00fc, y\u00fcksek standartlarda tak\u0131m arabalar\u0131 ve el aletleri \u00fcretmektedir.  Ergonomik tasar\u0131ml\u0131 paslanmaz \u00e7elikten \u00fcretilen tak\u0131m arabalar\u0131, darbe s\u00f6n\u00fcmleyici kenar korumalar\u0131 sayesinde araca hi\u00e7bir \u015fekilde zarar vermeden g\u00fcvenli kullan\u0131m olana\u011f\u0131 sunmaktad\u0131r.  Devrilme riskini \u00f6nleyen s\u0131ral\u0131 kilitleme sistemi, solvente dayan\u0131kl\u0131 plastik \u00e7al\u0131\u015fma y\u00fczeyi ve farkl\u0131 boyutlardaki \u00e7ekmeceleri ile teknisyenlere verimli kullan\u0131m ve konfor sa\u011flamaktad\u0131r.","og_url":"https:\/\/bakirci.com\/ekipman\/servis-ekipmanlari\/genel\/el-aletleri\/takim-arabalari-ve-el-aletleri\/","og_site_name":"Bak\u0131rc\u0131 Garagineering","article_publisher":"https:\/\/www.facebook.com\/bakirci.garagineering","article_modified_time":"2021-10-30T13:45:01+00:00","og_image":[{"width":1200,"height":610,"url":"https:\/\/bakirci.com\/ekipman\/wp-content\/uploads\/2021\/01\/Takim-Arabalari-El-Aletleri.jpg","path":"\/home\/bakirciwebsitesi\/public_html\/ekipman\/wp-content\/uploads\/2021\/01\/Takim-Arabalari-El-Aletleri.jpg","size":"full","id":5088,"alt":"","pixels":732000,"type":"image\/jpeg"}],"twitter_card":"summary_large_image","twitter_misc":{"Tahmini okuma s\u00fcresi":"1 dakika"},"schema":{"@context":"https:\/\/schema.org","@graph":[{"@type":"Organization","@id":"https:\/\/bakirci.com\/ekipman\/#organization","name":"Bak\u0131rc\u0131 garagineering","url":"https:\/\/bakirci.com\/ekipman\/","sameAs":["https:\/\/www.facebook.com\/bakirci.garagineering","https:\/\/www.instagram.com\/bakirci.garagineering\/","https:\/\/www.linkedin.com\/company\/bakirci-garagineering\/","https:\/\/www.youtube.com\/channel\/UCiVG6s_jALJ6Zk8085XiOQg"],"logo":{"@type":"ImageObject","@id":"https:\/\/bakirci.com\/ekipman\/#logo","inLanguage":"tr","url":"https:\/\/bakirci.com\/ekipman\/wp-content\/uploads\/2021\/09\/Bakirci-logo-lacivert.png","contentUrl":"https:\/\/bakirci.com\/ekipman\/wp-content\/uploads\/2021\/09\/Bakirci-logo-lacivert.png","width":501,"height":501,"caption":"Bak\u0131rc\u0131 garagineering"},"image":{"@id":"https:\/\/bakirci.com\/ekipman\/#logo"}},{"@type":"WebSite","@id":"https:\/\/bakirci.com\/ekipman\/#website","url":"https:\/\/bakirci.com\/ekipman\/","name":"Bak\u0131rc\u0131 Garagineering","description":"Otomotiv sekt\u00f6r\u00fcne \u00f6zel, \u201c\u00dcretici Standard\u0131nda\u201d \u00e7\u00f6z\u00fcmler\u2026","publisher":{"@id":"https:\/\/bakirci.com\/ekipman\/#organization"},"potentialAction":[{"@type":"SearchAction","target":{"@type":"EntryPoint","urlTemplate":"https:\/\/bakirci.com\/ekipman\/?s={search_term_string}"},"query-input":"required name=search_term_string"}],"inLanguage":"tr"},{"@type":"ImageObject","@id":"https:\/\/bakirci.com\/ekipman\/servis-ekipmanlari\/genel\/el-aletleri\/takim-arabalari-ve-el-aletleri\/#primaryimage","inLanguage":"tr","url":"https:\/\/bakirci.com\/ekipman\/wp-content\/uploads\/2021\/01\/Takim-Arabalari-El-Aletleri.jpg","contentUrl":"https:\/\/bakirci.com\/ekipman\/wp-content\/uploads\/2021\/01\/Takim-Arabalari-El-Aletleri.jpg","width":1200,"height":610},{"@type":"WebPage","@id":"https:\/\/bakirci.com\/ekipman\/servis-ekipmanlari\/genel\/el-aletleri\/takim-arabalari-ve-el-aletleri\/#webpage","url":"https:\/\/bakirci.com\/ekipman\/servis-ekipmanlari\/genel\/el-aletleri\/takim-arabalari-ve-el-aletleri\/","name":"Tak\u0131m Arabalar\u0131 ve El Aletleri HAZET (Born in GERMANY) - Bak\u0131rc\u0131 Garagineering","isPartOf":{"@id":"https:\/\/bakirci.com\/ekipman\/#website"},"primaryImageOfPage":{"@id":"https:\/\/bakirci.com\/ekipman\/servis-ekipmanlari\/genel\/el-aletleri\/takim-arabalari-ve-el-aletleri\/#primaryimage"},"datePublished":"2021-01-01T02:40:06+00:00","dateModified":"2021-10-30T13:45:01+00:00","breadcrumb":{"@id":"https:\/\/bakirci.com\/ekipman\/servis-ekipmanlari\/genel\/el-aletleri\/takim-arabalari-ve-el-aletleri\/#breadcrumb"},"inLanguage":"tr","potentialAction":[{"@type":"ReadAction","target":["https:\/\/bakirci.com\/ekipman\/servis-ekipmanlari\/genel\/el-aletleri\/takim-arabalari-ve-el-aletleri\/"]}]},{"@type":"BreadcrumbList","@id":"https:\/\/bakirci.com\/ekipman\/servis-ekipmanlari\/genel\/el-aletleri\/takim-arabalari-ve-el-aletleri\/#breadcrumb","itemListElement":[{"@type":"ListItem","position":1,"name":"Ekipman","item":"https:\/\/bakirci.com\/ekipman\/"},{"@type":"ListItem","position":2,"name":"Otomotiv Tesisleri \u0130\u00e7in Servis Ekipmanlar\u0131","item":"https:\/\/bakirci.com\/ekipman\/"},{"@type":"ListItem","position":3,"name":"Tak\u0131m Arabalar\u0131 ve El AletleriHAZET (Born in GERMANY)"}]}]}},"_links":{"self":[{"href":"https:\/\/bakirci.com\/ekipman\/wp-json\/wp\/v2\/product\/4824","targetHints":{"allow":["GET"]}}],"collection":[{"href":"https:\/\/bakirci.com\/ekipman\/wp-json\/wp\/v2\/product"}],"about":[{"href":"https:\/\/bakirci.com\/ekipman\/wp-json\/wp\/v2\/types\/product"}],"replies":[{"embeddable":true,"href":"https:\/\/bakirci.com\/ekipman\/wp-json\/wp\/v2\/comments?post=4824"}],"wp:featuredmedia":[{"embeddable":true,"href":"https:\/\/bakirci.com\/ekipman\/wp-json\/wp\/v2\/media\/5088"}],"wp:attachment":[{"href":"https:\/\/bakirci.com\/ekipman\/wp-json\/wp\/v2\/media?parent=4824"}],"wp:term":[{"taxonomy":"product_cat","embeddable":true,"href":"https:\/\/bakirci.com\/ekipman\/wp-json\/wp\/v2\/product_cat?post=4824"},{"taxonomy":"product_tag","embeddable":true,"href":"https:\/\/bakirci.com\/ekipman\/wp-json\/wp\/v2\/product_tag?post=4824"}],"curies":[{"name":"wp","href":"https:\/\/api.w.org\/{rel}","templated":true}]}}