{"id":4823,"date":"2021-01-01T02:35:37","date_gmt":"2021-01-01T02:35:37","guid":{"rendered":"https:\/\/j6l.65c.myftpupload.com\/?post_type=product&#038;p=4823"},"modified":"2021-10-30T13:44:51","modified_gmt":"2021-10-30T13:44:51","slug":"oem-ozel-takimlari","status":"publish","type":"product","link":"https:\/\/bakirci.com\/ekipman\/servis-ekipmanlari\/genel\/el-aletleri\/oem-ozel-takimlari\/","title":{"rendered":"<p class=\"ustmetin\">OEM \u00d6zel Tak\u0131mlar\u0131<\/p><p class=\"ortametin\">HAZET <span class=\"ortametin2\">(Born in GERMANY)<\/span><p class=\"altmetin\"><\/p>"},"content":{"rendered":"<ul>\n<li>OEM \u00d6zel Tak\u0131mlar\u0131<\/li>\n<li>Hazet, Audi, BMW, Mercedes, Porsche ve Volkswagen gibi \u00f6nc\u00fc otomotiv markalar\u0131na<br \/>\nihtiya\u00e7 duyduklar\u0131 \u00f6zel tak\u0131mlar\u0131 tasarlayarak y\u00fcksek standartlarda \u00fcretmektedir.<\/li>\n<li>OEM \u00fcr\u00fcn grubunda tak\u0131m arabalar\u0131, malzeme dolaplar\u0131, el aletleri, test cihazlar\u0131, tork anahtarlar\u0131 ve pn\u00f6matik el aletleri gibi t\u00fcm \u00fcr\u00fcn gruplar\u0131 yer almaktad\u0131r.<\/li>\n<\/ul>\n","protected":false},"excerpt":{"rendered":"<ul>\n<li>OEM \u00d6zel Tak\u0131mlar\u0131<\/li>\n<li>Hazet, Audi, BMW, Mercedes, Porsche ve Volkswagen gibi \u00f6nc\u00fc otomotiv markalar\u0131na<br \/>\nihtiya\u00e7 duyduklar\u0131 \u00f6zel tak\u0131mlar\u0131 tasarlayarak y\u00fcksek standartlarda \u00fcretmektedir.<\/li>\n<li>OEM \u00fcr\u00fcn grubunda tak\u0131m arabalar\u0131, malzeme dolaplar\u0131, el aletleri, test cihazlar\u0131, tork anahtarlar\u0131 ve pn\u00f6matik el aletleri gibi t\u00fcm \u00fcr\u00fcn gruplar\u0131 yer almaktad\u0131r.<\/li>\n<\/ul>\n","protected":false},"featured_media":5087,"comment_status":"closed","ping_status":"closed","template":"","meta":[],"product_cat":[183],"product_tag":[770,771,767,781,768,777,765,759,783,399,763,778,779,772,766,784,762,764,780,785,775,776,782,753,758,761,773,769,774,760],"class_list":["post-4823","product","type-product","status-publish","has-post-thumbnail","hentry","pwb-brand-hazet","product_cat-el-aletleri","product_tag-allen-anahtar","product_tag-alyen-anahtar","product_tag-anahtar-takimi","product_tag-buji-lokmasi","product_tag-cekic-seti","product_tag-cektirme","product_tag-elektrikci-el-aleti-seti","product_tag-elektrikli-arac-takimlari","product_tag-havali-lokma","product_tag-hazet","product_tag-kaportaci-el-aleti-seti","product_tag-klavuz-pafta-takimi","product_tag-levye","product_tag-lokma-seti","product_tag-lokma-takimi","product_tag-lokmalar","product_tag-mekanik-el-aleti-seti","product_tag-motor-el-aleti-seti","product_tag-ozel-alet","product_tag-papagan-pense","product_tag-pense","product_tag-segman-pensesi","product_tag-servis-el-aletleri","product_tag-takim-arabasi","product_tag-takim-dolaplari","product_tag-torkmetreler","product_tag-tornavida-seti","product_tag-torx-anahtar-seti","product_tag-yan-keski","product_tag-yuksek-voltaj-el-aletleri"],"brands":[{"id":398,"name":"HAZET","slug":"hazet"}],"yoast_head":"<!-- This site is optimized with the Yoast SEO plugin v17.1 - https:\/\/yoast.com\/wordpress\/plugins\/seo\/ -->\n<title>OEM \u00d6zel Tak\u0131mlar\u0131HAZET (Born in GERMANY) - Bak\u0131rc\u0131 Garagineering<\/title>\n<meta name=\"robots\" content=\"index, follow, max-snippet:-1, max-image-preview:large, max-video-preview:-1\" \/>\n<link rel=\"canonical\" href=\"https:\/\/bakirci.com\/ekipman\/servis-ekipmanlari\/genel\/el-aletleri\/oem-ozel-takimlari\/\" \/>\n<meta property=\"og:locale\" content=\"tr_TR\" \/>\n<meta property=\"og:type\" content=\"article\" \/>\n<meta property=\"og:title\" content=\"OEM \u00d6zel Tak\u0131mlar\u0131HAZET (Born in GERMANY) - Bak\u0131rc\u0131 Garagineering\" \/>\n<meta property=\"og:description\" content=\"OEM \u00d6zel Tak\u0131mlar\u0131  Hazet, Audi, BMW, Mercedes, Porsche ve Volkswagen gibi \u00f6nc\u00fc otomotiv markalar\u0131na ihtiya\u00e7 duyduklar\u0131 \u00f6zel tak\u0131mlar\u0131 tasarlayarak y\u00fcksek standartlarda \u00fcretmektedir.  OEM \u00fcr\u00fcn grubunda tak\u0131m arabalar\u0131, malzeme dolaplar\u0131, el aletleri, test cihazlar\u0131, tork anahtarlar\u0131 ve pn\u00f6matik el aletleri gibi t\u00fcm \u00fcr\u00fcn gruplar\u0131 yer almaktad\u0131r.\" \/>\n<meta property=\"og:url\" content=\"https:\/\/bakirci.com\/ekipman\/servis-ekipmanlari\/genel\/el-aletleri\/oem-ozel-takimlari\/\" \/>\n<meta property=\"og:site_name\" content=\"Bak\u0131rc\u0131 Garagineering\" \/>\n<meta property=\"article:publisher\" content=\"https:\/\/www.facebook.com\/bakirci.garagineering\" \/>\n<meta property=\"article:modified_time\" content=\"2021-10-30T13:44:51+00:00\" \/>\n<meta property=\"og:image\" content=\"https:\/\/bakirci.com\/ekipman\/wp-content\/uploads\/2021\/01\/OEM-ozel-Takimlari.jpg\" \/>\n\t<meta property=\"og:image:width\" content=\"1200\" \/>\n\t<meta property=\"og:image:height\" content=\"611\" \/>\n<meta name=\"twitter:card\" content=\"summary_large_image\" \/>\n<meta name=\"twitter:label1\" content=\"Tahmini okuma s\u00fcresi\" \/>\n\t<meta name=\"twitter:data1\" content=\"1 dakika\" \/>\n<script type=\"application\/ld+json\" class=\"yoast-schema-graph\">{\"@context\":\"https:\/\/schema.org\",\"@graph\":[{\"@type\":\"Organization\",\"@id\":\"https:\/\/bakirci.com\/ekipman\/#organization\",\"name\":\"Bak\\u0131rc\\u0131 garagineering\",\"url\":\"https:\/\/bakirci.com\/ekipman\/\",\"sameAs\":[\"https:\/\/www.facebook.com\/bakirci.garagineering\",\"https:\/\/www.instagram.com\/bakirci.garagineering\/\",\"https:\/\/www.linkedin.com\/company\/bakirci-garagineering\/\",\"https:\/\/www.youtube.com\/channel\/UCiVG6s_jALJ6Zk8085XiOQg\"],\"logo\":{\"@type\":\"ImageObject\",\"@id\":\"https:\/\/bakirci.com\/ekipman\/#logo\",\"inLanguage\":\"tr\",\"url\":\"https:\/\/bakirci.com\/ekipman\/wp-content\/uploads\/2021\/09\/Bakirci-logo-lacivert.png\",\"contentUrl\":\"https:\/\/bakirci.com\/ekipman\/wp-content\/uploads\/2021\/09\/Bakirci-logo-lacivert.png\",\"width\":501,\"height\":501,\"caption\":\"Bak\\u0131rc\\u0131 garagineering\"},\"image\":{\"@id\":\"https:\/\/bakirci.com\/ekipman\/#logo\"}},{\"@type\":\"WebSite\",\"@id\":\"https:\/\/bakirci.com\/ekipman\/#website\",\"url\":\"https:\/\/bakirci.com\/ekipman\/\",\"name\":\"Bak\\u0131rc\\u0131 Garagineering\",\"description\":\"Otomotiv sekt\\u00f6r\\u00fcne \\u00f6zel, \\u201c\\u00dcretici Standard\\u0131nda\\u201d \\u00e7\\u00f6z\\u00fcmler\\u2026\",\"publisher\":{\"@id\":\"https:\/\/bakirci.com\/ekipman\/#organization\"},\"potentialAction\":[{\"@type\":\"SearchAction\",\"target\":{\"@type\":\"EntryPoint\",\"urlTemplate\":\"https:\/\/bakirci.com\/ekipman\/?s={search_term_string}\"},\"query-input\":\"required name=search_term_string\"}],\"inLanguage\":\"tr\"},{\"@type\":\"ImageObject\",\"@id\":\"https:\/\/bakirci.com\/ekipman\/servis-ekipmanlari\/genel\/el-aletleri\/oem-ozel-takimlari\/#primaryimage\",\"inLanguage\":\"tr\",\"url\":\"https:\/\/bakirci.com\/ekipman\/wp-content\/uploads\/2021\/01\/OEM-ozel-Takimlari.jpg\",\"contentUrl\":\"https:\/\/bakirci.com\/ekipman\/wp-content\/uploads\/2021\/01\/OEM-ozel-Takimlari.jpg\",\"width\":1200,\"height\":611},{\"@type\":\"WebPage\",\"@id\":\"https:\/\/bakirci.com\/ekipman\/servis-ekipmanlari\/genel\/el-aletleri\/oem-ozel-takimlari\/#webpage\",\"url\":\"https:\/\/bakirci.com\/ekipman\/servis-ekipmanlari\/genel\/el-aletleri\/oem-ozel-takimlari\/\",\"name\":\"OEM \\u00d6zel Tak\\u0131mlar\\u0131 HAZET (Born in GERMANY) - Bak\\u0131rc\\u0131 Garagineering\",\"isPartOf\":{\"@id\":\"https:\/\/bakirci.com\/ekipman\/#website\"},\"primaryImageOfPage\":{\"@id\":\"https:\/\/bakirci.com\/ekipman\/servis-ekipmanlari\/genel\/el-aletleri\/oem-ozel-takimlari\/#primaryimage\"},\"datePublished\":\"2021-01-01T02:35:37+00:00\",\"dateModified\":\"2021-10-30T13:44:51+00:00\",\"breadcrumb\":{\"@id\":\"https:\/\/bakirci.com\/ekipman\/servis-ekipmanlari\/genel\/el-aletleri\/oem-ozel-takimlari\/#breadcrumb\"},\"inLanguage\":\"tr\",\"potentialAction\":[{\"@type\":\"ReadAction\",\"target\":[\"https:\/\/bakirci.com\/ekipman\/servis-ekipmanlari\/genel\/el-aletleri\/oem-ozel-takimlari\/\"]}]},{\"@type\":\"BreadcrumbList\",\"@id\":\"https:\/\/bakirci.com\/ekipman\/servis-ekipmanlari\/genel\/el-aletleri\/oem-ozel-takimlari\/#breadcrumb\",\"itemListElement\":[{\"@type\":\"ListItem\",\"position\":1,\"name\":\"Ekipman\",\"item\":\"https:\/\/bakirci.com\/ekipman\/\"},{\"@type\":\"ListItem\",\"position\":2,\"name\":\"Otomotiv Tesisleri \\u0130\\u00e7in Servis Ekipmanlar\\u0131\",\"item\":\"https:\/\/bakirci.com\/ekipman\/\"},{\"@type\":\"ListItem\",\"position\":3,\"name\":\"OEM \\u00d6zel Tak\\u0131mlar\\u0131HAZET (Born in GERMANY)\"}]}]}<\/script>\n<!-- \/ Yoast SEO plugin. -->","yoast_head_json":{"title":"OEM \u00d6zel Tak\u0131mlar\u0131HAZET (Born in GERMANY) - Bak\u0131rc\u0131 Garagineering","robots":{"index":"index","follow":"follow","max-snippet":"max-snippet:-1","max-image-preview":"max-image-preview:large","max-video-preview":"max-video-preview:-1"},"canonical":"https:\/\/bakirci.com\/ekipman\/servis-ekipmanlari\/genel\/el-aletleri\/oem-ozel-takimlari\/","og_locale":"tr_TR","og_type":"article","og_title":"OEM \u00d6zel Tak\u0131mlar\u0131HAZET (Born in GERMANY) - Bak\u0131rc\u0131 Garagineering","og_description":"OEM \u00d6zel Tak\u0131mlar\u0131  Hazet, Audi, BMW, Mercedes, Porsche ve Volkswagen gibi \u00f6nc\u00fc otomotiv markalar\u0131na ihtiya\u00e7 duyduklar\u0131 \u00f6zel tak\u0131mlar\u0131 tasarlayarak y\u00fcksek standartlarda \u00fcretmektedir.  OEM \u00fcr\u00fcn grubunda tak\u0131m arabalar\u0131, malzeme dolaplar\u0131, el aletleri, test cihazlar\u0131, tork anahtarlar\u0131 ve pn\u00f6matik el aletleri gibi t\u00fcm \u00fcr\u00fcn gruplar\u0131 yer almaktad\u0131r.","og_url":"https:\/\/bakirci.com\/ekipman\/servis-ekipmanlari\/genel\/el-aletleri\/oem-ozel-takimlari\/","og_site_name":"Bak\u0131rc\u0131 Garagineering","article_publisher":"https:\/\/www.facebook.com\/bakirci.garagineering","article_modified_time":"2021-10-30T13:44:51+00:00","og_image":[{"width":1200,"height":611,"url":"https:\/\/bakirci.com\/ekipman\/wp-content\/uploads\/2021\/01\/OEM-ozel-Takimlari.jpg","path":"\/home\/bakirciwebsitesi\/public_html\/ekipman\/wp-content\/uploads\/2021\/01\/OEM-ozel-Takimlari.jpg","size":"full","id":5087,"alt":"","pixels":733200,"type":"image\/jpeg"}],"twitter_card":"summary_large_image","twitter_misc":{"Tahmini okuma s\u00fcresi":"1 dakika"},"schema":{"@context":"https:\/\/schema.org","@graph":[{"@type":"Organization","@id":"https:\/\/bakirci.com\/ekipman\/#organization","name":"Bak\u0131rc\u0131 garagineering","url":"https:\/\/bakirci.com\/ekipman\/","sameAs":["https:\/\/www.facebook.com\/bakirci.garagineering","https:\/\/www.instagram.com\/bakirci.garagineering\/","https:\/\/www.linkedin.com\/company\/bakirci-garagineering\/","https:\/\/www.youtube.com\/channel\/UCiVG6s_jALJ6Zk8085XiOQg"],"logo":{"@type":"ImageObject","@id":"https:\/\/bakirci.com\/ekipman\/#logo","inLanguage":"tr","url":"https:\/\/bakirci.com\/ekipman\/wp-content\/uploads\/2021\/09\/Bakirci-logo-lacivert.png","contentUrl":"https:\/\/bakirci.com\/ekipman\/wp-content\/uploads\/2021\/09\/Bakirci-logo-lacivert.png","width":501,"height":501,"caption":"Bak\u0131rc\u0131 garagineering"},"image":{"@id":"https:\/\/bakirci.com\/ekipman\/#logo"}},{"@type":"WebSite","@id":"https:\/\/bakirci.com\/ekipman\/#website","url":"https:\/\/bakirci.com\/ekipman\/","name":"Bak\u0131rc\u0131 Garagineering","description":"Otomotiv sekt\u00f6r\u00fcne \u00f6zel, \u201c\u00dcretici Standard\u0131nda\u201d \u00e7\u00f6z\u00fcmler\u2026","publisher":{"@id":"https:\/\/bakirci.com\/ekipman\/#organization"},"potentialAction":[{"@type":"SearchAction","target":{"@type":"EntryPoint","urlTemplate":"https:\/\/bakirci.com\/ekipman\/?s={search_term_string}"},"query-input":"required name=search_term_string"}],"inLanguage":"tr"},{"@type":"ImageObject","@id":"https:\/\/bakirci.com\/ekipman\/servis-ekipmanlari\/genel\/el-aletleri\/oem-ozel-takimlari\/#primaryimage","inLanguage":"tr","url":"https:\/\/bakirci.com\/ekipman\/wp-content\/uploads\/2021\/01\/OEM-ozel-Takimlari.jpg","contentUrl":"https:\/\/bakirci.com\/ekipman\/wp-content\/uploads\/2021\/01\/OEM-ozel-Takimlari.jpg","width":1200,"height":611},{"@type":"WebPage","@id":"https:\/\/bakirci.com\/ekipman\/servis-ekipmanlari\/genel\/el-aletleri\/oem-ozel-takimlari\/#webpage","url":"https:\/\/bakirci.com\/ekipman\/servis-ekipmanlari\/genel\/el-aletleri\/oem-ozel-takimlari\/","name":"OEM \u00d6zel Tak\u0131mlar\u0131 HAZET (Born in GERMANY) - Bak\u0131rc\u0131 Garagineering","isPartOf":{"@id":"https:\/\/bakirci.com\/ekipman\/#website"},"primaryImageOfPage":{"@id":"https:\/\/bakirci.com\/ekipman\/servis-ekipmanlari\/genel\/el-aletleri\/oem-ozel-takimlari\/#primaryimage"},"datePublished":"2021-01-01T02:35:37+00:00","dateModified":"2021-10-30T13:44:51+00:00","breadcrumb":{"@id":"https:\/\/bakirci.com\/ekipman\/servis-ekipmanlari\/genel\/el-aletleri\/oem-ozel-takimlari\/#breadcrumb"},"inLanguage":"tr","potentialAction":[{"@type":"ReadAction","target":["https:\/\/bakirci.com\/ekipman\/servis-ekipmanlari\/genel\/el-aletleri\/oem-ozel-takimlari\/"]}]},{"@type":"BreadcrumbList","@id":"https:\/\/bakirci.com\/ekipman\/servis-ekipmanlari\/genel\/el-aletleri\/oem-ozel-takimlari\/#breadcrumb","itemListElement":[{"@type":"ListItem","position":1,"name":"Ekipman","item":"https:\/\/bakirci.com\/ekipman\/"},{"@type":"ListItem","position":2,"name":"Otomotiv Tesisleri \u0130\u00e7in Servis Ekipmanlar\u0131","item":"https:\/\/bakirci.com\/ekipman\/"},{"@type":"ListItem","position":3,"name":"OEM \u00d6zel Tak\u0131mlar\u0131HAZET (Born in GERMANY)"}]}]}},"_links":{"self":[{"href":"https:\/\/bakirci.com\/ekipman\/wp-json\/wp\/v2\/product\/4823","targetHints":{"allow":["GET"]}}],"collection":[{"href":"https:\/\/bakirci.com\/ekipman\/wp-json\/wp\/v2\/product"}],"about":[{"href":"https:\/\/bakirci.com\/ekipman\/wp-json\/wp\/v2\/types\/product"}],"replies":[{"embeddable":true,"href":"https:\/\/bakirci.com\/ekipman\/wp-json\/wp\/v2\/comments?post=4823"}],"wp:featuredmedia":[{"embeddable":true,"href":"https:\/\/bakirci.com\/ekipman\/wp-json\/wp\/v2\/media\/5087"}],"wp:attachment":[{"href":"https:\/\/bakirci.com\/ekipman\/wp-json\/wp\/v2\/media?parent=4823"}],"wp:term":[{"taxonomy":"product_cat","embeddable":true,"href":"https:\/\/bakirci.com\/ekipman\/wp-json\/wp\/v2\/product_cat?post=4823"},{"taxonomy":"product_tag","embeddable":true,"href":"https:\/\/bakirci.com\/ekipman\/wp-json\/wp\/v2\/product_tag?post=4823"}],"curies":[{"name":"wp","href":"https:\/\/api.w.org\/{rel}","templated":true}]}}