{"id":4822,"date":"2021-01-01T02:33:28","date_gmt":"2021-01-01T02:33:28","guid":{"rendered":"https:\/\/j6l.65c.myftpupload.com\/?post_type=product&#038;p=4822"},"modified":"2021-10-30T13:44:40","modified_gmt":"2021-10-30T13:44:40","slug":"elektrikli-ve-hybrid-arac-takimlari","status":"publish","type":"product","link":"https:\/\/bakirci.com\/ekipman\/servis-ekipmanlari\/genel\/el-aletleri\/elektrikli-ve-hybrid-arac-takimlari\/","title":{"rendered":"<p class=\"ustmetin\">Elektrikli ve Hybrid Ara\u00e7 Tak\u0131mlar\u0131<\/p><p class=\"ortametin\">HAZET <span class=\"ortametin2\">(Born in GERMANY)<\/span><p class=\"altmetin\"><\/p>"},"content":{"rendered":"<ul>\n<li>Elektrikli ve Hybrid Ara\u00e7 Tak\u0131mlar\u0131<\/li>\n<li>Elektrikli ve Hybrid ara\u00e7lardaki, y\u00fcksek voltaj ile \u00e7al\u0131\u015fan mod\u00fcllerin s\u00f6k\u00fcl\u00fcp tak\u0131lmas\u0131 ve onar\u0131m\u0131 i\u00e7in y\u00fcksek voltaja dayan\u0131kl\u0131 ve her taraf\u0131 izole edilmi\u015f el aletleri kullan\u0131lmas\u0131 gerekmektedir.<\/li>\n<li>Hazet, bu ihtiyaca y\u00f6nelik 1000V AC, 1500V DC voltajlar\u0131nda, g\u00fcvenli \u00e7al\u0131\u015fmaya uygun \u00f6zel tasar\u0131ml\u0131 el aletleri \u00fcretmektedir.<\/li>\n<\/ul>\n","protected":false},"excerpt":{"rendered":"<ul>\n<li>Elektrikli ve Hybrid Ara\u00e7 Tak\u0131mlar\u0131<\/li>\n<li>Elektrikli ve Hybrid ara\u00e7lardaki, y\u00fcksek voltaj ile \u00e7al\u0131\u015fan mod\u00fcllerin s\u00f6k\u00fcl\u00fcp tak\u0131lmas\u0131 ve onar\u0131m\u0131 i\u00e7in y\u00fcksek voltaja dayan\u0131kl\u0131 ve her taraf\u0131 izole edilmi\u015f el aletleri kullan\u0131lmas\u0131 gerekmektedir.<\/li>\n<li>Hazet, bu ihtiyaca y\u00f6nelik 1000V AC, 1500V DC voltajlar\u0131nda, g\u00fcvenli \u00e7al\u0131\u015fmaya uygun \u00f6zel tasar\u0131ml\u0131 el aletleri \u00fcretmektedir.<\/li>\n<\/ul>\n","protected":false},"featured_media":5085,"comment_status":"closed","ping_status":"closed","template":"","meta":[],"product_cat":[183],"product_tag":[770,771,767,781,768,777,765,759,783,399,763,778,779,772,766,784,762,764,780,785,775,776,782,753,758,761,773,769,774,760],"class_list":["post-4822","product","type-product","status-publish","has-post-thumbnail","hentry","pwb-brand-hazet","product_cat-el-aletleri","product_tag-allen-anahtar","product_tag-alyen-anahtar","product_tag-anahtar-takimi","product_tag-buji-lokmasi","product_tag-cekic-seti","product_tag-cektirme","product_tag-elektrikci-el-aleti-seti","product_tag-elektrikli-arac-takimlari","product_tag-havali-lokma","product_tag-hazet","product_tag-kaportaci-el-aleti-seti","product_tag-klavuz-pafta-takimi","product_tag-levye","product_tag-lokma-seti","product_tag-lokma-takimi","product_tag-lokmalar","product_tag-mekanik-el-aleti-seti","product_tag-motor-el-aleti-seti","product_tag-ozel-alet","product_tag-papagan-pense","product_tag-pense","product_tag-segman-pensesi","product_tag-servis-el-aletleri","product_tag-takim-arabasi","product_tag-takim-dolaplari","product_tag-torkmetreler","product_tag-tornavida-seti","product_tag-torx-anahtar-seti","product_tag-yan-keski","product_tag-yuksek-voltaj-el-aletleri"],"brands":[{"id":398,"name":"HAZET","slug":"hazet"}],"yoast_head":"<!-- This site is optimized with the Yoast SEO plugin v17.1 - https:\/\/yoast.com\/wordpress\/plugins\/seo\/ -->\n<title>Elektrikli ve Hybrid Ara\u00e7 Tak\u0131mlar\u0131HAZET (Born in GERMANY) - Bak\u0131rc\u0131 Garagineering<\/title>\n<meta name=\"robots\" content=\"index, follow, max-snippet:-1, max-image-preview:large, max-video-preview:-1\" \/>\n<link rel=\"canonical\" href=\"https:\/\/bakirci.com\/ekipman\/servis-ekipmanlari\/genel\/el-aletleri\/elektrikli-ve-hybrid-arac-takimlari\/\" \/>\n<meta property=\"og:locale\" content=\"tr_TR\" \/>\n<meta property=\"og:type\" content=\"article\" \/>\n<meta property=\"og:title\" content=\"Elektrikli ve Hybrid Ara\u00e7 Tak\u0131mlar\u0131HAZET (Born in GERMANY) - Bak\u0131rc\u0131 Garagineering\" \/>\n<meta property=\"og:description\" content=\"Elektrikli ve Hybrid Ara\u00e7 Tak\u0131mlar\u0131  Elektrikli ve Hybrid ara\u00e7lardaki, y\u00fcksek voltaj ile \u00e7al\u0131\u015fan mod\u00fcllerin s\u00f6k\u00fcl\u00fcp tak\u0131lmas\u0131 ve onar\u0131m\u0131 i\u00e7in y\u00fcksek voltaja dayan\u0131kl\u0131 ve her taraf\u0131 izole edilmi\u015f el aletleri kullan\u0131lmas\u0131 gerekmektedir.  Hazet, bu ihtiyaca y\u00f6nelik 1000V AC, 1500V DC voltajlar\u0131nda, g\u00fcvenli \u00e7al\u0131\u015fmaya uygun \u00f6zel tasar\u0131ml\u0131 el aletleri \u00fcretmektedir.\" \/>\n<meta property=\"og:url\" content=\"https:\/\/bakirci.com\/ekipman\/servis-ekipmanlari\/genel\/el-aletleri\/elektrikli-ve-hybrid-arac-takimlari\/\" \/>\n<meta property=\"og:site_name\" content=\"Bak\u0131rc\u0131 Garagineering\" \/>\n<meta property=\"article:publisher\" content=\"https:\/\/www.facebook.com\/bakirci.garagineering\" \/>\n<meta property=\"article:modified_time\" content=\"2021-10-30T13:44:40+00:00\" \/>\n<meta property=\"og:image\" content=\"https:\/\/bakirci.com\/ekipman\/wp-content\/uploads\/2021\/01\/Elektrikli-Hybrid-Arac-Takimlari.jpg\" \/>\n\t<meta property=\"og:image:width\" content=\"1200\" \/>\n\t<meta property=\"og:image:height\" content=\"611\" \/>\n<meta name=\"twitter:card\" content=\"summary_large_image\" \/>\n<meta name=\"twitter:label1\" content=\"Tahmini okuma s\u00fcresi\" \/>\n\t<meta name=\"twitter:data1\" content=\"1 dakika\" \/>\n<script type=\"application\/ld+json\" class=\"yoast-schema-graph\">{\"@context\":\"https:\/\/schema.org\",\"@graph\":[{\"@type\":\"Organization\",\"@id\":\"https:\/\/bakirci.com\/ekipman\/#organization\",\"name\":\"Bak\\u0131rc\\u0131 garagineering\",\"url\":\"https:\/\/bakirci.com\/ekipman\/\",\"sameAs\":[\"https:\/\/www.facebook.com\/bakirci.garagineering\",\"https:\/\/www.instagram.com\/bakirci.garagineering\/\",\"https:\/\/www.linkedin.com\/company\/bakirci-garagineering\/\",\"https:\/\/www.youtube.com\/channel\/UCiVG6s_jALJ6Zk8085XiOQg\"],\"logo\":{\"@type\":\"ImageObject\",\"@id\":\"https:\/\/bakirci.com\/ekipman\/#logo\",\"inLanguage\":\"tr\",\"url\":\"https:\/\/bakirci.com\/ekipman\/wp-content\/uploads\/2021\/09\/Bakirci-logo-lacivert.png\",\"contentUrl\":\"https:\/\/bakirci.com\/ekipman\/wp-content\/uploads\/2021\/09\/Bakirci-logo-lacivert.png\",\"width\":501,\"height\":501,\"caption\":\"Bak\\u0131rc\\u0131 garagineering\"},\"image\":{\"@id\":\"https:\/\/bakirci.com\/ekipman\/#logo\"}},{\"@type\":\"WebSite\",\"@id\":\"https:\/\/bakirci.com\/ekipman\/#website\",\"url\":\"https:\/\/bakirci.com\/ekipman\/\",\"name\":\"Bak\\u0131rc\\u0131 Garagineering\",\"description\":\"Otomotiv sekt\\u00f6r\\u00fcne \\u00f6zel, \\u201c\\u00dcretici Standard\\u0131nda\\u201d \\u00e7\\u00f6z\\u00fcmler\\u2026\",\"publisher\":{\"@id\":\"https:\/\/bakirci.com\/ekipman\/#organization\"},\"potentialAction\":[{\"@type\":\"SearchAction\",\"target\":{\"@type\":\"EntryPoint\",\"urlTemplate\":\"https:\/\/bakirci.com\/ekipman\/?s={search_term_string}\"},\"query-input\":\"required name=search_term_string\"}],\"inLanguage\":\"tr\"},{\"@type\":\"ImageObject\",\"@id\":\"https:\/\/bakirci.com\/ekipman\/servis-ekipmanlari\/genel\/el-aletleri\/elektrikli-ve-hybrid-arac-takimlari\/#primaryimage\",\"inLanguage\":\"tr\",\"url\":\"https:\/\/bakirci.com\/ekipman\/wp-content\/uploads\/2021\/01\/Elektrikli-Hybrid-Arac-Takimlari.jpg\",\"contentUrl\":\"https:\/\/bakirci.com\/ekipman\/wp-content\/uploads\/2021\/01\/Elektrikli-Hybrid-Arac-Takimlari.jpg\",\"width\":1200,\"height\":611},{\"@type\":\"WebPage\",\"@id\":\"https:\/\/bakirci.com\/ekipman\/servis-ekipmanlari\/genel\/el-aletleri\/elektrikli-ve-hybrid-arac-takimlari\/#webpage\",\"url\":\"https:\/\/bakirci.com\/ekipman\/servis-ekipmanlari\/genel\/el-aletleri\/elektrikli-ve-hybrid-arac-takimlari\/\",\"name\":\"Elektrikli ve Hybrid Ara\\u00e7 Tak\\u0131mlar\\u0131 HAZET (Born in GERMANY) - Bak\\u0131rc\\u0131 Garagineering\",\"isPartOf\":{\"@id\":\"https:\/\/bakirci.com\/ekipman\/#website\"},\"primaryImageOfPage\":{\"@id\":\"https:\/\/bakirci.com\/ekipman\/servis-ekipmanlari\/genel\/el-aletleri\/elektrikli-ve-hybrid-arac-takimlari\/#primaryimage\"},\"datePublished\":\"2021-01-01T02:33:28+00:00\",\"dateModified\":\"2021-10-30T13:44:40+00:00\",\"breadcrumb\":{\"@id\":\"https:\/\/bakirci.com\/ekipman\/servis-ekipmanlari\/genel\/el-aletleri\/elektrikli-ve-hybrid-arac-takimlari\/#breadcrumb\"},\"inLanguage\":\"tr\",\"potentialAction\":[{\"@type\":\"ReadAction\",\"target\":[\"https:\/\/bakirci.com\/ekipman\/servis-ekipmanlari\/genel\/el-aletleri\/elektrikli-ve-hybrid-arac-takimlari\/\"]}]},{\"@type\":\"BreadcrumbList\",\"@id\":\"https:\/\/bakirci.com\/ekipman\/servis-ekipmanlari\/genel\/el-aletleri\/elektrikli-ve-hybrid-arac-takimlari\/#breadcrumb\",\"itemListElement\":[{\"@type\":\"ListItem\",\"position\":1,\"name\":\"Ekipman\",\"item\":\"https:\/\/bakirci.com\/ekipman\/\"},{\"@type\":\"ListItem\",\"position\":2,\"name\":\"Otomotiv Tesisleri \\u0130\\u00e7in Servis Ekipmanlar\\u0131\",\"item\":\"https:\/\/bakirci.com\/ekipman\/\"},{\"@type\":\"ListItem\",\"position\":3,\"name\":\"Elektrikli ve Hybrid Ara\\u00e7 Tak\\u0131mlar\\u0131HAZET (Born in GERMANY)\"}]}]}<\/script>\n<!-- \/ Yoast SEO plugin. -->","yoast_head_json":{"title":"Elektrikli ve Hybrid Ara\u00e7 Tak\u0131mlar\u0131HAZET (Born in GERMANY) - Bak\u0131rc\u0131 Garagineering","robots":{"index":"index","follow":"follow","max-snippet":"max-snippet:-1","max-image-preview":"max-image-preview:large","max-video-preview":"max-video-preview:-1"},"canonical":"https:\/\/bakirci.com\/ekipman\/servis-ekipmanlari\/genel\/el-aletleri\/elektrikli-ve-hybrid-arac-takimlari\/","og_locale":"tr_TR","og_type":"article","og_title":"Elektrikli ve Hybrid Ara\u00e7 Tak\u0131mlar\u0131HAZET (Born in GERMANY) - Bak\u0131rc\u0131 Garagineering","og_description":"Elektrikli ve Hybrid Ara\u00e7 Tak\u0131mlar\u0131  Elektrikli ve Hybrid ara\u00e7lardaki, y\u00fcksek voltaj ile \u00e7al\u0131\u015fan mod\u00fcllerin s\u00f6k\u00fcl\u00fcp tak\u0131lmas\u0131 ve onar\u0131m\u0131 i\u00e7in y\u00fcksek voltaja dayan\u0131kl\u0131 ve her taraf\u0131 izole edilmi\u015f el aletleri kullan\u0131lmas\u0131 gerekmektedir.  Hazet, bu ihtiyaca y\u00f6nelik 1000V AC, 1500V DC voltajlar\u0131nda, g\u00fcvenli \u00e7al\u0131\u015fmaya uygun \u00f6zel tasar\u0131ml\u0131 el aletleri \u00fcretmektedir.","og_url":"https:\/\/bakirci.com\/ekipman\/servis-ekipmanlari\/genel\/el-aletleri\/elektrikli-ve-hybrid-arac-takimlari\/","og_site_name":"Bak\u0131rc\u0131 Garagineering","article_publisher":"https:\/\/www.facebook.com\/bakirci.garagineering","article_modified_time":"2021-10-30T13:44:40+00:00","og_image":[{"width":1200,"height":611,"url":"https:\/\/bakirci.com\/ekipman\/wp-content\/uploads\/2021\/01\/Elektrikli-Hybrid-Arac-Takimlari.jpg","path":"\/home\/bakirciwebsitesi\/public_html\/ekipman\/wp-content\/uploads\/2021\/01\/Elektrikli-Hybrid-Arac-Takimlari.jpg","size":"full","id":5085,"alt":"","pixels":733200,"type":"image\/jpeg"}],"twitter_card":"summary_large_image","twitter_misc":{"Tahmini okuma s\u00fcresi":"1 dakika"},"schema":{"@context":"https:\/\/schema.org","@graph":[{"@type":"Organization","@id":"https:\/\/bakirci.com\/ekipman\/#organization","name":"Bak\u0131rc\u0131 garagineering","url":"https:\/\/bakirci.com\/ekipman\/","sameAs":["https:\/\/www.facebook.com\/bakirci.garagineering","https:\/\/www.instagram.com\/bakirci.garagineering\/","https:\/\/www.linkedin.com\/company\/bakirci-garagineering\/","https:\/\/www.youtube.com\/channel\/UCiVG6s_jALJ6Zk8085XiOQg"],"logo":{"@type":"ImageObject","@id":"https:\/\/bakirci.com\/ekipman\/#logo","inLanguage":"tr","url":"https:\/\/bakirci.com\/ekipman\/wp-content\/uploads\/2021\/09\/Bakirci-logo-lacivert.png","contentUrl":"https:\/\/bakirci.com\/ekipman\/wp-content\/uploads\/2021\/09\/Bakirci-logo-lacivert.png","width":501,"height":501,"caption":"Bak\u0131rc\u0131 garagineering"},"image":{"@id":"https:\/\/bakirci.com\/ekipman\/#logo"}},{"@type":"WebSite","@id":"https:\/\/bakirci.com\/ekipman\/#website","url":"https:\/\/bakirci.com\/ekipman\/","name":"Bak\u0131rc\u0131 Garagineering","description":"Otomotiv sekt\u00f6r\u00fcne \u00f6zel, \u201c\u00dcretici Standard\u0131nda\u201d \u00e7\u00f6z\u00fcmler\u2026","publisher":{"@id":"https:\/\/bakirci.com\/ekipman\/#organization"},"potentialAction":[{"@type":"SearchAction","target":{"@type":"EntryPoint","urlTemplate":"https:\/\/bakirci.com\/ekipman\/?s={search_term_string}"},"query-input":"required name=search_term_string"}],"inLanguage":"tr"},{"@type":"ImageObject","@id":"https:\/\/bakirci.com\/ekipman\/servis-ekipmanlari\/genel\/el-aletleri\/elektrikli-ve-hybrid-arac-takimlari\/#primaryimage","inLanguage":"tr","url":"https:\/\/bakirci.com\/ekipman\/wp-content\/uploads\/2021\/01\/Elektrikli-Hybrid-Arac-Takimlari.jpg","contentUrl":"https:\/\/bakirci.com\/ekipman\/wp-content\/uploads\/2021\/01\/Elektrikli-Hybrid-Arac-Takimlari.jpg","width":1200,"height":611},{"@type":"WebPage","@id":"https:\/\/bakirci.com\/ekipman\/servis-ekipmanlari\/genel\/el-aletleri\/elektrikli-ve-hybrid-arac-takimlari\/#webpage","url":"https:\/\/bakirci.com\/ekipman\/servis-ekipmanlari\/genel\/el-aletleri\/elektrikli-ve-hybrid-arac-takimlari\/","name":"Elektrikli ve Hybrid Ara\u00e7 Tak\u0131mlar\u0131 HAZET (Born in GERMANY) - Bak\u0131rc\u0131 Garagineering","isPartOf":{"@id":"https:\/\/bakirci.com\/ekipman\/#website"},"primaryImageOfPage":{"@id":"https:\/\/bakirci.com\/ekipman\/servis-ekipmanlari\/genel\/el-aletleri\/elektrikli-ve-hybrid-arac-takimlari\/#primaryimage"},"datePublished":"2021-01-01T02:33:28+00:00","dateModified":"2021-10-30T13:44:40+00:00","breadcrumb":{"@id":"https:\/\/bakirci.com\/ekipman\/servis-ekipmanlari\/genel\/el-aletleri\/elektrikli-ve-hybrid-arac-takimlari\/#breadcrumb"},"inLanguage":"tr","potentialAction":[{"@type":"ReadAction","target":["https:\/\/bakirci.com\/ekipman\/servis-ekipmanlari\/genel\/el-aletleri\/elektrikli-ve-hybrid-arac-takimlari\/"]}]},{"@type":"BreadcrumbList","@id":"https:\/\/bakirci.com\/ekipman\/servis-ekipmanlari\/genel\/el-aletleri\/elektrikli-ve-hybrid-arac-takimlari\/#breadcrumb","itemListElement":[{"@type":"ListItem","position":1,"name":"Ekipman","item":"https:\/\/bakirci.com\/ekipman\/"},{"@type":"ListItem","position":2,"name":"Otomotiv Tesisleri \u0130\u00e7in Servis Ekipmanlar\u0131","item":"https:\/\/bakirci.com\/ekipman\/"},{"@type":"ListItem","position":3,"name":"Elektrikli ve Hybrid Ara\u00e7 Tak\u0131mlar\u0131HAZET (Born in GERMANY)"}]}]}},"_links":{"self":[{"href":"https:\/\/bakirci.com\/ekipman\/wp-json\/wp\/v2\/product\/4822","targetHints":{"allow":["GET"]}}],"collection":[{"href":"https:\/\/bakirci.com\/ekipman\/wp-json\/wp\/v2\/product"}],"about":[{"href":"https:\/\/bakirci.com\/ekipman\/wp-json\/wp\/v2\/types\/product"}],"replies":[{"embeddable":true,"href":"https:\/\/bakirci.com\/ekipman\/wp-json\/wp\/v2\/comments?post=4822"}],"wp:featuredmedia":[{"embeddable":true,"href":"https:\/\/bakirci.com\/ekipman\/wp-json\/wp\/v2\/media\/5085"}],"wp:attachment":[{"href":"https:\/\/bakirci.com\/ekipman\/wp-json\/wp\/v2\/media?parent=4822"}],"wp:term":[{"taxonomy":"product_cat","embeddable":true,"href":"https:\/\/bakirci.com\/ekipman\/wp-json\/wp\/v2\/product_cat?post=4822"},{"taxonomy":"product_tag","embeddable":true,"href":"https:\/\/bakirci.com\/ekipman\/wp-json\/wp\/v2\/product_tag?post=4822"}],"curies":[{"name":"wp","href":"https:\/\/api.w.org\/{rel}","templated":true}]}}