{"id":4820,"date":"2021-01-01T02:25:17","date_gmt":"2021-01-01T02:25:17","guid":{"rendered":"https:\/\/j6l.65c.myftpupload.com\/?post_type=product&#038;p=4820"},"modified":"2021-10-30T13:44:11","modified_gmt":"2021-10-30T13:44:11","slug":"dijital-tork-anahtari-stahlwille","status":"publish","type":"product","link":"https:\/\/bakirci.com\/ekipman\/servis-ekipmanlari\/genel\/el-aletleri\/dijital-tork-anahtari-stahlwille\/","title":{"rendered":"<p class=\"ustmetin\">Dijital Tork Anahtar\u0131<\/p><p class=\"ortametin\">STAHLWILLE <span class=\"ortametin2\">(Born in GERMANY)<\/span><p class=\"altmetin\"><\/p>"},"content":{"rendered":"<ul>\n<li>Dijital Tork Anahtar\u0131<\/li>\n<li>Patentli, y\u00fcksek teknolojili \u00e7al\u0131\u015fma mekanizmas\u0131<\/li>\n<li>\u00d6zel teknolojisi sayesinde, bo\u015ftayken y\u00fck alt\u0131nda bulunmayan, kalibre edilebilir sistem<\/li>\n<li>Dijital g\u00f6sterge ve panel \u00fczerinden ayar imkan\u0131<\/li>\n<li>\u0130stenilen tork kuvvetine gelindi\u011finde akustik sinyal ve renkli uyar\u0131 sistemi<\/li>\n<li>Tork anahtar\u0131 \u00fczerinde, haf\u0131zada 7500 adete kadar \u00f6l\u00e7\u00fcmlerin saklanabilmesi ve istenildi\u011finde<\/li>\n<li>USB ba\u011flant\u0131 ile bilgisayara aktar\u0131labilmesi<\/li>\n<li>Tork anahtarlar\u0131na pin numaras\u0131 ile giri\u015f yaparak kullan\u0131c\u0131 verilerinin olu\u015fturulmas\u0131<\/li>\n<li>H\u0131zl\u0131 s\u00f6k\u00fcl\u00fcp tak\u0131labilen c\u0131rc\u0131r kafalar\u0131<\/li>\n<li>\u00d6zel u\u00e7 setlerinin her iki y\u00f6nde kullan\u0131m\u0131<\/li>\n<\/ul>\n","protected":false},"excerpt":{"rendered":"<ul>\n<li>Dijital Tork Anahtar\u0131<\/li>\n<li>Patentli, y\u00fcksek teknolojili \u00e7al\u0131\u015fma mekanizmas\u0131<\/li>\n<li>\u00d6zel teknolojisi sayesinde, bo\u015ftayken y\u00fck alt\u0131nda bulunmayan, kalibre edilebilir sistem<\/li>\n<li>Dijital g\u00f6sterge ve panel \u00fczerinden ayar imkan\u0131<\/li>\n<li>\u0130stenilen tork kuvvetine gelindi\u011finde akustik sinyal ve renkli uyar\u0131 sistemi<\/li>\n<li>Tork anahtar\u0131 \u00fczerinde, haf\u0131zada 7500 adete kadar \u00f6l\u00e7\u00fcmlerin saklanabilmesi ve istenildi\u011finde<\/li>\n<li>USB ba\u011flant\u0131 ile bilgisayara aktar\u0131labilmesi<\/li>\n<li>Tork anahtarlar\u0131na pin numaras\u0131 ile giri\u015f yaparak kullan\u0131c\u0131 verilerinin olu\u015fturulmas\u0131<\/li>\n<li>H\u0131zl\u0131 s\u00f6k\u00fcl\u00fcp tak\u0131labilen c\u0131rc\u0131r kafalar\u0131<\/li>\n<li>\u00d6zel u\u00e7 setlerinin her iki y\u00f6nde kullan\u0131m\u0131<\/li>\n<\/ul>\n","protected":false},"featured_media":5084,"comment_status":"closed","ping_status":"closed","template":"","meta":[],"product_cat":[183],"product_tag":[770,771,767,781,768,777,765,759,783,763,778,779,772,766,784,762,764,780,785,775,776,782,397,753,758,761,773,769,774,760],"class_list":["post-4820","product","type-product","status-publish","has-post-thumbnail","hentry","pwb-brand-stahlwille","product_cat-el-aletleri","product_tag-allen-anahtar","product_tag-alyen-anahtar","product_tag-anahtar-takimi","product_tag-buji-lokmasi","product_tag-cekic-seti","product_tag-cektirme","product_tag-elektrikci-el-aleti-seti","product_tag-elektrikli-arac-takimlari","product_tag-havali-lokma","product_tag-kaportaci-el-aleti-seti","product_tag-klavuz-pafta-takimi","product_tag-levye","product_tag-lokma-seti","product_tag-lokma-takimi","product_tag-lokmalar","product_tag-mekanik-el-aleti-seti","product_tag-motor-el-aleti-seti","product_tag-ozel-alet","product_tag-papagan-pense","product_tag-pense","product_tag-segman-pensesi","product_tag-servis-el-aletleri","product_tag-stahlwille","product_tag-takim-arabasi","product_tag-takim-dolaplari","product_tag-torkmetreler","product_tag-tornavida-seti","product_tag-torx-anahtar-seti","product_tag-yan-keski","product_tag-yuksek-voltaj-el-aletleri"],"brands":[{"id":396,"name":"STAHLWILLE","slug":"stahlwille"}],"yoast_head":"<!-- This site is optimized with the Yoast SEO plugin v17.1 - https:\/\/yoast.com\/wordpress\/plugins\/seo\/ -->\n<title>Dijital Tork Anahtar\u0131STAHLWILLE (Born in GERMANY) - Bak\u0131rc\u0131 Garagineering<\/title>\n<meta name=\"robots\" content=\"index, follow, max-snippet:-1, max-image-preview:large, max-video-preview:-1\" \/>\n<link rel=\"canonical\" href=\"https:\/\/bakirci.com\/ekipman\/servis-ekipmanlari\/genel\/el-aletleri\/dijital-tork-anahtari-stahlwille\/\" \/>\n<meta property=\"og:locale\" content=\"tr_TR\" \/>\n<meta property=\"og:type\" content=\"article\" \/>\n<meta property=\"og:title\" content=\"Dijital Tork Anahtar\u0131STAHLWILLE (Born in GERMANY) - Bak\u0131rc\u0131 Garagineering\" \/>\n<meta property=\"og:description\" content=\"Dijital Tork Anahtar\u0131  Patentli, y\u00fcksek teknolojili \u00e7al\u0131\u015fma mekanizmas\u0131  \u00d6zel teknolojisi sayesinde, bo\u015ftayken y\u00fck alt\u0131nda bulunmayan, kalibre edilebilir sistem  Dijital g\u00f6sterge ve panel \u00fczerinden ayar imkan\u0131  \u0130stenilen tork kuvvetine gelindi\u011finde akustik sinyal ve renkli uyar\u0131 sistemi  Tork anahtar\u0131 \u00fczerinde, haf\u0131zada 7500 adete kadar \u00f6l\u00e7\u00fcmlerin saklanabilmesi ve istenildi\u011finde  USB ba\u011flant\u0131 ile bilgisayara aktar\u0131labilmesi  Tork anahtarlar\u0131na pin numaras\u0131 ile giri\u015f yaparak kullan\u0131c\u0131 verilerinin olu\u015fturulmas\u0131  H\u0131zl\u0131 s\u00f6k\u00fcl\u00fcp tak\u0131labilen c\u0131rc\u0131r kafalar\u0131  \u00d6zel u\u00e7 setlerinin her iki y\u00f6nde kullan\u0131m\u0131\" \/>\n<meta property=\"og:url\" content=\"https:\/\/bakirci.com\/ekipman\/servis-ekipmanlari\/genel\/el-aletleri\/dijital-tork-anahtari-stahlwille\/\" \/>\n<meta property=\"og:site_name\" content=\"Bak\u0131rc\u0131 Garagineering\" \/>\n<meta property=\"article:publisher\" content=\"https:\/\/www.facebook.com\/bakirci.garagineering\" \/>\n<meta property=\"article:modified_time\" content=\"2021-10-30T13:44:11+00:00\" \/>\n<meta property=\"og:image\" content=\"https:\/\/bakirci.com\/ekipman\/wp-content\/uploads\/2021\/01\/Dijital-Tork-Anahtari.jpg\" \/>\n\t<meta property=\"og:image:width\" content=\"1200\" \/>\n\t<meta property=\"og:image:height\" content=\"613\" \/>\n<meta name=\"twitter:card\" content=\"summary_large_image\" \/>\n<meta name=\"twitter:label1\" content=\"Tahmini okuma s\u00fcresi\" \/>\n\t<meta name=\"twitter:data1\" content=\"1 dakika\" \/>\n<script type=\"application\/ld+json\" class=\"yoast-schema-graph\">{\"@context\":\"https:\/\/schema.org\",\"@graph\":[{\"@type\":\"Organization\",\"@id\":\"https:\/\/bakirci.com\/ekipman\/#organization\",\"name\":\"Bak\\u0131rc\\u0131 garagineering\",\"url\":\"https:\/\/bakirci.com\/ekipman\/\",\"sameAs\":[\"https:\/\/www.facebook.com\/bakirci.garagineering\",\"https:\/\/www.instagram.com\/bakirci.garagineering\/\",\"https:\/\/www.linkedin.com\/company\/bakirci-garagineering\/\",\"https:\/\/www.youtube.com\/channel\/UCiVG6s_jALJ6Zk8085XiOQg\"],\"logo\":{\"@type\":\"ImageObject\",\"@id\":\"https:\/\/bakirci.com\/ekipman\/#logo\",\"inLanguage\":\"tr\",\"url\":\"https:\/\/bakirci.com\/ekipman\/wp-content\/uploads\/2021\/09\/Bakirci-logo-lacivert.png\",\"contentUrl\":\"https:\/\/bakirci.com\/ekipman\/wp-content\/uploads\/2021\/09\/Bakirci-logo-lacivert.png\",\"width\":501,\"height\":501,\"caption\":\"Bak\\u0131rc\\u0131 garagineering\"},\"image\":{\"@id\":\"https:\/\/bakirci.com\/ekipman\/#logo\"}},{\"@type\":\"WebSite\",\"@id\":\"https:\/\/bakirci.com\/ekipman\/#website\",\"url\":\"https:\/\/bakirci.com\/ekipman\/\",\"name\":\"Bak\\u0131rc\\u0131 Garagineering\",\"description\":\"Otomotiv sekt\\u00f6r\\u00fcne \\u00f6zel, \\u201c\\u00dcretici Standard\\u0131nda\\u201d \\u00e7\\u00f6z\\u00fcmler\\u2026\",\"publisher\":{\"@id\":\"https:\/\/bakirci.com\/ekipman\/#organization\"},\"potentialAction\":[{\"@type\":\"SearchAction\",\"target\":{\"@type\":\"EntryPoint\",\"urlTemplate\":\"https:\/\/bakirci.com\/ekipman\/?s={search_term_string}\"},\"query-input\":\"required name=search_term_string\"}],\"inLanguage\":\"tr\"},{\"@type\":\"ImageObject\",\"@id\":\"https:\/\/bakirci.com\/ekipman\/servis-ekipmanlari\/genel\/el-aletleri\/dijital-tork-anahtari-stahlwille\/#primaryimage\",\"inLanguage\":\"tr\",\"url\":\"https:\/\/bakirci.com\/ekipman\/wp-content\/uploads\/2021\/01\/Dijital-Tork-Anahtari.jpg\",\"contentUrl\":\"https:\/\/bakirci.com\/ekipman\/wp-content\/uploads\/2021\/01\/Dijital-Tork-Anahtari.jpg\",\"width\":1200,\"height\":613},{\"@type\":\"WebPage\",\"@id\":\"https:\/\/bakirci.com\/ekipman\/servis-ekipmanlari\/genel\/el-aletleri\/dijital-tork-anahtari-stahlwille\/#webpage\",\"url\":\"https:\/\/bakirci.com\/ekipman\/servis-ekipmanlari\/genel\/el-aletleri\/dijital-tork-anahtari-stahlwille\/\",\"name\":\"Dijital Tork Anahtar\\u0131 STAHLWILLE (Born in GERMANY) - Bak\\u0131rc\\u0131 Garagineering\",\"isPartOf\":{\"@id\":\"https:\/\/bakirci.com\/ekipman\/#website\"},\"primaryImageOfPage\":{\"@id\":\"https:\/\/bakirci.com\/ekipman\/servis-ekipmanlari\/genel\/el-aletleri\/dijital-tork-anahtari-stahlwille\/#primaryimage\"},\"datePublished\":\"2021-01-01T02:25:17+00:00\",\"dateModified\":\"2021-10-30T13:44:11+00:00\",\"breadcrumb\":{\"@id\":\"https:\/\/bakirci.com\/ekipman\/servis-ekipmanlari\/genel\/el-aletleri\/dijital-tork-anahtari-stahlwille\/#breadcrumb\"},\"inLanguage\":\"tr\",\"potentialAction\":[{\"@type\":\"ReadAction\",\"target\":[\"https:\/\/bakirci.com\/ekipman\/servis-ekipmanlari\/genel\/el-aletleri\/dijital-tork-anahtari-stahlwille\/\"]}]},{\"@type\":\"BreadcrumbList\",\"@id\":\"https:\/\/bakirci.com\/ekipman\/servis-ekipmanlari\/genel\/el-aletleri\/dijital-tork-anahtari-stahlwille\/#breadcrumb\",\"itemListElement\":[{\"@type\":\"ListItem\",\"position\":1,\"name\":\"Ekipman\",\"item\":\"https:\/\/bakirci.com\/ekipman\/\"},{\"@type\":\"ListItem\",\"position\":2,\"name\":\"Otomotiv Tesisleri \\u0130\\u00e7in Servis Ekipmanlar\\u0131\",\"item\":\"https:\/\/bakirci.com\/ekipman\/\"},{\"@type\":\"ListItem\",\"position\":3,\"name\":\"Dijital Tork Anahtar\\u0131STAHLWILLE (Born in GERMANY)\"}]}]}<\/script>\n<!-- \/ Yoast SEO plugin. -->","yoast_head_json":{"title":"Dijital Tork Anahtar\u0131STAHLWILLE (Born in GERMANY) - Bak\u0131rc\u0131 Garagineering","robots":{"index":"index","follow":"follow","max-snippet":"max-snippet:-1","max-image-preview":"max-image-preview:large","max-video-preview":"max-video-preview:-1"},"canonical":"https:\/\/bakirci.com\/ekipman\/servis-ekipmanlari\/genel\/el-aletleri\/dijital-tork-anahtari-stahlwille\/","og_locale":"tr_TR","og_type":"article","og_title":"Dijital Tork Anahtar\u0131STAHLWILLE (Born in GERMANY) - Bak\u0131rc\u0131 Garagineering","og_description":"Dijital Tork Anahtar\u0131  Patentli, y\u00fcksek teknolojili \u00e7al\u0131\u015fma mekanizmas\u0131  \u00d6zel teknolojisi sayesinde, bo\u015ftayken y\u00fck alt\u0131nda bulunmayan, kalibre edilebilir sistem  Dijital g\u00f6sterge ve panel \u00fczerinden ayar imkan\u0131  \u0130stenilen tork kuvvetine gelindi\u011finde akustik sinyal ve renkli uyar\u0131 sistemi  Tork anahtar\u0131 \u00fczerinde, haf\u0131zada 7500 adete kadar \u00f6l\u00e7\u00fcmlerin saklanabilmesi ve istenildi\u011finde  USB ba\u011flant\u0131 ile bilgisayara aktar\u0131labilmesi  Tork anahtarlar\u0131na pin numaras\u0131 ile giri\u015f yaparak kullan\u0131c\u0131 verilerinin olu\u015fturulmas\u0131  H\u0131zl\u0131 s\u00f6k\u00fcl\u00fcp tak\u0131labilen c\u0131rc\u0131r kafalar\u0131  \u00d6zel u\u00e7 setlerinin her iki y\u00f6nde kullan\u0131m\u0131","og_url":"https:\/\/bakirci.com\/ekipman\/servis-ekipmanlari\/genel\/el-aletleri\/dijital-tork-anahtari-stahlwille\/","og_site_name":"Bak\u0131rc\u0131 Garagineering","article_publisher":"https:\/\/www.facebook.com\/bakirci.garagineering","article_modified_time":"2021-10-30T13:44:11+00:00","og_image":[{"width":1200,"height":613,"url":"https:\/\/bakirci.com\/ekipman\/wp-content\/uploads\/2021\/01\/Dijital-Tork-Anahtari.jpg","path":"\/home\/bakirciwebsitesi\/public_html\/ekipman\/wp-content\/uploads\/2021\/01\/Dijital-Tork-Anahtari.jpg","size":"full","id":5084,"alt":"","pixels":735600,"type":"image\/jpeg"}],"twitter_card":"summary_large_image","twitter_misc":{"Tahmini okuma s\u00fcresi":"1 dakika"},"schema":{"@context":"https:\/\/schema.org","@graph":[{"@type":"Organization","@id":"https:\/\/bakirci.com\/ekipman\/#organization","name":"Bak\u0131rc\u0131 garagineering","url":"https:\/\/bakirci.com\/ekipman\/","sameAs":["https:\/\/www.facebook.com\/bakirci.garagineering","https:\/\/www.instagram.com\/bakirci.garagineering\/","https:\/\/www.linkedin.com\/company\/bakirci-garagineering\/","https:\/\/www.youtube.com\/channel\/UCiVG6s_jALJ6Zk8085XiOQg"],"logo":{"@type":"ImageObject","@id":"https:\/\/bakirci.com\/ekipman\/#logo","inLanguage":"tr","url":"https:\/\/bakirci.com\/ekipman\/wp-content\/uploads\/2021\/09\/Bakirci-logo-lacivert.png","contentUrl":"https:\/\/bakirci.com\/ekipman\/wp-content\/uploads\/2021\/09\/Bakirci-logo-lacivert.png","width":501,"height":501,"caption":"Bak\u0131rc\u0131 garagineering"},"image":{"@id":"https:\/\/bakirci.com\/ekipman\/#logo"}},{"@type":"WebSite","@id":"https:\/\/bakirci.com\/ekipman\/#website","url":"https:\/\/bakirci.com\/ekipman\/","name":"Bak\u0131rc\u0131 Garagineering","description":"Otomotiv sekt\u00f6r\u00fcne \u00f6zel, \u201c\u00dcretici Standard\u0131nda\u201d \u00e7\u00f6z\u00fcmler\u2026","publisher":{"@id":"https:\/\/bakirci.com\/ekipman\/#organization"},"potentialAction":[{"@type":"SearchAction","target":{"@type":"EntryPoint","urlTemplate":"https:\/\/bakirci.com\/ekipman\/?s={search_term_string}"},"query-input":"required name=search_term_string"}],"inLanguage":"tr"},{"@type":"ImageObject","@id":"https:\/\/bakirci.com\/ekipman\/servis-ekipmanlari\/genel\/el-aletleri\/dijital-tork-anahtari-stahlwille\/#primaryimage","inLanguage":"tr","url":"https:\/\/bakirci.com\/ekipman\/wp-content\/uploads\/2021\/01\/Dijital-Tork-Anahtari.jpg","contentUrl":"https:\/\/bakirci.com\/ekipman\/wp-content\/uploads\/2021\/01\/Dijital-Tork-Anahtari.jpg","width":1200,"height":613},{"@type":"WebPage","@id":"https:\/\/bakirci.com\/ekipman\/servis-ekipmanlari\/genel\/el-aletleri\/dijital-tork-anahtari-stahlwille\/#webpage","url":"https:\/\/bakirci.com\/ekipman\/servis-ekipmanlari\/genel\/el-aletleri\/dijital-tork-anahtari-stahlwille\/","name":"Dijital Tork Anahtar\u0131 STAHLWILLE (Born in GERMANY) - Bak\u0131rc\u0131 Garagineering","isPartOf":{"@id":"https:\/\/bakirci.com\/ekipman\/#website"},"primaryImageOfPage":{"@id":"https:\/\/bakirci.com\/ekipman\/servis-ekipmanlari\/genel\/el-aletleri\/dijital-tork-anahtari-stahlwille\/#primaryimage"},"datePublished":"2021-01-01T02:25:17+00:00","dateModified":"2021-10-30T13:44:11+00:00","breadcrumb":{"@id":"https:\/\/bakirci.com\/ekipman\/servis-ekipmanlari\/genel\/el-aletleri\/dijital-tork-anahtari-stahlwille\/#breadcrumb"},"inLanguage":"tr","potentialAction":[{"@type":"ReadAction","target":["https:\/\/bakirci.com\/ekipman\/servis-ekipmanlari\/genel\/el-aletleri\/dijital-tork-anahtari-stahlwille\/"]}]},{"@type":"BreadcrumbList","@id":"https:\/\/bakirci.com\/ekipman\/servis-ekipmanlari\/genel\/el-aletleri\/dijital-tork-anahtari-stahlwille\/#breadcrumb","itemListElement":[{"@type":"ListItem","position":1,"name":"Ekipman","item":"https:\/\/bakirci.com\/ekipman\/"},{"@type":"ListItem","position":2,"name":"Otomotiv Tesisleri \u0130\u00e7in Servis Ekipmanlar\u0131","item":"https:\/\/bakirci.com\/ekipman\/"},{"@type":"ListItem","position":3,"name":"Dijital Tork Anahtar\u0131STAHLWILLE (Born in GERMANY)"}]}]}},"_links":{"self":[{"href":"https:\/\/bakirci.com\/ekipman\/wp-json\/wp\/v2\/product\/4820","targetHints":{"allow":["GET"]}}],"collection":[{"href":"https:\/\/bakirci.com\/ekipman\/wp-json\/wp\/v2\/product"}],"about":[{"href":"https:\/\/bakirci.com\/ekipman\/wp-json\/wp\/v2\/types\/product"}],"replies":[{"embeddable":true,"href":"https:\/\/bakirci.com\/ekipman\/wp-json\/wp\/v2\/comments?post=4820"}],"wp:featuredmedia":[{"embeddable":true,"href":"https:\/\/bakirci.com\/ekipman\/wp-json\/wp\/v2\/media\/5084"}],"wp:attachment":[{"href":"https:\/\/bakirci.com\/ekipman\/wp-json\/wp\/v2\/media?parent=4820"}],"wp:term":[{"taxonomy":"product_cat","embeddable":true,"href":"https:\/\/bakirci.com\/ekipman\/wp-json\/wp\/v2\/product_cat?post=4820"},{"taxonomy":"product_tag","embeddable":true,"href":"https:\/\/bakirci.com\/ekipman\/wp-json\/wp\/v2\/product_tag?post=4820"}],"curies":[{"name":"wp","href":"https:\/\/api.w.org\/{rel}","templated":true}]}}